{"id":4024,"date":"2018-04-14T14:48:55","date_gmt":"2018-04-14T14:48:55","guid":{"rendered":"http:\/\/neu.champagner.eu\/?page_id=4024"},"modified":"2024-11-04T12:49:43","modified_gmt":"2024-11-04T12:49:43","slug":"citaty-o-sampanskem","status":"publish","type":"page","link":"https:\/\/champagner.com\/cs\/citaty-o-sampanskem\/","title":{"rendered":"Cit\u00e1ty o \u0161ampa\u0148sk\u00e9m"},"content":{"rendered":"<div id='av_section_1'  class='avia-section av-1vm8bwo-709c60fc6f16c735dfd76d953ff4f866 main_color avia-section-default avia-no-shadow  avia-builder-el-0  avia-builder-el-no-sibling  avia-bg-style-scroll container_wrap fullsize'  ><div class='container av-section-cont-open' ><main  role=\"main\" itemprop=\"mainContentOfPage\"  class='template-page content  av-content-full alpha units'><div class='post-entry post-entry-type-page post-entry-4024'><div class='entry-content-wrapper clearfix'>\n\n<style type=\"text\/css\" data-created_by=\"avia_inline_auto\" id=\"style-css-av-kjm0x5lx-0474c4b615aca0c6c294fa130940e623\">\n#top .av-special-heading.av-kjm0x5lx-0474c4b615aca0c6c294fa130940e623{\npadding-bottom:10px;\n}\nbody .av-special-heading.av-kjm0x5lx-0474c4b615aca0c6c294fa130940e623 .av-special-heading-tag .heading-char{\nfont-size:25px;\n}\n.av-special-heading.av-kjm0x5lx-0474c4b615aca0c6c294fa130940e623 .av-subheading{\nfont-size:15px;\n}\n<\/style>\n<div  class='av-special-heading av-kjm0x5lx-0474c4b615aca0c6c294fa130940e623 av-special-heading-h1 blockquote modern-quote modern-centered  avia-builder-el-1  el_before_av_hr  avia-builder-el-first'><h1 class='av-special-heading-tag'  itemprop=\"headline\"  >\u0160ampa\u0148sk\u00e9 cit\u00e1ty, - 47 nejkr\u00e1sn\u011bj\u0161\u00edch cit\u00e1t\u016f o \u0161ampa\u0148sk\u00e9m<\/h1><div class=\"special-heading-border\"><div class=\"special-heading-inner-border\"><\/div><\/div><\/div>\n\n<style type=\"text\/css\" data-created_by=\"avia_inline_auto\" id=\"style-css-av-1to74o-5b1b323b02642b480f2b98e85a27ee1b\">\n#top .hr.av-1to74o-5b1b323b02642b480f2b98e85a27ee1b{\nmargin-top:30px;\nmargin-bottom:30px;\n}\n.hr.av-1to74o-5b1b323b02642b480f2b98e85a27ee1b .hr-inner{\nwidth:100%;\nborder-color:#d2ae6f;\n}\n<\/style>\n<div  class='hr av-1to74o-5b1b323b02642b480f2b98e85a27ee1b hr-custom  avia-builder-el-2  el_after_av_heading  el_before_av_one_fifth  hr-center hr-icon-no'><span class='hr-inner inner-border-av-border-thin'><span class=\"hr-inner-style\"><\/span><\/span><\/div>\n\n<style type=\"text\/css\" data-created_by=\"avia_inline_auto\" id=\"style-css-av-1tmc0w8-8e6849036901409b1a0a2a8a275c0f7f\">\n.flex_column.av-1tmc0w8-8e6849036901409b1a0a2a8a275c0f7f{\nborder-radius:0px 0px 0px 0px;\npadding:0px 0px 0px 0px;\n}\n<\/style>\n<div  class='flex_column av-1tmc0w8-8e6849036901409b1a0a2a8a275c0f7f av_one_fifth  avia-builder-el-3  el_after_av_hr  el_before_av_three_fifth  first flex_column_div av-zero-column-padding'     ><\/div>\n<style type=\"text\/css\" data-created_by=\"avia_inline_auto\" id=\"style-css-av-1s2if7s-28ad02af04352e45d43dba7adba1b2c2\">\n.flex_column.av-1s2if7s-28ad02af04352e45d43dba7adba1b2c2{\nborder-radius:0px 0px 0px 0px;\npadding:0px 0px 0px 0px;\n}\n<\/style>\n<div  class='flex_column av-1s2if7s-28ad02af04352e45d43dba7adba1b2c2 av_three_fifth  avia-builder-el-4  el_after_av_one_fifth  el_before_av_one_fifth  flex_column_div av-zero-column-padding'     ><style type=\"text\/css\" data-created_by=\"avia_inline_auto\" id=\"style-css-av-1qqh64o-38b4cc4b3f7f53371d6d87f5e5a693f7\">\n#top .av-rotator-container.av-1qqh64o-38b4cc4b3f7f53371d6d87f5e5a693f7{\ntext-align:center;\n}\n#top #wrap_all .av-rotator-container.av-1qqh64o-38b4cc4b3f7f53371d6d87f5e5a693f7 .av-rotator-container-inner{\nfont-size:50px;\n}\n<\/style>\n<div  class='av-rotator-container av-rotation-container-center av-1qqh64o-38b4cc4b3f7f53371d6d87f5e5a693f7  avia-builder-el-5  avia-builder-el-no-sibling  av-fixed-rotator-width' data-interval='6' data-animation='0' data-fixwidth='1'><h3 class='av-rotator-container-inner'><span class='av-rotator-text av-rotator-multiline-off'>\n<span class='av-rotator-text-single av-642bq0-23840bb627bc40ab097f002d56409677 av-rotator-text-single-1' >Poj\u010f rychle, chutnaj\u00ed mi hv\u011bzdy! Dom Perignon<\/span>\n<span class='av-rotator-text-single av-1nfv6zs-2579cddb637190b57bcc52df719ef036 av-rotator-text-single-2' >Setkat se s Franklinem Rooseveltem bylo jako otev\u0159\u00edt prvn\u00ed l\u00e1hev \u0161ampa\u0148sk\u00e9ho, poznat ho bylo jako ho vyp\u00edt. Winston Churchill<\/span>\n<span class='av-rotator-text-single av-1kvnsjc-bfb9e8ca38419d94b837ec3e85844f58 av-rotator-text-single-3' >\u0160ampa\u0148sk\u00e9 je jedin\u00e1 v\u011bc, kter\u00e1 mi d\u011bl\u00e1 radost, kdy\u017e se c\u00edt\u00edm unaven\u00e1. Brigitte Bardot<\/span>\n<span class='av-rotator-text-single av-1iunemg-c169a417eb3cc3fd2bd801584949f5f6 av-rotator-text-single-4' >Pro\u010d piju \u0161ampa\u0148sk\u00e9 k sn\u00eddani? Copak to ned\u011bl\u00e1 ka\u017ed\u00fd? Noel Coward<\/span>\n<span class='av-rotator-text-single av-1ihkaqw-6ceea048659be1f491c9b87dfe7464bc av-rotator-text-single-5' >V \u017eivot\u011b ka\u017ed\u00e9 \u017eeny nastane chv\u00edle, kdy j\u00ed sta\u010d\u00ed jen sklenka \u0161ampa\u0148sk\u00e9ho. Bette Davisov\u00e1<\/span>\n<span class='av-rotator-text-single av-1gjmxqw-c7712ca1592047adddd6c509a5547c17 av-rotator-text-single-6' >\u0160ampa\u0148sk\u00e9 je jedn\u00edm z elegantn\u00edch dopl\u0148k\u016f \u017eivota. Charles Dickens<\/span>\n<span class='av-rotator-text-single av-1eryevs-6f2c2c454afb2c2240918936cc4cbf7e av-rotator-text-single-7' >\u0160ampa\u0148sk\u00e9! P\u0159i v\u00edt\u011bzstv\u00ed si ho zaslou\u017e\u00edte, p\u0159i por\u00e1\u017ece ho pot\u0159ebujete. Napoleon Bonaparte<\/span>\n<span class='av-rotator-text-single av-pdcbdk-438df945fd72362c5105d146561cc285 av-rotator-text-single-8' >\u0160ampa\u0148sk\u00e9 piju, kdy\u017e jsem \u0161\u0165astn\u00e1 i kdy\u017e jsem smutn\u00e1. N\u011bkdy ho piju, kdy\u017e jsem sama, a kdy\u017e m\u00e1m spole\u010dnost, nem\u016f\u017eu si ho nechat uj\u00edt. Kdy\u017e nem\u00e1m hlad, povzbud\u00edm si j\u00edm chu\u0165 k j\u00eddlu, a kdy\u017e m\u00e1m hlad, vychutn\u00e1v\u00e1m si ho. Ale jinak se ho nedot\u00fdk\u00e1m, jen kdy\u017e m\u00e1m \u017e\u00edze\u0148. Lily Bollinger<\/span>\n<span class='av-rotator-text-single av-1b0pstk-68f69bf2e861a2407c193ec58be604e4 av-rotator-text-single-9' >\u0160ampa\u0148sk\u00e9 je jedin\u00e9 v\u00edno, po jeho\u017e vypit\u00ed je \u017eena kr\u00e1sn\u00e1. Madame De Pompadour<\/span>\n<span class='av-rotator-text-single av-4jhae0-3b30ccb6c96e3dd9e5d66acaed9764ae av-rotator-text-single-10' >V\u0161eho moc \u0161kod\u00ed, ale p\u0159\u00edli\u0161 mnoho \u0161ampa\u0148sk\u00e9ho je tak akor\u00e1t. Mark Twain<\/span>\n<span class='av-rotator-text-single av-4cbvew-f732f36d26451329f1f827b85ab6560e av-rotator-text-single-11' >Pokud hled\u00e1te pravdu, je \u0161ampa\u0148sk\u00e9 lep\u0161\u00ed ne\u017e detektor l\u017ei. Graham Greene<\/span>\n<span class='av-rotator-text-single av-169ftig-b89f6c092205efc31662d1965a44a8e7 av-rotator-text-single-12' >Jedin\u00e9, \u010deho v \u017eivot\u011b lituji, je, \u017ee jsem nevypil dost \u0161ampa\u0148sk\u00e9ho. John Maynard Keynes<\/span>\n<span class='av-rotator-text-single av-154nuag-cdcd02581348af398a1bcfcafbbd0a08 av-rotator-text-single-13' >\u0160ampa\u0148sk\u00e9 piju jen dvakr\u00e1t, kdy\u017e jsem zamilovan\u00e1 a kdy\u017e nejsem. Coco Chanel<\/span>\n<span class='av-rotator-text-single av-13eqby0-84ebd35dda507963eecb1b9b5aed3cce av-rotator-text-single-14' >Pocit p\u0159\u00e1telstv\u00ed je jako b\u00fdt nacpan\u00fd hov\u011bz\u00ed pe\u010den\u00ed, l\u00e1ska je jako b\u00fdt o\u017eiven\u00fd \u0161ampa\u0148sk\u00fdm. Samuel Johnson<\/span>\n<span class='av-rotator-text-single av-11o0j2w-c12e8fb036a90f7c00083508fa44d683 av-rotator-text-single-15' >\u0160ampa\u0148sk\u00e9 s pomeran\u010dov\u00fdm d\u017eusem je skv\u011bl\u00fd n\u00e1poj. Pomeran\u010d \u0161ampa\u0148sk\u00e9 vylep\u0161uje. \u0160ampa\u0148sk\u00e9 rozhodn\u011b vylep\u0161uje pomeran\u010d. Philip, v\u00e9voda z Edinburghu<\/span>\n<span class='av-rotator-text-single av-zrbr0o-7f8a5cc9ec00cb9a2f8181e2c0d7542d av-rotator-text-single-16' >P\u00e1nov\u00e9, nebojujeme jen za Francii, ale tak\u00e9 za \u0161ampa\u0148sk\u00e9! Winston Churchill<\/span>\n<span class='av-rotator-text-single av-3ff13c-1cd5772594aec6d98dbd1fce072f9d95 av-rotator-text-single-17' >V ide\u00e1ln\u00edm sv\u011bt\u011b by ka\u017ed\u00fd ve\u010der vypil sklenku \u0161ampa\u0148sk\u00e9ho. Willie Gluckstern<\/span>\n<span class='av-rotator-text-single av-bi6ig-bf9452396b9843d5cea4a882f0d652f0 av-rotator-text-single-18' >Nalijte \u0161ampa\u0148sk\u00e9 a nechte jeho p\u011bnu stoupat jako tis\u00edce jisk\u0159iv\u00fdch, usm\u011bvav\u00fdch o\u010d\u00ed. Jared M. Brown<\/span>\n<span class='av-rotator-text-single av-umqy20-4e669a26c88195ae598041a2583240f5 av-rotator-text-single-19' >Nen\u00ed nic kr\u00e1sn\u011bj\u0161\u00edho ne\u017e z\u00e1pad slunce se sklenkou \u0161ampa\u0148sk\u00e9ho. Jared M. Brown<\/span>\n<span class='av-rotator-text-single av-syk0so-6298344df6a47561f434c8734f63907d av-rotator-text-single-20' >\u0160ampa\u0148sk\u00e9, kr\u00e1l v\u00edn a v\u00edno kr\u00e1l\u016f. Kn\u00ed\u017ee Orlofsk\u00fd<\/span>\n<span class='av-rotator-text-single av-qvzwpk-09ed23dffd1cdc130e9cc284c83e2007 av-rotator-text-single-21' >\u0160ampa\u0148sk\u00e9 by m\u011blo b\u00fdt studen\u00e9, such\u00e9 a doufejme, \u017ee bez obsahu alkoholu. Christian Pol Roger<\/span>\n<span class='av-rotator-text-single av-q0i2t4-c8e67e3853a9be89667a69aa68f47393 av-rotator-text-single-22' >Rozko\u0161 bez \u0161ampa\u0148sk\u00e9ho je \u010dist\u011b um\u011bl\u00e1. Oscar Wilde<\/span>\n<span class='av-rotator-text-single av-njnrx4-10409d339f97e46ba9f1f1320490ca51 av-rotator-text-single-23' >Kdy\u017e v\u00e1m \u017eivot p\u0159inese probl\u00e9my, napijte se \u0161ampa\u0148sk\u00e9ho a va\u0161e probl\u00e9my se zm\u011bn\u00ed v m\u00fddlov\u00e9 bubliny. Nezn\u00e1m\u00fd<\/span>\n<span class='av-rotator-text-single av-mlos54-85dd5d8322c90e12d5e18b891a316a5e av-rotator-text-single-24' >Pokud neriskujete, nem\u011bli byste p\u00edt \u0161ampa\u0148sk\u00e9. Star\u00e9 rusk\u00e9 p\u0159\u00edslov\u00ed.<\/span>\n<span class='av-rotator-text-single av-kl2brs-ed042841fe26491aabf86f5d78c81b32 av-rotator-text-single-25' >\u0160ampa\u0148sk\u00e9 piju jen ve dvou p\u0159\u00edpadech: Kdy\u017e jsem zamilovan\u00fd a kdy\u017e nejsem. Coco Chanel<\/span>\n<span class='av-rotator-text-single av-ik0fug-542b30508ccd098729d34505a16dc2fc av-rotator-text-single-26' >Po v\u00edt\u011bzstv\u00ed si zaslou\u017e\u00edte \u0161ampa\u0148sk\u00e9, po por\u00e1\u017ece ho pot\u0159ebujete! Napoleon Bonaparte<\/span>\n<span class='av-rotator-text-single av-h8r1ug-5d93b612df221fc602dad96b90dbe779 av-rotator-text-single-27' >Za\u010dn\u011bte den s \u00fasm\u011bvem a zakon\u010dete ho \u0161ampa\u0148sk\u00fdm. nezn\u00e1m\u00fd.<\/span>\n<span class='av-rotator-text-single av-fojy20-eb8e278e4f214034df4553dd1462ffae av-rotator-text-single-28' >\u0160ampa\u0148sk\u00e9 v\u00e1m dod\u00e1 pocit, \u017ee ka\u017ed\u00fd den je ned\u011ble! Marlene Dietrichov\u00e1<\/span>\n<span class='av-rotator-text-single av-e9m3jc-e5a444b202324c0b20b5b05c9393b47e av-rotator-text-single-29' >V \u017eivot\u011b \u017eeny jsou chv\u00edle, kdy jedin\u00e9, co pom\u00e1h\u00e1, je \u0161ampa\u0148sk\u00e9! Betty Davisov\u00e1<\/span>\n<span class='av-rotator-text-single av-cyjcqg-80bea1de76fe7db827c075f11ea568d3 av-rotator-text-single-30' >Pane, nech je p\u0159ijmout v\u011bci, kter\u00e9 nemohou zm\u011bnit. A modli se, aby jejich jedinou bolest\u00ed bylo \u0161ampa\u0148sk\u00e9. Kanye West<\/span>\n<span class='av-rotator-text-single av-b81hd4-3e228c7996a9f467e60775e1c3184a68 av-rotator-text-single-31' >Velk\u00e9 milostn\u00e9 vztahy za\u010d\u00ednaj\u00ed \u0161ampa\u0148sk\u00fdm a kon\u010d\u00ed bylinkov\u00fdm \u010dajem. Honore de Balzac<\/span>\n<span class='av-rotator-text-single av-8wm82w-9575a58028db63ca20b249b64d989735 av-rotator-text-single-32' >\u0160ampa\u0148sk\u00e9 piju, jen kdy\u017e jsem \u0161\u0165astn\u00e1 a kdy\u017e jsem smutn\u00e1! Lily Bollinger<\/span>\n<span class='av-rotator-text-single av-ogcx4-3c75a845fba25edbc4a770f92b2b3448 av-rotator-text-single-33' >V \u017eivot\u011b jsou t\u0159i v\u011bci, kter\u00e9 se nedaj\u00ed vydr\u017eet: studen\u00e1 k\u00e1va, vla\u017en\u00e9 \u0161ampa\u0148sk\u00e9 a p\u0159\u00edli\u0161 vzru\u0161en\u00e1 man\u017eelka. Orson Welles<\/span>\n<span class='av-rotator-text-single av-o1r4zs-e6e1f1e2e5f234fe14394f6a5846538b av-rotator-text-single-34' >Kn\u011bz t\u011b pr\u00e1v\u011b pok\u0159til jako k\u0159es\u0165ana. Nyn\u00ed t\u011b k\u0159t\u00edm jako francouzsk\u00e9ho ob\u010dana, drah\u00e9 d\u00edt\u011b, s kapkou \u0161ampa\u0148sk\u00e9ho na rtech. Paul Claudel (1868-1955)<\/span>\n<span class='av-rotator-text-single av-muuuuw-f59d73c916e4b92ee343dc7987344658 av-rotator-text-single-35' >Jisk\u0159ivost tohoto francouzsk\u00e9ho v\u00edna prozrazuje skute\u010dnou genialitu francouzsk\u00e9ho n\u00e1roda. Voltaire (1694-1778)<\/span>\n<span class='av-rotator-text-single av-7m07s-431cd07390a83fff354b2f636d7ecb81 av-rotator-text-single-36' >Na \u017eivot\u011b na safari je n\u011bco, co v\u00e1m d\u00e1 zapomenout na v\u0161echny starosti a zp\u016fsob\u00ed, \u017ee se c\u00edt\u00edte, jako byste vypili p\u016fl l\u00e1hve \u0161ampa\u0148sk\u00e9ho - je v n\u011bm n\u011bco, co v\u00e1s napln\u00ed up\u0159\u00edmnou vd\u011b\u010dnost\u00ed za \u017eivot. Cit\u00e1t Karen Blixenov\u00e9<\/span>\n<span class='av-rotator-text-single av-j7ya2w-46b49aa9b860f59f22cd0e3ac3a54b59 av-rotator-text-single-37' >M\u011bjte smysl pro humor, m\u00e1lo sp\u011bte, m\u011bjte c\u00edl a ne m\u00e1lo \u0161ampa\u0148sk\u00e9ho! Prof. August Everding<\/span>\n<span class='av-rotator-text-single av-1r1gmw-233136e97239dfe205325edda81ed6e2 av-rotator-text-single-38' >Pokud si m\u016f\u017eete vybrat mezi \u00fast\u0159icemi a \u0161ampa\u0148sk\u00fdm, obvykle si vyberete oboj\u00ed. Theodor Fontane<\/span>\n<span class='av-rotator-text-single av-gb3f0o-6313c83bec8e8de6f3330121ca180af5 av-rotator-text-single-39' >V\u00edno d\u011bl\u00e1m pro sebe. Co s\u00e1m nevypiju, to prod\u00e1m! Victor Lanson<\/span>\n<span class='av-rotator-text-single av-djet7c-b5fb3c0534c84c9f4794d13f1a937f81 av-rotator-text-single-40' >Pro m\u011b jsi slad\u0161\u00ed ne\u017e \u010dokol\u00e1da, \u017ehav\u011bj\u0161\u00ed ne\u017e pou\u0161tn\u00ed v\u00edtr, jisk\u0159iv\u011bj\u0161\u00ed ne\u017e \u0161ampa\u0148sk\u00e9, v\u00fdznamn\u011bj\u0161\u00ed ne\u017e polibek, ale nedosa\u017eiteln\u00e1 jako hv\u011bzdy!<\/span>\n<span class='av-rotator-text-single av-cgus2g-b1137a66dec4995e96522e8852934901 av-rotator-text-single-41' >Chci \u0161ampa\u0148sk\u00e9 v\u00edno a chci, aby bylo docela perliv\u00e9! Johann Wolfgang von Goethe<\/span>\n<span class='av-rotator-text-single av-aunfyw-f238f17b915885c5515733e5a49c042a av-rotator-text-single-42' >Jak sladce a vzdu\u0161n\u011b se t\u0159pyt\u00ed bublinky vdovy Kli\u010dko ve sklenici\". Wilhelm Busch o Veuve Clicquot<\/span>\n<span class='av-rotator-text-single av-91l6zc-85c90eb6e9f66ab2094e08cbc0584cc8 av-rotator-text-single-43' >Chv\u00e1la je jako \u0161ampa\u0148sk\u00e9. Oboj\u00ed se mus\u00ed pod\u00e1vat, dokud je\u0161t\u011b \u0161um\u00ed.<\/span>\n<span class='av-rotator-text-single av-7ovajs-c70a20b9333ba9d35f7b408d5f608925 av-rotator-text-single-44' >U Bordeaux p\u0159em\u00fd\u0161l\u00ed\u0161, u Burgundska diskutuje\u0161, u Champagne se dopou\u0161t\u00ed\u0161 bl\u00e1znovstv\u00ed! Anth\u00e8lme Brillat-Savarin<\/span>\n<span class='av-rotator-text-single av-65bjt4-c915b1b4d01bd8e9017d245fbb31cfa7 av-rotator-text-single-45' >Jakmile \u0161ampa\u0148sk\u00e9 jednou vyst\u0159\u00edknete, u\u017e ho do l\u00e1hve nevr\u00e1t\u00edte! Prezident FIA Max Mosley<\/span>\n<span class='av-rotator-text-single av-evx88-c49ac3d3c5fecfea35e6720b3b1216b6 av-rotator-text-single-46' >\u0160ampa\u0148sk\u00e9 je pravd\u011bpodobn\u011b nej\u0161\u0165astn\u011bj\u0161\u00edm zdrojem inspirace. Mark Twain<\/span>\n<span class='av-rotator-text-single av-2kuf6g-f2d8b366ef9259a78bf46c894f2794a0 av-rotator-text-single-47' >Jsem abstinent pouze u piva, ne u \u0161ampa\u0148sk\u00e9ho. George Bernard Shaw<\/span>\n<\/span><\/h3><\/div><\/div>\n<style type=\"text\/css\" data-created_by=\"avia_inline_auto\" id=\"style-css-av-5y0znc-ecf90eeb43b293101c735ef6745c0649\">\n.flex_column.av-5y0znc-ecf90eeb43b293101c735ef6745c0649{\nborder-radius:0px 0px 0px 0px;\npadding:0px 0px 0px 0px;\n}\n<\/style>\n<div  class='flex_column av-5y0znc-ecf90eeb43b293101c735ef6745c0649 av_one_fifth  avia-builder-el-6  el_after_av_three_fifth  el_before_av_hr  flex_column_div av-zero-column-padding'     ><\/div>\n<style type=\"text\/css\" data-created_by=\"avia_inline_auto\" id=\"style-css-av-av_hr-740b43d1b484958137b1a60202c344d8\">\n#top .hr.av-av_hr-740b43d1b484958137b1a60202c344d8{\nmargin-top:30px;\nmargin-bottom:30px;\n}\n.hr.av-av_hr-740b43d1b484958137b1a60202c344d8 .hr-inner{\nwidth:100%;\nborder-color:#d2ae6f;\n}\n<\/style>\n<div  class='hr av-av_hr-740b43d1b484958137b1a60202c344d8 hr-custom  avia-builder-el-7  el_after_av_one_fifth  el_before_av_one_fifth  hr-center hr-icon-no'><span class='hr-inner inner-border-av-border-thin'><span class=\"hr-inner-style\"><\/span><\/span><\/div>\n<div class='flex_column_table av-lyy2v1xe-c004cec9e9db6aed44d5ea75cc2675b7 sc-av_one_fifth av-equal-height-column-flextable'>\n<style type=\"text\/css\" data-created_by=\"avia_inline_auto\" id=\"style-css-av-lyy2v1xe-c004cec9e9db6aed44d5ea75cc2675b7\">\n.flex_column.av-lyy2v1xe-c004cec9e9db6aed44d5ea75cc2675b7{\nborder-radius:0px 0px 0px 0px;\npadding:0px 0px 0px 0px;\n}\n<\/style>\n<div  class='flex_column av-lyy2v1xe-c004cec9e9db6aed44d5ea75cc2675b7 av_one_fifth  avia-builder-el-8  el_after_av_hr  el_before_av_three_fifth  first flex_column_table_cell av-equal-height-column av-align-top av-zero-column-padding'     ><\/div><div class='av-flex-placeholder'><\/div>\n<style type=\"text\/css\" data-created_by=\"avia_inline_auto\" id=\"style-css-av-av_three_fifth-96471c6a872bb75c0ce03c20d00030c6\">\n.flex_column.av-av_three_fifth-96471c6a872bb75c0ce03c20d00030c6{\nborder-radius:0px 0px 0px 0px;\npadding:0px 0px 0px 0px;\n}\n<\/style>\n<div  class='flex_column av-av_three_fifth-96471c6a872bb75c0ce03c20d00030c6 av_three_fifth  avia-builder-el-9  el_after_av_one_fifth  el_before_av_one_fifth  flex_column_table_cell av-equal-height-column av-align-top av-zero-column-padding'     ><p>\n<style type=\"text\/css\" data-created_by=\"avia_inline_auto\" id=\"style-css-av-lyy2hryi-7159e62e98d5b9d8a69d23d2b88b4979\">\n#top .av-special-heading.av-lyy2hryi-7159e62e98d5b9d8a69d23d2b88b4979{\npadding-bottom:10px;\n}\nbody .av-special-heading.av-lyy2hryi-7159e62e98d5b9d8a69d23d2b88b4979 .av-special-heading-tag .heading-char{\nfont-size:25px;\n}\n.av-special-heading.av-lyy2hryi-7159e62e98d5b9d8a69d23d2b88b4979 .av-subheading{\nfont-size:15px;\n}\n<\/style>\n<div  class='av-special-heading av-lyy2hryi-7159e62e98d5b9d8a69d23d2b88b4979 av-special-heading-h3 blockquote modern-quote modern-centered  avia-builder-el-10  el_before_av_textblock  avia-builder-el-first'><h3 class='av-special-heading-tag'  itemprop=\"headline\"  >O cit\u00e1tech \u0161ampa\u0148sk\u00e9ho<\/h3><div class=\"special-heading-border\"><div class=\"special-heading-inner-border\"><\/div><\/div><\/div><br \/>\n<section  class='av_textblock_section av-lyy2fx2v-7d2b4321f5d3f4f33fa1e4ae85aa3322'   itemscope=\"itemscope\" itemtype=\"https:\/\/schema.org\/CreativeWork\" ><div class='avia_textblock'  itemprop=\"text\" ><p><a href=\"https:\/\/champagner.com\/cs\/\">\u0160ampa\u0148sk\u00e9<\/a>\u0160ampa\u0148sk\u00e9, \u010dasto ozna\u010dovan\u00e9 jako \"kr\u00e1l v\u00edn\", se v pr\u016fb\u011bhu stalet\u00ed stalo inspirac\u00ed pro \u0159adu slavn\u00fdch cit\u00e1t\u016f. Tyto cit\u00e1ty o \u0161ampa\u0148sk\u00e9m odr\u00e1\u017eej\u00ed eleganci, v\u00e1\u017enost a radost spojenou s vychutn\u00e1v\u00e1n\u00edm tohoto u\u0161lechtil\u00e9ho n\u00e1poje.<\/p>\n<p>Slavn\u00fd cit\u00e1t o \u0161ampa\u0148sk\u00e9m poch\u00e1z\u00ed od Coco Chanel, kter\u00e1 \u0159ekla: \"\u0160ampa\u0148sk\u00e9 piju jen p\u0159i dvou p\u0159\u00edle\u017eitostech: kdy\u017e jsem zamilovan\u00e1 a kdy\u017e nejsem.\" Tento v\u00fdrok zd\u016fraz\u0148uje univerz\u00e1ln\u00ed kouzlo a v\u0161estrannost \u0161ampa\u0148sk\u00e9ho, kter\u00e9 lze p\u00edt ve chv\u00edl\u00edch \u0161t\u011bst\u00ed i melancholie.<\/p>\n<p>Winston Churchill byl tak\u00e9 velk\u00fdm milovn\u00edkem \u0161ampa\u0148sk\u00e9ho a cit\u00e1t\u016f o \u0161ampa\u0148sk\u00e9m a \u010dasto se vyjad\u0159oval o sv\u00e9 z\u00e1lib\u011b v t\u00e9to u\u0161lechtil\u00e9 kapce. Jeden z jeho nejslavn\u011bj\u0161\u00edch cit\u00e1t\u016f o \u0161ampa\u0148sk\u00e9m zn\u00ed: \"\u0160ampa\u0148sk\u00e9 by m\u011blo b\u00fdt chlazen\u00e9, <a href=\"https:\/\/champagner.com\/cs\/glosar-2\/sec\/\">such\u00e9<\/a> a bu\u010fte svobodn\u00ed.\" Churchill byl zn\u00e1m\u00fd svou n\u00e1ro\u010dnost\u00ed <a href=\"https:\/\/champagner.com\/cs\/glosar-2\/kousnuti\/\">P\u0159\u00edchu\u0165<\/a> a jeho z\u00e1lib\u011b v luxusu a tento cit\u00e1t dokonale vystihuje jeho postoj.<\/p>\n<p>Oscar Wilde, slavn\u00fd spisovatel a dandy, kdysi poznamenal cit\u00e1tem ze \u0161ampa\u0148sk\u00e9ho: \"Jen velmi trivi\u00e1ln\u00ed lid\u00e9 jsou opravdu v\u00e1\u017en\u00ed a jen velmi v\u00e1\u017en\u00ed lid\u00e9 kdy vytvo\u0159ili n\u011bco trivi\u00e1ln\u00edho.\" A\u010dkoli tento cit\u00e1t nen\u00ed p\u0159\u00edmo zam\u011b\u0159en na \u0161ampa\u0148sk\u00e9, mnoho dal\u0161\u00edch Wildeov\u00fdch pozn\u00e1mek o \u017eivot\u011b a um\u011bn\u00ed odr\u00e1\u017e\u00ed jeho uzn\u00e1n\u00ed pro jemn\u00e9 v\u011bci v \u017eivot\u011b, mezi kter\u00e9 \u0161ampa\u0148sk\u00e9 rozhodn\u011b pat\u0159\u00ed.<\/p>\n<p>Madame de Pompadour, milenka kr\u00e1le Ludv\u00edka XV., kdysi \u0159ekla: \"\u0160ampa\u0148sk\u00e9 je jedin\u00fd n\u00e1poj, kter\u00fd d\u011bl\u00e1 \u017eenu t\u00edm kr\u00e1sn\u011bj\u0161\u00ed, \u010d\u00edm v\u00edce ho vypije.\" Tento cit\u00e1t o \u0161ampa\u0148sk\u00e9m zd\u016fraz\u0148uje okouzluj\u00edc\u00ed a sv\u016fdn\u00fd aspekt \u0161ampa\u0148sk\u00e9ho a to, jak m\u016f\u017ee zv\u00fd\u0161it eleganci a kr\u00e1su sv\u00fdch konzument\u016f.<\/p>\n<h4>P\u0159ehled cit\u00e1t\u016f o \u0161ampa\u0148sk\u00e9m<\/h4>\n<p>Tyto cit\u00e1ty o \u0161ampa\u0148sk\u00e9m ukazuj\u00ed, jak je \u0161ampa\u0148sk\u00e9 fascinuj\u00edc\u00ed a jak zvl\u00e1\u0161tn\u00ed m\u00edsto zauj\u00edm\u00e1 v kultu\u0159e cel\u00e9ho sv\u011bta. <a href=\"https:\/\/champagner.com\/cs\/glosar-2\/puvod-sampanskeho\/\">Historie<\/a> trv\u00e1. A\u0165 u\u017e p\u0159i slavnostn\u00edch p\u0159\u00edle\u017eitostech, romantick\u00fdch chv\u00edl\u00edch nebo prost\u011b jen jako <a href=\"https:\/\/champagner.com\/cs\/sampanske-recepty-vareni\/\">Indulgence<\/a> v ka\u017edodenn\u00edm \u017eivot\u011b - \u0161ampa\u0148sk\u00e9 m\u00e1 v\u017edy sv\u00e9 zvl\u00e1\u0161tn\u00ed kouzlo a inspiruje lidi po cel\u00e9m sv\u011bt\u011b. U\u017eijte si \u010dten\u00ed cit\u00e1t\u016f o \u0161ampa\u0148sk\u00e9m.<\/p>\n<\/div><\/section><\/p><\/div><div class='av-flex-placeholder'><\/div>\n<style type=\"text\/css\" data-created_by=\"avia_inline_auto\" id=\"style-css-av-av_one_fifth-96471c6a872bb75c0ce03c20d00030c6\">\n.flex_column.av-av_one_fifth-96471c6a872bb75c0ce03c20d00030c6{\nborder-radius:0px 0px 0px 0px;\npadding:0px 0px 0px 0px;\n}\n<\/style>\n<div  class='flex_column av-av_one_fifth-96471c6a872bb75c0ce03c20d00030c6 av_one_fifth  avia-builder-el-12  el_after_av_three_fifth  avia-builder-el-last  flex_column_table_cell av-equal-height-column av-align-top av-zero-column-padding'     ><\/div><\/div><!--close column table wrapper. Autoclose: 1 -->","protected":false},"excerpt":{"rendered":"","protected":false},"author":1,"featured_media":4618,"parent":0,"menu_order":0,"comment_status":"closed","ping_status":"closed","template":"","meta":{"footnotes":""},"class_list":["post-4024","page","type-page","status-publish","has-post-thumbnail","hentry"],"_links":{"self":[{"href":"https:\/\/champagner.com\/cs\/wp-json\/wp\/v2\/pages\/4024","targetHints":{"allow":["GET"]}}],"collection":[{"href":"https:\/\/champagner.com\/cs\/wp-json\/wp\/v2\/pages"}],"about":[{"href":"https:\/\/champagner.com\/cs\/wp-json\/wp\/v2\/types\/page"}],"author":[{"embeddable":true,"href":"https:\/\/champagner.com\/cs\/wp-json\/wp\/v2\/users\/1"}],"replies":[{"embeddable":true,"href":"https:\/\/champagner.com\/cs\/wp-json\/wp\/v2\/comments?post=4024"}],"version-history":[{"count":0,"href":"https:\/\/champagner.com\/cs\/wp-json\/wp\/v2\/pages\/4024\/revisions"}],"wp:featuredmedia":[{"embeddable":true,"href":"https:\/\/champagner.com\/cs\/wp-json\/wp\/v2\/media\/4618"}],"wp:attachment":[{"href":"https:\/\/champagner.com\/cs\/wp-json\/wp\/v2\/media?parent=4024"}],"curies":[{"name":"wp","href":"https:\/\/api.w.org\/{rel}","templated":true}]}}