{"id":6514,"date":"2022-05-05T13:28:39","date_gmt":"2022-05-05T13:28:39","guid":{"rendered":"https:\/\/champagner.com\/?page_id=6514"},"modified":"2024-11-04T12:47:51","modified_gmt":"2024-11-04T12:47:51","slug":"umeni-sampanskeho","status":"publish","type":"page","link":"https:\/\/champagner.com\/cs\/umeni-sampanskeho\/","title":{"rendered":"Um\u011bn\u00ed \u0161ampa\u0148sk\u00e9ho"},"content":{"rendered":"<div   class='avia-fullscreen-slider main_color   avia-builder-el-0  el_before_av_section  avia-builder-el-first  container_wrap fullsize'  ><div  class='avia-slideshow av-kjripr6g-74ffc6525b251b8b733cc3ef032d902d avia-slideshow-extra_large av_fullscreen avia-slide-slider av-slideshow-ui av-control-default av-slideshow-manual av-loop-once av-loop-manual-endless av-default-height-applied   avia-slideshow-1' data-slideshow-options=\"{&quot;animation&quot;:&quot;slide&quot;,&quot;autoplay&quot;:false,&quot;loop_autoplay&quot;:&quot;once&quot;,&quot;interval&quot;:5,&quot;loop_manual&quot;:&quot;manual-endless&quot;,&quot;autoplay_stopper&quot;:false,&quot;noNavigation&quot;:false,&quot;bg_slider&quot;:true,&quot;keep_padding&quot;:false,&quot;hoverpause&quot;:false,&quot;show_slide_delay&quot;:0,&quot;slide_height&quot;:&quot;100&quot;,&quot;image_attachment&quot;:&quot;&quot;}\"  itemprop=\"image\" itemscope=\"itemscope\" itemtype=\"https:\/\/schema.org\/ImageObject\" ><ul class='avia-slideshow-inner' style='padding-bottom: 53.2%;'><li style='background-position:center center;' data-img-url='https:\/\/champagner.com\/wp-content\/uploads\/2018\/05\/Champagne-Charles-de-Cazanove-1500x798.jpg' class='avia-slideshow-slide av-kjripr6g-74ffc6525b251b8b733cc3ef032d902d__0  av-single-slide slide-1 slide-odd'><div data-rel='slideshow-1' class='avia-slide-wrap'  title='Charles de Cazanove \u0160ampa\u0148sk\u00e9 ' ><\/div><\/li><\/ul><\/div><\/div>\n<div id='av_section_1'  class='avia-section av-9qys-7fbec837cc9414b56951d589a49fa01e main_color avia-section-default avia-no-border-styling  avia-builder-el-1  el_after_av_fullscreen  avia-builder-el-last  avia-bg-style-scroll container_wrap fullsize'  ><div class='container av-section-cont-open' ><div class='template-page content  av-content-full alpha units'><div class='post-entry post-entry-type-page post-entry-6514'><div class='entry-content-wrapper clearfix'>\n\n<style type=\"text\/css\" data-created_by=\"avia_inline_auto\" id=\"style-css-av-9tz4-26c14c70028d90a54aefce07862c0d7e\">\n.flex_column.av-9tz4-26c14c70028d90a54aefce07862c0d7e{\nborder-radius:0px 0px 0px 0px;\npadding:0px 0px 0px 0px;\n}\n<\/style>\n<div  class='flex_column av-9tz4-26c14c70028d90a54aefce07862c0d7e av_one_fifth  avia-builder-el-2  el_before_av_three_fifth  avia-builder-el-first  first flex_column_div av-zero-column-padding'     ><\/div>\n<style type=\"text\/css\" data-created_by=\"avia_inline_auto\" id=\"style-css-av-5y3a-c3ba98e644c5ae5c87ca984f1618400f\">\n.flex_column.av-5y3a-c3ba98e644c5ae5c87ca984f1618400f{\nborder-radius:0px 0px 0px 0px;\npadding:0px 0px 0px 0px;\n}\n<\/style>\n<div  class='flex_column av-5y3a-c3ba98e644c5ae5c87ca984f1618400f av_three_fifth  avia-builder-el-3  el_after_av_one_fifth  el_before_av_one_fifth  flex_column_div av-zero-column-padding'     ><p>\n<style type=\"text\/css\" data-created_by=\"avia_inline_auto\" id=\"style-css-av-kjrjnv83-db0150b69486a15817a0557cc8e62443\">\n#top .av-special-heading.av-kjrjnv83-db0150b69486a15817a0557cc8e62443{\npadding-bottom:30px;\nfont-size:50px;\n}\nbody .av-special-heading.av-kjrjnv83-db0150b69486a15817a0557cc8e62443 .av-special-heading-tag .heading-char{\nfont-size:25px;\n}\n#top #wrap_all .av-special-heading.av-kjrjnv83-db0150b69486a15817a0557cc8e62443 .av-special-heading-tag{\nfont-size:50px;\n}\n.av-special-heading.av-kjrjnv83-db0150b69486a15817a0557cc8e62443 .av-subheading{\nfont-size:15px;\n}\n\n@media only screen and (min-width: 480px) and (max-width: 767px){ \n#top #wrap_all .av-special-heading.av-kjrjnv83-db0150b69486a15817a0557cc8e62443 .av-special-heading-tag{\nfont-size:0.8em;\n}\n}\n\n@media only screen and (max-width: 479px){ \n#top #wrap_all .av-special-heading.av-kjrjnv83-db0150b69486a15817a0557cc8e62443 .av-special-heading-tag{\nfont-size:0.8em;\n}\n}\n<\/style>\n<div  class='av-special-heading av-kjrjnv83-db0150b69486a15817a0557cc8e62443 av-special-heading-h1 blockquote modern-quote  avia-builder-el-4  el_before_av_textblock  avia-builder-el-first  av-inherit-size'><h1 class='av-special-heading-tag'  itemprop=\"headline\"  >Um\u011bn\u00ed \u0161ampa\u0148sk\u00e9ho<\/h1><div class=\"special-heading-border\"><div class=\"special-heading-inner-border\"><\/div><\/div><\/div><br \/>\n\n<style type=\"text\/css\" data-created_by=\"avia_inline_auto\" id=\"style-css-av-kj4bin1p-19cbf03350244018d7d4cfd1501789b0\">\n#top .av_textblock_section.av-kj4bin1p-19cbf03350244018d7d4cfd1501789b0 .avia_textblock{\nfont-size:18px;\n}\n<\/style>\n<section  class='av_textblock_section av-kj4bin1p-19cbf03350244018d7d4cfd1501789b0'   itemscope=\"itemscope\" itemtype=\"https:\/\/schema.org\/CreativeWork\" ><div class='avia_textblock'  itemprop=\"text\" ><p><strong><a href=\"https:\/\/champagner.com\/cs\/\">\u0160ampa\u0148sk\u00e9<\/a><\/strong> zt\u011bles\u0148uje v\u00edce ne\u017e jen nejlep\u0161\u00ed kvalitu mezi v\u00edny. Krom\u011b samotn\u00e9ho po\u017eitku vytv\u00e1\u0159\u00ed \u0161ampa\u0148sk\u00e9 tak\u00e9 silnou auru, kterou je t\u011b\u017ek\u00e9 vyj\u00e1d\u0159it slovy, ale t\u00e9m\u011b\u0159 v\u017edy je hmatateln\u00e1.<\/p>\n<p>Tak se to \u0159\u00edk\u00e1 anglicky:<\/p>\n<blockquote>\n<p><a href=\"https:\/\/champagner.com\/cs\/mista-cestovani\/\">\u0160ampa\u0148sk\u00e9<\/a> navozuje n\u00e1ladu, p\u0159in\u00e1\u0161\u00ed silnou v\u00fdpov\u011b\u010f a t\u00e9m\u011b\u0159 p\u0159edv\u00eddateln\u011b p\u0159\u00edzniv\u011b umoc\u0148uje z\u00e1\u017eitek! V\u011bzte, \u017ee nejen konzumujete to nejlep\u0161\u00ed v\u00edno, ale tak\u00e9 p\u0159ivol\u00e1v\u00e1te skv\u011bl\u00e9ho ducha!<\/p>\n<\/blockquote>\n<p>Ji\u017e v dob\u011b Belle Epoque si n\u011bkte\u0159\u00ed v\u00fdrobci uv\u011bdomovali, \u017ee tento siln\u00fd fenom\u00e9n, tento duch, lze nejl\u00e9pe zachytit prost\u0159ednictv\u00edm um\u011bn\u00ed. Pouze nejlep\u0161\u00ed um\u011blci a grafici t\u00e9 doby byli dostate\u010dn\u011b dob\u0159\u00ed na to, aby jim bylo sv\u011b\u0159eno zt\u011blesn\u011bn\u00ed tohoto \"ducha\" ve spojen\u00ed s v\u00fdtvarn\u00fdmi d\u00edly. <a href=\"https:\/\/champagner.com\/cs\/etikety-na-sampanske\/\">Etikety na \u0161ampa\u0148sk\u00e9<\/a>plak\u00e1ty, j\u00eddeln\u00ed l\u00edstky a pohlednice.<\/p>\n<p>Spole\u010dnost Delbeck nap\u0159\u00edklad \u00fasp\u011b\u0161n\u011b zad\u00e1vala zak\u00e1zky zn\u00e1m\u00fdm um\u011blc\u016fm t\u00e9 doby, jako byli Klimt, Muchas, Cappiello, Erg\u00e9, Gall\u00e9, Andreis, Chatin, Tristan Bernard a Benjamin Rabier.<\/p>\n<p>\u00dasp\u011bch i rozsah um\u011bleck\u00fdch \u00fasp\u011bch\u016f t\u00e9to \u00e9ry jsou bezkonkuren\u010dn\u00ed. Plak\u00e1ty na \u0161ampa\u0148sk\u00e9 z obdob\u00ed Belle Epoque jsou dodnes velmi vyhled\u00e1van\u00e9 jako dekorativn\u00ed plak\u00e1ty po cel\u00e9m sv\u011bt\u011b.<\/p>\n<p>P\u0159irozen\u00e1 vazba mezi \u0161ampa\u0148sk\u00fdm a um\u011bn\u00edm v\u0161ak z\u016fst\u00e1v\u00e1 dodnes nep\u0159eru\u0161ena.<\/p>\n<h3>Um\u011bn\u00ed \u0161ampa\u0148sk\u00e9ho<\/h3>\n<p>Dne\u0161n\u00ed um\u011bn\u00ed \u0161ampa\u0148sk\u00e9ho <a href=\"https:\/\/champagner.com\/cs\/domy-sampanskeho\/\">Domy \u0161ampa\u0148sk\u00e9ho<\/a> lze zhruba rozd\u011blit do t\u0159\u00ed oblast\u00ed:<\/p>\n<ul>\n<li>N\u00e1rodn\u00ed um\u011bn\u00ed, tj. um\u011bn\u00ed omezen\u00e9 pouze na Francii a jej\u00ed um\u011blce.<\/li>\n<li>Mezin\u00e1rodn\u00ed um\u011bn\u00ed, tj. um\u011bn\u00ed, kter\u00e9 p\u0159edstavuje um\u011blce z cel\u00e9ho sv\u011bta ve sv\u011btle \u0161ampa\u0148sk\u00e9ho.<\/li>\n<li>Design art nebo nov\u00e9 um\u011bn\u00ed. Jedn\u00e1 se o \u010dasto provokativn\u00ed, n\u011bkdy a\u017e \u00fato\u010dn\u00fd typ um\u011bn\u00ed. K tomuto typu \u0161ampa\u0148sk\u00e9ho um\u011bn\u00ed pat\u0159\u00ed v\u011bci, kter\u00e9 ji\u017e neuzn\u00e1vaj\u00ed \u017e\u00e1dn\u00fd odkaz na obdob\u00ed Belle Epoque.<\/li>\n<\/ul>\n<p>P\u0159\u00edkladem n\u00e1rodn\u00edho um\u011bn\u00ed \u0161ampa\u0148sk\u00e9ho jsou l\u00e1hve Bruno Pillard, pro kter\u00e9 etikety navrhli a vytvo\u0159ili francouz\u0161t\u00ed um\u011blci.<\/p>\n<p>Dosud bylo realizov\u00e1no dvan\u00e1ct lahv\u00ed od um\u011blc\u016f \u017eij\u00edc\u00edch a pracuj\u00edc\u00edch ve Francii. Zvl\u00e1\u0161tnost\u00ed t\u011bchto lahv\u00ed je, \u017ee ka\u017ed\u00fd um\u011blec uctil jinou odr\u016fdu nebo jin\u00fd rok.<\/p>\n<p>Takzvan\u00e9 l\u00e1hve Collections od Taittinger jsou uk\u00e1zkov\u00fdm p\u0159\u00edkladem mezin\u00e1rodn\u00edho um\u011bn\u00ed ve vztahu k \u0161ampa\u0148sk\u00e9mu.<br \/>\nLahve kolekce Taittinger jsou lahve na \u0161ampa\u0148sk\u00e9, kter\u00e9 se vyr\u00e1b\u011bj\u00ed od roku 1978 v dobr\u00e9m ro\u010dn\u00edku \u0161ampa\u0148sk\u00e9ho.<br \/>\nZvl\u00e1\u0161tnost\u00ed je, \u017ee ka\u017edou z t\u011bchto lahv\u00ed navrhl jin\u00fd um\u011blec. Od roku 1983 navrhlo ka\u017ed\u00fd z dev\u00edti mezin\u00e1rodn\u011b uzn\u00e1van\u00fdch um\u011blc\u016f jednu l\u00e1hev jm\u00e9nem Claude Taittinger.<\/p>\n<p>Prvn\u00edch \u0161est lahv\u00ed navrhli VASARELY (Mills\u00e9sime 1978), ARMAN (Mills\u00e9sime 1981), MASSON (Mills\u00e9sime 1982), VIEIRA DA SILVA (Mills\u00e9sime 1983), LICHTENSTEIN (Mills\u00e9sime 1985) a HARTUNG (Mills\u00e9sime 1986). V aukc\u00edch je lze sehnat jen s velk\u00fdm \u0161t\u011bst\u00edm.<br \/>\nNa\u2030t\u00fbst\u00ed jsou v obchodech st\u00e1le k dost\u00e1n\u00ed posledn\u00ed tfii lahve od um\u00fblc\u00db Ima\u00cf, Corneille a Matta.<\/p>\n<p>V oblasti, kterou naz\u00fdv\u00e1me designov\u00e9 um\u011bn\u00ed \u0161ampa\u0148sk\u00e9ho, je dobr\u00fdm p\u0159\u00edkladem zna\u010dka Veuve Cliquot.<br \/>\nPro takzvan\u00e9 mil\u00e9nium, tedy p\u0159elom roku 1999 a 1999, je d\u016fle\u017eit\u00fd <a href=\"https:\/\/champagner.com\/cs\/let\/\">2000<\/a>Veuve Cliquot uvedl na trh speci\u00e1ln\u00ed verzi La Grande Dame.<br \/>\nZa t\u00edmto \u00fa\u010delem navrhla um\u011blkyn\u011b Elisabeth Rubin pouzdro z akrylov\u00e9ho skla, do kter\u00e9ho se vejde bu\u010f 1,5litrov\u00e1, nebo t\u0159\u00edlitrov\u00e1 l\u00e1hev. L\u00e1hev byla v tomto pouzd\u0159e p\u0159ipevn\u011bna ke dv\u011bma ko\u017een\u00fdm \u0159em\u00ednk\u016fm.<\/p>\n<p><strong>V neposledn\u00ed \u0159ad\u011b p\u0159\u00edklad, kter\u00fd nelze snadno za\u0159adit do jedn\u00e9 ze t\u0159\u00ed kategori\u00ed.<\/strong><\/p>\n<p>Z domu Piper-Heidsieck poch\u00e1z\u00ed l\u00e1hev navr\u017een\u00e1 francouzsk\u00fdm m\u00f3dn\u00edm n\u00e1vrh\u00e1\u0159em Jean-Paulem Gaultierem.<br \/>\nByla to l\u00e1hev od\u011bn\u00e1 do \u010derven\u00e9ho korzetu. L\u00e1hev i okoln\u00ed od\u011bv jsou samoz\u0159ejm\u011b podeps\u00e1ny tv\u016frcem a l\u00e1hev je v kr\u00e1sn\u00e9m obalu z akrylov\u00e9ho skla.<\/p>\n<div id=\"attachment_7576\" style=\"width: 350px\" class=\"wp-caption aligncenter\"><img loading=\"lazy\" decoding=\"async\" aria-describedby=\"caption-attachment-7576\" class=\"wp-image-7576 size-full\" title=\"Jean-Paul Gaultier &amp; Piper-Heidsieck Champagne\" src=\"https:\/\/champagner.com\/wp-content\/uploads\/2024\/07\/Jean-Paul-Gaultier-Piper-Heidsieck.webp\" alt=\"Jean-Paul Gaultier &amp; Piper-Heidsieck Champagne\" width=\"340\" height=\"270\" srcset=\"https:\/\/champagner.com\/wp-content\/uploads\/2024\/07\/Jean-Paul-Gaultier-Piper-Heidsieck.webp 340w, https:\/\/champagner.com\/wp-content\/uploads\/2024\/07\/Jean-Paul-Gaultier-Piper-Heidsieck-300x238.webp 300w, https:\/\/champagner.com\/wp-content\/uploads\/2024\/07\/Jean-Paul-Gaultier-Piper-Heidsieck-15x12.webp 15w\" sizes=\"auto, (max-width: 340px) 100vw, 340px\" \/><p id=\"caption-attachment-7576\" class=\"wp-caption-text\">Jean-Paul Gaultier &amp; Piper-Heidsieck Champagne<\/p><\/div>\n<p>Jak je vid\u011bt, t\u00e9ma um\u011bn\u00ed \u0161ampa\u0148sk\u00e9ho je velmi rozmanit\u00e9 a nelze ho za\u0159adit do pevn\u011b dan\u00e9 z\u00e1suvky.<\/p>\n<\/div><\/section><\/p><\/div>\n<style type=\"text\/css\" data-created_by=\"avia_inline_auto\" id=\"style-css-av-7vz4-e2ecb25e9168201a3fd1fa7a9982a872\">\n.flex_column.av-7vz4-e2ecb25e9168201a3fd1fa7a9982a872{\nborder-radius:0px 0px 0px 0px;\npadding:0px 0px 0px 0px;\n}\n<\/style>\n<div  class='flex_column av-7vz4-e2ecb25e9168201a3fd1fa7a9982a872 av_one_fifth  avia-builder-el-6  el_after_av_three_fifth  avia-builder-el-last  flex_column_div av-zero-column-padding'     ><\/div>","protected":false},"excerpt":{"rendered":"","protected":false},"author":1,"featured_media":4712,"parent":0,"menu_order":0,"comment_status":"closed","ping_status":"closed","template":"","meta":{"footnotes":""},"class_list":["post-6514","page","type-page","status-publish","has-post-thumbnail","hentry"],"_links":{"self":[{"href":"https:\/\/champagner.com\/cs\/wp-json\/wp\/v2\/pages\/6514","targetHints":{"allow":["GET"]}}],"collection":[{"href":"https:\/\/champagner.com\/cs\/wp-json\/wp\/v2\/pages"}],"about":[{"href":"https:\/\/champagner.com\/cs\/wp-json\/wp\/v2\/types\/page"}],"author":[{"embeddable":true,"href":"https:\/\/champagner.com\/cs\/wp-json\/wp\/v2\/users\/1"}],"replies":[{"embeddable":true,"href":"https:\/\/champagner.com\/cs\/wp-json\/wp\/v2\/comments?post=6514"}],"version-history":[{"count":0,"href":"https:\/\/champagner.com\/cs\/wp-json\/wp\/v2\/pages\/6514\/revisions"}],"wp:featuredmedia":[{"embeddable":true,"href":"https:\/\/champagner.com\/cs\/wp-json\/wp\/v2\/media\/4712"}],"wp:attachment":[{"href":"https:\/\/champagner.com\/cs\/wp-json\/wp\/v2\/media?parent=6514"}],"curies":[{"name":"wp","href":"https:\/\/api.w.org\/{rel}","templated":true}]}}