{"id":6528,"date":"2022-05-05T13:56:49","date_gmt":"2022-05-05T13:56:49","guid":{"rendered":"https:\/\/champagner.com\/?page_id=6528"},"modified":"2024-11-04T12:46:29","modified_gmt":"2024-11-04T12:46:29","slug":"etikety-na-sampanske","status":"publish","type":"page","link":"https:\/\/champagner.com\/cs\/etikety-na-sampanske\/","title":{"rendered":"Etikety na \u0161ampa\u0148sk\u00e9"},"content":{"rendered":"<div   class='avia-fullscreen-slider main_color   avia-builder-el-0  el_before_av_section  avia-builder-el-first  container_wrap fullsize'  ><div  class='avia-slideshow av-kjripr6g-74ffc6525b251b8b733cc3ef032d902d avia-slideshow-extra_large av_fullscreen avia-slide-slider av-slideshow-ui av-control-default av-slideshow-manual av-loop-once av-loop-manual-endless av-default-height-applied   avia-slideshow-1' data-slideshow-options=\"{&quot;animation&quot;:&quot;slide&quot;,&quot;autoplay&quot;:false,&quot;loop_autoplay&quot;:&quot;once&quot;,&quot;interval&quot;:5,&quot;loop_manual&quot;:&quot;manual-endless&quot;,&quot;autoplay_stopper&quot;:false,&quot;noNavigation&quot;:false,&quot;bg_slider&quot;:true,&quot;keep_padding&quot;:false,&quot;hoverpause&quot;:false,&quot;show_slide_delay&quot;:0,&quot;slide_height&quot;:&quot;100&quot;,&quot;image_attachment&quot;:&quot;&quot;}\"  itemprop=\"image\" itemscope=\"itemscope\" itemtype=\"https:\/\/schema.org\/ImageObject\" ><ul class='avia-slideshow-inner' style='padding-bottom: 56.390977443609%;'><li style='background-position:center center;' data-img-url='https:\/\/champagner.com\/wp-content\/uploads\/2018\/05\/thienot-champagner-cuvee-alain-thienot.jpg' class='avia-slideshow-slide av-kjripr6g-74ffc6525b251b8b733cc3ef032d902d__0  av-single-slide slide-1 slide-odd'><div data-rel='slideshow-1' class='avia-slide-wrap'  title='Thi\u00e9not Champagne Cuvee Alain Thi\u00e9not' ><\/div><\/li><\/ul><\/div><\/div>\n<div id='av_section_1'  class='avia-section av-9qys-7fbec837cc9414b56951d589a49fa01e main_color avia-section-default avia-no-border-styling  avia-builder-el-1  el_after_av_fullscreen  avia-builder-el-last  avia-bg-style-scroll container_wrap fullsize'  ><div class='container av-section-cont-open' ><div class='template-page content  av-content-full alpha units'><div class='post-entry post-entry-type-page post-entry-6528'><div class='entry-content-wrapper clearfix'>\n\n<style type=\"text\/css\" data-created_by=\"avia_inline_auto\" id=\"style-css-av-9tz4-26c14c70028d90a54aefce07862c0d7e\">\n.flex_column.av-9tz4-26c14c70028d90a54aefce07862c0d7e{\nborder-radius:0px 0px 0px 0px;\npadding:0px 0px 0px 0px;\n}\n<\/style>\n<div  class='flex_column av-9tz4-26c14c70028d90a54aefce07862c0d7e av_one_fifth  avia-builder-el-2  el_before_av_three_fifth  avia-builder-el-first  first flex_column_div av-zero-column-padding'     ><\/div>\n<style type=\"text\/css\" data-created_by=\"avia_inline_auto\" id=\"style-css-av-5y3a-c3ba98e644c5ae5c87ca984f1618400f\">\n.flex_column.av-5y3a-c3ba98e644c5ae5c87ca984f1618400f{\nborder-radius:0px 0px 0px 0px;\npadding:0px 0px 0px 0px;\n}\n<\/style>\n<div  class='flex_column av-5y3a-c3ba98e644c5ae5c87ca984f1618400f av_three_fifth  avia-builder-el-3  el_after_av_one_fifth  el_before_av_one_fifth  flex_column_div av-zero-column-padding'     ><p>\n<style type=\"text\/css\" data-created_by=\"avia_inline_auto\" id=\"style-css-av-kjrjnv83-2a35af8d1787f56e3a1ccc09942a3cd9\">\n#top .av-special-heading.av-kjrjnv83-2a35af8d1787f56e3a1ccc09942a3cd9{\npadding-bottom:30px;\nfont-size:50px;\n}\nbody .av-special-heading.av-kjrjnv83-2a35af8d1787f56e3a1ccc09942a3cd9 .av-special-heading-tag .heading-char{\nfont-size:25px;\n}\n#top #wrap_all .av-special-heading.av-kjrjnv83-2a35af8d1787f56e3a1ccc09942a3cd9 .av-special-heading-tag{\nfont-size:50px;\n}\n.av-special-heading.av-kjrjnv83-2a35af8d1787f56e3a1ccc09942a3cd9 .av-subheading{\nfont-size:15px;\n}\n\n@media only screen and (min-width: 480px) and (max-width: 767px){ \n#top #wrap_all .av-special-heading.av-kjrjnv83-2a35af8d1787f56e3a1ccc09942a3cd9 .av-special-heading-tag{\nfont-size:0.8em;\n}\n}\n\n@media only screen and (max-width: 479px){ \n#top #wrap_all .av-special-heading.av-kjrjnv83-2a35af8d1787f56e3a1ccc09942a3cd9 .av-special-heading-tag{\nfont-size:0.8em;\n}\n}\n<\/style>\n<div  class='av-special-heading av-kjrjnv83-2a35af8d1787f56e3a1ccc09942a3cd9 av-special-heading-h1 blockquote modern-quote  avia-builder-el-4  el_before_av_textblock  avia-builder-el-first  av-inherit-size'><h1 class='av-special-heading-tag'  itemprop=\"headline\"  >Etikety na \u0161ampa\u0148sk\u00e9<\/h1><div class=\"special-heading-border\"><div class=\"special-heading-inner-border\"><\/div><\/div><\/div><br \/>\n\n<style type=\"text\/css\" data-created_by=\"avia_inline_auto\" id=\"style-css-av-kj4bin1p-07a9ad7eee89eb6f83c5a5be01d6504d\">\n#top .av_textblock_section.av-kj4bin1p-07a9ad7eee89eb6f83c5a5be01d6504d .avia_textblock{\nfont-size:18px;\ntext-align:left;\n}\n<\/style>\n<section  class='av_textblock_section av-kj4bin1p-07a9ad7eee89eb6f83c5a5be01d6504d'   itemscope=\"itemscope\" itemtype=\"https:\/\/schema.org\/CreativeWork\" ><div class='avia_textblock'  itemprop=\"text\" ><h3>\u0160t\u00edtky Champager<\/h3>\n<p>\u0160t\u00edtky <a href=\"https:\/\/champagner.com\/cs\/\">\u0160ampa\u0148sk\u00e9<\/a> jsou rovnocenn\u00e9 pr\u016fkaz\u016fm toto\u017enosti,<br \/>\nkter\u00e9 obsahuj\u00ed d\u016fle\u017eit\u00e9 informace podl\u00e9haj\u00edc\u00ed p\u0159\u00edsn\u00fdm p\u0159edpis\u016fm. Na etiket\u011b se nap\u0159\u00edklad dozv\u00edte, z jak\u00e9ho domu \u0161ampa\u0148sk\u00e9 poch\u00e1z\u00ed a jakou m\u00e1 p\u0159\u00edchu\u0165.<\/p>\n<p>Etikety na \u0161ampa\u0148sk\u00e9 se v primitivn\u00ed podob\u011b objevily ji\u017e v 18. stolet\u00ed. Z\u0159\u00eddkakdy se jednalo o v\u00edce ne\u017e jen nalepen\u00e9 \u00fatr\u017eky pap\u00edru s kus\u00fdmi ru\u010dn\u011b psan\u00fdmi informacemi.<\/p>\n<p>Kolem roku 1820 se objevily prav\u00e9 etikety, kter\u00e9 jsou dnes ozna\u010dov\u00e1ny jako \"\u00e9tiquettes\".<br \/>\n\u0161t\u00edtky byly ji\u017e podobn\u00e9. Kr\u00e1tce pot\u00e9 se vyvinula pravideln\u00e1 sout\u011b\u017e, kter\u00e1 odr\u00e1\u017eela pov\u011bst domu i kulturu a um\u011bn\u00ed na etiket\u011b.<\/p>\n<p>P\u0159esto\u017ee se na nich tyto kr\u00e1sn\u00e9 vlastnosti \u010dasto objevuj\u00ed i dnes, etikety \u0161ampa\u0148sk\u00e9ho se prom\u011bnily ve st\u0159e\u017een\u00e9 \"vlajky\" dom\u016f, kter\u00e9 jsou br\u00e1n\u011bny v boji proti napodobenin\u00e1m na ochranu spot\u0159ebitel\u016f.<\/p>\n<h3>Podrobn\u00fd popisek<\/h3>\n<p>Tento p\u0159\u00edklad je etiketa ze slavn\u00e9ho domu <a href=\"https:\/\/champagner.com\/cs\/g-h-mum-champagne\/\">St\u0159eva<\/a>. Tato etiketa Mumm poch\u00e1z\u00ed z l\u00e1hve z americk\u00e9ho trhu.<\/p>\n<p>Ozna\u010den\u00ed \"Champagne\". Bez n\u011bj nen\u00ed obsah prav\u00fdm \u0161ampa\u0148sk\u00fdm!<\/p>\n<p>Zna\u010dka a\/nebo n\u00e1zev spole\u010dnosti jsou obvykle uvedeny na viditeln\u00e9m m\u00edst\u011b. N\u011bkter\u00e9 domy tak\u00e9 h\u00e1j\u00ed ur\u010dit\u00e9 barvy. Nap\u0159\u00edklad zna\u010dka Veuve Clicquot je snadno rozpoznateln\u00e1 d\u00edky speci\u00e1ln\u00ed oran\u017eov\u00e9 barv\u011b na etiket\u00e1ch \u0161ampa\u0148sk\u00e9ho.<br \/>\nTato etiketa Mumm obsahuje jak jm\u00e9no G. H. Mumm, tak zna\u010dku Cordon Rouge ve slavn\u00e9 diagon\u00e1ln\u00ed \u010derven\u00e9 stuze. Tato v\u00fdrazn\u00e1 \u010derven\u00e1 stuha byla poprv\u00e9 p\u0159edstavena v roce 1876 jako elegantn\u00ed hedv\u00e1bn\u00e9 smy\u010dky kolem lahv\u00ed. V roce 1883 byly etikety ozna\u010deny \u010dervenou stuhou nam\u00edsto smy\u010dek. \u010cerven\u00e1 stuha byla symbolicky odvozena od francouzsk\u00e9ho \u0158\u00e1du \u010destn\u00e9 legie (L\u00e9gion d'honneur).<\/p>\n<ul>\n<li>M\u011bsto a zem\u011b p\u016fvodu Francie<\/li>\n<li>Obsah alkoholu (od 10,51 do 131 %).<\/li>\n<li>Objem l\u00e1hve<\/li>\n<\/ul>\n<p>Zde byl uveden odpov\u00eddaj\u00edc\u00ed objem americk\u00e9 kapaliny (1 pinta, 10 tekut\u00fdch unc\u00ed). Po p\u0159epo\u010dtu tedy tato l\u00e1hev odpov\u00eddala p\u0159ibli\u017en\u011b typick\u00e9 evropsk\u00e9 standardn\u00ed l\u00e1hvi.<\/p>\n<p>Kontroln\u00ed \u010d\u00edslo CIVC jako povinn\u00fd \u00fadaj, kter\u00fd za\u010d\u00edn\u00e1 dv\u011bma p\u00edsmeny a je n\u00e1sledov\u00e1n v\u00edcem\u00edstn\u00fdm \u010d\u00edslem. P\u00edsmena jsou zkratky a znamenaj\u00ed<\/p>\n<p>**N.M.<br \/>\n(n\u00e9gociant-manipulant)<br \/>\nP\u0159ipravuje \u0161ampa\u0148sk\u00e9.<\/p>\n<p>** M.A.<br \/>\n(marque d'acheteur)<br \/>\nSekund\u00e1rn\u00ed zna\u010dka. Toto \u0161ampa\u0148sk\u00e9 bylo<br \/>\nod \u0161ampa\u0148sk\u00e9ho domu jako speci\u00e1ln\u00ed lahvov\u00e1n\u00ed nebo<br \/>\nst\u00e1\u010den\u00ed pod priv\u00e1tn\u00ed zna\u010dkou, nap\u0159\u00edklad na<br \/>\ndodan\u00e9 do restaurace nebo leteck\u00e9 spole\u010dnosti.<\/p>\n<p>** R.M<br \/>\n(r\u00e9coltant-manipulant)<br \/>\nP\u0159ipravuje \u0161ampa\u0148sk\u00e9 vina\u0159 z vlastn\u00edch zdroj\u016f.<br \/>\nVinice.<\/p>\n<p>** R.C.<br \/>\n(r\u00e9coltant-coop\u00e9rateur)<br \/>\nP\u0159ipravuje \u0161ampa\u0148sk\u00e9 vina\u0159 z vlastn\u00edch zdroj\u016f.<br \/>\nvinice a z\u00e1soby vina\u0159sk\u00e9ho dru\u017estva.<\/p>\n<p>** C.M.<br \/>\n(coop\u00e9rative de manipulation)<br \/>\nVina\u0159sk\u00e9 dru\u017estvo bylo zodpov\u011bdn\u00e9 za.<br \/>\nodpov\u011bdn\u00fd za st\u00e1\u010den\u00ed.<\/p>\n<p>Velmi d\u016fle\u017eit\u00e9 je tak\u00e9 ozna\u010dov\u00e1n\u00ed chuti:<br \/>\nExtra Brut, Brut, Extra Dry, Sec, Demi-Sec<br \/>\n(viz D\u00e1vkov\u00e1n\u00ed)<\/p>\n<p>Etiketa na hrdle (nebo na rameni) l\u00e1hve \u0161ampa\u0148sk\u00e9ho se naz\u00fdv\u00e1 cravat nebo collerette. N\u011bkdy je na n\u00ed uveden n\u00e1zev domu, erb nebo logo domu, ro\u010dn\u00edk \u0161ampa\u0148sk\u00e9ho, rok zalo\u017een\u00ed domu nebo t\u0159eba pozn\u00e1mka jako ofici\u00e1ln\u00ed dodavatel ur\u010dit\u00e9ho kr\u00e1lovsk\u00e9ho domu. N\u011bkter\u00e9 domy se tak\u00e9 obejdou bez etikety na hrdle.<\/p>\n<p>Etikety \u0161ampa\u0148sk\u00e9ho \u010dasto obsahuj\u00ed i dal\u0161\u00ed informace.<\/p>\n<h3>Etikety \u0161ampa\u0148sk\u00e9ho Mill\u00e9sime<\/h3>\n<p>\u0160ampa\u0148sk\u00e9 vyroben\u00e9 z hrozn\u016f pouze z jednoho konkr\u00e9tn\u00edho roku se naz\u00fdv\u00e1 <a href=\"https:\/\/champagner.com\/cs\/mista-cestovani\/\">\u0160ampa\u0148sk\u00e9<\/a> mill\u00e9sime.<br \/>\nRo\u010dn\u00edk, jako nap\u0159. <a href=\"https:\/\/champagner.com\/cs\/let\/\">1990<\/a> je na etiket\u011b \u0161ampa\u0148sk\u00e9ho Jacquesson obvykle uveden na v\u00fdznamn\u00e9m m\u00edst\u011b. Ro\u010dn\u00edk je uveden tak\u00e9 na korku (viz tak\u00e9 korek).<\/p>\n<p>** Blanc de Blancs<br \/>\nK 100% z\u00edskan\u00e9mu z hrozn\u016f Chardonnay.<br \/>\n(Viz tak\u00e9 Blanc de Blancs).<\/p>\n<p>** Blanc de Noirs<br \/>\nK 100% z hrozn\u016f Pinot Noir a\/nebo Pinot Meunier.<br \/>\n(Viz tak\u00e9 Blanc de Noirs).<\/p>\n<p>** Odkaz na Cru<br \/>\nGrand Cru nebo Premier Cru ozna\u010duje ta nejoce\u0148ovan\u011bj\u0161\u00ed v\u00edna.<br \/>\nm\u00edsta v oblasti Champagne. Je zde 17 Grand Crus (nap\u0159. Ambonnay, Avize, A\u00ff, Bouzy, Cramant, Le Mesnil-sur-Oger, Tours-sur-Marne) a 41 Premier Crus (nap\u0159. Chouilly, <a href=\"https:\/\/champagner.com\/cs\/glosar-2\/hautvillers\/\">Hautvillers<\/a>Mareuil-sur-A\u00ff; viz tak\u00e9 Cru).<\/p>\n<h4>Um\u011bleck\u00e9 etikety na \u0161ampa\u0148sk\u00e9<\/h4>\n<p>D\u016fm Perrier-Jou\u00ebt pou\u017e\u00edv\u00e1 harmonicky tvarovanou pr\u016fhlednou etiketu v kombinaci se zn\u00e1m\u00fdmi r\u00e1muj\u00edc\u00edmi kv\u011bty na l\u00e1hvi (Fleur de Champagne).<\/p>\n<p>N\u011bkter\u00e9 \u0161ampa\u0148sk\u00e9 domy \u010das od \u010dasu p\u0159ipom\u00ednaj\u00ed historick\u00e9 ud\u00e1losti velmi kr\u00e1sn\u00fdmi etiketami. Tento p\u0159\u00edklad je etiketa z proslul\u00e9ho \u0161ampa\u0148sk\u00e9ho domu Lecerc Briant.<\/p>\n<p>V tomto p\u0159\u00edpad\u011b slavn\u00fd \u0161ampa\u0148sk\u00fd d\u016fm Deutz p\u0159ipom\u00edn\u00e1 legend\u00e1rn\u00ed Orient Express ve fantastick\u00e9 etiket\u011b. Nen\u00ed divu, \u017ee existuje tolik sb\u011bratel\u016f etiket<\/p>\n<p>Z\u00e1\u017eitkem jsou tak\u00e9 um\u011bleck\u00e9 etikety na \u0161ampa\u0148sk\u00e9 od spole\u010dnosti Bruno Paillard.<\/p>\n<\/div><\/section><\/p><\/div>\n<style type=\"text\/css\" data-created_by=\"avia_inline_auto\" id=\"style-css-av-7vz4-e2ecb25e9168201a3fd1fa7a9982a872\">\n.flex_column.av-7vz4-e2ecb25e9168201a3fd1fa7a9982a872{\nborder-radius:0px 0px 0px 0px;\npadding:0px 0px 0px 0px;\n}\n<\/style>\n<div  class='flex_column av-7vz4-e2ecb25e9168201a3fd1fa7a9982a872 av_one_fifth  avia-builder-el-6  el_after_av_three_fifth  avia-builder-el-last  flex_column_div av-zero-column-padding'     ><\/div>","protected":false},"excerpt":{"rendered":"","protected":false},"author":1,"featured_media":4333,"parent":0,"menu_order":0,"comment_status":"closed","ping_status":"closed","template":"","meta":{"footnotes":""},"class_list":["post-6528","page","type-page","status-publish","has-post-thumbnail","hentry"],"_links":{"self":[{"href":"https:\/\/champagner.com\/cs\/wp-json\/wp\/v2\/pages\/6528","targetHints":{"allow":["GET"]}}],"collection":[{"href":"https:\/\/champagner.com\/cs\/wp-json\/wp\/v2\/pages"}],"about":[{"href":"https:\/\/champagner.com\/cs\/wp-json\/wp\/v2\/types\/page"}],"author":[{"embeddable":true,"href":"https:\/\/champagner.com\/cs\/wp-json\/wp\/v2\/users\/1"}],"replies":[{"embeddable":true,"href":"https:\/\/champagner.com\/cs\/wp-json\/wp\/v2\/comments?post=6528"}],"version-history":[{"count":0,"href":"https:\/\/champagner.com\/cs\/wp-json\/wp\/v2\/pages\/6528\/revisions"}],"wp:featuredmedia":[{"embeddable":true,"href":"https:\/\/champagner.com\/cs\/wp-json\/wp\/v2\/media\/4333"}],"wp:attachment":[{"href":"https:\/\/champagner.com\/cs\/wp-json\/wp\/v2\/media?parent=6528"}],"curies":[{"name":"wp","href":"https:\/\/api.w.org\/{rel}","templated":true}]}}