{"id":6531,"date":"2022-05-05T14:08:45","date_gmt":"2022-05-05T14:08:45","guid":{"rendered":"https:\/\/champagner.com\/?page_id=6531"},"modified":"2024-07-26T02:47:20","modified_gmt":"2024-07-26T02:47:20","slug":"skladovani-sampanskeho","status":"publish","type":"page","link":"https:\/\/champagner.com\/cs\/skladovani-sampanskeho\/","title":{"rendered":"Skladov\u00e1n\u00ed \u0161ampa\u0148sk\u00e9ho"},"content":{"rendered":"<div   class='avia-fullscreen-slider main_color   avia-builder-el-0  el_before_av_section  avia-builder-el-first  container_wrap fullsize'  ><div  class='avia-slideshow av-kjripr6g-74ffc6525b251b8b733cc3ef032d902d avia-slideshow-extra_large av_fullscreen avia-slide-slider av-slideshow-ui av-control-default av-slideshow-manual av-loop-once av-loop-manual-endless av-default-height-applied   avia-slideshow-1' data-slideshow-options=\"{&quot;animation&quot;:&quot;slide&quot;,&quot;autoplay&quot;:false,&quot;loop_autoplay&quot;:&quot;once&quot;,&quot;interval&quot;:5,&quot;loop_manual&quot;:&quot;manual-endless&quot;,&quot;autoplay_stopper&quot;:false,&quot;noNavigation&quot;:false,&quot;bg_slider&quot;:true,&quot;keep_padding&quot;:false,&quot;hoverpause&quot;:false,&quot;show_slide_delay&quot;:0,&quot;slide_height&quot;:&quot;100&quot;,&quot;image_attachment&quot;:&quot;&quot;}\"  itemprop=\"image\" itemscope=\"itemscope\" itemtype=\"https:\/\/schema.org\/ImageObject\" ><ul class='avia-slideshow-inner' style='padding-bottom: 50%;'><li style='background-position:center center;' data-img-url='https:\/\/champagner.com\/wp-content\/uploads\/2018\/05\/charles-heidsieck-champagner-lagerung.jpg' class='avia-slideshow-slide av-kjripr6g-74ffc6525b251b8b733cc3ef032d902d__0  av-single-slide slide-1 slide-odd'><div data-rel='slideshow-1' class='avia-slide-wrap'  title='Charles Heidsieck Skladov\u00e1n\u00ed \u0161ampa\u0148sk\u00e9ho' ><\/div><\/li><\/ul><\/div><\/div>\n<div id='av_section_1'  class='avia-section av-9qys-7fbec837cc9414b56951d589a49fa01e main_color avia-section-default avia-no-border-styling  avia-builder-el-1  el_after_av_fullscreen  avia-builder-el-last  avia-bg-style-scroll container_wrap fullsize'  ><div class='container av-section-cont-open' ><div class='template-page content  av-content-full alpha units'><div class='post-entry post-entry-type-page post-entry-6531'><div class='entry-content-wrapper clearfix'>\n\n<style type=\"text\/css\" data-created_by=\"avia_inline_auto\" id=\"style-css-av-9tz4-26c14c70028d90a54aefce07862c0d7e\">\n.flex_column.av-9tz4-26c14c70028d90a54aefce07862c0d7e{\nborder-radius:0px 0px 0px 0px;\npadding:0px 0px 0px 0px;\n}\n<\/style>\n<div  class='flex_column av-9tz4-26c14c70028d90a54aefce07862c0d7e av_one_fifth  avia-builder-el-2  el_before_av_three_fifth  avia-builder-el-first  first flex_column_div av-zero-column-padding'     ><\/div>\n<style type=\"text\/css\" data-created_by=\"avia_inline_auto\" id=\"style-css-av-5y3a-c3ba98e644c5ae5c87ca984f1618400f\">\n.flex_column.av-5y3a-c3ba98e644c5ae5c87ca984f1618400f{\nborder-radius:0px 0px 0px 0px;\npadding:0px 0px 0px 0px;\n}\n<\/style>\n<div  class='flex_column av-5y3a-c3ba98e644c5ae5c87ca984f1618400f av_three_fifth  avia-builder-el-3  el_after_av_one_fifth  el_before_av_one_fifth  flex_column_div av-zero-column-padding'     ><p>\n<style type=\"text\/css\" data-created_by=\"avia_inline_auto\" id=\"style-css-av-kjrjnv83-058860c1bf94d3597534b0c9e9493aab\">\n#top .av-special-heading.av-kjrjnv83-058860c1bf94d3597534b0c9e9493aab{\npadding-bottom:30px;\nfont-size:50px;\n}\nbody .av-special-heading.av-kjrjnv83-058860c1bf94d3597534b0c9e9493aab .av-special-heading-tag .heading-char{\nfont-size:25px;\n}\n#top #wrap_all .av-special-heading.av-kjrjnv83-058860c1bf94d3597534b0c9e9493aab .av-special-heading-tag{\nfont-size:50px;\n}\n.av-special-heading.av-kjrjnv83-058860c1bf94d3597534b0c9e9493aab .av-subheading{\nfont-size:15px;\n}\n\n@media only screen and (min-width: 480px) and (max-width: 767px){ \n#top #wrap_all .av-special-heading.av-kjrjnv83-058860c1bf94d3597534b0c9e9493aab .av-special-heading-tag{\nfont-size:0.8em;\n}\n}\n\n@media only screen and (max-width: 479px){ \n#top #wrap_all .av-special-heading.av-kjrjnv83-058860c1bf94d3597534b0c9e9493aab .av-special-heading-tag{\nfont-size:0.8em;\n}\n}\n<\/style>\n<div  class='av-special-heading av-kjrjnv83-058860c1bf94d3597534b0c9e9493aab av-special-heading-h1 blockquote modern-quote  avia-builder-el-4  el_before_av_textblock  avia-builder-el-first  av-inherit-size'><h1 class='av-special-heading-tag'  itemprop=\"headline\"  >Skladov\u00e1n\u00ed \u0161ampa\u0148sk\u00e9ho<\/h1><div class=\"special-heading-border\"><div class=\"special-heading-inner-border\"><\/div><\/div><\/div><br \/>\n\n<style type=\"text\/css\" data-created_by=\"avia_inline_auto\" id=\"style-css-av-kj4bin1p-07a9ad7eee89eb6f83c5a5be01d6504d\">\n#top .av_textblock_section.av-kj4bin1p-07a9ad7eee89eb6f83c5a5be01d6504d .avia_textblock{\nfont-size:18px;\ntext-align:left;\n}\n<\/style>\n<section  class='av_textblock_section av-kj4bin1p-07a9ad7eee89eb6f83c5a5be01d6504d'   itemscope=\"itemscope\" itemtype=\"https:\/\/schema.org\/CreativeWork\" ><div class='avia_textblock'  itemprop=\"text\" ><h1>Skladov\u00e1n\u00ed \u0161ampa\u0148sk\u00e9ho: komplexn\u00ed pr\u016fvodce<\/h1>\n<p><a href=\"https:\/\/champagner.com\/cs\/\">\u0160ampa\u0148sk\u00e9<\/a> nen\u00ed jen n\u00e1poj, ale symbol oslav a luxusu. Aby si \u0161ampa\u0148sk\u00e9 zachovalo svou jedine\u010dnou chu\u0165 a jemnou perlagu, je nezbytn\u00e9 ho spr\u00e1vn\u011b skladovat. V tomto pr\u016fvodci se budeme zab\u00fdvat nejlep\u0161\u00edmi zp\u016fsoby skladov\u00e1n\u00ed \u0161ampa\u0148sk\u00e9ho, kter\u00e9 v\u00e1m zajist\u00ed, \u017ee si v\u017edy vychutn\u00e1te tu nejlep\u0161\u00ed kvalitu.<\/p>\n<h2>\u00davod do skladov\u00e1n\u00ed \u0161ampa\u0148sk\u00e9ho<\/h2>\n<p>\u0160ampa\u0148sk\u00e9, \u0161umiv\u00fd n\u00e1poj z francouzsk\u00e9 oblasti Champagne, je proslul\u00e9 svou komplexnost\u00ed a jemnost\u00ed. Skladov\u00e1n\u00ed \u0161ampa\u0148sk\u00e9ho, a\u0165 u\u017e pro zvl\u00e1\u0161tn\u00ed p\u0159\u00edle\u017eitosti nebo jako sou\u010d\u00e1st va\u0161\u00ed sb\u00edrky, je rozhoduj\u00edc\u00edm faktorem pro zachov\u00e1n\u00ed jeho kvality a podporu jeho v\u00fdvoje. Spr\u00e1vn\u00e9 zach\u00e1zen\u00ed se \u0161ampa\u0148sk\u00fdm m\u016f\u017ee znamenat rozd\u00edl mezi pr\u016fm\u011brn\u00fdm a v\u00fdjime\u010dn\u00fdm chu\u0165ov\u00fdm z\u00e1\u017eitkem.<\/p>\n<h2>Pro\u010d je d\u016fle\u017eit\u00e9 \u0161ampa\u0148sk\u00e9 spr\u00e1vn\u011b skladovat?<\/h2>\n<h3>Vliv sv\u011btla a teploty<\/h3>\n<p>\u0160ampa\u0148sk\u00e9 je citliv\u00e9 na sv\u011btlo a teplotu. P\u0159\u00edm\u00e9 slune\u010dn\u00ed sv\u011btlo nebo siln\u00e9 zdroje sv\u011btla mohou zm\u011bnit chemick\u00e9 slou\u010deniny v \u0161ampa\u0148sk\u00e9m, co\u017e vede k rychl\u00e9mu st\u00e1rnut\u00ed a ztr\u00e1t\u011b \u010derstvosti. Ide\u00e1ln\u00ed je st\u00e1l\u00e1 teplota, kter\u00e1 nen\u00ed p\u0159\u00edli\u0161 extr\u00e9mn\u00ed.<\/p>\n<h3>Vliv vlhkosti<\/h3>\n<p>D\u016fle\u017eitou roli hraje tak\u00e9 vlhkost. Nadm\u011brn\u00e1 vlhkost m\u016f\u017ee po\u0161kodit etikety na lahv\u00edch nebo zp\u016fsobit vznik pl\u00edsn\u00ed na lahv\u00edch. <a href=\"https:\/\/champagner.com\/cs\/glosar-2\/korek\/\">Korek<\/a> roste. Pokud je vlhkost p\u0159\u00edli\u0161 n\u00edzk\u00e1, m\u016f\u017ee doj\u00edt k vysu\u0161en\u00ed korku a vniknut\u00ed vzduchu do l\u00e1hve, co\u017e zp\u016fsob\u00ed oxidaci \u0161ampa\u0148sk\u00e9ho.<\/p>\n<h3>V\u00fdznam polohy l\u00e1hve<\/h3>\n<p>Na kvalitu \u0161ampa\u0148sk\u00e9ho m\u00e1 vliv i zp\u016fsob skladov\u00e1n\u00ed lahve. Lahve skladovan\u00e9 ve vodorovn\u00e9 poloze maj\u00ed tu v\u00fdhodu, \u017ee korek z\u016fst\u00e1v\u00e1 vlhk\u00fd, a proto l\u00e9pe t\u011bsn\u00ed.<\/p>\n<h2>Tipy pro skladov\u00e1n\u00ed \u0161ampa\u0148sk\u00e9ho<\/h2>\n<h3>Ide\u00e1ln\u00ed skladovac\u00ed teplota<\/h3>\n<p>Ide\u00e1ln\u00ed teplota pro skladov\u00e1n\u00ed \u0161ampa\u0148sk\u00e9ho je 8 a\u017e 12 stup\u0148\u016f Celsia. Tato teplota zaji\u0161\u0165uje pomal\u00e9 zr\u00e1n\u00ed \u0161ampa\u0148sk\u00e9ho a optim\u00e1ln\u00ed rozvinut\u00ed jeho chuti. Extr\u00e9mn\u00edm v\u00fdkyv\u016fm teploty je t\u0159eba se vyhnout, proto\u017ee mohou ovlivnit kvalitu \u0161ampa\u0148sk\u00e9ho.<\/p>\n<h3>Spr\u00e1vn\u00e9 um\u00edst\u011bn\u00ed skladu<\/h3>\n<p>Pro skladov\u00e1n\u00ed \u0161ampa\u0148sk\u00e9ho vyberte chladn\u00e9 a tmav\u00e9 m\u00edsto. Ide\u00e1ln\u00ed je vinn\u00fd sklep nebo speci\u00e1ln\u00ed chladni\u010dka na \u0161ampa\u0148sk\u00e9. Vyhn\u011bte se <a href=\"https:\/\/champagner.com\/cs\/mista-cestovani\/\">M\u00edsta<\/a>vystaveno siln\u00fdm pach\u016fm, proto\u017ee \u0161ampa\u0148sk\u00e9 m\u016f\u017ee snadno absorbovat ciz\u00ed pachy.<\/p>\n<h3>Poloha l\u00e1hve<\/h3>\n<p>Lahve \u0161ampa\u0148sk\u00e9ho by m\u011bly b\u00fdt skladov\u00e1ny nejl\u00e9pe ve vodorovn\u00e9 poloze. To pom\u00e1h\u00e1 udr\u017eovat korek vlhk\u00fd, co\u017e sni\u017euje riziko oxidace. To je d\u016fle\u017eit\u00e9 zejm\u00e9na u \u0161umiv\u00fdch v\u00edn, jako je \u0161ampa\u0148sk\u00e9, proto\u017ee tlak v l\u00e1hvi ovliv\u0148uje t\u011bsnost korku.<\/p>\n<h3>Zamezen\u00ed vibrac\u00edm<\/h3>\n<p>\u0160ampa\u0148sk\u00e9 by se m\u011blo skladovat na m\u00edst\u011b, kde nedoch\u00e1z\u00ed k vibrac\u00edm nebo ot\u0159es\u016fm. Ty mohou naru\u0161it jemn\u00e9 bublinky v \u0161ampa\u0148sk\u00e9m a negativn\u011b ovlivnit jeho strukturu. Klidn\u00e9 a stabiln\u00ed m\u00edsto pro skladov\u00e1n\u00ed je proto nezbytn\u00e9.<\/p>\n<h2>Dlouhodob\u00e9 skladov\u00e1n\u00ed \u0161ampa\u0148sk\u00e9ho<\/h2>\n<h3>Potenci\u00e1l zr\u00e1n\u00ed<\/h3>\n<p>Ne v\u0161echny \u0161ampa\u0148sk\u00e9 jsou vhodn\u00e9 pro dlouhodob\u00e9 skladov\u00e1n\u00ed. Zat\u00edmco n\u011bkter\u00fdm odr\u016fd\u00e1m prosp\u00edv\u00e1 del\u0161\u00ed zr\u00e1n\u00ed, jin\u00e9 si nejl\u00e9pe vychutn\u00e1te mlad\u00e9 a \u010derstv\u00e9. Ro\u010dn\u00edkov\u00e1 \u0161ampa\u0148sk\u00e1 a n\u011bkter\u00e1 presti\u017en\u00ed cuv\u00e9e maj\u00ed \u010dasto potenci\u00e1l zr\u00e1t po mnoho let a d\u00e1le rozv\u00edjet svou chu\u0165.<\/p>\n<h3>Vliv zr\u00e1n\u00ed v l\u00e1hvi<\/h3>\n<p>\u010casem se \u0161ampa\u0148sk\u00e9 v l\u00e1hvi m\u011bn\u00ed. Chu\u0165 se d\u00e1le vyv\u00edj\u00ed a \u0161ampa\u0148sk\u00e9 se m\u016f\u017ee st\u00e1t komplexn\u011bj\u0161\u00edm. To plat\u00ed zejm\u00e9na pro vysoce kvalitn\u00ed ro\u010dn\u00edkov\u00e9 \u0161ampa\u0148sk\u00e9. D\u00e1vejte v\u0161ak pozor, abyste \u0161ampa\u0148sk\u00e9 neskladovali p\u0159\u00edli\u0161 dlouho, proto\u017ee i ty nejlep\u0161\u00ed lahve nakonec p\u0159ekro\u010d\u00ed optim\u00e1ln\u00ed dobu zralosti pro pit\u00ed.<\/p>\n<h2>Kr\u00e1tkodob\u00e9 skladov\u00e1n\u00ed a teplota pod\u00e1v\u00e1n\u00ed<\/h2>\n<h3>P\u0159\u00edprava p\u0159ed pod\u00e1v\u00e1n\u00edm<\/h3>\n<p>Pokud chcete \u0161ampa\u0148sk\u00e9 uchov\u00e1vat kr\u00e1tkou dobu, ujist\u011bte se, \u017ee je l\u00e1hev p\u0159ed otev\u0159en\u00edm dob\u0159e vychlazen\u00e1. Ide\u00e1ln\u00ed teplota pro pod\u00e1v\u00e1n\u00ed je p\u0159ibli\u017en\u011b 6 a\u017e 8 stup\u0148\u016f Celsia, aby se co nejl\u00e9pe projevila jeho chu\u0165. Pokud je teplota p\u0159\u00edli\u0161 vysok\u00e1, \u0161ampa\u0148sk\u00e9 m\u016f\u017ee p\u0159\u00edli\u0161 rychle ztratit svou sv\u011b\u017eest.<\/p>\n<h3>Spr\u00e1vn\u00fd chladic\u00ed mechanismus<\/h3>\n<p>Pro kr\u00e1tkodob\u00e9 chlazen\u00ed m\u016f\u017eete \u0161ampa\u0148sk\u00e9 ulo\u017eit do chladni\u010dky. P\u0159\u00edpadn\u011b jej m\u016f\u017eete um\u00edstit do kbel\u00edku s ledem a vodou. T\u00edm zajist\u00edte rovnom\u011brn\u00e9 a rychl\u00e9 chlazen\u00ed bez zbyte\u010dn\u00e9ho \u0161oku \u0161ampa\u0148sk\u00e9ho.<\/p>\n<h2>Vyhn\u011bte se chyb\u00e1m p\u0159i skladov\u00e1n\u00ed \u0161ampa\u0148sk\u00e9ho<\/h2>\n<h3>Skladov\u00e1n\u00ed v bl\u00edzkosti zdroj\u016f tepla<\/h3>\n<p>\u0160ampa\u0148sk\u00e9 neskladujte v bl\u00edzkosti zdroj\u016f tepla, jako jsou radi\u00e1tory nebo slunce. Teplo m\u016f\u017ee rychle zhor\u0161it kvalitu \u0161ampa\u0148sk\u00e9ho.<\/p>\n<h3>Zanedb\u00e1n\u00ed polohy l\u00e1hve<\/h3>\n<p>Lahve se \u0161ampa\u0148sk\u00fdm skladujte ve vodorovn\u00e9 poloze, aby korek z\u016fstal vlhk\u00fd. Pro kvalitu \u0161ampa\u0148sk\u00e9ho je tak\u00e9 d\u016fle\u017eit\u00e9 vyhnout se vibrac\u00edm a ot\u0159es\u016fm.<\/p>\n<h3>Nedostatek vlhkosti<\/h3>\n<p>P\u0159\u00edli\u0161 n\u00edzk\u00e1 vlhkost m\u016f\u017ee vysu\u0161it korek a umo\u017enit vniknut\u00ed vzduchu do l\u00e1hve. Dbejte na to, aby vlhkost ve skladovac\u00edch prostor\u00e1ch z\u016fst\u00e1vala konstantn\u00ed.<\/p>\n<h2>Speci\u00e1ln\u00ed mo\u017enosti skladov\u00e1n\u00ed<\/h2>\n<h3>Chladni\u010dky na \u0161ampa\u0148sk\u00e9<\/h3>\n<p>Existuj\u00ed speci\u00e1ln\u00ed chladni\u010dky na \u0161ampa\u0148sk\u00e9, kter\u00e9 nab\u00edzej\u00ed ide\u00e1ln\u00ed skladovac\u00ed podm\u00ednky. Tyto chladni\u010dky jsou navr\u017eeny tak, aby vyhovovaly pot\u0159eb\u00e1m \u0161ampa\u0148sk\u00e9ho a poskytovaly spr\u00e1vnou teplotu, vlhkost a ochranu p\u0159ed sv\u011btlem.<\/p>\n<h3>Vinn\u00fd sklep a skladovac\u00ed prostory<\/h3>\n<p>Dob\u0159e napl\u00e1novan\u00fd vinn\u00fd sklep m\u016f\u017ee tak\u00e9 poskytnout vynikaj\u00edc\u00ed skladovac\u00ed prost\u0159ed\u00ed. M\u011bl by b\u00fdt chladn\u00fd, tmav\u00fd a tich\u00fd, aby byly zaji\u0161t\u011bny ty nejlep\u0161\u00ed podm\u00ednky pro skladov\u00e1n\u00ed \u0161ampa\u0148sk\u00e9ho.<\/p>\n<h2>\u010casto kladen\u00e9 ot\u00e1zky o skladov\u00e1n\u00ed \u0161ampa\u0148sk\u00e9ho<\/h2>\n<h3>Jak dlouho lze \u0161ampa\u0148sk\u00e9 skladovat?<\/h3>\n<p>Doba skladov\u00e1n\u00ed \u0161ampa\u0148sk\u00e9ho z\u00e1vis\u00ed na typu \u0161ampa\u0148sk\u00e9ho. Ro\u010dn\u00ed \u0161ampa\u0148sk\u00e9 lze \u010dasto skladovat po mnoho let, zat\u00edmco nero\u010dn\u00edkov\u00e9 \u0161ampa\u0148sk\u00e9 si nejl\u00e9pe vychutn\u00e1te do jednoho a\u017e dvou let od zakoupen\u00ed.<\/p>\n<h3>M\u016f\u017ee \u0161ampa\u0148sk\u00e9 zr\u00e1t v l\u00e1hvi?<\/h3>\n<p>Ano, \u0161ampa\u0148sk\u00e9 m\u016f\u017ee zr\u00e1t v l\u00e1hvi, zejm\u00e9na pokud jde o vysoce kvalitn\u00ed ro\u010dn\u00edkov\u00e9 \u0161ampa\u0148sk\u00e9. Zr\u00e1n\u00ed m\u016f\u017ee v\u00e9st ke komplexn\u011bj\u0161\u00ed a vyv\u00e1\u017een\u011bj\u0161\u00ed chu\u0165ov\u00e9 struktu\u0159e.<\/p>\n<h3>Jak pozn\u00e1m, \u017ee se \u0161ampa\u0148sk\u00e9 zkazilo?<\/h3>\n<p>Zka\u017een\u00e9 \u0161ampa\u0148sk\u00e9 m\u016f\u017ee nep\u0159\u00edjemn\u011b zap\u00e1chat a ztr\u00e1cet bublinky. Pokud je \u0161ampa\u0148sk\u00e9 c\u00edtit ztuhl\u00fdm nebo zoxidovan\u00fdm pachem, pravd\u011bpodobn\u011b ji\u017e nen\u00ed vhodn\u00e9 k pit\u00ed.<\/p>\n<h3><strong>V\u00fdznam ro\u010dn\u00edku a \u0161ampa\u0148sk\u00e9ho domu<\/strong><\/h3>\n<p>Hodnota ro\u010dn\u00edkov\u00e9ho \u0161ampa\u0148sk\u00e9ho nen\u00ed jen ot\u00e1zkou st\u00e1\u0159\u00ed, ale tak\u00e9 jm\u00e9na \u0161ampa\u0148sk\u00e9ho domu a samotn\u00e9ho ro\u010dn\u00edku. N\u011bkter\u00e9 <a href=\"https:\/\/champagner.com\/cs\/let\/\">Ro\u010dn\u00edky<\/a> jsou obzvl\u00e1\u0161t\u011b vyhled\u00e1van\u00e9 pro svou v\u00fdjime\u010dnou kvalitu a vz\u00e1cnost. \u0160ampa\u0148sk\u00e9 domy jako Veuve Clicquot, Dom P\u00e9rignon a Krug se prosadily d\u00edky sv\u00e9 kvalit\u011b a vz\u00e1cnosti. <a href=\"https:\/\/champagner.com\/cs\/glosar-2\/puvod-sampanskeho\/\">Historie<\/a> se proslavil. Ro\u010dn\u00edk \u0161ampa\u0148sk\u00e9ho z renomovan\u00e9ho domu m\u016f\u017ee na trhu vyn\u00e9st zna\u010dn\u00e9 \u010d\u00e1stky, zejm\u00e9na pokud poch\u00e1z\u00ed z obzvl\u00e1\u0161t\u011b dobr\u00e9ho ro\u010dn\u00edku.<\/p>\n<p>Nap\u0159\u00edklad n\u011bkter\u00e9 v\u00fdjime\u010dn\u00e9 \u0161ampa\u0148sk\u00e9 byly vydra\u017eeny ve slavn\u00e9 auk\u010dn\u00ed s\u00edni Christie's za vysok\u00e9 ceny. T\u011bsn\u011b p\u0159ed rokem 2000 bylo prod\u00e1no \u0161est lahv\u00ed magnum Veuve Clicquot Brut 1949, ka\u017ed\u00e1 za $9 200 americk\u00fdch dolar\u016f. T\u0159i l\u00e1hve Dom P\u00e9rignon 1964 se vydra\u017eily za $1 139 US dolar\u016f za l\u00e1hev, zat\u00edmco l\u00e1hev Heidsieck Monopole Go\u00fbt Am\u00e9ricain 1907, zachr\u00e1n\u011bn\u00e1 z vraku \u0161v\u00e9dsk\u00e9 lodi, vynesla $4 068 US dolar\u016f. Tyto p\u0159\u00edklady ilustruj\u00ed, \u017ee kombinace ro\u010dn\u00edku, domu a spr\u00e1vn\u00e9ho skladov\u00e1n\u00ed \u0161ampa\u0148sk\u00e9ho je pro hodnotu \u0161ampa\u0148sk\u00e9ho rozhoduj\u00edc\u00ed.<\/p>\n<p><strong>\u00daloha skladov\u00e1n\u00ed p\u0159i zvy\u0161ov\u00e1n\u00ed hodnoty<\/strong><\/p>\n<p>Skladov\u00e1n\u00ed \u0161ampa\u0148sk\u00e9ho je rozhoduj\u00edc\u00edm faktorem, kter\u00fd ovliv\u0148uje jeho chu\u0165, kvalitu a nakonec i hodnotu. \u0160ampa\u0148sk\u00e9, kter\u00e9 je skladov\u00e1no v optim\u00e1ln\u00edch podm\u00ednk\u00e1ch, si m\u016f\u017ee zachovat nebo dokonce zlep\u0161it sv\u00e9 vlastnosti po mnoho let. Spr\u00e1vn\u00e9 skladov\u00e1n\u00ed m\u016f\u017ee znamenat rozd\u00edl mezi pr\u016fm\u011brn\u00fdm a v\u00fdjime\u010dn\u00fdm ro\u010dn\u00edkem \u0161ampa\u0148sk\u00e9ho.<\/p>\n<p><strong>Vliv skladov\u00e1n\u00ed na chu\u0165 a v\u016fni<\/strong><\/p>\n<p>Skladov\u00e1n\u00ed \u0161ampa\u0148sk\u00e9ho ovliv\u0148uje chu\u0165 a v\u00fdvoj \u0161ampa\u0148sk\u00e9ho. V prvn\u00edch letech po lahvov\u00e1n\u00ed se \u0161ampa\u0148sk\u00e9 vyzna\u010duje typickou ovocnou chut\u00ed a sv\u011b\u017eest\u00ed. Postupem \u010dasu se tyto chut\u011b m\u011bn\u00ed a rozv\u00edjej\u00ed se komplexn\u00ed t\u00f3ny o\u0159\u00ed\u0161k\u016f, medu a pe\u010diva. To z\u00e1vis\u00ed na tom, jak dlouho \u0161ampa\u0148sk\u00e9 zr\u00e1lo na kvasni\u010dn\u00fdch kalech, ne\u017e bylo vypu\u0161t\u011bno.<\/p>\n<p>Dob\u0159e vyzr\u00e1l\u00e9 ro\u010dn\u00edkov\u00e9 \u0161ampa\u0148sk\u00e9 m\u016f\u017ee v\u00fdrazn\u011b zlep\u0161it sv\u00e9 aroma a chu\u0165. \u0160ampa\u0148sk\u00e9, kter\u00e9 zraje ve spr\u00e1vn\u00fdch podm\u00ednk\u00e1ch, m\u016f\u017ee z\u00edskat v\u00fdjime\u010dn\u00fd chu\u0165ov\u00fd profil, kter\u00fd je vysoce cen\u011bn znalci a sb\u011brateli.<\/p>\n<p><strong>Hodnota star\u00fdch ro\u010dn\u00edk\u016f \u0161ampa\u0148sk\u00e9ho<\/strong><\/p>\n<p>Hodnota star\u00fdch ro\u010dn\u00edk\u016f \u0161ampa\u0148sk\u00e9ho se m\u016f\u017ee v\u00fdrazn\u011b zv\u00fd\u0161it, zejm\u00e9na pokud byly skladov\u00e1ny v optim\u00e1ln\u00edch podm\u00ednk\u00e1ch. Cena takov\u00fdch \u0161ampa\u0148sk\u00fdch m\u016f\u017ee z\u00e1viset na r\u016fzn\u00fdch faktorech, jako je st\u00e1\u0159\u00ed, stav l\u00e1hve a historie skladov\u00e1n\u00ed. N\u011bkter\u00e1 \u0161ampa\u0148sk\u00e1, kter\u00e1 byla skladov\u00e1na ve v\u00fdjime\u010dn\u00fdch podm\u00ednk\u00e1ch, dosahuj\u00ed v aukc\u00edch impozantn\u00edch cen. Spr\u00e1vn\u00e9 skladov\u00e1n\u00ed \u0161ampa\u0148sk\u00e9ho je d\u016fle\u017eit\u00e9!<\/p>\n<p><strong>Historick\u00e9 auk\u010dn\u00ed ceny<\/strong><\/p>\n<p>V\u00fd\u0161e uveden\u00e9 auk\u010dn\u00ed ceny d\u00e1vaj\u00ed p\u0159edstavu o tom, jak vysok\u00e1 m\u016f\u017ee b\u00fdt tr\u017en\u00ed hodnota vz\u00e1cn\u00fdch a dob\u0159e ulo\u017een\u00fdch \u0161ampa\u0148sk\u00fdch v\u00edn. L\u00e1hev Heidsieck Monopole Go\u00fbt Am\u00e9ricain 1907 je p\u0159\u00edkladem \u0161ampa\u0148sk\u00e9ho, kter\u00e9 bylo prod\u00e1no za vysokou cenu vzhledem k podm\u00ednk\u00e1m skladov\u00e1n\u00ed a historick\u00e9 hodnot\u011b. Tato l\u00e1hev byla zachr\u00e1n\u011bna ze ztroskotan\u00e9 lodi a skladov\u00e1na za st\u00e1l\u00fdch podm\u00ednek po dobu v\u00edce ne\u017e 80 let. Cena $4.068 US ukazuje, jak d\u016fle\u017eit\u00fd v\u00fdznam m\u016f\u017ee m\u00edt skladov\u00e1n\u00ed pro hodnotu \u0161ampa\u0148sk\u00e9ho.<\/p>\n<p><strong>Sou\u010dasn\u00e9 podm\u00ednky na trhu<\/strong><\/p>\n<p>V posledn\u00edch letech se ceny \u0161ampa\u0148sk\u00e9ho ust\u00e1lily na realisti\u010dt\u011bj\u0161\u00ed \u00farovni. Nicm\u00e9n\u011b u obzvl\u00e1\u0161t\u011b vz\u00e1cn\u00fdch nebo vysoce kvalitn\u00edch \u0161ampa\u0148sk\u00fdch v\u00edn se st\u00e1le jedn\u00e1 o trojcifern\u00e9 \u010d\u00e1stky. Trh se \u0161ampa\u0148sk\u00fdm z\u016fst\u00e1v\u00e1 dynamick\u00fd a jeho hodnotu mohou ovliv\u0148ovat faktory, jako je popt\u00e1vka po ur\u010dit\u00fdch ro\u010dn\u00edc\u00edch a stav lahv\u00ed.<\/p>\n<h3><strong>Sklepn\u00ed kniha: nepostradateln\u00e1 pom\u016fcka pro sb\u011bratele \u0161ampa\u0148sk\u00e9ho<\/strong><\/h3>\n<p>Sklepn\u00ed kniha je nezbytnou pom\u016fckou pro ka\u017ed\u00e9ho, kdo m\u00e1 sb\u00edrku \u0161ampa\u0148sk\u00e9ho. Pom\u00e1h\u00e1 udr\u017eovat p\u0159ehled o jednotliv\u00fdch lahv\u00edch a dokumentovat d\u016fle\u017eit\u00e9 informace. Dob\u0159e veden\u00e1 sklepn\u00ed kniha umo\u017e\u0148uje sledovat stav lahv\u00ed a skladov\u00e1n\u00ed \u0161ampa\u0148sk\u00e9ho, kontrolovat podm\u00ednky skladov\u00e1n\u00ed a sledovat hodnotu sb\u00edrky.<\/p>\n<p><strong>D\u016fle\u017eit\u00e9 informace ve sklepn\u00ed knize<\/strong><\/p>\n<p>Komplexn\u00ed sklepn\u00ed kniha by m\u011bla obsahovat n\u00e1sleduj\u00edc\u00ed \u00fadaje:<\/p>\n<ul>\n<li><strong>Celkov\u00fd po\u010det lahv\u00ed:<\/strong> Po\u010det lahv\u00ed ve sb\u00edrce poskytuje p\u0159ehled o velikosti sb\u00edrky \u0161ampa\u0148sk\u00e9ho.<\/li>\n<li><strong>Po\u010det lahv\u00ed na odr\u016fdu:<\/strong> Je d\u016fle\u017eit\u00e9 dokumentovat po\u010det lahv\u00ed ka\u017ed\u00e9 odr\u016fdy, aby bylo mo\u017en\u00e9 sledovat dostupnost a hodnotu ka\u017ed\u00e9 odr\u016fdy.<\/li>\n<li><strong>Datum a m\u00edsto n\u00e1kupu:<\/strong> Datum a m\u00edsto n\u00e1kupu pom\u00e1haj\u00ed sledovat p\u016fvod lahv\u00ed a dokumentovat historii sb\u00edrky.<\/li>\n<li><strong>Kupn\u00ed cena a mo\u017en\u00e1 prodejn\u00ed cena:<\/strong> Tyto informace jsou d\u016fle\u017eit\u00e9 pro ocen\u011bn\u00ed sb\u00edrky a pro budouc\u00ed rozhodnut\u00ed o prodeji.<\/li>\n<li><strong>Celkov\u00e1 cena v\u0161ech lahv\u00ed:<\/strong> Celkov\u00e1 hodnota sb\u00edrky poskytuje p\u0159ehled o finan\u010dn\u00ed hodnot\u011b \u0161ampa\u0148sk\u00e9ho.<\/li>\n<li><strong>Degusta\u010dn\u00ed \u00fadaje a dojmy:<\/strong> Pozn\u00e1mky o degustaci \u0161ampa\u0148sk\u00e9ho a dojmy z jednotliv\u00fdch \u0161ampa\u0148sk\u00fdch jsou cennou informac\u00ed pro budouc\u00ed rozhodov\u00e1n\u00ed.<\/li>\n<li><strong>P\u0159\u00e1tel\u00e9 a ud\u00e1losti:<\/strong> Z\u00e1znamy o p\u0159\u00e1tel\u00edch, s nimi\u017e se \u0161ampa\u0148sk\u00e9 pilo, a o p\u0159\u00edle\u017eitostech, p\u0159i nich\u017e se pilo, mohou uchovat osobn\u00ed vzpom\u00ednky.<\/li>\n<li><strong>Doba pou\u017eitelnosti:<\/strong> Odhadovan\u00e1 doba skladovatelnosti jednotliv\u00fdch odr\u016fd poskytuje informace o optim\u00e1ln\u00ed dob\u011b skladov\u00e1n\u00ed a nejvhodn\u011bj\u0161\u00ed dob\u011b spot\u0159eby.<\/li>\n<li><strong>Stojan nebo police:<\/strong> P\u0159esn\u00e1 poloha ka\u017ed\u00e9 l\u00e1hve ve sklep\u011b pom\u00e1h\u00e1 l\u00e1hve snadno naj\u00edt a uspo\u0159\u00e1dat.<\/li>\n<\/ul>\n<p><strong>D\u016fle\u017eitost d\u016fv\u011brnosti<\/strong><\/p>\n<p>Sklepn\u00ed kn\u00ed\u017eka by m\u011bla b\u00fdt v\u017edy bezpe\u010dn\u011b ulo\u017eena, aby byla zaji\u0161t\u011bna jej\u00ed d\u016fv\u011brnost. V\u011bt\u0161ina zapsan\u00fdch \u00fadaj\u016f je soukrom\u00e1 a m\u016f\u017ee obsahovat d\u016fv\u011brn\u00e9 informace o hodnot\u011b a p\u016fvodu \u0161ampa\u0148sk\u00e9ho. Pro zaji\u0161t\u011bn\u00ed bezpe\u010dnosti informac\u00ed je vhodn\u00e9 omezit p\u0159\u00edstup k t\u00e9to knize na d\u016fv\u011bryhodn\u00e9 osoby.<\/p>\n<h2>Z\u00e1v\u011br<\/h2>\n<p>Spr\u00e1vn\u00e9 skladov\u00e1n\u00ed \u0161ampa\u0148sk\u00e9ho m\u00e1 z\u00e1sadn\u00ed v\u00fdznam pro zachov\u00e1n\u00ed jeho kvality a chuti. Dodr\u017eov\u00e1n\u00edm v\u00fd\u0161e uveden\u00fdch tip\u016f a vytvo\u0159en\u00edm nejlep\u0161\u00edch skladovac\u00edch podm\u00ednek m\u016f\u017eete zajistit, \u017ee va\u0161e \u0161ampa\u0148sk\u00e9 bude v\u017edy nejlep\u0161\u00ed. Pamatujte, \u017ee skladov\u00e1n\u00ed \u0161ampa\u0148sk\u00e9ho pom\u00e1h\u00e1 \u0161ampa\u0148sk\u00e9 nejen chr\u00e1nit, ale tak\u00e9 podporovat jeho v\u00fdvoj a zr\u00e1n\u00ed. Vychutnejte si sv\u016fj \u0161umiv\u00fd n\u00e1poj s v\u011bdom\u00edm, \u017ee byl skladov\u00e1n v t\u011bch nejlep\u0161\u00edch podm\u00ednk\u00e1ch.<\/p>\n<\/div><\/section><\/p><\/div>\n<style type=\"text\/css\" data-created_by=\"avia_inline_auto\" id=\"style-css-av-7vz4-e2ecb25e9168201a3fd1fa7a9982a872\">\n.flex_column.av-7vz4-e2ecb25e9168201a3fd1fa7a9982a872{\nborder-radius:0px 0px 0px 0px;\npadding:0px 0px 0px 0px;\n}\n<\/style>\n<div  class='flex_column av-7vz4-e2ecb25e9168201a3fd1fa7a9982a872 av_one_fifth  avia-builder-el-6  el_after_av_three_fifth  avia-builder-el-last  flex_column_div av-zero-column-padding'     ><\/div>","protected":false},"excerpt":{"rendered":"","protected":false},"author":1,"featured_media":4837,"parent":0,"menu_order":0,"comment_status":"closed","ping_status":"closed","template":"","meta":{"footnotes":""},"class_list":["post-6531","page","type-page","status-publish","has-post-thumbnail","hentry"],"_links":{"self":[{"href":"https:\/\/champagner.com\/cs\/wp-json\/wp\/v2\/pages\/6531","targetHints":{"allow":["GET"]}}],"collection":[{"href":"https:\/\/champagner.com\/cs\/wp-json\/wp\/v2\/pages"}],"about":[{"href":"https:\/\/champagner.com\/cs\/wp-json\/wp\/v2\/types\/page"}],"author":[{"embeddable":true,"href":"https:\/\/champagner.com\/cs\/wp-json\/wp\/v2\/users\/1"}],"replies":[{"embeddable":true,"href":"https:\/\/champagner.com\/cs\/wp-json\/wp\/v2\/comments?post=6531"}],"version-history":[{"count":0,"href":"https:\/\/champagner.com\/cs\/wp-json\/wp\/v2\/pages\/6531\/revisions"}],"wp:featuredmedia":[{"embeddable":true,"href":"https:\/\/champagner.com\/cs\/wp-json\/wp\/v2\/media\/4837"}],"wp:attachment":[{"href":"https:\/\/champagner.com\/cs\/wp-json\/wp\/v2\/media?parent=6531"}],"curies":[{"name":"wp","href":"https:\/\/api.w.org\/{rel}","templated":true}]}}