{"id":6625,"date":"2022-09-19T11:48:53","date_gmt":"2022-09-19T11:48:53","guid":{"rendered":"https:\/\/champagner.com\/?page_id=6625"},"modified":"2024-07-31T03:49:15","modified_gmt":"2024-07-31T03:49:15","slug":"otisk","status":"publish","type":"page","link":"https:\/\/champagner.com\/cs\/otisk\/","title":{"rendered":"Otisk"},"content":{"rendered":"<div   class='avia-fullscreen-slider main_color   avia-builder-el-0  el_before_av_section  avia-builder-el-first  container_wrap fullsize'  ><div  class='avia-slideshow av-l88p02nu-23f95e4d4cbd0f730a17ca8d726db09a avia-slideshow-extra_large av_fullscreen avia-slide-slider av-slideshow-ui av-control-default av-slideshow-manual av-loop-once av-loop-manual-endless av-default-height-applied   avia-slideshow-1' data-slideshow-options=\"{&quot;animation&quot;:&quot;slide&quot;,&quot;autoplay&quot;:false,&quot;loop_autoplay&quot;:&quot;once&quot;,&quot;interval&quot;:5,&quot;loop_manual&quot;:&quot;manual-endless&quot;,&quot;autoplay_stopper&quot;:false,&quot;noNavigation&quot;:false,&quot;bg_slider&quot;:true,&quot;keep_padding&quot;:false,&quot;hoverpause&quot;:false,&quot;show_slide_delay&quot;:0,&quot;slide_height&quot;:&quot;100&quot;,&quot;image_attachment&quot;:&quot;&quot;}\"  itemprop=\"image\" itemscope=\"itemscope\" itemtype=\"https:\/\/schema.org\/ImageObject\" ><ul class='avia-slideshow-inner' style='padding-bottom: 50%;'><li style='background-position:center center;' data-img-url='https:\/\/champagner.com\/wp-content\/uploads\/2022\/09\/impressum.jpg' class='avia-slideshow-slide av-l88p02nu-23f95e4d4cbd0f730a17ca8d726db09a__0  av-single-slide slide-1 slide-odd'><div data-rel='slideshow-1' class='avia-slide-wrap'   ><\/div><\/li><\/ul><\/div><\/div>\n<div id='av_section_1'  class='avia-section av-l88pj6gp-59e3ecadf124ebd907d762d231821c3d socket_color avia-section-small avia-no-border-styling  avia-builder-el-1  el_after_av_fullscreen  el_before_av_one_third  avia-bg-style-scroll av-minimum-height av-minimum-height-custom av-height-custom  container_wrap fullsize'   data-av_minimum_height_px='100'><div class='container av-section-cont-open' style='height:100px'><div class='template-page content  av-content-full alpha units'><div class='post-entry post-entry-type-page post-entry-6625'><div class='entry-content-wrapper clearfix'>\n\n<style type=\"text\/css\" data-created_by=\"avia_inline_auto\" id=\"style-css-av-l88p0rv1-b3723a63ed06a51b2bc94c320f18aaa6\">\n#top .av-special-heading.av-l88p0rv1-b3723a63ed06a51b2bc94c320f18aaa6{\npadding-bottom:10px;\n}\nbody .av-special-heading.av-l88p0rv1-b3723a63ed06a51b2bc94c320f18aaa6 .av-special-heading-tag .heading-char{\nfont-size:25px;\n}\n.av-special-heading.av-l88p0rv1-b3723a63ed06a51b2bc94c320f18aaa6 .av-subheading{\nfont-size:15px;\n}\n<\/style>\n<div  class='av-special-heading av-l88p0rv1-b3723a63ed06a51b2bc94c320f18aaa6 av-special-heading-h1 meta-heading blockquote modern-quote modern-centered  avia-builder-el-2  avia-builder-el-no-sibling'><h1 class='av-special-heading-tag'  itemprop=\"headline\"  >Otisk<\/h1><div class=\"special-heading-border\"><div class=\"special-heading-inner-border\"><\/div><\/div><\/div>\n<\/div><\/div><\/div><!-- close content main div --><\/div><\/div><div id='after_section_1'  class='main_color av_default_container_wrap container_wrap fullsize'  ><div class='container av-section-cont-open' ><div class='template-page content  av-content-full alpha units'><div class='post-entry post-entry-type-page post-entry-6625'><div class='entry-content-wrapper clearfix'>\n<div  class='flex_column av-bbw7nl-066db0a96cb5868c7f020b7abbe99a26 av_one_third  avia-builder-el-3  el_after_av_section  el_before_av_one_third  avia-builder-el-first  first flex_column_div'     ><style type=\"text\/css\" data-created_by=\"avia_inline_auto\" id=\"style-css-av-l88p3j1l-c7958f6e3e1448630f55627db955e72b\">\n#top .av-special-heading.av-l88p3j1l-c7958f6e3e1448630f55627db955e72b{\npadding-bottom:10px;\n}\nbody .av-special-heading.av-l88p3j1l-c7958f6e3e1448630f55627db955e72b .av-special-heading-tag .heading-char{\nfont-size:25px;\n}\n.av-special-heading.av-l88p3j1l-c7958f6e3e1448630f55627db955e72b .av-subheading{\nfont-size:15px;\n}\n<\/style>\n<div  class='av-special-heading av-l88p3j1l-c7958f6e3e1448630f55627db955e72b av-special-heading-h3 blockquote modern-quote  avia-builder-el-4  avia-builder-el-no-sibling'><h3 class='av-special-heading-tag'  itemprop=\"headline\"  >Champagner.com provozuje:<\/h3><div class=\"special-heading-border\"><div class=\"special-heading-inner-border\"><\/div><\/div><\/div><\/div>\n<div  class='flex_column av-97ml29-077faa3299cf1bc6d6a67e4a5f75ac79 av_one_third  avia-builder-el-5  el_after_av_one_third  el_before_av_one_third  flex_column_div'     ><style type=\"text\/css\" data-created_by=\"avia_inline_auto\" id=\"style-css-av-l88p3z23-c84f1322d7c1033a78baff53e41a14c7\">\n#top .av-special-heading.av-l88p3z23-c84f1322d7c1033a78baff53e41a14c7{\npadding-bottom:10px;\n}\nbody .av-special-heading.av-l88p3z23-c84f1322d7c1033a78baff53e41a14c7 .av-special-heading-tag .heading-char{\nfont-size:25px;\n}\n.av-special-heading.av-l88p3z23-c84f1322d7c1033a78baff53e41a14c7 .av-subheading{\nfont-size:15px;\n}\n<\/style>\n<div  class='av-special-heading av-l88p3z23-c84f1322d7c1033a78baff53e41a14c7 av-special-heading-h3 blockquote modern-quote  avia-builder-el-6  avia-builder-el-no-sibling'><h3 class='av-special-heading-tag'  itemprop=\"headline\"  >Odm\u00edtnut\u00ed odpov\u011bdnosti<\/h3><div class=\"special-heading-border\"><div class=\"special-heading-inner-border\"><\/div><\/div><\/div><\/div>\n<div  class='flex_column av-7ozf5t-5100c1cfc744cc162e33a39c911f703c av_one_third  avia-builder-el-7  el_after_av_one_third  el_before_av_one_third  flex_column_div'     ><style type=\"text\/css\" data-created_by=\"avia_inline_auto\" id=\"style-css-av-l88p4qkh-9b06e5d1eb05f0395fc406cb4666661e\">\n#top .av-special-heading.av-l88p4qkh-9b06e5d1eb05f0395fc406cb4666661e{\npadding-bottom:10px;\n}\nbody .av-special-heading.av-l88p4qkh-9b06e5d1eb05f0395fc406cb4666661e .av-special-heading-tag .heading-char{\nfont-size:25px;\n}\n.av-special-heading.av-l88p4qkh-9b06e5d1eb05f0395fc406cb4666661e .av-subheading{\nfont-size:15px;\n}\n<\/style>\n<div  class='av-special-heading av-l88p4qkh-9b06e5d1eb05f0395fc406cb4666661e av-special-heading-h3 blockquote modern-quote  avia-builder-el-8  avia-builder-el-no-sibling'><h3 class='av-special-heading-tag'  itemprop=\"headline\"  >\u00da\u010dastn\u00edci partnersk\u00fdch program\u016f<\/h3><div class=\"special-heading-border\"><div class=\"special-heading-inner-border\"><\/div><\/div><\/div><\/div>\n<div  class='flex_column av-5weylt-7ce798668b54eb794fb16094c928b8dc av_one_third  avia-builder-el-9  el_after_av_one_third  el_before_av_one_third  first flex_column_div  column-top-margin'     ><section  class='av_textblock_section av-l88pbqfr-a8770a46bdaaeb5f8fb744cce78dd0ae'   itemscope=\"itemscope\" itemtype=\"https:\/\/schema.org\/CreativeWork\" ><div class='avia_textblock'  itemprop=\"text\" ><p>Karl Schn\u00fcrch<br \/>\nPO.Box 1523<br \/>\nVictoria, Mah\u00e9<br \/>\nSeychely<\/p>\n<p>schnuerch@icloud.com<\/p>\n<\/div><\/section><\/div><div  class='flex_column av-4ha1gh-6474d386f13598de4005246db3fbc09c av_one_third  avia-builder-el-11  el_after_av_one_third  el_before_av_one_third  flex_column_div  column-top-margin'     ><section  class='av_textblock_section av-l88pclpy-b17686d48778519b98439da04362db30'   itemscope=\"itemscope\" itemtype=\"https:\/\/schema.org\/CreativeWork\" ><div class='avia_textblock'  itemprop=\"text\" ><p>I p\u0159es pe\u010dlivou kontrolu obsahu nep\u0159eb\u00edr\u00e1me \u017e\u00e1dnou odpov\u011bdnost za obsah extern\u00edch odkaz\u016f. Za obsah odkazovan\u00fdch str\u00e1nek odpov\u00eddaj\u00ed v\u00fdhradn\u011b jejich provozovatel\u00e9. Ochrana osobn\u00edch \u00fadaj\u016f: Osobn\u00ed \u00fadaje, kter\u00e9 n\u00e1m p\u0159ed\u00e1te, nap\u0159\u00edklad va\u0161e jm\u00e9no, e-mailov\u00e1 adresa nebo jin\u00e9 osobn\u00ed \u00fadaje, budou u n\u00e1s bezpe\u010dn\u011b ulo\u017eeny a nebudou p\u0159ed\u00e1ny t\u0159et\u00edm stran\u00e1m. Pokud si v\u0161ak p\u0159ejete, aby byly va\u0161e \u00fadaje vymaz\u00e1ny, dejte n\u00e1m pros\u00edm v\u011bd\u011bt a my tak neprodlen\u011b u\u010din\u00edme.<\/p>\n<\/div><\/section><\/div><\/p>\n<div  class='flex_column av-2y9l5t-175415bc92c88c5cd6625edc7932d94e av_one_third  avia-builder-el-13  el_after_av_one_third  avia-builder-el-last  flex_column_div  column-top-margin'     ><section  class='av_textblock_section av-l88pewxd-fc5ee80314c10b89d427be866a14856a'   itemscope=\"itemscope\" itemtype=\"https:\/\/schema.org\/CreativeWork\" ><div class='avia_textblock'  itemprop=\"text\" ><p><a href=\"https:\/\/champagner.com\/cs\/\">\u0160ampa\u0148sk\u00e9<\/a>.com je \u00fa\u010dastn\u00edkem partnersk\u00fdch program\u016f spole\u010dnost\u00ed Amazon, Google atd., jejich\u017e c\u00edlem je zprost\u0159edkovat webov\u00fdm str\u00e1nk\u00e1m zisk z reklamy prost\u0159ednictv\u00edm um\u00edst\u011bn\u00ed reklam a odkaz\u016f.<\/p>\n<\/div><\/section><\/div>","protected":false},"excerpt":{"rendered":"","protected":false},"author":1,"featured_media":6626,"parent":0,"menu_order":0,"comment_status":"closed","ping_status":"closed","template":"","meta":{"footnotes":""},"class_list":["post-6625","page","type-page","status-publish","has-post-thumbnail","hentry"],"_links":{"self":[{"href":"https:\/\/champagner.com\/cs\/wp-json\/wp\/v2\/pages\/6625","targetHints":{"allow":["GET"]}}],"collection":[{"href":"https:\/\/champagner.com\/cs\/wp-json\/wp\/v2\/pages"}],"about":[{"href":"https:\/\/champagner.com\/cs\/wp-json\/wp\/v2\/types\/page"}],"author":[{"embeddable":true,"href":"https:\/\/champagner.com\/cs\/wp-json\/wp\/v2\/users\/1"}],"replies":[{"embeddable":true,"href":"https:\/\/champagner.com\/cs\/wp-json\/wp\/v2\/comments?post=6625"}],"version-history":[{"count":0,"href":"https:\/\/champagner.com\/cs\/wp-json\/wp\/v2\/pages\/6625\/revisions"}],"wp:featuredmedia":[{"embeddable":true,"href":"https:\/\/champagner.com\/cs\/wp-json\/wp\/v2\/media\/6626"}],"wp:attachment":[{"href":"https:\/\/champagner.com\/cs\/wp-json\/wp\/v2\/media?parent=6625"}],"curies":[{"name":"wp","href":"https:\/\/api.w.org\/{rel}","templated":true}]}}