{"id":4024,"date":"2018-04-14T14:48:55","date_gmt":"2018-04-14T14:48:55","guid":{"rendered":"http:\/\/neu.champagner.eu\/?page_id=4024"},"modified":"2024-11-04T12:49:43","modified_gmt":"2024-11-04T12:49:43","slug":"champagne-citater","status":"publish","type":"page","link":"https:\/\/champagner.com\/da\/champagne-citater\/","title":{"rendered":"Citater om champagne"},"content":{"rendered":"<div id='av_section_1'  class='avia-section av-1vm8bwo-709c60fc6f16c735dfd76d953ff4f866 main_color avia-section-default avia-no-shadow  avia-builder-el-0  avia-builder-el-no-sibling  avia-bg-style-scroll container_wrap fullsize'  ><div class='container av-section-cont-open' ><main  role=\"main\" itemprop=\"mainContentOfPage\"  class='template-page content  av-content-full alpha units'><div class='post-entry post-entry-type-page post-entry-4024'><div class='entry-content-wrapper clearfix'>\n\n<style type=\"text\/css\" data-created_by=\"avia_inline_auto\" id=\"style-css-av-kjm0x5lx-0474c4b615aca0c6c294fa130940e623\">\n#top .av-special-heading.av-kjm0x5lx-0474c4b615aca0c6c294fa130940e623{\npadding-bottom:10px;\n}\nbody .av-special-heading.av-kjm0x5lx-0474c4b615aca0c6c294fa130940e623 .av-special-heading-tag .heading-char{\nfont-size:25px;\n}\n.av-special-heading.av-kjm0x5lx-0474c4b615aca0c6c294fa130940e623 .av-subheading{\nfont-size:15px;\n}\n<\/style>\n<div  class='av-special-heading av-kjm0x5lx-0474c4b615aca0c6c294fa130940e623 av-special-heading-h1 blockquote modern-quote modern-centered  avia-builder-el-1  el_before_av_hr  avia-builder-el-first'><h1 class='av-special-heading-tag'  itemprop=\"headline\"  >Champagne citater, - de bedste 47 citater om champagne<\/h1><div class=\"special-heading-border\"><div class=\"special-heading-inner-border\"><\/div><\/div><\/div>\n\n<style type=\"text\/css\" data-created_by=\"avia_inline_auto\" id=\"style-css-av-1to74o-5b1b323b02642b480f2b98e85a27ee1b\">\n#top .hr.av-1to74o-5b1b323b02642b480f2b98e85a27ee1b{\nmargin-top:30px;\nmargin-bottom:30px;\n}\n.hr.av-1to74o-5b1b323b02642b480f2b98e85a27ee1b .hr-inner{\nwidth:100%;\nborder-color:#d2ae6f;\n}\n<\/style>\n<div  class='hr av-1to74o-5b1b323b02642b480f2b98e85a27ee1b hr-custom  avia-builder-el-2  el_after_av_heading  el_before_av_one_fifth  hr-center hr-icon-no'><span class='hr-inner inner-border-av-border-thin'><span class=\"hr-inner-style\"><\/span><\/span><\/div>\n\n<style type=\"text\/css\" data-created_by=\"avia_inline_auto\" id=\"style-css-av-1tmc0w8-8e6849036901409b1a0a2a8a275c0f7f\">\n.flex_column.av-1tmc0w8-8e6849036901409b1a0a2a8a275c0f7f{\nborder-radius:0px 0px 0px 0px;\npadding:0px 0px 0px 0px;\n}\n<\/style>\n<div  class='flex_column av-1tmc0w8-8e6849036901409b1a0a2a8a275c0f7f av_one_fifth  avia-builder-el-3  el_after_av_hr  el_before_av_three_fifth  first flex_column_div av-zero-column-padding'     ><\/div>\n<style type=\"text\/css\" data-created_by=\"avia_inline_auto\" id=\"style-css-av-1s2if7s-28ad02af04352e45d43dba7adba1b2c2\">\n.flex_column.av-1s2if7s-28ad02af04352e45d43dba7adba1b2c2{\nborder-radius:0px 0px 0px 0px;\npadding:0px 0px 0px 0px;\n}\n<\/style>\n<div  class='flex_column av-1s2if7s-28ad02af04352e45d43dba7adba1b2c2 av_three_fifth  avia-builder-el-4  el_after_av_one_fifth  el_before_av_one_fifth  flex_column_div av-zero-column-padding'     ><style type=\"text\/css\" data-created_by=\"avia_inline_auto\" id=\"style-css-av-1qqh64o-38b4cc4b3f7f53371d6d87f5e5a693f7\">\n#top .av-rotator-container.av-1qqh64o-38b4cc4b3f7f53371d6d87f5e5a693f7{\ntext-align:center;\n}\n#top #wrap_all .av-rotator-container.av-1qqh64o-38b4cc4b3f7f53371d6d87f5e5a693f7 .av-rotator-container-inner{\nfont-size:50px;\n}\n<\/style>\n<div  class='av-rotator-container av-rotation-container-center av-1qqh64o-38b4cc4b3f7f53371d6d87f5e5a693f7  avia-builder-el-5  avia-builder-el-no-sibling  av-fixed-rotator-width' data-interval='6' data-animation='0' data-fixwidth='1'><h3 class='av-rotator-container-inner'><span class='av-rotator-text av-rotator-multiline-off'>\n<span class='av-rotator-text-single av-642bq0-23840bb627bc40ab097f002d56409677 av-rotator-text-single-1' >Kom hurtigt, jeg smager p\u00e5 stjernerne! Dom Perignon<\/span>\n<span class='av-rotator-text-single av-1nfv6zs-2579cddb637190b57bcc52df719ef036 av-rotator-text-single-2' >At m\u00f8de Franklin Roosevelt var som at \u00e5bne sin f\u00f8rste flaske champagne, at kende ham var som at drikke ham. Winston Churchill<\/span>\n<span class='av-rotator-text-single av-1kvnsjc-bfb9e8ca38419d94b837ec3e85844f58 av-rotator-text-single-3' >Champagne er det eneste, der giver mig gl\u00e6de, n\u00e5r jeg f\u00f8ler mig tr\u00e6t. Brigitte Bardot<\/span>\n<span class='av-rotator-text-single av-1iunemg-c169a417eb3cc3fd2bd801584949f5f6 av-rotator-text-single-4' >Hvorfor drikker jeg champagne til morgenmad? G\u00f8r alle ikke det? Noel Coward<\/span>\n<span class='av-rotator-text-single av-1ihkaqw-6ceea048659be1f491c9b87dfe7464bc av-rotator-text-single-5' >Der kommer et tidspunkt i enhver kvindes liv, hvor kun et glas champagne er nok. Bette Davis<\/span>\n<span class='av-rotator-text-single av-1gjmxqw-c7712ca1592047adddd6c509a5547c17 av-rotator-text-single-6' >Champagne er et af livets elegante ekstranumre. Charles Dickens<\/span>\n<span class='av-rotator-text-single av-1eryevs-6f2c2c454afb2c2240918936cc4cbf7e av-rotator-text-single-7' >Champagne! I sejr fortjener du det, i nederlag har du brug for det. Napoleon Bonaparte<\/span>\n<span class='av-rotator-text-single av-pdcbdk-438df945fd72362c5105d146561cc285 av-rotator-text-single-8' >Jeg drikker champagne, n\u00e5r jeg er glad, og n\u00e5r jeg er ked af det. Nogle gange drikker jeg det, n\u00e5r jeg er alene, og n\u00e5r jeg har selskab, kan jeg ikke undv\u00e6re det. N\u00e5r jeg ikke er sulten, v\u00e6kker jeg min appetit med den, og n\u00e5r jeg er sulten, nyder jeg den. Men ellers r\u00f8rer jeg det ikke, undtagen n\u00e5r jeg er t\u00f8rstig. Lily Bollinger<\/span>\n<span class='av-rotator-text-single av-1b0pstk-68f69bf2e861a2407c193ec58be604e4 av-rotator-text-single-9' >Champagne er den eneste vin, der g\u00f8r en kvinde smuk, n\u00e5r hun har drukket den. Madame de Pompadour<\/span>\n<span class='av-rotator-text-single av-4jhae0-3b30ccb6c96e3dd9e5d66acaed9764ae av-rotator-text-single-10' >For meget af noget er skidt, men for meget champagne er helt rigtigt. Mark Twain<\/span>\n<span class='av-rotator-text-single av-4cbvew-f732f36d26451329f1f827b85ab6560e av-rotator-text-single-11' >Hvis du leder efter sandheden, er champagne bedre end en l\u00f8gnedetektor. Graham Greene<\/span>\n<span class='av-rotator-text-single av-169ftig-b89f6c092205efc31662d1965a44a8e7 av-rotator-text-single-12' >Det eneste, jeg fortryder her i livet, er, at jeg ikke har drukket nok champagne. John Maynard Keynes<\/span>\n<span class='av-rotator-text-single av-154nuag-cdcd02581348af398a1bcfcafbbd0a08 av-rotator-text-single-13' >Jeg drikker kun champagne to gange, n\u00e5r jeg er forelsket, og n\u00e5r jeg ikke er. Coco Chanel<\/span>\n<span class='av-rotator-text-single av-13eqby0-84ebd35dda507963eecb1b9b5aed3cce av-rotator-text-single-14' >F\u00f8lelsen af venskab er som at blive proppet med roastbeef, k\u00e6rlighed er som at blive revitaliseret med champagne. Samuel Johnson<\/span>\n<span class='av-rotator-text-single av-11o0j2w-c12e8fb036a90f7c00083508fa44d683 av-rotator-text-single-15' >Champagne og appelsinjuice er en fantastisk drink. Appelsinen forbedrer champagnen. Champagnen forbedrer helt sikkert appelsinen. Philip, hertug af Edinburgh<\/span>\n<span class='av-rotator-text-single av-zrbr0o-7f8a5cc9ec00cb9a2f8181e2c0d7542d av-rotator-text-single-16' >Mine herrer, vi k\u00e6mper ikke kun for Frankrig, men ogs\u00e5 for champagne! Winston Churchill<\/span>\n<span class='av-rotator-text-single av-3ff13c-1cd5772594aec6d98dbd1fce072f9d95 av-rotator-text-single-17' >I en perfekt verden ville alle drikke et glas champagne hver aften. Willie Gluckstern<\/span>\n<span class='av-rotator-text-single av-bi6ig-bf9452396b9843d5cea4a882f0d652f0 av-rotator-text-single-18' >H\u00e6ld champagnen op, og lad moussen rejse sig som tusindvis af funklende, smilende \u00f8jne. Jared M. Brown<\/span>\n<span class='av-rotator-text-single av-umqy20-4e669a26c88195ae598041a2583240f5 av-rotator-text-single-19' >Der er ikke noget smukkere end en solnedgang med et glas champagne. Jared M. Brown<\/span>\n<span class='av-rotator-text-single av-syk0so-6298344df6a47561f434c8734f63907d av-rotator-text-single-20' >Champagne, vinenes konge og kongernes vin. Prins Orlofsky<\/span>\n<span class='av-rotator-text-single av-qvzwpk-09ed23dffd1cdc130e9cc284c83e2007 av-rotator-text-single-21' >Champagnen skal v\u00e6re kold, t\u00f8r og forh\u00e5bentlig fri. Christian Pol Roger<\/span>\n<span class='av-rotator-text-single av-q0i2t4-c8e67e3853a9be89667a69aa68f47393 av-rotator-text-single-22' >Nydelse uden champagne er rent kunstig. Oscar Wilde<\/span>\n<span class='av-rotator-text-single av-njnrx4-10409d339f97e46ba9f1f1320490ca51 av-rotator-text-single-23' >N\u00e5r livet giver dig problemer, s\u00e5 drik lidt champagne, og dine problemer vil blive til s\u00e6bebobler. Ukendt<\/span>\n<span class='av-rotator-text-single av-mlos54-85dd5d8322c90e12d5e18b891a316a5e av-rotator-text-single-24' >Hvis du ikke tager chancer, b\u00f8r du aldrig drikke champagne. Et gammelt russisk ordsprog.<\/span>\n<span class='av-rotator-text-single av-kl2brs-ed042841fe26491aabf86f5d78c81b32 av-rotator-text-single-25' >Jeg drikker kun champagne ved to lejligheder: N\u00e5r jeg er forelsket, og n\u00e5r jeg ikke er. Coco Chanel<\/span>\n<span class='av-rotator-text-single av-ik0fug-542b30508ccd098729d34505a16dc2fc av-rotator-text-single-26' >Efter en sejr fortjener man champagne, efter et nederlag har man brug for det! Napoleon Bonaparte<\/span>\n<span class='av-rotator-text-single av-h8r1ug-5d93b612df221fc602dad96b90dbe779 av-rotator-text-single-27' >Start dagen med et smil, og afslut den med champagne. ukendt<\/span>\n<span class='av-rotator-text-single av-fojy20-eb8e278e4f214034df4553dd1462ffae av-rotator-text-single-28' >Champagne giver dig f\u00f8lelsen af, at hver dag er en s\u00f8ndag! Marlene Dietrich<\/span>\n<span class='av-rotator-text-single av-e9m3jc-e5a444b202324c0b20b5b05c9393b47e av-rotator-text-single-29' >Der er tidspunkter i en kvindes liv, hvor det eneste, der hj\u00e6lper, er champagne! Betty Davis<\/span>\n<span class='av-rotator-text-single av-cyjcqg-80bea1de76fe7db827c075f11ea568d3 av-rotator-text-single-30' >Herre, lad dem acceptere de ting, de ikke kan \u00e6ndre. Og bed til, at deres eneste smerte er champagne. Kanye West<\/span>\n<span class='av-rotator-text-single av-b81hd4-3e228c7996a9f467e60775e1c3184a68 av-rotator-text-single-31' >Store k\u00e6rlighedsforhold starter med champagne og slutter med urtete. Honore de Balzac<\/span>\n<span class='av-rotator-text-single av-8wm82w-9575a58028db63ca20b249b64d989735 av-rotator-text-single-32' >Jeg drikker kun champagne, n\u00e5r jeg er glad, og n\u00e5r jeg er ked af det! Lily Bollinger<\/span>\n<span class='av-rotator-text-single av-ogcx4-3c75a845fba25edbc4a770f92b2b3448 av-rotator-text-single-33' >Der er tre ting i livet, som er uudholdelige: kold kaffe, lunken champagne og en oversp\u00e6ndt kone. Orson Welles<\/span>\n<span class='av-rotator-text-single av-o1r4zs-e6e1f1e2e5f234fe14394f6a5846538b av-rotator-text-single-34' >Pr\u00e6sten har lige d\u00f8bt dig som kristen. Nu d\u00f8ber jeg dig som fransk statsborger, k\u00e6re barn, med en dr\u00e5be champagne p\u00e5 dine l\u00e6ber. Paul Claudel (1868-1955)<\/span>\n<span class='av-rotator-text-single av-muuuuw-f59d73c916e4b92ee343dc7987344658 av-rotator-text-single-35' >Denne franske vins mousserende natur afsl\u00f8rer det franske folks sande genialitet. Voltaire (1694-1778)<\/span>\n<span class='av-rotator-text-single av-7m07s-431cd07390a83fff354b2f636d7ecb81 av-rotator-text-single-36' >Der er noget ved safarilivet, der f\u00e5r dig til at glemme alle dine bekymringer og f\u00e5r dig til at f\u00f8le, at du har drukket en halv flaske champagne - der er noget ved det, der f\u00e5r dig til at boble over af dybf\u00f8lt taknemmelighed for livet. Citat fra Karen Blixen<\/span>\n<span class='av-rotator-text-single av-j7ya2w-46b49aa9b860f59f22cd0e3ac3a54b59 av-rotator-text-single-37' >Hav humoristisk sans, sov lidt, hav et m\u00e5l og ikke for lidt champagne! Prof. August Everding<\/span>\n<span class='av-rotator-text-single av-1r1gmw-233136e97239dfe205325edda81ed6e2 av-rotator-text-single-38' >Hvis man kan v\u00e6lge mellem \u00f8sters og champagne, v\u00e6lger man som regel begge dele. Theodor Fontane<\/span>\n<span class='av-rotator-text-single av-gb3f0o-6313c83bec8e8de6f3330121ca180af5 av-rotator-text-single-39' >Jeg laver vin til mig selv. Hvad jeg ikke selv kan drikke, s\u00e6lger jeg! Victor Lanson<\/span>\n<span class='av-rotator-text-single av-djet7c-b5fb3c0534c84c9f4794d13f1a937f81 av-rotator-text-single-40' >For mig er du s\u00f8dere end chokolade, varmere end \u00f8rkenvinden, mere funklende end champagne, mere betydningsfuld end et kys, men lige uden for r\u00e6kkevidde som stjernerne!<\/span>\n<span class='av-rotator-text-single av-cgus2g-b1137a66dec4995e96522e8852934901 av-rotator-text-single-41' >Jeg vil have champagnevin, og den skal v\u00e6re meget mousserende! Johann Wolfgang von Goethe<\/span>\n<span class='av-rotator-text-single av-aunfyw-f238f17b915885c5515733e5a49c042a av-rotator-text-single-42' >Hvor s\u00f8dt og luftigt boblerne fra enken Klicko funkler i glasset\". Wilhelm Busch om Veuve Clicquot<\/span>\n<span class='av-rotator-text-single av-91l6zc-85c90eb6e9f66ab2094e08cbc0584cc8 av-rotator-text-single-43' >Lovprisning er som champagne. Begge dele skal serveres, mens den stadig er mousserende.<\/span>\n<span class='av-rotator-text-single av-7ovajs-c70a20b9333ba9d35f7b408d5f608925 av-rotator-text-single-44' >Med Bordeaux funderer du, med Bourgogne diskuterer du, med Champagne beg\u00e5r du dumheder! Anth\u00e8lme Brillat-Savarin<\/span>\n<span class='av-rotator-text-single av-65bjt4-c915b1b4d01bd8e9017d245fbb31cfa7 av-rotator-text-single-45' >N\u00e5r f\u00f8rst champagnen er spr\u00f8jtet, kan du ikke f\u00e5 den tilbage i flasken! FIA-pr\u00e6sident Max Mosley<\/span>\n<span class='av-rotator-text-single av-evx88-c49ac3d3c5fecfea35e6720b3b1216b6 av-rotator-text-single-46' >Champagne er nok den lykkeligste kilde til inspiration. Mark Twain<\/span>\n<span class='av-rotator-text-single av-2kuf6g-f2d8b366ef9259a78bf46c894f2794a0 av-rotator-text-single-47' >Jeg er kun afholdsmand, n\u00e5r det g\u00e6lder \u00f8l, ikke champagne. George Bernard Shaw<\/span>\n<\/span><\/h3><\/div><\/div>\n<style type=\"text\/css\" data-created_by=\"avia_inline_auto\" id=\"style-css-av-5y0znc-ecf90eeb43b293101c735ef6745c0649\">\n.flex_column.av-5y0znc-ecf90eeb43b293101c735ef6745c0649{\nborder-radius:0px 0px 0px 0px;\npadding:0px 0px 0px 0px;\n}\n<\/style>\n<div  class='flex_column av-5y0znc-ecf90eeb43b293101c735ef6745c0649 av_one_fifth  avia-builder-el-6  el_after_av_three_fifth  el_before_av_hr  flex_column_div av-zero-column-padding'     ><\/div>\n<style type=\"text\/css\" data-created_by=\"avia_inline_auto\" id=\"style-css-av-av_hr-740b43d1b484958137b1a60202c344d8\">\n#top .hr.av-av_hr-740b43d1b484958137b1a60202c344d8{\nmargin-top:30px;\nmargin-bottom:30px;\n}\n.hr.av-av_hr-740b43d1b484958137b1a60202c344d8 .hr-inner{\nwidth:100%;\nborder-color:#d2ae6f;\n}\n<\/style>\n<div  class='hr av-av_hr-740b43d1b484958137b1a60202c344d8 hr-custom  avia-builder-el-7  el_after_av_one_fifth  el_before_av_one_fifth  hr-center hr-icon-no'><span class='hr-inner inner-border-av-border-thin'><span class=\"hr-inner-style\"><\/span><\/span><\/div>\n<div class='flex_column_table av-lyy2v1xe-c004cec9e9db6aed44d5ea75cc2675b7 sc-av_one_fifth av-equal-height-column-flextable'>\n<style type=\"text\/css\" data-created_by=\"avia_inline_auto\" id=\"style-css-av-lyy2v1xe-c004cec9e9db6aed44d5ea75cc2675b7\">\n.flex_column.av-lyy2v1xe-c004cec9e9db6aed44d5ea75cc2675b7{\nborder-radius:0px 0px 0px 0px;\npadding:0px 0px 0px 0px;\n}\n<\/style>\n<div  class='flex_column av-lyy2v1xe-c004cec9e9db6aed44d5ea75cc2675b7 av_one_fifth  avia-builder-el-8  el_after_av_hr  el_before_av_three_fifth  first flex_column_table_cell av-equal-height-column av-align-top av-zero-column-padding'     ><\/div><div class='av-flex-placeholder'><\/div>\n<style type=\"text\/css\" data-created_by=\"avia_inline_auto\" id=\"style-css-av-av_three_fifth-96471c6a872bb75c0ce03c20d00030c6\">\n.flex_column.av-av_three_fifth-96471c6a872bb75c0ce03c20d00030c6{\nborder-radius:0px 0px 0px 0px;\npadding:0px 0px 0px 0px;\n}\n<\/style>\n<div  class='flex_column av-av_three_fifth-96471c6a872bb75c0ce03c20d00030c6 av_three_fifth  avia-builder-el-9  el_after_av_one_fifth  el_before_av_one_fifth  flex_column_table_cell av-equal-height-column av-align-top av-zero-column-padding'     ><p>\n<style type=\"text\/css\" data-created_by=\"avia_inline_auto\" id=\"style-css-av-lyy2hryi-7159e62e98d5b9d8a69d23d2b88b4979\">\n#top .av-special-heading.av-lyy2hryi-7159e62e98d5b9d8a69d23d2b88b4979{\npadding-bottom:10px;\n}\nbody .av-special-heading.av-lyy2hryi-7159e62e98d5b9d8a69d23d2b88b4979 .av-special-heading-tag .heading-char{\nfont-size:25px;\n}\n.av-special-heading.av-lyy2hryi-7159e62e98d5b9d8a69d23d2b88b4979 .av-subheading{\nfont-size:15px;\n}\n<\/style>\n<div  class='av-special-heading av-lyy2hryi-7159e62e98d5b9d8a69d23d2b88b4979 av-special-heading-h3 blockquote modern-quote modern-centered  avia-builder-el-10  el_before_av_textblock  avia-builder-el-first'><h3 class='av-special-heading-tag'  itemprop=\"headline\"  >Om champagne-citater<\/h3><div class=\"special-heading-border\"><div class=\"special-heading-inner-border\"><\/div><\/div><\/div><br \/>\n<section  class='av_textblock_section av-lyy2fx2v-7d2b4321f5d3f4f33fa1e4ae85aa3322'   itemscope=\"itemscope\" itemtype=\"https:\/\/schema.org\/CreativeWork\" ><div class='avia_textblock'  itemprop=\"text\" ><p><a href=\"https:\/\/champagner.com\/da\/\">Champagne<\/a>Champagne, der ofte omtales som \"vinenes konge\", har inspireret til mange ber\u00f8mte citater gennem \u00e5rhundrederne. Disse Champagne-citater afspejler den elegance, h\u00f8jtidelighed og gl\u00e6de, der er forbundet med at nyde denne \u00e6dle drik.<\/p>\n<p>Et ber\u00f8mt champagnecitat kommer fra Coco Chanel, som sagde: \"Jeg drikker kun champagne ved to lejligheder: n\u00e5r jeg er forelsket, og n\u00e5r jeg ikke er det.\" Dette udsagn understreger champagnens universelle charme og alsidighed, som kan drikkes i b\u00e5de glade og melankolske \u00f8jeblikke.<\/p>\n<p>Winston Churchill var ogs\u00e5 en stor elsker af champagne og champagnecitater og kommenterede ofte sin fork\u00e6rlighed for denne \u00e6dle dr\u00e5be. Et af hans mest ber\u00f8mte champagnecitater er: \"Champagne skal v\u00e6re afk\u00f8let, <a href=\"https:\/\/champagner.com\/da\/ordliste-2\/sek\/\">t\u00f8r<\/a> og v\u00e6re fri.\" Churchill var kendt for sin kr\u00e6vende <a href=\"https:\/\/champagner.com\/da\/ordliste-2\/bid\/\">Smag<\/a> og hans fork\u00e6rlighed for luksus, og dette citat indfanger hans holdning perfekt.<\/p>\n<p>Oscar Wilde, den ber\u00f8mte forfatter og dandy, bem\u00e6rkede engang med et champagnecitat: \"Kun de meget trivielle mennesker er virkelig seri\u00f8se, og kun de meget seri\u00f8se mennesker har nogensinde skabt noget trivielt.\" Selv om dette citat ikke er direkte rettet mod champagne, afspejler Wildes mange andre kommentarer om livet og kunsten hans v\u00e6rds\u00e6ttelse af de finere ting i livet, hvilket bestemt ogs\u00e5 omfatter champagne.<\/p>\n<p>Madame de Pompadour, kong Ludvig XV's elskerinde, sagde engang: \"Champagne er den eneste drik, der g\u00f8r en kvinde smukkere, jo mere hun drikker af den.\" Dette champagnecitat understreger det glamour\u00f8se og forf\u00f8rende aspekt ved champagne, og hvordan den kan forst\u00e6rke forbrugernes elegance og sk\u00f8nhed.<\/p>\n<h4>Oversigt over champagne-citater<\/h4>\n<p>Samlet set viser disse Champagne-citater den vedvarende fascination og den s\u00e6rlige plads, som Champagne har i verdens kultur. <a href=\"https:\/\/champagner.com\/da\/ordliste-2\/champagnes-oprindelse\/\">Historie<\/a> tager. Uanset om det er til festlige lejligheder, romantiske \u00f8jeblikke eller bare som en <a href=\"https:\/\/champagner.com\/da\/champagne-opskrifter-kokning\/\">Overb\u00e6renhed<\/a> i hverdagen - champagne har altid sin s\u00e6rlige charme og inspirerer mennesker over hele verden. God forn\u00f8jelse med at l\u00e6se champagne-citaterne.<\/p>\n<\/div><\/section><\/p><\/div><div class='av-flex-placeholder'><\/div>\n<style type=\"text\/css\" data-created_by=\"avia_inline_auto\" id=\"style-css-av-av_one_fifth-96471c6a872bb75c0ce03c20d00030c6\">\n.flex_column.av-av_one_fifth-96471c6a872bb75c0ce03c20d00030c6{\nborder-radius:0px 0px 0px 0px;\npadding:0px 0px 0px 0px;\n}\n<\/style>\n<div  class='flex_column av-av_one_fifth-96471c6a872bb75c0ce03c20d00030c6 av_one_fifth  avia-builder-el-12  el_after_av_three_fifth  avia-builder-el-last  flex_column_table_cell av-equal-height-column av-align-top av-zero-column-padding'     ><\/div><\/div><!--close column table wrapper. Autoclose: 1 -->","protected":false},"excerpt":{"rendered":"","protected":false},"author":1,"featured_media":4618,"parent":0,"menu_order":0,"comment_status":"closed","ping_status":"closed","template":"","meta":{"footnotes":""},"class_list":["post-4024","page","type-page","status-publish","has-post-thumbnail","hentry"],"_links":{"self":[{"href":"https:\/\/champagner.com\/da\/wp-json\/wp\/v2\/pages\/4024","targetHints":{"allow":["GET"]}}],"collection":[{"href":"https:\/\/champagner.com\/da\/wp-json\/wp\/v2\/pages"}],"about":[{"href":"https:\/\/champagner.com\/da\/wp-json\/wp\/v2\/types\/page"}],"author":[{"embeddable":true,"href":"https:\/\/champagner.com\/da\/wp-json\/wp\/v2\/users\/1"}],"replies":[{"embeddable":true,"href":"https:\/\/champagner.com\/da\/wp-json\/wp\/v2\/comments?post=4024"}],"version-history":[{"count":0,"href":"https:\/\/champagner.com\/da\/wp-json\/wp\/v2\/pages\/4024\/revisions"}],"wp:featuredmedia":[{"embeddable":true,"href":"https:\/\/champagner.com\/da\/wp-json\/wp\/v2\/media\/4618"}],"wp:attachment":[{"href":"https:\/\/champagner.com\/da\/wp-json\/wp\/v2\/media?parent=4024"}],"curies":[{"name":"wp","href":"https:\/\/api.w.org\/{rel}","templated":true}]}}