{"id":5098,"date":"2021-01-06T21:15:49","date_gmt":"2021-01-06T21:15:49","guid":{"rendered":"https:\/\/champagner.eu\/?page_id=5098"},"modified":"2024-07-21T03:16:35","modified_gmt":"2024-07-21T03:16:35","slug":"druer-og-vindruer","status":"publish","type":"page","link":"https:\/\/champagner.com\/da\/druer-og-vindruer\/","title":{"rendered":"Druer og druesorter"},"content":{"rendered":"<div   class='avia-fullscreen-slider main_color   avia-builder-el-0  el_before_av_section  avia-builder-el-first  container_wrap fullsize'  ><div  class='avia-slideshow av-kjlutkb8-cb10e7f7988a7c552d25cc6be2a3641c avia-slideshow-extra_large av_fullscreen avia-slide-slider av-slideshow-ui av-control-default av-slideshow-manual av-loop-once av-loop-manual-endless av-default-height-applied   avia-slideshow-1' data-slideshow-options=\"{&quot;animation&quot;:&quot;slide&quot;,&quot;autoplay&quot;:false,&quot;loop_autoplay&quot;:&quot;once&quot;,&quot;interval&quot;:5,&quot;loop_manual&quot;:&quot;manual-endless&quot;,&quot;autoplay_stopper&quot;:false,&quot;noNavigation&quot;:false,&quot;bg_slider&quot;:true,&quot;keep_padding&quot;:false,&quot;hoverpause&quot;:false,&quot;show_slide_delay&quot;:0,&quot;slide_height&quot;:&quot;100&quot;,&quot;image_attachment&quot;:&quot;&quot;}\"  itemprop=\"image\" itemscope=\"itemscope\" itemtype=\"https:\/\/schema.org\/ImageObject\" ><ul class='avia-slideshow-inner' style='padding-bottom: 66.666666666667%;'><li style='background-position:center center;' data-img-url='https:\/\/champagner.com\/wp-content\/uploads\/2018\/04\/alfred-gratien-1500x1000.jpg' class='avia-slideshow-slide av-kjlutkb8-cb10e7f7988a7c552d25cc6be2a3641c__0  av-single-slide slide-1 slide-odd'><div data-rel='slideshow-1' class='avia-slide-wrap'   ><\/div><\/li><\/ul><\/div><\/div>\n<div id='av_section_1'  class='avia-section av-9qys-7fbec837cc9414b56951d589a49fa01e main_color avia-section-default avia-no-border-styling  avia-builder-el-1  el_after_av_fullscreen  avia-builder-el-last  avia-bg-style-scroll container_wrap fullsize'  ><div class='container av-section-cont-open' ><div class='template-page content  av-content-full alpha units'><div class='post-entry post-entry-type-page post-entry-5098'><div class='entry-content-wrapper clearfix'>\n\n<style type=\"text\/css\" data-created_by=\"avia_inline_auto\" id=\"style-css-av-9tz4-26c14c70028d90a54aefce07862c0d7e\">\n.flex_column.av-9tz4-26c14c70028d90a54aefce07862c0d7e{\nborder-radius:0px 0px 0px 0px;\npadding:0px 0px 0px 0px;\n}\n<\/style>\n<div  class='flex_column av-9tz4-26c14c70028d90a54aefce07862c0d7e av_one_fifth  avia-builder-el-2  el_before_av_three_fifth  avia-builder-el-first  first flex_column_div av-zero-column-padding'     ><\/div>\n<style type=\"text\/css\" data-created_by=\"avia_inline_auto\" id=\"style-css-av-5y3a-c3ba98e644c5ae5c87ca984f1618400f\">\n.flex_column.av-5y3a-c3ba98e644c5ae5c87ca984f1618400f{\nborder-radius:0px 0px 0px 0px;\npadding:0px 0px 0px 0px;\n}\n<\/style>\n<div  class='flex_column av-5y3a-c3ba98e644c5ae5c87ca984f1618400f av_three_fifth  avia-builder-el-3  el_after_av_one_fifth  el_before_av_one_fifth  flex_column_div av-zero-column-padding'     ><p>\n<style type=\"text\/css\" data-created_by=\"avia_inline_auto\" id=\"style-css-av-kkcmtxmf-6e34f11d042a9832a70a4d6c129266bb\">\n#top .av-special-heading.av-kkcmtxmf-6e34f11d042a9832a70a4d6c129266bb{\npadding-bottom:30px;\nfont-size:50px;\n}\nbody .av-special-heading.av-kkcmtxmf-6e34f11d042a9832a70a4d6c129266bb .av-special-heading-tag .heading-char{\nfont-size:25px;\n}\n#top #wrap_all .av-special-heading.av-kkcmtxmf-6e34f11d042a9832a70a4d6c129266bb .av-special-heading-tag{\nfont-size:50px;\n}\n.av-special-heading.av-kkcmtxmf-6e34f11d042a9832a70a4d6c129266bb .av-subheading{\nfont-size:15px;\n}\n\n@media only screen and (min-width: 480px) and (max-width: 767px){ \n#top #wrap_all .av-special-heading.av-kkcmtxmf-6e34f11d042a9832a70a4d6c129266bb .av-special-heading-tag{\nfont-size:0.8em;\n}\n}\n\n@media only screen and (max-width: 479px){ \n#top #wrap_all .av-special-heading.av-kkcmtxmf-6e34f11d042a9832a70a4d6c129266bb .av-special-heading-tag{\nfont-size:0.8em;\n}\n}\n<\/style>\n<div  class='av-special-heading av-kkcmtxmf-6e34f11d042a9832a70a4d6c129266bb av-special-heading-h2 blockquote modern-quote modern-centered  avia-builder-el-4  el_before_av_textblock  avia-builder-el-first  av-inherit-size'><h2 class='av-special-heading-tag'  itemprop=\"headline\"  >Druerne og druesorterne i Champagne<\/h2><div class=\"special-heading-border\"><div class=\"special-heading-inner-border\"><\/div><\/div><\/div><br \/>\n\n<style type=\"text\/css\" data-created_by=\"avia_inline_auto\" id=\"style-css-av-kj4bin1p-574f3f2c4e650edd041a93a3eb080cd4\">\n#top .av_textblock_section.av-kj4bin1p-574f3f2c4e650edd041a93a3eb080cd4 .avia_textblock{\nfont-size:18px;\n}\n<\/style>\n<section  class='av_textblock_section av-kj4bin1p-574f3f2c4e650edd041a93a3eb080cd4'   itemscope=\"itemscope\" itemtype=\"https:\/\/schema.org\/CreativeWork\" ><div class='avia_textblock'  itemprop=\"text\" ><div style=\"text-align: justify;\">\n<p>Kun 3 druer og druesorter bruges i dag til produktion af en <a href=\"https:\/\/champagner.com\/da\/\">Champagne<\/a> brugt.<br \/>\n37% af det dyrkede areal best\u00e5r derfor af Pinot Noir, en r\u00f8d Pinot Noir, yderligere 37% af Pinot Meunier, en r\u00f8d Black Riesling, og 26% af det dyrkede areal best\u00e5r af Chardonnay-druer, den eneste hvide druesort.<\/p>\n<p>Druesorterne og druerne Arbane og Petit Meslier, som n\u00e6sten ikke findes p\u00e5 grund af vinlusen, er ikke desto mindre ogs\u00e5 godkendt til produktion af champagne.<\/p>\n<p>Pinot Noir giver champagnen sin fylde, Pinot Meunier sin frugtighed - Chardonnay sin finesse.<br \/>\nMan kan sige, at det er blandingen, der g\u00f8r forskellen, men i C\u00f4te des Blancs produceres der f.eks. fortrinsvis cuv\u00e9er med en enkelt sort Chardonnay, Blanc de Blancs.<\/p>\n<p>Blanc de Noirs-champagner er derimod meget sj\u00e6ldne. Betegnelsen Blanc de Noirs, for hvid champagne fremstillet af m\u00f8rke druer, blev oprindeligt opfundet i <a href=\"https:\/\/champagner.com\/da\/steder-rejser\/\">Champagne<\/a> karakteriseret. Kun champagneproducenterne af Bollinger, Bruno Paillard eller Mailly, som for det meste kommer fra omr\u00e5der omkring <a href=\"https:\/\/champagner.com\/da\/ordliste-2\/ay\/\">A\u00ff<\/a>, <a href=\"https:\/\/champagner.com\/da\/ordliste-2\/bouzy\/\">Bouzy<\/a>Mailly, <a href=\"https:\/\/champagner.com\/da\/ordliste-2\/hautvillers\/\">Hautvillers<\/a> og Verzenay tilbyder denne champagne.<\/p>\n<\/div>\n<\/div><\/section><br \/>\n\n<style type=\"text\/css\" data-created_by=\"avia_inline_auto\" id=\"style-css-av-kkb5x501-41e07ec96ff64c989c18dd6960e201b0\">\n#top .av-special-heading.av-kkb5x501-41e07ec96ff64c989c18dd6960e201b0{\npadding-bottom:10px;\n}\nbody .av-special-heading.av-kkb5x501-41e07ec96ff64c989c18dd6960e201b0 .av-special-heading-tag .heading-char{\nfont-size:25px;\n}\n.av-special-heading.av-kkb5x501-41e07ec96ff64c989c18dd6960e201b0 .av-subheading{\nfont-size:15px;\n}\n<\/style>\n<div  class='av-special-heading av-kkb5x501-41e07ec96ff64c989c18dd6960e201b0 av-special-heading-h2 blockquote modern-quote  avia-builder-el-6  el_after_av_textblock  el_before_av_textblock'><h2 class='av-special-heading-tag'  itemprop=\"headline\"  >Druesorterne<\/h2><div class=\"special-heading-border\"><div class=\"special-heading-inner-border\"><\/div><\/div><\/div><br \/>\n<section  class='av_textblock_section av-6g6azu-a8571564a45309eb77445a09ab527da1'   itemscope=\"itemscope\" itemtype=\"https:\/\/schema.org\/CreativeWork\" ><div class='avia_textblock'  itemprop=\"text\" ><div style=\"text-align: justify;\">\n<p>De tre vigtigste druesorter til champagneproduktion:<\/p>\n<ul>\n<li>Pinot Meunier<\/li>\n<li>Pinot Noir<\/li>\n<li>Chardonnay<\/li>\n<\/ul>\n<p>De bl\u00e5 druer (Pinot Meunier og Pinot Noir) presses hvide. De giver champagnen styrke og krop, mens den hvide drue (Chardonnay) giver den race og friskhed (se ogs\u00e5 smagning). Vinstokkene besk\u00e6res flere gange om \u00e5ret ved hj\u00e6lp af s\u00e6rlige besk\u00e6ringsmetoder for at sikre, at druerne f\u00e5r s\u00e5 meget kraft og n\u00e6ring som muligt i stedet for at vokse vildt.<\/p>\n<p>Den druepris, som vinb\u00f8nderne opn\u00e5r, afh\u00e6nger af den ovenn\u00e6vnte klassificering af vinmarken. For en \"cru\", der er klassificeret til 80 %, modtager vinbonden 80 % af drueprisen. N\u00e5r druerne presses, tillader loven et maksimalt udbytte p\u00e5 ~02 liter most (der giver 100 liter vin) fra ~60 kg druer. Den ekstra pressede most bruges til alkoholdestillation.<\/p>\n<\/div>\n<\/div><\/section><br \/>\n\n<style type=\"text\/css\" data-created_by=\"avia_inline_auto\" id=\"style-css-av-kkb5xjxv-01a27fd475bc05727693d720d4cd3a9f\">\n#top .av-special-heading.av-kkb5xjxv-01a27fd475bc05727693d720d4cd3a9f{\npadding-bottom:10px;\n}\nbody .av-special-heading.av-kkb5xjxv-01a27fd475bc05727693d720d4cd3a9f .av-special-heading-tag .heading-char{\nfont-size:25px;\n}\n.av-special-heading.av-kkb5xjxv-01a27fd475bc05727693d720d4cd3a9f .av-subheading{\nfont-size:15px;\n}\n<\/style>\n<div  class='av-special-heading av-kkb5xjxv-01a27fd475bc05727693d720d4cd3a9f av-special-heading-h2 blockquote modern-quote  avia-builder-el-8  el_after_av_textblock  el_before_av_textblock'><h2 class='av-special-heading-tag'  itemprop=\"headline\"  >Druesorterne<\/h2><div class=\"special-heading-border\"><div class=\"special-heading-inner-border\"><\/div><\/div><\/div><br \/>\n<section  class='av_textblock_section av-1m6ze-b216b290058da166829d314b60042b06'   itemscope=\"itemscope\" itemtype=\"https:\/\/schema.org\/CreativeWork\" ><div class='avia_textblock'  itemprop=\"text\" ><div style=\"text-align: justify;\">\n<p>Champagne fremstilles af tre druer og druesorter: Chardonnay, Pinot Noir og Pinot Meunier. Hver af disse sorter bidrager p\u00e5 sin egen m\u00e5de til champagnens unikke karakter.<\/p>\n<p><strong>Chardonnay<\/strong>Denne hvide druesort giver champagnen elegance, friskhed og en fin mineralitet. Den bringer smag af citrusfrugter, hvide blomster og nogle gange en subtil cremethed. Chardonnay dyrkes ofte i de ber\u00f8mte Grand Cru-vinmarker i C\u00f4te des Blancs, hvor den kridtholdige jord giver ideelle betingelser.<\/p>\n<p><strong>Pinot Noir<\/strong>Denne r\u00f8de druesort giver struktur, krop og dybde i champagne. Den giver smag af r\u00f8de b\u00e6r, kirseb\u00e6r og nogle gange krydrede noter. Pinot Noir vokser hovedsageligt i Montagne de Reims og C\u00f4te des Bar og bidrager til kompleksiteten og robustheden i det endelige produkt.<\/p>\n<p><strong>Pinot Meunier<\/strong>Pinot Meunier er ogs\u00e5 en r\u00f8d druesort, men mindre kendt end Pinot Noir, og den er frugtagtig og let tilg\u00e6ngelig. Den bringer smag af \u00e6bler, p\u00e6rer og lejlighedsvis urter. Denne sort dyrkes ofte i Vall\u00e9e de la Marne og giver en harmonisk og ofte frugtagtig karakter.<\/p>\n<p>Disse tre druer og druesorter bruges ofte i forskellige kombinationer og proportioner for at bestemme Champagnes mangfoldighed og kompleksitet.<\/p>\n<\/div>\n<\/div><\/section><br \/>\n\n<style type=\"text\/css\" data-created_by=\"avia_inline_auto\" id=\"style-css-av-lys7k417-f104733ade3f2b252bec2fc32efc618e\">\n#top .av-special-heading.av-lys7k417-f104733ade3f2b252bec2fc32efc618e{\npadding-bottom:10px;\n}\nbody .av-special-heading.av-lys7k417-f104733ade3f2b252bec2fc32efc618e .av-special-heading-tag .heading-char{\nfont-size:25px;\n}\n.av-special-heading.av-lys7k417-f104733ade3f2b252bec2fc32efc618e .av-subheading{\nfont-size:15px;\n}\n<\/style>\n<div  class='av-special-heading av-lys7k417-f104733ade3f2b252bec2fc32efc618e av-special-heading-h2 blockquote modern-quote  avia-builder-el-10  el_after_av_textblock  el_before_av_textblock'><h2 class='av-special-heading-tag'  itemprop=\"headline\"  >Champagne-regionen<\/h2><div class=\"special-heading-border\"><div class=\"special-heading-inner-border\"><\/div><\/div><\/div><br \/>\n<section  class='av_textblock_section av-58wfzj-ae72ca80b6c5b7bc25f2c49c34a4bda0'   itemscope=\"itemscope\" itemtype=\"https:\/\/schema.org\/CreativeWork\" ><div class='avia_textblock'  itemprop=\"text\" ><div style=\"text-align: justify;\">\n<p>Champagne er en uds\u00f8gt <a href=\"https:\/\/champagner.com\/da\/ordliste-2\/champagnes-oprindelse\/\">Mousserende vin<\/a>som udelukkende produceres i Champagne-regionen i det nord\u00f8stlige Frankrig. Regionen er kendt for sit unikke terroir, som kendetegner Champagne med sin umiskendelige karakter. Basisvinene til Champagne fremstilles normalt af druerne og druesorterne Chardonnay, Pinot Noir og Pinot Meunier. Den traditionelle produktionsproces involverer Champenoise-metoden, hvor vinen gennemg\u00e5r en anden g\u00e6ring i flasken, hvilket giver den dens karakteristiske bobler.<\/p>\n<p>Champagneproduktionsprocessen begynder med drueh\u00f8sten, som normalt finder sted i september. N\u00e5r druerne er blevet presset forsigtigt, l\u00e6gges mosten i g\u00e6ringstanke, hvor den g\u00e6rer. Vinen modnes derefter i flasker med en blanding af g\u00e6r og sukker for at s\u00e6tte gang i den anden g\u00e6ring. Denne modning kan tage flere \u00e5r og bidrager til vinens kompleksitet og smagsdybde.<\/p>\n<p>Champagne ses ofte som et symbol p\u00e5 luksus og fest. Den findes i forskellige stilarter, fra brut til demi-sec, afh\u00e6ngigt af dosering og restsukkerindhold. De mest ber\u00f8mte champagnehuse, som f.eks. Mo\u00ebt &amp; Chandon, <a href=\"https:\/\/champagner.com\/da\/veuve-clicquot-ponsardin-champagne-2\/\">Veuve Clicquot<\/a> og <a href=\"https:\/\/champagner.com\/da\/ordliste-2\/dom-perignon\/\">Dom P\u00e9rignon<\/a>har bidraget v\u00e6sentligt til Champagnes internationale omd\u00f8mme.<\/p>\n<\/div>\n<\/div><\/section><br \/>\n\n<style type=\"text\/css\" data-created_by=\"avia_inline_auto\" id=\"style-css-av-5h3g16-a3598f9ba79b7e9158393e092cd58455\">\n#top .av-special-heading.av-5h3g16-a3598f9ba79b7e9158393e092cd58455{\npadding-bottom:10px;\n}\nbody .av-special-heading.av-5h3g16-a3598f9ba79b7e9158393e092cd58455 .av-special-heading-tag .heading-char{\nfont-size:25px;\n}\n.av-special-heading.av-5h3g16-a3598f9ba79b7e9158393e092cd58455 .av-subheading{\nfont-size:15px;\n}\n<\/style>\n<div  class='av-special-heading av-5h3g16-a3598f9ba79b7e9158393e092cd58455 av-special-heading-h2 custom-color-heading blockquote modern-quote  avia-builder-el-12  el_after_av_textblock  el_before_av_textblock'><h2 class='av-special-heading-tag'  itemprop=\"headline\"  >Udvalget af champagne<\/h2><div class=\"special-heading-border\"><div class=\"special-heading-inner-border\"><\/div><\/div><\/div><br \/>\n<section  class='av_textblock_section av-58wfzj-13-6c58fc1b3d4427f95ff831c11cd2b7c9'   itemscope=\"itemscope\" itemtype=\"https:\/\/schema.org\/CreativeWork\" ><div class='avia_textblock'  itemprop=\"text\" ><div style=\"text-align: justify;\">\n<p>Alle vine til champagne er udvalgte:<br \/>\nUnder h\u00f8sten h\u00f8stes kun de modne og sunde druer med stor omhu, l\u00e6gges i store kurve (kaldet mannequiner) og transporteres derefter til pressen p\u00e5 velaffjedrede vogne. Presseprocessen er ogs\u00e5 sk\u00e5nsom og hurtig, is\u00e6r fordi det er vigtigt at presse hvid most fra bl\u00e5 druer i 2\/3 af h\u00f8sten. Skindets farve eller bitterstoffer m\u00e5 ikke komme med i mosten. 150 kg druer m\u00e5 ikke give mere end 100 liter most (2\/3-loven).<\/p>\n<\/div>\n<\/div><\/section><br \/>\n\n<style type=\"text\/css\" data-created_by=\"avia_inline_auto\" id=\"style-css-av-kjluw2vl-11-8c78f8382bd3feadac6efb0bffee9fc1\">\n.avia-image-container.av-kjluw2vl-11-8c78f8382bd3feadac6efb0bffee9fc1 img.avia_image{\nbox-shadow:none;\n}\n.avia-image-container.av-kjluw2vl-11-8c78f8382bd3feadac6efb0bffee9fc1 .av-image-caption-overlay-center{\ncolor:#ffffff;\n}\n<\/style>\n<div  class='avia-image-container av-kjluw2vl-11-8c78f8382bd3feadac6efb0bffee9fc1 av-styling- avia-align-center  avia-builder-el-14  el_after_av_textblock  el_before_av_heading'   itemprop=\"image\" itemscope=\"itemscope\" itemtype=\"https:\/\/schema.org\/ImageObject\" ><div class=\"avia-image-container-inner\"><div class=\"avia-image-overlay-wrap\"><img decoding=\"async\" fetchpriority=\"high\" class='wp-image-4185 avia-img-lazy-loading-not-4185 avia_image' src=\"https:\/\/champagner.com\/wp-content\/uploads\/2018\/04\/champagner-trauben-1-1030x665.jpg\" alt='Champagne-druer' title='Champagne-druer'  height=\"665\" width=\"1030\"  itemprop=\"thumbnailUrl\" srcset=\"https:\/\/champagner.com\/wp-content\/uploads\/2018\/04\/champagner-trauben-1-1030x665.jpg 1030w, https:\/\/champagner.com\/wp-content\/uploads\/2018\/04\/champagner-trauben-1-300x194.jpg 300w, https:\/\/champagner.com\/wp-content\/uploads\/2018\/04\/champagner-trauben-1-768x496.jpg 768w, https:\/\/champagner.com\/wp-content\/uploads\/2018\/04\/champagner-trauben-1-705x455.jpg 705w, https:\/\/champagner.com\/wp-content\/uploads\/2018\/04\/champagner-trauben-1-450x291.jpg 450w, https:\/\/champagner.com\/wp-content\/uploads\/2018\/04\/champagner-trauben-1.jpg 1440w\" sizes=\"(max-width: 1030px) 100vw, 1030px\" \/><\/div><\/div><\/div><br \/>\n\n<style type=\"text\/css\" data-created_by=\"avia_inline_auto\" id=\"style-css-av-3kb8ii-461375c708b561b4ffee044342456289\">\n#top .av-special-heading.av-3kb8ii-461375c708b561b4ffee044342456289{\npadding-bottom:10px;\n}\nbody .av-special-heading.av-3kb8ii-461375c708b561b4ffee044342456289 .av-special-heading-tag .heading-char{\nfont-size:25px;\n}\n.av-special-heading.av-3kb8ii-461375c708b561b4ffee044342456289 .av-subheading{\nfont-size:15px;\n}\n<\/style>\n<div  class='av-special-heading av-3kb8ii-461375c708b561b4ffee044342456289 av-special-heading-h2 custom-color-heading blockquote modern-quote  avia-builder-el-15  el_after_av_image  el_before_av_textblock'><h2 class='av-special-heading-tag'  itemprop=\"headline\"  >Lovlig m\u00e6ngde druer<\/h2><div class=\"special-heading-border\"><div class=\"special-heading-inner-border\"><\/div><\/div><\/div><br \/>\n<section  class='av_textblock_section av-58wfzj-6-32031477e2ef2fd2f1db3665ea5bc1d6'   itemscope=\"itemscope\" itemtype=\"https:\/\/schema.org\/CreativeWork\" ><div class='avia_textblock'  itemprop=\"text\" ><div style=\"text-align: justify;\">\n<p>M\u00e6ngden af druer pr. hektar, der m\u00e5 bruges til at producere Champagne, fasts\u00e6ttes ved lov hvert \u00e5r kort f\u00f8r drueh\u00f8sten: I 1996 var maksimalt 10.400 kg druer pr. hektar berettiget til AOC-betegnelserne \"Champagne\" og \"Cote\u00e4ux Champenois\" (stille vin fra Champagne). Hvert \u00e5r, f\u00f8r drueh\u00f8sten, fasts\u00e6tter f\u00f8derationen ogs\u00e5 et potentielt minimumsalkoholindhold for mosten. I 1996 skulle druerne have et potentielt alkoholindhold p\u00e5 mindst 9 volumenprocent. Den most, der ikke n\u00e5r dette minimum, mister retten til at blive m\u00e6rket \"Champagne\" (kvalitet f\u00f8r kvantitet).<\/p>\n<\/div>\n<\/div><\/section><br \/>\n\n<style type=\"text\/css\" data-created_by=\"avia_inline_auto\" id=\"style-css-av-23t0oa-ee7f6725c26ec5d2d3d791415a5ed41a\">\n#top .av-special-heading.av-23t0oa-ee7f6725c26ec5d2d3d791415a5ed41a{\npadding-bottom:10px;\n}\nbody .av-special-heading.av-23t0oa-ee7f6725c26ec5d2d3d791415a5ed41a .av-special-heading-tag .heading-char{\nfont-size:25px;\n}\n.av-special-heading.av-23t0oa-ee7f6725c26ec5d2d3d791415a5ed41a .av-subheading{\nfont-size:15px;\n}\n<\/style>\n<div  class='av-special-heading av-23t0oa-ee7f6725c26ec5d2d3d791415a5ed41a av-special-heading-h2 custom-color-heading blockquote modern-quote  avia-builder-el-17  el_after_av_textblock  el_before_av_textblock'><h2 class='av-special-heading-tag'  itemprop=\"headline\"  >Blanding af forskellige planter<\/h2><div class=\"special-heading-border\"><div class=\"special-heading-inner-border\"><\/div><\/div><\/div><br \/>\n<section  class='av_textblock_section av-58wfzj-4-8762bef7e27f13400594aaeadd588513'   itemscope=\"itemscope\" itemtype=\"https:\/\/schema.org\/CreativeWork\" ><div class='avia_textblock'  itemprop=\"text\" ><div style=\"text-align: justify;\">\n<p>I mods\u00e6tning til andre store vine fremstilles champagne ofte ved at blande forskellige druesorter og \u00e5rgange. \u00c5rsagen er det nordlige klima i vinregionen, som betyder, at druerne og druesorterne fra en vinmark kan v\u00e6re bedre end dem fra en anden vinmark i samme \u00e5r, og at druerne fra et \u00e5r kan v\u00e6re bedre end dem fra et andet \u00e5r. Horisontal blanding af de ca. 320 parceller, hvoraf 17 \"grands crus\" er vurderet til 100%, 41 \"premier crus\" til 90 til 99 %, de \u00f8vrige til 80 til 89 %. Vertikal blanding med reservevine fra forskellige \u00e5rgange.<\/p>\n<\/div>\n<\/div><\/section><br \/>\n\n<style type=\"text\/css\" data-created_by=\"avia_inline_auto\" id=\"style-css-av-kjluw2vl-44507a4d5477799e6c4785933bf56fd2\">\n.avia-image-container.av-kjluw2vl-44507a4d5477799e6c4785933bf56fd2 img.avia_image{\nbox-shadow:none;\n}\n.avia-image-container.av-kjluw2vl-44507a4d5477799e6c4785933bf56fd2 .av-image-caption-overlay-center{\ncolor:#ffffff;\n}\n<\/style>\n<div  class='avia-image-container av-kjluw2vl-44507a4d5477799e6c4785933bf56fd2 av-styling- avia-align-center  avia-builder-el-19  el_after_av_textblock  avia-builder-el-last'   itemprop=\"image\" itemscope=\"itemscope\" itemtype=\"https:\/\/schema.org\/ImageObject\" ><div class=\"avia-image-container-inner\"><div class=\"avia-image-overlay-wrap\"><img decoding=\"async\" fetchpriority=\"high\" class='wp-image-4167 avia-img-lazy-loading-not-4167 avia_image' src=\"https:\/\/champagner.com\/wp-content\/uploads\/2018\/04\/bauget-jouette-weinrebe.jpg\" alt='Bauget-Jouette Champagne Vine' title='Bauget-Jouette Champagne Vine'  height=\"400\" width=\"620\"  itemprop=\"thumbnailUrl\" srcset=\"https:\/\/champagner.com\/wp-content\/uploads\/2018\/04\/bauget-jouette-weinrebe.jpg 620w, https:\/\/champagner.com\/wp-content\/uploads\/2018\/04\/bauget-jouette-weinrebe-300x194.jpg 300w, https:\/\/champagner.com\/wp-content\/uploads\/2018\/04\/bauget-jouette-weinrebe-450x290.jpg 450w\" sizes=\"(max-width: 620px) 100vw, 620px\" \/><\/div><\/div><\/div><\/p><\/div>\n<style type=\"text\/css\" data-created_by=\"avia_inline_auto\" id=\"style-css-av-7vz4-e2ecb25e9168201a3fd1fa7a9982a872\">\n.flex_column.av-7vz4-e2ecb25e9168201a3fd1fa7a9982a872{\nborder-radius:0px 0px 0px 0px;\npadding:0px 0px 0px 0px;\n}\n<\/style>\n<div  class='flex_column av-7vz4-e2ecb25e9168201a3fd1fa7a9982a872 av_one_fifth  avia-builder-el-20  el_after_av_three_fifth  avia-builder-el-last  flex_column_div av-zero-column-padding'     ><\/div>","protected":false},"excerpt":{"rendered":"","protected":false},"author":1,"featured_media":4103,"parent":0,"menu_order":0,"comment_status":"closed","ping_status":"closed","template":"","meta":{"footnotes":""},"class_list":["post-5098","page","type-page","status-publish","has-post-thumbnail","hentry"],"_links":{"self":[{"href":"https:\/\/champagner.com\/da\/wp-json\/wp\/v2\/pages\/5098","targetHints":{"allow":["GET"]}}],"collection":[{"href":"https:\/\/champagner.com\/da\/wp-json\/wp\/v2\/pages"}],"about":[{"href":"https:\/\/champagner.com\/da\/wp-json\/wp\/v2\/types\/page"}],"author":[{"embeddable":true,"href":"https:\/\/champagner.com\/da\/wp-json\/wp\/v2\/users\/1"}],"replies":[{"embeddable":true,"href":"https:\/\/champagner.com\/da\/wp-json\/wp\/v2\/comments?post=5098"}],"version-history":[{"count":0,"href":"https:\/\/champagner.com\/da\/wp-json\/wp\/v2\/pages\/5098\/revisions"}],"wp:featuredmedia":[{"embeddable":true,"href":"https:\/\/champagner.com\/da\/wp-json\/wp\/v2\/media\/4103"}],"wp:attachment":[{"href":"https:\/\/champagner.com\/da\/wp-json\/wp\/v2\/media?parent=5098"}],"curies":[{"name":"wp","href":"https:\/\/api.w.org\/{rel}","templated":true}]}}