{"id":6514,"date":"2022-05-05T13:28:39","date_gmt":"2022-05-05T13:28:39","guid":{"rendered":"https:\/\/champagner.com\/?page_id=6514"},"modified":"2024-11-04T12:47:51","modified_gmt":"2024-11-04T12:47:51","slug":"champagne-kunst","status":"publish","type":"page","link":"https:\/\/champagner.com\/da\/champagne-kunst\/","title":{"rendered":"Champagne-kunst"},"content":{"rendered":"<div   class='avia-fullscreen-slider main_color   avia-builder-el-0  el_before_av_section  avia-builder-el-first  container_wrap fullsize'  ><div  class='avia-slideshow av-kjripr6g-74ffc6525b251b8b733cc3ef032d902d avia-slideshow-extra_large av_fullscreen avia-slide-slider av-slideshow-ui av-control-default av-slideshow-manual av-loop-once av-loop-manual-endless av-default-height-applied   avia-slideshow-1' data-slideshow-options=\"{&quot;animation&quot;:&quot;slide&quot;,&quot;autoplay&quot;:false,&quot;loop_autoplay&quot;:&quot;once&quot;,&quot;interval&quot;:5,&quot;loop_manual&quot;:&quot;manual-endless&quot;,&quot;autoplay_stopper&quot;:false,&quot;noNavigation&quot;:false,&quot;bg_slider&quot;:true,&quot;keep_padding&quot;:false,&quot;hoverpause&quot;:false,&quot;show_slide_delay&quot;:0,&quot;slide_height&quot;:&quot;100&quot;,&quot;image_attachment&quot;:&quot;&quot;}\"  itemprop=\"image\" itemscope=\"itemscope\" itemtype=\"https:\/\/schema.org\/ImageObject\" ><ul class='avia-slideshow-inner' style='padding-bottom: 53.2%;'><li style='background-position:center center;' data-img-url='https:\/\/champagner.com\/wp-content\/uploads\/2018\/05\/Champagne-Charles-de-Cazanove-1500x798.jpg' class='avia-slideshow-slide av-kjripr6g-74ffc6525b251b8b733cc3ef032d902d__0  av-single-slide slide-1 slide-odd'><div data-rel='slideshow-1' class='avia-slide-wrap'  title='Charles de Cazanove Champagne ' ><\/div><\/li><\/ul><\/div><\/div>\n<div id='av_section_1'  class='avia-section av-9qys-7fbec837cc9414b56951d589a49fa01e main_color avia-section-default avia-no-border-styling  avia-builder-el-1  el_after_av_fullscreen  avia-builder-el-last  avia-bg-style-scroll container_wrap fullsize'  ><div class='container av-section-cont-open' ><div class='template-page content  av-content-full alpha units'><div class='post-entry post-entry-type-page post-entry-6514'><div class='entry-content-wrapper clearfix'>\n\n<style type=\"text\/css\" data-created_by=\"avia_inline_auto\" id=\"style-css-av-9tz4-26c14c70028d90a54aefce07862c0d7e\">\n.flex_column.av-9tz4-26c14c70028d90a54aefce07862c0d7e{\nborder-radius:0px 0px 0px 0px;\npadding:0px 0px 0px 0px;\n}\n<\/style>\n<div  class='flex_column av-9tz4-26c14c70028d90a54aefce07862c0d7e av_one_fifth  avia-builder-el-2  el_before_av_three_fifth  avia-builder-el-first  first flex_column_div av-zero-column-padding'     ><\/div>\n<style type=\"text\/css\" data-created_by=\"avia_inline_auto\" id=\"style-css-av-5y3a-c3ba98e644c5ae5c87ca984f1618400f\">\n.flex_column.av-5y3a-c3ba98e644c5ae5c87ca984f1618400f{\nborder-radius:0px 0px 0px 0px;\npadding:0px 0px 0px 0px;\n}\n<\/style>\n<div  class='flex_column av-5y3a-c3ba98e644c5ae5c87ca984f1618400f av_three_fifth  avia-builder-el-3  el_after_av_one_fifth  el_before_av_one_fifth  flex_column_div av-zero-column-padding'     ><p>\n<style type=\"text\/css\" data-created_by=\"avia_inline_auto\" id=\"style-css-av-kjrjnv83-db0150b69486a15817a0557cc8e62443\">\n#top .av-special-heading.av-kjrjnv83-db0150b69486a15817a0557cc8e62443{\npadding-bottom:30px;\nfont-size:50px;\n}\nbody .av-special-heading.av-kjrjnv83-db0150b69486a15817a0557cc8e62443 .av-special-heading-tag .heading-char{\nfont-size:25px;\n}\n#top #wrap_all .av-special-heading.av-kjrjnv83-db0150b69486a15817a0557cc8e62443 .av-special-heading-tag{\nfont-size:50px;\n}\n.av-special-heading.av-kjrjnv83-db0150b69486a15817a0557cc8e62443 .av-subheading{\nfont-size:15px;\n}\n\n@media only screen and (min-width: 480px) and (max-width: 767px){ \n#top #wrap_all .av-special-heading.av-kjrjnv83-db0150b69486a15817a0557cc8e62443 .av-special-heading-tag{\nfont-size:0.8em;\n}\n}\n\n@media only screen and (max-width: 479px){ \n#top #wrap_all .av-special-heading.av-kjrjnv83-db0150b69486a15817a0557cc8e62443 .av-special-heading-tag{\nfont-size:0.8em;\n}\n}\n<\/style>\n<div  class='av-special-heading av-kjrjnv83-db0150b69486a15817a0557cc8e62443 av-special-heading-h1 blockquote modern-quote  avia-builder-el-4  el_before_av_textblock  avia-builder-el-first  av-inherit-size'><h1 class='av-special-heading-tag'  itemprop=\"headline\"  >Champagne-kunst<\/h1><div class=\"special-heading-border\"><div class=\"special-heading-inner-border\"><\/div><\/div><\/div><br \/>\n\n<style type=\"text\/css\" data-created_by=\"avia_inline_auto\" id=\"style-css-av-kj4bin1p-19cbf03350244018d7d4cfd1501789b0\">\n#top .av_textblock_section.av-kj4bin1p-19cbf03350244018d7d4cfd1501789b0 .avia_textblock{\nfont-size:18px;\n}\n<\/style>\n<section  class='av_textblock_section av-kj4bin1p-19cbf03350244018d7d4cfd1501789b0'   itemscope=\"itemscope\" itemtype=\"https:\/\/schema.org\/CreativeWork\" ><div class='avia_textblock'  itemprop=\"text\" ><p><strong><a href=\"https:\/\/champagner.com\/da\/\">Champagne<\/a><\/strong> er mere end bare den bedste kvalitet blandt vine. Ud over selve nydelsen skaber champagne ogs\u00e5 en st\u00e6rk aura, som det er sv\u00e6rt at s\u00e6tte ord p\u00e5, men som n\u00e6sten altid er inden for r\u00e6kkevidde.<\/p>\n<p>Det er s\u00e5dan, man siger det p\u00e5 engelsk:<\/p>\n<blockquote>\n<p><a href=\"https:\/\/champagner.com\/da\/steder-rejser\/\">Champagne<\/a> s\u00e6tter en stemning, leverer et st\u00e6rkt udsagn og forbedrer n\u00e6sten forudsigeligt oplevelsen positivt! Vid, at du ikke kun drikker den bedste vin, men ogs\u00e5 p\u00e5kalder en stor \u00e5nd!<\/p>\n<\/blockquote>\n<p>Allerede i Belle Epoque erkendte nogle producenter, at dette kraftfulde f\u00e6nomen, denne \u00e5nd, bedst kunne indfanges gennem kunst. Kun datidens bedste kunstnere og grafiske designere var gode nok til at blive betroet at legemligg\u00f8re denne \"\u00e5nd\" i forbindelse med <a href=\"https:\/\/champagner.com\/da\/champagneetiketter\/\">Champagne-etiketter<\/a>plakater, menuer og postkort.<\/p>\n<p>For eksempel bestilte Delbeck-virksomheden med succes kendte kunstnere fra perioden som Klimt, Muchas, Cappiello, Erg\u00e9, Gall\u00e9, Andreis, Chatin, Tristan Bernard og Benjamin Rabier.<\/p>\n<p>B\u00e5de succesen og omfanget af de kunstneriske pr\u00e6stationer i denne \u00e6ra er uovertruffen. Champagneplakater fra Belle Epoque er stadig meget eftertragtede som dekorationsplakater over hele verden.<\/p>\n<p>Men den naturlige forbindelse mellem champagne og kunst er stadig ubrudt den dag i dag.<\/p>\n<h3>Champagne-kunst<\/h3>\n<p>Dagens champagnekunst af <a href=\"https:\/\/champagner.com\/da\/champagnehuse\/\">Champagnehuse<\/a> kan groft sagt inddeles i tre omr\u00e5der:<\/p>\n<ul>\n<li>National kunst, dvs. kunst, der udelukkende er begr\u00e6nset til Frankrig og dets kunstnere<\/li>\n<li>International kunst, dvs. kunst, der s\u00e6tter kunstnere fra hele verden i lyset af champagne<\/li>\n<li>Designkunst eller ny kunst. Det er en ofte provokerende og til tider st\u00f8dende form for kunst. Denne type champagnekunst omfatter ting, som ikke l\u00e6ngere har nogen reference til Belle Epoque-perioden.<\/li>\n<\/ul>\n<p>Et eksempel p\u00e5 national champagnekunst er flaskerne fra Bruno Pillard, hvor champagneetiketterne er designet og skabt af franske kunstnere.<\/p>\n<p>Indtil videre er tolv flasker blevet realiseret af kunstnere, der arbejder og bor i Frankrig. Det s\u00e6rlige ved disse flasker er, at hver kunstner har hyldet en anden sort eller et andet \u00e5r.<\/p>\n<p>De s\u00e5kaldte Collections-flasker fra Taittinger er et godt eksempel p\u00e5 international kunst i forbindelse med champagne.<br \/>\nFlaskerne i Taittinger-samlingen er champagneflasker, der er blevet produceret siden 1978 i et godt champagne\u00e5r.<br \/>\nDet s\u00e6rlige ved den er, at hver af disse flasker er designet af en anden kunstner. Siden 1983 har ni internationalt anerkendte kunstnere hver is\u00e6r designet en flaske p\u00e5 vegne af Claude Taittinger.<\/p>\n<p>De f\u00f8rste seks flasker blev designet af VASARELY (Mills\u00e9sime 1978), af ARMAN (Mills\u00e9sime 1981), af MASSON (Mills\u00e9sime 1982), af VIEIRA DA SILVA (Mills\u00e9sime 1983), af LICHTENSTEIN (Mills\u00e9sime 1985) og af HARTUNG (Mills\u00e9sime 1986). De kan kun findes p\u00e5 auktion med meget held.<br \/>\nHeldigvis er de sidste tre flasker af kunstnerne Ima\u00cf, Corneille og Matta stadig tilg\u00e6ngelige i butikkerne.<\/p>\n<p>Et godt eksempel p\u00e5 det, vi kalder designchampagnekunst, kom fra Veuve Cliquot.<br \/>\nFor det s\u00e5kaldte Millinnium, \u00e5rsskiftet fra 1999 til <a href=\"https:\/\/champagner.com\/da\/ar\/\">2000<\/a>blev en s\u00e6rlig version af La Grande Dame lanceret af Veuve Cliquot.<br \/>\nTil det form\u00e5l designede kunstneren Elisabeth Rubin et etui af akrylglas, som kunne rumme enten en 1,5- eller en 3-liters flaske. Flasken var fastgjort til to l\u00e6derremme i dette etui.<\/p>\n<p><strong>Sidst, men ikke mindst, et eksempel, der ikke passer ind i en af de tre kategorier.<\/strong><\/p>\n<p>Fra huset Piper-Heidsieck kommer en flaske designet af den franske modedesigner Jean-Paul Gaultier.<br \/>\nDette var en flaske kl\u00e6dt i et r\u00f8dt korset. Flasken og det omgivende t\u00f8j er naturligvis signeret af skaberen, og flasken leveres i en smuk akrylglasemballage.<\/p>\n<div id=\"attachment_7576\" style=\"width: 350px\" class=\"wp-caption aligncenter\"><img loading=\"lazy\" decoding=\"async\" aria-describedby=\"caption-attachment-7576\" class=\"wp-image-7576 size-full\" title=\"Jean-Paul Gaultier &amp; Piper-Heidsieck Champagne\" src=\"https:\/\/champagner.com\/wp-content\/uploads\/2024\/07\/Jean-Paul-Gaultier-Piper-Heidsieck.webp\" alt=\"Jean-Paul Gaultier &amp; Piper-Heidsieck Champagne\" width=\"340\" height=\"270\" srcset=\"https:\/\/champagner.com\/wp-content\/uploads\/2024\/07\/Jean-Paul-Gaultier-Piper-Heidsieck.webp 340w, https:\/\/champagner.com\/wp-content\/uploads\/2024\/07\/Jean-Paul-Gaultier-Piper-Heidsieck-300x238.webp 300w, https:\/\/champagner.com\/wp-content\/uploads\/2024\/07\/Jean-Paul-Gaultier-Piper-Heidsieck-15x12.webp 15w\" sizes=\"auto, (max-width: 340px) 100vw, 340px\" \/><p id=\"caption-attachment-7576\" class=\"wp-caption-text\">Jean-Paul Gaultier &amp; Piper-Heidsieck Champagne<\/p><\/div>\n<p>Som du kan se, er emnet champagnekunst meget forskelligartet og kan ikke kategoriseres i en fast skuffe.<\/p>\n<\/div><\/section><\/p><\/div>\n<style type=\"text\/css\" data-created_by=\"avia_inline_auto\" id=\"style-css-av-7vz4-e2ecb25e9168201a3fd1fa7a9982a872\">\n.flex_column.av-7vz4-e2ecb25e9168201a3fd1fa7a9982a872{\nborder-radius:0px 0px 0px 0px;\npadding:0px 0px 0px 0px;\n}\n<\/style>\n<div  class='flex_column av-7vz4-e2ecb25e9168201a3fd1fa7a9982a872 av_one_fifth  avia-builder-el-6  el_after_av_three_fifth  avia-builder-el-last  flex_column_div av-zero-column-padding'     ><\/div>","protected":false},"excerpt":{"rendered":"","protected":false},"author":1,"featured_media":4712,"parent":0,"menu_order":0,"comment_status":"closed","ping_status":"closed","template":"","meta":{"footnotes":""},"class_list":["post-6514","page","type-page","status-publish","has-post-thumbnail","hentry"],"_links":{"self":[{"href":"https:\/\/champagner.com\/da\/wp-json\/wp\/v2\/pages\/6514","targetHints":{"allow":["GET"]}}],"collection":[{"href":"https:\/\/champagner.com\/da\/wp-json\/wp\/v2\/pages"}],"about":[{"href":"https:\/\/champagner.com\/da\/wp-json\/wp\/v2\/types\/page"}],"author":[{"embeddable":true,"href":"https:\/\/champagner.com\/da\/wp-json\/wp\/v2\/users\/1"}],"replies":[{"embeddable":true,"href":"https:\/\/champagner.com\/da\/wp-json\/wp\/v2\/comments?post=6514"}],"version-history":[{"count":0,"href":"https:\/\/champagner.com\/da\/wp-json\/wp\/v2\/pages\/6514\/revisions"}],"wp:featuredmedia":[{"embeddable":true,"href":"https:\/\/champagner.com\/da\/wp-json\/wp\/v2\/media\/4712"}],"wp:attachment":[{"href":"https:\/\/champagner.com\/da\/wp-json\/wp\/v2\/media?parent=6514"}],"curies":[{"name":"wp","href":"https:\/\/api.w.org\/{rel}","templated":true}]}}