{"id":6528,"date":"2022-05-05T13:56:49","date_gmt":"2022-05-05T13:56:49","guid":{"rendered":"https:\/\/champagner.com\/?page_id=6528"},"modified":"2024-11-04T12:46:29","modified_gmt":"2024-11-04T12:46:29","slug":"champagneetiketter","status":"publish","type":"page","link":"https:\/\/champagner.com\/da\/champagneetiketter\/","title":{"rendered":"Champagne-etiketter"},"content":{"rendered":"<div   class='avia-fullscreen-slider main_color   avia-builder-el-0  el_before_av_section  avia-builder-el-first  container_wrap fullsize'  ><div  class='avia-slideshow av-kjripr6g-74ffc6525b251b8b733cc3ef032d902d avia-slideshow-extra_large av_fullscreen avia-slide-slider av-slideshow-ui av-control-default av-slideshow-manual av-loop-once av-loop-manual-endless av-default-height-applied   avia-slideshow-1' data-slideshow-options=\"{&quot;animation&quot;:&quot;slide&quot;,&quot;autoplay&quot;:false,&quot;loop_autoplay&quot;:&quot;once&quot;,&quot;interval&quot;:5,&quot;loop_manual&quot;:&quot;manual-endless&quot;,&quot;autoplay_stopper&quot;:false,&quot;noNavigation&quot;:false,&quot;bg_slider&quot;:true,&quot;keep_padding&quot;:false,&quot;hoverpause&quot;:false,&quot;show_slide_delay&quot;:0,&quot;slide_height&quot;:&quot;100&quot;,&quot;image_attachment&quot;:&quot;&quot;}\"  itemprop=\"image\" itemscope=\"itemscope\" itemtype=\"https:\/\/schema.org\/ImageObject\" ><ul class='avia-slideshow-inner' style='padding-bottom: 56.390977443609%;'><li style='background-position:center center;' data-img-url='https:\/\/champagner.com\/wp-content\/uploads\/2018\/05\/thienot-champagner-cuvee-alain-thienot.jpg' class='avia-slideshow-slide av-kjripr6g-74ffc6525b251b8b733cc3ef032d902d__0  av-single-slide slide-1 slide-odd'><div data-rel='slideshow-1' class='avia-slide-wrap'  title='Thi\u00e9not Champagne Cuvee Alain Thi\u00e9not' ><\/div><\/li><\/ul><\/div><\/div>\n<div id='av_section_1'  class='avia-section av-9qys-7fbec837cc9414b56951d589a49fa01e main_color avia-section-default avia-no-border-styling  avia-builder-el-1  el_after_av_fullscreen  avia-builder-el-last  avia-bg-style-scroll container_wrap fullsize'  ><div class='container av-section-cont-open' ><div class='template-page content  av-content-full alpha units'><div class='post-entry post-entry-type-page post-entry-6528'><div class='entry-content-wrapper clearfix'>\n\n<style type=\"text\/css\" data-created_by=\"avia_inline_auto\" id=\"style-css-av-9tz4-26c14c70028d90a54aefce07862c0d7e\">\n.flex_column.av-9tz4-26c14c70028d90a54aefce07862c0d7e{\nborder-radius:0px 0px 0px 0px;\npadding:0px 0px 0px 0px;\n}\n<\/style>\n<div  class='flex_column av-9tz4-26c14c70028d90a54aefce07862c0d7e av_one_fifth  avia-builder-el-2  el_before_av_three_fifth  avia-builder-el-first  first flex_column_div av-zero-column-padding'     ><\/div>\n<style type=\"text\/css\" data-created_by=\"avia_inline_auto\" id=\"style-css-av-5y3a-c3ba98e644c5ae5c87ca984f1618400f\">\n.flex_column.av-5y3a-c3ba98e644c5ae5c87ca984f1618400f{\nborder-radius:0px 0px 0px 0px;\npadding:0px 0px 0px 0px;\n}\n<\/style>\n<div  class='flex_column av-5y3a-c3ba98e644c5ae5c87ca984f1618400f av_three_fifth  avia-builder-el-3  el_after_av_one_fifth  el_before_av_one_fifth  flex_column_div av-zero-column-padding'     ><p>\n<style type=\"text\/css\" data-created_by=\"avia_inline_auto\" id=\"style-css-av-kjrjnv83-2a35af8d1787f56e3a1ccc09942a3cd9\">\n#top .av-special-heading.av-kjrjnv83-2a35af8d1787f56e3a1ccc09942a3cd9{\npadding-bottom:30px;\nfont-size:50px;\n}\nbody .av-special-heading.av-kjrjnv83-2a35af8d1787f56e3a1ccc09942a3cd9 .av-special-heading-tag .heading-char{\nfont-size:25px;\n}\n#top #wrap_all .av-special-heading.av-kjrjnv83-2a35af8d1787f56e3a1ccc09942a3cd9 .av-special-heading-tag{\nfont-size:50px;\n}\n.av-special-heading.av-kjrjnv83-2a35af8d1787f56e3a1ccc09942a3cd9 .av-subheading{\nfont-size:15px;\n}\n\n@media only screen and (min-width: 480px) and (max-width: 767px){ \n#top #wrap_all .av-special-heading.av-kjrjnv83-2a35af8d1787f56e3a1ccc09942a3cd9 .av-special-heading-tag{\nfont-size:0.8em;\n}\n}\n\n@media only screen and (max-width: 479px){ \n#top #wrap_all .av-special-heading.av-kjrjnv83-2a35af8d1787f56e3a1ccc09942a3cd9 .av-special-heading-tag{\nfont-size:0.8em;\n}\n}\n<\/style>\n<div  class='av-special-heading av-kjrjnv83-2a35af8d1787f56e3a1ccc09942a3cd9 av-special-heading-h1 blockquote modern-quote  avia-builder-el-4  el_before_av_textblock  avia-builder-el-first  av-inherit-size'><h1 class='av-special-heading-tag'  itemprop=\"headline\"  >Champagne-etiketter<\/h1><div class=\"special-heading-border\"><div class=\"special-heading-inner-border\"><\/div><\/div><\/div><br \/>\n\n<style type=\"text\/css\" data-created_by=\"avia_inline_auto\" id=\"style-css-av-kj4bin1p-07a9ad7eee89eb6f83c5a5be01d6504d\">\n#top .av_textblock_section.av-kj4bin1p-07a9ad7eee89eb6f83c5a5be01d6504d .avia_textblock{\nfont-size:18px;\ntext-align:left;\n}\n<\/style>\n<section  class='av_textblock_section av-kj4bin1p-07a9ad7eee89eb6f83c5a5be01d6504d'   itemscope=\"itemscope\" itemtype=\"https:\/\/schema.org\/CreativeWork\" ><div class='avia_textblock'  itemprop=\"text\" ><h3>Champager-m\u00e6rkerne<\/h3>\n<p>Etiketterne p\u00e5 <a href=\"https:\/\/champagner.com\/da\/\">Champagne<\/a> svarer til identitetskort,<br \/>\nsom indeholder vigtige oplysninger, der er underlagt strenge regler. For eksempel fort\u00e6ller en etiket, hvilket hus champagnen kommer fra, og hvilken smag den har.<\/p>\n<p>Champagneetiketter dukkede op i primitiv form s\u00e5 tidligt som i det 18. \u00e5rhundrede. De var sj\u00e6ldent andet end p\u00e5klistrede papirlapper med sparsomme h\u00e5ndskrevne oplysninger.<\/p>\n<p>Omkring 1820 dukkede de rigtige etiketter op, som er nutidens<br \/>\netiketterne var allerede ens. Kort tid efter udviklede der sig en regelm\u00e6ssig konkurrence, som skulle afspejle husets omd\u00f8mme samt kultur og kunst p\u00e5 etiketten.<\/p>\n<p>Selv om de stadig ofte viser disse smukke kvaliteter i dag, er champagneetiketter ogs\u00e5 muteret til beskyttede \"flag\" for husene, som forsvares i kampen mod efterligninger for at beskytte forbrugerne.<\/p>\n<h3>Etiketten i detaljer<\/h3>\n<p>Dette eksempel er en etiket fra det ber\u00f8mte hus <a href=\"https:\/\/champagner.com\/da\/g-h-mum-champagne\/\">Indvolde<\/a>. Denne Mumm-etiket kommer fra en flaske fra det amerikanske marked.<\/p>\n<p>Betegnelsen 'Champagne'. Uden den er indholdet ikke \u00e6gte champagne!<\/p>\n<p>M\u00e6rket og\/eller virksomhedens navn st\u00e5r som regel p\u00e5 en fremtr\u00e6dende plads. Nogle huse forsvarer ogs\u00e5 bestemte farver. Veuve Clicquot-m\u00e6rket er f.eks. let genkendeligt takket v\u00e6re den s\u00e6rlige orange farve p\u00e5 champagneetiketterne.<br \/>\nDenne Mumm-etiket har b\u00e5de navnet G. H. Mumm og Cordon Rouge-m\u00e6rket i det ber\u00f8mte diagonale r\u00f8de b\u00e5nd. Dette fremtr\u00e6dende r\u00f8de b\u00e5nd blev f\u00f8rst introduceret i 1876 som elegante silkesl\u00f8jfer rundt om flaskerne. I 1883 blev etiketterne forsynet med det r\u00f8de b\u00e5nd i stedet for sl\u00f8jferne. Det r\u00f8de b\u00e5nd var symbolsk afledt af den franske L\u00e9gion d'honneur (\u00c6reslegionen).<\/p>\n<ul>\n<li>Byen og oprindelseslandet Frankrig<\/li>\n<li>Alkoholindholdet (mellem 10,5% og 13%)<\/li>\n<li>Flaskens volumen<\/li>\n<\/ul>\n<p>Den tilsvarende amerikanske v\u00e6skevolumen (US 1pint, 10 fluid ounces) var angivet her. Omregnet var denne flaske derfor omtrent en typisk europ\u00e6isk standardflaske.<\/p>\n<p>CIVC-kontrolnummeret er en obligatorisk oplysning, som begynder med to bogstaver og efterf\u00f8lges af et flercifret tal. Bogstaverne er forkortelser og betyder<\/p>\n<p>**N.M.<br \/>\n(n\u00e9gociant-manipulant)<br \/>\nTilberedt af et champagnehus.<\/p>\n<p>** M.A.<br \/>\n(k\u00f8berens m\u00e6rke)<br \/>\nEt sekund\u00e6rt m\u00e6rke. Denne champagne var<br \/>\nfra champagnehuset som en s\u00e6rlig aftapning eller<br \/>\nprivate label aftapning til for eksempel en<br \/>\nleveret til en restaurant eller et flyselskab.<\/p>\n<p>** R.M<br \/>\n(r\u00e9coltant-manipulant)<br \/>\nTilberedt af en champagnevinmager fra hans egen<br \/>\nVinranker.<\/p>\n<p>** R.C.<br \/>\n(r\u00e9coltant-coop\u00e9rateur)<br \/>\nTilberedt af en champagnevinmager fra hans egen<br \/>\nvinstokke og lageret i et vinavlerkooperativ.<\/p>\n<p>** C.M.<br \/>\n(manipulationskooperativ)<br \/>\nEt vinavlerkooperativ var ansvarligt for produktionen.<br \/>\nansvarlig for aftapning.<\/p>\n<p>M\u00e6rkning af smagen er ogs\u00e5 meget vigtig:<br \/>\nExtra Brut, Brut, Extra Dry, Sec, Demi-Sec<br \/>\n(se Dosering)<\/p>\n<p>Halsetiketten (eller skulderetiketten) p\u00e5 en champagneflaske er kendt som cravat eller collerette. Den viser nogle gange husets navn, v\u00e5benskjold eller logo, champagnens \u00e5rgang, husets grundl\u00e6ggelses\u00e5r eller m\u00e5ske en bem\u00e6rkning om, at man er officiel leverand\u00f8r til et bestemt kongehus. Nogle huse undlader ogs\u00e5 halsetiketten.<\/p>\n<p>Champagneetiketter indeholder ogs\u00e5 ofte yderligere oplysninger.<\/p>\n<h3>Mill\u00e9sime Champagne-etiketter<\/h3>\n<p>Champagner fremstillet af druer fra kun \u00e9t bestemt \u00e5r er kendt som <a href=\"https:\/\/champagner.com\/da\/steder-rejser\/\">Champagne<\/a> mill\u00e9sime.<br \/>\n\u00c5rgangen, som f.eks. <a href=\"https:\/\/champagner.com\/da\/ar\/\">1990<\/a> st\u00e5r som regel p\u00e5 en fremtr\u00e6dende plads p\u00e5 etiketten til en champagne fra Jacquesson. \u00c5rgangen er ogs\u00e5 angivet p\u00e5 korken (se ogs\u00e5 kork).<\/p>\n<p>** Blanc de Blancs<br \/>\n100% fremstillet af Chardonnay-druer.<br \/>\n(Se ogs\u00e5 Blanc de Blancs).<\/p>\n<p>** Blanc de Noirs<br \/>\nTil 100% fremstillet af Pinot Noir- og\/eller Pinot Meunier-druer.<br \/>\n(Se ogs\u00e5 Blanc de Noirs).<\/p>\n<p>** Henvisning til en Cru<br \/>\nEn Grand Cru eller Premier Cru refererer til de mest v\u00e6rdifulde vine.<br \/>\nsteder i Champagne-regionen. Der er 17 Grand Crus (f.eks. Ambonnay, Avize, A\u00ff, Bouzy, Cramant, Le Mesnil-sur-Oger, Tours-sur-Marne) og 41 Premier Crus (f.eks. Chouilly, <a href=\"https:\/\/champagner.com\/da\/ordliste-2\/hautvillers\/\">Hautvillers<\/a>Mareuil-sur-A\u00ff; se ogs\u00e5 Cru).<\/p>\n<h4>Kunstneriske champagneetiketter<\/h4>\n<p>Huset Perrier-Jou\u00ebt bruger en harmonisk formet, transparent etiket i kombination med de ber\u00f8mte indrammende blomster p\u00e5 flasken (Fleur de Champagne).<\/p>\n<p>Fra tid til anden mindes nogle champagnehuse historiske begivenheder med meget smukke etiketter. Dette eksempel er en etiket fra det ber\u00f8mte champagnehus Lecerc Briant.<\/p>\n<p>I dette eksempel mindes det ber\u00f8mte champagnehus Deutz den legendariske Orientekspressen med en fantastisk etiket. Ikke underligt, at der er s\u00e5 mange etiketsamlere<\/p>\n<p>De kunstneriske champagneetiketter fra Bruno Paillard er ogs\u00e5 en oplevelse.<\/p>\n<\/div><\/section><\/p><\/div>\n<style type=\"text\/css\" data-created_by=\"avia_inline_auto\" id=\"style-css-av-7vz4-e2ecb25e9168201a3fd1fa7a9982a872\">\n.flex_column.av-7vz4-e2ecb25e9168201a3fd1fa7a9982a872{\nborder-radius:0px 0px 0px 0px;\npadding:0px 0px 0px 0px;\n}\n<\/style>\n<div  class='flex_column av-7vz4-e2ecb25e9168201a3fd1fa7a9982a872 av_one_fifth  avia-builder-el-6  el_after_av_three_fifth  avia-builder-el-last  flex_column_div av-zero-column-padding'     ><\/div>","protected":false},"excerpt":{"rendered":"","protected":false},"author":1,"featured_media":4333,"parent":0,"menu_order":0,"comment_status":"closed","ping_status":"closed","template":"","meta":{"footnotes":""},"class_list":["post-6528","page","type-page","status-publish","has-post-thumbnail","hentry"],"_links":{"self":[{"href":"https:\/\/champagner.com\/da\/wp-json\/wp\/v2\/pages\/6528","targetHints":{"allow":["GET"]}}],"collection":[{"href":"https:\/\/champagner.com\/da\/wp-json\/wp\/v2\/pages"}],"about":[{"href":"https:\/\/champagner.com\/da\/wp-json\/wp\/v2\/types\/page"}],"author":[{"embeddable":true,"href":"https:\/\/champagner.com\/da\/wp-json\/wp\/v2\/users\/1"}],"replies":[{"embeddable":true,"href":"https:\/\/champagner.com\/da\/wp-json\/wp\/v2\/comments?post=6528"}],"version-history":[{"count":0,"href":"https:\/\/champagner.com\/da\/wp-json\/wp\/v2\/pages\/6528\/revisions"}],"wp:featuredmedia":[{"embeddable":true,"href":"https:\/\/champagner.com\/da\/wp-json\/wp\/v2\/media\/4333"}],"wp:attachment":[{"href":"https:\/\/champagner.com\/da\/wp-json\/wp\/v2\/media?parent=6528"}],"curies":[{"name":"wp","href":"https:\/\/api.w.org\/{rel}","templated":true}]}}