{"id":6514,"date":"2022-05-05T13:28:39","date_gmt":"2022-05-05T13:28:39","guid":{"rendered":"https:\/\/champagner.com\/?page_id=6514"},"modified":"2024-11-04T12:47:51","modified_gmt":"2024-11-04T12:47:51","slug":"%cf%84%ce%ad%cf%87%ce%bd%ce%b7-%cf%84%ce%b7%cf%82-%cf%83%ce%b1%ce%bc%cf%80%ce%ac%ce%bd%ce%b9%ce%b1%cf%82","status":"publish","type":"page","link":"https:\/\/champagner.com\/el\/%cf%84%ce%ad%cf%87%ce%bd%ce%b7-%cf%84%ce%b7%cf%82-%cf%83%ce%b1%ce%bc%cf%80%ce%ac%ce%bd%ce%b9%ce%b1%cf%82\/","title":{"rendered":"\u03a4\u03ad\u03c7\u03bd\u03b7 \u03c3\u03b1\u03bc\u03c0\u03ac\u03bd\u03b9\u03b1\u03c2"},"content":{"rendered":"<div   class='avia-fullscreen-slider main_color   avia-builder-el-0  el_before_av_section  avia-builder-el-first  container_wrap fullsize'  ><div  class='avia-slideshow av-kjripr6g-74ffc6525b251b8b733cc3ef032d902d avia-slideshow-extra_large av_fullscreen avia-slide-slider av-slideshow-ui av-control-default av-slideshow-manual av-loop-once av-loop-manual-endless av-default-height-applied   avia-slideshow-1' data-slideshow-options=\"{&quot;animation&quot;:&quot;slide&quot;,&quot;autoplay&quot;:false,&quot;loop_autoplay&quot;:&quot;once&quot;,&quot;interval&quot;:5,&quot;loop_manual&quot;:&quot;manual-endless&quot;,&quot;autoplay_stopper&quot;:false,&quot;noNavigation&quot;:false,&quot;bg_slider&quot;:true,&quot;keep_padding&quot;:false,&quot;hoverpause&quot;:false,&quot;show_slide_delay&quot;:0,&quot;slide_height&quot;:&quot;100&quot;,&quot;image_attachment&quot;:&quot;&quot;}\"  itemprop=\"image\" itemscope=\"itemscope\" itemtype=\"https:\/\/schema.org\/ImageObject\" ><ul class='avia-slideshow-inner' style='padding-bottom: 53.2%;'><li style='background-position:center center;' data-img-url='https:\/\/champagner.com\/wp-content\/uploads\/2018\/05\/Champagne-Charles-de-Cazanove-1500x798.jpg' class='avia-slideshow-slide av-kjripr6g-74ffc6525b251b8b733cc3ef032d902d__0  av-single-slide slide-1 slide-odd'><div data-rel='slideshow-1' class='avia-slide-wrap'  title='Charles de Cazanove \u03a3\u03b1\u03bc\u03c0\u03ac\u03bd\u03b9\u03b1 ' ><\/div><\/li><\/ul><\/div><\/div>\n<div id='av_section_1'  class='avia-section av-9qys-7fbec837cc9414b56951d589a49fa01e main_color avia-section-default avia-no-border-styling  avia-builder-el-1  el_after_av_fullscreen  avia-builder-el-last  avia-bg-style-scroll container_wrap fullsize'  ><div class='container av-section-cont-open' ><div class='template-page content  av-content-full alpha units'><div class='post-entry post-entry-type-page post-entry-6514'><div class='entry-content-wrapper clearfix'>\n\n<style type=\"text\/css\" data-created_by=\"avia_inline_auto\" id=\"style-css-av-9tz4-26c14c70028d90a54aefce07862c0d7e\">\n.flex_column.av-9tz4-26c14c70028d90a54aefce07862c0d7e{\nborder-radius:0px 0px 0px 0px;\npadding:0px 0px 0px 0px;\n}\n<\/style>\n<div  class='flex_column av-9tz4-26c14c70028d90a54aefce07862c0d7e av_one_fifth  avia-builder-el-2  el_before_av_three_fifth  avia-builder-el-first  first flex_column_div av-zero-column-padding'     ><\/div>\n<style type=\"text\/css\" data-created_by=\"avia_inline_auto\" id=\"style-css-av-5y3a-c3ba98e644c5ae5c87ca984f1618400f\">\n.flex_column.av-5y3a-c3ba98e644c5ae5c87ca984f1618400f{\nborder-radius:0px 0px 0px 0px;\npadding:0px 0px 0px 0px;\n}\n<\/style>\n<div  class='flex_column av-5y3a-c3ba98e644c5ae5c87ca984f1618400f av_three_fifth  avia-builder-el-3  el_after_av_one_fifth  el_before_av_one_fifth  flex_column_div av-zero-column-padding'     ><p>\n<style type=\"text\/css\" data-created_by=\"avia_inline_auto\" id=\"style-css-av-kjrjnv83-db0150b69486a15817a0557cc8e62443\">\n#top .av-special-heading.av-kjrjnv83-db0150b69486a15817a0557cc8e62443{\npadding-bottom:30px;\nfont-size:50px;\n}\nbody .av-special-heading.av-kjrjnv83-db0150b69486a15817a0557cc8e62443 .av-special-heading-tag .heading-char{\nfont-size:25px;\n}\n#top #wrap_all .av-special-heading.av-kjrjnv83-db0150b69486a15817a0557cc8e62443 .av-special-heading-tag{\nfont-size:50px;\n}\n.av-special-heading.av-kjrjnv83-db0150b69486a15817a0557cc8e62443 .av-subheading{\nfont-size:15px;\n}\n\n@media only screen and (min-width: 480px) and (max-width: 767px){ \n#top #wrap_all .av-special-heading.av-kjrjnv83-db0150b69486a15817a0557cc8e62443 .av-special-heading-tag{\nfont-size:0.8em;\n}\n}\n\n@media only screen and (max-width: 479px){ \n#top #wrap_all .av-special-heading.av-kjrjnv83-db0150b69486a15817a0557cc8e62443 .av-special-heading-tag{\nfont-size:0.8em;\n}\n}\n<\/style>\n<div  class='av-special-heading av-kjrjnv83-db0150b69486a15817a0557cc8e62443 av-special-heading-h1 blockquote modern-quote  avia-builder-el-4  el_before_av_textblock  avia-builder-el-first  av-inherit-size'><h1 class='av-special-heading-tag'  itemprop=\"headline\"  >\u03a4\u03ad\u03c7\u03bd\u03b7 \u03c3\u03b1\u03bc\u03c0\u03ac\u03bd\u03b9\u03b1\u03c2<\/h1><div class=\"special-heading-border\"><div class=\"special-heading-inner-border\"><\/div><\/div><\/div><br \/>\n\n<style type=\"text\/css\" data-created_by=\"avia_inline_auto\" id=\"style-css-av-kj4bin1p-19cbf03350244018d7d4cfd1501789b0\">\n#top .av_textblock_section.av-kj4bin1p-19cbf03350244018d7d4cfd1501789b0 .avia_textblock{\nfont-size:18px;\n}\n<\/style>\n<section  class='av_textblock_section av-kj4bin1p-19cbf03350244018d7d4cfd1501789b0'   itemscope=\"itemscope\" itemtype=\"https:\/\/schema.org\/CreativeWork\" ><div class='avia_textblock'  itemprop=\"text\" ><p><strong><a href=\"https:\/\/champagner.com\/el\/\">\u03a3\u03b1\u03bc\u03c0\u03ac\u03bd\u03b9\u03b1<\/a><\/strong> \u03b5\u03bd\u03c3\u03b1\u03c1\u03ba\u03ce\u03bd\u03b5\u03b9 \u03ba\u03ac\u03c4\u03b9 \u03c0\u03b5\u03c1\u03b9\u03c3\u03c3\u03cc\u03c4\u03b5\u03c1\u03bf \u03b1\u03c0\u03cc \u03c4\u03b7\u03bd \u03ba\u03b1\u03bb\u03cd\u03c4\u03b5\u03c1\u03b7 \u03c0\u03bf\u03b9\u03cc\u03c4\u03b7\u03c4\u03b1 \u03bc\u03b5\u03c4\u03b1\u03be\u03cd \u03c4\u03c9\u03bd \u03ba\u03c1\u03b1\u03c3\u03b9\u03ce\u03bd. \u0395\u03ba\u03c4\u03cc\u03c2 \u03b1\u03c0\u03cc \u03c4\u03b7\u03bd \u03c0\u03c1\u03b1\u03b3\u03bc\u03b1\u03c4\u03b9\u03ba\u03ae \u03b1\u03c0\u03cc\u03bb\u03b1\u03c5\u03c3\u03b7, \u03b7 \u03c3\u03b1\u03bc\u03c0\u03ac\u03bd\u03b9\u03b1 \u03b4\u03b7\u03bc\u03b9\u03bf\u03c5\u03c1\u03b3\u03b5\u03af \u03b5\u03c0\u03af\u03c3\u03b7\u03c2 \u03bc\u03b9\u03b1 \u03b9\u03c3\u03c7\u03c5\u03c1\u03ae \u03b1\u03cd\u03c1\u03b1 \u03c0\u03bf\u03c5 \u03b5\u03af\u03bd\u03b1\u03b9 \u03b4\u03cd\u03c3\u03ba\u03bf\u03bb\u03bf \u03bd\u03b1 \u03b5\u03ba\u03c6\u03c1\u03b1\u03c3\u03c4\u03b5\u03af \u03bc\u03b5 \u03bb\u03cc\u03b3\u03b9\u03b1, \u03b1\u03bb\u03bb\u03ac \u03b5\u03af\u03bd\u03b1\u03b9 \u03c3\u03c7\u03b5\u03b4\u03cc\u03bd \u03c0\u03ac\u03bd\u03c4\u03b1 \u03b1\u03c0\u03c4\u03ae.<\/p>\n<p>\u0388\u03c4\u03c3\u03b9 \u03c4\u03bf \u03bb\u03ad\u03c4\u03b5 \u03c3\u03c4\u03b1 \u03b1\u03b3\u03b3\u03bb\u03b9\u03ba\u03ac:<\/p>\n<blockquote>\n<p><a href=\"https:\/\/champagner.com\/el\/places-travel\/\">\u03a3\u03b1\u03bc\u03c0\u03ac\u03bd\u03b9\u03b1<\/a> \u03ba\u03b1\u03b8\u03bf\u03c1\u03af\u03b6\u03b5\u03b9 \u03c4\u03b7 \u03b4\u03b9\u03ac\u03b8\u03b5\u03c3\u03b7, \u03c0\u03b1\u03c1\u03ad\u03c7\u03b5\u03b9 \u03bc\u03b9\u03b1 \u03b9\u03c3\u03c7\u03c5\u03c1\u03ae \u03b4\u03ae\u03bb\u03c9\u03c3\u03b7 \u03ba\u03b1\u03b9 \u03c3\u03c7\u03b5\u03b4\u03cc\u03bd \u03b1\u03bd\u03b1\u03bc\u03b5\u03bd\u03cc\u03bc\u03b5\u03bd\u03b1 \u03b5\u03bd\u03b9\u03c3\u03c7\u03cd\u03b5\u03b9 \u03b5\u03c5\u03bd\u03bf\u03ca\u03ba\u03ac \u03c4\u03b7\u03bd \u03b5\u03bc\u03c0\u03b5\u03b9\u03c1\u03af\u03b1! \u039d\u03b1 \u03be\u03ad\u03c1\u03b5\u03c4\u03b5 \u03cc\u03c4\u03b9 \u03b4\u03b5\u03bd \u03ba\u03b1\u03c4\u03b1\u03bd\u03b1\u03bb\u03ce\u03bd\u03b5\u03c4\u03b5 \u03bc\u03cc\u03bd\u03bf \u03c4\u03bf \u03ba\u03b1\u03bb\u03cd\u03c4\u03b5\u03c1\u03bf \u03ba\u03c1\u03b1\u03c3\u03af, \u03b1\u03bb\u03bb\u03ac \u03ba\u03b1\u03b9 \u03cc\u03c4\u03b9 \u03ba\u03b1\u03bb\u03b5\u03af\u03c4\u03b5 \u03ad\u03bd\u03b1 \u03c3\u03c0\u03bf\u03c5\u03b4\u03b1\u03af\u03bf \u03c0\u03bd\u03b5\u03cd\u03bc\u03b1!<\/p>\n<\/blockquote>\n<p>\u0389\u03b4\u03b7 \u03b1\u03c0\u03cc \u03c4\u03b7\u03bd Belle Epoque, \u03bf\u03c1\u03b9\u03c3\u03bc\u03ad\u03bd\u03bf\u03b9 \u03ba\u03b1\u03c4\u03b1\u03c3\u03ba\u03b5\u03c5\u03b1\u03c3\u03c4\u03ad\u03c2 \u03b1\u03bd\u03b1\u03b3\u03bd\u03ce\u03c1\u03b9\u03c3\u03b1\u03bd \u03cc\u03c4\u03b9 \u03b1\u03c5\u03c4\u03cc \u03c4\u03bf \u03b9\u03c3\u03c7\u03c5\u03c1\u03cc \u03c6\u03b1\u03b9\u03bd\u03cc\u03bc\u03b5\u03bd\u03bf, \u03b1\u03c5\u03c4\u03cc \u03c4\u03bf \u03c0\u03bd\u03b5\u03cd\u03bc\u03b1, \u03b1\u03c0\u03bf\u03c4\u03c5\u03c0\u03ce\u03bd\u03b5\u03c4\u03b1\u03b9 \u03ba\u03b1\u03bb\u03cd\u03c4\u03b5\u03c1\u03b1 \u03bc\u03ad\u03c3\u03c9 \u03c4\u03b7\u03c2 \u03c4\u03ad\u03c7\u03bd\u03b7\u03c2. \u039c\u03cc\u03bd\u03bf \u03bf\u03b9 \u03ba\u03b1\u03bb\u03cd\u03c4\u03b5\u03c1\u03bf\u03b9 \u03ba\u03b1\u03bb\u03bb\u03b9\u03c4\u03ad\u03c7\u03bd\u03b5\u03c2 \u03ba\u03b1\u03b9 \u03b3\u03c1\u03b1\u03c6\u03af\u03c3\u03c4\u03b5\u03c2 \u03c4\u03b7\u03c2 \u03b5\u03c0\u03bf\u03c7\u03ae\u03c2 \u03ae\u03c4\u03b1\u03bd \u03b1\u03c1\u03ba\u03b5\u03c4\u03ac \u03ba\u03b1\u03bb\u03bf\u03af \u03b3\u03b9\u03b1 \u03bd\u03b1 \u03c4\u03bf\u03c5\u03c2 \u03b1\u03bd\u03b1\u03c4\u03b5\u03b8\u03b5\u03af \u03b7 \u03b5\u03bd\u03c3\u03ac\u03c1\u03ba\u03c9\u03c3\u03b7 \u03b1\u03c5\u03c4\u03bf\u03cd \u03c4\u03bf\u03c5 \"\u03c0\u03bd\u03b5\u03cd\u03bc\u03b1\u03c4\u03bf\u03c2\" \u03c3\u03b5 \u03c3\u03c7\u03ad\u03c3\u03b7 \u03bc\u03b5 <a href=\"https:\/\/champagner.com\/el\/%ce%b5%cf%84%ce%b9%ce%ba%ce%ad%cf%84%ce%b5%cf%82-%cf%83%ce%b1%ce%bc%cf%80%ce%ac%ce%bd%ce%b9%ce%b1%cf%82\/\">\u0395\u03c4\u03b9\u03ba\u03ad\u03c4\u03b5\u03c2 \u03c3\u03b1\u03bc\u03c0\u03ac\u03bd\u03b9\u03b1\u03c2<\/a>\u03b1\u03c6\u03af\u03c3\u03b5\u03c2, \u03bc\u03b5\u03bd\u03bf\u03cd \u03ba\u03b1\u03b9 \u03ba\u03b1\u03c1\u03c4 \u03c0\u03bf\u03c3\u03c4\u03ac\u03bb.<\/p>\n<p>\u0393\u03b9\u03b1 \u03c0\u03b1\u03c1\u03ac\u03b4\u03b5\u03b9\u03b3\u03bc\u03b1, \u03b7 \u03b5\u03c4\u03b1\u03b9\u03c1\u03b5\u03af\u03b1 Delbeck \u03b1\u03bd\u03ad\u03b8\u03b5\u03c3\u03b5 \u03bc\u03b5 \u03b5\u03c0\u03b9\u03c4\u03c5\u03c7\u03af\u03b1 \u03c0\u03b1\u03c1\u03b1\u03b3\u03b3\u03b5\u03bb\u03af\u03b5\u03c2 \u03c3\u03b5 \u03b3\u03bd\u03c9\u03c3\u03c4\u03bf\u03cd\u03c2 \u03ba\u03b1\u03bb\u03bb\u03b9\u03c4\u03ad\u03c7\u03bd\u03b5\u03c2 \u03c4\u03b7\u03c2 \u03b5\u03c0\u03bf\u03c7\u03ae\u03c2, \u03cc\u03c0\u03c9\u03c2 \u03bf\u03b9 Klimt, Muchas, Cappiello, Erg\u00e9, Gall\u00e9, Andreis, Chatin, Tristan Bernard \u03ba\u03b1\u03b9 Benjamin Rabier.<\/p>\n<p>\u03a4\u03cc\u03c3\u03bf \u03b7 \u03b5\u03c0\u03b9\u03c4\u03c5\u03c7\u03af\u03b1 \u03cc\u03c3\u03bf \u03ba\u03b1\u03b9 \u03c4\u03bf \u03b5\u03cd\u03c1\u03bf\u03c2 \u03c4\u03c9\u03bd \u03ba\u03b1\u03bb\u03bb\u03b9\u03c4\u03b5\u03c7\u03bd\u03b9\u03ba\u03ce\u03bd \u03b5\u03c0\u03b9\u03c4\u03b5\u03c5\u03b3\u03bc\u03ac\u03c4\u03c9\u03bd \u03b1\u03c5\u03c4\u03ae\u03c2 \u03c4\u03b7\u03c2 \u03b5\u03c0\u03bf\u03c7\u03ae\u03c2 \u03b5\u03af\u03bd\u03b1\u03b9 \u03b1\u03c0\u03b1\u03c1\u03ac\u03bc\u03b9\u03bb\u03bb\u03b1. \u039f\u03b9 \u03b1\u03c6\u03af\u03c3\u03b5\u03c2 \u03c3\u03b1\u03bc\u03c0\u03ac\u03bd\u03b9\u03b1\u03c2 \u03c4\u03b7\u03c2 Belle Epoque \u03b5\u03be\u03b1\u03ba\u03bf\u03bb\u03bf\u03c5\u03b8\u03bf\u03cd\u03bd \u03bd\u03b1 \u03b5\u03af\u03bd\u03b1\u03b9 \u03c0\u03b5\u03c1\u03b9\u03b6\u03ae\u03c4\u03b7\u03c4\u03b5\u03c2 \u03c9\u03c2 \u03b4\u03b9\u03b1\u03ba\u03bf\u03c3\u03bc\u03b7\u03c4\u03b9\u03ba\u03ad\u03c2 \u03b1\u03c6\u03af\u03c3\u03b5\u03c2 \u03c3\u03b5 \u03cc\u03bb\u03bf \u03c4\u03bf\u03bd \u03ba\u03cc\u03c3\u03bc\u03bf.<\/p>\n<p>\u03a9\u03c3\u03c4\u03cc\u03c3\u03bf, \u03bf \u03c6\u03c5\u03c3\u03b9\u03ba\u03cc\u03c2 \u03b4\u03b5\u03c3\u03bc\u03cc\u03c2 \u03bc\u03b5\u03c4\u03b1\u03be\u03cd \u03c3\u03b1\u03bc\u03c0\u03ac\u03bd\u03b9\u03b1\u03c2 \u03ba\u03b1\u03b9 \u03c4\u03ad\u03c7\u03bd\u03b7\u03c2 \u03c0\u03b1\u03c1\u03b1\u03bc\u03ad\u03bd\u03b5\u03b9 \u03b1\u03b4\u03b9\u03ac\u03c3\u03c0\u03b1\u03c3\u03c4\u03bf\u03c2 \u03bc\u03ad\u03c7\u03c1\u03b9 \u03c3\u03ae\u03bc\u03b5\u03c1\u03b1.<\/p>\n<h3>\u03a4\u03ad\u03c7\u03bd\u03b7 \u03c3\u03b1\u03bc\u03c0\u03ac\u03bd\u03b9\u03b1\u03c2<\/h3>\n<p>\u0397 \u03c3\u03b7\u03bc\u03b5\u03c1\u03b9\u03bd\u03ae \u03c4\u03ad\u03c7\u03bd\u03b7 \u03c4\u03b7\u03c2 \u03c3\u03b1\u03bc\u03c0\u03ac\u03bd\u03b9\u03b1\u03c2 <a href=\"https:\/\/champagner.com\/el\/%cf%83%cf%80%ce%af%cf%84%ce%b9%ce%b1-%cf%83%ce%b1%ce%bc%cf%80%ce%ac%ce%bd%ce%b9%ce%b1%cf%82\/\">\u039f\u03af\u03ba\u03bf\u03b9 \u03c3\u03b1\u03bc\u03c0\u03ac\u03bd\u03b9\u03b1\u03c2<\/a> \u03bc\u03c0\u03bf\u03c1\u03b5\u03af \u03bd\u03b1 \u03c7\u03c9\u03c1\u03b9\u03c3\u03c4\u03b5\u03af \u03c3\u03b5 \u03c4\u03c1\u03b5\u03b9\u03c2 \u03c4\u03bf\u03bc\u03b5\u03af\u03c2:<\/p>\n<ul>\n<li>\u0395\u03b8\u03bd\u03b9\u03ba\u03ae \u03c4\u03ad\u03c7\u03bd\u03b7, \u03b4\u03b7\u03bb\u03b1\u03b4\u03ae \u03c4\u03ad\u03c7\u03bd\u03b7 \u03c0\u03bf\u03c5 \u03c0\u03b5\u03c1\u03b9\u03bf\u03c1\u03af\u03b6\u03b5\u03c4\u03b1\u03b9 \u03b1\u03c0\u03bf\u03ba\u03bb\u03b5\u03b9\u03c3\u03c4\u03b9\u03ba\u03ac \u03c3\u03c4\u03b7 \u0393\u03b1\u03bb\u03bb\u03af\u03b1 \u03ba\u03b1\u03b9 \u03c4\u03bf\u03c5\u03c2 \u03ba\u03b1\u03bb\u03bb\u03b9\u03c4\u03ad\u03c7\u03bd\u03b5\u03c2 \u03c4\u03b7\u03c2<\/li>\n<li>\u0394\u03b9\u03b5\u03b8\u03bd\u03ae\u03c2 \u03c4\u03ad\u03c7\u03bd\u03b7, \u03b4\u03b7\u03bb\u03b1\u03b4\u03ae \u03c4\u03ad\u03c7\u03bd\u03b7 \u03c0\u03bf\u03c5 \u03b8\u03ad\u03c4\u03b5\u03b9 \u03ba\u03b1\u03bb\u03bb\u03b9\u03c4\u03ad\u03c7\u03bd\u03b5\u03c2 \u03b1\u03c0\u03cc \u03cc\u03bb\u03bf \u03c4\u03bf\u03bd \u03ba\u03cc\u03c3\u03bc\u03bf \u03c3\u03c4\u03bf \u03c6\u03c9\u03c2 \u03c4\u03b7\u03c2 \u03c3\u03b1\u03bc\u03c0\u03ac\u03bd\u03b9\u03b1\u03c2<\/li>\n<li>Design art \u03ae \u039d\u03ad\u03b1 \u03a4\u03ad\u03c7\u03bd\u03b7. \u03a0\u03c1\u03cc\u03ba\u03b5\u03b9\u03c4\u03b1\u03b9 \u03b3\u03b9\u03b1 \u03ad\u03bd\u03b1 \u03c3\u03c5\u03c7\u03bd\u03ac \u03c0\u03c1\u03bf\u03ba\u03bb\u03b7\u03c4\u03b9\u03ba\u03cc, \u03b5\u03bd\u03af\u03bf\u03c4\u03b5 \u03c0\u03c1\u03bf\u03c3\u03b2\u03bb\u03b7\u03c4\u03b9\u03ba\u03cc \u03b5\u03af\u03b4\u03bf\u03c2 \u03c4\u03ad\u03c7\u03bd\u03b7\u03c2. \u0391\u03c5\u03c4\u03cc\u03c2 \u03bf \u03c4\u03cd\u03c0\u03bf\u03c2 \u03c4\u03ad\u03c7\u03bd\u03b7\u03c2 \u03c4\u03b7\u03c2 \u03c3\u03b1\u03bc\u03c0\u03ac\u03bd\u03b9\u03b1\u03c2 \u03c0\u03b5\u03c1\u03b9\u03bb\u03b1\u03bc\u03b2\u03ac\u03bd\u03b5\u03b9 \u03c0\u03c1\u03ac\u03b3\u03bc\u03b1\u03c4\u03b1 \u03c0\u03bf\u03c5 \u03b4\u03b5\u03bd \u03b1\u03bd\u03b1\u03b3\u03bd\u03c9\u03c1\u03af\u03b6\u03bf\u03c5\u03bd \u03c0\u03bb\u03ad\u03bf\u03bd \u03ba\u03b1\u03bc\u03af\u03b1 \u03b1\u03bd\u03b1\u03c6\u03bf\u03c1\u03ac \u03c3\u03c4\u03b7\u03bd \u03c0\u03b5\u03c1\u03af\u03bf\u03b4\u03bf \u03c4\u03b7\u03c2 Belle Epoque<\/li>\n<\/ul>\n<p>\u0388\u03bd\u03b1 \u03c0\u03b1\u03c1\u03ac\u03b4\u03b5\u03b9\u03b3\u03bc\u03b1 \u03b5\u03b8\u03bd\u03b9\u03ba\u03ae\u03c2 \u03c4\u03ad\u03c7\u03bd\u03b7\u03c2 \u03c3\u03b1\u03bc\u03c0\u03ac\u03bd\u03b9\u03b1\u03c2 \u03b5\u03af\u03bd\u03b1\u03b9 \u03bf\u03b9 \u03c6\u03b9\u03ac\u03bb\u03b5\u03c2 \u03c4\u03bf\u03c5 Bruno Pillard, \u03b3\u03b9\u03b1 \u03c4\u03b9\u03c2 \u03bf\u03c0\u03bf\u03af\u03b5\u03c2 \u03bf\u03b9 \u03b5\u03c4\u03b9\u03ba\u03ad\u03c4\u03b5\u03c2 \u03c3\u03b1\u03bc\u03c0\u03ac\u03bd\u03b9\u03b1\u03c2 \u03c3\u03c7\u03b5\u03b4\u03b9\u03ac\u03c3\u03c4\u03b7\u03ba\u03b1\u03bd \u03ba\u03b1\u03b9 \u03b4\u03b7\u03bc\u03b9\u03bf\u03c5\u03c1\u03b3\u03ae\u03b8\u03b7\u03ba\u03b1\u03bd \u03b1\u03c0\u03cc \u0393\u03ac\u03bb\u03bb\u03bf\u03c5\u03c2 \u03ba\u03b1\u03bb\u03bb\u03b9\u03c4\u03ad\u03c7\u03bd\u03b5\u03c2.<\/p>\n<p>\u039c\u03ad\u03c7\u03c1\u03b9 \u03c3\u03c4\u03b9\u03b3\u03bc\u03ae\u03c2, \u03b4\u03ce\u03b4\u03b5\u03ba\u03b1 \u03c6\u03b9\u03ac\u03bb\u03b5\u03c2 \u03ad\u03c7\u03bf\u03c5\u03bd \u03c5\u03bb\u03bf\u03c0\u03bf\u03b9\u03b7\u03b8\u03b5\u03af \u03b1\u03c0\u03cc \u03ba\u03b1\u03bb\u03bb\u03b9\u03c4\u03ad\u03c7\u03bd\u03b5\u03c2 \u03c0\u03bf\u03c5 \u03b5\u03c1\u03b3\u03ac\u03b6\u03bf\u03bd\u03c4\u03b1\u03b9 \u03ba\u03b1\u03b9 \u03b6\u03bf\u03c5\u03bd \u03c3\u03c4\u03b7 \u0393\u03b1\u03bb\u03bb\u03af\u03b1. \u03a4\u03bf \u03b9\u03b4\u03b9\u03b1\u03af\u03c4\u03b5\u03c1\u03bf \u03c3\u03b5 \u03b1\u03c5\u03c4\u03ac \u03c4\u03b1 \u03bc\u03c0\u03bf\u03c5\u03ba\u03ac\u03bb\u03b9\u03b1 \u03b5\u03af\u03bd\u03b1\u03b9 \u03cc\u03c4\u03b9 \u03ba\u03ac\u03b8\u03b5 \u03ba\u03b1\u03bb\u03bb\u03b9\u03c4\u03ad\u03c7\u03bd\u03b7\u03c2 \u03ad\u03c7\u03b5\u03b9 \u03c4\u03b9\u03bc\u03ae\u03c3\u03b5\u03b9 \u03bc\u03b9\u03b1 \u03b4\u03b9\u03b1\u03c6\u03bf\u03c1\u03b5\u03c4\u03b9\u03ba\u03ae \u03c0\u03bf\u03b9\u03ba\u03b9\u03bb\u03af\u03b1 \u03ae \u03ad\u03bd\u03b1 \u03b4\u03b9\u03b1\u03c6\u03bf\u03c1\u03b5\u03c4\u03b9\u03ba\u03cc \u03ad\u03c4\u03bf\u03c2.<\/p>\n<p>\u039f\u03b9 \u03bb\u03b5\u03b3\u03cc\u03bc\u03b5\u03bd\u03b5\u03c2 \u03c6\u03b9\u03ac\u03bb\u03b5\u03c2 \u03c3\u03c5\u03bb\u03bb\u03bf\u03b3\u03ce\u03bd \u03b1\u03c0\u03cc \u03c4\u03bf Taittinger \u03b1\u03c0\u03bf\u03c4\u03b5\u03bb\u03bf\u03cd\u03bd \u03ad\u03bd\u03b1 \u03b5\u03be\u03b1\u03b9\u03c1\u03b5\u03c4\u03b9\u03ba\u03cc \u03c0\u03b1\u03c1\u03ac\u03b4\u03b5\u03b9\u03b3\u03bc\u03b1 \u03c4\u03b7\u03c2 \u03b4\u03b9\u03b5\u03b8\u03bd\u03bf\u03cd\u03c2 \u03c4\u03ad\u03c7\u03bd\u03b7\u03c2 \u03c3\u03b5 \u03c3\u03c7\u03ad\u03c3\u03b7 \u03bc\u03b5 \u03c4\u03b7 \u03c3\u03b1\u03bc\u03c0\u03ac\u03bd\u03b9\u03b1.<br \/>\n\u039f\u03b9 \u03c6\u03b9\u03ac\u03bb\u03b5\u03c2 \u03c3\u03c5\u03bb\u03bb\u03bf\u03b3\u03ae\u03c2 Taittinger \u03b5\u03af\u03bd\u03b1\u03b9 \u03c6\u03b9\u03ac\u03bb\u03b5\u03c2 \u03c3\u03b1\u03bc\u03c0\u03ac\u03bd\u03b9\u03b1\u03c2 \u03c0\u03bf\u03c5 \u03c0\u03b1\u03c1\u03ac\u03b3\u03bf\u03bd\u03c4\u03b1\u03b9 \u03b1\u03c0\u03cc \u03c4\u03bf 1978 \u03c3\u03b5 \u03bc\u03b9\u03b1 \u03ba\u03b1\u03bb\u03ae \u03c7\u03c1\u03bf\u03bd\u03b9\u03ac \u03c3\u03b1\u03bc\u03c0\u03ac\u03bd\u03b9\u03b1\u03c2.<br \/>\n\u03a4\u03bf \u03b9\u03b4\u03b9\u03b1\u03af\u03c4\u03b5\u03c1\u03bf \u03b5\u03af\u03bd\u03b1\u03b9 \u03cc\u03c4\u03b9 \u03ba\u03ac\u03b8\u03b5 \u03ad\u03bd\u03b1 \u03b1\u03c0\u03cc \u03b1\u03c5\u03c4\u03ac \u03c4\u03b1 \u03bc\u03c0\u03bf\u03c5\u03ba\u03ac\u03bb\u03b9\u03b1 \u03c3\u03c7\u03b5\u03b4\u03b9\u03ac\u03c3\u03c4\u03b7\u03ba\u03b5 \u03b1\u03c0\u03cc \u03b4\u03b9\u03b1\u03c6\u03bf\u03c1\u03b5\u03c4\u03b9\u03ba\u03cc \u03ba\u03b1\u03bb\u03bb\u03b9\u03c4\u03ad\u03c7\u03bd\u03b7. \u0391\u03c0\u03cc \u03c4\u03bf 1983, \u03b5\u03bd\u03bd\u03ad\u03b1 \u03b4\u03b9\u03b5\u03b8\u03bd\u03ce\u03c2 \u03b1\u03bd\u03b1\u03b3\u03bd\u03c9\u03c1\u03b9\u03c3\u03bc\u03ad\u03bd\u03bf\u03b9 \u03ba\u03b1\u03bb\u03bb\u03b9\u03c4\u03ad\u03c7\u03bd\u03b5\u03c2 \u03ad\u03c7\u03bf\u03c5\u03bd \u03c3\u03c7\u03b5\u03b4\u03b9\u03ac\u03c3\u03b5\u03b9 \u03b1\u03c0\u03cc \u03ad\u03bd\u03b1 \u03bc\u03c0\u03bf\u03c5\u03ba\u03ac\u03bb\u03b9 \u03b3\u03b9\u03b1 \u03bb\u03bf\u03b3\u03b1\u03c1\u03b9\u03b1\u03c3\u03bc\u03cc \u03c4\u03bf\u03c5 Claude Taittinger.<\/p>\n<p>\u039f\u03b9 \u03c0\u03c1\u03ce\u03c4\u03b5\u03c2 \u03ad\u03be\u03b9 \u03c6\u03b9\u03ac\u03bb\u03b5\u03c2 \u03c3\u03c7\u03b5\u03b4\u03b9\u03ac\u03c3\u03c4\u03b7\u03ba\u03b1\u03bd \u03b1\u03c0\u03cc \u03c4\u03bf\u03c5\u03c2 VASARELY (Mills\u00e9sime 1978), ARMAN (Mills\u00e9sime 1981), MASSON (Mills\u00e9sime 1982), VIEIRA DA SILVA (Mills\u00e9sime 1983), LICHTENSTEIN (Mills\u00e9sime 1985) \u03ba\u03b1\u03b9 HARTUNG (Mills\u00e9sime 1986). \u039c\u03c0\u03bf\u03c1\u03bf\u03cd\u03bd \u03bd\u03b1 \u03b2\u03c1\u03b5\u03b8\u03bf\u03cd\u03bd \u03c3\u03b5 \u03b4\u03b7\u03bc\u03bf\u03c0\u03c1\u03b1\u03c3\u03af\u03b1 \u03bc\u03cc\u03bd\u03bf \u03bc\u03b5 \u03c0\u03bf\u03bb\u03bb\u03ae \u03c4\u03cd\u03c7\u03b7.<br \/>\n\u0395\u03c5\u03c4\u03c5\u03c7\u03ce\u03c2, \u03c4\u03b1 \u03c4\u03c1\u03af\u03b1 \u03c4\u03b5\u03bb\u03b5\u03c5\u03c4\u03b1\u03af\u03b1 \u03bc\u03c0\u03bf\u03c5\u03ba\u03ac\u03bb\u03b9\u03b1 \u03c4\u03c9\u03bd \u03ba\u03b1\u03bb\u03bb\u03b9\u03c4\u03b5\u03c7\u03bd\u03ce\u03bd Ima\u00cf, Corneille \u03ba\u03b1\u03b9 Matta \u03b5\u03af\u03bd\u03b1\u03b9 \u03b1\u03ba\u03cc\u03bc\u03b7 \u03b4\u03b9\u03b1\u03b8\u03ad\u03c3\u03b9\u03bc\u03b1 \u03c3\u03c4\u03b1 \u03ba\u03b1\u03c4\u03b1\u03c3\u03c4\u03ae\u03bc\u03b1\u03c4\u03b1.<\/p>\n<p>\u03a3\u03b5 \u03b1\u03c5\u03c4\u03cc \u03c0\u03bf\u03c5 \u03b1\u03c0\u03bf\u03ba\u03b1\u03bb\u03bf\u03cd\u03bc\u03b5 \u03c4\u03ad\u03c7\u03bd\u03b7 \u03c4\u03bf\u03c5 \u03c3\u03c7\u03b5\u03b4\u03b9\u03b1\u03c3\u03bc\u03bf\u03cd \u03c3\u03b1\u03bc\u03c0\u03ac\u03bd\u03b9\u03b1\u03c2, \u03ad\u03bd\u03b1 \u03ba\u03b1\u03bb\u03cc \u03c0\u03b1\u03c1\u03ac\u03b4\u03b5\u03b9\u03b3\u03bc\u03b1 \u03ae\u03c1\u03b8\u03b5 \u03b1\u03c0\u03cc \u03c4\u03b7 Veuve Cliquot.<br \/>\n\u0393\u03b9\u03b1 \u03c4\u03bf \u03bb\u03b5\u03b3\u03cc\u03bc\u03b5\u03bd\u03bf Millinnium, \u03c4\u03b7\u03bd \u03b1\u03bb\u03bb\u03b1\u03b3\u03ae \u03c4\u03bf\u03c5 \u03ad\u03c4\u03bf\u03c5\u03c2 \u03b1\u03c0\u03cc \u03c4\u03bf 1999 \u03ad\u03c9\u03c2 \u03c4\u03bf <a href=\"https:\/\/champagner.com\/el\/%cf%87%cf%81%cf%8c%ce%bd%ce%b9%ce%b1\/\">2000<\/a>\u03bc\u03b9\u03b1 \u03b5\u03b9\u03b4\u03b9\u03ba\u03ae \u03ad\u03ba\u03b4\u03bf\u03c3\u03b7 \u03c4\u03bf\u03c5 La Grande Dame \u03bb\u03b1\u03bd\u03c3\u03b1\u03c1\u03af\u03c3\u03c4\u03b7\u03ba\u03b5 \u03b1\u03c0\u03cc \u03c4\u03b7 Veuve Cliquot.<br \/>\n\u0393\u03b9\u03b1 \u03c4\u03bf \u03c3\u03ba\u03bf\u03c0\u03cc \u03b1\u03c5\u03c4\u03cc, \u03b7 \u03ba\u03b1\u03bb\u03bb\u03b9\u03c4\u03ad\u03c7\u03bd\u03b7\u03c2 Elisabeth Rubin \u03c3\u03c7\u03b5\u03b4\u03af\u03b1\u03c3\u03b5 \u03bc\u03b9\u03b1 \u03b8\u03ae\u03ba\u03b7 \u03b1\u03c0\u03cc \u03b1\u03ba\u03c1\u03c5\u03bb\u03b9\u03ba\u03cc \u03b3\u03c5\u03b1\u03bb\u03af \u03c0\u03bf\u03c5 \u03b8\u03b1 \u03bc\u03c0\u03bf\u03c1\u03bf\u03cd\u03c3\u03b5 \u03bd\u03b1 \u03c7\u03c9\u03c1\u03ad\u03c3\u03b5\u03b9 \u03b5\u03af\u03c4\u03b5 \u03ad\u03bd\u03b1 \u03bc\u03c0\u03bf\u03c5\u03ba\u03ac\u03bb\u03b9 1,5 \u03b5\u03af\u03c4\u03b5 \u03ad\u03bd\u03b1 \u03bc\u03c0\u03bf\u03c5\u03ba\u03ac\u03bb\u03b9 3 \u03bb\u03af\u03c4\u03c1\u03c9\u03bd. \u03a4\u03bf \u03bc\u03c0\u03bf\u03c5\u03ba\u03ac\u03bb\u03b9 \u03ae\u03c4\u03b1\u03bd \u03c3\u03c4\u03b5\u03c1\u03b5\u03c9\u03bc\u03ad\u03bd\u03bf \u03c3\u03b5 \u03b4\u03cd\u03bf \u03b4\u03b5\u03c1\u03bc\u03ac\u03c4\u03b9\u03bd\u03bf\u03c5\u03c2 \u03b9\u03bc\u03ac\u03bd\u03c4\u03b5\u03c2 \u03c3\u03b5 \u03b1\u03c5\u03c4\u03ae \u03c4\u03b7 \u03b8\u03ae\u03ba\u03b7.<\/p>\n<p><strong>\u03a4\u03ad\u03bb\u03bf\u03c2, \u03ad\u03bd\u03b1 \u03c0\u03b1\u03c1\u03ac\u03b4\u03b5\u03b9\u03b3\u03bc\u03b1 \u03c0\u03bf\u03c5 \u03b4\u03b5\u03bd \u03c7\u03c9\u03c1\u03ac\u03b5\u03b9 \u03b5\u03cd\u03ba\u03bf\u03bb\u03b1 \u03c3\u03b5 \u03bc\u03af\u03b1 \u03b1\u03c0\u03cc \u03c4\u03b9\u03c2 \u03c4\u03c1\u03b5\u03b9\u03c2 \u03ba\u03b1\u03c4\u03b7\u03b3\u03bf\u03c1\u03af\u03b5\u03c2<\/strong><\/p>\n<p>\u0391\u03c0\u03cc \u03c4\u03bf\u03bd \u03bf\u03af\u03ba\u03bf Piper-Heidsieck \u03ad\u03c1\u03c7\u03b5\u03c4\u03b1\u03b9 \u03ad\u03bd\u03b1 \u03bc\u03c0\u03bf\u03c5\u03ba\u03ac\u03bb\u03b9 \u03c3\u03c7\u03b5\u03b4\u03b9\u03b1\u03c3\u03bc\u03ad\u03bd\u03bf \u03b1\u03c0\u03cc \u03c4\u03bf\u03bd \u0393\u03ac\u03bb\u03bb\u03bf \u03c3\u03c7\u03b5\u03b4\u03b9\u03b1\u03c3\u03c4\u03ae \u03bc\u03cc\u03b4\u03b1\u03c2 Jean-Paul Gaultier.<br \/>\n\u0391\u03c5\u03c4\u03cc \u03ae\u03c4\u03b1\u03bd \u03ad\u03bd\u03b1 \u03bc\u03c0\u03bf\u03c5\u03ba\u03ac\u03bb\u03b9 \u03bd\u03c4\u03c5\u03bc\u03ad\u03bd\u03bf \u03bc\u03b5 \u03ba\u03cc\u03ba\u03ba\u03b9\u03bd\u03bf \u03ba\u03bf\u03c1\u03c3\u03ad. \u03a4\u03bf \u03bc\u03c0\u03bf\u03c5\u03ba\u03ac\u03bb\u03b9 \u03ba\u03b1\u03b9 \u03c4\u03b1 \u03b3\u03cd\u03c1\u03c9 \u03c1\u03bf\u03cd\u03c7\u03b1 \u03b5\u03af\u03bd\u03b1\u03b9 \u03c6\u03c5\u03c3\u03b9\u03ba\u03ac \u03c5\u03c0\u03bf\u03b3\u03b5\u03b3\u03c1\u03b1\u03bc\u03bc\u03ad\u03bd\u03b1 \u03b1\u03c0\u03cc \u03c4\u03bf\u03bd \u03b4\u03b7\u03bc\u03b9\u03bf\u03c5\u03c1\u03b3\u03cc, \u03ba\u03b1\u03b9 \u03c4\u03bf \u03bc\u03c0\u03bf\u03c5\u03ba\u03ac\u03bb\u03b9 \u03ad\u03c1\u03c7\u03b5\u03c4\u03b1\u03b9 \u03c3\u03b5 \u03cc\u03bc\u03bf\u03c1\u03c6\u03b7 \u03b1\u03ba\u03c1\u03c5\u03bb\u03b9\u03ba\u03ae \u03b3\u03c5\u03ac\u03bb\u03b9\u03bd\u03b7 \u03c3\u03c5\u03c3\u03ba\u03b5\u03c5\u03b1\u03c3\u03af\u03b1.<\/p>\n<div id=\"attachment_7576\" style=\"width: 350px\" class=\"wp-caption aligncenter\"><img loading=\"lazy\" decoding=\"async\" aria-describedby=\"caption-attachment-7576\" class=\"wp-image-7576 size-full\" title=\"Jean-Paul Gaultier &amp; Piper-Heidsieck Champagne\" src=\"https:\/\/champagner.com\/wp-content\/uploads\/2024\/07\/Jean-Paul-Gaultier-Piper-Heidsieck.webp\" alt=\"Jean-Paul Gaultier &amp; Piper-Heidsieck Champagne\" width=\"340\" height=\"270\" srcset=\"https:\/\/champagner.com\/wp-content\/uploads\/2024\/07\/Jean-Paul-Gaultier-Piper-Heidsieck.webp 340w, https:\/\/champagner.com\/wp-content\/uploads\/2024\/07\/Jean-Paul-Gaultier-Piper-Heidsieck-300x238.webp 300w, https:\/\/champagner.com\/wp-content\/uploads\/2024\/07\/Jean-Paul-Gaultier-Piper-Heidsieck-15x12.webp 15w\" sizes=\"auto, (max-width: 340px) 100vw, 340px\" \/><p id=\"caption-attachment-7576\" class=\"wp-caption-text\">Jean-Paul Gaultier &amp; Piper-Heidsieck Champagne<\/p><\/div>\n<p>\u038c\u03c0\u03c9\u03c2 \u03bc\u03c0\u03bf\u03c1\u03b5\u03af\u03c4\u03b5 \u03bd\u03b1 \u03b4\u03b5\u03af\u03c4\u03b5, \u03c4\u03bf \u03b8\u03ad\u03bc\u03b1 \u03c4\u03b7\u03c2 \u03c4\u03ad\u03c7\u03bd\u03b7\u03c2 \u03c4\u03b7\u03c2 \u03c3\u03b1\u03bc\u03c0\u03ac\u03bd\u03b9\u03b1\u03c2 \u03b5\u03af\u03bd\u03b1\u03b9 \u03c0\u03bf\u03bb\u03cd \u03c0\u03bf\u03b9\u03ba\u03af\u03bb\u03bf \u03ba\u03b1\u03b9 \u03b4\u03b5\u03bd \u03bc\u03c0\u03bf\u03c1\u03b5\u03af \u03bd\u03b1 \u03ba\u03b1\u03c4\u03b7\u03b3\u03bf\u03c1\u03b9\u03bf\u03c0\u03bf\u03b9\u03b7\u03b8\u03b5\u03af \u03c3\u03b5 \u03ad\u03bd\u03b1 \u03c3\u03c4\u03b1\u03b8\u03b5\u03c1\u03cc \u03c3\u03c5\u03c1\u03c4\u03ac\u03c1\u03b9.<\/p>\n<\/div><\/section><\/p><\/div>\n<style type=\"text\/css\" data-created_by=\"avia_inline_auto\" id=\"style-css-av-7vz4-e2ecb25e9168201a3fd1fa7a9982a872\">\n.flex_column.av-7vz4-e2ecb25e9168201a3fd1fa7a9982a872{\nborder-radius:0px 0px 0px 0px;\npadding:0px 0px 0px 0px;\n}\n<\/style>\n<div  class='flex_column av-7vz4-e2ecb25e9168201a3fd1fa7a9982a872 av_one_fifth  avia-builder-el-6  el_after_av_three_fifth  avia-builder-el-last  flex_column_div av-zero-column-padding'     ><\/div>","protected":false},"excerpt":{"rendered":"","protected":false},"author":1,"featured_media":4712,"parent":0,"menu_order":0,"comment_status":"closed","ping_status":"closed","template":"","meta":{"footnotes":""},"class_list":["post-6514","page","type-page","status-publish","has-post-thumbnail","hentry"],"_links":{"self":[{"href":"https:\/\/champagner.com\/el\/wp-json\/wp\/v2\/pages\/6514","targetHints":{"allow":["GET"]}}],"collection":[{"href":"https:\/\/champagner.com\/el\/wp-json\/wp\/v2\/pages"}],"about":[{"href":"https:\/\/champagner.com\/el\/wp-json\/wp\/v2\/types\/page"}],"author":[{"embeddable":true,"href":"https:\/\/champagner.com\/el\/wp-json\/wp\/v2\/users\/1"}],"replies":[{"embeddable":true,"href":"https:\/\/champagner.com\/el\/wp-json\/wp\/v2\/comments?post=6514"}],"version-history":[{"count":0,"href":"https:\/\/champagner.com\/el\/wp-json\/wp\/v2\/pages\/6514\/revisions"}],"wp:featuredmedia":[{"embeddable":true,"href":"https:\/\/champagner.com\/el\/wp-json\/wp\/v2\/media\/4712"}],"wp:attachment":[{"href":"https:\/\/champagner.com\/el\/wp-json\/wp\/v2\/media?parent=6514"}],"curies":[{"name":"wp","href":"https:\/\/api.w.org\/{rel}","templated":true}]}}