{"id":4024,"date":"2018-04-14T14:48:55","date_gmt":"2018-04-14T14:48:55","guid":{"rendered":"http:\/\/neu.champagner.eu\/?page_id=4024"},"modified":"2024-11-04T12:49:43","modified_gmt":"2024-11-04T12:49:43","slug":"citas-de-champan","status":"publish","type":"page","link":"https:\/\/champagner.com\/es\/citas-de-champan\/","title":{"rendered":"Citas sobre el champ\u00e1n"},"content":{"rendered":"<div id='av_section_1'  class='avia-section av-1vm8bwo-709c60fc6f16c735dfd76d953ff4f866 main_color avia-section-default avia-no-shadow  avia-builder-el-0  avia-builder-el-no-sibling  avia-bg-style-scroll container_wrap fullsize'  ><div class='container av-section-cont-open' ><main  role=\"main\" itemprop=\"mainContentOfPage\"  class='template-page content  av-content-full alpha units'><div class='post-entry post-entry-type-page post-entry-4024'><div class='entry-content-wrapper clearfix'>\n\n<style type=\"text\/css\" data-created_by=\"avia_inline_auto\" id=\"style-css-av-kjm0x5lx-0474c4b615aca0c6c294fa130940e623\">\n#top .av-special-heading.av-kjm0x5lx-0474c4b615aca0c6c294fa130940e623{\npadding-bottom:10px;\n}\nbody .av-special-heading.av-kjm0x5lx-0474c4b615aca0c6c294fa130940e623 .av-special-heading-tag .heading-char{\nfont-size:25px;\n}\n.av-special-heading.av-kjm0x5lx-0474c4b615aca0c6c294fa130940e623 .av-subheading{\nfont-size:15px;\n}\n<\/style>\n<div  class='av-special-heading av-kjm0x5lx-0474c4b615aca0c6c294fa130940e623 av-special-heading-h1 blockquote modern-quote modern-centered  avia-builder-el-1  el_before_av_hr  avia-builder-el-first'><h1 class='av-special-heading-tag'  itemprop=\"headline\"  >Citas sobre el champ\u00e1n, - Las 47 citas m\u00e1s bonitas sobre el champ\u00e1n<\/h1><div class=\"special-heading-border\"><div class=\"special-heading-inner-border\"><\/div><\/div><\/div>\n\n<style type=\"text\/css\" data-created_by=\"avia_inline_auto\" id=\"style-css-av-1to74o-5b1b323b02642b480f2b98e85a27ee1b\">\n#top .hr.av-1to74o-5b1b323b02642b480f2b98e85a27ee1b{\nmargin-top:30px;\nmargin-bottom:30px;\n}\n.hr.av-1to74o-5b1b323b02642b480f2b98e85a27ee1b .hr-inner{\nwidth:100%;\nborder-color:#d2ae6f;\n}\n<\/style>\n<div  class='hr av-1to74o-5b1b323b02642b480f2b98e85a27ee1b hr-custom  avia-builder-el-2  el_after_av_heading  el_before_av_one_fifth  hr-center hr-icon-no'><span class='hr-inner inner-border-av-border-thin'><span class=\"hr-inner-style\"><\/span><\/span><\/div>\n\n<style type=\"text\/css\" data-created_by=\"avia_inline_auto\" id=\"style-css-av-1tmc0w8-8e6849036901409b1a0a2a8a275c0f7f\">\n.flex_column.av-1tmc0w8-8e6849036901409b1a0a2a8a275c0f7f{\nborder-radius:0px 0px 0px 0px;\npadding:0px 0px 0px 0px;\n}\n<\/style>\n<div  class='flex_column av-1tmc0w8-8e6849036901409b1a0a2a8a275c0f7f av_one_fifth  avia-builder-el-3  el_after_av_hr  el_before_av_three_fifth  first flex_column_div av-zero-column-padding'     ><\/div>\n<style type=\"text\/css\" data-created_by=\"avia_inline_auto\" id=\"style-css-av-1s2if7s-28ad02af04352e45d43dba7adba1b2c2\">\n.flex_column.av-1s2if7s-28ad02af04352e45d43dba7adba1b2c2{\nborder-radius:0px 0px 0px 0px;\npadding:0px 0px 0px 0px;\n}\n<\/style>\n<div  class='flex_column av-1s2if7s-28ad02af04352e45d43dba7adba1b2c2 av_three_fifth  avia-builder-el-4  el_after_av_one_fifth  el_before_av_one_fifth  flex_column_div av-zero-column-padding'     ><style type=\"text\/css\" data-created_by=\"avia_inline_auto\" id=\"style-css-av-1qqh64o-38b4cc4b3f7f53371d6d87f5e5a693f7\">\n#top .av-rotator-container.av-1qqh64o-38b4cc4b3f7f53371d6d87f5e5a693f7{\ntext-align:center;\n}\n#top #wrap_all .av-rotator-container.av-1qqh64o-38b4cc4b3f7f53371d6d87f5e5a693f7 .av-rotator-container-inner{\nfont-size:50px;\n}\n<\/style>\n<div  class='av-rotator-container av-rotation-container-center av-1qqh64o-38b4cc4b3f7f53371d6d87f5e5a693f7  avia-builder-el-5  avia-builder-el-no-sibling  av-fixed-rotator-width' data-interval='6' data-animation='0' data-fixwidth='1'><h3 class='av-rotator-container-inner'><span class='av-rotator-text av-rotator-multiline-off'>\n<span class='av-rotator-text-single av-642bq0-23840bb627bc40ab097f002d56409677 av-rotator-text-single-1' >\u00a1Ven r\u00e1pido, que pruebo las estrellas! Dom Perignon<\/span>\n<span class='av-rotator-text-single av-1nfv6zs-2579cddb637190b57bcc52df719ef036 av-rotator-text-single-2' >Conocer a Franklin Roosevelt fue como abrir tu primera botella de champ\u00e1n, conocerle fue como beb\u00e9rselo. Winston Churchill<\/span>\n<span class='av-rotator-text-single av-1kvnsjc-bfb9e8ca38419d94b837ec3e85844f58 av-rotator-text-single-3' >El champ\u00e1n es lo \u00fanico que me da placer cuando me siento cansada. Brigitte Bardot<\/span>\n<span class='av-rotator-text-single av-1iunemg-c169a417eb3cc3fd2bd801584949f5f6 av-rotator-text-single-4' >\u00bfPor qu\u00e9 bebo champ\u00e1n en el desayuno? \u00bfNo lo hace todo el mundo? Noel Coward<\/span>\n<span class='av-rotator-text-single av-1ihkaqw-6ceea048659be1f491c9b87dfe7464bc av-rotator-text-single-5' >Llega un momento en la vida de toda mujer en que s\u00f3lo una copa de champ\u00e1n basta. Bette Davis<\/span>\n<span class='av-rotator-text-single av-1gjmxqw-c7712ca1592047adddd6c509a5547c17 av-rotator-text-single-6' >El champ\u00e1n es uno de los extras elegantes de la vida. Charles Dickens<\/span>\n<span class='av-rotator-text-single av-1eryevs-6f2c2c454afb2c2240918936cc4cbf7e av-rotator-text-single-7' >\u00a1Champ\u00e1n! En la victoria lo mereces, en la derrota lo necesitas. Napole\u00f3n Bonaparte<\/span>\n<span class='av-rotator-text-single av-pdcbdk-438df945fd72362c5105d146561cc285 av-rotator-text-single-8' >Bebo champ\u00e1n cuando estoy contenta y cuando estoy triste. A veces lo bebo cuando estoy solo; y cuando tengo compa\u00f1\u00eda, no me puede faltar. Cuando no tengo hambre, abro el apetito con \u00e9l, y cuando tengo hambre, lo saboreo. Por lo dem\u00e1s, no lo toco, salvo cuando tengo sed. Lily Bollinger<\/span>\n<span class='av-rotator-text-single av-1b0pstk-68f69bf2e861a2407c193ec58be604e4 av-rotator-text-single-9' >El champ\u00e1n es el \u00fanico vino que embellece a una mujer despu\u00e9s de beberlo. Madame De Pompadour<\/span>\n<span class='av-rotator-text-single av-4jhae0-3b30ccb6c96e3dd9e5d66acaed9764ae av-rotator-text-single-10' >Demasiado de cualquier cosa es malo, pero demasiado champ\u00e1n est\u00e1 bien. Mark Twain<\/span>\n<span class='av-rotator-text-single av-4cbvew-f732f36d26451329f1f827b85ab6560e av-rotator-text-single-11' >El champ\u00e1n, si buscas la verdad, es mejor que un detector de mentiras. Graham Greene<\/span>\n<span class='av-rotator-text-single av-169ftig-b89f6c092205efc31662d1965a44a8e7 av-rotator-text-single-12' >De lo \u00fanico que me arrepiento en la vida es de no haber bebido suficiente champ\u00e1n. John Maynard Keynes<\/span>\n<span class='av-rotator-text-single av-154nuag-cdcd02581348af398a1bcfcafbbd0a08 av-rotator-text-single-13' >S\u00f3lo bebo champ\u00e1n dos veces: cuando estoy enamorada y cuando no lo estoy. Coco Chanel<\/span>\n<span class='av-rotator-text-single av-13eqby0-84ebd35dda507963eecb1b9b5aed3cce av-rotator-text-single-14' >El sentimiento de amistad es como estar relleno de carne asada, el amor es como estar revitalizado con champ\u00e1n. Samuel Johnson<\/span>\n<span class='av-rotator-text-single av-11o0j2w-c12e8fb036a90f7c00083508fa44d683 av-rotator-text-single-15' >El champ\u00e1n con zumo de naranja es una bebida estupenda. La naranja mejora el champ\u00e1n. El champ\u00e1n mejora sin duda a la naranja. Philip, Duque de Edimburgo<\/span>\n<span class='av-rotator-text-single av-zrbr0o-7f8a5cc9ec00cb9a2f8181e2c0d7542d av-rotator-text-single-16' >Caballeros, no s\u00f3lo luchamos por Francia, \u00a1tambi\u00e9n por el champ\u00e1n! Winston Churchill<\/span>\n<span class='av-rotator-text-single av-3ff13c-1cd5772594aec6d98dbd1fce072f9d95 av-rotator-text-single-17' >En un mundo perfecto, todo el mundo beber\u00eda una copa de champ\u00e1n cada noche. Willie Gluckstern<\/span>\n<span class='av-rotator-text-single av-bi6ig-bf9452396b9843d5cea4a882f0d652f0 av-rotator-text-single-18' >Vierta el champ\u00e1n y deje que su espuma se eleve como miles de ojos chispeantes y sonrientes. Jared M. Brown<\/span>\n<span class='av-rotator-text-single av-umqy20-4e669a26c88195ae598041a2583240f5 av-rotator-text-single-19' >No hay nada m\u00e1s hermoso que una puesta de sol con una copa de champ\u00e1n. Jared M. Brown<\/span>\n<span class='av-rotator-text-single av-syk0so-6298344df6a47561f434c8734f63907d av-rotator-text-single-20' >Champagne, rey de los vinos y vino de reyes. Pr\u00edncipe Orlofsky<\/span>\n<span class='av-rotator-text-single av-qvzwpk-09ed23dffd1cdc130e9cc284c83e2007 av-rotator-text-single-21' >El champ\u00e1n deber\u00eda estar fr\u00edo, seco y, con suerte, libre. Christian Pol Roger<\/span>\n<span class='av-rotator-text-single av-q0i2t4-c8e67e3853a9be89667a69aa68f47393 av-rotator-text-single-22' >El placer sin champ\u00e1n es puramente artificial. Oscar Wilde<\/span>\n<span class='av-rotator-text-single av-njnrx4-10409d339f97e46ba9f1f1320490ca51 av-rotator-text-single-23' >Cuando la vida te traiga problemas, bebe un poco de champ\u00e1n y tus problemas se convertir\u00e1n en pompas de jab\u00f3n. Desconocido<\/span>\n<span class='av-rotator-text-single av-mlos54-85dd5d8322c90e12d5e18b891a316a5e av-rotator-text-single-24' >Si no te arriesgas, nunca deber\u00edas beber champ\u00e1n. Un viejo proverbio ruso.<\/span>\n<span class='av-rotator-text-single av-kl2brs-ed042841fe26491aabf86f5d78c81b32 av-rotator-text-single-25' >S\u00f3lo bebo champ\u00e1n en dos ocasiones: Cuando estoy enamorada y cuando no lo estoy. Coco Chanel<\/span>\n<span class='av-rotator-text-single av-ik0fug-542b30508ccd098729d34505a16dc2fc av-rotator-text-single-26' >Despu\u00e9s de una victoria te mereces champ\u00e1n, \u00a1despu\u00e9s de una derrota lo necesitas! Napole\u00f3n Bonaparte<\/span>\n<span class='av-rotator-text-single av-h8r1ug-5d93b612df221fc602dad96b90dbe779 av-rotator-text-single-27' >Empieza el d\u00eda con una sonrisa y term\u00ednalo con champ\u00e1n. desconocido<\/span>\n<span class='av-rotator-text-single av-fojy20-eb8e278e4f214034df4553dd1462ffae av-rotator-text-single-28' >\u00a1El champ\u00e1n te da la sensaci\u00f3n de que todos los d\u00edas son domingo! Marlene Dietrich<\/span>\n<span class='av-rotator-text-single av-e9m3jc-e5a444b202324c0b20b5b05c9393b47e av-rotator-text-single-29' >Hay momentos en la vida de una mujer en los que lo \u00fanico que ayuda es el champ\u00e1n. Betty Davis<\/span>\n<span class='av-rotator-text-single av-cyjcqg-80bea1de76fe7db827c075f11ea568d3 av-rotator-text-single-30' >Oh Se\u00f1or, que acepten las cosas que no pueden cambiar. Y reza para que su \u00fanico dolor sea el champ\u00e1n. Kanye West<\/span>\n<span class='av-rotator-text-single av-b81hd4-3e228c7996a9f467e60775e1c3184a68 av-rotator-text-single-31' >Los grandes amores empiezan con champ\u00e1n y acaban con t\u00e9 de hierbas. Honore de Balzac<\/span>\n<span class='av-rotator-text-single av-8wm82w-9575a58028db63ca20b249b64d989735 av-rotator-text-single-32' >\u00a1S\u00f3lo bebo champ\u00e1n cuando estoy contenta y cuando estoy triste! Lily Bollinger<\/span>\n<span class='av-rotator-text-single av-ogcx4-3c75a845fba25edbc4a770f92b2b3448 av-rotator-text-single-33' >Hay tres cosas en la vida que son insoportables: el caf\u00e9 fr\u00edo, el champ\u00e1n tibio y una esposa sobreexcitada. Orson Welles<\/span>\n<span class='av-rotator-text-single av-o1r4zs-e6e1f1e2e5f234fe14394f6a5846538b av-rotator-text-single-34' >El cura acaba de bautizarte como cristiano. Yo te bautizo ahora como ciudadano franc\u00e9s, querido ni\u00f1o, con una gota de champ\u00e1n en los labios. Paul Claudel (1868-1955)<\/span>\n<span class='av-rotator-text-single av-muuuuw-f59d73c916e4b92ee343dc7987344658 av-rotator-text-single-35' >El car\u00e1cter chispeante de este vino franc\u00e9s revela el verdadero genio del pueblo franc\u00e9s. Voltaire (1694-1778)<\/span>\n<span class='av-rotator-text-single av-7m07s-431cd07390a83fff354b2f636d7ecb81 av-rotator-text-single-36' >Hay algo en la vida de safari que te hace olvidar todas tus preocupaciones y te hace sentir como si te hubieras bebido media botella de champ\u00e1n; hay algo que te hace rebosar de sincera gratitud por la vida. Cita de Karen Blixen<\/span>\n<span class='av-rotator-text-single av-j7ya2w-46b49aa9b860f59f22cd0e3ac3a54b59 av-rotator-text-single-37' >Tener sentido del humor, dormir poco, tener una meta y \u00a1no poco champ\u00e1n! Profesor August Everding<\/span>\n<span class='av-rotator-text-single av-1r1gmw-233136e97239dfe205325edda81ed6e2 av-rotator-text-single-38' >Si se puede elegir entre ostras y champ\u00e1n, normalmente se opta por ambos. Theodor Fontane<\/span>\n<span class='av-rotator-text-single av-gb3f0o-6313c83bec8e8de6f3330121ca180af5 av-rotator-text-single-39' >Hago vino para m\u00ed. Lo que no puedo beber, lo vendo. Victor Lanson<\/span>\n<span class='av-rotator-text-single av-djet7c-b5fb3c0534c84c9f4794d13f1a937f81 av-rotator-text-single-40' >Para m\u00ed, eres m\u00e1s dulce que un bomb\u00f3n, m\u00e1s caliente que el viento del desierto, m\u00e1s chispeante que el champ\u00e1n, m\u00e1s significativa que un beso, \u00a1pero fuera de mi alcance como las estrellas!<\/span>\n<span class='av-rotator-text-single av-cgus2g-b1137a66dec4995e96522e8852934901 av-rotator-text-single-41' >Quiero vino de champ\u00e1n, \u00a1y quiero que sea muy espumoso! Johann Wolfgang von Goethe<\/span>\n<span class='av-rotator-text-single av-aunfyw-f238f17b915885c5515733e5a49c042a av-rotator-text-single-42' >Qu\u00e9 dulces y aireadas brillan en la copa las burbujas de la viuda Klicko\". Wilhelm Busch sobre Veuve Clicquot<\/span>\n<span class='av-rotator-text-single av-91l6zc-85c90eb6e9f66ab2094e08cbc0584cc8 av-rotator-text-single-43' >La alabanza es como el champ\u00e1n. Ambos deben servirse cuando a\u00fan est\u00e1n espumosos.<\/span>\n<span class='av-rotator-text-single av-7ovajs-c70a20b9333ba9d35f7b408d5f608925 av-rotator-text-single-44' >Con el Burdeos reflexionas, con el Borgo\u00f1a discutes, \u00a1con el Champ\u00e1n cometes locuras! Anth\u00e8lme Brillat-Savarin<\/span>\n<span class='av-rotator-text-single av-65bjt4-c915b1b4d01bd8e9017d245fbb31cfa7 av-rotator-text-single-45' >Una vez que se ha rociado el champ\u00e1n, \u00a1no se puede volver a meter en la botella! Max Mosley, Presidente de la FIA<\/span>\n<span class='av-rotator-text-single av-evx88-c49ac3d3c5fecfea35e6720b3b1216b6 av-rotator-text-single-46' >El champ\u00e1n es probablemente la fuente de inspiraci\u00f3n m\u00e1s feliz. Mark Twain<\/span>\n<span class='av-rotator-text-single av-2kuf6g-f2d8b366ef9259a78bf46c894f2794a0 av-rotator-text-single-47' >S\u00f3lo soy abstemio con la cerveza, no con el champ\u00e1n. George Bernard Shaw<\/span>\n<\/span><\/h3><\/div><\/div>\n<style type=\"text\/css\" data-created_by=\"avia_inline_auto\" id=\"style-css-av-5y0znc-ecf90eeb43b293101c735ef6745c0649\">\n.flex_column.av-5y0znc-ecf90eeb43b293101c735ef6745c0649{\nborder-radius:0px 0px 0px 0px;\npadding:0px 0px 0px 0px;\n}\n<\/style>\n<div  class='flex_column av-5y0znc-ecf90eeb43b293101c735ef6745c0649 av_one_fifth  avia-builder-el-6  el_after_av_three_fifth  el_before_av_hr  flex_column_div av-zero-column-padding'     ><\/div>\n<style type=\"text\/css\" data-created_by=\"avia_inline_auto\" id=\"style-css-av-av_hr-740b43d1b484958137b1a60202c344d8\">\n#top .hr.av-av_hr-740b43d1b484958137b1a60202c344d8{\nmargin-top:30px;\nmargin-bottom:30px;\n}\n.hr.av-av_hr-740b43d1b484958137b1a60202c344d8 .hr-inner{\nwidth:100%;\nborder-color:#d2ae6f;\n}\n<\/style>\n<div  class='hr av-av_hr-740b43d1b484958137b1a60202c344d8 hr-custom  avia-builder-el-7  el_after_av_one_fifth  el_before_av_one_fifth  hr-center hr-icon-no'><span class='hr-inner inner-border-av-border-thin'><span class=\"hr-inner-style\"><\/span><\/span><\/div>\n<div class='flex_column_table av-lyy2v1xe-c004cec9e9db6aed44d5ea75cc2675b7 sc-av_one_fifth av-equal-height-column-flextable'>\n<style type=\"text\/css\" data-created_by=\"avia_inline_auto\" id=\"style-css-av-lyy2v1xe-c004cec9e9db6aed44d5ea75cc2675b7\">\n.flex_column.av-lyy2v1xe-c004cec9e9db6aed44d5ea75cc2675b7{\nborder-radius:0px 0px 0px 0px;\npadding:0px 0px 0px 0px;\n}\n<\/style>\n<div  class='flex_column av-lyy2v1xe-c004cec9e9db6aed44d5ea75cc2675b7 av_one_fifth  avia-builder-el-8  el_after_av_hr  el_before_av_three_fifth  first flex_column_table_cell av-equal-height-column av-align-top av-zero-column-padding'     ><\/div><div class='av-flex-placeholder'><\/div>\n<style type=\"text\/css\" data-created_by=\"avia_inline_auto\" id=\"style-css-av-av_three_fifth-96471c6a872bb75c0ce03c20d00030c6\">\n.flex_column.av-av_three_fifth-96471c6a872bb75c0ce03c20d00030c6{\nborder-radius:0px 0px 0px 0px;\npadding:0px 0px 0px 0px;\n}\n<\/style>\n<div  class='flex_column av-av_three_fifth-96471c6a872bb75c0ce03c20d00030c6 av_three_fifth  avia-builder-el-9  el_after_av_one_fifth  el_before_av_one_fifth  flex_column_table_cell av-equal-height-column av-align-top av-zero-column-padding'     ><p>\n<style type=\"text\/css\" data-created_by=\"avia_inline_auto\" id=\"style-css-av-lyy2hryi-7159e62e98d5b9d8a69d23d2b88b4979\">\n#top .av-special-heading.av-lyy2hryi-7159e62e98d5b9d8a69d23d2b88b4979{\npadding-bottom:10px;\n}\nbody .av-special-heading.av-lyy2hryi-7159e62e98d5b9d8a69d23d2b88b4979 .av-special-heading-tag .heading-char{\nfont-size:25px;\n}\n.av-special-heading.av-lyy2hryi-7159e62e98d5b9d8a69d23d2b88b4979 .av-subheading{\nfont-size:15px;\n}\n<\/style>\n<div  class='av-special-heading av-lyy2hryi-7159e62e98d5b9d8a69d23d2b88b4979 av-special-heading-h3 blockquote modern-quote modern-centered  avia-builder-el-10  el_before_av_textblock  avia-builder-el-first'><h3 class='av-special-heading-tag'  itemprop=\"headline\"  >Acerca de las citas de champ\u00e1n<\/h3><div class=\"special-heading-border\"><div class=\"special-heading-inner-border\"><\/div><\/div><\/div><br \/>\n<section  class='av_textblock_section av-lyy2fx2v-7d2b4321f5d3f4f33fa1e4ae85aa3322'   itemscope=\"itemscope\" itemtype=\"https:\/\/schema.org\/CreativeWork\" ><div class='avia_textblock'  itemprop=\"text\" ><p><a href=\"https:\/\/champagner.com\/es\/\">Champ\u00e1n<\/a>El champ\u00e1n, a menudo llamado el \"rey de los vinos\", ha inspirado numerosas citas c\u00e9lebres a lo largo de los siglos. Estas citas sobre el champ\u00e1n reflejan la elegancia, la solemnidad y la alegr\u00eda asociadas al disfrute de esta noble bebida.<\/p>\n<p>Una famosa cita sobre el champ\u00e1n procede de Coco Chanel, que dijo: \"S\u00f3lo bebo champ\u00e1n en dos ocasiones: cuando estoy enamorada y cuando no lo estoy\". Esta afirmaci\u00f3n subraya el encanto universal y la versatilidad del champ\u00e1n, que puede beberse tanto en momentos felices como melanc\u00f3licos.<\/p>\n<p>Winston Churchill tambi\u00e9n era un gran amante del champ\u00e1n, as\u00ed como de las citas de champ\u00e1n, y a menudo comentaba su afici\u00f3n por esta noble gota. Una de sus frases m\u00e1s c\u00e9lebres sobre el champ\u00e1n es: \"El champ\u00e1n debe enfriarse, <a href=\"https:\/\/champagner.com\/es\/glosario-2\/sec\/\">seco<\/a> y ser libres\". Churchill era conocido por su exigencia <a href=\"https:\/\/champagner.com\/es\/glosario-2\/morder\/\">Sabor<\/a> y su afici\u00f3n al lujo, y esta cita capta perfectamente su actitud.<\/p>\n<p>Oscar Wilde, el famoso escritor y dandi, coment\u00f3 una vez con una cita sobre el champ\u00e1n: \"S\u00f3lo las personas muy triviales son realmente serias, y s\u00f3lo las personas muy serias han creado alguna vez algo trivial\". Aunque esta cita no est\u00e1 directamente dirigida al champ\u00e1n, otros muchos comentarios de Wilde sobre la vida y el arte reflejan su aprecio por las cosas buenas de la vida, entre las que se incluye sin duda el champ\u00e1n.<\/p>\n<p>Madame de Pompadour, la amante del rey Luis XV, dijo una vez: \"El champ\u00e1n es la \u00fanica bebida que hace m\u00e1s bella a una mujer cuanto m\u00e1s bebe de ella\". Esta cita del champ\u00e1n subraya el aspecto glamuroso y seductor del champ\u00e1n y c\u00f3mo puede realzar la elegancia y la belleza de sus consumidoras.<\/p>\n<h4>Resumen de citas sobre el champ\u00e1n<\/h4>\n<p>En conjunto, estas citas sobre el champ\u00e1n muestran la fascinaci\u00f3n duradera y el lugar especial que ocupa el champ\u00e1n en la cultura y en el mundo. <a href=\"https:\/\/champagner.com\/es\/glosario-2\/origen-del-champan\/\">Historia<\/a> toma. Ya sea para ocasiones festivas, momentos rom\u00e1nticos o simplemente como <a href=\"https:\/\/champagner.com\/es\/champan-recetas-cocina\/\">Indulgencia<\/a> en la vida cotidiana, el champ\u00e1n siempre tiene un encanto especial e inspira a personas de todo el mundo. Disfruta leyendo las citas sobre el champ\u00e1n.<\/p>\n<\/div><\/section><\/p><\/div><div class='av-flex-placeholder'><\/div>\n<style type=\"text\/css\" data-created_by=\"avia_inline_auto\" id=\"style-css-av-av_one_fifth-96471c6a872bb75c0ce03c20d00030c6\">\n.flex_column.av-av_one_fifth-96471c6a872bb75c0ce03c20d00030c6{\nborder-radius:0px 0px 0px 0px;\npadding:0px 0px 0px 0px;\n}\n<\/style>\n<div  class='flex_column av-av_one_fifth-96471c6a872bb75c0ce03c20d00030c6 av_one_fifth  avia-builder-el-12  el_after_av_three_fifth  avia-builder-el-last  flex_column_table_cell av-equal-height-column av-align-top av-zero-column-padding'     ><\/div><\/div><!--close column table wrapper. Autoclose: 1 -->","protected":false},"excerpt":{"rendered":"","protected":false},"author":1,"featured_media":4618,"parent":0,"menu_order":0,"comment_status":"closed","ping_status":"closed","template":"","meta":{"footnotes":""},"class_list":["post-4024","page","type-page","status-publish","has-post-thumbnail","hentry"],"_links":{"self":[{"href":"https:\/\/champagner.com\/es\/wp-json\/wp\/v2\/pages\/4024","targetHints":{"allow":["GET"]}}],"collection":[{"href":"https:\/\/champagner.com\/es\/wp-json\/wp\/v2\/pages"}],"about":[{"href":"https:\/\/champagner.com\/es\/wp-json\/wp\/v2\/types\/page"}],"author":[{"embeddable":true,"href":"https:\/\/champagner.com\/es\/wp-json\/wp\/v2\/users\/1"}],"replies":[{"embeddable":true,"href":"https:\/\/champagner.com\/es\/wp-json\/wp\/v2\/comments?post=4024"}],"version-history":[{"count":0,"href":"https:\/\/champagner.com\/es\/wp-json\/wp\/v2\/pages\/4024\/revisions"}],"wp:featuredmedia":[{"embeddable":true,"href":"https:\/\/champagner.com\/es\/wp-json\/wp\/v2\/media\/4618"}],"wp:attachment":[{"href":"https:\/\/champagner.com\/es\/wp-json\/wp\/v2\/media?parent=4024"}],"curies":[{"name":"wp","href":"https:\/\/api.w.org\/{rel}","templated":true}]}}