{"id":6514,"date":"2022-05-05T13:28:39","date_gmt":"2022-05-05T13:28:39","guid":{"rendered":"https:\/\/champagner.com\/?page_id=6514"},"modified":"2024-11-04T12:47:51","modified_gmt":"2024-11-04T12:47:51","slug":"arte-del-champan","status":"publish","type":"page","link":"https:\/\/champagner.com\/es\/arte-del-champan\/","title":{"rendered":"Arte del champ\u00e1n"},"content":{"rendered":"<div   class='avia-fullscreen-slider main_color   avia-builder-el-0  el_before_av_section  avia-builder-el-first  container_wrap fullsize'  ><div  class='avia-slideshow av-kjripr6g-74ffc6525b251b8b733cc3ef032d902d avia-slideshow-extra_large av_fullscreen avia-slide-slider av-slideshow-ui av-control-default av-slideshow-manual av-loop-once av-loop-manual-endless av-default-height-applied   avia-slideshow-1' data-slideshow-options=\"{&quot;animation&quot;:&quot;slide&quot;,&quot;autoplay&quot;:false,&quot;loop_autoplay&quot;:&quot;once&quot;,&quot;interval&quot;:5,&quot;loop_manual&quot;:&quot;manual-endless&quot;,&quot;autoplay_stopper&quot;:false,&quot;noNavigation&quot;:false,&quot;bg_slider&quot;:true,&quot;keep_padding&quot;:false,&quot;hoverpause&quot;:false,&quot;show_slide_delay&quot;:0,&quot;slide_height&quot;:&quot;100&quot;,&quot;image_attachment&quot;:&quot;&quot;}\"  itemprop=\"image\" itemscope=\"itemscope\" itemtype=\"https:\/\/schema.org\/ImageObject\" ><ul class='avia-slideshow-inner' style='padding-bottom: 53.2%;'><li style='background-position:center center;' data-img-url='https:\/\/champagner.com\/wp-content\/uploads\/2018\/05\/Champagne-Charles-de-Cazanove-1500x798.jpg' class='avia-slideshow-slide av-kjripr6g-74ffc6525b251b8b733cc3ef032d902d__0  av-single-slide slide-1 slide-odd'><div data-rel='slideshow-1' class='avia-slide-wrap'  title='Charles de Cazanove Champ\u00e1n ' ><\/div><\/li><\/ul><\/div><\/div>\n<div id='av_section_1'  class='avia-section av-9qys-7fbec837cc9414b56951d589a49fa01e main_color avia-section-default avia-no-border-styling  avia-builder-el-1  el_after_av_fullscreen  avia-builder-el-last  avia-bg-style-scroll container_wrap fullsize'  ><div class='container av-section-cont-open' ><div class='template-page content  av-content-full alpha units'><div class='post-entry post-entry-type-page post-entry-6514'><div class='entry-content-wrapper clearfix'>\n\n<style type=\"text\/css\" data-created_by=\"avia_inline_auto\" id=\"style-css-av-9tz4-26c14c70028d90a54aefce07862c0d7e\">\n.flex_column.av-9tz4-26c14c70028d90a54aefce07862c0d7e{\nborder-radius:0px 0px 0px 0px;\npadding:0px 0px 0px 0px;\n}\n<\/style>\n<div  class='flex_column av-9tz4-26c14c70028d90a54aefce07862c0d7e av_one_fifth  avia-builder-el-2  el_before_av_three_fifth  avia-builder-el-first  first flex_column_div av-zero-column-padding'     ><\/div>\n<style type=\"text\/css\" data-created_by=\"avia_inline_auto\" id=\"style-css-av-5y3a-c3ba98e644c5ae5c87ca984f1618400f\">\n.flex_column.av-5y3a-c3ba98e644c5ae5c87ca984f1618400f{\nborder-radius:0px 0px 0px 0px;\npadding:0px 0px 0px 0px;\n}\n<\/style>\n<div  class='flex_column av-5y3a-c3ba98e644c5ae5c87ca984f1618400f av_three_fifth  avia-builder-el-3  el_after_av_one_fifth  el_before_av_one_fifth  flex_column_div av-zero-column-padding'     ><p>\n<style type=\"text\/css\" data-created_by=\"avia_inline_auto\" id=\"style-css-av-kjrjnv83-db0150b69486a15817a0557cc8e62443\">\n#top .av-special-heading.av-kjrjnv83-db0150b69486a15817a0557cc8e62443{\npadding-bottom:30px;\nfont-size:50px;\n}\nbody .av-special-heading.av-kjrjnv83-db0150b69486a15817a0557cc8e62443 .av-special-heading-tag .heading-char{\nfont-size:25px;\n}\n#top #wrap_all .av-special-heading.av-kjrjnv83-db0150b69486a15817a0557cc8e62443 .av-special-heading-tag{\nfont-size:50px;\n}\n.av-special-heading.av-kjrjnv83-db0150b69486a15817a0557cc8e62443 .av-subheading{\nfont-size:15px;\n}\n\n@media only screen and (min-width: 480px) and (max-width: 767px){ \n#top #wrap_all .av-special-heading.av-kjrjnv83-db0150b69486a15817a0557cc8e62443 .av-special-heading-tag{\nfont-size:0.8em;\n}\n}\n\n@media only screen and (max-width: 479px){ \n#top #wrap_all .av-special-heading.av-kjrjnv83-db0150b69486a15817a0557cc8e62443 .av-special-heading-tag{\nfont-size:0.8em;\n}\n}\n<\/style>\n<div  class='av-special-heading av-kjrjnv83-db0150b69486a15817a0557cc8e62443 av-special-heading-h1 blockquote modern-quote  avia-builder-el-4  el_before_av_textblock  avia-builder-el-first  av-inherit-size'><h1 class='av-special-heading-tag'  itemprop=\"headline\"  >Arte del champ\u00e1n<\/h1><div class=\"special-heading-border\"><div class=\"special-heading-inner-border\"><\/div><\/div><\/div><br \/>\n\n<style type=\"text\/css\" data-created_by=\"avia_inline_auto\" id=\"style-css-av-kj4bin1p-19cbf03350244018d7d4cfd1501789b0\">\n#top .av_textblock_section.av-kj4bin1p-19cbf03350244018d7d4cfd1501789b0 .avia_textblock{\nfont-size:18px;\n}\n<\/style>\n<section  class='av_textblock_section av-kj4bin1p-19cbf03350244018d7d4cfd1501789b0'   itemscope=\"itemscope\" itemtype=\"https:\/\/schema.org\/CreativeWork\" ><div class='avia_textblock'  itemprop=\"text\" ><p><strong><a href=\"https:\/\/champagner.com\/es\/\">Champ\u00e1n<\/a><\/strong> encarna algo m\u00e1s que la mejor calidad entre los vinos. Adem\u00e1s del disfrute en s\u00ed, el champ\u00e1n tambi\u00e9n crea un aura poderosa dif\u00edcil de expresar con palabras, pero casi siempre al alcance de la mano.<\/p>\n<p>As\u00ed se dice en ingl\u00e9s:<\/p>\n<blockquote>\n<p><a href=\"https:\/\/champagner.com\/es\/ubicaciones\/\">Champ\u00e1n<\/a> crea ambiente, transmite una poderosa sensaci\u00f3n y, como es de esperar, mejora la experiencia. Sepa que no s\u00f3lo est\u00e1 consumiendo el mejor vino, sino que tambi\u00e9n est\u00e1 invocando a un gran esp\u00edritu.<\/p>\n<\/blockquote>\n<p>Ya en la Belle Epoque, algunos fabricantes reconocieron que la mejor manera de captar este poderoso fen\u00f3meno, este esp\u00edritu, era a trav\u00e9s del arte. S\u00f3lo los mejores artistas y dise\u00f1adores gr\u00e1ficos de la \u00e9poca eran lo bastante buenos como para que se les confiara la tarea de plasmar ese \"esp\u00edritu\" en relaci\u00f3n con <a href=\"https:\/\/champagner.com\/es\/etiquetas-de-champan\/\">Etiquetas de champ\u00e1n<\/a>carteles, men\u00fas y postales.<\/p>\n<p>Por ejemplo, la empresa Delbeck realiz\u00f3 con \u00e9xito encargos a conocidos artistas de la \u00e9poca como Klimt, Muchas, Cappiello, Erg\u00e9, Gall\u00e9, Andreis, Chatin, Tristan Bernard y Benjamin Rabier.<\/p>\n<p>Tanto el \u00e9xito como el alcance de los logros art\u00edsticos de esta \u00e9poca no tienen parang\u00f3n. Los carteles de champ\u00e1n de la Belle \u00c9poque siguen siendo muy codiciados como carteles decorativos en todo el mundo.<\/p>\n<p>Sin embargo, el v\u00ednculo natural entre el champ\u00e1n y el arte sigue intacto hasta nuestros d\u00edas.<\/p>\n<h3>Arte del champ\u00e1n<\/h3>\n<p>El arte del champ\u00e1n de hoy de <a href=\"https:\/\/champagner.com\/es\/casas-de-champan\/\">Casas de champ\u00e1n<\/a> puede dividirse a grandes rasgos en tres \u00e1reas:<\/p>\n<ul>\n<li>Arte nacional, es decir, arte que se limita exclusivamente a Francia y a sus artistas.<\/li>\n<li>Arte internacional, es decir, arte que pone a artistas de todo el mundo a la luz del champ\u00e1n<\/li>\n<li>Arte de dise\u00f1o o Nuevo Arte. Se refiere a un tipo de arte a menudo provocador, a veces ofensivo. Este tipo de arte champ\u00e1n incluye cosas que ya no reconocen ninguna referencia al periodo de la Belle Epoque<\/li>\n<\/ul>\n<p>Un ejemplo del arte nacional del champ\u00e1n son las botellas de Bruno Pillard, cuyas etiquetas fueron dise\u00f1adas y creadas por artistas franceses.<\/p>\n<p>Hasta ahora, doce botellas han sido realizadas por artistas que viven y trabajan en Francia. La particularidad de estas botellas es que cada artista ha homenajeado una variedad o un a\u00f1o diferentes.<\/p>\n<p>Las llamadas botellas Collections de Taittinger son un ejemplo de arte internacional en relaci\u00f3n con el champ\u00e1n.<br \/>\nLas botellas de la colecci\u00f3n Taittinger son botellas de champ\u00e1n producidas desde 1978 en un buen a\u00f1o de champ\u00e1n.<br \/>\nLo especial es que cada una de estas botellas ha sido dise\u00f1ada por un artista diferente. Desde 1983, nueve artistas de renombre internacional han dise\u00f1ado cada uno una botella en nombre de Claude Taittinger.<\/p>\n<p>Las seis primeras botellas fueron dise\u00f1adas por VASARELY (Mills\u00e9sime 1978), por ARMAN (Mills\u00e9sime 1981), por MASSON (Mills\u00e9sime 1982), por VIEIRA DA SILVA (Mills\u00e9sime 1983), por LICHTENSTEIN (Mills\u00e9sime 1985) y por HARTUNG (Mills\u00e9sime 1986). S\u00f3lo pueden encontrarse en subasta con mucha suerte.<br \/>\nAfortunadamente, las tres \u00faltimas botellas de los artistas Ima\u00cf, Corneille y Matta todav\u00eda est\u00e1n disponibles en las tiendas.<\/p>\n<p>En lo que llamamos arte del champ\u00e1n de dise\u00f1o, un buen ejemplo vino de Veuve Cliquot.<br \/>\nPara el llamado Millinnium, el cambio de a\u00f1o de 1999 a <a href=\"https:\/\/champagner.com\/es\/vintage\/\">2000<\/a>Veuve Cliquot lanz\u00f3 una versi\u00f3n especial de La Grande Dame.<br \/>\nPara ello, la artista Elisabeth Rubin dise\u00f1\u00f3 un estuche de vidrio acr\u00edlico que pod\u00eda contener una botella de 1,5 o 3 litros. En este estuche, la botella se sujetaba a dos correas de cuero.<\/p>\n<p><strong>Por \u00faltimo, pero no por ello menos importante, un ejemplo que no encaja f\u00e1cilmente en una de las tres categor\u00edas<\/strong><\/p>\n<p>De la casa Piper-Heidsieck llega un frasco dise\u00f1ado por el modisto franc\u00e9s Jean-Paul Gaultier.<br \/>\nSe trata de una botella vestida con un cors\u00e9 rojo. Por supuesto, la botella y la ropa que la rodea est\u00e1n firmadas por el creador, y la botella se presenta en un bonito envase de cristal acr\u00edlico.<\/p>\n<div id=\"attachment_7576\" style=\"width: 350px\" class=\"wp-caption aligncenter\"><img loading=\"lazy\" decoding=\"async\" aria-describedby=\"caption-attachment-7576\" class=\"wp-image-7576 size-full\" title=\"Jean-Paul Gaultier &amp; Piper-Heidsieck Champagne\" src=\"https:\/\/champagner.com\/wp-content\/uploads\/2024\/07\/Jean-Paul-Gaultier-Piper-Heidsieck.webp\" alt=\"Jean-Paul Gaultier &amp; Piper-Heidsieck Champagne\" width=\"340\" height=\"270\" srcset=\"https:\/\/champagner.com\/wp-content\/uploads\/2024\/07\/Jean-Paul-Gaultier-Piper-Heidsieck.webp 340w, https:\/\/champagner.com\/wp-content\/uploads\/2024\/07\/Jean-Paul-Gaultier-Piper-Heidsieck-300x238.webp 300w, https:\/\/champagner.com\/wp-content\/uploads\/2024\/07\/Jean-Paul-Gaultier-Piper-Heidsieck-15x12.webp 15w\" sizes=\"auto, (max-width: 340px) 100vw, 340px\" \/><p id=\"caption-attachment-7576\" class=\"wp-caption-text\">Jean-Paul Gaultier &amp; Piper-Heidsieck Champagne<\/p><\/div>\n<p>Como puede ver, el tema del arte del champ\u00e1n es muy vers\u00e1til y no se puede clasificar en un caj\u00f3n fijo.<\/p>\n<\/div><\/section><\/p><\/div>\n<style type=\"text\/css\" data-created_by=\"avia_inline_auto\" id=\"style-css-av-7vz4-e2ecb25e9168201a3fd1fa7a9982a872\">\n.flex_column.av-7vz4-e2ecb25e9168201a3fd1fa7a9982a872{\nborder-radius:0px 0px 0px 0px;\npadding:0px 0px 0px 0px;\n}\n<\/style>\n<div  class='flex_column av-7vz4-e2ecb25e9168201a3fd1fa7a9982a872 av_one_fifth  avia-builder-el-6  el_after_av_three_fifth  avia-builder-el-last  flex_column_div av-zero-column-padding'     ><\/div>","protected":false},"excerpt":{"rendered":"","protected":false},"author":1,"featured_media":4712,"parent":0,"menu_order":0,"comment_status":"closed","ping_status":"closed","template":"","meta":{"footnotes":""},"class_list":["post-6514","page","type-page","status-publish","has-post-thumbnail","hentry"],"_links":{"self":[{"href":"https:\/\/champagner.com\/es\/wp-json\/wp\/v2\/pages\/6514","targetHints":{"allow":["GET"]}}],"collection":[{"href":"https:\/\/champagner.com\/es\/wp-json\/wp\/v2\/pages"}],"about":[{"href":"https:\/\/champagner.com\/es\/wp-json\/wp\/v2\/types\/page"}],"author":[{"embeddable":true,"href":"https:\/\/champagner.com\/es\/wp-json\/wp\/v2\/users\/1"}],"replies":[{"embeddable":true,"href":"https:\/\/champagner.com\/es\/wp-json\/wp\/v2\/comments?post=6514"}],"version-history":[{"count":0,"href":"https:\/\/champagner.com\/es\/wp-json\/wp\/v2\/pages\/6514\/revisions"}],"wp:featuredmedia":[{"embeddable":true,"href":"https:\/\/champagner.com\/es\/wp-json\/wp\/v2\/media\/4712"}],"wp:attachment":[{"href":"https:\/\/champagner.com\/es\/wp-json\/wp\/v2\/media?parent=6514"}],"curies":[{"name":"wp","href":"https:\/\/api.w.org\/{rel}","templated":true}]}}