{"id":6522,"date":"2022-05-05T13:43:43","date_gmt":"2022-05-05T13:43:43","guid":{"rendered":"https:\/\/champagner.com\/?page_id=6522"},"modified":"2024-07-26T02:15:15","modified_gmt":"2024-07-26T02:15:15","slug":"servicio-de-champan","status":"publish","type":"page","link":"https:\/\/champagner.com\/es\/servicio-de-champan\/","title":{"rendered":"Servir champ\u00e1n"},"content":{"rendered":"<div   class='avia-fullscreen-slider main_color   avia-builder-el-0  el_before_av_section  avia-builder-el-first  container_wrap fullsize'  ><div  class='avia-slideshow av-kjripr6g-74ffc6525b251b8b733cc3ef032d902d avia-slideshow-extra_large av_fullscreen avia-slide-slider av-slideshow-ui av-control-default av-slideshow-manual av-loop-once av-loop-manual-endless av-default-height-applied   avia-slideshow-1' data-slideshow-options=\"{&quot;animation&quot;:&quot;slide&quot;,&quot;autoplay&quot;:false,&quot;loop_autoplay&quot;:&quot;once&quot;,&quot;interval&quot;:5,&quot;loop_manual&quot;:&quot;manual-endless&quot;,&quot;autoplay_stopper&quot;:false,&quot;noNavigation&quot;:false,&quot;bg_slider&quot;:true,&quot;keep_padding&quot;:false,&quot;hoverpause&quot;:false,&quot;show_slide_delay&quot;:0,&quot;slide_height&quot;:&quot;100&quot;,&quot;image_attachment&quot;:&quot;&quot;}\"  itemprop=\"image\" itemscope=\"itemscope\" itemtype=\"https:\/\/schema.org\/ImageObject\" ><ul class='avia-slideshow-inner' style='padding-bottom: 90.175438596491%;'><li style='background-position:center center;' data-img-url='https:\/\/champagner.com\/wp-content\/uploads\/2018\/05\/canard-duchene-champagner-pinot-noir.jpg' class='avia-slideshow-slide av-kjripr6g-74ffc6525b251b8b733cc3ef032d902d__0  av-single-slide slide-1 slide-odd'><div data-rel='slideshow-1' class='avia-slide-wrap'  title='Canard-Duch\u00eane Champ\u00e1n Pinot noir' ><\/div><\/li><\/ul><\/div><\/div>\n<div id='av_section_1'  class='avia-section av-9qys-7fbec837cc9414b56951d589a49fa01e main_color avia-section-default avia-no-border-styling  avia-builder-el-1  el_after_av_fullscreen  avia-builder-el-last  avia-bg-style-scroll container_wrap fullsize'  ><div class='container av-section-cont-open' ><div class='template-page content  av-content-full alpha units'><div class='post-entry post-entry-type-page post-entry-6522'><div class='entry-content-wrapper clearfix'>\n\n<style type=\"text\/css\" data-created_by=\"avia_inline_auto\" id=\"style-css-av-9tz4-26c14c70028d90a54aefce07862c0d7e\">\n.flex_column.av-9tz4-26c14c70028d90a54aefce07862c0d7e{\nborder-radius:0px 0px 0px 0px;\npadding:0px 0px 0px 0px;\n}\n<\/style>\n<div  class='flex_column av-9tz4-26c14c70028d90a54aefce07862c0d7e av_one_fifth  avia-builder-el-2  el_before_av_three_fifth  avia-builder-el-first  first flex_column_div av-zero-column-padding'     ><\/div>\n<style type=\"text\/css\" data-created_by=\"avia_inline_auto\" id=\"style-css-av-5y3a-c3ba98e644c5ae5c87ca984f1618400f\">\n.flex_column.av-5y3a-c3ba98e644c5ae5c87ca984f1618400f{\nborder-radius:0px 0px 0px 0px;\npadding:0px 0px 0px 0px;\n}\n<\/style>\n<div  class='flex_column av-5y3a-c3ba98e644c5ae5c87ca984f1618400f av_three_fifth  avia-builder-el-3  el_after_av_one_fifth  el_before_av_one_fifth  flex_column_div av-zero-column-padding'     ><p>\n<style type=\"text\/css\" data-created_by=\"avia_inline_auto\" id=\"style-css-av-kjrjnv83-2347b27839fbcc8b88e8194bf01ccca4\">\n#top .av-special-heading.av-kjrjnv83-2347b27839fbcc8b88e8194bf01ccca4{\npadding-bottom:30px;\nfont-size:50px;\n}\nbody .av-special-heading.av-kjrjnv83-2347b27839fbcc8b88e8194bf01ccca4 .av-special-heading-tag .heading-char{\nfont-size:25px;\n}\n#top #wrap_all .av-special-heading.av-kjrjnv83-2347b27839fbcc8b88e8194bf01ccca4 .av-special-heading-tag{\nfont-size:50px;\n}\n.av-special-heading.av-kjrjnv83-2347b27839fbcc8b88e8194bf01ccca4 .av-subheading{\nfont-size:15px;\n}\n\n@media only screen and (min-width: 480px) and (max-width: 767px){ \n#top #wrap_all .av-special-heading.av-kjrjnv83-2347b27839fbcc8b88e8194bf01ccca4 .av-special-heading-tag{\nfont-size:0.8em;\n}\n}\n\n@media only screen and (max-width: 479px){ \n#top #wrap_all .av-special-heading.av-kjrjnv83-2347b27839fbcc8b88e8194bf01ccca4 .av-special-heading-tag{\nfont-size:0.8em;\n}\n}\n<\/style>\n<div  class='av-special-heading av-kjrjnv83-2347b27839fbcc8b88e8194bf01ccca4 av-special-heading-h1 blockquote modern-quote  avia-builder-el-4  el_before_av_textblock  avia-builder-el-first  av-inherit-size'><h1 class='av-special-heading-tag'  itemprop=\"headline\"  >Servir champ\u00e1n<\/h1><div class=\"special-heading-border\"><div class=\"special-heading-inner-border\"><\/div><\/div><\/div><br \/>\n\n<style type=\"text\/css\" data-created_by=\"avia_inline_auto\" id=\"style-css-av-kj4bin1p-07a9ad7eee89eb6f83c5a5be01d6504d\">\n#top .av_textblock_section.av-kj4bin1p-07a9ad7eee89eb6f83c5a5be01d6504d .avia_textblock{\nfont-size:18px;\ntext-align:left;\n}\n<\/style>\n<section  class='av_textblock_section av-kj4bin1p-07a9ad7eee89eb6f83c5a5be01d6504d'   itemscope=\"itemscope\" itemtype=\"https:\/\/schema.org\/CreativeWork\" ><div class='avia_textblock'  itemprop=\"text\" ><h2>La copa adecuada para servir champ\u00e1n<\/h2>\n<p><strong>Coupe (Tazza)<\/strong><\/p>\n<p>Ninguna otra copa tiene m\u00e1s mitos rom\u00e1nticos que el famoso \"coup\u00e9\". Tras siglos de tradici\u00f3n <a href=\"https:\/\/champagner.com\/es\/\">Champ\u00e1n<\/a> y las copas coup\u00e9 son pr\u00e1cticamente inseparables. Sin embargo, las maravillosas an\u00e9cdotas que rodean a la legendaria copa coup\u00e9 no ocultan el hecho de que es completamente inadecuada para el champ\u00e1n en t\u00e9rminos de forma y funci\u00f3n. El mero hecho de sostener la ancha copa en la palma de la mano calienta el champ\u00e1n con una rapidez desfavorable. Adem\u00e1s, la copa es ancha, por lo que la nariz pierde inevitablemente sustancias preciosas del bouquet. El aspecto de las burbujas tambi\u00e9n se ve perjudicado. Sin embargo, si desea crear una pir\u00e1mide de champ\u00e1n cl\u00e1sica, la copa coup\u00e9 es perfecta para servir champ\u00e1n.<\/p>\n<p><strong>Flauta (fl\u00fbte, champagne flute)<\/strong><\/p>\n<p>La elegante flauta se caracteriza por su forma alta y esbelta, que acent\u00faa de forma impresionante el color, el bouquet y las burbujas del champ\u00e1n.<\/p>\n<p><strong>Tulip\u00e1n<\/strong><\/p>\n<p>La copa tulip\u00e1n ofrece una forma a la vez elegante y funcional que los entendidos consideran muy superior a la flauta:<\/p>\n<ul>\n<li>Con una copa tulip\u00e1n sin cortes ni adornos, nada se interpone en el camino de una visi\u00f3n \u00f3ptima de las perlas<\/li>\n<li>El dise\u00f1o del tulip\u00e1n est\u00e1 armoniosamente equilibrado en sus dimensiones (en contraste con la forma c\u00f3nica de una copa de champ\u00e1n)<br \/>\nEl di\u00e1metro del borde de la copa est\u00e1 dise\u00f1ado para que tanto el ojo como la nariz puedan disfrutarlo independientemente el uno del otro (a diferencia de un coup\u00e9)<\/li>\n<li>Una ligera curvatura hacia el interior recoge las sustancias ascendentes y finas del bouquet en el borde superior de la copa<\/li>\n<\/ul>\n<p>Un bello ejemplar de copa tulip\u00e1n ideal de la serie \"Grand Palais\" de Spiegelau (soplado a boca).<\/p>\n<p>El \u00f3ptimo <a href=\"https:\/\/champagner.com\/es\/glosario-2\/copas-de-champan\/\">Copas para champ\u00e1n<\/a> (y otros vinos espumosos) son, por tanto, copas flauta o copas tulipa. Puede ver una bonita selecci\u00f3n de copas a juego en la zona de compras.<\/p>\n<p><strong>M\u00e1s consejos<\/strong><\/p>\n<ol>\n<li>Los restos de jab\u00f3n en la copa relajan el champ\u00e1n y adem\u00e1s le dan un regusto desagradable. (Por lo tanto: aseg\u00farese de enjuagar bien las copas con agua caliente limpia). El pa\u00f1o utilizado para secar tambi\u00e9n debe estar libre de cualquier residuo (como jab\u00f3n o incluso grasa).<\/li>\n<li>Nunca sirvas copas fr\u00edas con champ\u00e1n. Pecado mortal.<\/li>\n<li>Instrumentos crueles como las \"batidoras de champ\u00e1n\" o los \"batidores de champa\u00f1a\" est\u00e1n completamente fuera de lugar. Con su desagradable y tintineante sonido, estos cacharritos destruyen en segundos lo que se ha creado durante a\u00f1os: \u00a1las preciosas perlas!<\/li>\n<li>Si tiene que mover la copa de champ\u00e1n de un invitado, no debe empujar la copa, sino levantarla por el tallo y colocarla donde desee. Esto es m\u00e1s seguro y tambi\u00e9n evita las huellas dactilares en la zona de la copa.<\/li>\n<li>\u00a1Un anfitri\u00f3n debe estar preparado! Las copas se vuelcan en la mesa al servir el champ\u00e1n o caen al suelo (\u00a1nunca intentes cogerlas!).<br \/>\nSi se produjera un (previsible) peque\u00f1o accidente de este tipo, la situaci\u00f3n debe rectificarse inmediatamente, de forma amable y profesional, y el vaso debe sustituirse y rellenarse de inmediato. Guantes para protegerse de los cristales rotos, esponja, trapo, escoba... \u00a1deben estar listos antes de que lleguen los invitados!<\/li>\n<\/ol>\n<p>Tan importante como la copa es la temperatura a la hora de servir el champ\u00e1n. La temperatura ideal es de 8\u00b0C, pero el champ\u00e1n a\u00f1ejo puede servirse hasta a 11\u00b0C. Si el <a href=\"https:\/\/champagner.com\/es\/glosario-2\/origen-del-champan\/\">Vino espumoso<\/a> m\u00e1s caliente, al abrir la botella la espuma burbujea de forma explosiva y cae sobre la ropa y los muebles en lugar de en los vasos. Adem\u00e1s, descorchar o incluso hacer saltar corchos deber\u00eda dejarse exclusivamente en manos de conductores de coches y ciclistas; este mal h\u00e1bito no pertenece a un comedor ni a un Salon.<\/p>\n<p>El champ\u00e1n tampoco debe estar \"nadando\" en un cubo de hielo durante horas antes de que lleguen los invitados, ya que podr\u00eda sufrir un desagradable \"choque t\u00e9rmico\". Tras enfriarlo previamente en el frigor\u00edfico, unos 20 o 30 minutos en el agua helada (mezcla 50\/50) del cubo de champ\u00e1n le proporcionar\u00e1n la temperatura ideal.<\/p>\n<p><strong>Coupe (Tazza)<\/strong><br \/>\nIdeal para algunas copas de champ\u00e1n, c\u00f3cteles de gambas y helados, pero no para el champ\u00e1n.<\/p>\n<p><strong>Flauta<\/strong><br \/>\nElegante y funcional<\/p>\n<p><strong>Cristal<\/strong><br \/>\nLas peque\u00f1as imperfecciones naturales (puntos moussier) favorecen a menudo la formaci\u00f3n de gotas en el cristal. Una soluci\u00f3n elegante para el champ\u00e1n (entre otras cosas).<\/p>\n<p><strong>Tulipanes<\/strong><br \/>\nLas copas de tulip\u00e1n ofrecen muchas ventajas tanto para los aficionados al champ\u00e1n como para los entendidos.<\/p>\n<p>Elegante flauta con un pilar alto (y hueco). Aunque tambi\u00e9n permite tocar atractivas perlas, \u00a1es muy fr\u00e1gil y dif\u00edcil de limpiar!<br \/>\nElegante copa tulip\u00e1n azul. El color del champ\u00e1n, as\u00ed como sus burbujas, se reducen visualmente de forma considerable.<\/p>\n<p><strong>Prueba al servir champ\u00e1n con agua<\/strong><\/p>\n<p>Nunca est\u00e1 de m\u00e1s estar algo familiarizado con las propias copas de champ\u00e1n o conocer su capacidad en la pr\u00e1ctica. Las enormes botellas de champ\u00e1n est\u00e1ndar enga\u00f1an visualmente a los novatos haci\u00e9ndoles creer que tienen un poco m\u00e1s de volumen, sobre todo porque pesan bastante m\u00e1s que las botellas de vino convencionales, suelen ser un poco m\u00e1s altas y a veces son especialmente opacas. Por supuesto, no contienen m\u00e1s vino que una esbelta botella bordelesa de 750 ml, por ejemplo.<\/p>\n<p>Una peque\u00f1a prueba:<br \/>\nBasta con llenar una botella de champ\u00e1n vac\u00eda (o, en su caso, cualquier \"botella normal\" de 750 ml) con agua y verter, por ejemplo, seis <a href=\"https:\/\/champagner.com\/es\/glosario-2\/copas-de-champan\/\">Copas de champ\u00e1n<\/a> Rellene uniformemente y en secuencia en dos o tres etapas. La primera vez que lo intente, se dar\u00e1 cuenta r\u00e1pidamente de que parece m\u00e1s f\u00e1cil de lo que realmente es.<\/p>\n<p>Con este tama\u00f1o de copa, la botella de champ\u00e1n ya est\u00e1 vac\u00eda. Por lo tanto, con las hermosas copas tulip\u00e1n, puede estimar por encima del pulgar a<br \/>\nPara una botella normal (750 ml), prevea seis copas, para una botella magnum (1,5 litros) 12 copas y para una botella jeroboam (3 litros) 24 copas (v\u00e9ase tambi\u00e9n Botellas).<\/p>\n<p>La copa de la derecha es del ejemplo anterior. A la izquierda hay dos copas de champ\u00e1n ligeramente m\u00e1s peque\u00f1as con el mismo contenido que la copa de la derecha. Con una diferencia de tama\u00f1o aparentemente s\u00f3lo ligeramente menor, ahora se podr\u00edan llenar correctamente nueve copas (en lugar de seis) con la misma botella de champ\u00e1n.<\/p>\n<h2>Servir champ\u00e1n y abrirlo correctamente<\/h2>\n<p>La apertura profesional de un champ\u00e1n es como una ceremonia. Bajo su supervisi\u00f3n, es el momento cumbre de esta noble bebida.<\/p>\n<p>\u00a1Cuidado! El champ\u00e1n est\u00e1 sometido a una presi\u00f3n considerable. Un corcho que sale disparado puede provocar esquirlas o incluso costarle un ojo a un invitado.<\/p>\n<ol>\n<li>Por supuesto, primero saca el champ\u00e1n del cubo y seca cuidadosamente la botella con una servilleta.<\/li>\n<li>A continuaci\u00f3n, se presenta al invitado. Aseg\u00farese de que la etiqueta no quede cubierta por la servilleta.<\/li>\n<li>A continuaci\u00f3n, sujete la botella inclinada con la mano izquierda (aprox. 45 grados) y desenrosque con cuidado el lazo de la cesta de alambre con la mano derecha. No da\u00f1e innecesariamente el tap\u00f3n de papel de aluminio. Aseg\u00farese de que el corcho est\u00e9 orientado en direcci\u00f3n contraria a su cabeza durante este procedimiento.<\/li>\n<li>Expanda con cuidado la cesta de alambre y ret\u00edrela junto con el tap\u00f3n de papel de aluminio. Es posible que el corcho ya est\u00e9 flotando. En este caso, retire con cuidado el corcho junto con la cesta de alambre y la tapa de papel de aluminio.<\/li>\n<li>Sujete firmemente el corcho con la mano izquierda, gire la botella con la derecha al mismo tiempo y retire el corcho (\u00a1el pulgar sobre el corcho!). S\u00f3lo debe o\u00edrse un suave suspiro del champ\u00e1n (en lugar de un fuerte \"pop\").<br \/>\nLo que gana el o\u00eddo, lo pierde despu\u00e9s el paladar. Un \"pop\" es el signo de un principiante silencioso y no se corresponde con el alto nivel de un buen champ\u00e1n. En el mejor de los casos, las pinzas para tapones de corcho s\u00f3lo est\u00e1n pensadas para esas muy raras emergencias en las que el corcho est\u00e1 inusualmente apretado. Si la cabeza del corcho se rompe inesperadamente (tambi\u00e9n muy raro), c\u00f3rtela con un cuchillo en la boca de la botella y extraiga con cuidado el resto del corcho del cuello con un sacacorchos.<\/li>\n<li>Pasa el corcho imperceptible y discretamente por tu (propia) nariz para asegurarte brevemente de que no queda ning\u00fan olor desagradable adherido a \u00e9l. Tambi\u00e9n es aconsejable echar un vistazo r\u00e1pido a la boca de la botella para ver si hay alg\u00fan residuo en ella (si lo hay, utilice la parte inferior del corcho o la servilleta para retirarlo). A continuaci\u00f3n, coloca el corcho cerca del invitado de honor. Este gesto es antiguo. El anfitri\u00f3n (o la anfitriona) simplemente ofrece al invitado de honor la oportunidad de asegurarse de que las marcas del corcho corresponden al vino servido. Esto puede parecer absurdo para un champ\u00e1n que acaba de abrirse delante del invitado de honor, pero forma parte del proceso, sobre todo porque la forma del corcho de un champ\u00e1n en la parte inferior, por ejemplo, revela si este champ\u00e1n ha estado almacenado durante mucho tiempo o es m\u00e1s bien \"joven\" (v\u00e9ase tambi\u00e9n corcho). El invitado de honor no \"huele\" el corcho. Al servirlo, el cuello de la botella no debe tocar la copa.<\/li>\n<li>El ritual de servir champ\u00e1n comienza siempre con el invitado de honor (si est\u00e1 presente). Se sirve un poco de champ\u00e1n para que el invitado de honor lo pruebe (s\u00f3lo lo suficiente para uno o, como m\u00e1ximo, dos sorbos) y se da un paso atr\u00e1s. El invitado de honor comprueba el color y el aroma del vino en su copa, seguido de una prueba de sabor. El anfitri\u00f3n espera atentamente su aprobaci\u00f3n (quiz\u00e1s verbalmente o simplemente asintiendo discretamente con la cabeza).<\/li>\n<li>A continuaci\u00f3n, llena los vasos lentamente por etapas (es decir, dos o tres veces) (Existen diferentes sistemas de orden de servicio en el mundo (v\u00e9anse los ejemplos a continuaci\u00f3n).<\/li>\n<li>Dependiendo de la temperatura ambiente, el champ\u00e1n puede espumar de forma diferente. En definitiva, las copas no deben estar llenas m\u00e1s de 2\/3 partes. Es mejor tener menos que demasiado champ\u00e1n en la copa para que haya espacio suficiente para que se desarrolle el bouquet.<\/li>\n<li>Despu\u00e9s de verter, vuelva a colocar la botella con cuidado en el cubo.<br \/>\nV\u00e9ase tambi\u00e9n: \u00a1No tenga miedo de las botellas grandes!<\/li>\n<li>...\u00bfy el corcho?<\/li>\n<\/ol>\n<h2>El corcho como amuleto de la suerte al servir champ\u00e1n<\/h2>\n<p>Puede introducir a sus invitados en una antigua tradici\u00f3n haciendo cuidadosamente una incisi\u00f3n en la parte inferior del corcho, introduciendo una moneda de su elecci\u00f3n y presentando esta combinaci\u00f3n a alguien. Mientras la moneda y el corcho permanezcan juntos, la leyenda dice que el receptor tendr\u00e1 suerte.<\/p>\n<p>Se dice que cuando se presenta el corcho de champ\u00e1n a una dama, \u00e9sta s\u00f3lo tiene que pasar tres noches con el corcho bajo la almohada antes de so\u00f1ar con el hombre con el que acabar\u00e1 cas\u00e1ndose.<\/p>\n<p>Y el<a href=\"https:\/\/champagner.com\/es\/glosario-2\/capsula-de-champan\/\"> C\u00e1psula de champ\u00e1n<\/a>?<\/p>\n<p>En el corcho de cada champ\u00e1n hay una peque\u00f1a c\u00e1psula met\u00e1lica. No la tire. Tarde o temprano, se encontrar\u00e1 con un amante del champ\u00e1n que querr\u00e1 utilizarla. <a href=\"https:\/\/champagner.com\/es\/tapa-de-champan\/\">C\u00e1psulas<\/a> y seguro que estar\u00e1 encantado con su regalo de estas c\u00e1psulas (v\u00e9ase tambi\u00e9n c\u00e1psula).<\/p>\n<p>Sistemas: El orden de servir el champ\u00e1n<\/p>\n<p>Existen varios sistemas de servicio en el mundo, pero todos tienen un prop\u00f3sito b\u00e1sico: garantizar que todo funcione bien y con rapidez.<\/p>\n<p>Muchos anfitriones se limitan a seguir el sentido de las agujas del reloj desde el invitado de honor a la hora de servir. He aqu\u00ed un ejemplo de un sistema muy sencillo:<br \/>\nSi hay pocos invitados, se puede servir primero a las damas (despu\u00e9s de que el invitado de honor haya ensayado, por supuesto) en el sentido de las agujas del reloj, luego a los caballeros y, por \u00faltimo, al invitado de honor (incluso si una dama es la invitada de honor). Tambi\u00e9n existe una versi\u00f3n antigua en la que se sirve primero champ\u00e1n a la dama de m\u00e1s edad del c\u00edrculo.<\/p>\n<p>A veces, sin embargo, se pueden encontrar otros sistemas. Por ejemplo, tambi\u00e9n existe un sistema antiguo seg\u00fan el cual las copas de las damas se llenan primero en el sentido contrario a las agujas del reloj a partir del invitado de honor, y luego (es decir, en el \"camino de vuelta\", por as\u00ed decirlo) las copas de los caballeros son servidas en el sentido de las agujas del reloj por el anfitri\u00f3n. Por \u00faltimo, se llena la copa del invitado de honor.<\/p>\n<p>Al rellenar las copas cuando se sirve champ\u00e1n, se aplica el orden habitual en el sentido de las agujas del reloj, sin ninguna secuencia particular. El champ\u00e1n no debe rellenarse continuamente, sino s\u00f3lo cuando queden uno o dos sorbos en la copa. De este modo, se garantiza que el champ\u00e1n alcance la temperatura \u00f3ptima y pueda volver a desplegarse (en lugar de verse influido por el champ\u00e1n ya calentado). El champ\u00e1n debe servirse por el lado derecho.<\/p>\n<h2>\u00bfTerracota en lugar de una ba\u00f1era cl\u00e1sica?<\/h2>\n<p>Puede ocurrir que el anfitri\u00f3n obsequie a sus invitados con el mejor champ\u00e1n en una sencilla terracota en lugar de un cubo, a menudo elegante. No se trata en absoluto de un paso en falso. Al contrario: demuestra que el anfitri\u00f3n reconoce las inmejorables propiedades de la terracota, que ya apreciaban los romanos.<\/p>\n<p>Si un champ\u00e1n se enfr\u00eda demasiado r\u00e1pido o en exceso, sufre un choque que puede tener consecuencias desagradables para su sabor. Por cierto, este choque tambi\u00e9n puede producirse en un cubo de hielo picado si \"flota\" en este ba\u00f1o de hielo durante demasiado tiempo. La terracota, en cambio, se enfr\u00eda suavemente por su efecto natural de evaporaci\u00f3n. Estos recipientes se llenan primero con agua helada. Luego se dejan llenos durante unos 10 minutos. Este tiempo es necesario para que el agua empape un poco la tierra cocida). A continuaci\u00f3n, se vac\u00eda el recipiente y ya est\u00e1 listo para \"abrazar\" el champ\u00e1n y mantenerlo fr\u00edo de forma suave. \u00a1Sirve el champ\u00e1n!<\/p>\n<\/div><\/section><\/p><\/div>\n<style type=\"text\/css\" data-created_by=\"avia_inline_auto\" id=\"style-css-av-7vz4-e2ecb25e9168201a3fd1fa7a9982a872\">\n.flex_column.av-7vz4-e2ecb25e9168201a3fd1fa7a9982a872{\nborder-radius:0px 0px 0px 0px;\npadding:0px 0px 0px 0px;\n}\n<\/style>\n<div  class='flex_column av-7vz4-e2ecb25e9168201a3fd1fa7a9982a872 av_one_fifth  avia-builder-el-6  el_after_av_three_fifth  avia-builder-el-last  flex_column_div av-zero-column-padding'     ><\/div>","protected":false},"excerpt":{"rendered":"","protected":false},"author":1,"featured_media":6587,"parent":0,"menu_order":0,"comment_status":"closed","ping_status":"closed","template":"","meta":{"footnotes":""},"class_list":["post-6522","page","type-page","status-publish","has-post-thumbnail","hentry"],"_links":{"self":[{"href":"https:\/\/champagner.com\/es\/wp-json\/wp\/v2\/pages\/6522","targetHints":{"allow":["GET"]}}],"collection":[{"href":"https:\/\/champagner.com\/es\/wp-json\/wp\/v2\/pages"}],"about":[{"href":"https:\/\/champagner.com\/es\/wp-json\/wp\/v2\/types\/page"}],"author":[{"embeddable":true,"href":"https:\/\/champagner.com\/es\/wp-json\/wp\/v2\/users\/1"}],"replies":[{"embeddable":true,"href":"https:\/\/champagner.com\/es\/wp-json\/wp\/v2\/comments?post=6522"}],"version-history":[{"count":0,"href":"https:\/\/champagner.com\/es\/wp-json\/wp\/v2\/pages\/6522\/revisions"}],"wp:featuredmedia":[{"embeddable":true,"href":"https:\/\/champagner.com\/es\/wp-json\/wp\/v2\/media\/6587"}],"wp:attachment":[{"href":"https:\/\/champagner.com\/es\/wp-json\/wp\/v2\/media?parent=6522"}],"curies":[{"name":"wp","href":"https:\/\/api.w.org\/{rel}","templated":true}]}}