{"id":6528,"date":"2022-05-05T13:56:49","date_gmt":"2022-05-05T13:56:49","guid":{"rendered":"https:\/\/champagner.com\/?page_id=6528"},"modified":"2024-11-04T12:46:29","modified_gmt":"2024-11-04T12:46:29","slug":"etiquetas-de-champan","status":"publish","type":"page","link":"https:\/\/champagner.com\/es\/etiquetas-de-champan\/","title":{"rendered":"Etiquetas de champ\u00e1n"},"content":{"rendered":"<div   class='avia-fullscreen-slider main_color   avia-builder-el-0  el_before_av_section  avia-builder-el-first  container_wrap fullsize'  ><div  class='avia-slideshow av-kjripr6g-74ffc6525b251b8b733cc3ef032d902d avia-slideshow-extra_large av_fullscreen avia-slide-slider av-slideshow-ui av-control-default av-slideshow-manual av-loop-once av-loop-manual-endless av-default-height-applied   avia-slideshow-1' data-slideshow-options=\"{&quot;animation&quot;:&quot;slide&quot;,&quot;autoplay&quot;:false,&quot;loop_autoplay&quot;:&quot;once&quot;,&quot;interval&quot;:5,&quot;loop_manual&quot;:&quot;manual-endless&quot;,&quot;autoplay_stopper&quot;:false,&quot;noNavigation&quot;:false,&quot;bg_slider&quot;:true,&quot;keep_padding&quot;:false,&quot;hoverpause&quot;:false,&quot;show_slide_delay&quot;:0,&quot;slide_height&quot;:&quot;100&quot;,&quot;image_attachment&quot;:&quot;&quot;}\"  itemprop=\"image\" itemscope=\"itemscope\" itemtype=\"https:\/\/schema.org\/ImageObject\" ><ul class='avia-slideshow-inner' style='padding-bottom: 56.390977443609%;'><li style='background-position:center center;' data-img-url='https:\/\/champagner.com\/wp-content\/uploads\/2018\/05\/thienot-champagner-cuvee-alain-thienot.jpg' class='avia-slideshow-slide av-kjripr6g-74ffc6525b251b8b733cc3ef032d902d__0  av-single-slide slide-1 slide-odd'><div data-rel='slideshow-1' class='avia-slide-wrap'  title='Thi\u00e9not Champ\u00e1n Cuvee Alain Thi\u00e9not' ><\/div><\/li><\/ul><\/div><\/div>\n<div id='av_section_1'  class='avia-section av-9qys-7fbec837cc9414b56951d589a49fa01e main_color avia-section-default avia-no-border-styling  avia-builder-el-1  el_after_av_fullscreen  avia-builder-el-last  avia-bg-style-scroll container_wrap fullsize'  ><div class='container av-section-cont-open' ><div class='template-page content  av-content-full alpha units'><div class='post-entry post-entry-type-page post-entry-6528'><div class='entry-content-wrapper clearfix'>\n\n<style type=\"text\/css\" data-created_by=\"avia_inline_auto\" id=\"style-css-av-9tz4-26c14c70028d90a54aefce07862c0d7e\">\n.flex_column.av-9tz4-26c14c70028d90a54aefce07862c0d7e{\nborder-radius:0px 0px 0px 0px;\npadding:0px 0px 0px 0px;\n}\n<\/style>\n<div  class='flex_column av-9tz4-26c14c70028d90a54aefce07862c0d7e av_one_fifth  avia-builder-el-2  el_before_av_three_fifth  avia-builder-el-first  first flex_column_div av-zero-column-padding'     ><\/div>\n<style type=\"text\/css\" data-created_by=\"avia_inline_auto\" id=\"style-css-av-5y3a-c3ba98e644c5ae5c87ca984f1618400f\">\n.flex_column.av-5y3a-c3ba98e644c5ae5c87ca984f1618400f{\nborder-radius:0px 0px 0px 0px;\npadding:0px 0px 0px 0px;\n}\n<\/style>\n<div  class='flex_column av-5y3a-c3ba98e644c5ae5c87ca984f1618400f av_three_fifth  avia-builder-el-3  el_after_av_one_fifth  el_before_av_one_fifth  flex_column_div av-zero-column-padding'     ><p>\n<style type=\"text\/css\" data-created_by=\"avia_inline_auto\" id=\"style-css-av-kjrjnv83-2a35af8d1787f56e3a1ccc09942a3cd9\">\n#top .av-special-heading.av-kjrjnv83-2a35af8d1787f56e3a1ccc09942a3cd9{\npadding-bottom:30px;\nfont-size:50px;\n}\nbody .av-special-heading.av-kjrjnv83-2a35af8d1787f56e3a1ccc09942a3cd9 .av-special-heading-tag .heading-char{\nfont-size:25px;\n}\n#top #wrap_all .av-special-heading.av-kjrjnv83-2a35af8d1787f56e3a1ccc09942a3cd9 .av-special-heading-tag{\nfont-size:50px;\n}\n.av-special-heading.av-kjrjnv83-2a35af8d1787f56e3a1ccc09942a3cd9 .av-subheading{\nfont-size:15px;\n}\n\n@media only screen and (min-width: 480px) and (max-width: 767px){ \n#top #wrap_all .av-special-heading.av-kjrjnv83-2a35af8d1787f56e3a1ccc09942a3cd9 .av-special-heading-tag{\nfont-size:0.8em;\n}\n}\n\n@media only screen and (max-width: 479px){ \n#top #wrap_all .av-special-heading.av-kjrjnv83-2a35af8d1787f56e3a1ccc09942a3cd9 .av-special-heading-tag{\nfont-size:0.8em;\n}\n}\n<\/style>\n<div  class='av-special-heading av-kjrjnv83-2a35af8d1787f56e3a1ccc09942a3cd9 av-special-heading-h1 blockquote modern-quote  avia-builder-el-4  el_before_av_textblock  avia-builder-el-first  av-inherit-size'><h1 class='av-special-heading-tag'  itemprop=\"headline\"  >Etiquetas de champ\u00e1n<\/h1><div class=\"special-heading-border\"><div class=\"special-heading-inner-border\"><\/div><\/div><\/div><br \/>\n\n<style type=\"text\/css\" data-created_by=\"avia_inline_auto\" id=\"style-css-av-kj4bin1p-07a9ad7eee89eb6f83c5a5be01d6504d\">\n#top .av_textblock_section.av-kj4bin1p-07a9ad7eee89eb6f83c5a5be01d6504d .avia_textblock{\nfont-size:18px;\ntext-align:left;\n}\n<\/style>\n<section  class='av_textblock_section av-kj4bin1p-07a9ad7eee89eb6f83c5a5be01d6504d'   itemscope=\"itemscope\" itemtype=\"https:\/\/schema.org\/CreativeWork\" ><div class='avia_textblock'  itemprop=\"text\" ><h3>Las etiquetas Champager<\/h3>\n<p>Las etiquetas de los <a href=\"https:\/\/champagner.com\/es\/\">Champ\u00e1n<\/a> son equivalentes a los documentos de identidad,<br \/>\nque contienen informaci\u00f3n importante regida por normas estrictas. Por ejemplo, una etiqueta indica de qu\u00e9 casa procede el champ\u00e1n y qu\u00e9 sabor tiene.<\/p>\n<p>Las etiquetas de champ\u00e1n aparecieron en forma primitiva ya en el siglo XVIII. Rara vez eran m\u00e1s que trozos de papel pegados, con escasa informaci\u00f3n manuscrita.<\/p>\n<p>Hacia 1820, aparecieron las verdaderas \u00e9tiquettes, que son las actuales<br \/>\netiquetas ya eran similares. Poco despu\u00e9s, se desarroll\u00f3 un concurso regular para reflejar en la etiqueta la reputaci\u00f3n de la casa, as\u00ed como la cultura y el arte.<\/p>\n<p>Aunque hoy en d\u00eda siguen mostrando a menudo estas bellas cualidades, las etiquetas de champ\u00e1n tambi\u00e9n han mutado en \"banderas\" vigiladas de las casas, que se defienden en la lucha contra las imitaciones para proteger a los consumidores.<\/p>\n<h3>Etiqueta en detalle<\/h3>\n<p>Este ejemplo es una etiqueta de la famosa casa de <a href=\"https:\/\/champagner.com\/es\/g-h-mumm-champan\/\">Tripas<\/a>. Esta etiqueta Mumm procede de una botella del mercado americano.<\/p>\n<p>La denominaci\u00f3n \"Champagne\". Sin ella, el contenido no es aut\u00e9ntico champ\u00e1n.<\/p>\n<p>La marca y\/o el nombre de la empresa suelen figurar en un lugar destacado. Algunas casas tambi\u00e9n defienden determinados colores. La marca Veuve Clicquot, por ejemplo, es f\u00e1cilmente reconocible gracias a su color naranja especial en las etiquetas de champ\u00e1n.<br \/>\nEsta etiqueta de Mumm presenta tanto el nombre G. H. Mumm como la marca Cordon Rouge en la famosa cinta roja diagonal. Esta prominente cinta roja se introdujo por primera vez en 1876 en forma de elegantes lazos de seda alrededor de las botellas. En 1883, las etiquetas pasaron a llevar la cinta roja en lugar de los lazos. La cinta roja deriva simb\u00f3licamente de la L\u00e9gion d'honneur (Legi\u00f3n de Honor) francesa.<\/p>\n<ul>\n<li>La ciudad y el pa\u00eds de origen Francia<\/li>\n<li>El contenido de alcohol (entre 10,5% y 13%)<\/li>\n<li>El volumen de la botella<\/li>\n<\/ul>\n<p>Aqu\u00ed se indicaba el correspondiente volumen de l\u00edquido americano (US 1pint, 10 onzas l\u00edquidas). Convertida, esta botella era aproximadamente la t\u00edpica botella est\u00e1ndar europea.<\/p>\n<p>El n\u00famero de control CIVC como informaci\u00f3n obligatoria, que comienza con dos letras y va seguido de un n\u00famero de varios d\u00edgitos. Las letras son abreviaturas y significan<\/p>\n<p>**N.M.<br \/>\n(n\u00e9gociant-manipulant)<br \/>\nPreparado por una casa de champ\u00e1n.<\/p>\n<p>** M.A.<br \/>\n(marca de comprador)<br \/>\nUna marca secundaria. Este champ\u00e1n era<br \/>\nde la casa de champ\u00e1n como embotellado especial o<br \/>\nembotellado de marca blanca a, por ejemplo, un<br \/>\nentregado a un restaurante o a una compa\u00f1\u00eda a\u00e9rea.<\/p>\n<p>** R.M<br \/>\n(r\u00e9coltant-manipulant)<br \/>\nElaborado por un en\u00f3logo de champ\u00e1n a partir de su propio<br \/>\nVides.<\/p>\n<p>** R.C.<br \/>\n(r\u00e9coltant-coop\u00e9rateur)<br \/>\nElaborado por un en\u00f3logo de champ\u00e1n a partir de su propio<br \/>\nvi\u00f1as y las existencias de una cooperativa de viticultores.<\/p>\n<p>** C.M.<br \/>\n(cooperativa de manipulaci\u00f3n)<br \/>\nUna cooperativa de viticultores se encargaba de la<br \/>\nresponsable del embotellado.<\/p>\n<p>Etiquetar el sabor tambi\u00e9n es muy importante:<br \/>\nExtra Brut, Brut, Extra Dry, Sec, Demi-Sec<br \/>\n(ver Posolog\u00eda)<\/p>\n<p>La etiqueta de cuello (o etiqueta de hombro) de una botella de champ\u00e1n se conoce como cravat o collerette. A veces muestra el nombre de la casa, el escudo o logotipo de la casa, la a\u00f1ada del champ\u00e1n, el a\u00f1o de fundaci\u00f3n de la casa o incluso una nota como proveedor oficial de una determinada casa real. Algunas casas tambi\u00e9n prescinden de la etiqueta de cuello.<\/p>\n<p>Las etiquetas del champ\u00e1n tambi\u00e9n suelen contener informaci\u00f3n adicional.<\/p>\n<h3>Etiquetas de champ\u00e1n Mill\u00e9sime<\/h3>\n<p>Los champanes elaborados con uvas de un solo a\u00f1o se denominan <a href=\"https:\/\/champagner.com\/es\/ubicaciones\/\">Champ\u00e1n<\/a> mill\u00e9sime.<br \/>\nLa vendimia, como <a href=\"https:\/\/champagner.com\/es\/vintage\/\">1990<\/a> suele figurar en un lugar destacado de esta etiqueta de un champ\u00e1n de Jacquesson. La a\u00f1ada tambi\u00e9n figura en el corcho (v\u00e9ase tambi\u00e9n corcho).<\/p>\n<p>** Blanc de Blancs<br \/>\nA 100% obtenido a partir de uvas Chardonnay.<br \/>\n(V\u00e9ase tambi\u00e9n Blanc de Blancs).<\/p>\n<p>** Blanc de Noirs<br \/>\nA 100% elaborado con uvas Pinot Noir y\/o Pinot Meunier.<br \/>\n(V\u00e9ase tambi\u00e9n Blanc de Noirs).<\/p>\n<p>** Referencia a un Cru<br \/>\nLos Grand Cru o Premier Cru son los vinos m\u00e1s apreciados.<br \/>\nde la regi\u00f3n de Champa\u00f1a. Hay 17 Grand Crus (por ejemplo, Ambonnay, Avize, A\u00ff, Bouzy, Cramant, Le Mesnil-sur-Oger, Tours-sur-Marne) y 41 Premier Crus (por ejemplo, Chouilly, <a href=\"https:\/\/champagner.com\/es\/glosario-2\/hautvillers\/\">Hautvillers<\/a>Mareuil-sur-A\u00ff; v\u00e9ase tambi\u00e9n Cru).<\/p>\n<h4>Etiquetas art\u00edsticas para champ\u00e1n<\/h4>\n<p>La casa Perrier-Jou\u00ebt utiliza una etiqueta transparente de formas armoniosas en combinaci\u00f3n con las famosas flores que enmarcan la botella (Fleur de Champagne).<\/p>\n<p>De vez en cuando, algunas casas de champ\u00e1n conmemoran acontecimientos hist\u00f3ricos en etiquetas muy bellas. Este ejemplo es una etiqueta de la renombrada casa de champ\u00e1n Lecerc Briant.<\/p>\n<p>En este ejemplo, la famosa casa de champ\u00e1n Deutz conmemora el legendario Orient Express en una fant\u00e1stica etiqueta. No es de extra\u00f1ar que haya tantos coleccionistas de etiquetas<\/p>\n<p>Las art\u00edsticas etiquetas de champ\u00e1n de Bruno Paillard tambi\u00e9n son toda una experiencia.<\/p>\n<\/div><\/section><\/p><\/div>\n<style type=\"text\/css\" data-created_by=\"avia_inline_auto\" id=\"style-css-av-7vz4-e2ecb25e9168201a3fd1fa7a9982a872\">\n.flex_column.av-7vz4-e2ecb25e9168201a3fd1fa7a9982a872{\nborder-radius:0px 0px 0px 0px;\npadding:0px 0px 0px 0px;\n}\n<\/style>\n<div  class='flex_column av-7vz4-e2ecb25e9168201a3fd1fa7a9982a872 av_one_fifth  avia-builder-el-6  el_after_av_three_fifth  avia-builder-el-last  flex_column_div av-zero-column-padding'     ><\/div>","protected":false},"excerpt":{"rendered":"","protected":false},"author":1,"featured_media":4333,"parent":0,"menu_order":0,"comment_status":"closed","ping_status":"closed","template":"","meta":{"footnotes":""},"class_list":["post-6528","page","type-page","status-publish","has-post-thumbnail","hentry"],"_links":{"self":[{"href":"https:\/\/champagner.com\/es\/wp-json\/wp\/v2\/pages\/6528","targetHints":{"allow":["GET"]}}],"collection":[{"href":"https:\/\/champagner.com\/es\/wp-json\/wp\/v2\/pages"}],"about":[{"href":"https:\/\/champagner.com\/es\/wp-json\/wp\/v2\/types\/page"}],"author":[{"embeddable":true,"href":"https:\/\/champagner.com\/es\/wp-json\/wp\/v2\/users\/1"}],"replies":[{"embeddable":true,"href":"https:\/\/champagner.com\/es\/wp-json\/wp\/v2\/comments?post=6528"}],"version-history":[{"count":0,"href":"https:\/\/champagner.com\/es\/wp-json\/wp\/v2\/pages\/6528\/revisions"}],"wp:featuredmedia":[{"embeddable":true,"href":"https:\/\/champagner.com\/es\/wp-json\/wp\/v2\/media\/4333"}],"wp:attachment":[{"href":"https:\/\/champagner.com\/es\/wp-json\/wp\/v2\/media?parent=6528"}],"curies":[{"name":"wp","href":"https:\/\/api.w.org\/{rel}","templated":true}]}}