{"id":4024,"date":"2018-04-14T14:48:55","date_gmt":"2018-04-14T14:48:55","guid":{"rendered":"http:\/\/neu.champagner.eu\/?page_id=4024"},"modified":"2024-11-04T12:49:43","modified_gmt":"2024-11-04T12:49:43","slug":"champagne-citat","status":"publish","type":"page","link":"https:\/\/champagner.com\/fi\/champagne-citat\/","title":{"rendered":"Samppanja lainauksia"},"content":{"rendered":"<div id='av_section_1'  class='avia-section av-1vm8bwo-709c60fc6f16c735dfd76d953ff4f866 main_color avia-section-default avia-no-shadow  avia-builder-el-0  avia-builder-el-no-sibling  avia-bg-style-scroll container_wrap fullsize'  ><div class='container av-section-cont-open' ><main  role=\"main\" itemprop=\"mainContentOfPage\"  class='template-page content  av-content-full alpha units'><div class='post-entry post-entry-type-page post-entry-4024'><div class='entry-content-wrapper clearfix'>\n\n<style type=\"text\/css\" data-created_by=\"avia_inline_auto\" id=\"style-css-av-kjm0x5lx-0474c4b615aca0c6c294fa130940e623\">\n#top .av-special-heading.av-kjm0x5lx-0474c4b615aca0c6c294fa130940e623{\npadding-bottom:10px;\n}\nbody .av-special-heading.av-kjm0x5lx-0474c4b615aca0c6c294fa130940e623 .av-special-heading-tag .heading-char{\nfont-size:25px;\n}\n.av-special-heading.av-kjm0x5lx-0474c4b615aca0c6c294fa130940e623 .av-subheading{\nfont-size:15px;\n}\n<\/style>\n<div  class='av-special-heading av-kjm0x5lx-0474c4b615aca0c6c294fa130940e623 av-special-heading-h1 blockquote modern-quote modern-centered  avia-builder-el-1  el_before_av_hr  avia-builder-el-first'><h1 class='av-special-heading-tag'  itemprop=\"headline\"  >Samppanja lainauksia, - 47 kauneinta lainauksia samppanjasta<\/h1><div class=\"special-heading-border\"><div class=\"special-heading-inner-border\"><\/div><\/div><\/div>\n\n<style type=\"text\/css\" data-created_by=\"avia_inline_auto\" id=\"style-css-av-1to74o-5b1b323b02642b480f2b98e85a27ee1b\">\n#top .hr.av-1to74o-5b1b323b02642b480f2b98e85a27ee1b{\nmargin-top:30px;\nmargin-bottom:30px;\n}\n.hr.av-1to74o-5b1b323b02642b480f2b98e85a27ee1b .hr-inner{\nwidth:100%;\nborder-color:#d2ae6f;\n}\n<\/style>\n<div  class='hr av-1to74o-5b1b323b02642b480f2b98e85a27ee1b hr-custom  avia-builder-el-2  el_after_av_heading  el_before_av_one_fifth  hr-center hr-icon-no'><span class='hr-inner inner-border-av-border-thin'><span class=\"hr-inner-style\"><\/span><\/span><\/div>\n\n<style type=\"text\/css\" data-created_by=\"avia_inline_auto\" id=\"style-css-av-1tmc0w8-8e6849036901409b1a0a2a8a275c0f7f\">\n.flex_column.av-1tmc0w8-8e6849036901409b1a0a2a8a275c0f7f{\nborder-radius:0px 0px 0px 0px;\npadding:0px 0px 0px 0px;\n}\n<\/style>\n<div  class='flex_column av-1tmc0w8-8e6849036901409b1a0a2a8a275c0f7f av_one_fifth  avia-builder-el-3  el_after_av_hr  el_before_av_three_fifth  first flex_column_div av-zero-column-padding'     ><\/div>\n<style type=\"text\/css\" data-created_by=\"avia_inline_auto\" id=\"style-css-av-1s2if7s-28ad02af04352e45d43dba7adba1b2c2\">\n.flex_column.av-1s2if7s-28ad02af04352e45d43dba7adba1b2c2{\nborder-radius:0px 0px 0px 0px;\npadding:0px 0px 0px 0px;\n}\n<\/style>\n<div  class='flex_column av-1s2if7s-28ad02af04352e45d43dba7adba1b2c2 av_three_fifth  avia-builder-el-4  el_after_av_one_fifth  el_before_av_one_fifth  flex_column_div av-zero-column-padding'     ><style type=\"text\/css\" data-created_by=\"avia_inline_auto\" id=\"style-css-av-1qqh64o-38b4cc4b3f7f53371d6d87f5e5a693f7\">\n#top .av-rotator-container.av-1qqh64o-38b4cc4b3f7f53371d6d87f5e5a693f7{\ntext-align:center;\n}\n#top #wrap_all .av-rotator-container.av-1qqh64o-38b4cc4b3f7f53371d6d87f5e5a693f7 .av-rotator-container-inner{\nfont-size:50px;\n}\n<\/style>\n<div  class='av-rotator-container av-rotation-container-center av-1qqh64o-38b4cc4b3f7f53371d6d87f5e5a693f7  avia-builder-el-5  avia-builder-el-no-sibling  av-fixed-rotator-width' data-interval='6' data-animation='0' data-fixwidth='1'><h3 class='av-rotator-container-inner'><span class='av-rotator-text av-rotator-multiline-off'>\n<span class='av-rotator-text-single av-642bq0-23840bb627bc40ab097f002d56409677 av-rotator-text-single-1' >Tulkaa nopeasti, maistan t\u00e4hdet! Dom Perignon<\/span>\n<span class='av-rotator-text-single av-1nfv6zs-2579cddb637190b57bcc52df719ef036 av-rotator-text-single-2' >Franklin Rooseveltin tapaaminen oli kuin avaisi ensimm\u00e4isen samppanjapullon, ja h\u00e4nen tuntemisensa oli kuin h\u00e4nen juomistaan. Winston Churchill<\/span>\n<span class='av-rotator-text-single av-1kvnsjc-bfb9e8ca38419d94b837ec3e85844f58 av-rotator-text-single-3' >Samppanja on ainoa asia, joka antaa minulle iloa, kun tunnen itseni v\u00e4syneeksi. Brigitte Bardot<\/span>\n<span class='av-rotator-text-single av-1iunemg-c169a417eb3cc3fd2bd801584949f5f6 av-rotator-text-single-4' >Miksi juon samppanjaa aamiaiseksi? Eiv\u00e4tk\u00f6 kaikki tee niin? Noel Coward<\/span>\n<span class='av-rotator-text-single av-1ihkaqw-6ceea048659be1f491c9b87dfe7464bc av-rotator-text-single-5' >Jokaisen naisen el\u00e4m\u00e4ss\u00e4 tulee hetki, jolloin vain lasillinen samppanjaa riitt\u00e4\u00e4. Bette Davis<\/span>\n<span class='av-rotator-text-single av-1gjmxqw-c7712ca1592047adddd6c509a5547c17 av-rotator-text-single-6' >Samppanja on yksi el\u00e4m\u00e4n tyylikk\u00e4ist\u00e4 lisukkeista. Charles Dickens<\/span>\n<span class='av-rotator-text-single av-1eryevs-6f2c2c454afb2c2240918936cc4cbf7e av-rotator-text-single-7' >Samppanjaa! Voiton hetkell\u00e4 ansaitset sen, tappion hetkell\u00e4 tarvitset sit\u00e4. Napoleon Bonaparte<\/span>\n<span class='av-rotator-text-single av-pdcbdk-438df945fd72362c5105d146561cc285 av-rotator-text-single-8' >Juon samppanjaa, kun olen onnellinen ja kun olen surullinen. Joskus juon sit\u00e4, kun olen yksin, ja kun minulla on seuraa, en voi j\u00e4tt\u00e4\u00e4 sit\u00e4 v\u00e4liin. Kun minulla ei ole n\u00e4lk\u00e4, her\u00e4ttelen sill\u00e4 ruokahaluani, ja kun minulla on n\u00e4lk\u00e4, nautin sit\u00e4. Mutta muuten en koske siihen, paitsi silloin, kun minua janottaa. Lily Bollinger<\/span>\n<span class='av-rotator-text-single av-1b0pstk-68f69bf2e861a2407c193ec58be604e4 av-rotator-text-single-9' >Samppanja on ainoa viini, joka tekee naisesta kauniin sen juomisen j\u00e4lkeen. Madame De Pompadour<\/span>\n<span class='av-rotator-text-single av-4jhae0-3b30ccb6c96e3dd9e5d66acaed9764ae av-rotator-text-single-10' >Liika mit\u00e4 tahansa on pahasta, mutta liikaa samppanjaa on juuri sopivaa. Mark Twain<\/span>\n<span class='av-rotator-text-single av-4cbvew-f732f36d26451329f1f827b85ab6560e av-rotator-text-single-11' >Jos etsit totuutta, samppanja on parempi kuin valheenpaljastin. Graham Greene<\/span>\n<span class='av-rotator-text-single av-169ftig-b89f6c092205efc31662d1965a44a8e7 av-rotator-text-single-12' >Kadun el\u00e4m\u00e4ss\u00e4ni vain sit\u00e4, etten ole juonut tarpeeksi samppanjaa. John Maynard Keynes<\/span>\n<span class='av-rotator-text-single av-154nuag-cdcd02581348af398a1bcfcafbbd0a08 av-rotator-text-single-13' >Juon samppanjaa vain kahdesti, silloin kun olen rakastunut ja silloin kun en ole. Coco Chanel<\/span>\n<span class='av-rotator-text-single av-13eqby0-84ebd35dda507963eecb1b9b5aed3cce av-rotator-text-single-14' >Yst\u00e4vyyden tunne on kuin paahtopaistilla t\u00e4ytettyn\u00e4, rakkaus on kuin samppanjalla elvytettyn\u00e4. Samuel Johnson<\/span>\n<span class='av-rotator-text-single av-11o0j2w-c12e8fb036a90f7c00083508fa44d683 av-rotator-text-single-15' >Samppanja ja appelsiinimehu on loistava juoma. Appelsiini parantaa samppanjaa. Samppanja parantaa ehdottomasti appelsiinia. Philip, Edinburghin herttua<\/span>\n<span class='av-rotator-text-single av-zrbr0o-7f8a5cc9ec00cb9a2f8181e2c0d7542d av-rotator-text-single-16' >Hyv\u00e4t herrat, emme taistele vain Ranskan puolesta, vaan my\u00f6s samppanjan puolesta! Winston Churchill<\/span>\n<span class='av-rotator-text-single av-3ff13c-1cd5772594aec6d98dbd1fce072f9d95 av-rotator-text-single-17' >T\u00e4ydellisess\u00e4 maailmassa kaikki joisivat lasillisen samppanjaa joka ilta. Willie Gluckstern<\/span>\n<span class='av-rotator-text-single av-bi6ig-bf9452396b9843d5cea4a882f0d652f0 av-rotator-text-single-18' >Kaada samppanja ja anna sen vaahdon nousta kuin tuhannet hymyilev\u00e4t silm\u00e4t. Jared M. Brown<\/span>\n<span class='av-rotator-text-single av-umqy20-4e669a26c88195ae598041a2583240f5 av-rotator-text-single-19' >Mik\u00e4\u00e4n ei ole kauniimpaa kuin auringonlasku samppanjalasin kera. Jared M. Brown<\/span>\n<span class='av-rotator-text-single av-syk0so-6298344df6a47561f434c8734f63907d av-rotator-text-single-20' >Samppanja, viinien kuningas ja kuninkaiden viini. Prinssi Orlofsky<\/span>\n<span class='av-rotator-text-single av-qvzwpk-09ed23dffd1cdc130e9cc284c83e2007 av-rotator-text-single-21' >Samppanjan pit\u00e4isi olla kylm\u00e4\u00e4, kuivaa ja toivottavasti vapaata. Christian Pol Roger<\/span>\n<span class='av-rotator-text-single av-q0i2t4-c8e67e3853a9be89667a69aa68f47393 av-rotator-text-single-22' >Nautinto ilman samppanjaa on puhtaasti keinotekoista. Oscar Wilde<\/span>\n<span class='av-rotator-text-single av-njnrx4-10409d339f97e46ba9f1f1320490ca51 av-rotator-text-single-23' >Kun el\u00e4m\u00e4 tuo sinulle ongelmia, juo samppanjaa, niin ongelmasi muuttuvat saippuakupliksi. Tuntematon<\/span>\n<span class='av-rotator-text-single av-mlos54-85dd5d8322c90e12d5e18b891a316a5e av-rotator-text-single-24' >Jos et ota riskej\u00e4, sinun ei pit\u00e4isi koskaan juoda samppanjaa. Vanha ven\u00e4l\u00e4inen sananlasku.<\/span>\n<span class='av-rotator-text-single av-kl2brs-ed042841fe26491aabf86f5d78c81b32 av-rotator-text-single-25' >Juon samppanjaa vain kahteen otteeseen: Kun olen rakastunut ja kun en ole. Coco Chanel<\/span>\n<span class='av-rotator-text-single av-ik0fug-542b30508ccd098729d34505a16dc2fc av-rotator-text-single-26' >Voiton j\u00e4lkeen ansaitset samppanjaa, tappion j\u00e4lkeen tarvitset sit\u00e4! Napoleon Bonaparte<\/span>\n<span class='av-rotator-text-single av-h8r1ug-5d93b612df221fc602dad96b90dbe779 av-rotator-text-single-27' >Aloita p\u00e4iv\u00e4 hymyillen ja p\u00e4\u00e4t\u00e4 se samppanjaan. tuntematon.<\/span>\n<span class='av-rotator-text-single av-fojy20-eb8e278e4f214034df4553dd1462ffae av-rotator-text-single-28' >Samppanja antaa tunteen, ett\u00e4 jokainen p\u00e4iv\u00e4 on sunnuntai! Marlene Dietrich<\/span>\n<span class='av-rotator-text-single av-e9m3jc-e5a444b202324c0b20b5b05c9393b47e av-rotator-text-single-29' >Naisen el\u00e4m\u00e4ss\u00e4 on aikoja, jolloin ainoa asia, joka auttaa, on samppanja! Betty Davis<\/span>\n<span class='av-rotator-text-single av-cyjcqg-80bea1de76fe7db827c075f11ea568d3 av-rotator-text-single-30' >Voi Herra, anna heid\u00e4n hyv\u00e4ksy\u00e4 asiat, joita he eiv\u00e4t voi muuttaa. Ja rukoile, ett\u00e4 heid\u00e4n ainoa tuskansa on samppanjaa. Kanye West<\/span>\n<span class='av-rotator-text-single av-b81hd4-3e228c7996a9f467e60775e1c3184a68 av-rotator-text-single-31' >Suuret rakkaussuhteet alkavat samppanjalla ja p\u00e4\u00e4ttyv\u00e4t yrttiteehen. Honore de Balzac<\/span>\n<span class='av-rotator-text-single av-8wm82w-9575a58028db63ca20b249b64d989735 av-rotator-text-single-32' >Juon samppanjaa vain onnellisena ja surullisena! Lily Bollinger<\/span>\n<span class='av-rotator-text-single av-ogcx4-3c75a845fba25edbc4a770f92b2b3448 av-rotator-text-single-33' >El\u00e4m\u00e4ss\u00e4 on kolme asiaa, jotka ovat siet\u00e4m\u00e4tt\u00f6mi\u00e4: kylm\u00e4 kahvi, haalea samppanja ja yli-innokas vaimo. Orson Welles<\/span>\n<span class='av-rotator-text-single av-o1r4zs-e6e1f1e2e5f234fe14394f6a5846538b av-rotator-text-single-34' >Pappi on juuri kastanut sinut kristityksi. Min\u00e4 kastan sinut nyt Ranskan kansalaiseksi, rakas lapsi, ja huulillesi tulee tilkka samppanjaa. Paul Claudel (1868-1955)<\/span>\n<span class='av-rotator-text-single av-muuuuw-f59d73c916e4b92ee343dc7987344658 av-rotator-text-single-35' >T\u00e4m\u00e4n ranskalaisen viinin kuohuva luonne paljastaa ranskalaisten todellisen nerokkuuden. Voltaire (1694-1778)<\/span>\n<span class='av-rotator-text-single av-7m07s-431cd07390a83fff354b2f636d7ecb81 av-rotator-text-single-36' >Safariel\u00e4m\u00e4ss\u00e4 on jotakin sellaista, joka saa sinut unohtamaan kaikki huolet ja tuntemaan olosi kuin olisit juonut puoli pulloa samppanjaa - siin\u00e4 on jotakin sellaista, joka saa sinut pursuamaan syd\u00e4mellist\u00e4 kiitollisuutta el\u00e4m\u00e4\u00e4 kohtaan. Lainaus Karen Blixenilt\u00e4<\/span>\n<span class='av-rotator-text-single av-j7ya2w-46b49aa9b860f59f22cd0e3ac3a54b59 av-rotator-text-single-37' >Ole huumorintajuinen, nuku v\u00e4h\u00e4n, ota tavoite ja \u00e4l\u00e4 liian v\u00e4h\u00e4n samppanjaa! Prof. August Everding<\/span>\n<span class='av-rotator-text-single av-1r1gmw-233136e97239dfe205325edda81ed6e2 av-rotator-text-single-38' >Jos voit valita osterien ja samppanjan v\u00e4lill\u00e4, valitset yleens\u00e4 molemmat. Theodor Fontane<\/span>\n<span class='av-rotator-text-single av-gb3f0o-6313c83bec8e8de6f3330121ca180af5 av-rotator-text-single-39' >Teen viini\u00e4 itselleni. Sen, mit\u00e4 en voi juoda itse, myyn! Victor Lanson<\/span>\n<span class='av-rotator-text-single av-djet7c-b5fb3c0534c84c9f4794d13f1a937f81 av-rotator-text-single-40' >Minulle olet makeampi kuin suklaa, kuumempi kuin aavikkotuuli, kuohuvampi kuin samppanja, merkityksellisempi kuin suudelma, mutta aivan tavoittamattomissa kuin t\u00e4hdet!<\/span>\n<span class='av-rotator-text-single av-cgus2g-b1137a66dec4995e96522e8852934901 av-rotator-text-single-41' >Haluan samppanjaviini\u00e4, ja haluan sen olevan todella kuohuvaa! Johann Wolfgang von Goethe<\/span>\n<span class='av-rotator-text-single av-aunfyw-f238f17b915885c5515733e5a49c042a av-rotator-text-single-42' >Kuinka makeat ja ilmavat Klicko-lesken kuplat kimaltelevat lasissa\". Wilhelm Busch Veuve Clicquot'sta.<\/span>\n<span class='av-rotator-text-single av-91l6zc-85c90eb6e9f66ab2094e08cbc0584cc8 av-rotator-text-single-43' >Ylistys on kuin samppanjaa. Molemmat on tarjoiltava, kun ne viel\u00e4 kuohuvat.<\/span>\n<span class='av-rotator-text-single av-7ovajs-c70a20b9333ba9d35f7b408d5f608925 av-rotator-text-single-44' >Bordeaux'n kanssa pohdit, Burgundin kanssa keskustelet, samppanjan kanssa teet hulluuden! Anth\u00e8lme Brillat-Savarin...<\/span>\n<span class='av-rotator-text-single av-65bjt4-c915b1b4d01bd8e9017d245fbb31cfa7 av-rotator-text-single-45' >Kun samppanja on kerran suihkittu, sit\u00e4 ei saa en\u00e4\u00e4 takaisin pulloon! FIA:n puheenjohtaja Max Mosley<\/span>\n<span class='av-rotator-text-single av-evx88-c49ac3d3c5fecfea35e6720b3b1216b6 av-rotator-text-single-46' >Samppanja on luultavasti onnellisin inspiraation l\u00e4hde. Mark Twain<\/span>\n<span class='av-rotator-text-single av-2kuf6g-f2d8b366ef9259a78bf46c894f2794a0 av-rotator-text-single-47' >En juo alkoholia kuin olutta, en samppanjaa. George Bernard Shaw<\/span>\n<\/span><\/h3><\/div><\/div>\n<style type=\"text\/css\" data-created_by=\"avia_inline_auto\" id=\"style-css-av-5y0znc-ecf90eeb43b293101c735ef6745c0649\">\n.flex_column.av-5y0znc-ecf90eeb43b293101c735ef6745c0649{\nborder-radius:0px 0px 0px 0px;\npadding:0px 0px 0px 0px;\n}\n<\/style>\n<div  class='flex_column av-5y0znc-ecf90eeb43b293101c735ef6745c0649 av_one_fifth  avia-builder-el-6  el_after_av_three_fifth  el_before_av_hr  flex_column_div av-zero-column-padding'     ><\/div>\n<style type=\"text\/css\" data-created_by=\"avia_inline_auto\" id=\"style-css-av-av_hr-740b43d1b484958137b1a60202c344d8\">\n#top .hr.av-av_hr-740b43d1b484958137b1a60202c344d8{\nmargin-top:30px;\nmargin-bottom:30px;\n}\n.hr.av-av_hr-740b43d1b484958137b1a60202c344d8 .hr-inner{\nwidth:100%;\nborder-color:#d2ae6f;\n}\n<\/style>\n<div  class='hr av-av_hr-740b43d1b484958137b1a60202c344d8 hr-custom  avia-builder-el-7  el_after_av_one_fifth  el_before_av_one_fifth  hr-center hr-icon-no'><span class='hr-inner inner-border-av-border-thin'><span class=\"hr-inner-style\"><\/span><\/span><\/div>\n<div class='flex_column_table av-lyy2v1xe-c004cec9e9db6aed44d5ea75cc2675b7 sc-av_one_fifth av-equal-height-column-flextable'>\n<style type=\"text\/css\" data-created_by=\"avia_inline_auto\" id=\"style-css-av-lyy2v1xe-c004cec9e9db6aed44d5ea75cc2675b7\">\n.flex_column.av-lyy2v1xe-c004cec9e9db6aed44d5ea75cc2675b7{\nborder-radius:0px 0px 0px 0px;\npadding:0px 0px 0px 0px;\n}\n<\/style>\n<div  class='flex_column av-lyy2v1xe-c004cec9e9db6aed44d5ea75cc2675b7 av_one_fifth  avia-builder-el-8  el_after_av_hr  el_before_av_three_fifth  first flex_column_table_cell av-equal-height-column av-align-top av-zero-column-padding'     ><\/div><div class='av-flex-placeholder'><\/div>\n<style type=\"text\/css\" data-created_by=\"avia_inline_auto\" id=\"style-css-av-av_three_fifth-96471c6a872bb75c0ce03c20d00030c6\">\n.flex_column.av-av_three_fifth-96471c6a872bb75c0ce03c20d00030c6{\nborder-radius:0px 0px 0px 0px;\npadding:0px 0px 0px 0px;\n}\n<\/style>\n<div  class='flex_column av-av_three_fifth-96471c6a872bb75c0ce03c20d00030c6 av_three_fifth  avia-builder-el-9  el_after_av_one_fifth  el_before_av_one_fifth  flex_column_table_cell av-equal-height-column av-align-top av-zero-column-padding'     ><p>\n<style type=\"text\/css\" data-created_by=\"avia_inline_auto\" id=\"style-css-av-lyy2hryi-7159e62e98d5b9d8a69d23d2b88b4979\">\n#top .av-special-heading.av-lyy2hryi-7159e62e98d5b9d8a69d23d2b88b4979{\npadding-bottom:10px;\n}\nbody .av-special-heading.av-lyy2hryi-7159e62e98d5b9d8a69d23d2b88b4979 .av-special-heading-tag .heading-char{\nfont-size:25px;\n}\n.av-special-heading.av-lyy2hryi-7159e62e98d5b9d8a69d23d2b88b4979 .av-subheading{\nfont-size:15px;\n}\n<\/style>\n<div  class='av-special-heading av-lyy2hryi-7159e62e98d5b9d8a69d23d2b88b4979 av-special-heading-h3 blockquote modern-quote modern-centered  avia-builder-el-10  el_before_av_textblock  avia-builder-el-first'><h3 class='av-special-heading-tag'  itemprop=\"headline\"  >Noin samppanjaa lainauksia<\/h3><div class=\"special-heading-border\"><div class=\"special-heading-inner-border\"><\/div><\/div><\/div><br \/>\n<section  class='av_textblock_section av-lyy2fx2v-7d2b4321f5d3f4f33fa1e4ae85aa3322'   itemscope=\"itemscope\" itemtype=\"https:\/\/schema.org\/CreativeWork\" ><div class='avia_textblock'  itemprop=\"text\" ><p><a href=\"https:\/\/champagner.com\/fi\/\">Samppanja<\/a>Samppanja, jota usein kutsutaan \"viinien kuninkaaksi\", on vuosisatojen saatossa inspiroinut lukuisia kuuluisia sitaatteja. N\u00e4m\u00e4 samppanjasitaatit kuvastavat t\u00e4m\u00e4n jalon juoman nauttimiseen liittyv\u00e4\u00e4 eleganssia, juhlallisuutta ja iloa.<\/p>\n<p>Kuuluisa samppanjasitaatti on per\u00e4isin Coco Chanelilta, joka sanoi: \"Juon samppanjaa vain kahteen otteeseen: kun olen rakastunut ja kun en ole.\" T\u00e4m\u00e4 lausunto korostaa samppanjan yleismaailmallista vieh\u00e4tyst\u00e4 ja monipuolisuutta, sill\u00e4 sit\u00e4 voi juoda sek\u00e4 onnellisina ett\u00e4 surumielisin\u00e4 hetkin\u00e4.<\/p>\n<p>Winston Churchill oli my\u00f6s suuri samppanjan ja samppanjasitaattien yst\u00e4v\u00e4, ja h\u00e4n kommentoi usein mieltymyst\u00e4\u00e4n t\u00e4h\u00e4n jaloon pisaraan. Yksi h\u00e4nen kuuluisimmista samppanjalainauksistaan on: \"Samppanja on j\u00e4\u00e4hdytett\u00e4v\u00e4, <a href=\"https:\/\/champagner.com\/fi\/sanasto-2\/sec\/\">kuiva<\/a> ja ole vapaa.\" Churchill tunnettiin vaativasta <a href=\"https:\/\/champagner.com\/fi\/sanasto-2\/purra\/\">Maku<\/a> ja h\u00e4nen mieltymyksens\u00e4 ylellisyyteen, ja t\u00e4m\u00e4 sitaatti kuvaa h\u00e4nen asenteensa t\u00e4ydellisesti.<\/p>\n<p>Oscar Wilde, kuuluisa kirjailija ja dandy, totesi kerran samppanjasitaatilla: \"Vain hyvin triviaalit ihmiset ovat todella vakavissaan, ja vain hyvin vakavat ihmiset ovat koskaan luoneet mit\u00e4\u00e4n triviaalia.\" Vaikka t\u00e4m\u00e4 sitaatti ei olekaan suoraan suunnattu samppanjalle, Wilden monet muut el\u00e4m\u00e4\u00e4 ja taidetta koskevat kommentit heijastavat h\u00e4nen arvostustaan el\u00e4m\u00e4n hienompia asioita kohtaan, joihin samppanja varmasti kuuluu.<\/p>\n<p>Madame de Pompadour, kuningas Ludvig XV:n rakastajatar, sanoi kerran: \"Samppanja on ainoa juoma, joka tekee naisesta sit\u00e4 kauniimman, mit\u00e4 enemm\u00e4n h\u00e4n sit\u00e4 juo.\" T\u00e4m\u00e4 samppanjasitaatti korostaa samppanjan lumoavaa ja viettelev\u00e4\u00e4 puolta ja sit\u00e4, miten se voi lis\u00e4t\u00e4 kuluttajan eleganssia ja kauneutta.<\/p>\n<h4>Yhteenveto samppanjan lainauksista<\/h4>\n<p>Yhdess\u00e4 n\u00e4m\u00e4 samppanjasitaatit osoittavat, ett\u00e4 samppanjalla on jatkuva vieh\u00e4tysvoima ja erityinen asema maailman kulttuurissa ja kulttuureissa. <a href=\"https:\/\/champagner.com\/fi\/sanasto-2\/samppanjan-alkuperae\/\">Historia<\/a> ottaa. Olipa kyseess\u00e4 sitten juhlatilaisuudet, romanttiset hetket tai yksinkertaisesti kuin <a href=\"https:\/\/champagner.com\/fi\/samppanja-reseptit-ruoanlaitto\/\">Hemmottelu<\/a> jokap\u00e4iv\u00e4isess\u00e4 el\u00e4m\u00e4ss\u00e4 - samppanjalla on aina erityinen vieh\u00e4tyksens\u00e4 ja se inspiroi ihmisi\u00e4 kaikkialla maailmassa. Nauti samppanjasitaattien lukemisesta.<\/p>\n<\/div><\/section><\/p><\/div><div class='av-flex-placeholder'><\/div>\n<style type=\"text\/css\" data-created_by=\"avia_inline_auto\" id=\"style-css-av-av_one_fifth-96471c6a872bb75c0ce03c20d00030c6\">\n.flex_column.av-av_one_fifth-96471c6a872bb75c0ce03c20d00030c6{\nborder-radius:0px 0px 0px 0px;\npadding:0px 0px 0px 0px;\n}\n<\/style>\n<div  class='flex_column av-av_one_fifth-96471c6a872bb75c0ce03c20d00030c6 av_one_fifth  avia-builder-el-12  el_after_av_three_fifth  avia-builder-el-last  flex_column_table_cell av-equal-height-column av-align-top av-zero-column-padding'     ><\/div><\/div><!--close column table wrapper. Autoclose: 1 -->","protected":false},"excerpt":{"rendered":"","protected":false},"author":1,"featured_media":4618,"parent":0,"menu_order":0,"comment_status":"closed","ping_status":"closed","template":"","meta":{"footnotes":""},"class_list":["post-4024","page","type-page","status-publish","has-post-thumbnail","hentry"],"_links":{"self":[{"href":"https:\/\/champagner.com\/fi\/wp-json\/wp\/v2\/pages\/4024","targetHints":{"allow":["GET"]}}],"collection":[{"href":"https:\/\/champagner.com\/fi\/wp-json\/wp\/v2\/pages"}],"about":[{"href":"https:\/\/champagner.com\/fi\/wp-json\/wp\/v2\/types\/page"}],"author":[{"embeddable":true,"href":"https:\/\/champagner.com\/fi\/wp-json\/wp\/v2\/users\/1"}],"replies":[{"embeddable":true,"href":"https:\/\/champagner.com\/fi\/wp-json\/wp\/v2\/comments?post=4024"}],"version-history":[{"count":0,"href":"https:\/\/champagner.com\/fi\/wp-json\/wp\/v2\/pages\/4024\/revisions"}],"wp:featuredmedia":[{"embeddable":true,"href":"https:\/\/champagner.com\/fi\/wp-json\/wp\/v2\/media\/4618"}],"wp:attachment":[{"href":"https:\/\/champagner.com\/fi\/wp-json\/wp\/v2\/media?parent=4024"}],"curies":[{"name":"wp","href":"https:\/\/api.w.org\/{rel}","templated":true}]}}