{"id":6514,"date":"2022-05-05T13:28:39","date_gmt":"2022-05-05T13:28:39","guid":{"rendered":"https:\/\/champagner.com\/?page_id=6514"},"modified":"2024-11-04T12:47:51","modified_gmt":"2024-11-04T12:47:51","slug":"samppanjataide","status":"publish","type":"page","link":"https:\/\/champagner.com\/fi\/samppanjataide\/","title":{"rendered":"Samppanjan taide"},"content":{"rendered":"<div   class='avia-fullscreen-slider main_color   avia-builder-el-0  el_before_av_section  avia-builder-el-first  container_wrap fullsize'  ><div  class='avia-slideshow av-kjripr6g-74ffc6525b251b8b733cc3ef032d902d avia-slideshow-extra_large av_fullscreen avia-slide-slider av-slideshow-ui av-control-default av-slideshow-manual av-loop-once av-loop-manual-endless av-default-height-applied   avia-slideshow-1' data-slideshow-options=\"{&quot;animation&quot;:&quot;slide&quot;,&quot;autoplay&quot;:false,&quot;loop_autoplay&quot;:&quot;once&quot;,&quot;interval&quot;:5,&quot;loop_manual&quot;:&quot;manual-endless&quot;,&quot;autoplay_stopper&quot;:false,&quot;noNavigation&quot;:false,&quot;bg_slider&quot;:true,&quot;keep_padding&quot;:false,&quot;hoverpause&quot;:false,&quot;show_slide_delay&quot;:0,&quot;slide_height&quot;:&quot;100&quot;,&quot;image_attachment&quot;:&quot;&quot;}\"  itemprop=\"image\" itemscope=\"itemscope\" itemtype=\"https:\/\/schema.org\/ImageObject\" ><ul class='avia-slideshow-inner' style='padding-bottom: 53.2%;'><li style='background-position:center center;' data-img-url='https:\/\/champagner.com\/wp-content\/uploads\/2018\/05\/Champagne-Charles-de-Cazanove-1500x798.jpg' class='avia-slideshow-slide av-kjripr6g-74ffc6525b251b8b733cc3ef032d902d__0  av-single-slide slide-1 slide-odd'><div data-rel='slideshow-1' class='avia-slide-wrap'  title='Charles de Cazanove samppanja ' ><\/div><\/li><\/ul><\/div><\/div>\n<div id='av_section_1'  class='avia-section av-9qys-7fbec837cc9414b56951d589a49fa01e main_color avia-section-default avia-no-border-styling  avia-builder-el-1  el_after_av_fullscreen  avia-builder-el-last  avia-bg-style-scroll container_wrap fullsize'  ><div class='container av-section-cont-open' ><div class='template-page content  av-content-full alpha units'><div class='post-entry post-entry-type-page post-entry-6514'><div class='entry-content-wrapper clearfix'>\n\n<style type=\"text\/css\" data-created_by=\"avia_inline_auto\" id=\"style-css-av-9tz4-26c14c70028d90a54aefce07862c0d7e\">\n.flex_column.av-9tz4-26c14c70028d90a54aefce07862c0d7e{\nborder-radius:0px 0px 0px 0px;\npadding:0px 0px 0px 0px;\n}\n<\/style>\n<div  class='flex_column av-9tz4-26c14c70028d90a54aefce07862c0d7e av_one_fifth  avia-builder-el-2  el_before_av_three_fifth  avia-builder-el-first  first flex_column_div av-zero-column-padding'     ><\/div>\n<style type=\"text\/css\" data-created_by=\"avia_inline_auto\" id=\"style-css-av-5y3a-c3ba98e644c5ae5c87ca984f1618400f\">\n.flex_column.av-5y3a-c3ba98e644c5ae5c87ca984f1618400f{\nborder-radius:0px 0px 0px 0px;\npadding:0px 0px 0px 0px;\n}\n<\/style>\n<div  class='flex_column av-5y3a-c3ba98e644c5ae5c87ca984f1618400f av_three_fifth  avia-builder-el-3  el_after_av_one_fifth  el_before_av_one_fifth  flex_column_div av-zero-column-padding'     ><p>\n<style type=\"text\/css\" data-created_by=\"avia_inline_auto\" id=\"style-css-av-kjrjnv83-db0150b69486a15817a0557cc8e62443\">\n#top .av-special-heading.av-kjrjnv83-db0150b69486a15817a0557cc8e62443{\npadding-bottom:30px;\nfont-size:50px;\n}\nbody .av-special-heading.av-kjrjnv83-db0150b69486a15817a0557cc8e62443 .av-special-heading-tag .heading-char{\nfont-size:25px;\n}\n#top #wrap_all .av-special-heading.av-kjrjnv83-db0150b69486a15817a0557cc8e62443 .av-special-heading-tag{\nfont-size:50px;\n}\n.av-special-heading.av-kjrjnv83-db0150b69486a15817a0557cc8e62443 .av-subheading{\nfont-size:15px;\n}\n\n@media only screen and (min-width: 480px) and (max-width: 767px){ \n#top #wrap_all .av-special-heading.av-kjrjnv83-db0150b69486a15817a0557cc8e62443 .av-special-heading-tag{\nfont-size:0.8em;\n}\n}\n\n@media only screen and (max-width: 479px){ \n#top #wrap_all .av-special-heading.av-kjrjnv83-db0150b69486a15817a0557cc8e62443 .av-special-heading-tag{\nfont-size:0.8em;\n}\n}\n<\/style>\n<div  class='av-special-heading av-kjrjnv83-db0150b69486a15817a0557cc8e62443 av-special-heading-h1 blockquote modern-quote  avia-builder-el-4  el_before_av_textblock  avia-builder-el-first  av-inherit-size'><h1 class='av-special-heading-tag'  itemprop=\"headline\"  >Samppanjan taide<\/h1><div class=\"special-heading-border\"><div class=\"special-heading-inner-border\"><\/div><\/div><\/div><br \/>\n\n<style type=\"text\/css\" data-created_by=\"avia_inline_auto\" id=\"style-css-av-kj4bin1p-19cbf03350244018d7d4cfd1501789b0\">\n#top .av_textblock_section.av-kj4bin1p-19cbf03350244018d7d4cfd1501789b0 .avia_textblock{\nfont-size:18px;\n}\n<\/style>\n<section  class='av_textblock_section av-kj4bin1p-19cbf03350244018d7d4cfd1501789b0'   itemscope=\"itemscope\" itemtype=\"https:\/\/schema.org\/CreativeWork\" ><div class='avia_textblock'  itemprop=\"text\" ><p><strong><a href=\"https:\/\/champagner.com\/fi\/\">Samppanja<\/a><\/strong> edustaa muutakin kuin vain viinien parasta laatua. Varsinaisen nautinnon lis\u00e4ksi samppanja luo my\u00f6s voimakkaan auran, jota on vaikea pukea sanoiksi, mutta joka on l\u00e4hes aina saavutettavissa.<\/p>\n<p>N\u00e4in se sanotaan englanniksi:<\/p>\n<blockquote>\n<p><a href=\"https:\/\/champagner.com\/fi\/places-travel\/\">Samppanja<\/a> se luo tunnelmaa, antaa voimakkaan lausunnon ja l\u00e4hes ennalta arvattavasti parantaa kokemusta my\u00f6nteisesti! Tied\u00e4, ettet vain nauti parasta viini\u00e4, vaan my\u00f6s kutsut esiin suuren hengen!<\/p>\n<\/blockquote>\n<p>Jo Belle Epoque -aikakaudella er\u00e4\u00e4t valmistajat ymm\u00e4rsiv\u00e4t, ett\u00e4 t\u00e4m\u00e4 voimakas ilmi\u00f6, t\u00e4m\u00e4 henki, oli parasta vangita taiteen keinoin. Ainoastaan aikakauden parhaat taiteilijat ja graafiset suunnittelijat olivat riitt\u00e4v\u00e4n hyvi\u00e4, jotta heille voitiin uskoa t\u00e4m\u00e4n \"hengen\" ilment\u00e4minen seuraavissa tuotteissa: \"Henkisyys\". <a href=\"https:\/\/champagner.com\/fi\/samppanjan-etiketit\/\">Samppanjan etiketit<\/a>julisteet, ruokalistat ja postikortit.<\/p>\n<p>Esimerkiksi Delbeck-yhti\u00f6 tilasi menestyksekk\u00e4\u00e4sti aikakauden tunnetuilta taiteilijoilta, kuten Klimtilt\u00e4, Muchasilta, Cappiellolta, Erg\u00e9lta, Gall\u00e9lta, Andreisilta, Chatinilta, Tristan Bernardilta ja Benjamin Rabierilta.<\/p>\n<p>T\u00e4m\u00e4n aikakauden taiteellisten saavutusten menestys ja laajuus ovat vertaansa vailla. Belle Epoque -kauden samppanjajulisteet ovat edelleen eritt\u00e4in haluttuja koristejulisteina kaikkialla maailmassa.<\/p>\n<p>Luonnollinen yhteys samppanjan ja taiteen v\u00e4lill\u00e4 on kuitenkin katkeamaton t\u00e4h\u00e4n p\u00e4iv\u00e4\u00e4n asti.<\/p>\n<h3>Samppanjan taide<\/h3>\n<p>T\u00e4m\u00e4n p\u00e4iv\u00e4n samppanjataidetta <a href=\"https:\/\/champagner.com\/fi\/samppanjatalot\/\">Samppanjatalot<\/a> voidaan jakaa karkeasti kolmeen osa-alueeseen:<\/p>\n<ul>\n<li>Kansallinen taide eli taide, joka rajoittuu yksinomaan Ranskaan ja sen taiteilijoihin.<\/li>\n<li>Kansainv\u00e4linen taide, eli taide, joka asettaa taiteilijat ymp\u00e4ri maailmaa samppanjan valoon.<\/li>\n<li>Muotoilutaide tai uusi taide. T\u00e4m\u00e4 viittaa usein provosoivaan, joskus loukkaavaan taiteenlajiin. T\u00e4h\u00e4n samppanjataiteen lajiin kuuluu esineit\u00e4, jotka eiv\u00e4t en\u00e4\u00e4 tunnista mit\u00e4\u00e4n viittausta Belle Epoquen aikakauteen.<\/li>\n<\/ul>\n<p>Esimerkkin\u00e4 kansallisesta samppanjataiteesta ovat Bruno Pillardin pullot, joiden samppanjaetiketit ovat ranskalaisten taiteilijoiden suunnittelemia ja luomia.<\/p>\n<p>T\u00e4h\u00e4n menness\u00e4 kaksitoista pulloa on toteutettu Ranskassa asuvien ja ty\u00f6skentelevien taiteilijoiden toimesta. Erityist\u00e4 n\u00e4iss\u00e4 pulloissa on se, ett\u00e4 kukin taiteilija on kunnioittanut eri lajiketta tai eri vuotta.<\/p>\n<p>Taittinger:n niin sanotut Collections-pullot ovat malliesimerkki kansainv\u00e4lisest\u00e4 taiteesta samppanjaan liittyen.<br \/>\nTaittinger-kokoelmapullot ovat samppanjapulloja, joita on valmistettu vuodesta 1978 l\u00e4htien hyv\u00e4n\u00e4 samppanjavuotena.<br \/>\nErityist\u00e4 on, ett\u00e4 jokaisen pullon on suunnitellut eri taiteilija. Vuodesta 1983 l\u00e4htien yhdeks\u00e4n kansainv\u00e4lisesti tunnettua taiteilijaa on suunnitellut kukin pullon Claude Taittinger:n puolesta.<\/p>\n<p>Ensimm\u00e4iset kuusi pulloa suunnittelivat VASARELY (Mills\u00e9sime 1978), ARMAN (Mills\u00e9sime 1981), MASSON (Mills\u00e9sime 1982), VIEIRA DA SILVA (Mills\u00e9sime 1983), LICHTENSTEIN (Mills\u00e9sime 1985) ja HARTUNG (Mills\u00e9sime 1986). Niit\u00e4 voi l\u00f6yt\u00e4\u00e4 huutokaupasta vain suurella tuurilla.<br \/>\nOnneksi kolme viimeist\u00e4 taiteilijoiden Ima\u00cf, Corneille ja Matta pulloa on viel\u00e4 saatavilla kaupoissa.<\/p>\n<p>Hyv\u00e4 esimerkki design-samppanjataiteesta on Veuve Cliquot.<br \/>\nNiin sanotun Millinniumin, vuodenvaihteen 1999 ja <a href=\"https:\/\/champagner.com\/fi\/vuotta\/\">2000<\/a>Veuve Cliquot lanseerasi erikoisversion La Grande Dame -viinist\u00e4.<br \/>\nT\u00e4t\u00e4 varten taiteilija Elisabeth Rubin suunnitteli akryylilasista valmistetun kotelon, johon mahtuu joko 1,5 tai 3 litran pullo. Pullo oli kiinnitetty kahteen nahkahihnaan t\u00e4ss\u00e4 kotelossa.<\/p>\n<p><strong>Viimeisen\u00e4 mutta ei v\u00e4h\u00e4isimp\u00e4n\u00e4 esimerkkin\u00e4 esimerkki, joka ei sovi helposti mihink\u00e4\u00e4n n\u00e4ist\u00e4 kolmesta luokasta.<\/strong><\/p>\n<p>Piper-Heidsieck:n talosta tulee ranskalainen muotisuunnittelija Jean-Paul Gaultierin suunnittelema pullo.<br \/>\nKyseess\u00e4 oli pullollinen, joka oli pukeutunut punaiseen korsettiin. Pullo ja sit\u00e4 ymp\u00e4r\u00f6iv\u00e4t vaatteet ovat tietenkin tekij\u00e4n signeeraamia, ja pullo on kauniissa akryylilasipakkauksessa.<\/p>\n<div id=\"attachment_7576\" style=\"width: 350px\" class=\"wp-caption aligncenter\"><img loading=\"lazy\" decoding=\"async\" aria-describedby=\"caption-attachment-7576\" class=\"wp-image-7576 size-full\" title=\"Jean-Paul Gaultier &amp; Piper-Heidsieck samppanja\" src=\"https:\/\/champagner.com\/wp-content\/uploads\/2024\/07\/Jean-Paul-Gaultier-Piper-Heidsieck.webp\" alt=\"Jean-Paul Gaultier &amp; Piper-Heidsieck samppanja\" width=\"340\" height=\"270\" srcset=\"https:\/\/champagner.com\/wp-content\/uploads\/2024\/07\/Jean-Paul-Gaultier-Piper-Heidsieck.webp 340w, https:\/\/champagner.com\/wp-content\/uploads\/2024\/07\/Jean-Paul-Gaultier-Piper-Heidsieck-300x238.webp 300w, https:\/\/champagner.com\/wp-content\/uploads\/2024\/07\/Jean-Paul-Gaultier-Piper-Heidsieck-15x12.webp 15w\" sizes=\"auto, (max-width: 340px) 100vw, 340px\" \/><p id=\"caption-attachment-7576\" class=\"wp-caption-text\">Jean-Paul Gaultier &amp; Piper-Heidsieck samppanja<\/p><\/div>\n<p>Kuten huomaat, samppanjataide on hyvin monipuolinen aihe, eik\u00e4 sit\u00e4 voi luokitella mihink\u00e4\u00e4n tiettyyn laatikkoon.<\/p>\n<\/div><\/section><\/p><\/div>\n<style type=\"text\/css\" data-created_by=\"avia_inline_auto\" id=\"style-css-av-7vz4-e2ecb25e9168201a3fd1fa7a9982a872\">\n.flex_column.av-7vz4-e2ecb25e9168201a3fd1fa7a9982a872{\nborder-radius:0px 0px 0px 0px;\npadding:0px 0px 0px 0px;\n}\n<\/style>\n<div  class='flex_column av-7vz4-e2ecb25e9168201a3fd1fa7a9982a872 av_one_fifth  avia-builder-el-6  el_after_av_three_fifth  avia-builder-el-last  flex_column_div av-zero-column-padding'     ><\/div>","protected":false},"excerpt":{"rendered":"","protected":false},"author":1,"featured_media":4712,"parent":0,"menu_order":0,"comment_status":"closed","ping_status":"closed","template":"","meta":{"footnotes":""},"class_list":["post-6514","page","type-page","status-publish","has-post-thumbnail","hentry"],"_links":{"self":[{"href":"https:\/\/champagner.com\/fi\/wp-json\/wp\/v2\/pages\/6514","targetHints":{"allow":["GET"]}}],"collection":[{"href":"https:\/\/champagner.com\/fi\/wp-json\/wp\/v2\/pages"}],"about":[{"href":"https:\/\/champagner.com\/fi\/wp-json\/wp\/v2\/types\/page"}],"author":[{"embeddable":true,"href":"https:\/\/champagner.com\/fi\/wp-json\/wp\/v2\/users\/1"}],"replies":[{"embeddable":true,"href":"https:\/\/champagner.com\/fi\/wp-json\/wp\/v2\/comments?post=6514"}],"version-history":[{"count":0,"href":"https:\/\/champagner.com\/fi\/wp-json\/wp\/v2\/pages\/6514\/revisions"}],"wp:featuredmedia":[{"embeddable":true,"href":"https:\/\/champagner.com\/fi\/wp-json\/wp\/v2\/media\/4712"}],"wp:attachment":[{"href":"https:\/\/champagner.com\/fi\/wp-json\/wp\/v2\/media?parent=6514"}],"curies":[{"name":"wp","href":"https:\/\/api.w.org\/{rel}","templated":true}]}}