{"id":6522,"date":"2022-05-05T13:43:43","date_gmt":"2022-05-05T13:43:43","guid":{"rendered":"https:\/\/champagner.com\/?page_id=6522"},"modified":"2024-07-26T02:15:15","modified_gmt":"2024-07-26T02:15:15","slug":"samppanjan-tarjoilu","status":"publish","type":"page","link":"https:\/\/champagner.com\/fi\/samppanjan-tarjoilu\/","title":{"rendered":"Samppanjan tarjoilu"},"content":{"rendered":"<div   class='avia-fullscreen-slider main_color   avia-builder-el-0  el_before_av_section  avia-builder-el-first  container_wrap fullsize'  ><div  class='avia-slideshow av-kjripr6g-74ffc6525b251b8b733cc3ef032d902d avia-slideshow-extra_large av_fullscreen avia-slide-slider av-slideshow-ui av-control-default av-slideshow-manual av-loop-once av-loop-manual-endless av-default-height-applied   avia-slideshow-1' data-slideshow-options=\"{&quot;animation&quot;:&quot;slide&quot;,&quot;autoplay&quot;:false,&quot;loop_autoplay&quot;:&quot;once&quot;,&quot;interval&quot;:5,&quot;loop_manual&quot;:&quot;manual-endless&quot;,&quot;autoplay_stopper&quot;:false,&quot;noNavigation&quot;:false,&quot;bg_slider&quot;:true,&quot;keep_padding&quot;:false,&quot;hoverpause&quot;:false,&quot;show_slide_delay&quot;:0,&quot;slide_height&quot;:&quot;100&quot;,&quot;image_attachment&quot;:&quot;&quot;}\"  itemprop=\"image\" itemscope=\"itemscope\" itemtype=\"https:\/\/schema.org\/ImageObject\" ><ul class='avia-slideshow-inner' style='padding-bottom: 90.175438596491%;'><li style='background-position:center center;' data-img-url='https:\/\/champagner.com\/wp-content\/uploads\/2018\/05\/canard-duchene-champagner-pinot-noir.jpg' class='avia-slideshow-slide av-kjripr6g-74ffc6525b251b8b733cc3ef032d902d__0  av-single-slide slide-1 slide-odd'><div data-rel='slideshow-1' class='avia-slide-wrap'  title='Canard-Duch\u00eane Samppanja Pinot noir' ><\/div><\/li><\/ul><\/div><\/div>\n<div id='av_section_1'  class='avia-section av-9qys-7fbec837cc9414b56951d589a49fa01e main_color avia-section-default avia-no-border-styling  avia-builder-el-1  el_after_av_fullscreen  avia-builder-el-last  avia-bg-style-scroll container_wrap fullsize'  ><div class='container av-section-cont-open' ><div class='template-page content  av-content-full alpha units'><div class='post-entry post-entry-type-page post-entry-6522'><div class='entry-content-wrapper clearfix'>\n\n<style type=\"text\/css\" data-created_by=\"avia_inline_auto\" id=\"style-css-av-9tz4-26c14c70028d90a54aefce07862c0d7e\">\n.flex_column.av-9tz4-26c14c70028d90a54aefce07862c0d7e{\nborder-radius:0px 0px 0px 0px;\npadding:0px 0px 0px 0px;\n}\n<\/style>\n<div  class='flex_column av-9tz4-26c14c70028d90a54aefce07862c0d7e av_one_fifth  avia-builder-el-2  el_before_av_three_fifth  avia-builder-el-first  first flex_column_div av-zero-column-padding'     ><\/div>\n<style type=\"text\/css\" data-created_by=\"avia_inline_auto\" id=\"style-css-av-5y3a-c3ba98e644c5ae5c87ca984f1618400f\">\n.flex_column.av-5y3a-c3ba98e644c5ae5c87ca984f1618400f{\nborder-radius:0px 0px 0px 0px;\npadding:0px 0px 0px 0px;\n}\n<\/style>\n<div  class='flex_column av-5y3a-c3ba98e644c5ae5c87ca984f1618400f av_three_fifth  avia-builder-el-3  el_after_av_one_fifth  el_before_av_one_fifth  flex_column_div av-zero-column-padding'     ><p>\n<style type=\"text\/css\" data-created_by=\"avia_inline_auto\" id=\"style-css-av-kjrjnv83-2347b27839fbcc8b88e8194bf01ccca4\">\n#top .av-special-heading.av-kjrjnv83-2347b27839fbcc8b88e8194bf01ccca4{\npadding-bottom:30px;\nfont-size:50px;\n}\nbody .av-special-heading.av-kjrjnv83-2347b27839fbcc8b88e8194bf01ccca4 .av-special-heading-tag .heading-char{\nfont-size:25px;\n}\n#top #wrap_all .av-special-heading.av-kjrjnv83-2347b27839fbcc8b88e8194bf01ccca4 .av-special-heading-tag{\nfont-size:50px;\n}\n.av-special-heading.av-kjrjnv83-2347b27839fbcc8b88e8194bf01ccca4 .av-subheading{\nfont-size:15px;\n}\n\n@media only screen and (min-width: 480px) and (max-width: 767px){ \n#top #wrap_all .av-special-heading.av-kjrjnv83-2347b27839fbcc8b88e8194bf01ccca4 .av-special-heading-tag{\nfont-size:0.8em;\n}\n}\n\n@media only screen and (max-width: 479px){ \n#top #wrap_all .av-special-heading.av-kjrjnv83-2347b27839fbcc8b88e8194bf01ccca4 .av-special-heading-tag{\nfont-size:0.8em;\n}\n}\n<\/style>\n<div  class='av-special-heading av-kjrjnv83-2347b27839fbcc8b88e8194bf01ccca4 av-special-heading-h1 blockquote modern-quote  avia-builder-el-4  el_before_av_textblock  avia-builder-el-first  av-inherit-size'><h1 class='av-special-heading-tag'  itemprop=\"headline\"  >Samppanjan tarjoilu<\/h1><div class=\"special-heading-border\"><div class=\"special-heading-inner-border\"><\/div><\/div><\/div><br \/>\n\n<style type=\"text\/css\" data-created_by=\"avia_inline_auto\" id=\"style-css-av-kj4bin1p-07a9ad7eee89eb6f83c5a5be01d6504d\">\n#top .av_textblock_section.av-kj4bin1p-07a9ad7eee89eb6f83c5a5be01d6504d .avia_textblock{\nfont-size:18px;\ntext-align:left;\n}\n<\/style>\n<section  class='av_textblock_section av-kj4bin1p-07a9ad7eee89eb6f83c5a5be01d6504d'   itemscope=\"itemscope\" itemtype=\"https:\/\/schema.org\/CreativeWork\" ><div class='avia_textblock'  itemprop=\"text\" ><h2>Oikea lasi samppanjan tarjoiluun<\/h2>\n<p><strong>Coupe (Tazza)<\/strong><\/p>\n<p>Mik\u00e4\u00e4n muu lasi ei ole niin romanttinen kuin kuuluisa coupe. Vuosisatojen perinteen j\u00e4lkeen <a href=\"https:\/\/champagner.com\/fi\/\">Samppanja<\/a> ja coupe-lasit ovat k\u00e4yt\u00e4nn\u00f6ss\u00e4 erottamattomat. Legendaariseen coupe-lasiin liittyv\u00e4t ihmeelliset anekdootit eiv\u00e4t kuitenkaan peit\u00e4 sit\u00e4, ett\u00e4 se on muodoltaan ja toiminnaltaan t\u00e4ysin sopimaton samppanjalle. Pelk\u00e4st\u00e4\u00e4n leve\u00e4n lasin pit\u00e4minen k\u00e4mmenell\u00e4 l\u00e4mmitt\u00e4\u00e4 samppanjan ep\u00e4suotuisan nopeasti. Kaiken lis\u00e4ksi malja on leve\u00e4, joten arvokkaat tuoksuaineet h\u00e4vi\u00e4v\u00e4t v\u00e4ist\u00e4m\u00e4tt\u00e4 nen\u00e4\u00e4n. My\u00f6s kuplien ulkon\u00e4k\u00f6 heikkenee. Jos kuitenkin haluat luoda klassisen samppanjapyramidin, coupe-lasi on t\u00e4ydellinen samppanjan tarjoiluun.<\/p>\n<p><strong>Huilu (fl\u00fbte, shampanjaluukku)<\/strong><\/p>\n<p>Elegantille huilulle on ominaista sen korkea ja siro muoto, jonka ansiosta samppanjan v\u00e4ri, tuoksu ja kuplat p\u00e4\u00e4sev\u00e4t n\u00e4ytt\u00e4v\u00e4sti esiin.<\/p>\n<p><strong>Tulppaani<\/strong><\/p>\n<p>Tulppaanilasi tarjoaa sek\u00e4 tyylikk\u00e4\u00e4n ett\u00e4 k\u00e4yt\u00e4nn\u00f6llisen muodon, jota asiantuntijat pit\u00e4v\u00e4t huilua huomattavasti parempana:<\/p>\n<ul>\n<li>Kun tulppaanilasi ei sis\u00e4ll\u00e4 leikkauksia tai koristeita, mik\u00e4\u00e4n ei est\u00e4 helmien optimaalista katselua.<\/li>\n<li>Tulppaanin muotoilu on mittasuhteiltaan harmonisen tasapainoinen (toisin kuin samppanjalasih\u00f6yryn kartiomainen muoto).<br \/>\nLasin reunan halkaisija on suunniteltu siten, ett\u00e4 sek\u00e4 silm\u00e4 ett\u00e4 nen\u00e4 voivat nauttia siit\u00e4 toisistaan riippumatta (toisin kuin coupesta).<\/li>\n<li>Pieni kaarevuus sis\u00e4\u00e4np\u00e4in ker\u00e4\u00e4 lasin yl\u00e4reunaan nousevat, hienot tuoksuaineet.<\/li>\n<\/ul>\n<p>Kaunis esimerkki ihanteellisesta tulppaanilasista Spiegelaun Grand Palais -sarjasta (suupuhallettu).<\/p>\n<p>Optimaalinen <a href=\"https:\/\/champagner.com\/fi\/sanasto-2\/samppanjalasit\/\">Lasit samppanjaa varten<\/a> (ja muut kuohuviinit) ovat siis joko huilulaseja tai tulppaanilaseja. N\u00e4et hienon valikoiman yhteensopivia laseja ostosalueella.<\/p>\n<p><strong>Lis\u00e4\u00e4 vinkkej\u00e4<\/strong><\/p>\n<ol>\n<li>Saippuaj\u00e4\u00e4m\u00e4t lasissa rentouttavat samppanjaa ja antavat sille my\u00f6s ep\u00e4miellytt\u00e4v\u00e4n j\u00e4lkimaun. (Siksi: muista huuhdella lasit huolellisesti puhtaalla kuumalla vedell\u00e4!) My\u00f6s kuivaamiseen k\u00e4ytett\u00e4v\u00e4n liinan on oltava vapaa kaikista j\u00e4\u00e4mist\u00e4 (kuten saippuasta tai jopa rasvasta).<\/li>\n<li>\u00c4l\u00e4 koskaan k\u00e4yt\u00e4 j\u00e4\u00e4hdytettyj\u00e4 laseja tarjoillessasi samppanjaa! Kuolettava synti!<\/li>\n<li>Julmat v\u00e4lineet, kuten \"shampanjaviskit\" tai \"shampanjaviskit\", ovat t\u00e4ysin sopimattomia. N\u00e4m\u00e4 pienet vehkeet tuhoavat ep\u00e4miellytt\u00e4v\u00e4ll\u00e4, kilisev\u00e4ll\u00e4 \u00e4\u00e4nell\u00e4\u00e4n sekunneissa sen, mit\u00e4 on luotu vuosien aikana: arvokkaat helmet!<\/li>\n<li>Jos vieraan samppanjalasia on siirrett\u00e4v\u00e4, lasia ei saa ty\u00f6nt\u00e4\u00e4, vaan se on nostettava varresta ja asetettava haluttuun paikkaan. T\u00e4m\u00e4 on turvallisempaa, ja n\u00e4in v\u00e4ltyt\u00e4\u00e4n my\u00f6s sormenj\u00e4ljilt\u00e4 lasin pikarin alueella.<\/li>\n<li>Is\u00e4nn\u00e4n on oltava valmis! Lasit kaatuvat p\u00f6yd\u00e4ss\u00e4 samppanjaa tarjoiltaessa tai putoavat lattialle (\u00e4l\u00e4 koskaan yrit\u00e4 ottaa niit\u00e4 kiinni!).<br \/>\nJos t\u00e4llainen (ennakoitavissa oleva) pieni onnettomuus sattuu, tilanne on korjattava v\u00e4litt\u00f6m\u00e4sti, yst\u00e4v\u00e4llisesti ja ammattimaisesti, ja lasi on vaihdettava ja t\u00e4ytett\u00e4v\u00e4 v\u00e4litt\u00f6m\u00e4sti uudelleen. Lasinsirpaleilta suojaavat k\u00e4sineet, sieni, liina, luuta... on oltava valmiina ennen vieraiden saapumista!<\/li>\n<\/ol>\n<p>Yht\u00e4 t\u00e4rke\u00e4\u00e4 kuin lasi on l\u00e4mp\u00f6tila samppanjaa tarjoiltaessa. Ihanteellinen l\u00e4mp\u00f6tila on 8 \u00b0C, mutta vintage-samppanjaa voidaan tarjoilla jopa 11 \u00b0C:ssa. Jos <a href=\"https:\/\/champagner.com\/fi\/sanasto-2\/samppanjan-alkuperae\/\">Kuohuviini<\/a> l\u00e4mpim\u00e4mpi, kun pullo avataan, vaahto kuplii r\u00e4j\u00e4hdysm\u00e4isesti ulos ja p\u00e4\u00e4tyy vaatteisiin ja huonekaluihin eik\u00e4 laseihin. My\u00f6s korkkien popsiminen tai jopa korkkien paukuttelu pit\u00e4isi j\u00e4tt\u00e4\u00e4 yksinomaan autoilijoille ja py\u00f6r\u00e4ilij\u00f6ille; t\u00e4m\u00e4 huono tapa ei kuulu ruokasaliin tai Salon:hen.<\/p>\n<p>Samppanjaa ei my\u00f6sk\u00e4\u00e4n pit\u00e4isi \"uida\" j\u00e4\u00e4sankossa tuntikausia ennen vieraiden saapumista, sill\u00e4 se voi saada ik\u00e4v\u00e4n \"l\u00e4mp\u00f6tilasokin\". J\u00e4\u00e4kaapissa tapahtuneen esij\u00e4\u00e4hdytyksen j\u00e4lkeen noin 20-30 minuuttia samppanja\u00e4mp\u00e4rin j\u00e4\u00e4vedess\u00e4 (50\/50 sekoitus) on ihanteellinen l\u00e4mp\u00f6tila.<\/p>\n<p><strong>Coupe (Tazza)<\/strong><br \/>\nIhanteellinen joillekin samppanjajuomille, katkarapucocktaileille ja j\u00e4\u00e4tel\u00f6lle, mutta ei samppanjalle.<\/p>\n<p><strong>Huilu<\/strong><br \/>\nTyylik\u00e4s ja toimiva!<\/p>\n<p><strong>Kristalli<\/strong><br \/>\nLuonnolliset pienet ep\u00e4t\u00e4ydellisyydet (moussier-pisteet) edist\u00e4v\u00e4t usein kristallilasin helmien muodostumista. Tyylik\u00e4s ratkaisu samppanjalle (muun muassa).<\/p>\n<p><strong>Tulppaanit<\/strong><br \/>\nTulppaanilasit tarjoavat monia etuja sek\u00e4 samppanjan ett\u00e4 samppanjan yst\u00e4ville!<\/p>\n<p>Tyylik\u00e4s huilu, jossa on korkea (ja ontto) pilari. Vaikka se tekee my\u00f6s houkuttelevan helmisoiton, se on hyvin hauras ja vaikea puhdistaa!<br \/>\nTyylik\u00e4s sininen tulppaanilasi. Samppanjan v\u00e4ri ja kuplat v\u00e4henev\u00e4t visuaalisesti huomattavasti.<\/p>\n<p><strong>Koeajo tarjoiltaessa samppanjaa veden kanssa<\/strong><\/p>\n<p>Koskaan ei ole pahitteeksi tuntea hieman omia samppanjalasejaan tai tuntea kapasiteetti k\u00e4yt\u00e4nn\u00f6ss\u00e4. Massiiviset vakiosamppanjapullot h\u00e4m\u00e4\u00e4v\u00e4t aloittelijoita visuaalisesti luulemaan, ett\u00e4 niiss\u00e4 on hieman enemm\u00e4n tilavuutta, varsinkin kun ne painavat huomattavasti enemm\u00e4n kuin tavanomaiset viinipullot, ovat usein hieman korkeampia ja joskus erityisen l\u00e4pin\u00e4kym\u00e4tt\u00f6mi\u00e4. Niiss\u00e4 ei tietenk\u00e4\u00e4n ole yht\u00e4\u00e4n enemp\u00e4\u00e4 viini\u00e4 kuin esimerkiksi ohuessa 750 ml:n Bordeaux-pullossa.<\/p>\n<p>Pieni koeajo:<br \/>\nT\u00e4yt\u00e4 tyhj\u00e4 samppanjapullo (tai tarvittaessa mik\u00e4 tahansa 750 ml:n \"tavallinen pullo\") vedell\u00e4 ja kaada siihen esimerkiksi kuusi samppanjapulloa. <a href=\"https:\/\/champagner.com\/fi\/sanasto-2\/samppanjalasit\/\">Samppanjalasit<\/a> T\u00e4yt\u00e4 tasaisesti ja per\u00e4kk\u00e4in kahdessa tai kolmessa vaiheessa. Kun kokeilet sit\u00e4 ensimm\u00e4ist\u00e4 kertaa, huomaat nopeasti, ett\u00e4 se n\u00e4ytt\u00e4\u00e4 helpommalta kuin se todellisuudessa on.<\/p>\n<p>T\u00e4ll\u00e4 lasikoolla samppanjapullo on jo tyhj\u00e4. Kauniilla tulppaanilaseilla voit siis arvioida peukalon yli klo<br \/>\nTavallisesta pullosta (750 ml) saa kuusi lasillista, magnum-pullosta (1,5 litraa) 12 lasillista ja jeroboam-pullosta (3 litraa) 24 lasillista (katso my\u00f6s Pullot).<\/p>\n<p>Oikealla oleva lasi on yll\u00e4 olevasta esimerkist\u00e4. Vasemmalla on kaksi hieman pienemp\u00e4\u00e4 samppanjalasia, joissa on sama sis\u00e4lt\u00f6 kuin oikealla olevassa lasissa. Ilmeisesti vain hieman pienemm\u00e4n kokoeron ansiosta voisit nyt t\u00e4ytt\u00e4\u00e4 yhdeks\u00e4n lasia (kuuden sijasta) samalla samppanjapullolla.<\/p>\n<h2>Samppanjan tarjoilu ja avaaminen oikein<\/h2>\n<p>Samppanjan ammattimainen avaaminen on kuin seremonia. Valvontasi alla t\u00e4m\u00e4 on t\u00e4m\u00e4n jalon juoman kruunaava hetki.<\/p>\n<p>Varo! Samppanjaan kohdistuu huomattavia paineita. Lent\u00e4v\u00e4 korkki voi aiheuttaa sirpaleita tai jopa maksaa vieraalle silm\u00e4n!<\/p>\n<ol>\n<li>Ota tietenkin ensin samppanja pois \u00e4mp\u00e4rist\u00e4 ja kuivaa pullo huolellisesti lautasliinalla.<\/li>\n<li>Sitten se esitell\u00e4\u00e4n vieraalle. Varmista, ett\u00e4 lautasliina ei peit\u00e4 etiketti\u00e4.<\/li>\n<li>Pid\u00e4 sitten pulloa vasemmalla k\u00e4dell\u00e4 vinossa (noin 45 asteen kulmassa) ja avaa varovasti lankakorin silmukka oikealla k\u00e4dell\u00e4. \u00c4l\u00e4 vahingoita peltikorkkia tarpeettomasti. Varmista ehdottomasti, ett\u00e4 korkki osoittaa poisp\u00e4in omasta p\u00e4\u00e4st\u00e4si t\u00e4m\u00e4n toimenpiteen aikana.<\/li>\n<li>Laajenna varovasti lankakoria ja irrota se yhdess\u00e4 peltikelmun korkin kanssa. On mahdollista, ett\u00e4 korkki on jo kellumassa. T\u00e4ss\u00e4 tapauksessa irrota korkki varovasti ja varovasti yhdess\u00e4 lankakorin ja peltikorkin kanssa.<\/li>\n<li>Tartu vasemmalla k\u00e4dell\u00e4 tiukasti korkkiin, k\u00e4\u00e4nn\u00e4 pulloa samalla oikealla k\u00e4dell\u00e4 ja irrota korkki (peukalo korkin p\u00e4\u00e4ll\u00e4!). Samppanjasta pit\u00e4isi kuulua vain kevyt huokaus (\u00e4\u00e4nekk\u00e4\u00e4n \"poksahduksen\" sijasta).<br \/>\nMit\u00e4 korva saa, sit\u00e4 suulaki my\u00f6hemmin menett\u00e4\u00e4! Poksahdus on merkki hiljaisesta aloittelijasta, eik\u00e4 se vastaa hienon samppanjan korkeaa tasoa. Korkkipihdit ovat parhaimmillaan tarkoitettu vain harvinaisiin h\u00e4t\u00e4tilanteisiin, joissa korkki on ep\u00e4tavallisen tiukalla. Jos korkin p\u00e4\u00e4 katkeaa yll\u00e4tt\u00e4en (sekin on hyvin harvinaista), katkaise se veitsell\u00e4 pullon suulta ja ved\u00e4 loput korkista varovasti ulos kaulasta korkkiruuvilla.<\/li>\n<li>Ohita korkki huomaamattomasti ja hienovaraisesti (oman) nen\u00e4n ohi varmistaaksesi lyhyesti, ettei korkkiin liity pahanhajuista hajua. On my\u00f6s suositeltavaa vilkaista nopeasti pullon suuaukkoa, jotta n\u00e4et, onko siin\u00e4 j\u00e4\u00e4mi\u00e4 (jos on, poista ne korkin alapuolella tai lautasliinalla). Aseta korkki sitten l\u00e4helle kunniavierasta. T\u00e4m\u00e4 ele on ikivanha. Is\u00e4nt\u00e4 (tai em\u00e4nt\u00e4) yksinkertaisesti tarjoaa kunniavieraalle mahdollisuuden varmistaa, ett\u00e4 korkin merkinn\u00e4t vastaavat tarjoiltavaa viini\u00e4. T\u00e4m\u00e4 saattaa tuntua j\u00e4rjett\u00f6m\u00e4lt\u00e4, kun samppanja on juuri avattu kunniavieraan edess\u00e4, mutta se on osa prosessia, varsinkin kun esimerkiksi samppanjan korkin muoto pohjassa paljastaa, onko samppanjaa s\u00e4ilytetty pitk\u00e4\u00e4n vai onko se melko \"nuorta\" (ks. my\u00f6s korkki). Kunniavieras ei \"haistele\" korkkia. Kaadettaessa pullon kaula ei saa koskettaa lasia.<\/li>\n<li>Samppanjan tarjoilurituaali alkaa aina kunniavieraasta (jos h\u00e4n on paikalla). Kaada kunniavieraalle hieman samppanjaa maisteltavaksi (vain yhden tai enint\u00e4\u00e4n kahden kulauksen verran) ja astu taaksep\u00e4in. Kunniavieras tarkistaa lasissaan olevan viinin v\u00e4rin ja tuoksun, mink\u00e4 j\u00e4lkeen h\u00e4n tekee makutestin. Is\u00e4nt\u00e4 odottaa tarkkaavaisesti h\u00e4nen hyv\u00e4ksynt\u00e4\u00e4ns\u00e4 (ehk\u00e4 suullisesti tai ehk\u00e4 vain ny\u00f6kk\u00e4\u00e4m\u00e4ll\u00e4 huomaamattomasti).<\/li>\n<li>T\u00e4yt\u00e4 lasit sitten hitaasti vaiheittain (eli kaksi tai kolme kertaa) (Maailmassa on erilaisia tarjoiluj\u00e4rjestysj\u00e4rjestelmi\u00e4 (ks. esimerkkej\u00e4 j\u00e4ljemp\u00e4n\u00e4).<\/li>\n<li>Huoneenl\u00e4mp\u00f6tilasta riippuen samppanja vaahtoaa eri tavoin. Laseja ei kuitenkaan saa olla yli 2\/3 t\u00e4yteen. On parempi, ett\u00e4 lasissa on v\u00e4hemm\u00e4n kuin liikaa samppanjaa, jotta tuoksulle j\u00e4\u00e4 riitt\u00e4v\u00e4sti tilaa kehitty\u00e4.<\/li>\n<li>Kun olet kaatanut, aseta pullo varovasti takaisin \u00e4mp\u00e4riin.<br \/>\nKatso my\u00f6s: \u00c4l\u00e4 pelk\u00e4\u00e4 isoja pulloja!<\/li>\n<li>...ja korkki?<\/li>\n<\/ol>\n<h2>Korkki on onnenkaluna samppanjaa tarjoiltaessa<\/h2>\n<p>Voit esitell\u00e4 vieraillesi vanhan perinteen tekem\u00e4ll\u00e4 varovasti viillon korkin alapuolelle, asettamalla siihen haluamasi kolikon ja esitt\u00e4m\u00e4ll\u00e4 t\u00e4m\u00e4n yhdistelm\u00e4n jollekin. Niin kauan kuin kolikko ja korkki pysyv\u00e4t yhdess\u00e4, legendan mukaan vastaanottaja on onnekas.<\/p>\n<p>Sanotaan, ett\u00e4 kun samppanjapullon korkki esitell\u00e4\u00e4n naiselle, h\u00e4nen tarvitsee viett\u00e4\u00e4 vain kolme y\u00f6t\u00e4 korkki tyynyns\u00e4 alla, ennen kuin h\u00e4n n\u00e4kee unta miehest\u00e4, jonka kanssa h\u00e4n lopulta menee naimisiin!<\/p>\n<p>Ja<a href=\"https:\/\/champagner.com\/fi\/sanasto-2\/samppanjakapseli\/\"> Samppanjakapseli<\/a>?<\/p>\n<p>Jokaisen samppanjan korkissa on pieni metallikapseli. \u00c4l\u00e4 heit\u00e4 sit\u00e4 pois. Ennemmin tai my\u00f6hemmin tapaat samppanjan yst\u00e4v\u00e4n, joka haluaa k\u00e4ytt\u00e4\u00e4 sit\u00e4. <a href=\"https:\/\/champagner.com\/fi\/samppanjan-kansi\/\">Kapselit<\/a> ja ilahtuu varmasti n\u00e4iden kapseleiden lahjasta (katso my\u00f6s kapseli).<\/p>\n<p>J\u00e4rjestelm\u00e4t: Samppanjan tarjoiluj\u00e4rjestys<\/p>\n<p>Maailmassa on useita palvelinj\u00e4rjestelmi\u00e4, mutta niill\u00e4 kaikilla on yksi perustarkoitus: varmistaa, ett\u00e4 kaikki toimii sujuvasti ja nopeasti.<\/p>\n<p>Monet is\u00e4nn\u00e4t noudattavat tarjoilussaan yksinkertaisesti my\u00f6t\u00e4p\u00e4iv\u00e4\u00e4n kunniavieraasta alkavaa suuntaa. T\u00e4ss\u00e4 on esimerkki hyvin yksinkertaisesta j\u00e4rjestelm\u00e4st\u00e4:<br \/>\nJos vieraita on vain muutama, voidaan tarjoilla ensin naisille (tietysti kunniavieraan harjoittelun j\u00e4lkeen) my\u00f6t\u00e4p\u00e4iv\u00e4\u00e4n, sitten herrasv\u00e4elle ja lopuksi kunniavieraalle (vaikka kunniavieras olisikin nainen). On my\u00f6s vanha versio, jossa piirin vanhimmalle naiselle tarjoillaan ensin samppanjaa.<\/p>\n<p>Joskus saatat kuitenkin t\u00f6rm\u00e4t\u00e4 muihin j\u00e4rjestelmiin. On esimerkiksi olemassa my\u00f6s ikivanha j\u00e4rjestelm\u00e4, jossa naisten lasit t\u00e4ytet\u00e4\u00e4n ensin vastap\u00e4iv\u00e4\u00e4n kunniavieraasta, ja sitten (eli niin sanotusti \"paluumatkalla\") is\u00e4nt\u00e4 tarjoilee miesten lasit my\u00f6t\u00e4p\u00e4iv\u00e4\u00e4n. Lopuksi t\u00e4ytet\u00e4\u00e4n kunniavieraan lasi.<\/p>\n<p>Kun lasit t\u00e4ytet\u00e4\u00e4n uudelleen samppanjaa tarjoiltaessa, noudatetaan tavanomaista my\u00f6t\u00e4p\u00e4iv\u00e4\u00e4n suuntautuvaa j\u00e4rjestyst\u00e4 ilman erityist\u00e4 j\u00e4rjestyst\u00e4. Samppanjaa ei saa t\u00e4ytt\u00e4\u00e4 jatkuvasti, vaan vasta kun lasiin j\u00e4\u00e4 yksi tai kaksi kulausta. N\u00e4in varmistetaan, ett\u00e4 samppanjan l\u00e4mp\u00f6tila on optimaalinen ja ett\u00e4 se p\u00e4\u00e4see j\u00e4lleen avautumaan (sen sijaan, ett\u00e4 jo l\u00e4mmennyt samppanja vaikuttaisi siihen). Samppanja kaadetaan oikealta puolelta.<\/p>\n<h2>Terrakotta klassisen ammeen sijaan?<\/h2>\n<p>Voi k\u00e4yd\u00e4 niinkin, ett\u00e4 is\u00e4nt\u00e4 tarjoaa vierailleen hienointa samppanjaa tavallisessa terrakottat\u00f6lkiss\u00e4 usein tyylikk\u00e4\u00e4n \u00e4mp\u00e4rin sijasta. T\u00e4m\u00e4 ei ole miss\u00e4\u00e4n nimess\u00e4 faux pas! P\u00e4invastoin: se osoittaa, ett\u00e4 is\u00e4nt\u00e4 tunnustaa terrakotan ly\u00f6m\u00e4tt\u00f6m\u00e4t ominaisuudet, joita jo roomalaiset arvostivat.<\/p>\n<p>Jos samppanjaa j\u00e4\u00e4hdytet\u00e4\u00e4n liian nopeasti tai liikaa, se k\u00e4rsii shokista, jolla voi olla ep\u00e4miellytt\u00e4vi\u00e4 seurauksia sen makuun. T\u00e4m\u00e4 shokki voi muuten tapahtua my\u00f6s murskattua j\u00e4\u00e4t\u00e4 sis\u00e4lt\u00e4v\u00e4ss\u00e4 \u00e4mp\u00e4riss\u00e4, jos se \"kelluu\" j\u00e4\u00e4hauteessa liian kauan. Terrakotta sen sijaan j\u00e4\u00e4htyy hell\u00e4varaisesti luonnollisen haihtumisvaikutuksensa ansiosta. N\u00e4m\u00e4 astiat t\u00e4ytet\u00e4\u00e4n ensin j\u00e4\u00e4kylm\u00e4ll\u00e4 vedell\u00e4. Sitten ne j\u00e4tet\u00e4\u00e4n t\u00e4yteen noin 10 minuutiksi. T\u00e4m\u00e4 aika tarvitaan, jotta vesi ehtii imeyty\u00e4 hieman poltettuun maahan). Sen j\u00e4lkeen s\u00e4ili\u00f6 tyhjennet\u00e4\u00e4n, ja se on valmis \"syleilem\u00e4\u00e4n\" samppanjaa ja pit\u00e4m\u00e4\u00e4n sen hell\u00e4varaisesti viile\u00e4n\u00e4. Tarjoile samppanja!<\/p>\n<\/div><\/section><\/p><\/div>\n<style type=\"text\/css\" data-created_by=\"avia_inline_auto\" id=\"style-css-av-7vz4-e2ecb25e9168201a3fd1fa7a9982a872\">\n.flex_column.av-7vz4-e2ecb25e9168201a3fd1fa7a9982a872{\nborder-radius:0px 0px 0px 0px;\npadding:0px 0px 0px 0px;\n}\n<\/style>\n<div  class='flex_column av-7vz4-e2ecb25e9168201a3fd1fa7a9982a872 av_one_fifth  avia-builder-el-6  el_after_av_three_fifth  avia-builder-el-last  flex_column_div av-zero-column-padding'     ><\/div>","protected":false},"excerpt":{"rendered":"","protected":false},"author":1,"featured_media":6587,"parent":0,"menu_order":0,"comment_status":"closed","ping_status":"closed","template":"","meta":{"footnotes":""},"class_list":["post-6522","page","type-page","status-publish","has-post-thumbnail","hentry"],"_links":{"self":[{"href":"https:\/\/champagner.com\/fi\/wp-json\/wp\/v2\/pages\/6522","targetHints":{"allow":["GET"]}}],"collection":[{"href":"https:\/\/champagner.com\/fi\/wp-json\/wp\/v2\/pages"}],"about":[{"href":"https:\/\/champagner.com\/fi\/wp-json\/wp\/v2\/types\/page"}],"author":[{"embeddable":true,"href":"https:\/\/champagner.com\/fi\/wp-json\/wp\/v2\/users\/1"}],"replies":[{"embeddable":true,"href":"https:\/\/champagner.com\/fi\/wp-json\/wp\/v2\/comments?post=6522"}],"version-history":[{"count":0,"href":"https:\/\/champagner.com\/fi\/wp-json\/wp\/v2\/pages\/6522\/revisions"}],"wp:featuredmedia":[{"embeddable":true,"href":"https:\/\/champagner.com\/fi\/wp-json\/wp\/v2\/media\/6587"}],"wp:attachment":[{"href":"https:\/\/champagner.com\/fi\/wp-json\/wp\/v2\/media?parent=6522"}],"curies":[{"name":"wp","href":"https:\/\/api.w.org\/{rel}","templated":true}]}}