{"id":6528,"date":"2022-05-05T13:56:49","date_gmt":"2022-05-05T13:56:49","guid":{"rendered":"https:\/\/champagner.com\/?page_id=6528"},"modified":"2024-11-04T12:46:29","modified_gmt":"2024-11-04T12:46:29","slug":"samppanjan-etiketit","status":"publish","type":"page","link":"https:\/\/champagner.com\/fi\/samppanjan-etiketit\/","title":{"rendered":"Samppanjan etiketit"},"content":{"rendered":"<div   class='avia-fullscreen-slider main_color   avia-builder-el-0  el_before_av_section  avia-builder-el-first  container_wrap fullsize'  ><div  class='avia-slideshow av-kjripr6g-74ffc6525b251b8b733cc3ef032d902d avia-slideshow-extra_large av_fullscreen avia-slide-slider av-slideshow-ui av-control-default av-slideshow-manual av-loop-once av-loop-manual-endless av-default-height-applied   avia-slideshow-1' data-slideshow-options=\"{&quot;animation&quot;:&quot;slide&quot;,&quot;autoplay&quot;:false,&quot;loop_autoplay&quot;:&quot;once&quot;,&quot;interval&quot;:5,&quot;loop_manual&quot;:&quot;manual-endless&quot;,&quot;autoplay_stopper&quot;:false,&quot;noNavigation&quot;:false,&quot;bg_slider&quot;:true,&quot;keep_padding&quot;:false,&quot;hoverpause&quot;:false,&quot;show_slide_delay&quot;:0,&quot;slide_height&quot;:&quot;100&quot;,&quot;image_attachment&quot;:&quot;&quot;}\"  itemprop=\"image\" itemscope=\"itemscope\" itemtype=\"https:\/\/schema.org\/ImageObject\" ><ul class='avia-slideshow-inner' style='padding-bottom: 56.390977443609%;'><li style='background-position:center center;' data-img-url='https:\/\/champagner.com\/wp-content\/uploads\/2018\/05\/thienot-champagner-cuvee-alain-thienot.jpg' class='avia-slideshow-slide av-kjripr6g-74ffc6525b251b8b733cc3ef032d902d__0  av-single-slide slide-1 slide-odd'><div data-rel='slideshow-1' class='avia-slide-wrap'  title='Thi\u00e9not Samppanja Cuvee Alain Thi\u00e9not Thi\u00e9not' ><\/div><\/li><\/ul><\/div><\/div>\n<div id='av_section_1'  class='avia-section av-9qys-7fbec837cc9414b56951d589a49fa01e main_color avia-section-default avia-no-border-styling  avia-builder-el-1  el_after_av_fullscreen  avia-builder-el-last  avia-bg-style-scroll container_wrap fullsize'  ><div class='container av-section-cont-open' ><div class='template-page content  av-content-full alpha units'><div class='post-entry post-entry-type-page post-entry-6528'><div class='entry-content-wrapper clearfix'>\n\n<style type=\"text\/css\" data-created_by=\"avia_inline_auto\" id=\"style-css-av-9tz4-26c14c70028d90a54aefce07862c0d7e\">\n.flex_column.av-9tz4-26c14c70028d90a54aefce07862c0d7e{\nborder-radius:0px 0px 0px 0px;\npadding:0px 0px 0px 0px;\n}\n<\/style>\n<div  class='flex_column av-9tz4-26c14c70028d90a54aefce07862c0d7e av_one_fifth  avia-builder-el-2  el_before_av_three_fifth  avia-builder-el-first  first flex_column_div av-zero-column-padding'     ><\/div>\n<style type=\"text\/css\" data-created_by=\"avia_inline_auto\" id=\"style-css-av-5y3a-c3ba98e644c5ae5c87ca984f1618400f\">\n.flex_column.av-5y3a-c3ba98e644c5ae5c87ca984f1618400f{\nborder-radius:0px 0px 0px 0px;\npadding:0px 0px 0px 0px;\n}\n<\/style>\n<div  class='flex_column av-5y3a-c3ba98e644c5ae5c87ca984f1618400f av_three_fifth  avia-builder-el-3  el_after_av_one_fifth  el_before_av_one_fifth  flex_column_div av-zero-column-padding'     ><p>\n<style type=\"text\/css\" data-created_by=\"avia_inline_auto\" id=\"style-css-av-kjrjnv83-2a35af8d1787f56e3a1ccc09942a3cd9\">\n#top .av-special-heading.av-kjrjnv83-2a35af8d1787f56e3a1ccc09942a3cd9{\npadding-bottom:30px;\nfont-size:50px;\n}\nbody .av-special-heading.av-kjrjnv83-2a35af8d1787f56e3a1ccc09942a3cd9 .av-special-heading-tag .heading-char{\nfont-size:25px;\n}\n#top #wrap_all .av-special-heading.av-kjrjnv83-2a35af8d1787f56e3a1ccc09942a3cd9 .av-special-heading-tag{\nfont-size:50px;\n}\n.av-special-heading.av-kjrjnv83-2a35af8d1787f56e3a1ccc09942a3cd9 .av-subheading{\nfont-size:15px;\n}\n\n@media only screen and (min-width: 480px) and (max-width: 767px){ \n#top #wrap_all .av-special-heading.av-kjrjnv83-2a35af8d1787f56e3a1ccc09942a3cd9 .av-special-heading-tag{\nfont-size:0.8em;\n}\n}\n\n@media only screen and (max-width: 479px){ \n#top #wrap_all .av-special-heading.av-kjrjnv83-2a35af8d1787f56e3a1ccc09942a3cd9 .av-special-heading-tag{\nfont-size:0.8em;\n}\n}\n<\/style>\n<div  class='av-special-heading av-kjrjnv83-2a35af8d1787f56e3a1ccc09942a3cd9 av-special-heading-h1 blockquote modern-quote  avia-builder-el-4  el_before_av_textblock  avia-builder-el-first  av-inherit-size'><h1 class='av-special-heading-tag'  itemprop=\"headline\"  >Samppanjan etiketit<\/h1><div class=\"special-heading-border\"><div class=\"special-heading-inner-border\"><\/div><\/div><\/div><br \/>\n\n<style type=\"text\/css\" data-created_by=\"avia_inline_auto\" id=\"style-css-av-kj4bin1p-07a9ad7eee89eb6f83c5a5be01d6504d\">\n#top .av_textblock_section.av-kj4bin1p-07a9ad7eee89eb6f83c5a5be01d6504d .avia_textblock{\nfont-size:18px;\ntext-align:left;\n}\n<\/style>\n<section  class='av_textblock_section av-kj4bin1p-07a9ad7eee89eb6f83c5a5be01d6504d'   itemscope=\"itemscope\" itemtype=\"https:\/\/schema.org\/CreativeWork\" ><div class='avia_textblock'  itemprop=\"text\" ><h3>Champager-merkinn\u00e4t<\/h3>\n<p>Merkinn\u00e4t <a href=\"https:\/\/champagner.com\/fi\/\">Samppanja<\/a> vastaavat henkil\u00f6kortteja,<br \/>\njotka sis\u00e4lt\u00e4v\u00e4t t\u00e4rkeit\u00e4 tietoja, joita koskevat tiukat m\u00e4\u00e4r\u00e4ykset. Etiketiss\u00e4 kerrotaan esimerkiksi, mist\u00e4 samppanjatalosta samppanja on per\u00e4isin ja mink\u00e4 makuinen se on.<\/p>\n<p>Samppanjaetiketit ilmestyiv\u00e4t alkeellisessa muodossa jo 1700-luvulla. Ne olivat harvoin muuta kuin paperilappuja, joihin oli liimattu niukasti k\u00e4sin kirjoitettuja tietoja.<\/p>\n<p>Noin vuonna 1820 ilmestyiv\u00e4t todelliset \u00e9tiquettes-merkinn\u00e4t, jotka ovat nykyiset<br \/>\nmerkinn\u00e4t olivat jo samankaltaisia. Pian t\u00e4m\u00e4n j\u00e4lkeen kehittyi s\u00e4\u00e4nn\u00f6llinen kilpailu, joka heijasti talon mainetta sek\u00e4 kulttuuria ja taidetta etiketiss\u00e4.<\/p>\n<p>Vaikka samppanjamerkinn\u00f6iss\u00e4 on viel\u00e4 nyky\u00e4\u00e4nkin usein n\u00e4it\u00e4 kauniita piirteit\u00e4, ne ovat muuttuneet my\u00f6s talojen vartioiduiksi \"lipuiksi\", joita puolustetaan j\u00e4ljitelmi\u00e4 vastaan kuluttajien suojelemiseksi.<\/p>\n<h3>Tarra yksityiskohtaisesti<\/h3>\n<p>T\u00e4m\u00e4 esimerkki on etiketti kuuluisasta talosta <a href=\"https:\/\/champagner.com\/fi\/g-h-mum-champagne\/\">Sisuskalut<\/a>. T\u00e4m\u00e4 Mumm-etiketti on per\u00e4isin Amerikan markkinoilta per\u00e4isin olevasta pullosta.<\/p>\n<p>Nimitys \"Champagne\". Ilman sit\u00e4 sis\u00e4lt\u00f6 ei ole aitoa samppanjaa!<\/p>\n<p>Tuotemerkki ja\/tai yrityksen nimi mainitaan yleens\u00e4 n\u00e4kyv\u00e4ll\u00e4 paikalla. Jotkin talot puolustavat my\u00f6s tiettyj\u00e4 v\u00e4rej\u00e4. Esimerkiksi Veuve Clicquot on helposti tunnistettavissa samppanjan etikettien oranssin v\u00e4rin ansiosta.<br \/>\nT\u00e4ss\u00e4 Mumm-etiketiss\u00e4 on sek\u00e4 G. H. Mumm ett\u00e4 Cordon Rouge -merkki kuuluisassa vinossa punaisessa nauhassa. T\u00e4m\u00e4 n\u00e4kyv\u00e4 punainen nauha otettiin ensimm\u00e4isen kerran k\u00e4ytt\u00f6\u00f6n vuonna 1876 tyylikk\u00e4in\u00e4 silkkisilmukoina pullojen ymp\u00e4rill\u00e4. Vuonna 1883 etiketit merkittiin silmukoiden sijasta punaisella nauhalla. Punainen nauha oli symbolisesti per\u00e4isin ranskalaisesta L\u00e9gion d'honneurista (kunniakirjasta).<\/p>\n<ul>\n<li>Kaupunki ja alkuper\u00e4maa Ranska<\/li>\n<li>Alkoholipitoisuus (10,5% ja 13% v\u00e4lill\u00e4).<\/li>\n<li>Pullon tilavuus<\/li>\n<\/ul>\n<p>Vastaava amerikkalainen nestem\u00e4\u00e4r\u00e4 (US 1pint, 10 nesteunssia) on lueteltu t\u00e4ss\u00e4. Muunnettuna t\u00e4m\u00e4 pullo oli siis suunnilleen tyypillinen eurooppalainen standardipullo.<\/p>\n<p>CIVC-valvontanumero on pakollinen tieto, joka alkaa kahdella kirjaimella ja jota seuraa moninumeroinen numero. Kirjaimet ovat lyhenteit\u00e4 ja tarkoittavat<\/p>\n<p>**N.M.<br \/>\n(n\u00e9gociant-manipulant)<br \/>\nValmistanut samppanjatalo.<\/p>\n<p>** M.A.<br \/>\n(merkin haltija)<br \/>\nToissijainen tuotemerkki. T\u00e4m\u00e4 samppanja oli<br \/>\nsamppanjatalosta erityispullotuksena tai<br \/>\nprivate label -pullotuksesta esimerkiksi<br \/>\ntoimitetaan ravintolaan tai lentoyhti\u00f6lle.<\/p>\n<p>** R.M.<br \/>\n(r\u00e9coltant-manipulant)<br \/>\nValmistanut samppanjan viinintekij\u00e4 omasta<br \/>\nViinik\u00f6ynn\u00f6kset.<\/p>\n<p>** R.C.<br \/>\n(r\u00e9coltant-coop\u00e9rateur)<br \/>\nValmistanut samppanjan viinintekij\u00e4 omasta<br \/>\nviinik\u00f6ynn\u00f6kset ja viininviljelij\u00f6iden osuuskunnan varastot.<\/p>\n<p>** C.M.<br \/>\n(coop\u00e9rative de manipulation)<br \/>\nViininviljelij\u00f6iden osuuskunta oli vastuussa<br \/>\nvastaa pullotuksesta.<\/p>\n<p>My\u00f6s makujen merkitseminen on eritt\u00e4in t\u00e4rke\u00e4\u00e4:<br \/>\nExtra Brut, Brut, Extra Dry, Sec, Demi-Sec.<br \/>\n(katso Annostus)<\/p>\n<p>Samppanjapullon kaulan etiketti (tai olkap\u00e4\u00e4n etiketti) tunnetaan nimell\u00e4 cravat tai collerette. Joskus siin\u00e4 on talon nimi, vaakuna tai logo, samppanjan vuosikerta, talon perustamisvuosi tai ehk\u00e4 jopa maininta tietyn kuningashuoneen virallisesta toimittajasta. Jotkin talot luopuvat my\u00f6s kaulaetiketist\u00e4.<\/p>\n<p>Samppanjan etiketeiss\u00e4 on usein my\u00f6s lis\u00e4tietoja.<\/p>\n<h3>Mill\u00e9sime Champagne etiketit<\/h3>\n<p>Vain yhden vuoden ryp\u00e4leist\u00e4 valmistettuja samppanjoja kutsutaan nimell\u00e4 champpanja. <a href=\"https:\/\/champagner.com\/fi\/places-travel\/\">Samppanja<\/a> mill\u00e9sime.<br \/>\nvuosikerta, kuten <a href=\"https:\/\/champagner.com\/fi\/vuotta\/\">1990<\/a> on yleens\u00e4 merkitty n\u00e4kyv\u00e4sti Jacquessonin samppanjan etikettiin. Vuosikerta on merkitty my\u00f6s korkkiin (ks. my\u00f6s korkki).<\/p>\n<p>** Blanc de Blancs<br \/>\nChardonnay-ryp\u00e4leist\u00e4 saatuun 100%:hen.<br \/>\n(Katso my\u00f6s Blanc de Blancs).<\/p>\n<p>** Blanc de Noirs<br \/>\n100%:hen, joka on valmistettu Pinot Noir- ja\/tai Pinot Meunier -ryp\u00e4leist\u00e4.<br \/>\n(Katso my\u00f6s Blanc de Noirs).<\/p>\n<p>** Viittaus Cru<br \/>\nGrand Cru- tai Premier Cru -viineill\u00e4 tarkoitetaan kaikkein arvostetuimpia viinej\u00e4.<br \/>\nChampagnen alueen kohteet. Alueella on 17 Grand Crus -luokkaa (esim. Ambonnay, Avize, A\u00ff, Bouzy, Cramant, Le Mesnil-sur-Oger, Tours-sur-Marne) ja 41 Premier Crus -luokkaa (esim. Chouilly, <a href=\"https:\/\/champagner.com\/fi\/sanasto-2\/hautvillers\/\">Hautvillers<\/a>Mareuil-sur-A\u00ff; katso my\u00f6s Cru).<\/p>\n<h4>Taiteelliset samppanjaetiketit<\/h4>\n<p>Talo Perrier-Jou\u00ebt k\u00e4ytt\u00e4\u00e4 harmonisesti muotoiltua, l\u00e4pin\u00e4kyv\u00e4\u00e4 etiketti\u00e4 yhdess\u00e4 pullon kuuluisien kehyskukkien (Fleur de Champagne) kanssa.<\/p>\n<p>Ajoittain jotkut samppanjatalot muistavat historiallisia tapahtumia hyvin kauniissa etiketeiss\u00e4. T\u00e4m\u00e4 esimerkki on tunnetun samppanjatalon Lecerc Briantin etiketti.<\/p>\n<p>T\u00e4ss\u00e4 esimerkiss\u00e4 kuuluisa samppanjatalo Deutz kunnioittaa legendaarista Orient Expressi\u00e4 upealla etiketill\u00e4. Ei ihme, ett\u00e4 etikettiker\u00e4ilij\u00f6it\u00e4 on niin paljon.<\/p>\n<p>My\u00f6s Bruno Paillard:n taiteelliset samppanjaetiketit ovat el\u00e4mys.<\/p>\n<\/div><\/section><\/p><\/div>\n<style type=\"text\/css\" data-created_by=\"avia_inline_auto\" id=\"style-css-av-7vz4-e2ecb25e9168201a3fd1fa7a9982a872\">\n.flex_column.av-7vz4-e2ecb25e9168201a3fd1fa7a9982a872{\nborder-radius:0px 0px 0px 0px;\npadding:0px 0px 0px 0px;\n}\n<\/style>\n<div  class='flex_column av-7vz4-e2ecb25e9168201a3fd1fa7a9982a872 av_one_fifth  avia-builder-el-6  el_after_av_three_fifth  avia-builder-el-last  flex_column_div av-zero-column-padding'     ><\/div>","protected":false},"excerpt":{"rendered":"","protected":false},"author":1,"featured_media":4333,"parent":0,"menu_order":0,"comment_status":"closed","ping_status":"closed","template":"","meta":{"footnotes":""},"class_list":["post-6528","page","type-page","status-publish","has-post-thumbnail","hentry"],"_links":{"self":[{"href":"https:\/\/champagner.com\/fi\/wp-json\/wp\/v2\/pages\/6528","targetHints":{"allow":["GET"]}}],"collection":[{"href":"https:\/\/champagner.com\/fi\/wp-json\/wp\/v2\/pages"}],"about":[{"href":"https:\/\/champagner.com\/fi\/wp-json\/wp\/v2\/types\/page"}],"author":[{"embeddable":true,"href":"https:\/\/champagner.com\/fi\/wp-json\/wp\/v2\/users\/1"}],"replies":[{"embeddable":true,"href":"https:\/\/champagner.com\/fi\/wp-json\/wp\/v2\/comments?post=6528"}],"version-history":[{"count":0,"href":"https:\/\/champagner.com\/fi\/wp-json\/wp\/v2\/pages\/6528\/revisions"}],"wp:featuredmedia":[{"embeddable":true,"href":"https:\/\/champagner.com\/fi\/wp-json\/wp\/v2\/media\/4333"}],"wp:attachment":[{"href":"https:\/\/champagner.com\/fi\/wp-json\/wp\/v2\/media?parent=6528"}],"curies":[{"name":"wp","href":"https:\/\/api.w.org\/{rel}","templated":true}]}}