{"id":6531,"date":"2022-05-05T14:08:45","date_gmt":"2022-05-05T14:08:45","guid":{"rendered":"https:\/\/champagner.com\/?page_id=6531"},"modified":"2024-07-26T02:47:20","modified_gmt":"2024-07-26T02:47:20","slug":"samppanjan-saeilytys","status":"publish","type":"page","link":"https:\/\/champagner.com\/fi\/samppanjan-saeilytys\/","title":{"rendered":"Samppanjan s\u00e4ilytys"},"content":{"rendered":"<div   class='avia-fullscreen-slider main_color   avia-builder-el-0  el_before_av_section  avia-builder-el-first  container_wrap fullsize'  ><div  class='avia-slideshow av-kjripr6g-74ffc6525b251b8b733cc3ef032d902d avia-slideshow-extra_large av_fullscreen avia-slide-slider av-slideshow-ui av-control-default av-slideshow-manual av-loop-once av-loop-manual-endless av-default-height-applied   avia-slideshow-1' data-slideshow-options=\"{&quot;animation&quot;:&quot;slide&quot;,&quot;autoplay&quot;:false,&quot;loop_autoplay&quot;:&quot;once&quot;,&quot;interval&quot;:5,&quot;loop_manual&quot;:&quot;manual-endless&quot;,&quot;autoplay_stopper&quot;:false,&quot;noNavigation&quot;:false,&quot;bg_slider&quot;:true,&quot;keep_padding&quot;:false,&quot;hoverpause&quot;:false,&quot;show_slide_delay&quot;:0,&quot;slide_height&quot;:&quot;100&quot;,&quot;image_attachment&quot;:&quot;&quot;}\"  itemprop=\"image\" itemscope=\"itemscope\" itemtype=\"https:\/\/schema.org\/ImageObject\" ><ul class='avia-slideshow-inner' style='padding-bottom: 50%;'><li style='background-position:center center;' data-img-url='https:\/\/champagner.com\/wp-content\/uploads\/2018\/05\/charles-heidsieck-champagner-lagerung.jpg' class='avia-slideshow-slide av-kjripr6g-74ffc6525b251b8b733cc3ef032d902d__0  av-single-slide slide-1 slide-odd'><div data-rel='slideshow-1' class='avia-slide-wrap'  title='Charles Heidsieck Samppanjan varastointi' ><\/div><\/li><\/ul><\/div><\/div>\n<div id='av_section_1'  class='avia-section av-9qys-7fbec837cc9414b56951d589a49fa01e main_color avia-section-default avia-no-border-styling  avia-builder-el-1  el_after_av_fullscreen  avia-builder-el-last  avia-bg-style-scroll container_wrap fullsize'  ><div class='container av-section-cont-open' ><div class='template-page content  av-content-full alpha units'><div class='post-entry post-entry-type-page post-entry-6531'><div class='entry-content-wrapper clearfix'>\n\n<style type=\"text\/css\" data-created_by=\"avia_inline_auto\" id=\"style-css-av-9tz4-26c14c70028d90a54aefce07862c0d7e\">\n.flex_column.av-9tz4-26c14c70028d90a54aefce07862c0d7e{\nborder-radius:0px 0px 0px 0px;\npadding:0px 0px 0px 0px;\n}\n<\/style>\n<div  class='flex_column av-9tz4-26c14c70028d90a54aefce07862c0d7e av_one_fifth  avia-builder-el-2  el_before_av_three_fifth  avia-builder-el-first  first flex_column_div av-zero-column-padding'     ><\/div>\n<style type=\"text\/css\" data-created_by=\"avia_inline_auto\" id=\"style-css-av-5y3a-c3ba98e644c5ae5c87ca984f1618400f\">\n.flex_column.av-5y3a-c3ba98e644c5ae5c87ca984f1618400f{\nborder-radius:0px 0px 0px 0px;\npadding:0px 0px 0px 0px;\n}\n<\/style>\n<div  class='flex_column av-5y3a-c3ba98e644c5ae5c87ca984f1618400f av_three_fifth  avia-builder-el-3  el_after_av_one_fifth  el_before_av_one_fifth  flex_column_div av-zero-column-padding'     ><p>\n<style type=\"text\/css\" data-created_by=\"avia_inline_auto\" id=\"style-css-av-kjrjnv83-058860c1bf94d3597534b0c9e9493aab\">\n#top .av-special-heading.av-kjrjnv83-058860c1bf94d3597534b0c9e9493aab{\npadding-bottom:30px;\nfont-size:50px;\n}\nbody .av-special-heading.av-kjrjnv83-058860c1bf94d3597534b0c9e9493aab .av-special-heading-tag .heading-char{\nfont-size:25px;\n}\n#top #wrap_all .av-special-heading.av-kjrjnv83-058860c1bf94d3597534b0c9e9493aab .av-special-heading-tag{\nfont-size:50px;\n}\n.av-special-heading.av-kjrjnv83-058860c1bf94d3597534b0c9e9493aab .av-subheading{\nfont-size:15px;\n}\n\n@media only screen and (min-width: 480px) and (max-width: 767px){ \n#top #wrap_all .av-special-heading.av-kjrjnv83-058860c1bf94d3597534b0c9e9493aab .av-special-heading-tag{\nfont-size:0.8em;\n}\n}\n\n@media only screen and (max-width: 479px){ \n#top #wrap_all .av-special-heading.av-kjrjnv83-058860c1bf94d3597534b0c9e9493aab .av-special-heading-tag{\nfont-size:0.8em;\n}\n}\n<\/style>\n<div  class='av-special-heading av-kjrjnv83-058860c1bf94d3597534b0c9e9493aab av-special-heading-h1 blockquote modern-quote  avia-builder-el-4  el_before_av_textblock  avia-builder-el-first  av-inherit-size'><h1 class='av-special-heading-tag'  itemprop=\"headline\"  >Samppanjan s\u00e4ilytys<\/h1><div class=\"special-heading-border\"><div class=\"special-heading-inner-border\"><\/div><\/div><\/div><br \/>\n\n<style type=\"text\/css\" data-created_by=\"avia_inline_auto\" id=\"style-css-av-kj4bin1p-07a9ad7eee89eb6f83c5a5be01d6504d\">\n#top .av_textblock_section.av-kj4bin1p-07a9ad7eee89eb6f83c5a5be01d6504d .avia_textblock{\nfont-size:18px;\ntext-align:left;\n}\n<\/style>\n<section  class='av_textblock_section av-kj4bin1p-07a9ad7eee89eb6f83c5a5be01d6504d'   itemscope=\"itemscope\" itemtype=\"https:\/\/schema.org\/CreativeWork\" ><div class='avia_textblock'  itemprop=\"text\" ><h1>Samppanjan varastointi: kattava opas<\/h1>\n<p><a href=\"https:\/\/champagner.com\/fi\/\">Samppanja<\/a> ei ole vain juoma, vaan juhlan ja ylellisyyden symboli. Jotta samppanjan ainutlaatuiset aromit ja hieno perlage s\u00e4ilyisiv\u00e4t, sen oikea s\u00e4ilytys on ratkaisevan t\u00e4rke\u00e4\u00e4. T\u00e4ss\u00e4 oppaassa k\u00e4sittelemme parhaita tapoja s\u00e4ilytt\u00e4\u00e4 samppanjaa, jotta voit aina nauttia parhaasta laadusta.<\/p>\n<h2>Johdatus samppanjan s\u00e4ilytykseen<\/h2>\n<p>Champagne, Champagnen alueelta Ranskasta per\u00e4isin oleva kuohujuoma, on tunnettu monimutkaisuudestaan ja hienostuneisuudestaan. Olipa kyseess\u00e4 sitten erityistilaisuudet tai osa kokoelmaa, samppanjan s\u00e4ilytys on ratkaiseva tekij\u00e4 sen laadun s\u00e4ilytt\u00e4misess\u00e4 ja sen kehityksen edist\u00e4misess\u00e4. Samppanjan oikea k\u00e4sittely voi tehd\u00e4 eron keskivertoisen ja poikkeuksellisen makuel\u00e4myksen v\u00e4lill\u00e4.<\/p>\n<h2>Miksi on t\u00e4rke\u00e4\u00e4 s\u00e4ilytt\u00e4\u00e4 samppanja oikein?<\/h2>\n<h3>Valon ja l\u00e4mp\u00f6tilan vaikutukset<\/h3>\n<p>Samppanja on herkk\u00e4 valolle ja l\u00e4mp\u00f6tilalle. Suora auringonvalo tai voimakkaat valonl\u00e4hteet voivat muuttaa samppanjan kemiallisia yhdisteit\u00e4, mik\u00e4 johtaa nopeaan vanhenemiseen ja tuoreuden menett\u00e4miseen. Tasainen l\u00e4mp\u00f6tila, joka ei ole liian korkea, on ihanteellinen.<\/p>\n<h3>Kosteuden vaikutus<\/h3>\n<p>My\u00f6s kosteudella on t\u00e4rke\u00e4 merkitys. Liiallinen kosteus voi vahingoittaa pullojen etikettej\u00e4 tai aiheuttaa homekasvustoa pulloihin. <a href=\"https:\/\/champagner.com\/fi\/sanasto-2\/korkki\/\">Korkki<\/a> kasvaa. Liian alhainen ilmankosteus voi kuivattaa korkkia ja aiheuttaa ilman p\u00e4\u00e4syn pulloon, jolloin samppanja hapettuu.<\/p>\n<h3>Pullon asennon merkitys<\/h3>\n<p>My\u00f6s pullon s\u00e4ilytystapa vaikuttaa samppanjan laatuun. Vaakatasossa s\u00e4ilytett\u00e4vien pullojen etuna on, ett\u00e4 korkki pysyy kosteana ja takaa n\u00e4in ollen paremman tiivisteen.<\/p>\n<h2>Vinkkej\u00e4 samppanjan s\u00e4ilytykseen<\/h2>\n<h3>Ihanteellinen s\u00e4ilytysl\u00e4mp\u00f6tila<\/h3>\n<p>T\u00e4ydellinen l\u00e4mp\u00f6tila samppanjan s\u00e4ilytykselle on 8-12 celsiusastetta. T\u00e4m\u00e4 l\u00e4mp\u00f6tila takaa, ett\u00e4 samppanja kypsyy hitaasti ja kehitt\u00e4\u00e4 makunsa optimaalisesti. \u00c4\u00e4rimm\u00e4isi\u00e4 l\u00e4mp\u00f6tilan vaihteluita on v\u00e4ltett\u00e4v\u00e4, sill\u00e4 ne voivat vaikuttaa samppanjan laatuun.<\/p>\n<h3>Oikea varastointipaikka<\/h3>\n<p>Valitse samppanjalle viile\u00e4, pime\u00e4 s\u00e4ilytyspaikka. Viinikellari tai erityinen j\u00e4\u00e4kaappi samppanjalle ovat ihanteellisia. V\u00e4lt\u00e4 <a href=\"https:\/\/champagner.com\/fi\/places-travel\/\">Paikat<\/a>alttiina voimakkaille hajuille, sill\u00e4 samppanja imee helposti itseens\u00e4 vieraita hajuja.<\/p>\n<h3>Pullon asento<\/h3>\n<p>Samppanjapullot tulisi mieluiten s\u00e4ilytt\u00e4\u00e4 vaakasuorassa. T\u00e4m\u00e4 auttaa pit\u00e4m\u00e4\u00e4n korkin kosteana, mik\u00e4 puolestaan v\u00e4hent\u00e4\u00e4 hapettumisriski\u00e4. T\u00e4m\u00e4 on erityisen t\u00e4rke\u00e4\u00e4 samppanjan kaltaisille kuohuviineille, sill\u00e4 pullossa oleva paine vaikuttaa korkin tiiviyteen.<\/p>\n<h3>T\u00e4rin\u00e4n v\u00e4ltt\u00e4minen<\/h3>\n<p>Samppanjaa on s\u00e4ilytett\u00e4v\u00e4 paikassa, jossa ei ole t\u00e4rin\u00e4\u00e4 tai iskuja. N\u00e4m\u00e4 voivat h\u00e4irit\u00e4 samppanjan hienoja kuplia ja vaikuttaa kielteisesti sen rakenteeseen. Rauhallinen ja vakaa s\u00e4ilytyspaikka on siksi olennaisen t\u00e4rke\u00e4.<\/p>\n<h2>Samppanjan pitk\u00e4aikainen varastointi<\/h2>\n<h3>Kypsymispotentiaali<\/h3>\n<p>Kaikki samppanjat eiv\u00e4t sovellu pitk\u00e4aikaiseen s\u00e4ilytykseen. Jotkin lajikkeet voivat hy\u00f6ty\u00e4 pitk\u00e4aikaisesta kypsytyksest\u00e4, mutta toiset lajikkeet ovat parhaita nuorina ja tuoreina nautittavina. Vuosikertaa valmistavat samppanjat ja tietyt prestige cuv\u00e9et voivat usein vanheta vuosia ja kehitt\u00e4\u00e4 makujaan entisest\u00e4\u00e4n.<\/p>\n<h3>Pullokypsytyksen vaikutus<\/h3>\n<p>Ajan my\u00f6t\u00e4 samppanja muuttuu pullossa. Maut kehittyv\u00e4t edelleen, ja samppanjasta voi tulla monimutkaisempi. T\u00e4m\u00e4 koskee erityisesti korkealaatuisia vuosikerta-samppanjoja. Varo kuitenkin s\u00e4ilytt\u00e4m\u00e4st\u00e4 samppanjaa liian pitk\u00e4\u00e4n, sill\u00e4 parhaidenkin pullojen juomakypsyys ylitt\u00e4\u00e4 lopulta optimaalisen juomakypsyytens\u00e4.<\/p>\n<h2>Lyhytaikainen s\u00e4ilytys- ja tarjoilul\u00e4mp\u00f6tila<\/h2>\n<h3>Valmistelu ennen tarjoilua<\/h3>\n<p>Jos haluat s\u00e4ilytt\u00e4\u00e4 samppanjaa lyhyen aikaa, varmista, ett\u00e4 pullo on hyvin j\u00e4\u00e4hdytetty ennen sen avaamista. Noin 6-8 asteen tarjoilul\u00e4mp\u00f6tila on ihanteellinen, jotta maut p\u00e4\u00e4sev\u00e4t parhaiten esiin. Jos l\u00e4mp\u00f6tila on liian korkea, samppanja voi menett\u00e4\u00e4 tuoreutensa liian nopeasti.<\/p>\n<h3>Oikea j\u00e4\u00e4hdytysmekanismi<\/h3>\n<p>Lyhytaikaista j\u00e4\u00e4hdytyst\u00e4 varten voit s\u00e4ilytt\u00e4\u00e4 samppanjaa j\u00e4\u00e4kaapissa. Vaihtoehtoisesti voit laittaa sen j\u00e4\u00e4kauhaan, jossa on j\u00e4\u00e4t\u00e4 ja vett\u00e4. T\u00e4m\u00e4 takaa tasaisen ja nopean j\u00e4\u00e4hdytyksen ilman, ett\u00e4 samppanja j\u00e4rkkyy tarpeettomasti.<\/p>\n<h2>V\u00e4lt\u00e4 virheit\u00e4 samppanjan s\u00e4ilytyksess\u00e4<\/h2>\n<h3>Varastointi l\u00e4mm\u00f6nl\u00e4hteiden l\u00e4hell\u00e4<\/h3>\n<p>V\u00e4lt\u00e4 samppanjan s\u00e4ilytt\u00e4mist\u00e4 l\u00e4hell\u00e4 l\u00e4mm\u00f6nl\u00e4hteit\u00e4, kuten l\u00e4mp\u00f6pattereita tai aurinkoa. L\u00e4mp\u00f6 voi nopeasti heikent\u00e4\u00e4 samppanjan laatua.<\/p>\n<h3>Pullon asennon laiminly\u00f6nti<\/h3>\n<p>Varmista, ett\u00e4 samppanjapullot s\u00e4ilytet\u00e4\u00e4n vaakasuorassa, jotta korkki pysyy kosteana. My\u00f6s t\u00e4rin\u00e4n ja iskujen v\u00e4ltt\u00e4minen on t\u00e4rke\u00e4\u00e4 samppanjan laadun kannalta.<\/p>\n<h3>Kosteuden puute<\/h3>\n<p>Liian alhainen ilmankosteus voi kuivattaa korkkia ja p\u00e4\u00e4st\u00e4\u00e4 ilmaa pulloon. Varmista, ett\u00e4 s\u00e4ilytystilasi ilmankosteus pysyy vakiona.<\/p>\n<h2>Erityiset varastointivaihtoehdot<\/h2>\n<h3>Samppanjaj\u00e4\u00e4kaapit<\/h3>\n<p>Samppanjalle on olemassa erityisi\u00e4 j\u00e4\u00e4kaappeja, jotka tarjoavat ihanteelliset s\u00e4ilytysolosuhteet. N\u00e4m\u00e4 j\u00e4\u00e4kaapit on suunniteltu vastaamaan samppanjan tarpeita, ja ne tarjoavat oikean l\u00e4mp\u00f6tilan, kosteuden ja valolta suojaavan tilan.<\/p>\n<h3>Viinikellari ja varastotilat<\/h3>\n<p>Hyvin suunniteltu viinikellari voi my\u00f6s tarjota erinomaisen s\u00e4ilytysymp\u00e4rist\u00f6n. Sen tulisi olla viile\u00e4, pime\u00e4 ja hiljainen, jotta samppanjan s\u00e4ilytykseen olisi parhaat edellytykset.<\/p>\n<h2>Usein kysytyt kysymykset samppanjan s\u00e4ilytyksest\u00e4<\/h2>\n<h3>Kuinka kauan samppanjaa voi s\u00e4ilytt\u00e4\u00e4?<\/h3>\n<p>Samppanjan s\u00e4ilytysaika riippuu samppanjatyypist\u00e4. Vuosikertaviin kuuluvia samppanjoja voidaan usein s\u00e4ilytt\u00e4\u00e4 useita vuosia, kun taas ei-vuosikertaviin kuuluvia samppanjoja on parasta nauttia yhden tai kahden vuoden kuluessa ostosta.<\/p>\n<h3>Voiko samppanjaa kypsytt\u00e4\u00e4 pullossa?<\/h3>\n<p>Kyll\u00e4, samppanja voi kypsy\u00e4 pullossa, varsinkin kun kyseess\u00e4 on korkealaatuinen vuosikerta samppanja. Vanhentaminen voi johtaa monimutkaisempaan ja tasapainoisempaan makurakenteeseen.<\/p>\n<h3>Mist\u00e4 tunnistan, jos samppanja on pilaantunut?<\/h3>\n<p>Pilaantunut samppanja voi saada ep\u00e4miellytt\u00e4v\u00e4n hajun ja menett\u00e4\u00e4 kuplansa. Jos samppanja haisee lattealta tai hapettuneelta, se ei todenn\u00e4k\u00f6isesti ole en\u00e4\u00e4 juomakelpoista.<\/p>\n<h3><strong>Vuosikerran ja samppanjatalon merkitys<\/strong><\/h3>\n<p>Vuosikerran samppanjan arvo ei riipu vain i\u00e4st\u00e4, vaan my\u00f6s samppanjatalon nimest\u00e4 ja itse vuosikerrasta. Jotkut <a href=\"https:\/\/champagner.com\/fi\/vuotta\/\">Vuosikerrat<\/a> ovat erityisen haluttuja niiden poikkeuksellisen laadun ja harvinaisuuden vuoksi. Samppanjatalot, kuten Veuve Clicquot, Dom P\u00e9rignon ja Krug, ovat vakiinnuttaneet asemansa laatunsa ja harvinaisuutensa ansiosta. <a href=\"https:\/\/champagner.com\/fi\/sanasto-2\/samppanjan-alkuperae\/\">Historia<\/a> teki itselleen nime\u00e4. Tunnetun talon samppanjasta voi saada markkinoilla huomattavia summia, varsinkin jos se on per\u00e4isin erityisen hyv\u00e4lt\u00e4 vuosikerralta.<\/p>\n<p>Esimerkiksi joitakin poikkeuksellisia samppanjoja huutokaupattiin kuuluisassa Christie's-huutokauppatalossa korkeisiin hintoihin. Kuusi magnum-pulloa Veuve Clicquot Brut 1949 -viini\u00e4 myytiin juuri ennen vuotta 2000 $9 200 Yhdysvaltain dollarilla kappale. Kolme pulloa Dom P\u00e9rignon 1964 -viini\u00e4 maksoi $1 139 Yhdysvaltain dollaria pullolta, ja ruotsalaisen laivan hylyst\u00e4 pelastettu pullo Heidsieck Monopole Go\u00fbt Am\u00e9ricain 1907 -viini\u00e4 maksoi $4 068 Yhdysvaltain dollaria. N\u00e4m\u00e4 esimerkit osoittavat, ett\u00e4 vuosikerran, talon ja samppanjan asianmukaisen s\u00e4ilytyksen yhdistelm\u00e4 on ratkaiseva samppanjan arvon kannalta.<\/p>\n<p><strong>Varastoinnin rooli arvon lis\u00e4\u00e4misess\u00e4<\/strong><\/p>\n<p>Samppanjan s\u00e4ilytys on kriittinen tekij\u00e4, joka vaikuttaa makuun, laatuun ja viime k\u00e4dess\u00e4 arvoon. Optimaalisissa olosuhteissa s\u00e4ilytetty samppanja voi s\u00e4ilytt\u00e4\u00e4 ominaisuutensa tai jopa parantaa niit\u00e4 useiden vuosien ajan. Asianmukainen varastointi voi tehd\u00e4 eron keskivertosamppanjan ja poikkeuksellisen vuosikerran samppanjan v\u00e4lill\u00e4.<\/p>\n<p><strong>Varastoinnin vaikutus makuun<\/strong><\/p>\n<p>Samppanjan varastointi vaikuttaa samppanjan makuun ja kehitykseen. Ensimm\u00e4isten vuosien aikana pullotuksen j\u00e4lkeen samppanja kehitt\u00e4\u00e4 tyypillisi\u00e4 hedelm\u00e4isi\u00e4 ja raikkaita makujaan. Ajan mittaan n\u00e4m\u00e4 aromit muuttuvat ja kehitt\u00e4v\u00e4t monimutkaisia p\u00e4hkin\u00f6iden, hunajan ja leivonnaisten s\u00e4vyj\u00e4. T\u00e4m\u00e4 riippuu siit\u00e4, kuinka kauan samppanja kypsyy sakan p\u00e4\u00e4ll\u00e4 ennen purkamista.<\/p>\n<p>Hyvin kypsytetty vuosikerta samppanja voi parantaa merkitt\u00e4v\u00e4sti sen aromia ja makua. Oikeissa olosuhteissa kypsytetty samppanja voi kehitt\u00e4\u00e4 poikkeuksellisen makuprofiilin, jota asiantuntijat ja ker\u00e4ilij\u00e4t arvostavat suuresti.<\/p>\n<p><strong>Vanhojen vintage-samppanjoiden arvo<\/strong><\/p>\n<p>Vanhojen vintage-samppanjoiden arvo voi nousta huomattavasti, varsinkin jos niit\u00e4 on s\u00e4ilytetty optimaalisissa olosuhteissa. T\u00e4llaisten samppanjoiden hinta voi riippua useista tekij\u00f6ist\u00e4, kuten i\u00e4st\u00e4, pullon kunnosta ja s\u00e4ilytyshistoriasta. Jotkut poikkeuksellisissa olosuhteissa s\u00e4ilytetyt samppanjat saavuttavat huutokaupoissa vaikuttavia hintoja. Samppanjan asianmukainen s\u00e4ilytys on t\u00e4rke\u00e4\u00e4!<\/p>\n<p><strong>Historialliset huutokauppahinnat<\/strong><\/p>\n<p>Edell\u00e4 mainitut huutokauppahinnat antavat k\u00e4sityksen siit\u00e4, kuinka korkea harvinaisten ja hyvin s\u00e4ilytettyjen samppanjoiden markkina-arvo voi olla. Pullo Heidsieck Monopole Go\u00fbt Am\u00e9ricain 1907 on esimerkki samppanjasta, joka myytiin korkeaan hintaan s\u00e4ilytysolosuhteidensa ja historiallisen arvonsa vuoksi. T\u00e4m\u00e4 pullo pelastettiin haaksirikosta ja sit\u00e4 s\u00e4ilytettiin vakio-olosuhteissa yli 80 vuotta. Hinta $4.068 Yhdysvaltain dollaria osoittaa, miten suuri merkitys s\u00e4ilytyksell\u00e4 voi olla samppanjan arvoon.<\/p>\n<p><strong>Nykyiset markkinaolosuhteet<\/strong><\/p>\n<p>Viime vuosina samppanjan hinnat ovat vakiintuneet realistisemmalle tasolle. Erityisen harvinaisista tai korkealaatuisista samppanjoista voidaan kuitenkin edelleen maksaa kolmnumeroisia summia. Samppanjamarkkinat ovat edelleen dynaamiset, ja arvoon voivat vaikuttaa esimerkiksi tiettyjen vuosikerrosten kysynt\u00e4 ja pullojen kunto.<\/p>\n<h3><strong>Kellarikirja: samppanjan ker\u00e4ilij\u00f6iden v\u00e4ltt\u00e4m\u00e4t\u00f6n ty\u00f6kalu.<\/strong><\/h3>\n<p>Kellarikirja on v\u00e4ltt\u00e4m\u00e4t\u00f6n ty\u00f6kalu kaikille, jotka pit\u00e4v\u00e4t yll\u00e4 samppanjakokoelmaa. Se auttaa pit\u00e4m\u00e4\u00e4n kirjaa eri pulloista ja dokumentoimaan t\u00e4rkeit\u00e4 tietoja. Hyvin hoidetun kellarikirjan avulla on mahdollista seurata pullojen ja samppanjas\u00e4ilytyksen kuntoa, tarkistaa s\u00e4ilytysolosuhteet ja seurata kokoelman arvoa.<\/p>\n<p><strong>T\u00e4rke\u00e4\u00e4 tietoa kellarikirjassa<\/strong><\/p>\n<p>Kattavan kellarikirjan tulisi sis\u00e4lt\u00e4\u00e4 seuraavat tiedot:<\/p>\n<ul>\n<li><strong>Pullojen kokonaism\u00e4\u00e4r\u00e4:<\/strong> Kokoelman pullojen lukum\u00e4\u00e4r\u00e4 antaa yleiskuvan samppanjakokoelman koosta.<\/li>\n<li><strong>Pullojen lukum\u00e4\u00e4r\u00e4 lajiketta kohti:<\/strong> On t\u00e4rke\u00e4\u00e4 dokumentoida kunkin lajikkeen pullom\u00e4\u00e4r\u00e4t, jotta voidaan seurata kunkin lajikkeen saatavuutta ja arvoa.<\/li>\n<li><strong>Ostop\u00e4iv\u00e4 ja -paikka:<\/strong> Ostop\u00e4iv\u00e4m\u00e4\u00e4r\u00e4 ja -paikka auttavat j\u00e4ljitt\u00e4m\u00e4\u00e4n pullojen alkuper\u00e4n ja dokumentoimaan kokoelman historiaa.<\/li>\n<li><strong>Ostohinta ja mahdollinen myyntihinta:<\/strong> N\u00e4m\u00e4 tiedot ovat t\u00e4rkeit\u00e4 kokoelman arvonm\u00e4\u00e4rityksen ja tulevien myyntip\u00e4\u00e4t\u00f6sten kannalta.<\/li>\n<li><strong>Kaikkien pullojen kokonaishinta:<\/strong> Kokoelman kokonaisarvo antaa yleiskuvan samppanjoiden taloudellisesta arvosta.<\/li>\n<li><strong>Maistelutiedot ja vaikutelmat:<\/strong> Samppanjojen maistelua koskevat muistiinpanot ja vaikutelmat kustakin samppanjasta ovat arvokasta tietoa tulevia p\u00e4\u00e4t\u00f6ksi\u00e4 varten.<\/li>\n<li><strong>Yst\u00e4v\u00e4t ja tapahtumat:<\/strong> Henkil\u00f6kohtaisten muistojen s\u00e4ilytt\u00e4miseksi voidaan kirjata yl\u00f6s yst\u00e4v\u00e4t, joiden kanssa samppanjoja juotiin, ja tilaisuudet, joissa niit\u00e4 nautittiin.<\/li>\n<li><strong>S\u00e4ilyvyys:<\/strong> Kunkin lajikkeen arvioitu s\u00e4ilyvyysaika antaa tietoa optimaalisesta varastointiajasta ja parhaasta kulutusajankohdasta.<\/li>\n<li><strong>Teline tai hylly:<\/strong> Jokaisen pullon tarkka sijainti kellarissa auttaa l\u00f6yt\u00e4m\u00e4\u00e4n ja j\u00e4rjest\u00e4m\u00e4\u00e4n pullot helposti.<\/li>\n<\/ul>\n<p><strong>Luottamuksellisuuden merkitys<\/strong><\/p>\n<p>Kellarikirja on aina s\u00e4ilytett\u00e4v\u00e4 turvallisesti luottamuksellisuuden varmistamiseksi. Suuri osa sy\u00f6tetyist\u00e4 tiedoista on yksityisi\u00e4 ja voi sis\u00e4lt\u00e4\u00e4 luottamuksellisia tietoja samppanjoiden arvosta ja alkuper\u00e4st\u00e4. Tietojen turvallisuuden varmistamiseksi on suositeltavaa rajoittaa p\u00e4\u00e4sy t\u00e4h\u00e4n kirjaan vain luotetuille henkil\u00f6ille.<\/p>\n<h2>P\u00e4\u00e4telm\u00e4<\/h2>\n<p>Samppanjan laadun ja maun s\u00e4ilymisen kannalta on ratkaisevan t\u00e4rke\u00e4\u00e4, ett\u00e4 sit\u00e4 s\u00e4ilytet\u00e4\u00e4n oikein. Noudattamalla edell\u00e4 annettuja vinkkej\u00e4 ja luomalla parhaat s\u00e4ilytysolosuhteet voit varmistaa, ett\u00e4 samppanjasi on aina parhaimmillaan. Muista, ett\u00e4 samppanjan s\u00e4ilytys ei ainoastaan suojaa samppanjaa, vaan my\u00f6s edist\u00e4\u00e4 sen kehityst\u00e4 ja kypsymist\u00e4. Nauti kuohujuomastasi tiet\u00e4en, ett\u00e4 se on s\u00e4ilytetty parhaissa olosuhteissa.<\/p>\n<\/div><\/section><\/p><\/div>\n<style type=\"text\/css\" data-created_by=\"avia_inline_auto\" id=\"style-css-av-7vz4-e2ecb25e9168201a3fd1fa7a9982a872\">\n.flex_column.av-7vz4-e2ecb25e9168201a3fd1fa7a9982a872{\nborder-radius:0px 0px 0px 0px;\npadding:0px 0px 0px 0px;\n}\n<\/style>\n<div  class='flex_column av-7vz4-e2ecb25e9168201a3fd1fa7a9982a872 av_one_fifth  avia-builder-el-6  el_after_av_three_fifth  avia-builder-el-last  flex_column_div av-zero-column-padding'     ><\/div>","protected":false},"excerpt":{"rendered":"","protected":false},"author":1,"featured_media":4837,"parent":0,"menu_order":0,"comment_status":"closed","ping_status":"closed","template":"","meta":{"footnotes":""},"class_list":["post-6531","page","type-page","status-publish","has-post-thumbnail","hentry"],"_links":{"self":[{"href":"https:\/\/champagner.com\/fi\/wp-json\/wp\/v2\/pages\/6531","targetHints":{"allow":["GET"]}}],"collection":[{"href":"https:\/\/champagner.com\/fi\/wp-json\/wp\/v2\/pages"}],"about":[{"href":"https:\/\/champagner.com\/fi\/wp-json\/wp\/v2\/types\/page"}],"author":[{"embeddable":true,"href":"https:\/\/champagner.com\/fi\/wp-json\/wp\/v2\/users\/1"}],"replies":[{"embeddable":true,"href":"https:\/\/champagner.com\/fi\/wp-json\/wp\/v2\/comments?post=6531"}],"version-history":[{"count":0,"href":"https:\/\/champagner.com\/fi\/wp-json\/wp\/v2\/pages\/6531\/revisions"}],"wp:featuredmedia":[{"embeddable":true,"href":"https:\/\/champagner.com\/fi\/wp-json\/wp\/v2\/media\/4837"}],"wp:attachment":[{"href":"https:\/\/champagner.com\/fi\/wp-json\/wp\/v2\/media?parent=6531"}],"curies":[{"name":"wp","href":"https:\/\/api.w.org\/{rel}","templated":true}]}}