{"id":4024,"date":"2018-04-14T14:48:55","date_gmt":"2018-04-14T14:48:55","guid":{"rendered":"http:\/\/neu.champagner.eu\/?page_id=4024"},"modified":"2024-11-04T12:49:43","modified_gmt":"2024-11-04T12:49:43","slug":"citations-sur-le-champagne","status":"publish","type":"page","link":"https:\/\/champagner.com\/fr\/citations-sur-le-champagne\/","title":{"rendered":"Citations de champagne"},"content":{"rendered":"<div id='av_section_1'  class='avia-section av-1vm8bwo-709c60fc6f16c735dfd76d953ff4f866 main_color avia-section-default avia-no-shadow  avia-builder-el-0  avia-builder-el-no-sibling  avia-bg-style-scroll container_wrap fullsize'  ><div class='container av-section-cont-open' ><main  role=\"main\" itemprop=\"mainContentOfPage\"  class='template-page content  av-content-full alpha units'><div class='post-entry post-entry-type-page post-entry-4024'><div class='entry-content-wrapper clearfix'>\n\n<style type=\"text\/css\" data-created_by=\"avia_inline_auto\" id=\"style-css-av-kjm0x5lx-0474c4b615aca0c6c294fa130940e623\">\n#top .av-special-heading.av-kjm0x5lx-0474c4b615aca0c6c294fa130940e623{\npadding-bottom:10px;\n}\nbody .av-special-heading.av-kjm0x5lx-0474c4b615aca0c6c294fa130940e623 .av-special-heading-tag .heading-char{\nfont-size:25px;\n}\n.av-special-heading.av-kjm0x5lx-0474c4b615aca0c6c294fa130940e623 .av-subheading{\nfont-size:15px;\n}\n<\/style>\n<div  class='av-special-heading av-kjm0x5lx-0474c4b615aca0c6c294fa130940e623 av-special-heading-h1 blockquote modern-quote modern-centered  avia-builder-el-1  el_before_av_hr  avia-builder-el-first'><h1 class='av-special-heading-tag'  itemprop=\"headline\"  >Citations sur le champagne, - les 47 plus belles citations sur le champagne<\/h1><div class=\"special-heading-border\"><div class=\"special-heading-inner-border\"><\/div><\/div><\/div>\n\n<style type=\"text\/css\" data-created_by=\"avia_inline_auto\" id=\"style-css-av-1to74o-5b1b323b02642b480f2b98e85a27ee1b\">\n#top .hr.av-1to74o-5b1b323b02642b480f2b98e85a27ee1b{\nmargin-top:30px;\nmargin-bottom:30px;\n}\n.hr.av-1to74o-5b1b323b02642b480f2b98e85a27ee1b .hr-inner{\nwidth:100%;\nborder-color:#d2ae6f;\n}\n<\/style>\n<div  class='hr av-1to74o-5b1b323b02642b480f2b98e85a27ee1b hr-custom  avia-builder-el-2  el_after_av_heading  el_before_av_one_fifth  hr-center hr-icon-no'><span class='hr-inner inner-border-av-border-thin'><span class=\"hr-inner-style\"><\/span><\/span><\/div>\n\n<style type=\"text\/css\" data-created_by=\"avia_inline_auto\" id=\"style-css-av-1tmc0w8-8e6849036901409b1a0a2a8a275c0f7f\">\n.flex_column.av-1tmc0w8-8e6849036901409b1a0a2a8a275c0f7f{\nborder-radius:0px 0px 0px 0px;\npadding:0px 0px 0px 0px;\n}\n<\/style>\n<div  class='flex_column av-1tmc0w8-8e6849036901409b1a0a2a8a275c0f7f av_one_fifth  avia-builder-el-3  el_after_av_hr  el_before_av_three_fifth  first flex_column_div av-zero-column-padding'     ><\/div>\n<style type=\"text\/css\" data-created_by=\"avia_inline_auto\" id=\"style-css-av-1s2if7s-28ad02af04352e45d43dba7adba1b2c2\">\n.flex_column.av-1s2if7s-28ad02af04352e45d43dba7adba1b2c2{\nborder-radius:0px 0px 0px 0px;\npadding:0px 0px 0px 0px;\n}\n<\/style>\n<div  class='flex_column av-1s2if7s-28ad02af04352e45d43dba7adba1b2c2 av_three_fifth  avia-builder-el-4  el_after_av_one_fifth  el_before_av_one_fifth  flex_column_div av-zero-column-padding'     ><style type=\"text\/css\" data-created_by=\"avia_inline_auto\" id=\"style-css-av-1qqh64o-38b4cc4b3f7f53371d6d87f5e5a693f7\">\n#top .av-rotator-container.av-1qqh64o-38b4cc4b3f7f53371d6d87f5e5a693f7{\ntext-align:center;\n}\n#top #wrap_all .av-rotator-container.av-1qqh64o-38b4cc4b3f7f53371d6d87f5e5a693f7 .av-rotator-container-inner{\nfont-size:50px;\n}\n<\/style>\n<div  class='av-rotator-container av-rotation-container-center av-1qqh64o-38b4cc4b3f7f53371d6d87f5e5a693f7  avia-builder-el-5  avia-builder-el-no-sibling  av-fixed-rotator-width' data-interval='6' data-animation='0' data-fixwidth='1'><h3 class='av-rotator-container-inner'><span class='av-rotator-text av-rotator-multiline-off'>\n<span class='av-rotator-text-single av-642bq0-23840bb627bc40ab097f002d56409677 av-rotator-text-single-1' >Viens vite, je go\u00fbte les \u00e9toiles ! Dom P\u00e9rignon<\/span>\n<span class='av-rotator-text-single av-1nfv6zs-2579cddb637190b57bcc52df719ef036 av-rotator-text-single-2' >Rencontrer Franklin Roosevelt, c'\u00e9tait comme ouvrir la premi\u00e8re bouteille de champagne, le conna\u00eetre, c'\u00e9tait comme le boire. Winston Churchill<\/span>\n<span class='av-rotator-text-single av-1kvnsjc-bfb9e8ca38419d94b837ec3e85844f58 av-rotator-text-single-3' >Le champagne est la seule chose qui me fait plaisir quand je me sens fatigu\u00e9e. Brigitte Bardot<\/span>\n<span class='av-rotator-text-single av-1iunemg-c169a417eb3cc3fd2bd801584949f5f6 av-rotator-text-single-4' >Pourquoi est-ce que je bois du champagne au petit-d\u00e9jeuner ? Tout le monde ne le fait pas ? Noel le l\u00e2che<\/span>\n<span class='av-rotator-text-single av-1ihkaqw-6ceea048659be1f491c9b87dfe7464bc av-rotator-text-single-5' >Il arrive un moment dans la vie de toute femme o\u00f9 seule une coupe de champagne peut aider. Bette Davis<\/span>\n<span class='av-rotator-text-single av-1gjmxqw-c7712ca1592047adddd6c509a5547c17 av-rotator-text-single-6' >Le champagne est l'un des extras \u00e9l\u00e9gants de la vie. Charles Dickens<\/span>\n<span class='av-rotator-text-single av-1eryevs-6f2c2c454afb2c2240918936cc4cbf7e av-rotator-text-single-7' >Du champagne ! On le m\u00e9rite dans la victoire, on en a besoin dans la d\u00e9faite. Napol\u00e9on Bonaparte<\/span>\n<span class='av-rotator-text-single av-pdcbdk-438df945fd72362c5105d146561cc285 av-rotator-text-single-8' >Je bois du champagne quand je suis heureux et quand je suis triste. Parfois, j'en bois quand je suis seul ; et quand j'ai de la compagnie, il ne faut pas qu'il manque. Quand je n'ai pas faim, je m'en sers pour me mettre en app\u00e9tit, et quand j'ai faim, je m'en r\u00e9gale. Mais sinon, je n'y touche pas, sauf quand j'ai soif. Lily Bollinger<\/span>\n<span class='av-rotator-text-single av-1b0pstk-68f69bf2e861a2407c193ec58be604e4 av-rotator-text-single-9' >Le champagne est le seul vin qui rend une femme belle apr\u00e8s l'avoir bu. Madame De Pompadour<\/span>\n<span class='av-rotator-text-single av-4jhae0-3b30ccb6c96e3dd9e5d66acaed9764ae av-rotator-text-single-10' >Trop de tout est mauvais, mais trop de champagne est juste ce qu'il faut. Mark Twain<\/span>\n<span class='av-rotator-text-single av-4cbvew-f732f36d26451329f1f827b85ab6560e av-rotator-text-single-11' >Le champagne, quand on cherche la v\u00e9rit\u00e9, c'est mieux qu'un d\u00e9tecteur de mensonges. Graham Greene<\/span>\n<span class='av-rotator-text-single av-169ftig-b89f6c092205efc31662d1965a44a8e7 av-rotator-text-single-12' >Mon seul regret dans la vie est de ne pas avoir bu assez de champagne. John Maynard Keynes<\/span>\n<span class='av-rotator-text-single av-154nuag-cdcd02581348af398a1bcfcafbbd0a08 av-rotator-text-single-13' >Je ne bois du champagne que deux fois, quand je suis amoureuse et quand je ne le suis pas. Coco Chanel<\/span>\n<span class='av-rotator-text-single av-13eqby0-84ebd35dda507963eecb1b9b5aed3cce av-rotator-text-single-14' >Le sentiment d'amiti\u00e9 est comme celui d'\u00eatre farci de rosbif, l'amour est comme celui d'\u00eatre vivifi\u00e9 par le champagne. Samuel Johnson<\/span>\n<span class='av-rotator-text-single av-11o0j2w-c12e8fb036a90f7c00083508fa44d683 av-rotator-text-single-15' >Le champagne et le jus d'orange sont une excellente boisson. L'orange am\u00e9liore le champagne. Le champagne am\u00e9liore d\u00e9finitivement l'orange. Philip, duc d'\u00c9dimbourg<\/span>\n<span class='av-rotator-text-single av-zrbr0o-7f8a5cc9ec00cb9a2f8181e2c0d7542d av-rotator-text-single-16' >Messieurs, nous ne nous battons pas seulement pour la France, mais aussi pour le champagne ! Winston Churchill<\/span>\n<span class='av-rotator-text-single av-3ff13c-1cd5772594aec6d98dbd1fce072f9d95 av-rotator-text-single-17' >Dans un monde parfait, tout le monde boirait une coupe de champagne tous les soirs. Willie Gluckstern<\/span>\n<span class='av-rotator-text-single av-bi6ig-bf9452396b9843d5cea4a882f0d652f0 av-rotator-text-single-18' >Verse le champagne et fais monter sa mousse, comme des milliers d'yeux \u00e9tincelants et souriants. Jared M. Brown<\/span>\n<span class='av-rotator-text-single av-umqy20-4e669a26c88195ae598041a2583240f5 av-rotator-text-single-19' >Il n'y a rien de plus beau qu'un coucher de soleil avec une coupe de champagne. Jared M. Brown<\/span>\n<span class='av-rotator-text-single av-syk0so-6298344df6a47561f434c8734f63907d av-rotator-text-single-20' >Champagne, roi des vins et vin des rois. Le prince Orlofsky<\/span>\n<span class='av-rotator-text-single av-qvzwpk-09ed23dffd1cdc130e9cc284c83e2007 av-rotator-text-single-21' >Le champagne doit \u00eatre froid, sec et, esp\u00e9rons-le, gratuit. Christian Pol Roger<\/span>\n<span class='av-rotator-text-single av-q0i2t4-c8e67e3853a9be89667a69aa68f47393 av-rotator-text-single-22' >Le plaisir sans champagne est purement artificiel. Oscar Wilde<\/span>\n<span class='av-rotator-text-single av-njnrx4-10409d339f97e46ba9f1f1320490ca51 av-rotator-text-single-23' >Quand la vie t'apporte des ennuis, bois un peu de champagne, tes probl\u00e8mes se transformeront en bulles de savon. Inconnu<\/span>\n<span class='av-rotator-text-single av-mlos54-85dd5d8322c90e12d5e18b891a316a5e av-rotator-text-single-24' >Celui qui ne prend pas de risques ne doit jamais boire de champagne. Un vieux proverbe russe.<\/span>\n<span class='av-rotator-text-single av-kl2brs-ed042841fe26491aabf86f5d78c81b32 av-rotator-text-single-25' >Je ne bois du champagne qu'en deux occasions : Quand je suis amoureuse et quand je ne le suis pas. Coco Chanel<\/span>\n<span class='av-rotator-text-single av-ik0fug-542b30508ccd098729d34505a16dc2fc av-rotator-text-single-26' >Apr\u00e8s une victoire, tu m\u00e9rites le champagne, apr\u00e8s une d\u00e9faite, tu en as besoin ! Napol\u00e9on Bonaparte<\/span>\n<span class='av-rotator-text-single av-h8r1ug-5d93b612df221fc602dad96b90dbe779 av-rotator-text-single-27' >Commence la journ\u00e9e avec le sourire et termine-la avec du champagne. inconnu<\/span>\n<span class='av-rotator-text-single av-fojy20-eb8e278e4f214034df4553dd1462ffae av-rotator-text-single-28' >Le champagne te donne l'impression que chaque jour est un dimanche ! Marl\u00e8ne Dietrich<\/span>\n<span class='av-rotator-text-single av-e9m3jc-e5a444b202324c0b20b5b05c9393b47e av-rotator-text-single-29' >Il y a des moments dans la vie d'une femme o\u00f9 la seule chose qui peut aider est le champagne ! Betty Davis<\/span>\n<span class='av-rotator-text-single av-cyjcqg-80bea1de76fe7db827c075f11ea568d3 av-rotator-text-single-30' >Oh, Seigneur, fais-leur accepter les choses qu'ils ne peuvent pas changer. Et prie pour que leur seule douleur soit le champagne. Kanye West<\/span>\n<span class='av-rotator-text-single av-b81hd4-3e228c7996a9f467e60775e1c3184a68 av-rotator-text-single-31' >Les grandes histoires d'amour commencent avec du champagne et se terminent avec de la tisane. Honore de Balzac<\/span>\n<span class='av-rotator-text-single av-8wm82w-9575a58028db63ca20b249b64d989735 av-rotator-text-single-32' >Je ne bois du champagne que quand je suis heureuse et quand je suis triste ! Lily Bollinger<\/span>\n<span class='av-rotator-text-single av-ogcx4-3c75a845fba25edbc4a770f92b2b3448 av-rotator-text-single-33' >Il y a trois choses dans la vie qui sont insupportables : le caf\u00e9 froid, le champagne ti\u00e8de et une femme surexcit\u00e9e. Orson Welles<\/span>\n<span class='av-rotator-text-single av-o1r4zs-e6e1f1e2e5f234fe14394f6a5846538b av-rotator-text-single-34' >Le cur\u00e9 vient de te baptiser en tant que chr\u00e9tien. Je te baptise maintenant comme citoyen fran\u00e7ais, cher enfant, avec une goutte de ros\u00e9e de champagne sur tes l\u00e8vres. Paul Claudel (1868-1955)<\/span>\n<span class='av-rotator-text-single av-muuuuw-f59d73c916e4b92ee343dc7987344658 av-rotator-text-single-35' >La nature effervescente de ce vin fran\u00e7ais r\u00e9v\u00e8le le v\u00e9ritable g\u00e9nie du peuple fran\u00e7ais. Voltaire (1694-1778)<\/span>\n<span class='av-rotator-text-single av-7m07s-431cd07390a83fff354b2f636d7ecb81 av-rotator-text-single-36' >Il y a quelque chose dans la vie de safari qui te fait oublier tous tes soucis et te donne l'impression d'avoir bu une demi-bouteille de champagne - il y a quelque chose qui te fait d\u00e9border d'une profonde gratitude envers la vie. Citation de Karen Blixen<\/span>\n<span class='av-rotator-text-single av-j7ya2w-46b49aa9b860f59f22cd0e3ac3a54b59 av-rotator-text-single-37' >Avoir de l'humour, dormir peu, avoir un objectif et ne pas manquer de champagne ! Professeur August Everding<\/span>\n<span class='av-rotator-text-single av-1r1gmw-233136e97239dfe205325edda81ed6e2 av-rotator-text-single-38' >Lorsque l'on a le choix entre des hu\u00eetres et du champagne, on a g\u00e9n\u00e9ralement tendance \u00e0 choisir les deux. Th\u00e9odore Fontane<\/span>\n<span class='av-rotator-text-single av-gb3f0o-6313c83bec8e8de6f3330121ca180af5 av-rotator-text-single-39' >Je pr\u00e9pare du vin pour moi. Ce que je ne peux pas boire moi-m\u00eame, je le vends ! Victor Lanson<\/span>\n<span class='av-rotator-text-single av-djet7c-b5fb3c0534c84c9f4794d13f1a937f81 av-rotator-text-single-40' >Tu es pour moi plus doux que les chocolats, plus chaud que le vent du d\u00e9sert, plus p\u00e9tillant que le champagne, plus sens\u00e9 qu'un baiser, mais justement inaccessible comme les \u00e9toiles !<\/span>\n<span class='av-rotator-text-single av-cgus2g-b1137a66dec4995e96522e8852934901 av-rotator-text-single-41' >Je veux du vin de Champagne, et qu'il soit bien mousseux ! Johann Wolfgang von Goethe<\/span>\n<span class='av-rotator-text-single av-aunfyw-f238f17b915885c5515733e5a49c042a av-rotator-text-single-42' >Comme la bulle de la veuve Klicko perle dans le verre avec douceur et l\u00e9g\u00e8ret\u00e9\". Wilhelm Busch \u00e0 propos de Veuve Clicquot<\/span>\n<span class='av-rotator-text-single av-91l6zc-85c90eb6e9f66ab2094e08cbc0584cc8 av-rotator-text-single-43' >La louange est comme le champagne. Les deux doivent \u00eatre servis pendant qu'ils p\u00e9tillent encore.<\/span>\n<span class='av-rotator-text-single av-7ovajs-c70a20b9333ba9d35f7b408d5f608925 av-rotator-text-single-44' >Avec le Bordeaux, on r\u00e9fl\u00e9chit, avec le Bourgogne, on discute, avec le Champagne, on commet des folies ! Anth\u00e8lme Brillat-Savarin<\/span>\n<span class='av-rotator-text-single av-65bjt4-c915b1b4d01bd8e9017d245fbb31cfa7 av-rotator-text-single-45' >Une fois que le champagne a gicl\u00e9, on ne peut plus le remettre dans la bouteille ! Max Mosley, pr\u00e9sident de la FIA<\/span>\n<span class='av-rotator-text-single av-evx88-c49ac3d3c5fecfea35e6720b3b1216b6 av-rotator-text-single-46' >Le champagne est sans doute la source d'inspiration la plus heureuse. Mark Twain<\/span>\n<span class='av-rotator-text-single av-2kuf6g-f2d8b366ef9259a78bf46c894f2794a0 av-rotator-text-single-47' >Je ne suis abstinent qu'en ce qui concerne la bi\u00e8re, pas le champagne. George Bernard Shaw<\/span>\n<\/span><\/h3><\/div><\/div>\n<style type=\"text\/css\" data-created_by=\"avia_inline_auto\" id=\"style-css-av-5y0znc-ecf90eeb43b293101c735ef6745c0649\">\n.flex_column.av-5y0znc-ecf90eeb43b293101c735ef6745c0649{\nborder-radius:0px 0px 0px 0px;\npadding:0px 0px 0px 0px;\n}\n<\/style>\n<div  class='flex_column av-5y0znc-ecf90eeb43b293101c735ef6745c0649 av_one_fifth  avia-builder-el-6  el_after_av_three_fifth  el_before_av_hr  flex_column_div av-zero-column-padding'     ><\/div>\n<style type=\"text\/css\" data-created_by=\"avia_inline_auto\" id=\"style-css-av-av_hr-740b43d1b484958137b1a60202c344d8\">\n#top .hr.av-av_hr-740b43d1b484958137b1a60202c344d8{\nmargin-top:30px;\nmargin-bottom:30px;\n}\n.hr.av-av_hr-740b43d1b484958137b1a60202c344d8 .hr-inner{\nwidth:100%;\nborder-color:#d2ae6f;\n}\n<\/style>\n<div  class='hr av-av_hr-740b43d1b484958137b1a60202c344d8 hr-custom  avia-builder-el-7  el_after_av_one_fifth  el_before_av_one_fifth  hr-center hr-icon-no'><span class='hr-inner inner-border-av-border-thin'><span class=\"hr-inner-style\"><\/span><\/span><\/div>\n<div class='flex_column_table av-lyy2v1xe-c004cec9e9db6aed44d5ea75cc2675b7 sc-av_one_fifth av-equal-height-column-flextable'>\n<style type=\"text\/css\" data-created_by=\"avia_inline_auto\" id=\"style-css-av-lyy2v1xe-c004cec9e9db6aed44d5ea75cc2675b7\">\n.flex_column.av-lyy2v1xe-c004cec9e9db6aed44d5ea75cc2675b7{\nborder-radius:0px 0px 0px 0px;\npadding:0px 0px 0px 0px;\n}\n<\/style>\n<div  class='flex_column av-lyy2v1xe-c004cec9e9db6aed44d5ea75cc2675b7 av_one_fifth  avia-builder-el-8  el_after_av_hr  el_before_av_three_fifth  first flex_column_table_cell av-equal-height-column av-align-top av-zero-column-padding'     ><\/div><div class='av-flex-placeholder'><\/div>\n<style type=\"text\/css\" data-created_by=\"avia_inline_auto\" id=\"style-css-av-av_three_fifth-96471c6a872bb75c0ce03c20d00030c6\">\n.flex_column.av-av_three_fifth-96471c6a872bb75c0ce03c20d00030c6{\nborder-radius:0px 0px 0px 0px;\npadding:0px 0px 0px 0px;\n}\n<\/style>\n<div  class='flex_column av-av_three_fifth-96471c6a872bb75c0ce03c20d00030c6 av_three_fifth  avia-builder-el-9  el_after_av_one_fifth  el_before_av_one_fifth  flex_column_table_cell av-equal-height-column av-align-top av-zero-column-padding'     ><p>\n<style type=\"text\/css\" data-created_by=\"avia_inline_auto\" id=\"style-css-av-lyy2hryi-7159e62e98d5b9d8a69d23d2b88b4979\">\n#top .av-special-heading.av-lyy2hryi-7159e62e98d5b9d8a69d23d2b88b4979{\npadding-bottom:10px;\n}\nbody .av-special-heading.av-lyy2hryi-7159e62e98d5b9d8a69d23d2b88b4979 .av-special-heading-tag .heading-char{\nfont-size:25px;\n}\n.av-special-heading.av-lyy2hryi-7159e62e98d5b9d8a69d23d2b88b4979 .av-subheading{\nfont-size:15px;\n}\n<\/style>\n<div  class='av-special-heading av-lyy2hryi-7159e62e98d5b9d8a69d23d2b88b4979 av-special-heading-h3 blockquote modern-quote modern-centered  avia-builder-el-10  el_before_av_textblock  avia-builder-el-first'><h3 class='av-special-heading-tag'  itemprop=\"headline\"  >\u00c0 propos des citations sur le champagne<\/h3><div class=\"special-heading-border\"><div class=\"special-heading-inner-border\"><\/div><\/div><\/div><br \/>\n<section  class='av_textblock_section av-lyy2fx2v-7d2b4321f5d3f4f33fa1e4ae85aa3322'   itemscope=\"itemscope\" itemtype=\"https:\/\/schema.org\/CreativeWork\" ><div class='avia_textblock'  itemprop=\"text\" ><p><a href=\"https:\/\/champagner.com\/fr\/\">Champagne<\/a>Le champagne, souvent appel\u00e9 le \"roi des vins\", a inspir\u00e9 de nombreuses citations c\u00e9l\u00e8bres au fil des si\u00e8cles. Ces citations de champagne refl\u00e8tent l'\u00e9l\u00e9gance, la solennit\u00e9 et la joie associ\u00e9es \u00e0 la consommation de cette noble boisson.<\/p>\n<p>Une c\u00e9l\u00e8bre citation sur le champagne est de Coco Chanel, qui a dit : \"Je ne bois du champagne qu'en deux occasions : quand je suis amoureuse et quand je ne le suis pas\". Cette d\u00e9claration souligne le charme universel et la polyvalence du champagne, qui peut \u00eatre bu aussi bien dans les moments de bonheur que dans les moments de m\u00e9lancolie.<\/p>\n<p>Winston Churchill \u00e9tait \u00e9galement un grand amateur de champagne, ainsi que de citations sur le champagne, et a souvent exprim\u00e9 sa pr\u00e9f\u00e9rence pour ce noble breuvage. L'une de ses citations les plus connues sur le champagne est la suivante : \"Le champagne doit \u00eatre frais, <a href=\"https:\/\/champagner.com\/fr\/glossaire-2\/sec\/\">sec<\/a> et \u00eatre gratuit\". Churchill \u00e9tait connu pour son exigence <a href=\"https:\/\/champagner.com\/fr\/glossaire-2\/morsure\/\">Go\u00fbt<\/a> et son go\u00fbt pour le luxe, et cette citation capture parfaitement son attitude.<\/p>\n<p>Oscar Wilde, le c\u00e9l\u00e8bre \u00e9crivain et dandy, a un jour fait remarquer, en citant le champagne : \"Seuls les gens tout \u00e0 fait triviaux sont vraiment s\u00e9rieux, et seuls les gens tout \u00e0 fait s\u00e9rieux ont jamais cr\u00e9\u00e9 quelque chose de trivial\". M\u00eame si cette citation ne vise pas directement le champagne, les nombreuses autres remarques de Wilde sur la vie et l'art refl\u00e8tent son appr\u00e9ciation des choses raffin\u00e9es de la vie, dont le champagne fait certainement partie.<\/p>\n<p>Madame de Pompadour, la ma\u00eetresse du roi Louis XV, a dit un jour : \"Le champagne est la seule boisson qui rend une femme plus belle \u00e0 mesure qu'elle en boit\". Cette citation de champagne souligne l'aspect glamour et s\u00e9duisant du champagne et la mani\u00e8re dont il peut mettre en valeur l'\u00e9l\u00e9gance et la beaut\u00e9 de ses consommateurs.<\/p>\n<h4>R\u00e9sum\u00e9 sur les citations de champagne<\/h4>\n<p>En r\u00e9sum\u00e9, ces citations de champagne montrent la fascination persistante et la place particuli\u00e8re qu'occupe le champagne dans la culture et l'art. <a href=\"https:\/\/champagner.com\/fr\/glossaire-2\/origine-du-champagne\/\">Histoire<\/a> de la vie quotidienne. Que ce soit lors d'occasions festives, de moments romantiques ou simplement en tant que <a href=\"https:\/\/champagner.com\/fr\/champagne-recettes-cuisine\/\">Le plaisir<\/a> au quotidien - le champagne a toujours un charme particulier et inspire les gens dans le monde entier. Nous vous souhaitons beaucoup de plaisir \u00e0 lire les citations sur le champagne.<\/p>\n<\/div><\/section><\/p><\/div><div class='av-flex-placeholder'><\/div>\n<style type=\"text\/css\" data-created_by=\"avia_inline_auto\" id=\"style-css-av-av_one_fifth-96471c6a872bb75c0ce03c20d00030c6\">\n.flex_column.av-av_one_fifth-96471c6a872bb75c0ce03c20d00030c6{\nborder-radius:0px 0px 0px 0px;\npadding:0px 0px 0px 0px;\n}\n<\/style>\n<div  class='flex_column av-av_one_fifth-96471c6a872bb75c0ce03c20d00030c6 av_one_fifth  avia-builder-el-12  el_after_av_three_fifth  avia-builder-el-last  flex_column_table_cell av-equal-height-column av-align-top av-zero-column-padding'     ><\/div><\/div><!--close column table wrapper. Autoclose: 1 -->","protected":false},"excerpt":{"rendered":"","protected":false},"author":1,"featured_media":4618,"parent":0,"menu_order":0,"comment_status":"closed","ping_status":"closed","template":"","meta":{"footnotes":""},"class_list":["post-4024","page","type-page","status-publish","has-post-thumbnail","hentry"],"_links":{"self":[{"href":"https:\/\/champagner.com\/fr\/wp-json\/wp\/v2\/pages\/4024","targetHints":{"allow":["GET"]}}],"collection":[{"href":"https:\/\/champagner.com\/fr\/wp-json\/wp\/v2\/pages"}],"about":[{"href":"https:\/\/champagner.com\/fr\/wp-json\/wp\/v2\/types\/page"}],"author":[{"embeddable":true,"href":"https:\/\/champagner.com\/fr\/wp-json\/wp\/v2\/users\/1"}],"replies":[{"embeddable":true,"href":"https:\/\/champagner.com\/fr\/wp-json\/wp\/v2\/comments?post=4024"}],"version-history":[{"count":0,"href":"https:\/\/champagner.com\/fr\/wp-json\/wp\/v2\/pages\/4024\/revisions"}],"wp:featuredmedia":[{"embeddable":true,"href":"https:\/\/champagner.com\/fr\/wp-json\/wp\/v2\/media\/4618"}],"wp:attachment":[{"href":"https:\/\/champagner.com\/fr\/wp-json\/wp\/v2\/media?parent=4024"}],"curies":[{"name":"wp","href":"https:\/\/api.w.org\/{rel}","templated":true}]}}