{"id":6514,"date":"2022-05-05T13:28:39","date_gmt":"2022-05-05T13:28:39","guid":{"rendered":"https:\/\/champagner.com\/?page_id=6514"},"modified":"2024-11-04T12:47:51","modified_gmt":"2024-11-04T12:47:51","slug":"art-du-champagne","status":"publish","type":"page","link":"https:\/\/champagner.com\/fr\/art-du-champagne\/","title":{"rendered":"Art du champagne"},"content":{"rendered":"<div   class='avia-fullscreen-slider main_color   avia-builder-el-0  el_before_av_section  avia-builder-el-first  container_wrap fullsize'  ><div  class='avia-slideshow av-kjripr6g-74ffc6525b251b8b733cc3ef032d902d avia-slideshow-extra_large av_fullscreen avia-slide-slider av-slideshow-ui av-control-default av-slideshow-manual av-loop-once av-loop-manual-endless av-default-height-applied   avia-slideshow-1' data-slideshow-options=\"{&quot;animation&quot;:&quot;slide&quot;,&quot;autoplay&quot;:false,&quot;loop_autoplay&quot;:&quot;once&quot;,&quot;interval&quot;:5,&quot;loop_manual&quot;:&quot;manual-endless&quot;,&quot;autoplay_stopper&quot;:false,&quot;noNavigation&quot;:false,&quot;bg_slider&quot;:true,&quot;keep_padding&quot;:false,&quot;hoverpause&quot;:false,&quot;show_slide_delay&quot;:0,&quot;slide_height&quot;:&quot;100&quot;,&quot;image_attachment&quot;:&quot;&quot;}\"  itemprop=\"image\" itemscope=\"itemscope\" itemtype=\"https:\/\/schema.org\/ImageObject\" ><ul class='avia-slideshow-inner' style='padding-bottom: 53.2%;'><li style='background-position:center center;' data-img-url='https:\/\/champagner.com\/wp-content\/uploads\/2018\/05\/Champagne-Charles-de-Cazanove-1500x798.jpg' class='avia-slideshow-slide av-kjripr6g-74ffc6525b251b8b733cc3ef032d902d__0  av-single-slide slide-1 slide-odd'><div data-rel='slideshow-1' class='avia-slide-wrap'  title='Charles de Cazanove Champagne ' ><\/div><\/li><\/ul><\/div><\/div>\n<div id='av_section_1'  class='avia-section av-9qys-7fbec837cc9414b56951d589a49fa01e main_color avia-section-default avia-no-border-styling  avia-builder-el-1  el_after_av_fullscreen  avia-builder-el-last  avia-bg-style-scroll container_wrap fullsize'  ><div class='container av-section-cont-open' ><div class='template-page content  av-content-full alpha units'><div class='post-entry post-entry-type-page post-entry-6514'><div class='entry-content-wrapper clearfix'>\n\n<style type=\"text\/css\" data-created_by=\"avia_inline_auto\" id=\"style-css-av-9tz4-26c14c70028d90a54aefce07862c0d7e\">\n.flex_column.av-9tz4-26c14c70028d90a54aefce07862c0d7e{\nborder-radius:0px 0px 0px 0px;\npadding:0px 0px 0px 0px;\n}\n<\/style>\n<div  class='flex_column av-9tz4-26c14c70028d90a54aefce07862c0d7e av_one_fifth  avia-builder-el-2  el_before_av_three_fifth  avia-builder-el-first  first flex_column_div av-zero-column-padding'     ><\/div>\n<style type=\"text\/css\" data-created_by=\"avia_inline_auto\" id=\"style-css-av-5y3a-c3ba98e644c5ae5c87ca984f1618400f\">\n.flex_column.av-5y3a-c3ba98e644c5ae5c87ca984f1618400f{\nborder-radius:0px 0px 0px 0px;\npadding:0px 0px 0px 0px;\n}\n<\/style>\n<div  class='flex_column av-5y3a-c3ba98e644c5ae5c87ca984f1618400f av_three_fifth  avia-builder-el-3  el_after_av_one_fifth  el_before_av_one_fifth  flex_column_div av-zero-column-padding'     ><p>\n<style type=\"text\/css\" data-created_by=\"avia_inline_auto\" id=\"style-css-av-kjrjnv83-db0150b69486a15817a0557cc8e62443\">\n#top .av-special-heading.av-kjrjnv83-db0150b69486a15817a0557cc8e62443{\npadding-bottom:30px;\nfont-size:50px;\n}\nbody .av-special-heading.av-kjrjnv83-db0150b69486a15817a0557cc8e62443 .av-special-heading-tag .heading-char{\nfont-size:25px;\n}\n#top #wrap_all .av-special-heading.av-kjrjnv83-db0150b69486a15817a0557cc8e62443 .av-special-heading-tag{\nfont-size:50px;\n}\n.av-special-heading.av-kjrjnv83-db0150b69486a15817a0557cc8e62443 .av-subheading{\nfont-size:15px;\n}\n\n@media only screen and (min-width: 480px) and (max-width: 767px){ \n#top #wrap_all .av-special-heading.av-kjrjnv83-db0150b69486a15817a0557cc8e62443 .av-special-heading-tag{\nfont-size:0.8em;\n}\n}\n\n@media only screen and (max-width: 479px){ \n#top #wrap_all .av-special-heading.av-kjrjnv83-db0150b69486a15817a0557cc8e62443 .av-special-heading-tag{\nfont-size:0.8em;\n}\n}\n<\/style>\n<div  class='av-special-heading av-kjrjnv83-db0150b69486a15817a0557cc8e62443 av-special-heading-h1 blockquote modern-quote  avia-builder-el-4  el_before_av_textblock  avia-builder-el-first  av-inherit-size'><h1 class='av-special-heading-tag'  itemprop=\"headline\"  >Art du champagne<\/h1><div class=\"special-heading-border\"><div class=\"special-heading-inner-border\"><\/div><\/div><\/div><br \/>\n\n<style type=\"text\/css\" data-created_by=\"avia_inline_auto\" id=\"style-css-av-kj4bin1p-19cbf03350244018d7d4cfd1501789b0\">\n#top .av_textblock_section.av-kj4bin1p-19cbf03350244018d7d4cfd1501789b0 .avia_textblock{\nfont-size:18px;\n}\n<\/style>\n<section  class='av_textblock_section av-kj4bin1p-19cbf03350244018d7d4cfd1501789b0'   itemscope=\"itemscope\" itemtype=\"https:\/\/schema.org\/CreativeWork\" ><div class='avia_textblock'  itemprop=\"text\" ><p><strong><a href=\"https:\/\/champagner.com\/fr\/\">Champagne<\/a><\/strong> incarne bien plus que la meilleure qualit\u00e9 des vins. Outre le plaisir proprement dit, le champagne g\u00e9n\u00e8re \u00e9galement une aura puissante, difficile \u00e0 exprimer avec des mots, mais qui est presque toujours \u00e0 port\u00e9e de main.<\/p>\n<p>En anglais, on le dit ainsi :<\/p>\n<blockquote>\n<p><a href=\"https:\/\/champagner.com\/fr\/sites\/\">Champagne<\/a> cr\u00e9e une ambiance, d\u00e9livre une d\u00e9claration puissante et favorise presque \u00e0 coup s\u00fbr l'exp\u00e9rience ! Sachez que vous ne consommez pas seulement le meilleur vin, mais que vous invoquez aussi un grand esprit !<\/p>\n<\/blockquote>\n<p>D\u00e8s la Belle \u00c9poque, certains fabricants ont compris que ce ph\u00e9nom\u00e8ne puissant, cet esprit, se laissait le mieux saisir par l'art. Seuls les meilleurs artistes et graphistes de l'\u00e9poque \u00e9taient assez dou\u00e9s pour leur permettre d'incarner cet 'esprit' dans le contexte de <a href=\"https:\/\/champagner.com\/fr\/etiquettes-de-champagne\/\">\u00c9tiquettes de champagne<\/a>Il s'agit de s'occuper des affiches, des menus et des cartes postales.<\/p>\n<p>Par exemple, la soci\u00e9t\u00e9 Delbeck a fait appel avec succ\u00e8s \u00e0 des artistes connus de l'\u00e9poque tels que Klimt, Muchas, Cappiello, Erg\u00e9, Gall\u00e9, Andreis, Chatin, Tristan Bernard et Benjamin Rabier.<\/p>\n<p>Le succ\u00e8s et l'ampleur des r\u00e9alisations artistiques de cette \u00e9poque n'ont pas encore \u00e9t\u00e9 \u00e9gal\u00e9s. Les affiches de champagne de la Belle \u00c9poque sont aujourd'hui encore tr\u00e8s pris\u00e9es dans le monde entier en tant que posters d\u00e9coratifs.<\/p>\n<p>Le lien naturel entre le champagne et l'art reste cependant intact jusqu'\u00e0 aujourd'hui.<\/p>\n<h3>Art du champagne<\/h3>\n<p>L'art actuel du champagne de <a href=\"https:\/\/champagner.com\/fr\/maisons-de-champagne\/\">Maisons de Champagne<\/a> peut \u00eatre divis\u00e9 en trois domaines :<\/p>\n<ul>\n<li>L'art national, c'est-\u00e0-dire l'art qui se limite \u00e0 la France et \u00e0 ses artistes.<\/li>\n<li>L'art international, c'est-\u00e0-dire l'art qui place les artistes du monde entier sous la lumi\u00e8re du champagne.<\/li>\n<li>L'art du design ou New Art. Il s'agit d'une forme d'art souvent provocante, parfois choquante. Ce type d'art champenois regroupe les objets qui ne font plus r\u00e9f\u00e9rence \u00e0 la Belle \u00c9poque.<\/li>\n<\/ul>\n<p>Les bouteilles de la maison Bruno Pillard, pour lesquelles les \u00e9tiquettes de champagne ont \u00e9t\u00e9 con\u00e7ues et dessin\u00e9es par des artistes fran\u00e7ais, sont un exemple de l'art national du champagne.<\/p>\n<p>Jusqu'\u00e0 pr\u00e9sent, douze bouteilles ont \u00e9t\u00e9 r\u00e9alis\u00e9es par des artistes travaillant et vivant en France. La particularit\u00e9 de ces bouteilles est qu'une vari\u00e9t\u00e9 ou une ann\u00e9e diff\u00e9rente a \u00e9t\u00e9 mise \u00e0 l'honneur par chaque artiste.<\/p>\n<p>Les bouteilles dites de collection de la maison Taittinger sont un exemple de l'art international en mati\u00e8re de champagne.<br \/>\nLes bouteilles Taittinger Collecitons sont des bouteilles de champagne qui sont produites depuis 1978 lors d'une bonne ann\u00e9e de champagne.<br \/>\nLa particularit\u00e9 de ces bouteilles est qu'elles ont toutes \u00e9t\u00e9 con\u00e7ues par un artiste diff\u00e9rent. Depuis 1983, neuf artistes de renomm\u00e9e internationale ont chacun cr\u00e9\u00e9 une bouteille \u00e0 la demande de Claude Taittinger.<\/p>\n<p>Les six premi\u00e8res bouteilles ont \u00e9t\u00e9 con\u00e7ues par VASARELY (Mills\u00e9sime 1978), par ARMAN (Mills\u00e9sime 1981), par MASSON (Mills\u00e9sime 1982), par VIEIRA DA SILVA (Mills\u00e9sime 1983), par LICHTENSTEIN (Mills\u00e9sime 1985) et par HARTUNG (Mills\u00e9sime 1986). Ils ne peuvent plus \u00eatre trouv\u00e9s qu'avec beaucoup de chance dans des ventes aux ench\u00e8res.<br \/>\nMais heureusement, les trois derni\u00e8res bouteilles des artistes Ima\u00cf, Corneille et Matta sont encore disponibles dans le commerce.<\/p>\n<p>Dans ce que nous appelons l'art du champagne design, un bon exemple est venu de la maison Veuve Cliquot.<br \/>\nPour ce que l'on appelle le mill\u00e9naire, le passage de 1999 \u00e0 <a href=\"https:\/\/champagner.com\/fr\/millesime\/\">2000<\/a>Veuve Cliquot a lanc\u00e9 une version sp\u00e9ciale de La Grande Dame.<br \/>\nL'artiste Elisabeth Rubin a cr\u00e9\u00e9 \u00e0 cet effet une valise en verre acrylique qui pouvait contenir au choix une bouteille de 1,5 ou de 3 litres. Dans cette valise, la bouteille \u00e9tait fix\u00e9e \u00e0 deux supports en cuir.<\/p>\n<p><strong>Pour finir, voici un exemple qui ne se laisse pas facilement classer dans l'une de ces trois cat\u00e9gories<\/strong><\/p>\n<p>La maison Piper-Heidsieck propose une bouteille con\u00e7ue par le cr\u00e9ateur de mode fran\u00e7ais Jean-Paul Gaultier.<br \/>\nIl s'agissait d'une bouteille habill\u00e9e d'un corset rouge. La bouteille et le v\u00eatement qui l'enveloppe sont bien entendu sign\u00e9s par le cr\u00e9ateur et la bouteille est pr\u00e9sent\u00e9e dans un bel emballage en verre acrylique.<\/p>\n<div id=\"attachment_7576\" style=\"width: 350px\" class=\"wp-caption aligncenter\"><img loading=\"lazy\" decoding=\"async\" aria-describedby=\"caption-attachment-7576\" class=\"wp-image-7576 size-full\" title=\"Jean-Paul Gaultier &amp; Piper-Heidsieck Champagne\" src=\"https:\/\/champagner.com\/wp-content\/uploads\/2024\/07\/Jean-Paul-Gaultier-Piper-Heidsieck.webp\" alt=\"Jean-Paul Gaultier &amp; Piper-Heidsieck Champagne\" width=\"340\" height=\"270\" srcset=\"https:\/\/champagner.com\/wp-content\/uploads\/2024\/07\/Jean-Paul-Gaultier-Piper-Heidsieck.webp 340w, https:\/\/champagner.com\/wp-content\/uploads\/2024\/07\/Jean-Paul-Gaultier-Piper-Heidsieck-300x238.webp 300w, https:\/\/champagner.com\/wp-content\/uploads\/2024\/07\/Jean-Paul-Gaultier-Piper-Heidsieck-15x12.webp 15w\" sizes=\"auto, (max-width: 340px) 100vw, 340px\" \/><p id=\"caption-attachment-7576\" class=\"wp-caption-text\">Jean-Paul Gaultier &amp; Piper-Heidsieck Champagne<\/p><\/div>\n<p>Comme vous pouvez le constater, le th\u00e8me de l'art du champagne est tr\u00e8s vari\u00e9 et ne peut pas \u00eatre rang\u00e9 dans un tiroir fixe.<\/p>\n<\/div><\/section><\/p><\/div>\n<style type=\"text\/css\" data-created_by=\"avia_inline_auto\" id=\"style-css-av-7vz4-e2ecb25e9168201a3fd1fa7a9982a872\">\n.flex_column.av-7vz4-e2ecb25e9168201a3fd1fa7a9982a872{\nborder-radius:0px 0px 0px 0px;\npadding:0px 0px 0px 0px;\n}\n<\/style>\n<div  class='flex_column av-7vz4-e2ecb25e9168201a3fd1fa7a9982a872 av_one_fifth  avia-builder-el-6  el_after_av_three_fifth  avia-builder-el-last  flex_column_div av-zero-column-padding'     ><\/div>","protected":false},"excerpt":{"rendered":"","protected":false},"author":1,"featured_media":4712,"parent":0,"menu_order":0,"comment_status":"closed","ping_status":"closed","template":"","meta":{"footnotes":""},"class_list":["post-6514","page","type-page","status-publish","has-post-thumbnail","hentry"],"_links":{"self":[{"href":"https:\/\/champagner.com\/fr\/wp-json\/wp\/v2\/pages\/6514","targetHints":{"allow":["GET"]}}],"collection":[{"href":"https:\/\/champagner.com\/fr\/wp-json\/wp\/v2\/pages"}],"about":[{"href":"https:\/\/champagner.com\/fr\/wp-json\/wp\/v2\/types\/page"}],"author":[{"embeddable":true,"href":"https:\/\/champagner.com\/fr\/wp-json\/wp\/v2\/users\/1"}],"replies":[{"embeddable":true,"href":"https:\/\/champagner.com\/fr\/wp-json\/wp\/v2\/comments?post=6514"}],"version-history":[{"count":0,"href":"https:\/\/champagner.com\/fr\/wp-json\/wp\/v2\/pages\/6514\/revisions"}],"wp:featuredmedia":[{"embeddable":true,"href":"https:\/\/champagner.com\/fr\/wp-json\/wp\/v2\/media\/4712"}],"wp:attachment":[{"href":"https:\/\/champagner.com\/fr\/wp-json\/wp\/v2\/media?parent=6514"}],"curies":[{"name":"wp","href":"https:\/\/api.w.org\/{rel}","templated":true}]}}