{"id":6528,"date":"2022-05-05T13:56:49","date_gmt":"2022-05-05T13:56:49","guid":{"rendered":"https:\/\/champagner.com\/?page_id=6528"},"modified":"2024-11-04T12:46:29","modified_gmt":"2024-11-04T12:46:29","slug":"etiquettes-de-champagne","status":"publish","type":"page","link":"https:\/\/champagner.com\/fr\/etiquettes-de-champagne\/","title":{"rendered":"\u00c9tiquettes de champagne"},"content":{"rendered":"<div   class='avia-fullscreen-slider main_color   avia-builder-el-0  el_before_av_section  avia-builder-el-first  container_wrap fullsize'  ><div  class='avia-slideshow av-kjripr6g-74ffc6525b251b8b733cc3ef032d902d avia-slideshow-extra_large av_fullscreen avia-slide-slider av-slideshow-ui av-control-default av-slideshow-manual av-loop-once av-loop-manual-endless av-default-height-applied   avia-slideshow-1' data-slideshow-options=\"{&quot;animation&quot;:&quot;slide&quot;,&quot;autoplay&quot;:false,&quot;loop_autoplay&quot;:&quot;once&quot;,&quot;interval&quot;:5,&quot;loop_manual&quot;:&quot;manual-endless&quot;,&quot;autoplay_stopper&quot;:false,&quot;noNavigation&quot;:false,&quot;bg_slider&quot;:true,&quot;keep_padding&quot;:false,&quot;hoverpause&quot;:false,&quot;show_slide_delay&quot;:0,&quot;slide_height&quot;:&quot;100&quot;,&quot;image_attachment&quot;:&quot;&quot;}\"  itemprop=\"image\" itemscope=\"itemscope\" itemtype=\"https:\/\/schema.org\/ImageObject\" ><ul class='avia-slideshow-inner' style='padding-bottom: 56.390977443609%;'><li style='background-position:center center;' data-img-url='https:\/\/champagner.com\/wp-content\/uploads\/2018\/05\/thienot-champagner-cuvee-alain-thienot.jpg' class='avia-slideshow-slide av-kjripr6g-74ffc6525b251b8b733cc3ef032d902d__0  av-single-slide slide-1 slide-odd'><div data-rel='slideshow-1' class='avia-slide-wrap'  title='Thi\u00e9not Champagne Cuv\u00e9e Alain Thi\u00e9not' ><\/div><\/li><\/ul><\/div><\/div>\n<div id='av_section_1'  class='avia-section av-9qys-7fbec837cc9414b56951d589a49fa01e main_color avia-section-default avia-no-border-styling  avia-builder-el-1  el_after_av_fullscreen  avia-builder-el-last  avia-bg-style-scroll container_wrap fullsize'  ><div class='container av-section-cont-open' ><div class='template-page content  av-content-full alpha units'><div class='post-entry post-entry-type-page post-entry-6528'><div class='entry-content-wrapper clearfix'>\n\n<style type=\"text\/css\" data-created_by=\"avia_inline_auto\" id=\"style-css-av-9tz4-26c14c70028d90a54aefce07862c0d7e\">\n.flex_column.av-9tz4-26c14c70028d90a54aefce07862c0d7e{\nborder-radius:0px 0px 0px 0px;\npadding:0px 0px 0px 0px;\n}\n<\/style>\n<div  class='flex_column av-9tz4-26c14c70028d90a54aefce07862c0d7e av_one_fifth  avia-builder-el-2  el_before_av_three_fifth  avia-builder-el-first  first flex_column_div av-zero-column-padding'     ><\/div>\n<style type=\"text\/css\" data-created_by=\"avia_inline_auto\" id=\"style-css-av-5y3a-c3ba98e644c5ae5c87ca984f1618400f\">\n.flex_column.av-5y3a-c3ba98e644c5ae5c87ca984f1618400f{\nborder-radius:0px 0px 0px 0px;\npadding:0px 0px 0px 0px;\n}\n<\/style>\n<div  class='flex_column av-5y3a-c3ba98e644c5ae5c87ca984f1618400f av_three_fifth  avia-builder-el-3  el_after_av_one_fifth  el_before_av_one_fifth  flex_column_div av-zero-column-padding'     ><p>\n<style type=\"text\/css\" data-created_by=\"avia_inline_auto\" id=\"style-css-av-kjrjnv83-2a35af8d1787f56e3a1ccc09942a3cd9\">\n#top .av-special-heading.av-kjrjnv83-2a35af8d1787f56e3a1ccc09942a3cd9{\npadding-bottom:30px;\nfont-size:50px;\n}\nbody .av-special-heading.av-kjrjnv83-2a35af8d1787f56e3a1ccc09942a3cd9 .av-special-heading-tag .heading-char{\nfont-size:25px;\n}\n#top #wrap_all .av-special-heading.av-kjrjnv83-2a35af8d1787f56e3a1ccc09942a3cd9 .av-special-heading-tag{\nfont-size:50px;\n}\n.av-special-heading.av-kjrjnv83-2a35af8d1787f56e3a1ccc09942a3cd9 .av-subheading{\nfont-size:15px;\n}\n\n@media only screen and (min-width: 480px) and (max-width: 767px){ \n#top #wrap_all .av-special-heading.av-kjrjnv83-2a35af8d1787f56e3a1ccc09942a3cd9 .av-special-heading-tag{\nfont-size:0.8em;\n}\n}\n\n@media only screen and (max-width: 479px){ \n#top #wrap_all .av-special-heading.av-kjrjnv83-2a35af8d1787f56e3a1ccc09942a3cd9 .av-special-heading-tag{\nfont-size:0.8em;\n}\n}\n<\/style>\n<div  class='av-special-heading av-kjrjnv83-2a35af8d1787f56e3a1ccc09942a3cd9 av-special-heading-h1 blockquote modern-quote  avia-builder-el-4  el_before_av_textblock  avia-builder-el-first  av-inherit-size'><h1 class='av-special-heading-tag'  itemprop=\"headline\"  >\u00c9tiquettes de champagne<\/h1><div class=\"special-heading-border\"><div class=\"special-heading-inner-border\"><\/div><\/div><\/div><br \/>\n\n<style type=\"text\/css\" data-created_by=\"avia_inline_auto\" id=\"style-css-av-kj4bin1p-07a9ad7eee89eb6f83c5a5be01d6504d\">\n#top .av_textblock_section.av-kj4bin1p-07a9ad7eee89eb6f83c5a5be01d6504d .avia_textblock{\nfont-size:18px;\ntext-align:left;\n}\n<\/style>\n<section  class='av_textblock_section av-kj4bin1p-07a9ad7eee89eb6f83c5a5be01d6504d'   itemscope=\"itemscope\" itemtype=\"https:\/\/schema.org\/CreativeWork\" ><div class='avia_textblock'  itemprop=\"text\" ><h3>Les \u00e9tiquettes de Champager<\/h3>\n<p>Les \u00e9tiquettes des <a href=\"https:\/\/champagner.com\/fr\/\">Champagne<\/a> sont assimil\u00e9s \u00e0 des cartes d'identit\u00e9,<br \/>\nqui contiennent des informations importantes r\u00e9gies par des r\u00e8gles strictes. Une \u00e9tiquette vous indique par exemple de quelle maison provient le champagne et quel est son go\u00fbt.<\/p>\n<p>Les \u00e9tiquettes de champagne sont apparues sous une forme primitive d\u00e8s le dix-huiti\u00e8me si\u00e8cle. Elles \u00e9taient rarement plus que des bouts de papier coll\u00e9s contenant de maigres informations manuscrites.<\/p>\n<p>C'est vers 1820 qu'apparaissent les v\u00e9ritables \u00e9tiquettes, qui correspondent \u00e0 ce que nous connaissons aujourd'hui.<br \/>\n\u00e9tiquettes se ressemblaient d\u00e9j\u00e0. Peu de temps apr\u00e8s, une comp\u00e9tition s'est r\u00e9guli\u00e8rement d\u00e9velopp\u00e9e pour refl\u00e9ter la r\u00e9putation de la maison ainsi que la culture et l'art dans l'\u00e9tiquette.<\/p>\n<p>Bien qu'elles pr\u00e9sentent encore aujourd'hui souvent ces belles qualit\u00e9s, les \u00e9tiquettes de champagne se sont \u00e9galement transform\u00e9es en 'drapeaux' des maisons, qui sont d\u00e9fendus dans la lutte contre les imitations pour la protection des consommateurs.<\/p>\n<h3>L'\u00e9tiquette en d\u00e9tail<\/h3>\n<p>Dans cet exemple, il s'agit d'une \u00e9tiquette de la c\u00e9l\u00e8bre maison <a href=\"https:\/\/champagner.com\/fr\/g-h-mumm-champagne\/\">Mumm<\/a>. Cette \u00e9tiquette de Mumm provient d'une bouteille du march\u00e9 am\u00e9ricain.<\/p>\n<p>L'appellation 'Champagne'. Sans elle, le contenu n'est pas du vrai champagne !<\/p>\n<p>En g\u00e9n\u00e9ral, la marque et\/ou le nom de la maison sont mentionn\u00e9s en bonne place. Certaines couleurs sont \u00e9galement d\u00e9fendues par certaines maisons. La marque Veuve Clicquot, par exemple, est facilement reconnaissable gr\u00e2ce \u00e0 son orange particulier sur les \u00e9tiquettes de champagne.<br \/>\nSur cette \u00e9tiquette de Mumm, on voit \u00e0 la fois le nom de G. H. Mumm et la marque Cordon Rouge dans le fameux ruban rouge diagonal. Ce ruban rouge pro\u00e9minent a d'abord \u00e9t\u00e9 introduit en 1876 sous la forme d'\u00e9l\u00e9gantes boucles de soie autour des bouteilles. En 1883, au lieu des boucles, ce sont les \u00e9tiquettes qui ont \u00e9t\u00e9 dot\u00e9es du ruban rouge. Le ruban rouge est symboliquement d\u00e9riv\u00e9 de la L\u00e9gion d'honneur fran\u00e7aise.<\/p>\n<ul>\n<li>La ville ainsi que le pays d'origine France<\/li>\n<li>Le taux d'alcool (entre 10,5% et 13%)<\/li>\n<li>Le volume des bouteilles<\/li>\n<\/ul>\n<p>Le volume liquide am\u00e9ricain correspondant (US 1pint, 10 fluid ounces) a \u00e9t\u00e9 indiqu\u00e9 ici. Il s'agissait donc d'une bouteille europ\u00e9enne typique.<\/p>\n<p>Le num\u00e9ro de contr\u00f4le du CIVC comme donn\u00e9e obligatoire, qui commence par deux lettres et est suivi d'un num\u00e9ro \u00e0 plusieurs chiffres. Les lettres sont des abr\u00e9viations et signifient<\/p>\n<p>**N.M.<br \/>\n(n\u00e9gociant-manipulant)<br \/>\nPr\u00e9par\u00e9 par une maison de champagne<\/p>\n<p>** M.A.<br \/>\n(marque d'acheteur)<br \/>\nUne marque secondaire. Ce champagne a \u00e9t\u00e9<br \/>\npar la maison de Champagne en tant que mise en bouteille sp\u00e9ciale ou<br \/>\nconditionnement sous marque de distributeur \u00e0 un<br \/>\nrestaurant ou une compagnie a\u00e9rienne.<\/p>\n<p>** R.M<br \/>\n(r\u00e9coltant-manipulant)<br \/>\nPr\u00e9par\u00e9 par un vigneron champenois \u00e0 partir de ses propres<br \/>\nVignes.<\/p>\n<p>** R.C.<br \/>\n(r\u00e9coltant-coop\u00e9rateur)<br \/>\nPr\u00e9par\u00e9 par un vigneron champenois \u00e0 partir de ses propres<br \/>\nvignes ainsi que le stock d'une coop\u00e9rative viticole.<\/p>\n<p>** C.M.<br \/>\n(coop\u00e9rative de manipulation)<br \/>\nUne coop\u00e9rative de viticulteurs a sign\u00e9<br \/>\nresponsable de la mise en bouteille.<\/p>\n<p>L'\u00e9tiquetage du go\u00fbt est \u00e9galement tr\u00e8s important :<br \/>\nExtra-Brut, Brut, Extra Dry, Sec, Demi-Sec<br \/>\n(voir Dosage)<\/p>\n<p>L'\u00e9tiquette de col (ou d'\u00e9paule) d'une bouteille de champagne est appel\u00e9e cravate ou collerette. Elle indique parfois le nom de la maison, le blason ou le logo de la maison, le mill\u00e9sime du champagne, l'ann\u00e9e de fondation de la maison ou peut-\u00eatre une mention en tant que fournisseur officiel d'une certaine maison royale. Certaines maisons renoncent \u00e9galement \u00e0 l'\u00e9tiquette de col.<\/p>\n<p>En outre, les \u00e9tiquettes des champagnes contiennent souvent des indications suppl\u00e9mentaires.<\/p>\n<h3>\u00c9tiquettes de champagne Mill\u00e9sime<\/h3>\n<p>Les champagnes issus de raisins d'une seule ann\u00e9e sont appel\u00e9s \"champagnes de l'ann\u00e9e\". <a href=\"https:\/\/champagner.com\/fr\/sites\/\">Champagne<\/a> mill\u00e9sime.<br \/>\nLe mill\u00e9sime, comme par exemple <a href=\"https:\/\/champagner.com\/fr\/millesime\/\">1990<\/a> sur cette \u00e9tiquette d'un champagne de la maison Jacquesson, est g\u00e9n\u00e9ralement mentionn\u00e9 en bonne place. Le mill\u00e9sime est \u00e9galement indiqu\u00e9 sur le bouchon (voir aussi Bouchon).<\/p>\n<p>** Blanc de Blancs<br \/>\nObtenu \u00e0 100% \u00e0 partir de raisins de chardonnay.<br \/>\n(Voir aussi Blanc de Blancs).<\/p>\n<p>** Blanc de Noirs<br \/>\n\u00c9labor\u00e9 \u00e0 100% \u00e0 partir de raisins de pinot noir et\/ou de pinot meunier.<br \/>\n(Voir aussi Blanc de Noirs).<\/p>\n<p>** R\u00e9f\u00e9rence \u00e0 un cru<br \/>\nUn grand cru ou un premier cru indique les vins les plus appr\u00e9ci\u00e9s.<br \/>\nde la Champagne. Il existe 17 grands crus (p. ex. Ambonnay, Avize, A\u00ff, Bouzy, Cramant, Le Mesnil-sur-Oger, Tours-sur-Marne) et 41 premiers crus (p. ex. Chouilly, <a href=\"https:\/\/champagner.com\/fr\/glossaire-2\/hautvillers\/\">Hautvillers<\/a>, Mareuil-sur-A\u00ff ; voir aussi Cru).<\/p>\n<h4>\u00c9tiquettes de champagne artistiques<\/h4>\n<p>La maison Perrier-Jou\u00ebt utilise une \u00e9tiquette transparente aux dimensions harmonieuses en combinaison avec les fameuses fleurs encadrant la bouteille (Fleur de Champagne).<\/p>\n<p>De temps en temps, certaines maisons de champagne rappellent des faits historiques dans de tr\u00e8s belles \u00e9tiquettes. Dans cet exemple, il s'agit d'une \u00e9tiquette de la prestigieuse maison de champagne Lecerc Briant.<\/p>\n<p>Dans cet exemple, la c\u00e9l\u00e8bre maison de champagne Deutz \u00e9voque le l\u00e9gendaire Orient Express dans une \u00e9tiquette fantastique. Pas \u00e9tonnant qu'il y ait de nombreux collectionneurs d'\u00e9tiquettes<\/p>\n<p>Les \u00e9tiquettes de champagne artistiques de la maison Bruno Paillard constituent \u00e9galement un \u00e9v\u00e9nement.<\/p>\n<\/div><\/section><\/p><\/div>\n<style type=\"text\/css\" data-created_by=\"avia_inline_auto\" id=\"style-css-av-7vz4-e2ecb25e9168201a3fd1fa7a9982a872\">\n.flex_column.av-7vz4-e2ecb25e9168201a3fd1fa7a9982a872{\nborder-radius:0px 0px 0px 0px;\npadding:0px 0px 0px 0px;\n}\n<\/style>\n<div  class='flex_column av-7vz4-e2ecb25e9168201a3fd1fa7a9982a872 av_one_fifth  avia-builder-el-6  el_after_av_three_fifth  avia-builder-el-last  flex_column_div av-zero-column-padding'     ><\/div>","protected":false},"excerpt":{"rendered":"","protected":false},"author":1,"featured_media":4333,"parent":0,"menu_order":0,"comment_status":"closed","ping_status":"closed","template":"","meta":{"footnotes":""},"class_list":["post-6528","page","type-page","status-publish","has-post-thumbnail","hentry"],"_links":{"self":[{"href":"https:\/\/champagner.com\/fr\/wp-json\/wp\/v2\/pages\/6528","targetHints":{"allow":["GET"]}}],"collection":[{"href":"https:\/\/champagner.com\/fr\/wp-json\/wp\/v2\/pages"}],"about":[{"href":"https:\/\/champagner.com\/fr\/wp-json\/wp\/v2\/types\/page"}],"author":[{"embeddable":true,"href":"https:\/\/champagner.com\/fr\/wp-json\/wp\/v2\/users\/1"}],"replies":[{"embeddable":true,"href":"https:\/\/champagner.com\/fr\/wp-json\/wp\/v2\/comments?post=6528"}],"version-history":[{"count":0,"href":"https:\/\/champagner.com\/fr\/wp-json\/wp\/v2\/pages\/6528\/revisions"}],"wp:featuredmedia":[{"embeddable":true,"href":"https:\/\/champagner.com\/fr\/wp-json\/wp\/v2\/media\/4333"}],"wp:attachment":[{"href":"https:\/\/champagner.com\/fr\/wp-json\/wp\/v2\/media?parent=6528"}],"curies":[{"name":"wp","href":"https:\/\/api.w.org\/{rel}","templated":true}]}}