{"id":4024,"date":"2018-04-14T14:48:55","date_gmt":"2018-04-14T14:48:55","guid":{"rendered":"http:\/\/neu.champagner.eu\/?page_id=4024"},"modified":"2024-11-04T12:49:43","modified_gmt":"2024-11-04T12:49:43","slug":"pezsgo-idezetek","status":"publish","type":"page","link":"https:\/\/champagner.com\/hu\/pezsgo-idezetek\/","title":{"rendered":"Pezsg\u0151 id\u00e9zetek"},"content":{"rendered":"<div id='av_section_1'  class='avia-section av-1vm8bwo-709c60fc6f16c735dfd76d953ff4f866 main_color avia-section-default avia-no-shadow  avia-builder-el-0  avia-builder-el-no-sibling  avia-bg-style-scroll container_wrap fullsize'  ><div class='container av-section-cont-open' ><main  role=\"main\" itemprop=\"mainContentOfPage\"  class='template-page content  av-content-full alpha units'><div class='post-entry post-entry-type-page post-entry-4024'><div class='entry-content-wrapper clearfix'>\n\n<style type=\"text\/css\" data-created_by=\"avia_inline_auto\" id=\"style-css-av-kjm0x5lx-0474c4b615aca0c6c294fa130940e623\">\n#top .av-special-heading.av-kjm0x5lx-0474c4b615aca0c6c294fa130940e623{\npadding-bottom:10px;\n}\nbody .av-special-heading.av-kjm0x5lx-0474c4b615aca0c6c294fa130940e623 .av-special-heading-tag .heading-char{\nfont-size:25px;\n}\n.av-special-heading.av-kjm0x5lx-0474c4b615aca0c6c294fa130940e623 .av-subheading{\nfont-size:15px;\n}\n<\/style>\n<div  class='av-special-heading av-kjm0x5lx-0474c4b615aca0c6c294fa130940e623 av-special-heading-h1 blockquote modern-quote modern-centered  avia-builder-el-1  el_before_av_hr  avia-builder-el-first'><h1 class='av-special-heading-tag'  itemprop=\"headline\"  >Pezsg\u0151 id\u00e9zetek, - A 47 legszebb id\u00e9zet a pezsg\u0151r\u0151l<\/h1><div class=\"special-heading-border\"><div class=\"special-heading-inner-border\"><\/div><\/div><\/div>\n\n<style type=\"text\/css\" data-created_by=\"avia_inline_auto\" id=\"style-css-av-1to74o-5b1b323b02642b480f2b98e85a27ee1b\">\n#top .hr.av-1to74o-5b1b323b02642b480f2b98e85a27ee1b{\nmargin-top:30px;\nmargin-bottom:30px;\n}\n.hr.av-1to74o-5b1b323b02642b480f2b98e85a27ee1b .hr-inner{\nwidth:100%;\nborder-color:#d2ae6f;\n}\n<\/style>\n<div  class='hr av-1to74o-5b1b323b02642b480f2b98e85a27ee1b hr-custom  avia-builder-el-2  el_after_av_heading  el_before_av_one_fifth  hr-center hr-icon-no'><span class='hr-inner inner-border-av-border-thin'><span class=\"hr-inner-style\"><\/span><\/span><\/div>\n\n<style type=\"text\/css\" data-created_by=\"avia_inline_auto\" id=\"style-css-av-1tmc0w8-8e6849036901409b1a0a2a8a275c0f7f\">\n.flex_column.av-1tmc0w8-8e6849036901409b1a0a2a8a275c0f7f{\nborder-radius:0px 0px 0px 0px;\npadding:0px 0px 0px 0px;\n}\n<\/style>\n<div  class='flex_column av-1tmc0w8-8e6849036901409b1a0a2a8a275c0f7f av_one_fifth  avia-builder-el-3  el_after_av_hr  el_before_av_three_fifth  first flex_column_div av-zero-column-padding'     ><\/div>\n<style type=\"text\/css\" data-created_by=\"avia_inline_auto\" id=\"style-css-av-1s2if7s-28ad02af04352e45d43dba7adba1b2c2\">\n.flex_column.av-1s2if7s-28ad02af04352e45d43dba7adba1b2c2{\nborder-radius:0px 0px 0px 0px;\npadding:0px 0px 0px 0px;\n}\n<\/style>\n<div  class='flex_column av-1s2if7s-28ad02af04352e45d43dba7adba1b2c2 av_three_fifth  avia-builder-el-4  el_after_av_one_fifth  el_before_av_one_fifth  flex_column_div av-zero-column-padding'     ><style type=\"text\/css\" data-created_by=\"avia_inline_auto\" id=\"style-css-av-1qqh64o-38b4cc4b3f7f53371d6d87f5e5a693f7\">\n#top .av-rotator-container.av-1qqh64o-38b4cc4b3f7f53371d6d87f5e5a693f7{\ntext-align:center;\n}\n#top #wrap_all .av-rotator-container.av-1qqh64o-38b4cc4b3f7f53371d6d87f5e5a693f7 .av-rotator-container-inner{\nfont-size:50px;\n}\n<\/style>\n<div  class='av-rotator-container av-rotation-container-center av-1qqh64o-38b4cc4b3f7f53371d6d87f5e5a693f7  avia-builder-el-5  avia-builder-el-no-sibling  av-fixed-rotator-width' data-interval='6' data-animation='0' data-fixwidth='1'><h3 class='av-rotator-container-inner'><span class='av-rotator-text av-rotator-multiline-off'>\n<span class='av-rotator-text-single av-642bq0-23840bb627bc40ab097f002d56409677 av-rotator-text-single-1' >Gyere gyorsan, meg\u00edzlelem a csillagokat! Dom Perignon<\/span>\n<span class='av-rotator-text-single av-1nfv6zs-2579cddb637190b57bcc52df719ef036 av-rotator-text-single-2' >Franklin Roosevelttel tal\u00e1lkozni olyan volt, mintha az els\u0151 \u00fcveg pezsg\u0151t nyitn\u00e1d ki, megismerni \u0151t olyan volt, mintha meginn\u00e1d. Winston Churchill<\/span>\n<span class='av-rotator-text-single av-1kvnsjc-bfb9e8ca38419d94b837ec3e85844f58 av-rotator-text-single-3' >A pezsg\u0151 az egyetlen dolog, ami \u00f6r\u00f6met okoz nekem, amikor f\u00e1radtnak \u00e9rzem magam. Brigitte Bardot<\/span>\n<span class='av-rotator-text-single av-1iunemg-c169a417eb3cc3fd2bd801584949f5f6 av-rotator-text-single-4' >Mi\u00e9rt iszom pezsg\u0151t reggelire? Nem mindenki ezt csin\u00e1lja? Noel Coward<\/span>\n<span class='av-rotator-text-single av-1ihkaqw-6ceea048659be1f491c9b87dfe7464bc av-rotator-text-single-5' >Minden n\u0151 \u00e9let\u00e9ben elj\u00f6n az az id\u0151, amikor csak egy poh\u00e1r pezsg\u0151 el\u00e9g. Bette Davis<\/span>\n<span class='av-rotator-text-single av-1gjmxqw-c7712ca1592047adddd6c509a5547c17 av-rotator-text-single-6' >A pezsg\u0151 az \u00e9let egyik eleg\u00e1ns extr\u00e1ja. Charles Dickens<\/span>\n<span class='av-rotator-text-single av-1eryevs-6f2c2c454afb2c2240918936cc4cbf7e av-rotator-text-single-7' >Pezsg\u0151t! Gy\u0151zelem eset\u00e9n meg\u00e9rdemled, veres\u00e9g eset\u00e9n sz\u00fcks\u00e9ged van r\u00e1. Bonaparte Nap\u00f3leon<\/span>\n<span class='av-rotator-text-single av-pdcbdk-438df945fd72362c5105d146561cc285 av-rotator-text-single-8' >Pezsg\u0151t iszom, ha boldog vagyok, \u00e9s ha szomor\u00fa. N\u00e9ha akkor iszom, amikor egyed\u00fcl vagyok; \u00e9s amikor t\u00e1rsas\u00e1gom van, nem hagyhatom ki. Amikor nem vagyok \u00e9hes, akkor felcsig\u00e1zom vele az \u00e9tv\u00e1gyamat, amikor pedig \u00e9hes vagyok, akkor \u00edzlelgetem. De egy\u00e9bk\u00e9nt nem ny\u00falok hozz\u00e1, kiv\u00e9ve, ha szomjas vagyok. Lily Bollinger<\/span>\n<span class='av-rotator-text-single av-1b0pstk-68f69bf2e861a2407c193ec58be604e4 av-rotator-text-single-9' >A pezsg\u0151 az egyetlen olyan bor, amelynek fogyaszt\u00e1sa ut\u00e1n egy n\u0151 gy\u00f6ny\u00f6r\u0171v\u00e9 v\u00e1lik. Madame de Pompadour<\/span>\n<span class='av-rotator-text-single av-4jhae0-3b30ccb6c96e3dd9e5d66acaed9764ae av-rotator-text-single-10' >B\u00e1rmib\u0151l t\u00fal sok rossz, de a t\u00fal sok pezsg\u0151 pont j\u00f3. Mark Twain<\/span>\n<span class='av-rotator-text-single av-4cbvew-f732f36d26451329f1f827b85ab6560e av-rotator-text-single-11' >A pezsg\u0151, ha az igazs\u00e1got keresi, jobb, mint a hazugs\u00e1gvizsg\u00e1l\u00f3. Graham Greene<\/span>\n<span class='av-rotator-text-single av-169ftig-b89f6c092205efc31662d1965a44a8e7 av-rotator-text-single-12' >Az egyetlen, amit az \u00e9letben sajn\u00e1lok, hogy nem ittam el\u00e9g pezsg\u0151t. John Maynard Keynes<\/span>\n<span class='av-rotator-text-single av-154nuag-cdcd02581348af398a1bcfcafbbd0a08 av-rotator-text-single-13' >\u00c9n csak k\u00e9tszer iszom pezsg\u0151t, amikor szerelmes vagyok, \u00e9s amikor nem. Coco Chanel<\/span>\n<span class='av-rotator-text-single av-13eqby0-84ebd35dda507963eecb1b9b5aed3cce av-rotator-text-single-14' >A bar\u00e1ts\u00e1g olyan \u00e9rz\u00e9s, mintha s\u00fclt marhah\u00fassal t\u00f6mn\u00e9nk magunkat, a szerelem olyan, mintha pezsg\u0151vel \u00e9l\u00e9nk\u00edten\u00e9nk magunkat. Samuel Johnson<\/span>\n<span class='av-rotator-text-single av-11o0j2w-c12e8fb036a90f7c00083508fa44d683 av-rotator-text-single-15' >A pezsg\u0151 \u00e9s a narancsl\u00e9 nagyszer\u0171 ital. A narancs feljav\u00edtja a pezsg\u0151t. A pezsg\u0151 hat\u00e1rozottan jav\u00edtja a narancsot. F\u00fcl\u00f6p, Edinburgh hercege<\/span>\n<span class='av-rotator-text-single av-zrbr0o-7f8a5cc9ec00cb9a2f8181e2c0d7542d av-rotator-text-single-16' >Uraim, nemcsak Franciaorsz\u00e1g\u00e9rt, hanem a pezsg\u0151\u00e9rt is harcolunk! Winston Churchill<\/span>\n<span class='av-rotator-text-single av-3ff13c-1cd5772594aec6d98dbd1fce072f9d95 av-rotator-text-single-17' >Egy t\u00f6k\u00e9letes vil\u00e1gban mindenki minden este meginna egy poh\u00e1r pezsg\u0151t. Willie Gluckstern<\/span>\n<span class='av-rotator-text-single av-bi6ig-bf9452396b9843d5cea4a882f0d652f0 av-rotator-text-single-18' >\u00d6ntse r\u00e1 a pezsg\u0151t, \u00e9s hagyja, hogy a habja \u00fagy emelkedjen fel, mint ezernyi csillog\u00f3, mosolyg\u00f3 szem. Jared M. Brown<\/span>\n<span class='av-rotator-text-single av-umqy20-4e669a26c88195ae598041a2583240f5 av-rotator-text-single-19' >Nincs is szebb, mint egy naplemente egy poh\u00e1r pezsg\u0151vel. Jared M. Brown<\/span>\n<span class='av-rotator-text-single av-syk0so-6298344df6a47561f434c8734f63907d av-rotator-text-single-20' >Pezsg\u0151, a borok kir\u00e1lya \u00e9s a kir\u00e1lyok bora. Orlofsky herceg<\/span>\n<span class='av-rotator-text-single av-qvzwpk-09ed23dffd1cdc130e9cc284c83e2007 av-rotator-text-single-21' >A pezsg\u0151nek hidegnek, sz\u00e1raznak \u00e9s rem\u00e9lhet\u0151leg mentesnek kell lennie. Christian Pol Roger<\/span>\n<span class='av-rotator-text-single av-q0i2t4-c8e67e3853a9be89667a69aa68f47393 av-rotator-text-single-22' >A pezsg\u0151 n\u00e9lk\u00fcli \u00e9lvezet puszt\u00e1n mesters\u00e9ges. Oscar Wilde<\/span>\n<span class='av-rotator-text-single av-njnrx4-10409d339f97e46ba9f1f1320490ca51 av-rotator-text-single-23' >Ha az \u00e9let gondot okoz neked, igy\u00e1l egy kis pezsg\u0151t, \u00e9s a probl\u00e9m\u00e1id szappanbubor\u00e9kk\u00e1 v\u00e1lnak. Ismeretlen<\/span>\n<span class='av-rotator-text-single av-mlos54-85dd5d8322c90e12d5e18b891a316a5e av-rotator-text-single-24' >Ha nem v\u00e1llalsz kock\u00e1zatot, soha ne igy\u00e1l pezsg\u0151t. Egy r\u00e9gi orosz k\u00f6zmond\u00e1s.<\/span>\n<span class='av-rotator-text-single av-kl2brs-ed042841fe26491aabf86f5d78c81b32 av-rotator-text-single-25' >Csak k\u00e9t alkalommal iszom pezsg\u0151t: Amikor szerelmes vagyok, \u00e9s amikor nem. Coco Chanel<\/span>\n<span class='av-rotator-text-single av-ik0fug-542b30508ccd098729d34505a16dc2fc av-rotator-text-single-26' >Gy\u0151zelem ut\u00e1n pezsg\u0151t \u00e9rdemelsz, veres\u00e9g ut\u00e1n sz\u00fcks\u00e9ged van r\u00e1! Bonaparte Nap\u00f3leon<\/span>\n<span class='av-rotator-text-single av-h8r1ug-5d93b612df221fc602dad96b90dbe779 av-rotator-text-single-27' >Kezdje a napot mosollyal, \u00e9s fejezze be pezsg\u0151vel. ismeretlen.<\/span>\n<span class='av-rotator-text-single av-fojy20-eb8e278e4f214034df4553dd1462ffae av-rotator-text-single-28' >A pezsg\u0151 olyan \u00e9rz\u00e9st ad, mintha minden nap vas\u00e1rnap lenne! Marlene Dietrich<\/span>\n<span class='av-rotator-text-single av-e9m3jc-e5a444b202324c0b20b5b05c9393b47e av-rotator-text-single-29' >Vannak olyan id\u0151szakok egy n\u0151 \u00e9let\u00e9ben, amikor az egyetlen dolog, ami seg\u00edt, az a pezsg\u0151! Betty Davis<\/span>\n<span class='av-rotator-text-single av-cyjcqg-80bea1de76fe7db827c075f11ea568d3 av-rotator-text-single-30' >\u00d3, Uram, engedd, hogy elfogadj\u00e1k azokat a dolgokat, amelyeken nem tudnak v\u00e1ltoztatni. \u00c9s im\u00e1dkozz, hogy az egyetlen f\u00e1jdalmuk a pezsg\u0151 legyen. Kanye West<\/span>\n<span class='av-rotator-text-single av-b81hd4-3e228c7996a9f467e60775e1c3184a68 av-rotator-text-single-31' >A nagy szerelmek pezsg\u0151vel kezd\u0151dnek \u00e9s gy\u00f3gyte\u00e1val v\u00e9gz\u0151dnek. Honore de Balzac<\/span>\n<span class='av-rotator-text-single av-8wm82w-9575a58028db63ca20b249b64d989735 av-rotator-text-single-32' >Csak akkor iszom pezsg\u0151t, ha boldog vagyok, \u00e9s ha szomor\u00fa! Lily Bollinger<\/span>\n<span class='av-rotator-text-single av-ogcx4-3c75a845fba25edbc4a770f92b2b3448 av-rotator-text-single-33' >H\u00e1rom dolog van az \u00e9letben, ami elviselhetetlen: a hideg k\u00e1v\u00e9, a langyos pezsg\u0151 \u00e9s a t\u00falp\u00f6rg\u00f6tt feles\u00e9g. Orson Welles<\/span>\n<span class='av-rotator-text-single av-o1r4zs-e6e1f1e2e5f234fe14394f6a5846538b av-rotator-text-single-34' >A pap most keresztelt meg kereszt\u00e9nynek. \u00c9n most francia \u00e1llampolg\u00e1rr\u00e1 keresztellek, dr\u00e1ga gyermekem, egy csepp pezsg\u0151vel az ajkadon. Paul Claudel (1868-1955)<\/span>\n<span class='av-rotator-text-single av-muuuuw-f59d73c916e4b92ee343dc7987344658 av-rotator-text-single-35' >Ennek a francia bornak a pezsg\u0151 jellege a francia n\u00e9p igazi zsenialit\u00e1s\u00e1t mutatja. Voltaire (1694-1778)<\/span>\n<span class='av-rotator-text-single av-7m07s-431cd07390a83fff354b2f636d7ecb81 av-rotator-text-single-36' >Van valami a szafari \u00e9letben, ami elfeledteti veled minden gondodat, \u00e9s \u00fagy \u00e9rzed, mintha megitt\u00e1l volna egy f\u00e9l \u00fcveg pezsg\u0151t - van valami, amit\u0151l el\u00f6nti a sz\u00edvb\u0151l j\u00f6v\u0151 h\u00e1la az \u00e9let\u00e9rt. Id\u00e9zet Karen Blixent\u0151l<\/span>\n<span class='av-rotator-text-single av-j7ya2w-46b49aa9b860f59f22cd0e3ac3a54b59 av-rotator-text-single-37' >Legyen humor\u00e9rz\u00e9ked, aludj keveset, legyen c\u00e9lod \u00e9s ne t\u00fal kev\u00e9s pezsg\u0151! Prof. August Everding<\/span>\n<span class='av-rotator-text-single av-1r1gmw-233136e97239dfe205325edda81ed6e2 av-rotator-text-single-38' >Ha v\u00e1laszthat az osztriga \u00e9s a pezsg\u0151 k\u00f6z\u00f6tt, \u00e1ltal\u00e1ban mindkett\u0151t v\u00e1lasztja. Theodor Fontane<\/span>\n<span class='av-rotator-text-single av-gb3f0o-6313c83bec8e8de6f3330121ca180af5 av-rotator-text-single-39' >\u00c9n magamnak k\u00e9sz\u00edtek bort. Amit nem tudok meginni, azt eladom! Victor Lanson<\/span>\n<span class='av-rotator-text-single av-djet7c-b5fb3c0534c84c9f4794d13f1a937f81 av-rotator-text-single-40' >Sz\u00e1momra \u00e9desebb vagy, mint a csokol\u00e1d\u00e9, forr\u00f3bb, mint a sivatagi sz\u00e9l, pezsg\u0151bb, mint a pezsg\u0151, tartalmasabb, mint egy cs\u00f3k, de \u00e9pp csak el\u00e9rhetetlen, mint a csillagok!<\/span>\n<span class='av-rotator-text-single av-cgus2g-b1137a66dec4995e96522e8852934901 av-rotator-text-single-41' >Pezsg\u0151t akarok, \u00e9s azt akarom, hogy eg\u00e9szen pezsg\u0151 legyen! Johann Wolfgang von Goethe<\/span>\n<span class='av-rotator-text-single av-aunfyw-f238f17b915885c5515733e5a49c042a av-rotator-text-single-42' >Milyen \u00e9desek \u00e9s l\u00e9giesek az \u00f6zvegy Klicko bubor\u00e9kjai a poh\u00e1rban\". Wilhelm Busch a Veuve Clicquot-r\u00f3l<\/span>\n<span class='av-rotator-text-single av-91l6zc-85c90eb6e9f66ab2094e08cbc0584cc8 av-rotator-text-single-43' >A dics\u00e9ret olyan, mint a pezsg\u0151. Mindkett\u0151t addig kell felszolg\u00e1lni, am\u00edg m\u00e9g pezseg.<\/span>\n<span class='av-rotator-text-single av-7ovajs-c70a20b9333ba9d35f7b408d5f608925 av-rotator-text-single-44' >Bordeaux-val gondolkodsz, Burgundi\u00e1val vitatkozol, Champagne-nal ostobas\u00e1got k\u00f6vetsz el! Anth\u00e8lme Brillat-Savarin<\/span>\n<span class='av-rotator-text-single av-65bjt4-c915b1b4d01bd8e9017d245fbb31cfa7 av-rotator-text-single-45' >Ha a pezsg\u0151 egyszer elfolyt, m\u00e1r nem lehet visszatenni a palackba! Max Mosley, az FIA eln\u00f6ke<\/span>\n<span class='av-rotator-text-single av-evx88-c49ac3d3c5fecfea35e6720b3b1216b6 av-rotator-text-single-46' >A pezsg\u0151 tal\u00e1n a legboldogabb inspir\u00e1ci\u00f3s forr\u00e1s. Mark Twain<\/span>\n<span class='av-rotator-text-single av-2kuf6g-f2d8b366ef9259a78bf46c894f2794a0 av-rotator-text-single-47' >\u00c9n csak a s\u00f6r\u00f6kn\u00e9l vagyok antialkoholista, a pezsg\u0151n\u00e9l nem. George Bernard Shaw<\/span>\n<\/span><\/h3><\/div><\/div>\n<style type=\"text\/css\" data-created_by=\"avia_inline_auto\" id=\"style-css-av-5y0znc-ecf90eeb43b293101c735ef6745c0649\">\n.flex_column.av-5y0znc-ecf90eeb43b293101c735ef6745c0649{\nborder-radius:0px 0px 0px 0px;\npadding:0px 0px 0px 0px;\n}\n<\/style>\n<div  class='flex_column av-5y0znc-ecf90eeb43b293101c735ef6745c0649 av_one_fifth  avia-builder-el-6  el_after_av_three_fifth  el_before_av_hr  flex_column_div av-zero-column-padding'     ><\/div>\n<style type=\"text\/css\" data-created_by=\"avia_inline_auto\" id=\"style-css-av-av_hr-740b43d1b484958137b1a60202c344d8\">\n#top .hr.av-av_hr-740b43d1b484958137b1a60202c344d8{\nmargin-top:30px;\nmargin-bottom:30px;\n}\n.hr.av-av_hr-740b43d1b484958137b1a60202c344d8 .hr-inner{\nwidth:100%;\nborder-color:#d2ae6f;\n}\n<\/style>\n<div  class='hr av-av_hr-740b43d1b484958137b1a60202c344d8 hr-custom  avia-builder-el-7  el_after_av_one_fifth  el_before_av_one_fifth  hr-center hr-icon-no'><span class='hr-inner inner-border-av-border-thin'><span class=\"hr-inner-style\"><\/span><\/span><\/div>\n<div class='flex_column_table av-lyy2v1xe-c004cec9e9db6aed44d5ea75cc2675b7 sc-av_one_fifth av-equal-height-column-flextable'>\n<style type=\"text\/css\" data-created_by=\"avia_inline_auto\" id=\"style-css-av-lyy2v1xe-c004cec9e9db6aed44d5ea75cc2675b7\">\n.flex_column.av-lyy2v1xe-c004cec9e9db6aed44d5ea75cc2675b7{\nborder-radius:0px 0px 0px 0px;\npadding:0px 0px 0px 0px;\n}\n<\/style>\n<div  class='flex_column av-lyy2v1xe-c004cec9e9db6aed44d5ea75cc2675b7 av_one_fifth  avia-builder-el-8  el_after_av_hr  el_before_av_three_fifth  first flex_column_table_cell av-equal-height-column av-align-top av-zero-column-padding'     ><\/div><div class='av-flex-placeholder'><\/div>\n<style type=\"text\/css\" data-created_by=\"avia_inline_auto\" id=\"style-css-av-av_three_fifth-96471c6a872bb75c0ce03c20d00030c6\">\n.flex_column.av-av_three_fifth-96471c6a872bb75c0ce03c20d00030c6{\nborder-radius:0px 0px 0px 0px;\npadding:0px 0px 0px 0px;\n}\n<\/style>\n<div  class='flex_column av-av_three_fifth-96471c6a872bb75c0ce03c20d00030c6 av_three_fifth  avia-builder-el-9  el_after_av_one_fifth  el_before_av_one_fifth  flex_column_table_cell av-equal-height-column av-align-top av-zero-column-padding'     ><p>\n<style type=\"text\/css\" data-created_by=\"avia_inline_auto\" id=\"style-css-av-lyy2hryi-7159e62e98d5b9d8a69d23d2b88b4979\">\n#top .av-special-heading.av-lyy2hryi-7159e62e98d5b9d8a69d23d2b88b4979{\npadding-bottom:10px;\n}\nbody .av-special-heading.av-lyy2hryi-7159e62e98d5b9d8a69d23d2b88b4979 .av-special-heading-tag .heading-char{\nfont-size:25px;\n}\n.av-special-heading.av-lyy2hryi-7159e62e98d5b9d8a69d23d2b88b4979 .av-subheading{\nfont-size:15px;\n}\n<\/style>\n<div  class='av-special-heading av-lyy2hryi-7159e62e98d5b9d8a69d23d2b88b4979 av-special-heading-h3 blockquote modern-quote modern-centered  avia-builder-el-10  el_before_av_textblock  avia-builder-el-first'><h3 class='av-special-heading-tag'  itemprop=\"headline\"  >A pezsg\u0151 id\u00e9zetekr\u0151l<\/h3><div class=\"special-heading-border\"><div class=\"special-heading-inner-border\"><\/div><\/div><\/div><br \/>\n<section  class='av_textblock_section av-lyy2fx2v-7d2b4321f5d3f4f33fa1e4ae85aa3322'   itemscope=\"itemscope\" itemtype=\"https:\/\/schema.org\/CreativeWork\" ><div class='avia_textblock'  itemprop=\"text\" ><p><a href=\"https:\/\/champagner.com\/hu\/\">Pezsg\u0151<\/a>A gyakran \"a borok kir\u00e1lyak\u00e9nt\" emlegetett pezsg\u0151 az \u00e9vsz\u00e1zadok sor\u00e1n sz\u00e1mos h\u00edres id\u00e9zetet ihletett. Ezek a pezsg\u0151s id\u00e9zetek t\u00fckr\u00f6zik az eleganci\u00e1t, az \u00fcnnep\u00e9lyess\u00e9get \u00e9s az \u00f6r\u00f6m\u00f6t, amely e nemes ital \u00e9lvezet\u00e9hez kapcsol\u00f3dik.<\/p>\n<p>Egy h\u00edres pezsg\u0151id\u00e9zet Coco Chanelt\u0151l sz\u00e1rmazik, aki azt mondta: \"Csak k\u00e9t alkalommal iszom pezsg\u0151t: amikor szerelmes vagyok, \u00e9s amikor nem\". Ez a kijelent\u00e9s hangs\u00falyozza a pezsg\u0151 univerz\u00e1lis var\u00e1zs\u00e1t \u00e9s sokoldal\u00fas\u00e1g\u00e1t, amelyet boldog \u00e9s szomor\u00fa pillanatokban egyar\u00e1nt lehet inni.<\/p>\n<p>Winston Churchill is nagy szerelmese volt a pezsg\u0151nek, valamint a pezsg\u0151id\u00e9zeteknek, \u00e9s gyakran nyilatkozott arr\u00f3l, hogy mennyire szereti ezt a nemes cseppet. Egyik legh\u00edresebb pezsg\u0151id\u00e9zete a k\u00f6vetkez\u0151: \"A pezsg\u0151t h\u0171teni kell, <a href=\"https:\/\/champagner.com\/hu\/glosszarium-2\/sec\/\">sz\u00e1raz<\/a> \u00e9s l\u00e9gy szabad.\" Churchill h\u00edres volt a k\u00f6vetel\u0151z\u0151 <a href=\"https:\/\/champagner.com\/hu\/glosszarium-2\/harapas\/\">\u00cdzek<\/a> \u00e9s a luxus ir\u00e1nti vonzalm\u00e1t, \u00e9s ez az id\u00e9zet t\u00f6k\u00e9letesen megragadja a hozz\u00e1\u00e1ll\u00e1s\u00e1t.<\/p>\n<p>Oscar Wilde, a h\u00edres \u00edr\u00f3 \u00e9s dandy egyszer egy pezsg\u0151 id\u00e9zettel jegyezte meg: \"Csak a nagyon trivi\u00e1lis emberek igaz\u00e1n komolyak, \u00e9s csak a nagyon komoly emberek alkottak valaha is valami trivi\u00e1lisat\". B\u00e1r ez az id\u00e9zet nem k\u00f6zvetlen\u00fcl a pezsg\u0151re vonatkozik, Wilde sz\u00e1mos m\u00e1s, az \u00e9letr\u0151l \u00e9s a m\u0171v\u00e9szetr\u0151l sz\u00f3l\u00f3 megjegyz\u00e9se t\u00fckr\u00f6zi az \u00e9let finomabb dolgai ir\u00e1nti elismer\u00e9s\u00e9t, amelyek k\u00f6z\u00e9 minden bizonnyal a pezsg\u0151 is beletartozik.<\/p>\n<p>Madame de Pompadour, XV. Lajos kir\u00e1ly szeret\u0151je egyszer azt mondta: \"A pezsg\u0151 az egyetlen ital, amely ann\u00e1l szebb\u00e9 teszi a n\u0151t, min\u00e9l t\u00f6bbet iszik bel\u0151le\". Ez a pezsg\u0151id\u00e9zet a pezsg\u0151 elb\u0171v\u00f6l\u0151 \u00e9s cs\u00e1b\u00edt\u00f3 aspektus\u00e1t hangs\u00falyozza, \u00e9s azt, hogy hogyan k\u00e9pes fokozni a fogyaszt\u00f3k eleganci\u00e1j\u00e1t \u00e9s sz\u00e9ps\u00e9g\u00e9t.<\/p>\n<h4>A pezsg\u0151 id\u00e9zetek \u00f6sszefoglal\u00e1sa<\/h4>\n<p>Ezek a pezsg\u0151s id\u00e9zetek egy\u00fcttesen mutatj\u00e1k a pezsg\u0151 tart\u00f3s vonzerej\u00e9t \u00e9s k\u00fcl\u00f6nleges hely\u00e9t a vil\u00e1g kult\u00far\u00e1j\u00e1ban \u00e9s kult\u00far\u00e1j\u00e1ban. <a href=\"https:\/\/champagner.com\/hu\/glosszarium-2\/pezsgo-eredete\/\">T\u00f6rt\u00e9nelem<\/a> elveszi. Ak\u00e1r \u00fcnnepi alkalmakra, romantikus pillanatokra vagy egyszer\u0171en csak egy <a href=\"https:\/\/champagner.com\/hu\/pezsgo-receptek-fozes\/\">K\u00e9nyeztet\u00e9s<\/a> a mindennapi \u00e9letben - a pezsg\u0151nek mindig megvan a maga k\u00fcl\u00f6nleges var\u00e1zsa, \u00e9s a vil\u00e1g minden t\u00e1j\u00e1n inspir\u00e1lja az embereket. J\u00f3 sz\u00f3rakoz\u00e1st a pezsg\u0151s id\u00e9zetek olvas\u00e1s\u00e1hoz.<\/p>\n<\/div><\/section><\/p><\/div><div class='av-flex-placeholder'><\/div>\n<style type=\"text\/css\" data-created_by=\"avia_inline_auto\" id=\"style-css-av-av_one_fifth-96471c6a872bb75c0ce03c20d00030c6\">\n.flex_column.av-av_one_fifth-96471c6a872bb75c0ce03c20d00030c6{\nborder-radius:0px 0px 0px 0px;\npadding:0px 0px 0px 0px;\n}\n<\/style>\n<div  class='flex_column av-av_one_fifth-96471c6a872bb75c0ce03c20d00030c6 av_one_fifth  avia-builder-el-12  el_after_av_three_fifth  avia-builder-el-last  flex_column_table_cell av-equal-height-column av-align-top av-zero-column-padding'     ><\/div><\/div><!--close column table wrapper. Autoclose: 1 -->","protected":false},"excerpt":{"rendered":"","protected":false},"author":1,"featured_media":4618,"parent":0,"menu_order":0,"comment_status":"closed","ping_status":"closed","template":"","meta":{"footnotes":""},"class_list":["post-4024","page","type-page","status-publish","has-post-thumbnail","hentry"],"_links":{"self":[{"href":"https:\/\/champagner.com\/hu\/wp-json\/wp\/v2\/pages\/4024","targetHints":{"allow":["GET"]}}],"collection":[{"href":"https:\/\/champagner.com\/hu\/wp-json\/wp\/v2\/pages"}],"about":[{"href":"https:\/\/champagner.com\/hu\/wp-json\/wp\/v2\/types\/page"}],"author":[{"embeddable":true,"href":"https:\/\/champagner.com\/hu\/wp-json\/wp\/v2\/users\/1"}],"replies":[{"embeddable":true,"href":"https:\/\/champagner.com\/hu\/wp-json\/wp\/v2\/comments?post=4024"}],"version-history":[{"count":0,"href":"https:\/\/champagner.com\/hu\/wp-json\/wp\/v2\/pages\/4024\/revisions"}],"wp:featuredmedia":[{"embeddable":true,"href":"https:\/\/champagner.com\/hu\/wp-json\/wp\/v2\/media\/4618"}],"wp:attachment":[{"href":"https:\/\/champagner.com\/hu\/wp-json\/wp\/v2\/media?parent=4024"}],"curies":[{"name":"wp","href":"https:\/\/api.w.org\/{rel}","templated":true}]}}