{"id":5098,"date":"2021-01-06T21:15:49","date_gmt":"2021-01-06T21:15:49","guid":{"rendered":"https:\/\/champagner.eu\/?page_id=5098"},"modified":"2024-07-21T03:16:35","modified_gmt":"2024-07-21T03:16:35","slug":"szolo-szolo","status":"publish","type":"page","link":"https:\/\/champagner.com\/hu\/szolo-szolo\/","title":{"rendered":"Sz\u0151l\u0151 \u00e9s sz\u0151l\u0151fajt\u00e1k"},"content":{"rendered":"<div   class='avia-fullscreen-slider main_color   avia-builder-el-0  el_before_av_section  avia-builder-el-first  container_wrap fullsize'  ><div  class='avia-slideshow av-kjlutkb8-cb10e7f7988a7c552d25cc6be2a3641c avia-slideshow-extra_large av_fullscreen avia-slide-slider av-slideshow-ui av-control-default av-slideshow-manual av-loop-once av-loop-manual-endless av-default-height-applied   avia-slideshow-1' data-slideshow-options=\"{&quot;animation&quot;:&quot;slide&quot;,&quot;autoplay&quot;:false,&quot;loop_autoplay&quot;:&quot;once&quot;,&quot;interval&quot;:5,&quot;loop_manual&quot;:&quot;manual-endless&quot;,&quot;autoplay_stopper&quot;:false,&quot;noNavigation&quot;:false,&quot;bg_slider&quot;:true,&quot;keep_padding&quot;:false,&quot;hoverpause&quot;:false,&quot;show_slide_delay&quot;:0,&quot;slide_height&quot;:&quot;100&quot;,&quot;image_attachment&quot;:&quot;&quot;}\"  itemprop=\"image\" itemscope=\"itemscope\" itemtype=\"https:\/\/schema.org\/ImageObject\" ><ul class='avia-slideshow-inner' style='padding-bottom: 66.666666666667%;'><li style='background-position:center center;' data-img-url='https:\/\/champagner.com\/wp-content\/uploads\/2018\/04\/alfred-gratien-1500x1000.jpg' class='avia-slideshow-slide av-kjlutkb8-cb10e7f7988a7c552d25cc6be2a3641c__0  av-single-slide slide-1 slide-odd'><div data-rel='slideshow-1' class='avia-slide-wrap'   ><\/div><\/li><\/ul><\/div><\/div>\n<div id='av_section_1'  class='avia-section av-9qys-7fbec837cc9414b56951d589a49fa01e main_color avia-section-default avia-no-border-styling  avia-builder-el-1  el_after_av_fullscreen  avia-builder-el-last  avia-bg-style-scroll container_wrap fullsize'  ><div class='container av-section-cont-open' ><div class='template-page content  av-content-full alpha units'><div class='post-entry post-entry-type-page post-entry-5098'><div class='entry-content-wrapper clearfix'>\n\n<style type=\"text\/css\" data-created_by=\"avia_inline_auto\" id=\"style-css-av-9tz4-26c14c70028d90a54aefce07862c0d7e\">\n.flex_column.av-9tz4-26c14c70028d90a54aefce07862c0d7e{\nborder-radius:0px 0px 0px 0px;\npadding:0px 0px 0px 0px;\n}\n<\/style>\n<div  class='flex_column av-9tz4-26c14c70028d90a54aefce07862c0d7e av_one_fifth  avia-builder-el-2  el_before_av_three_fifth  avia-builder-el-first  first flex_column_div av-zero-column-padding'     ><\/div>\n<style type=\"text\/css\" data-created_by=\"avia_inline_auto\" id=\"style-css-av-5y3a-c3ba98e644c5ae5c87ca984f1618400f\">\n.flex_column.av-5y3a-c3ba98e644c5ae5c87ca984f1618400f{\nborder-radius:0px 0px 0px 0px;\npadding:0px 0px 0px 0px;\n}\n<\/style>\n<div  class='flex_column av-5y3a-c3ba98e644c5ae5c87ca984f1618400f av_three_fifth  avia-builder-el-3  el_after_av_one_fifth  el_before_av_one_fifth  flex_column_div av-zero-column-padding'     ><p>\n<style type=\"text\/css\" data-created_by=\"avia_inline_auto\" id=\"style-css-av-kkcmtxmf-6e34f11d042a9832a70a4d6c129266bb\">\n#top .av-special-heading.av-kkcmtxmf-6e34f11d042a9832a70a4d6c129266bb{\npadding-bottom:30px;\nfont-size:50px;\n}\nbody .av-special-heading.av-kkcmtxmf-6e34f11d042a9832a70a4d6c129266bb .av-special-heading-tag .heading-char{\nfont-size:25px;\n}\n#top #wrap_all .av-special-heading.av-kkcmtxmf-6e34f11d042a9832a70a4d6c129266bb .av-special-heading-tag{\nfont-size:50px;\n}\n.av-special-heading.av-kkcmtxmf-6e34f11d042a9832a70a4d6c129266bb .av-subheading{\nfont-size:15px;\n}\n\n@media only screen and (min-width: 480px) and (max-width: 767px){ \n#top #wrap_all .av-special-heading.av-kkcmtxmf-6e34f11d042a9832a70a4d6c129266bb .av-special-heading-tag{\nfont-size:0.8em;\n}\n}\n\n@media only screen and (max-width: 479px){ \n#top #wrap_all .av-special-heading.av-kkcmtxmf-6e34f11d042a9832a70a4d6c129266bb .av-special-heading-tag{\nfont-size:0.8em;\n}\n}\n<\/style>\n<div  class='av-special-heading av-kkcmtxmf-6e34f11d042a9832a70a4d6c129266bb av-special-heading-h2 blockquote modern-quote modern-centered  avia-builder-el-4  el_before_av_textblock  avia-builder-el-first  av-inherit-size'><h2 class='av-special-heading-tag'  itemprop=\"headline\"  >A champagne-i sz\u0151l\u0151 \u00e9s sz\u0151l\u0151fajt\u00e1k<\/h2><div class=\"special-heading-border\"><div class=\"special-heading-inner-border\"><\/div><\/div><\/div><br \/>\n\n<style type=\"text\/css\" data-created_by=\"avia_inline_auto\" id=\"style-css-av-kj4bin1p-574f3f2c4e650edd041a93a3eb080cd4\">\n#top .av_textblock_section.av-kj4bin1p-574f3f2c4e650edd041a93a3eb080cd4 .avia_textblock{\nfont-size:18px;\n}\n<\/style>\n<section  class='av_textblock_section av-kj4bin1p-574f3f2c4e650edd041a93a3eb080cd4'   itemscope=\"itemscope\" itemtype=\"https:\/\/schema.org\/CreativeWork\" ><div class='avia_textblock'  itemprop=\"text\" ><div style=\"text-align: justify;\">\n<p>Ma m\u00e1r csak 3 sz\u0151l\u0151fajt\u00e1t \u00e9s sz\u0151l\u0151fajt\u00e1t haszn\u00e1lnak a <a href=\"https:\/\/champagner.com\/hu\/\">Pezsg\u0151<\/a> haszn\u00e1lt.<br \/>\nA termesztett ter\u00fclet 37%-je teh\u00e1t a Pinot Noir, a v\u00f6r\u00f6s Pinot Noir, tov\u00e1bbi 37%-je a Pinot Meunier, a v\u00f6r\u00f6s fekete rizling, 26%-je pedig a Chardonnay, az egyetlen feh\u00e9r sz\u0151l\u0151fajta.<\/p>\n<p>A filox\u00e9ra miatt szinte nem l\u00e9tez\u0151 Arbane \u00e9s Petit Meslier sz\u0151l\u0151fajt\u00e1k \u00e9s sz\u0151l\u0151fajt\u00e1k mindazon\u00e1ltal szint\u00e9n enged\u00e9lyezettek Champagne el\u0151\u00e1ll\u00edt\u00e1s\u00e1ra.<\/p>\n<p>A Pinot Noir adja a pezsg\u0151 telts\u00e9g\u00e9t, a Pinot Meunier a gy\u00fcm\u00f6lcs\u00f6ss\u00e9g\u00e9t - a Chardonnay a finoms\u00e1g\u00e1t.<br \/>\nMondhatn\u00e1nk, hogy a h\u00e1zas\u00edt\u00e1s teszi, de a C\u00f4te des Blancs-on p\u00e9ld\u00e1ul el\u0151szeretettel k\u00e9sz\u00edtenek egyfajta Chardonnay cuv\u00e9e-t, a Blanc de Blancs-t.<\/p>\n<p>A Blanc de Noirs pezsg\u0151k viszont nagyon ritk\u00e1k. A Blanc de Noirs kifejez\u00e9st, amely a s\u00f6t\u00e9t sz\u00edn\u0171 sz\u0151l\u0151b\u0151l k\u00e9sz\u00fclt feh\u00e9r pezsg\u0151re utal, eredetileg az <a href=\"https:\/\/champagner.com\/hu\/helyek-utazas\/\">Pezsg\u0151<\/a> jellemezve. Csak az Bollinger, az Bruno Paillard vagy a Mailly pezsg\u0151termel\u0151k, akik t\u00f6bbnyire az Bollinger, az Bruno Paillard vagy a Mailly k\u00f6rny\u00e9ki ter\u00fcletekr\u0151l sz\u00e1rmaznak. <a href=\"https:\/\/champagner.com\/hu\/glosszarium-2\/ay\/\">A\u00ff<\/a>, <a href=\"https:\/\/champagner.com\/hu\/glosszarium-2\/bouzy\/\">Bouzy<\/a>Mailly, <a href=\"https:\/\/champagner.com\/hu\/glosszarium-2\/hautvillers\/\">Hautvillers<\/a> \u00e9s Verzenay k\u00edn\u00e1lja ezt a pezsg\u0151t.<\/p>\n<\/div>\n<\/div><\/section><br \/>\n\n<style type=\"text\/css\" data-created_by=\"avia_inline_auto\" id=\"style-css-av-kkb5x501-41e07ec96ff64c989c18dd6960e201b0\">\n#top .av-special-heading.av-kkb5x501-41e07ec96ff64c989c18dd6960e201b0{\npadding-bottom:10px;\n}\nbody .av-special-heading.av-kkb5x501-41e07ec96ff64c989c18dd6960e201b0 .av-special-heading-tag .heading-char{\nfont-size:25px;\n}\n.av-special-heading.av-kkb5x501-41e07ec96ff64c989c18dd6960e201b0 .av-subheading{\nfont-size:15px;\n}\n<\/style>\n<div  class='av-special-heading av-kkb5x501-41e07ec96ff64c989c18dd6960e201b0 av-special-heading-h2 blockquote modern-quote  avia-builder-el-6  el_after_av_textblock  el_before_av_textblock'><h2 class='av-special-heading-tag'  itemprop=\"headline\"  >A sz\u0151l\u0151fajt\u00e1k<\/h2><div class=\"special-heading-border\"><div class=\"special-heading-inner-border\"><\/div><\/div><\/div><br \/>\n<section  class='av_textblock_section av-6g6azu-a8571564a45309eb77445a09ab527da1'   itemscope=\"itemscope\" itemtype=\"https:\/\/schema.org\/CreativeWork\" ><div class='avia_textblock'  itemprop=\"text\" ><div style=\"text-align: justify;\">\n<p>A pezsg\u0151gy\u00e1rt\u00e1s h\u00e1rom legfontosabb sz\u0151l\u0151fajt\u00e1ja:<\/p>\n<ul>\n<li>Pinot Meunier<\/li>\n<li>Pinot Noir<\/li>\n<li>Chardonnay<\/li>\n<\/ul>\n<p>A k\u00e9k sz\u0151l\u0151t (Pinot Meunier \u00e9s Pinot Noir) feh\u00e9rre pr\u00e9selik. Ezek adj\u00e1k a pezsg\u0151 erej\u00e9t \u00e9s test\u00e9t, m\u00edg a feh\u00e9r sz\u0151l\u0151 (Chardonnay) a fajs\u00falyt \u00e9s a frissess\u00e9get (l\u00e1sd m\u00e9g a k\u00f3stol\u00e1st). A sz\u0151l\u0151t\u0151k\u00e9ket \u00e9vente t\u00f6bbsz\u00f6r, speci\u00e1lis metsz\u00e9si m\u00f3dszerekkel metszik, hogy a sz\u0151l\u0151 a lehet\u0151 legt\u00f6bb er\u0151t \u00e9s t\u00e1panyagot kapja, ahelyett, hogy elvadulna.<\/p>\n<p>A sz\u0151l\u0151termel\u0151k \u00e1ltal el\u00e9rt sz\u0151l\u0151\u00e1r a sz\u0151l\u0151\u00fcltetv\u00e9ny fent eml\u00edtett besorol\u00e1s\u00e1t\u00f3l f\u00fcgg. Egy 80 % \u00e9rt\u00e9k\u0171 \"cru\" min\u0151s\u00edt\u00e9s eset\u00e9n a sz\u0151l\u0151termel\u0151 a sz\u0151l\u0151 \u00e1r\u00e1b\u00f3l 80 %-t kap. A sz\u0151l\u0151 pr\u00e9sel\u00e9sekor a t\u00f6rv\u00e9ny szerint ~60 kg sz\u0151l\u0151b\u0151l legfeljebb ~02 liter must (100 liter bort ad\u00f3) hozamot lehet kinyerni. A tov\u00e1bbi pr\u00e9selt mustot alkohollep\u00e1rl\u00e1sra haszn\u00e1lj\u00e1k fel.<\/p>\n<\/div>\n<\/div><\/section><br \/>\n\n<style type=\"text\/css\" data-created_by=\"avia_inline_auto\" id=\"style-css-av-kkb5xjxv-01a27fd475bc05727693d720d4cd3a9f\">\n#top .av-special-heading.av-kkb5xjxv-01a27fd475bc05727693d720d4cd3a9f{\npadding-bottom:10px;\n}\nbody .av-special-heading.av-kkb5xjxv-01a27fd475bc05727693d720d4cd3a9f .av-special-heading-tag .heading-char{\nfont-size:25px;\n}\n.av-special-heading.av-kkb5xjxv-01a27fd475bc05727693d720d4cd3a9f .av-subheading{\nfont-size:15px;\n}\n<\/style>\n<div  class='av-special-heading av-kkb5xjxv-01a27fd475bc05727693d720d4cd3a9f av-special-heading-h2 blockquote modern-quote  avia-builder-el-8  el_after_av_textblock  el_before_av_textblock'><h2 class='av-special-heading-tag'  itemprop=\"headline\"  >A sz\u0151l\u0151fajt\u00e1k<\/h2><div class=\"special-heading-border\"><div class=\"special-heading-inner-border\"><\/div><\/div><\/div><br \/>\n<section  class='av_textblock_section av-1m6ze-b216b290058da166829d314b60042b06'   itemscope=\"itemscope\" itemtype=\"https:\/\/schema.org\/CreativeWork\" ><div class='avia_textblock'  itemprop=\"text\" ><div style=\"text-align: justify;\">\n<p>A pezsg\u0151 h\u00e1rom sz\u0151l\u0151fajt\u00e1b\u00f3l \u00e9s sz\u0151l\u0151fajt\u00e1b\u00f3l k\u00e9sz\u00fcl: Chardonnay, Pinot Noir \u00e9s Pinot Meunier. E fajt\u00e1k mindegyike a maga m\u00f3dj\u00e1n hozz\u00e1j\u00e1rul a pezsg\u0151 egyedi karakter\u00e9hez.<\/p>\n<p><strong>Chardonnay<\/strong>Ez a feh\u00e9r sz\u0151l\u0151fajta eleganci\u00e1t, frissess\u00e9get \u00e9s finom \u00e1sv\u00e1nyoss\u00e1got k\u00f6lcs\u00f6n\u00f6z a pezsg\u0151nek. A citrusf\u00e9l\u00e9k, a feh\u00e9r vir\u00e1gok \u00e9s n\u00e9ha a finom kr\u00e9mess\u00e9g \u00edz\u00e9t hozza. A chardonnay-t gyakran a C\u00f4te des Blancs h\u00edres Grand Cru-d\u0171l\u0151iben termesztik, ahol a meszes talaj ide\u00e1lis felt\u00e9teleket biztos\u00edt.<\/p>\n<p><strong>Pinot Noir<\/strong>Ez a v\u00f6r\u00f6s sz\u0151l\u0151fajta biztos\u00edtja a pezsg\u0151 szerkezet\u00e9t, test\u00e9t \u00e9s m\u00e9lys\u00e9g\u00e9t. V\u00f6r\u00f6s bogy\u00f3s gy\u00fcm\u00f6lcs\u00f6k, cseresznye \u00e9s n\u00e9ha f\u0171szeres jegyek \u00edz\u00e9t hozza. A Pinot Noir f\u0151k\u00e9nt a Montagne de Reims \u00e9s a C\u00f4te des Bar vid\u00e9k\u00e9n terem, \u00e9s hozz\u00e1j\u00e1rul a v\u00e9gterm\u00e9k \u00f6sszetetts\u00e9g\u00e9hez \u00e9s robusztuss\u00e1g\u00e1hoz.<\/p>\n<p><strong>Pinot Meunier<\/strong>A Pinot Meunier szint\u00e9n v\u00f6r\u00f6s sz\u0151l\u0151fajta, de kev\u00e9sb\u00e9 ismert, mint a Pinot Noir, gy\u00fcm\u00f6lcs\u00f6ss\u00e9get \u00e9s hozz\u00e1f\u00e9rhet\u0151s\u00e9get k\u00edn\u00e1l. Alma, k\u00f6rte \u00e9s esetenk\u00e9nt gy\u00f3gyn\u00f6v\u00e9nyek \u00edz\u00e9t hozza. Ezt a fajt\u00e1t gyakran termesztik a Vall\u00e9e de la Marne vid\u00e9k\u00e9n, \u00e9s harmonikus, gyakran gy\u00fcm\u00f6lcs\u00f6s karaktert biztos\u00edt.<\/p>\n<p>Ezt a h\u00e1rom sz\u0151l\u0151fajt\u00e1t \u00e9s sz\u0151l\u0151fajt\u00e1t gyakran k\u00fcl\u00f6nb\u00f6z\u0151 kombin\u00e1ci\u00f3kban \u00e9s ar\u00e1nyokban haszn\u00e1lj\u00e1k, hogy meghat\u00e1rozz\u00e1k a Champagne soksz\u00edn\u0171s\u00e9g\u00e9t \u00e9s \u00f6sszetetts\u00e9g\u00e9t.<\/p>\n<\/div>\n<\/div><\/section><br \/>\n\n<style type=\"text\/css\" data-created_by=\"avia_inline_auto\" id=\"style-css-av-lys7k417-f104733ade3f2b252bec2fc32efc618e\">\n#top .av-special-heading.av-lys7k417-f104733ade3f2b252bec2fc32efc618e{\npadding-bottom:10px;\n}\nbody .av-special-heading.av-lys7k417-f104733ade3f2b252bec2fc32efc618e .av-special-heading-tag .heading-char{\nfont-size:25px;\n}\n.av-special-heading.av-lys7k417-f104733ade3f2b252bec2fc32efc618e .av-subheading{\nfont-size:15px;\n}\n<\/style>\n<div  class='av-special-heading av-lys7k417-f104733ade3f2b252bec2fc32efc618e av-special-heading-h2 blockquote modern-quote  avia-builder-el-10  el_after_av_textblock  el_before_av_textblock'><h2 class='av-special-heading-tag'  itemprop=\"headline\"  >A Champagne r\u00e9gi\u00f3<\/h2><div class=\"special-heading-border\"><div class=\"special-heading-inner-border\"><\/div><\/div><\/div><br \/>\n<section  class='av_textblock_section av-58wfzj-ae72ca80b6c5b7bc25f2c49c34a4bda0'   itemscope=\"itemscope\" itemtype=\"https:\/\/schema.org\/CreativeWork\" ><div class='avia_textblock'  itemprop=\"text\" ><div style=\"text-align: justify;\">\n<p>A pezsg\u0151 egy kiv\u00e1l\u00f3 <a href=\"https:\/\/champagner.com\/hu\/glosszarium-2\/pezsgo-eredete\/\">Pezsg\u0151<\/a>kiz\u00e1r\u00f3lag az \u00e9szakkelet-franciaorsz\u00e1gi Champagne r\u00e9gi\u00f3ban k\u00e9sz\u00fcl. A r\u00e9gi\u00f3 egyed\u00fcl\u00e1ll\u00f3 terroirj\u00e1r\u00f3l ismert, amely a Champagne-t \u00f6sszet\u00e9veszthetetlen karakter\u00e9vel jellemzi. A Champagne alapborai \u00e1ltal\u00e1ban a Chardonnay, Pinot Noir \u00e9s Pinot Meunier sz\u0151l\u0151fajt\u00e1kb\u00f3l \u00e9s sz\u0151l\u0151fajt\u00e1kb\u00f3l k\u00e9sz\u00fclnek. A hagyom\u00e1nyos el\u0151\u00e1ll\u00edt\u00e1si elj\u00e1r\u00e1s a Champenoise m\u00f3dszer, amelynek sor\u00e1n a bor a palackban egy m\u00e1sodik erjeszt\u00e9sen megy kereszt\u00fcl, amely jellegzetes bubor\u00e9kokat ad neki.<\/p>\n<p>A pezsg\u0151gy\u00e1rt\u00e1s a sz\u0151l\u0151sz\u00fcrettel kezd\u0151dik, amelyre \u00e1ltal\u00e1ban szeptemberben ker\u00fcl sor. Miut\u00e1n a sz\u0151l\u0151t k\u00edm\u00e9letesen kipr\u00e9selt\u00e9k, a mustot erjeszt\u0151 tart\u00e1lyokba helyezik, ahol erjed. A bor ezut\u00e1n palackokban \u00e9rlel\u0151dik, ahol \u00e9leszt\u0151 \u00e9s cukor kever\u00e9ke ind\u00edtja be a m\u00e1sodik erjed\u00e9st. Ez az \u00e9rlel\u00e9s t\u00f6bb \u00e9vig is eltarthat, \u00e9s hozz\u00e1j\u00e1rul a bor \u00f6sszetetts\u00e9g\u00e9hez \u00e9s \u00edz\u00e9nek m\u00e9lys\u00e9g\u00e9hez.<\/p>\n<p>A pezsg\u0151t gyakran a luxus \u00e9s az \u00fcnnepl\u00e9s szimb\u00f3lum\u00e1nak tekintik. K\u00fcl\u00f6nb\u00f6z\u0151 st\u00edlusok l\u00e9teznek, a brut-t\u00f3l a demi-sec-ig, az adagol\u00e1st\u00f3l \u00e9s a marad\u00e9kcukor-tartalomt\u00f3l f\u00fcgg\u0151en. A legh\u00edresebb pezsg\u0151h\u00e1zak, mint p\u00e9ld\u00e1ul az Mo\u00ebt &amp; Chandon, <a href=\"https:\/\/champagner.com\/hu\/veuve-clicquot-ponsardin-pezsgo-2\/\">Veuve Clicquot<\/a> \u00e9s <a href=\"https:\/\/champagner.com\/hu\/glosszarium-2\/dom-perignon\/\">Dom P\u00e9rignon<\/a>jelent\u0151sen hozz\u00e1j\u00e1rultak a Champagne nemzetk\u00f6zi h\u00edrnev\u00e9hez.<\/p>\n<\/div>\n<\/div><\/section><br \/>\n\n<style type=\"text\/css\" data-created_by=\"avia_inline_auto\" id=\"style-css-av-5h3g16-a3598f9ba79b7e9158393e092cd58455\">\n#top .av-special-heading.av-5h3g16-a3598f9ba79b7e9158393e092cd58455{\npadding-bottom:10px;\n}\nbody .av-special-heading.av-5h3g16-a3598f9ba79b7e9158393e092cd58455 .av-special-heading-tag .heading-char{\nfont-size:25px;\n}\n.av-special-heading.av-5h3g16-a3598f9ba79b7e9158393e092cd58455 .av-subheading{\nfont-size:15px;\n}\n<\/style>\n<div  class='av-special-heading av-5h3g16-a3598f9ba79b7e9158393e092cd58455 av-special-heading-h2 custom-color-heading blockquote modern-quote  avia-builder-el-12  el_after_av_textblock  el_before_av_textblock'><h2 class='av-special-heading-tag'  itemprop=\"headline\"  >A pezsg\u0151v\u00e1laszt\u00e9k<\/h2><div class=\"special-heading-border\"><div class=\"special-heading-inner-border\"><\/div><\/div><\/div><br \/>\n<section  class='av_textblock_section av-58wfzj-13-6c58fc1b3d4427f95ff831c11cd2b7c9'   itemscope=\"itemscope\" itemtype=\"https:\/\/schema.org\/CreativeWork\" ><div class='avia_textblock'  itemprop=\"text\" ><div style=\"text-align: justify;\">\n<p>A pezsg\u0151h\u00f6z tartoz\u00f3 \u00f6sszes bor v\u00e1logatott:<br \/>\nA sz\u00fcret sor\u00e1n csak az \u00e9rett \u00e9s eg\u00e9szs\u00e9ges sz\u0151l\u0151t sz\u00fcretelik nagy gondoss\u00e1ggal, nagy kosarakba (\u00fagynevezett man\u00f6kenekbe) helyezik, majd j\u00f3l rug\u00f3zott kocsikon sz\u00e1ll\u00edtj\u00e1k a pr\u00e9sbe. A pr\u00e9sel\u00e9s is k\u00edm\u00e9letes \u00e9s gyors, k\u00fcl\u00f6n\u00f6sen az\u00e9rt, mert a sz\u00fcret 2\/3-\u00e1ban a k\u00e9ksz\u0151l\u0151b\u0151l feh\u00e9r mustot kell pr\u00e9selni. A mustba nem ker\u00fclhet a h\u00e9j sz\u00edne vagy keser\u0171anyag. 150 kg sz\u0151l\u0151b\u0151l nem szabad t\u00f6bb mint 100 liter mustot kinyerni (2\/3-os t\u00f6rv\u00e9ny).<\/p>\n<\/div>\n<\/div><\/section><br \/>\n\n<style type=\"text\/css\" data-created_by=\"avia_inline_auto\" id=\"style-css-av-kjluw2vl-11-8c78f8382bd3feadac6efb0bffee9fc1\">\n.avia-image-container.av-kjluw2vl-11-8c78f8382bd3feadac6efb0bffee9fc1 img.avia_image{\nbox-shadow:none;\n}\n.avia-image-container.av-kjluw2vl-11-8c78f8382bd3feadac6efb0bffee9fc1 .av-image-caption-overlay-center{\ncolor:#ffffff;\n}\n<\/style>\n<div  class='avia-image-container av-kjluw2vl-11-8c78f8382bd3feadac6efb0bffee9fc1 av-styling- avia-align-center  avia-builder-el-14  el_after_av_textblock  el_before_av_heading'   itemprop=\"image\" itemscope=\"itemscope\" itemtype=\"https:\/\/schema.org\/ImageObject\" ><div class=\"avia-image-container-inner\"><div class=\"avia-image-overlay-wrap\"><img decoding=\"async\" fetchpriority=\"high\" class='wp-image-4185 avia-img-lazy-loading-not-4185 avia_image' src=\"https:\/\/champagner.com\/wp-content\/uploads\/2018\/04\/champagner-trauben-1-1030x665.jpg\" alt='Pezsg\u0151sz\u0151l\u0151' title='Pezsg\u0151sz\u0151l\u0151'  height=\"665\" width=\"1030\"  itemprop=\"thumbnailUrl\" srcset=\"https:\/\/champagner.com\/wp-content\/uploads\/2018\/04\/champagner-trauben-1-1030x665.jpg 1030w, https:\/\/champagner.com\/wp-content\/uploads\/2018\/04\/champagner-trauben-1-300x194.jpg 300w, https:\/\/champagner.com\/wp-content\/uploads\/2018\/04\/champagner-trauben-1-768x496.jpg 768w, https:\/\/champagner.com\/wp-content\/uploads\/2018\/04\/champagner-trauben-1-705x455.jpg 705w, https:\/\/champagner.com\/wp-content\/uploads\/2018\/04\/champagner-trauben-1-450x291.jpg 450w, https:\/\/champagner.com\/wp-content\/uploads\/2018\/04\/champagner-trauben-1.jpg 1440w\" sizes=\"(max-width: 1030px) 100vw, 1030px\" \/><\/div><\/div><\/div><br \/>\n\n<style type=\"text\/css\" data-created_by=\"avia_inline_auto\" id=\"style-css-av-3kb8ii-461375c708b561b4ffee044342456289\">\n#top .av-special-heading.av-3kb8ii-461375c708b561b4ffee044342456289{\npadding-bottom:10px;\n}\nbody .av-special-heading.av-3kb8ii-461375c708b561b4ffee044342456289 .av-special-heading-tag .heading-char{\nfont-size:25px;\n}\n.av-special-heading.av-3kb8ii-461375c708b561b4ffee044342456289 .av-subheading{\nfont-size:15px;\n}\n<\/style>\n<div  class='av-special-heading av-3kb8ii-461375c708b561b4ffee044342456289 av-special-heading-h2 custom-color-heading blockquote modern-quote  avia-builder-el-15  el_after_av_image  el_before_av_textblock'><h2 class='av-special-heading-tag'  itemprop=\"headline\"  >A sz\u0151l\u0151 leg\u00e1lis mennyis\u00e9ge<\/h2><div class=\"special-heading-border\"><div class=\"special-heading-inner-border\"><\/div><\/div><\/div><br \/>\n<section  class='av_textblock_section av-58wfzj-6-32031477e2ef2fd2f1db3665ea5bc1d6'   itemscope=\"itemscope\" itemtype=\"https:\/\/schema.org\/CreativeWork\" ><div class='avia_textblock'  itemprop=\"text\" ><div style=\"text-align: justify;\">\n<p>A Champagne el\u0151\u00e1ll\u00edt\u00e1s\u00e1ra felhaszn\u00e1lhat\u00f3 sz\u0151l\u0151 hekt\u00e1ronk\u00e9nti mennyis\u00e9g\u00e9t minden \u00e9vben r\u00f6viddel a sz\u00fcret el\u0151tt t\u00f6rv\u00e9nyben hat\u00e1rozz\u00e1k meg: 1996-ban hekt\u00e1ronk\u00e9nt legfeljebb 10 400 kg sz\u0151l\u0151 volt jogosult a \"Champagne\" \u00e9s a \"Cote\u00e4ux Champenois\" (Champagne-i csendes bor) AOC megnevez\u00e9sekre. A sz\u00f6vets\u00e9g minden \u00e9vben a sz\u00fcret el\u0151tt meghat\u00e1rozza a must minim\u00e1lis potenci\u00e1lis alkoholtartalm\u00e1t is. 1996-ban a sz\u0151l\u0151nek legal\u00e1bb 9 t\u00e9rfogatsz\u00e1zal\u00e9kos potenci\u00e1lis alkoholtartalommal kellett rendelkeznie. Az a must, amelyik nem \u00e9ri el ezt a minimumot, elvesz\u00edti a \"Champagne\" c\u00edmke jog\u00e1t (a min\u0151s\u00e9g a mennyis\u00e9g el\u0151tt).<\/p>\n<\/div>\n<\/div><\/section><br \/>\n\n<style type=\"text\/css\" data-created_by=\"avia_inline_auto\" id=\"style-css-av-23t0oa-ee7f6725c26ec5d2d3d791415a5ed41a\">\n#top .av-special-heading.av-23t0oa-ee7f6725c26ec5d2d3d791415a5ed41a{\npadding-bottom:10px;\n}\nbody .av-special-heading.av-23t0oa-ee7f6725c26ec5d2d3d791415a5ed41a .av-special-heading-tag .heading-char{\nfont-size:25px;\n}\n.av-special-heading.av-23t0oa-ee7f6725c26ec5d2d3d791415a5ed41a .av-subheading{\nfont-size:15px;\n}\n<\/style>\n<div  class='av-special-heading av-23t0oa-ee7f6725c26ec5d2d3d791415a5ed41a av-special-heading-h2 custom-color-heading blockquote modern-quote  avia-builder-el-17  el_after_av_textblock  el_before_av_textblock'><h2 class='av-special-heading-tag'  itemprop=\"headline\"  >K\u00fcl\u00f6nb\u00f6z\u0151 n\u00f6v\u00e9nyek kever\u00e9se<\/h2><div class=\"special-heading-border\"><div class=\"special-heading-inner-border\"><\/div><\/div><\/div><br \/>\n<section  class='av_textblock_section av-58wfzj-4-8762bef7e27f13400594aaeadd588513'   itemscope=\"itemscope\" itemtype=\"https:\/\/schema.org\/CreativeWork\" ><div class='avia_textblock'  itemprop=\"text\" ><div style=\"text-align: justify;\">\n<p>A pezsg\u0151t, m\u00e1s nagy borokkal ellent\u00e9tben, gyakran k\u00fcl\u00f6nb\u00f6z\u0151 sz\u0151l\u0151fajt\u00e1k \u00e9s \u00e9vj\u00e1ratok kever\u00e9s\u00e9vel \u00e1ll\u00edtj\u00e1k el\u0151. Ennek oka a borvid\u00e9k \u00e9szaki \u00e9ghajlata, ami azt jelenti, hogy ugyanabban az \u00e9vben az egyik d\u0171l\u0151b\u0151l sz\u00e1rmaz\u00f3 sz\u0151l\u0151 \u00e9s sz\u0151l\u0151fajta jobb lehet, mint a m\u00e1sik d\u0171l\u0151b\u0151l sz\u00e1rmaz\u00f3 sz\u0151l\u0151, \u00e9s hogy az egyik \u00e9vj\u00e1rat sz\u0151l\u0151je jobb lehet, mint a m\u00e1sik \u00e9vj\u00e1rat\u00e9. Horizont\u00e1lis h\u00e1zas\u00edt\u00e1s a kb. 320 fekv\u00e9sb\u0151l, amelyek k\u00f6z\u00fcl 17 \"grands crus\" 100%, 41 \"premier crus\" 90-99 %, a t\u00f6bbi 80-89 % \u00e9rt\u00e9k\u0171. Vertik\u00e1lis h\u00e1zas\u00edt\u00e1s k\u00fcl\u00f6nb\u00f6z\u0151 \u00e9vj\u00e1ratokb\u00f3l sz\u00e1rmaz\u00f3 tartal\u00e9kborokkal.<\/p>\n<\/div>\n<\/div><\/section><br \/>\n\n<style type=\"text\/css\" data-created_by=\"avia_inline_auto\" id=\"style-css-av-kjluw2vl-44507a4d5477799e6c4785933bf56fd2\">\n.avia-image-container.av-kjluw2vl-44507a4d5477799e6c4785933bf56fd2 img.avia_image{\nbox-shadow:none;\n}\n.avia-image-container.av-kjluw2vl-44507a4d5477799e6c4785933bf56fd2 .av-image-caption-overlay-center{\ncolor:#ffffff;\n}\n<\/style>\n<div  class='avia-image-container av-kjluw2vl-44507a4d5477799e6c4785933bf56fd2 av-styling- avia-align-center  avia-builder-el-19  el_after_av_textblock  avia-builder-el-last'   itemprop=\"image\" itemscope=\"itemscope\" itemtype=\"https:\/\/schema.org\/ImageObject\" ><div class=\"avia-image-container-inner\"><div class=\"avia-image-overlay-wrap\"><img decoding=\"async\" fetchpriority=\"high\" class='wp-image-4167 avia-img-lazy-loading-not-4167 avia_image' src=\"https:\/\/champagner.com\/wp-content\/uploads\/2018\/04\/bauget-jouette-weinrebe.jpg\" alt='Bauget-Jouette Pezsg\u0151 sz\u0151l\u0151' title='Bauget-Jouette Pezsg\u0151 sz\u0151l\u0151'  height=\"400\" width=\"620\"  itemprop=\"thumbnailUrl\" srcset=\"https:\/\/champagner.com\/wp-content\/uploads\/2018\/04\/bauget-jouette-weinrebe.jpg 620w, https:\/\/champagner.com\/wp-content\/uploads\/2018\/04\/bauget-jouette-weinrebe-300x194.jpg 300w, https:\/\/champagner.com\/wp-content\/uploads\/2018\/04\/bauget-jouette-weinrebe-450x290.jpg 450w\" sizes=\"(max-width: 620px) 100vw, 620px\" \/><\/div><\/div><\/div><\/p><\/div>\n<style type=\"text\/css\" data-created_by=\"avia_inline_auto\" id=\"style-css-av-7vz4-e2ecb25e9168201a3fd1fa7a9982a872\">\n.flex_column.av-7vz4-e2ecb25e9168201a3fd1fa7a9982a872{\nborder-radius:0px 0px 0px 0px;\npadding:0px 0px 0px 0px;\n}\n<\/style>\n<div  class='flex_column av-7vz4-e2ecb25e9168201a3fd1fa7a9982a872 av_one_fifth  avia-builder-el-20  el_after_av_three_fifth  avia-builder-el-last  flex_column_div av-zero-column-padding'     ><\/div>","protected":false},"excerpt":{"rendered":"","protected":false},"author":1,"featured_media":4103,"parent":0,"menu_order":0,"comment_status":"closed","ping_status":"closed","template":"","meta":{"footnotes":""},"class_list":["post-5098","page","type-page","status-publish","has-post-thumbnail","hentry"],"_links":{"self":[{"href":"https:\/\/champagner.com\/hu\/wp-json\/wp\/v2\/pages\/5098","targetHints":{"allow":["GET"]}}],"collection":[{"href":"https:\/\/champagner.com\/hu\/wp-json\/wp\/v2\/pages"}],"about":[{"href":"https:\/\/champagner.com\/hu\/wp-json\/wp\/v2\/types\/page"}],"author":[{"embeddable":true,"href":"https:\/\/champagner.com\/hu\/wp-json\/wp\/v2\/users\/1"}],"replies":[{"embeddable":true,"href":"https:\/\/champagner.com\/hu\/wp-json\/wp\/v2\/comments?post=5098"}],"version-history":[{"count":0,"href":"https:\/\/champagner.com\/hu\/wp-json\/wp\/v2\/pages\/5098\/revisions"}],"wp:featuredmedia":[{"embeddable":true,"href":"https:\/\/champagner.com\/hu\/wp-json\/wp\/v2\/media\/4103"}],"wp:attachment":[{"href":"https:\/\/champagner.com\/hu\/wp-json\/wp\/v2\/media?parent=5098"}],"curies":[{"name":"wp","href":"https:\/\/api.w.org\/{rel}","templated":true}]}}