{"id":6514,"date":"2022-05-05T13:28:39","date_gmt":"2022-05-05T13:28:39","guid":{"rendered":"https:\/\/champagner.com\/?page_id=6514"},"modified":"2024-11-04T12:47:51","modified_gmt":"2024-11-04T12:47:51","slug":"pezsgo-muveszet","status":"publish","type":"page","link":"https:\/\/champagner.com\/hu\/pezsgo-muveszet\/","title":{"rendered":"Pezsg\u0151 m\u0171v\u00e9szet"},"content":{"rendered":"<div   class='avia-fullscreen-slider main_color   avia-builder-el-0  el_before_av_section  avia-builder-el-first  container_wrap fullsize'  ><div  class='avia-slideshow av-kjripr6g-74ffc6525b251b8b733cc3ef032d902d avia-slideshow-extra_large av_fullscreen avia-slide-slider av-slideshow-ui av-control-default av-slideshow-manual av-loop-once av-loop-manual-endless av-default-height-applied   avia-slideshow-1' data-slideshow-options=\"{&quot;animation&quot;:&quot;slide&quot;,&quot;autoplay&quot;:false,&quot;loop_autoplay&quot;:&quot;once&quot;,&quot;interval&quot;:5,&quot;loop_manual&quot;:&quot;manual-endless&quot;,&quot;autoplay_stopper&quot;:false,&quot;noNavigation&quot;:false,&quot;bg_slider&quot;:true,&quot;keep_padding&quot;:false,&quot;hoverpause&quot;:false,&quot;show_slide_delay&quot;:0,&quot;slide_height&quot;:&quot;100&quot;,&quot;image_attachment&quot;:&quot;&quot;}\"  itemprop=\"image\" itemscope=\"itemscope\" itemtype=\"https:\/\/schema.org\/ImageObject\" ><ul class='avia-slideshow-inner' style='padding-bottom: 53.2%;'><li style='background-position:center center;' data-img-url='https:\/\/champagner.com\/wp-content\/uploads\/2018\/05\/Champagne-Charles-de-Cazanove-1500x798.jpg' class='avia-slideshow-slide av-kjripr6g-74ffc6525b251b8b733cc3ef032d902d__0  av-single-slide slide-1 slide-odd'><div data-rel='slideshow-1' class='avia-slide-wrap'  title='Charles de Cazanove pezsg\u0151 ' ><\/div><\/li><\/ul><\/div><\/div>\n<div id='av_section_1'  class='avia-section av-9qys-7fbec837cc9414b56951d589a49fa01e main_color avia-section-default avia-no-border-styling  avia-builder-el-1  el_after_av_fullscreen  avia-builder-el-last  avia-bg-style-scroll container_wrap fullsize'  ><div class='container av-section-cont-open' ><div class='template-page content  av-content-full alpha units'><div class='post-entry post-entry-type-page post-entry-6514'><div class='entry-content-wrapper clearfix'>\n\n<style type=\"text\/css\" data-created_by=\"avia_inline_auto\" id=\"style-css-av-9tz4-26c14c70028d90a54aefce07862c0d7e\">\n.flex_column.av-9tz4-26c14c70028d90a54aefce07862c0d7e{\nborder-radius:0px 0px 0px 0px;\npadding:0px 0px 0px 0px;\n}\n<\/style>\n<div  class='flex_column av-9tz4-26c14c70028d90a54aefce07862c0d7e av_one_fifth  avia-builder-el-2  el_before_av_three_fifth  avia-builder-el-first  first flex_column_div av-zero-column-padding'     ><\/div>\n<style type=\"text\/css\" data-created_by=\"avia_inline_auto\" id=\"style-css-av-5y3a-c3ba98e644c5ae5c87ca984f1618400f\">\n.flex_column.av-5y3a-c3ba98e644c5ae5c87ca984f1618400f{\nborder-radius:0px 0px 0px 0px;\npadding:0px 0px 0px 0px;\n}\n<\/style>\n<div  class='flex_column av-5y3a-c3ba98e644c5ae5c87ca984f1618400f av_three_fifth  avia-builder-el-3  el_after_av_one_fifth  el_before_av_one_fifth  flex_column_div av-zero-column-padding'     ><p>\n<style type=\"text\/css\" data-created_by=\"avia_inline_auto\" id=\"style-css-av-kjrjnv83-db0150b69486a15817a0557cc8e62443\">\n#top .av-special-heading.av-kjrjnv83-db0150b69486a15817a0557cc8e62443{\npadding-bottom:30px;\nfont-size:50px;\n}\nbody .av-special-heading.av-kjrjnv83-db0150b69486a15817a0557cc8e62443 .av-special-heading-tag .heading-char{\nfont-size:25px;\n}\n#top #wrap_all .av-special-heading.av-kjrjnv83-db0150b69486a15817a0557cc8e62443 .av-special-heading-tag{\nfont-size:50px;\n}\n.av-special-heading.av-kjrjnv83-db0150b69486a15817a0557cc8e62443 .av-subheading{\nfont-size:15px;\n}\n\n@media only screen and (min-width: 480px) and (max-width: 767px){ \n#top #wrap_all .av-special-heading.av-kjrjnv83-db0150b69486a15817a0557cc8e62443 .av-special-heading-tag{\nfont-size:0.8em;\n}\n}\n\n@media only screen and (max-width: 479px){ \n#top #wrap_all .av-special-heading.av-kjrjnv83-db0150b69486a15817a0557cc8e62443 .av-special-heading-tag{\nfont-size:0.8em;\n}\n}\n<\/style>\n<div  class='av-special-heading av-kjrjnv83-db0150b69486a15817a0557cc8e62443 av-special-heading-h1 blockquote modern-quote  avia-builder-el-4  el_before_av_textblock  avia-builder-el-first  av-inherit-size'><h1 class='av-special-heading-tag'  itemprop=\"headline\"  >Pezsg\u0151 m\u0171v\u00e9szet<\/h1><div class=\"special-heading-border\"><div class=\"special-heading-inner-border\"><\/div><\/div><\/div><br \/>\n\n<style type=\"text\/css\" data-created_by=\"avia_inline_auto\" id=\"style-css-av-kj4bin1p-19cbf03350244018d7d4cfd1501789b0\">\n#top .av_textblock_section.av-kj4bin1p-19cbf03350244018d7d4cfd1501789b0 .avia_textblock{\nfont-size:18px;\n}\n<\/style>\n<section  class='av_textblock_section av-kj4bin1p-19cbf03350244018d7d4cfd1501789b0'   itemscope=\"itemscope\" itemtype=\"https:\/\/schema.org\/CreativeWork\" ><div class='avia_textblock'  itemprop=\"text\" ><p><strong><a href=\"https:\/\/champagner.com\/hu\/\">Pezsg\u0151<\/a><\/strong> t\u00f6bb mint a legjobb min\u0151s\u00e9get testes\u00edti meg a borok k\u00f6z\u00f6tt. A pezsg\u0151 a t\u00e9nyleges \u00e9lvezet mellett egy olyan er\u0151teljes aur\u00e1t is teremt, amelyet neh\u00e9z szavakba \u00f6nteni, de szinte mindig el\u00e9rhet\u0151 k\u00f6zels\u00e9gbe ker\u00fcl.<\/p>\n<p>\u00cdgy mondj\u00e1k angolul:<\/p>\n<blockquote>\n<p><a href=\"https:\/\/champagner.com\/hu\/helyek-utazas\/\">Pezsg\u0151<\/a> hangulatot teremt, er\u0151teljes kijelent\u00e9st tesz, \u00e9s szinte el\u0151re l\u00e1that\u00f3an kedvez\u0151en n\u00f6veli az \u00e9lm\u00e9nyt! Tudja, hogy nemcsak a legjobb bort fogyasztja, hanem egy nagyszer\u0171 szellemet is megid\u00e9z!<\/p>\n<\/blockquote>\n<p>N\u00e9h\u00e1ny gy\u00e1rt\u00f3 m\u00e1r a Belle Epoque idej\u00e9n felismerte, hogy ezt az er\u0151teljes jelens\u00e9get, ezt a szellemet a m\u0171v\u00e9szet seg\u00edts\u00e9g\u00e9vel lehet a legjobban megragadni. Csak a korszak legjobb m\u0171v\u00e9szei \u00e9s grafikusai voltak el\u00e9g j\u00f3k ahhoz, hogy r\u00e1juk b\u00edzz\u00e1k ennek a \"szellemnek\" a megtestes\u00edt\u00e9s\u00e9t a k\u00f6vetkez\u0151 term\u00e9kekkel kapcsolatban <a href=\"https:\/\/champagner.com\/hu\/pezsgocimkek\/\">Pezsg\u0151c\u00edmk\u00e9k<\/a>plak\u00e1tok, \u00e9tlapok \u00e9s k\u00e9peslapok.<\/p>\n<p>A Delbeck c\u00e9g p\u00e9ld\u00e1ul sikeresen adott megb\u00edz\u00e1sokat a korszak olyan ismert m\u0171v\u00e9szeinek, mint Klimt, Muchas, Cappiello, Erg\u00e9, Gall\u00e9, Andreis, Chatin, Tristan Bernard \u00e9s Benjamin Rabier.<\/p>\n<p>E korszak m\u0171v\u00e9szi teljes\u00edtm\u00e9nyeinek sikere \u00e9s terjedelme egyar\u00e1nt p\u00e1ratlan. A Belle Epoque pezsg\u0151plak\u00e1tjai ma is keresett dekor\u00e1ci\u00f3s plak\u00e1tok a vil\u00e1g minden t\u00e1j\u00e1n.<\/p>\n<p>A pezsg\u0151 \u00e9s a m\u0171v\u00e9szet k\u00f6z\u00f6tti term\u00e9szetes kapcsolat azonban mind a mai napig t\u00f6retlen.<\/p>\n<h3>Pezsg\u0151 m\u0171v\u00e9szet<\/h3>\n<p>A mai pezsg\u0151 m\u0171v\u00e9szet <a href=\"https:\/\/champagner.com\/hu\/pezsgohazak\/\">Pezsg\u0151h\u00e1zak<\/a> nagyj\u00e1b\u00f3l h\u00e1rom ter\u00fcletre oszthat\u00f3:<\/p>\n<ul>\n<li>Nemzeti m\u0171v\u00e9szet, azaz olyan m\u0171v\u00e9szet, amely kiz\u00e1r\u00f3lag Franciaorsz\u00e1gra \u00e9s annak m\u0171v\u00e9szeire korl\u00e1toz\u00f3dik.<\/li>\n<li>Nemzetk\u00f6zi m\u0171v\u00e9szet, azaz olyan m\u0171v\u00e9szet, amely a vil\u00e1g m\u0171v\u00e9szeit a pezsg\u0151 f\u00e9ny\u00e9be helyezi.<\/li>\n<li>Design art vagy New Art. Ez egy gyakran provokat\u00edv, olykor s\u00e9rt\u0151 m\u0171v\u00e9szeti \u00e1gra utal. A pezsg\u0151m\u0171v\u00e9szet e t\u00edpus\u00e1ba olyan dolgok tartoznak, amelyek m\u00e1r nem ismerik fel a Belle Epoque korszak\u00e1ra val\u00f3 utal\u00e1st.<\/li>\n<\/ul>\n<p>A nemzeti pezsg\u0151m\u0171v\u00e9szet egyik p\u00e9ld\u00e1ja a Bruno Pillard palackjai, amelyek pezsg\u0151c\u00edmk\u00e9it francia m\u0171v\u00e9szek tervezt\u00e9k \u00e9s k\u00e9sz\u00edtett\u00e9k.<\/p>\n<p>Eddig tizenk\u00e9t palackot val\u00f3s\u00edtottak meg Franciaorsz\u00e1gban \u00e9l\u0151 \u00e9s dolgoz\u00f3 m\u0171v\u00e9szek. A palackok k\u00fcl\u00f6nlegess\u00e9ge, hogy minden m\u0171v\u00e9sz m\u00e1s-m\u00e1s fajta vagy \u00e9vj\u00e1rat el\u0151tt tiszteleg.<\/p>\n<p>Az Taittinger \u00fagynevezett Collections palackjai a pezsg\u0151vel kapcsolatos nemzetk\u00f6zi m\u0171v\u00e9szet kiv\u00e1l\u00f3 p\u00e9ld\u00e1i.<br \/>\nAz Taittinger kollekci\u00f3s palackok olyan pezsg\u0151s palackok, amelyeket 1978 \u00f3ta gy\u00e1rtanak egy j\u00f3 pezsg\u0151\u00e9vben.<br \/>\nA k\u00fcl\u00f6nlegess\u00e9g az, hogy minden egyes palackot m\u00e1s-m\u00e1s m\u0171v\u00e9sz tervezett. 1983 \u00f3ta kilenc nemzetk\u00f6zileg elismert m\u0171v\u00e9sz tervezett egy-egy palackot Claude Taittinger nev\u00e9ben.<\/p>\n<p>Az els\u0151 hat palackot VASARELY (Mills\u00e9sime 1978), ARMAN (Mills\u00e9sime 1981), MASSON (Mills\u00e9sime 1982), VIEIRA DA SILVA (Mills\u00e9sime 1983), LICHTENSTEIN (Mills\u00e9sime 1985) \u00e9s HARTUNG (Mills\u00e9sime 1986) tervezte. Ezek csak nagy szerencs\u00e9vel tal\u00e1lhat\u00f3k meg \u00e1rver\u00e9sen.<br \/>\nSzerencs\u00e9re az utols\u00f3 h\u00e1rom palack Ima\u00cf, Corneille \u00e9s Matta m\u0171v\u00e9szekt\u0151l m\u00e9g kaphat\u00f3 a boltokban.<\/p>\n<p>Az \u00fagynevezett diz\u00e1jn pezsg\u0151m\u0171v\u00e9szetre j\u00f3 p\u00e9lda a Veuve Cliquot.<br \/>\nAz \u00fagynevezett Millinnium, az 1999-t\u0151l az \u00e9vfordul\u00f3ig tart\u00f3 \u00e9vfordul\u00f3kra <a href=\"https:\/\/champagner.com\/hu\/evek\/\">2000<\/a>a Veuve Cliquot a La Grande Dame k\u00fcl\u00f6nleges v\u00e1ltozat\u00e1t dobta piacra.<br \/>\nEnnek \u00e9rdek\u00e9ben Elisabeth Rubin m\u0171v\u00e9szn\u0151 olyan akril\u00fcvegb\u0151l k\u00e9sz\u00fclt tokot tervezett, amelybe 1,5 vagy 3 literes palackot is be lehetett helyezni. A palackot ebben a tokban k\u00e9t b\u0151rsz\u00edjra er\u0151s\u00edtett\u00e9k.<\/p>\n<p><strong>V\u00e9g\u00fcl, de nem utols\u00f3sorban egy olyan p\u00e9lda, amely nem illeszkedik k\u00f6nnyen a h\u00e1rom kateg\u00f3ria egyik\u00e9be sem.<\/strong><\/p>\n<p>Az Piper-Heidsieck h\u00e1z\u00e1b\u00f3l \u00e9rkezik a Jean-Paul Gaultier francia divattervez\u0151 \u00e1ltal tervezett \u00fcveg.<br \/>\nEz egy piros f\u0171z\u0151be \u00f6lt\u00f6ztetett \u00fcveg volt. Az \u00fcveget \u00e9s az azt k\u00f6r\u00fclvev\u0151 ruh\u00e1t term\u00e9szetesen az alkot\u00f3 szign\u00e1lta, \u00e9s az \u00fcveg gy\u00f6ny\u00f6r\u0171 akril\u00fcveg csomagol\u00e1sban \u00e9rkezik.<\/p>\n<div id=\"attachment_7576\" style=\"width: 350px\" class=\"wp-caption aligncenter\"><img loading=\"lazy\" decoding=\"async\" aria-describedby=\"caption-attachment-7576\" class=\"wp-image-7576 size-full\" title=\"Jean-Paul Gaultier &amp; Piper-Heidsieck pezsg\u0151\" src=\"https:\/\/champagner.com\/wp-content\/uploads\/2024\/07\/Jean-Paul-Gaultier-Piper-Heidsieck.webp\" alt=\"Jean-Paul Gaultier &amp; Piper-Heidsieck pezsg\u0151\" width=\"340\" height=\"270\" srcset=\"https:\/\/champagner.com\/wp-content\/uploads\/2024\/07\/Jean-Paul-Gaultier-Piper-Heidsieck.webp 340w, https:\/\/champagner.com\/wp-content\/uploads\/2024\/07\/Jean-Paul-Gaultier-Piper-Heidsieck-300x238.webp 300w, https:\/\/champagner.com\/wp-content\/uploads\/2024\/07\/Jean-Paul-Gaultier-Piper-Heidsieck-15x12.webp 15w\" sizes=\"auto, (max-width: 340px) 100vw, 340px\" \/><p id=\"caption-attachment-7576\" class=\"wp-caption-text\">Jean-Paul Gaultier &amp; Piper-Heidsieck pezsg\u0151<\/p><\/div>\n<p>Mint l\u00e1that\u00f3, a pezsg\u0151m\u0171v\u00e9szet t\u00e9m\u00e1ja nagyon sokr\u00e9t\u0171, \u00e9s nem lehet egy fix fi\u00f3kba besorolni.<\/p>\n<\/div><\/section><\/p><\/div>\n<style type=\"text\/css\" data-created_by=\"avia_inline_auto\" id=\"style-css-av-7vz4-e2ecb25e9168201a3fd1fa7a9982a872\">\n.flex_column.av-7vz4-e2ecb25e9168201a3fd1fa7a9982a872{\nborder-radius:0px 0px 0px 0px;\npadding:0px 0px 0px 0px;\n}\n<\/style>\n<div  class='flex_column av-7vz4-e2ecb25e9168201a3fd1fa7a9982a872 av_one_fifth  avia-builder-el-6  el_after_av_three_fifth  avia-builder-el-last  flex_column_div av-zero-column-padding'     ><\/div>","protected":false},"excerpt":{"rendered":"","protected":false},"author":1,"featured_media":4712,"parent":0,"menu_order":0,"comment_status":"closed","ping_status":"closed","template":"","meta":{"footnotes":""},"class_list":["post-6514","page","type-page","status-publish","has-post-thumbnail","hentry"],"_links":{"self":[{"href":"https:\/\/champagner.com\/hu\/wp-json\/wp\/v2\/pages\/6514","targetHints":{"allow":["GET"]}}],"collection":[{"href":"https:\/\/champagner.com\/hu\/wp-json\/wp\/v2\/pages"}],"about":[{"href":"https:\/\/champagner.com\/hu\/wp-json\/wp\/v2\/types\/page"}],"author":[{"embeddable":true,"href":"https:\/\/champagner.com\/hu\/wp-json\/wp\/v2\/users\/1"}],"replies":[{"embeddable":true,"href":"https:\/\/champagner.com\/hu\/wp-json\/wp\/v2\/comments?post=6514"}],"version-history":[{"count":0,"href":"https:\/\/champagner.com\/hu\/wp-json\/wp\/v2\/pages\/6514\/revisions"}],"wp:featuredmedia":[{"embeddable":true,"href":"https:\/\/champagner.com\/hu\/wp-json\/wp\/v2\/media\/4712"}],"wp:attachment":[{"href":"https:\/\/champagner.com\/hu\/wp-json\/wp\/v2\/media?parent=6514"}],"curies":[{"name":"wp","href":"https:\/\/api.w.org\/{rel}","templated":true}]}}