{"id":6528,"date":"2022-05-05T13:56:49","date_gmt":"2022-05-05T13:56:49","guid":{"rendered":"https:\/\/champagner.com\/?page_id=6528"},"modified":"2024-11-04T12:46:29","modified_gmt":"2024-11-04T12:46:29","slug":"pezsgocimkek","status":"publish","type":"page","link":"https:\/\/champagner.com\/hu\/pezsgocimkek\/","title":{"rendered":"Pezsg\u0151c\u00edmk\u00e9k"},"content":{"rendered":"<div   class='avia-fullscreen-slider main_color   avia-builder-el-0  el_before_av_section  avia-builder-el-first  container_wrap fullsize'  ><div  class='avia-slideshow av-kjripr6g-74ffc6525b251b8b733cc3ef032d902d avia-slideshow-extra_large av_fullscreen avia-slide-slider av-slideshow-ui av-control-default av-slideshow-manual av-loop-once av-loop-manual-endless av-default-height-applied   avia-slideshow-1' data-slideshow-options=\"{&quot;animation&quot;:&quot;slide&quot;,&quot;autoplay&quot;:false,&quot;loop_autoplay&quot;:&quot;once&quot;,&quot;interval&quot;:5,&quot;loop_manual&quot;:&quot;manual-endless&quot;,&quot;autoplay_stopper&quot;:false,&quot;noNavigation&quot;:false,&quot;bg_slider&quot;:true,&quot;keep_padding&quot;:false,&quot;hoverpause&quot;:false,&quot;show_slide_delay&quot;:0,&quot;slide_height&quot;:&quot;100&quot;,&quot;image_attachment&quot;:&quot;&quot;}\"  itemprop=\"image\" itemscope=\"itemscope\" itemtype=\"https:\/\/schema.org\/ImageObject\" ><ul class='avia-slideshow-inner' style='padding-bottom: 56.390977443609%;'><li style='background-position:center center;' data-img-url='https:\/\/champagner.com\/wp-content\/uploads\/2018\/05\/thienot-champagner-cuvee-alain-thienot.jpg' class='avia-slideshow-slide av-kjripr6g-74ffc6525b251b8b733cc3ef032d902d__0  av-single-slide slide-1 slide-odd'><div data-rel='slideshow-1' class='avia-slide-wrap'  title='Thi\u00e9not Champagne Cuvee Alain Thi\u00e9not' ><\/div><\/li><\/ul><\/div><\/div>\n<div id='av_section_1'  class='avia-section av-9qys-7fbec837cc9414b56951d589a49fa01e main_color avia-section-default avia-no-border-styling  avia-builder-el-1  el_after_av_fullscreen  avia-builder-el-last  avia-bg-style-scroll container_wrap fullsize'  ><div class='container av-section-cont-open' ><div class='template-page content  av-content-full alpha units'><div class='post-entry post-entry-type-page post-entry-6528'><div class='entry-content-wrapper clearfix'>\n\n<style type=\"text\/css\" data-created_by=\"avia_inline_auto\" id=\"style-css-av-9tz4-26c14c70028d90a54aefce07862c0d7e\">\n.flex_column.av-9tz4-26c14c70028d90a54aefce07862c0d7e{\nborder-radius:0px 0px 0px 0px;\npadding:0px 0px 0px 0px;\n}\n<\/style>\n<div  class='flex_column av-9tz4-26c14c70028d90a54aefce07862c0d7e av_one_fifth  avia-builder-el-2  el_before_av_three_fifth  avia-builder-el-first  first flex_column_div av-zero-column-padding'     ><\/div>\n<style type=\"text\/css\" data-created_by=\"avia_inline_auto\" id=\"style-css-av-5y3a-c3ba98e644c5ae5c87ca984f1618400f\">\n.flex_column.av-5y3a-c3ba98e644c5ae5c87ca984f1618400f{\nborder-radius:0px 0px 0px 0px;\npadding:0px 0px 0px 0px;\n}\n<\/style>\n<div  class='flex_column av-5y3a-c3ba98e644c5ae5c87ca984f1618400f av_three_fifth  avia-builder-el-3  el_after_av_one_fifth  el_before_av_one_fifth  flex_column_div av-zero-column-padding'     ><p>\n<style type=\"text\/css\" data-created_by=\"avia_inline_auto\" id=\"style-css-av-kjrjnv83-2a35af8d1787f56e3a1ccc09942a3cd9\">\n#top .av-special-heading.av-kjrjnv83-2a35af8d1787f56e3a1ccc09942a3cd9{\npadding-bottom:30px;\nfont-size:50px;\n}\nbody .av-special-heading.av-kjrjnv83-2a35af8d1787f56e3a1ccc09942a3cd9 .av-special-heading-tag .heading-char{\nfont-size:25px;\n}\n#top #wrap_all .av-special-heading.av-kjrjnv83-2a35af8d1787f56e3a1ccc09942a3cd9 .av-special-heading-tag{\nfont-size:50px;\n}\n.av-special-heading.av-kjrjnv83-2a35af8d1787f56e3a1ccc09942a3cd9 .av-subheading{\nfont-size:15px;\n}\n\n@media only screen and (min-width: 480px) and (max-width: 767px){ \n#top #wrap_all .av-special-heading.av-kjrjnv83-2a35af8d1787f56e3a1ccc09942a3cd9 .av-special-heading-tag{\nfont-size:0.8em;\n}\n}\n\n@media only screen and (max-width: 479px){ \n#top #wrap_all .av-special-heading.av-kjrjnv83-2a35af8d1787f56e3a1ccc09942a3cd9 .av-special-heading-tag{\nfont-size:0.8em;\n}\n}\n<\/style>\n<div  class='av-special-heading av-kjrjnv83-2a35af8d1787f56e3a1ccc09942a3cd9 av-special-heading-h1 blockquote modern-quote  avia-builder-el-4  el_before_av_textblock  avia-builder-el-first  av-inherit-size'><h1 class='av-special-heading-tag'  itemprop=\"headline\"  >Pezsg\u0151c\u00edmk\u00e9k<\/h1><div class=\"special-heading-border\"><div class=\"special-heading-inner-border\"><\/div><\/div><\/div><br \/>\n\n<style type=\"text\/css\" data-created_by=\"avia_inline_auto\" id=\"style-css-av-kj4bin1p-07a9ad7eee89eb6f83c5a5be01d6504d\">\n#top .av_textblock_section.av-kj4bin1p-07a9ad7eee89eb6f83c5a5be01d6504d .avia_textblock{\nfont-size:18px;\ntext-align:left;\n}\n<\/style>\n<section  class='av_textblock_section av-kj4bin1p-07a9ad7eee89eb6f83c5a5be01d6504d'   itemscope=\"itemscope\" itemtype=\"https:\/\/schema.org\/CreativeWork\" ><div class='avia_textblock'  itemprop=\"text\" ><h3>A Champager c\u00edmk\u00e9k<\/h3>\n<p>A c\u00edmk\u00e9k a <a href=\"https:\/\/champagner.com\/hu\/\">Pezsg\u0151<\/a> egyen\u00e9rt\u00e9k\u0171ek a szem\u00e9lyazonos\u00edt\u00f3 igazolv\u00e1nyokkal,<br \/>\namelyek fontos, szigor\u00fa el\u0151\u00edr\u00e1sok \u00e1ltal szab\u00e1lyozott inform\u00e1ci\u00f3kat tartalmaznak. A c\u00edmke p\u00e9ld\u00e1ul el\u00e1rulja, hogy a pezsg\u0151 melyik h\u00e1zb\u00f3l sz\u00e1rmazik \u00e9s milyen \u00edz\u0171.<\/p>\n<p>A pezsg\u0151c\u00edmk\u00e9k m\u00e1r a tizennyolcadik sz\u00e1zadban megjelentek kezdetleges form\u00e1ban. Ritk\u00e1n voltak t\u00f6bbek, mint felragasztott pap\u00edrdarabk\u00e1k, amelyek k\u00e9zzel \u00edrott inform\u00e1ci\u00f3kat tartalmaztak.<\/p>\n<p>1820 k\u00f6r\u00fcl jelentek meg az igazi \u00e9tiquettes, amelyek a mai<br \/>\nc\u00edmk\u00e9k m\u00e1r hasonl\u00f3ak voltak. Nem sokkal k\u00e9s\u0151bb rendszeres verseny alakult ki, hogy a h\u00e1z h\u00edrnev\u00e9t, valamint a kult\u00far\u00e1t \u00e9s a m\u0171v\u00e9szetet t\u00fckr\u00f6zze a c\u00edmk\u00e9n.<\/p>\n<p>B\u00e1r a pezsg\u0151c\u00edmk\u00e9k ma is gyakran mutatj\u00e1k ezeket a sz\u00e9p tulajdons\u00e1gokat, a pezsg\u0151c\u00edmk\u00e9k a h\u00e1zak \u0151rz\u00f6tt \"z\u00e1szl\u00f3iv\u00e1\" is \u00e1talakultak, amelyeket a fogyaszt\u00f3k v\u00e9delme \u00e9rdek\u00e9ben az ut\u00e1nzatok elleni k\u00fczdelemben megv\u00e9dik.<\/p>\n<h3>C\u00edmke r\u00e9szletesen<\/h3>\n<p>Ez a p\u00e9lda egy c\u00edmke a h\u00edres h\u00e1zb\u00f3l, a <a href=\"https:\/\/champagner.com\/hu\/g-h-mum-champagne\/\">Guts<\/a>. Ez a Mumm c\u00edmke egy amerikai piacr\u00f3l sz\u00e1rmaz\u00f3 palackr\u00f3l sz\u00e1rmazik.<\/p>\n<p>A \"Champagne\" elnevez\u00e9s. E n\u00e9lk\u00fcl a tartalom nem igazi pezsg\u0151!<\/p>\n<p>A m\u00e1rka \u00e9s\/vagy a v\u00e1llalat neve \u00e1ltal\u00e1ban kiemelt helyen szerepel. Egyes h\u00e1zak bizonyos sz\u00edneket is v\u00e9denek. A Veuve Clicquot m\u00e1rka p\u00e9ld\u00e1ul k\u00f6nnyen felismerhet\u0151 a pezsg\u0151c\u00edmk\u00e9k k\u00fcl\u00f6nleges narancss\u00e1rga sz\u00edn\u00e9nek k\u00f6sz\u00f6nhet\u0151en.<br \/>\nEzen a Mumm-c\u00edmk\u00e9n a G. H. Mumm n\u00e9v \u00e9s a Cordon Rouge m\u00e1rkan\u00e9v egyar\u00e1nt szerepel a h\u00edres \u00e1tl\u00f3s piros szalaggal. Ezt a felt\u0171n\u0151 piros szalagot el\u0151sz\u00f6r 1876-ban vezett\u00e9k be eleg\u00e1ns selyemhurok form\u00e1j\u00e1ban az \u00fcvegek k\u00f6r\u00fcl. A c\u00edmk\u00e9ket 1883-ban a hurkok helyett a v\u00f6r\u00f6s szalaggal jel\u00f6lt\u00e9k. A v\u00f6r\u00f6s szalag szimbolikusan a francia L\u00e9gion d'honneur (Becs\u00fcletl\u00e9gi\u00f3) jelk\u00e9p\u00e9b\u0151l sz\u00e1rmazik.<\/p>\n<ul>\n<li>A v\u00e1ros \u00e9s a sz\u00e1rmaz\u00e1si orsz\u00e1g Franciaorsz\u00e1g<\/li>\n<li>Az alkoholtartalom (10,5% \u00e9s 13% k\u00f6z\u00f6tt)<\/li>\n<li>A palack t\u00e9rfogata<\/li>\n<\/ul>\n<p>A megfelel\u0151 amerikai folyad\u00e9kmennyis\u00e9g (US 1pint, 10 fluid ounces) itt szerepelt. \u00c1tsz\u00e1m\u00edtva teh\u00e1t ez a palack k\u00f6r\u00fclbel\u00fcl egy tipikus eur\u00f3pai szabv\u00e1nyos palack volt.<\/p>\n<p>A CIVC ellen\u0151rz\u00e9si sz\u00e1ma mint k\u00f6telez\u0151 adat, amely k\u00e9t bet\u0171vel kezd\u0151dik, \u00e9s egy t\u00f6bbjegy\u0171 sz\u00e1m k\u00f6veti. A bet\u0171k r\u00f6vid\u00edt\u00e9sek, \u00e9s a k\u00f6vetkez\u0151ket jelentik<\/p>\n<p>**N.M.<br \/>\n(n\u00e9gociant-manipulant)<br \/>\nEgy pezsg\u0151h\u00e1z k\u00e9sz\u00edtette.<\/p>\n<p>** M.A.<br \/>\n(marque d'acheteur)<br \/>\nM\u00e1sodlagos m\u00e1rka. Ez a pezsg\u0151 volt<br \/>\na pezsg\u0151h\u00e1zt\u00f3l, mint k\u00fcl\u00f6nleges palackoz\u00e1s vagy<br \/>\nsaj\u00e1t m\u00e1rk\u00e1s palackoz\u00e1s, p\u00e9ld\u00e1ul egy<br \/>\negy \u00e9tterembe vagy egy l\u00e9git\u00e1rsas\u00e1ghoz sz\u00e1ll\u00edtj\u00e1k.<\/p>\n<p>** R.M.<br \/>\n(r\u00e9coltant-manipulant)<br \/>\nK\u00e9sz\u00edtette egy pezsg\u0151bor\u00e1sz a saj\u00e1t<br \/>\nSz\u0151l\u0151.<\/p>\n<p>** R.C.<br \/>\n(r\u00e9coltant-coop\u00e9rateur)<br \/>\nK\u00e9sz\u00edtette egy pezsg\u0151bor\u00e1sz a saj\u00e1t<br \/>\nsz\u0151l\u0151 \u00e9s egy bor\u00e1szati sz\u00f6vetkezet k\u00e9szletei.<\/p>\n<p>** C.M.<br \/>\n(coop\u00e9rative de manipulation)<br \/>\nEgy bortermel\u0151i sz\u00f6vetkezet volt a felel\u0151s a<br \/>\nfelel\u0151s a palackoz\u00e1s\u00e9rt.<\/p>\n<p>Az \u00edzek c\u00edmk\u00e9z\u00e9se szint\u00e9n nagyon fontos:<br \/>\nExtra Brut, Brut, Extra Dry, Sec, Demi-Sec, Demi-Sec<br \/>\n(l\u00e1sd Adagol\u00e1s)<\/p>\n<p>A pezsg\u0151s\u00fcveg nyakc\u00edmk\u00e9j\u00e9t (vagy v\u00e1llc\u00edmk\u00e9t) cravatnak vagy collerette-nek nevezik. N\u00e9ha a pezsg\u0151h\u00e1z nev\u00e9t, c\u00edmer\u00e9t vagy log\u00f3j\u00e1t, a pezsg\u0151 \u00e9vj\u00e1rat\u00e1t, a h\u00e1z alap\u00edt\u00e1s\u00e1nak \u00e9v\u00e9t vagy esetleg egy megjegyz\u00e9st tartalmaz, hogy a pezsg\u0151 egy adott kir\u00e1lyi h\u00e1z hivatalos sz\u00e1ll\u00edt\u00f3ja. Egyes h\u00e1zak a nyakc\u00edmk\u00e9t is elhagyj\u00e1k.<\/p>\n<p>A pezsg\u0151c\u00edmk\u00e9k gyakran tov\u00e1bbi inform\u00e1ci\u00f3kat is tartalmaznak.<\/p>\n<h3>Mill\u00e9sime Champagne c\u00edmk\u00e9k<\/h3>\n<p>A csak egy adott \u00e9vj\u00e1rat sz\u0151l\u0151j\u00e9b\u0151l k\u00e9sz\u00fclt pezsg\u0151ket \u00fagy nevezik, hogy <a href=\"https:\/\/champagner.com\/hu\/helyek-utazas\/\">Pezsg\u0151<\/a> mill\u00e9sime.<br \/>\nAz \u00e9vj\u00e1rat, mint p\u00e9ld\u00e1ul <a href=\"https:\/\/champagner.com\/hu\/evek\/\">1990<\/a> \u00e1ltal\u00e1ban kiemelt helyen szerepel a Jacquesson pezsg\u0151 c\u00edmk\u00e9j\u00e9n. Az \u00e9vj\u00e1ratot a dug\u00f3n is felt\u00fcntetik (l\u00e1sd m\u00e9g: dug\u00f3).<\/p>\n<p>** Blanc de Blancs<br \/>\nChardonnay sz\u0151l\u0151b\u0151l nyert 100%-hez.<br \/>\n(L\u00e1sd m\u00e9g Blanc de Blancs).<\/p>\n<p>** Blanc de Noirs<br \/>\nPinot Noir \u00e9s\/vagy Pinot Meunier sz\u0151l\u0151b\u0151l k\u00e9sz\u00fclt 100%-re.<br \/>\n(L\u00e1sd m\u00e9g Blanc de Noirs).<\/p>\n<p>** Hivatkoz\u00e1s a Cru<br \/>\nA Grand Cru vagy Premier Cru a leg\u00e9rt\u00e9kesebb borokra utal.<br \/>\na Champagne r\u00e9gi\u00f3 helysz\u00ednei. 17 Grand Crus (pl. Ambonnay, Avize, A\u00ff, Bouzy, Cramant, Le Mesnil-sur-Oger, Tours-sur-Marne) \u00e9s 41 Premier Crus (pl. Chouilly, <a href=\"https:\/\/champagner.com\/hu\/glosszarium-2\/hautvillers\/\">Hautvillers<\/a>Mareuil-sur-A\u00ff; l\u00e1sd m\u00e9g Cru).<\/p>\n<h4>M\u0171v\u00e9szi pezsg\u0151c\u00edmk\u00e9k<\/h4>\n<p>Az Perrier-Jou\u00ebt h\u00e1z harmonikusan form\u00e1zott, \u00e1tl\u00e1tsz\u00f3 c\u00edmk\u00e9t haszn\u00e1l a palackon l\u00e9v\u0151 h\u00edres keretez\u0151 vir\u00e1gokkal (Fleur de Champagne) kombin\u00e1lva.<\/p>\n<p>Egyes pezsg\u0151h\u00e1zak id\u0151r\u0151l id\u0151re nagyon sz\u00e9p c\u00edmk\u00e9kkel eml\u00e9keznek meg t\u00f6rt\u00e9nelmi esem\u00e9nyekr\u0151l. Ez a p\u00e9lda a h\u00edres Lecerc Briant pezsg\u0151h\u00e1z c\u00edmk\u00e9je.<\/p>\n<p>Ebben a p\u00e9ld\u00e1ban a h\u00edres pezsg\u0151h\u00e1z Deutz fantasztikus c\u00edmk\u00e9vel \u00e1ll\u00edt eml\u00e9ket a legend\u00e1s Orient Expressznek. Nem csoda, hogy olyan sok c\u00edmke gy\u0171jt\u0151 van<\/p>\n<p>Az Bruno Paillard m\u0171v\u00e9szi pezsg\u0151c\u00edmk\u00e9i szint\u00e9n \u00e9lm\u00e9nyt jelentenek.<\/p>\n<\/div><\/section><\/p><\/div>\n<style type=\"text\/css\" data-created_by=\"avia_inline_auto\" id=\"style-css-av-7vz4-e2ecb25e9168201a3fd1fa7a9982a872\">\n.flex_column.av-7vz4-e2ecb25e9168201a3fd1fa7a9982a872{\nborder-radius:0px 0px 0px 0px;\npadding:0px 0px 0px 0px;\n}\n<\/style>\n<div  class='flex_column av-7vz4-e2ecb25e9168201a3fd1fa7a9982a872 av_one_fifth  avia-builder-el-6  el_after_av_three_fifth  avia-builder-el-last  flex_column_div av-zero-column-padding'     ><\/div>","protected":false},"excerpt":{"rendered":"","protected":false},"author":1,"featured_media":4333,"parent":0,"menu_order":0,"comment_status":"closed","ping_status":"closed","template":"","meta":{"footnotes":""},"class_list":["post-6528","page","type-page","status-publish","has-post-thumbnail","hentry"],"_links":{"self":[{"href":"https:\/\/champagner.com\/hu\/wp-json\/wp\/v2\/pages\/6528","targetHints":{"allow":["GET"]}}],"collection":[{"href":"https:\/\/champagner.com\/hu\/wp-json\/wp\/v2\/pages"}],"about":[{"href":"https:\/\/champagner.com\/hu\/wp-json\/wp\/v2\/types\/page"}],"author":[{"embeddable":true,"href":"https:\/\/champagner.com\/hu\/wp-json\/wp\/v2\/users\/1"}],"replies":[{"embeddable":true,"href":"https:\/\/champagner.com\/hu\/wp-json\/wp\/v2\/comments?post=6528"}],"version-history":[{"count":0,"href":"https:\/\/champagner.com\/hu\/wp-json\/wp\/v2\/pages\/6528\/revisions"}],"wp:featuredmedia":[{"embeddable":true,"href":"https:\/\/champagner.com\/hu\/wp-json\/wp\/v2\/media\/4333"}],"wp:attachment":[{"href":"https:\/\/champagner.com\/hu\/wp-json\/wp\/v2\/media?parent=6528"}],"curies":[{"name":"wp","href":"https:\/\/api.w.org\/{rel}","templated":true}]}}