{"id":6531,"date":"2022-05-05T14:08:45","date_gmt":"2022-05-05T14:08:45","guid":{"rendered":"https:\/\/champagner.com\/?page_id=6531"},"modified":"2024-07-26T02:47:20","modified_gmt":"2024-07-26T02:47:20","slug":"pezsgo-tarolas","status":"publish","type":"page","link":"https:\/\/champagner.com\/hu\/pezsgo-tarolas\/","title":{"rendered":"Pezsg\u0151 t\u00e1rol\u00e1sa"},"content":{"rendered":"<div   class='avia-fullscreen-slider main_color   avia-builder-el-0  el_before_av_section  avia-builder-el-first  container_wrap fullsize'  ><div  class='avia-slideshow av-kjripr6g-74ffc6525b251b8b733cc3ef032d902d avia-slideshow-extra_large av_fullscreen avia-slide-slider av-slideshow-ui av-control-default av-slideshow-manual av-loop-once av-loop-manual-endless av-default-height-applied   avia-slideshow-1' data-slideshow-options=\"{&quot;animation&quot;:&quot;slide&quot;,&quot;autoplay&quot;:false,&quot;loop_autoplay&quot;:&quot;once&quot;,&quot;interval&quot;:5,&quot;loop_manual&quot;:&quot;manual-endless&quot;,&quot;autoplay_stopper&quot;:false,&quot;noNavigation&quot;:false,&quot;bg_slider&quot;:true,&quot;keep_padding&quot;:false,&quot;hoverpause&quot;:false,&quot;show_slide_delay&quot;:0,&quot;slide_height&quot;:&quot;100&quot;,&quot;image_attachment&quot;:&quot;&quot;}\"  itemprop=\"image\" itemscope=\"itemscope\" itemtype=\"https:\/\/schema.org\/ImageObject\" ><ul class='avia-slideshow-inner' style='padding-bottom: 50%;'><li style='background-position:center center;' data-img-url='https:\/\/champagner.com\/wp-content\/uploads\/2018\/05\/charles-heidsieck-champagner-lagerung.jpg' class='avia-slideshow-slide av-kjripr6g-74ffc6525b251b8b733cc3ef032d902d__0  av-single-slide slide-1 slide-odd'><div data-rel='slideshow-1' class='avia-slide-wrap'  title='Charles Heidsieck Pezsg\u0151 t\u00e1rol\u00e1sa' ><\/div><\/li><\/ul><\/div><\/div>\n<div id='av_section_1'  class='avia-section av-9qys-7fbec837cc9414b56951d589a49fa01e main_color avia-section-default avia-no-border-styling  avia-builder-el-1  el_after_av_fullscreen  avia-builder-el-last  avia-bg-style-scroll container_wrap fullsize'  ><div class='container av-section-cont-open' ><div class='template-page content  av-content-full alpha units'><div class='post-entry post-entry-type-page post-entry-6531'><div class='entry-content-wrapper clearfix'>\n\n<style type=\"text\/css\" data-created_by=\"avia_inline_auto\" id=\"style-css-av-9tz4-26c14c70028d90a54aefce07862c0d7e\">\n.flex_column.av-9tz4-26c14c70028d90a54aefce07862c0d7e{\nborder-radius:0px 0px 0px 0px;\npadding:0px 0px 0px 0px;\n}\n<\/style>\n<div  class='flex_column av-9tz4-26c14c70028d90a54aefce07862c0d7e av_one_fifth  avia-builder-el-2  el_before_av_three_fifth  avia-builder-el-first  first flex_column_div av-zero-column-padding'     ><\/div>\n<style type=\"text\/css\" data-created_by=\"avia_inline_auto\" id=\"style-css-av-5y3a-c3ba98e644c5ae5c87ca984f1618400f\">\n.flex_column.av-5y3a-c3ba98e644c5ae5c87ca984f1618400f{\nborder-radius:0px 0px 0px 0px;\npadding:0px 0px 0px 0px;\n}\n<\/style>\n<div  class='flex_column av-5y3a-c3ba98e644c5ae5c87ca984f1618400f av_three_fifth  avia-builder-el-3  el_after_av_one_fifth  el_before_av_one_fifth  flex_column_div av-zero-column-padding'     ><p>\n<style type=\"text\/css\" data-created_by=\"avia_inline_auto\" id=\"style-css-av-kjrjnv83-058860c1bf94d3597534b0c9e9493aab\">\n#top .av-special-heading.av-kjrjnv83-058860c1bf94d3597534b0c9e9493aab{\npadding-bottom:30px;\nfont-size:50px;\n}\nbody .av-special-heading.av-kjrjnv83-058860c1bf94d3597534b0c9e9493aab .av-special-heading-tag .heading-char{\nfont-size:25px;\n}\n#top #wrap_all .av-special-heading.av-kjrjnv83-058860c1bf94d3597534b0c9e9493aab .av-special-heading-tag{\nfont-size:50px;\n}\n.av-special-heading.av-kjrjnv83-058860c1bf94d3597534b0c9e9493aab .av-subheading{\nfont-size:15px;\n}\n\n@media only screen and (min-width: 480px) and (max-width: 767px){ \n#top #wrap_all .av-special-heading.av-kjrjnv83-058860c1bf94d3597534b0c9e9493aab .av-special-heading-tag{\nfont-size:0.8em;\n}\n}\n\n@media only screen and (max-width: 479px){ \n#top #wrap_all .av-special-heading.av-kjrjnv83-058860c1bf94d3597534b0c9e9493aab .av-special-heading-tag{\nfont-size:0.8em;\n}\n}\n<\/style>\n<div  class='av-special-heading av-kjrjnv83-058860c1bf94d3597534b0c9e9493aab av-special-heading-h1 blockquote modern-quote  avia-builder-el-4  el_before_av_textblock  avia-builder-el-first  av-inherit-size'><h1 class='av-special-heading-tag'  itemprop=\"headline\"  >Pezsg\u0151 t\u00e1rol\u00e1sa<\/h1><div class=\"special-heading-border\"><div class=\"special-heading-inner-border\"><\/div><\/div><\/div><br \/>\n\n<style type=\"text\/css\" data-created_by=\"avia_inline_auto\" id=\"style-css-av-kj4bin1p-07a9ad7eee89eb6f83c5a5be01d6504d\">\n#top .av_textblock_section.av-kj4bin1p-07a9ad7eee89eb6f83c5a5be01d6504d .avia_textblock{\nfont-size:18px;\ntext-align:left;\n}\n<\/style>\n<section  class='av_textblock_section av-kj4bin1p-07a9ad7eee89eb6f83c5a5be01d6504d'   itemscope=\"itemscope\" itemtype=\"https:\/\/schema.org\/CreativeWork\" ><div class='avia_textblock'  itemprop=\"text\" ><h1>Pezsg\u0151 t\u00e1rol\u00e1sa: \u00e1tfog\u00f3 \u00fatmutat\u00f3<\/h1>\n<p><a href=\"https:\/\/champagner.com\/hu\/\">Pezsg\u0151<\/a> nem csup\u00e1n egy ital, hanem az \u00fcnnepl\u00e9s \u00e9s a luxus szimb\u00f3luma. Egyedi \u00edz\u00e9nek \u00e9s finom perlage-j\u00e1nak meg\u0151rz\u00e9se \u00e9rdek\u00e9ben a pezsg\u0151 megfelel\u0151 t\u00e1rol\u00e1sa elengedhetetlen. Ebben az \u00fatmutat\u00f3ban a pezsg\u0151 t\u00e1rol\u00e1s\u00e1nak legjobb m\u00f3djait ismertetj\u00fck, hogy mindig a legjobb min\u0151s\u00e9get \u00e9lvezhesse.<\/p>\n<h2>Bevezet\u00e9s a pezsg\u0151 t\u00e1rol\u00e1s\u00e1ba<\/h2>\n<p>A Champagne, a franciaorsz\u00e1gi Champagne r\u00e9gi\u00f3b\u00f3l sz\u00e1rmaz\u00f3 pezsg\u0151 h\u00edres \u00f6sszetetts\u00e9g\u00e9r\u0151l \u00e9s kifinomults\u00e1g\u00e1r\u00f3l. Ak\u00e1r k\u00fcl\u00f6nleges alkalmakra, ak\u00e1r gy\u0171jtem\u00e9nye r\u00e9szek\u00e9nt, a pezsg\u0151 t\u00e1rol\u00e1sa d\u00f6nt\u0151 t\u00e9nyez\u0151 a min\u0151s\u00e9g\u00e9nek meg\u0151rz\u00e9s\u00e9ben \u00e9s fejl\u0151d\u00e9s\u00e9nek el\u0151seg\u00edt\u00e9s\u00e9ben. A pezsg\u0151 helyes kezel\u00e9se jelentheti a k\u00fcl\u00f6nbs\u00e9get az \u00e1tlagos \u00e9s a kiv\u00e9teles \u00edz\u00e9lm\u00e9ny k\u00f6z\u00f6tt.<\/p>\n<h2>Mi\u00e9rt fontos a pezsg\u0151 helyes t\u00e1rol\u00e1sa?<\/h2>\n<h3>A f\u00e9ny \u00e9s a h\u0151m\u00e9rs\u00e9klet hat\u00e1sa<\/h3>\n<p>A pezsg\u0151 \u00e9rz\u00e9keny a f\u00e9nyre \u00e9s a h\u0151m\u00e9rs\u00e9kletre. A k\u00f6zvetlen napf\u00e9ny vagy az er\u0151s f\u00e9nyforr\u00e1sok megv\u00e1ltoztathatj\u00e1k a pezsg\u0151 k\u00e9miai vegy\u00fcleteit, ami gyors \u00f6reged\u00e9shez \u00e9s a frissess\u00e9g elveszt\u00e9s\u00e9hez vezet. Az \u00e1lland\u00f3, nem t\u00fal sz\u00e9ls\u0151s\u00e9ges h\u0151m\u00e9rs\u00e9klet az ide\u00e1lis.<\/p>\n<h3>A p\u00e1ratartalom hat\u00e1sa<\/h3>\n<p>A p\u00e1ratartalom szint\u00e9n fontos szerepet j\u00e1tszik. A t\u00falzott p\u00e1ratartalom k\u00e1ros\u00edthatja a palackok c\u00edmk\u00e9it, vagy pen\u00e9szed\u00e9st okozhat a palackokon. <a href=\"https:\/\/champagner.com\/hu\/glosszarium-2\/parafa\/\">Parafa<\/a> n\u00f6vekszik. Ha a p\u00e1ratartalom t\u00fal alacsony, kisz\u00e1radhat a dug\u00f3, \u00e9s leveg\u0151 ker\u00fclhet a palackba, ami a pezsg\u0151 oxid\u00e1ci\u00f3j\u00e1t okozza.<\/p>\n<h3>A palack poz\u00edci\u00f3j\u00e1nak fontoss\u00e1ga<\/h3>\n<p>A pezsg\u0151 min\u0151s\u00e9g\u00e9t a palack t\u00e1rol\u00e1s\u00e1nak m\u00f3dja is befoly\u00e1solja. A v\u00edzszintesen t\u00e1rolt palackok el\u0151nye, hogy a dug\u00f3 nedves marad, \u00e9s \u00edgy jobb z\u00e1r\u00e1st biztos\u00edt.<\/p>\n<h2>Tippek a pezsg\u0151 t\u00e1rol\u00e1s\u00e1hoz<\/h2>\n<h3>Az ide\u00e1lis t\u00e1rol\u00e1si h\u0151m\u00e9rs\u00e9klet<\/h3>\n<p>A pezsg\u0151 t\u00e1rol\u00e1s\u00e1hoz a t\u00f6k\u00e9letes h\u0151m\u00e9rs\u00e9klet 8 \u00e9s 12 Celsius-fok k\u00f6z\u00f6tt van. Ez a h\u0151m\u00e9rs\u00e9klet biztos\u00edtja, hogy a pezsg\u0151 lassan \u00e9rjen \u00e9s optim\u00e1lisan fejlessze ki \u00edz\u00e9t. A sz\u00e9ls\u0151s\u00e9ges h\u0151m\u00e9rs\u00e9klet-ingadoz\u00e1sokat ker\u00fclni kell, mivel azok befoly\u00e1solhatj\u00e1k a pezsg\u0151 min\u0151s\u00e9g\u00e9t.<\/p>\n<h3>A megfelel\u0151 t\u00e1rol\u00e1si hely<\/h3>\n<p>A pezsg\u0151 t\u00e1rol\u00e1s\u00e1hoz v\u00e1lasszon h\u0171v\u00f6s, s\u00f6t\u00e9t helyet. Ide\u00e1lis egy borospince vagy egy speci\u00e1lis pezsg\u0151h\u0171t\u0151szekr\u00e9ny. Ker\u00fclje a  c\u00edmet. <a href=\"https:\/\/champagner.com\/hu\/helyek-utazas\/\">Helyek<\/a>er\u0151s szagoknak kit\u00e9ve, mivel a pezsg\u0151 k\u00f6nnyen mag\u00e1ba sz\u00edvja az idegen szagokat.<\/p>\n<h3>A palack helyzete<\/h3>\n<p>A pezsg\u0151s\u00fcvegeket ide\u00e1lis esetben v\u00edzszintesen kell t\u00e1rolni. Ez seg\u00edt nedvesen tartani a dug\u00f3t, ami viszont cs\u00f6kkenti az oxid\u00e1ci\u00f3 kock\u00e1zat\u00e1t. Ez k\u00fcl\u00f6n\u00f6sen fontos az olyan pezsg\u0151k eset\u00e9ben, mint amilyenek a pezsg\u0151kben tal\u00e1lhat\u00f3k, mivel a palackban l\u00e9v\u0151 nyom\u00e1s befoly\u00e1solja a dug\u00f3 t\u00f6m\u00edtetts\u00e9g\u00e9t.<\/p>\n<h3>A rezg\u00e9sek elker\u00fcl\u00e9se<\/h3>\n<p>A pezsg\u0151t olyan helyen kell t\u00e1rolni, ahol nincs rezg\u00e9s vagy \u00fct\u00e9s. Ezek megzavarhatj\u00e1k a pezsg\u0151 finom bubor\u00e9kait, \u00e9s negat\u00edvan befoly\u00e1solhatj\u00e1k a szerkezet\u00e9t. A csendes, stabil t\u00e1rol\u00e1si hely ez\u00e9rt elengedhetetlen.<\/p>\n<h2>Hossz\u00fa t\u00e1v\u00fa pezsg\u0151t\u00e1rol\u00e1s<\/h2>\n<h3>\u00c9r\u00e9si potenci\u00e1l<\/h3>\n<p>Nem minden pezsg\u0151 alkalmas hossz\u00fa t\u00e1v\u00fa t\u00e1rol\u00e1sra. M\u00edg egyes fajt\u00e1knak j\u00f3t tesz a hosszabb \u00e9rlel\u00e9s, m\u00e1sok fiatalon \u00e9s frissen \u00e9lvezhet\u0151k a legjobban. Az \u00e9vj\u00e1ratos pezsg\u0151k \u00e9s bizonyos preszt\u00edzsk\u00f6ltem\u00e9nyek gyakran \u00e9vekig \u00e9rlelhet\u0151k, \u00e9s tov\u00e1bbfejleszthetik \u00edz\u00fcket.<\/p>\n<h3>A palackos \u00e9rlel\u00e9s hat\u00e1sa<\/h3>\n<p>Id\u0151vel a pezsg\u0151 megv\u00e1ltozik a palackban. Az \u00edzek tov\u00e1bb fejl\u0151dnek, \u00e9s a pezsg\u0151 egyre \u00f6sszetettebb\u00e9 v\u00e1lhat. Ez k\u00fcl\u00f6n\u00f6sen igaz a kiv\u00e1l\u00f3 min\u0151s\u00e9g\u0171 \u00e9vj\u00e1rat\u00fa pezsg\u0151kre. Vigy\u00e1zzon azonban, hogy ne t\u00e1rolja t\u00fal sok\u00e1ig a pezsg\u0151t, mert m\u00e9g a legjobb palackok is id\u0151vel meghaladj\u00e1k optim\u00e1lis iv\u00e1si \u00e9retts\u00e9g\u00fcket.<\/p>\n<h2>R\u00f6vid t\u00e1v\u00fa t\u00e1rol\u00e1si \u00e9s t\u00e1lal\u00e1si h\u0151m\u00e9rs\u00e9klet<\/h2>\n<h3>El\u0151k\u00e9sz\u00edt\u00e9s t\u00e1lal\u00e1s el\u0151tt<\/h3>\n<p>Ha a pezsg\u0151t r\u00f6vid ideig szeretn\u00e9 t\u00e1rolni, gy\u0151z\u0151dj\u00f6n meg r\u00f3la, hogy a palackot j\u00f3l leh\u0171t\u00f6tte, miel\u0151tt kinyitja. A 6-8 Celsius-fok k\u00f6r\u00fcli t\u00e1lal\u00e1si h\u0151m\u00e9rs\u00e9klet ide\u00e1lis ahhoz, hogy az \u00edzek a lehet\u0151 legjobban \u00e9rv\u00e9nyes\u00fcljenek. Ha a h\u0151m\u00e9rs\u00e9klet t\u00fal magas, a pezsg\u0151 t\u00fal gyorsan elvesz\u00edtheti frissess\u00e9g\u00e9t.<\/p>\n<h3>A megfelel\u0151 h\u0171t\u00e9si mechanizmus<\/h3>\n<p>R\u00f6vid t\u00e1v\u00fa h\u0171t\u00e9shez a pezsg\u0151t h\u0171t\u0151ben is t\u00e1rolhatja. Alternat\u00edv megold\u00e1sk\u00e9nt j\u00e9ggel \u00e9s v\u00edzzel teli j\u00e9gv\u00f6d\u00f6rbe is helyezheti. Ez biztos\u00edtja az egyenletes \u00e9s gyors h\u0171t\u00e9st an\u00e9lk\u00fcl, hogy a pezsg\u0151t feleslegesen sokkoln\u00e1.<\/p>\n<h2>Ker\u00fclje el a hib\u00e1kat a pezsg\u0151 t\u00e1rol\u00e1sakor<\/h2>\n<h3>H\u0151forr\u00e1sok k\u00f6zel\u00e9ben t\u00f6rt\u00e9n\u0151 t\u00e1rol\u00e1s<\/h3>\n<p>Ker\u00fclje a pezsg\u0151 t\u00e1rol\u00e1s\u00e1t h\u0151forr\u00e1sok, p\u00e9ld\u00e1ul radi\u00e1torok vagy a nap k\u00f6zel\u00e9ben. A h\u0151 gyorsan ronthatja a pezsg\u0151 min\u0151s\u00e9g\u00e9t.<\/p>\n<h3>A palack poz\u00edci\u00f3j\u00e1nak elhanyagol\u00e1sa<\/h3>\n<p>Gy\u0151z\u0151dj\u00f6n meg r\u00f3la, hogy a pezsg\u0151s\u00fcvegeket v\u00edzszintesen t\u00e1rolja, hogy a dug\u00f3 nedvesen maradjon. A pezsg\u0151 min\u0151s\u00e9ge szempontj\u00e1b\u00f3l fontos a rezg\u00e9sek \u00e9s \u00fct\u00e9sek elker\u00fcl\u00e9se is.<\/p>\n<h3>P\u00e1ratartalom hi\u00e1nya<\/h3>\n<p>A t\u00fal alacsony p\u00e1ratartalom kisz\u00e1r\u00edthatja a paraf\u00e1t, \u00e9s a leveg\u0151 bejuthat a palackba. \u00dcgyeljen arra, hogy a t\u00e1rol\u00f3helyis\u00e9g p\u00e1ratartalma \u00e1lland\u00f3 maradjon.<\/p>\n<h2>K\u00fcl\u00f6nleges t\u00e1rol\u00e1si lehet\u0151s\u00e9gek<\/h2>\n<h3>Pezsg\u0151h\u0171t\u0151k<\/h3>\n<p>A pezsg\u0151 sz\u00e1m\u00e1ra l\u00e9teznek speci\u00e1lis h\u0171t\u0151szekr\u00e9nyek, amelyek ide\u00e1lis t\u00e1rol\u00e1si k\u00f6r\u00fclm\u00e9nyeket biztos\u00edtanak. Ezeket a h\u0171t\u0151szekr\u00e9nyeket \u00fagy tervezt\u00e9k, hogy megfeleljenek a pezsg\u0151 ig\u00e9nyeinek, \u00e9s biztos\u00edts\u00e1k a megfelel\u0151 h\u0151m\u00e9rs\u00e9kletet, p\u00e1ratartalmat \u00e9s f\u00e9nyv\u00e9delmet.<\/p>\n<h3>Borospince \u00e9s t\u00e1rol\u00f3helyis\u00e9gek<\/h3>\n<p>Egy j\u00f3l megtervezett borospince kiv\u00e1l\u00f3 t\u00e1rol\u00e1si k\u00f6rnyezetet is biztos\u00edthat. H\u0171v\u00f6snek, s\u00f6t\u00e9tnek \u00e9s csendesnek kell lennie, hogy a legjobb felt\u00e9teleket biztos\u00edtsa a pezsg\u0151 t\u00e1rol\u00e1s\u00e1hoz.<\/p>\n<h2>Gyakran ism\u00e9telt k\u00e9rd\u00e9sek a pezsg\u0151 t\u00e1rol\u00e1s\u00e1r\u00f3l<\/h2>\n<h3>Meddig t\u00e1rolhat\u00f3 a pezsg\u0151?<\/h3>\n<p>A pezsg\u0151 t\u00e1rol\u00e1si ideje a pezsg\u0151 t\u00edpus\u00e1t\u00f3l f\u00fcgg. Az \u00e9vj\u00e1ratos pezsg\u0151k gyakran t\u00f6bb \u00e9vig is t\u00e1rolhat\u00f3k, m\u00edg a nem \u00e9vj\u00e1ratos pezsg\u0151ket a v\u00e1s\u00e1rl\u00e1st\u00f3l sz\u00e1m\u00edtott egy-k\u00e9t \u00e9ven bel\u00fcl \u00e9rdemes fogyasztani.<\/p>\n<h3>\u00c9rlelhet\u0151-e a pezsg\u0151 a palackban?<\/h3>\n<p>Igen, a pezsg\u0151 \u00e9rlel\u0151dik a palackban, k\u00fcl\u00f6n\u00f6sen, ha kiv\u00e1l\u00f3 min\u0151s\u00e9g\u0171 \u00e9vj\u00e1rat\u00fa pezsg\u0151kr\u0151l van sz\u00f3. Az \u00e9rlel\u00e9s \u00f6sszetettebb \u00e9s kiegyens\u00falyozottabb \u00edzszerkezetet eredm\u00e9nyezhet.<\/p>\n<h3>Hogyan ismerem fel, ha a pezsg\u0151 megromlott?<\/h3>\n<p>A megromlott pezsg\u0151 kellemetlen szag\u00fav\u00e1 v\u00e1lhat, \u00e9s elvesz\u00edtheti bubor\u00e9kk\u00e9pz\u0151d\u00e9s\u00e9t. Ha a pezsg\u0151nek lapos vagy oxid\u00e1lt szaga van, val\u00f3sz\u00edn\u0171leg m\u00e1r nem ihat\u00f3.<\/p>\n<h3><strong>Az \u00e9vj\u00e1rat \u00e9s a pezsg\u0151h\u00e1z fontoss\u00e1ga<\/strong><\/h3>\n<p>Egy \u00e9vj\u00e1ratos pezsg\u0151 \u00e9rt\u00e9ke nem csak a kor, hanem a pezsg\u0151h\u00e1z neve \u00e9s maga az \u00e9vj\u00e1rat k\u00e9rd\u00e9se is. N\u00e9h\u00e1ny <a href=\"https:\/\/champagner.com\/hu\/evek\/\">\u00c9vj\u00e1ratok<\/a> kiv\u00e9teles min\u0151s\u00e9g\u00fck \u00e9s ritkas\u00e1guk miatt k\u00fcl\u00f6n\u00f6sen keresettek. Az olyan pezsg\u0151h\u00e1zak, mint a Veuve Clicquot, a Dom P\u00e9rignon \u00e9s az Krug, min\u0151s\u00e9g\u00fckkel \u00e9s ritkas\u00e1gukkal szereztek h\u00edrnevet. <a href=\"https:\/\/champagner.com\/hu\/glosszarium-2\/pezsgo-eredete\/\">T\u00f6rt\u00e9nelem<\/a> nevet szerzett mag\u00e1nak. Egy neves h\u00e1z pezsg\u0151je jelent\u0151s \u00f6sszegeket \u00e9rhet el a piacon, k\u00fcl\u00f6n\u00f6sen, ha egy k\u00fcl\u00f6n\u00f6sen j\u00f3 \u00e9vj\u00e1ratb\u00f3l sz\u00e1rmazik.<\/p>\n<p>A h\u00edres Christie's aukci\u00f3sh\u00e1zban p\u00e9ld\u00e1ul n\u00e9h\u00e1ny kiv\u00e9teles pezsg\u0151t magas \u00e1ron \u00e1rvereztek el. A Veuve Clicquot Brut 1949 hat magnum palackja 2000 el\u0151tt, egyenk\u00e9nt $9 200 amerikai doll\u00e1r\u00e9rt kelt el. A Dom P\u00e9rignon 1964 h\u00e1rom palackja $1,139 amerikai doll\u00e1rt \u00e9rt el palackonk\u00e9nt, m\u00edg egy palack Heidsieck Monopole Go\u0171t Am\u00e9ricain 1907, amelyet egy sv\u00e9d haj\u00f3roncsb\u00f3l mentettek ki, $4,068 amerikai doll\u00e1rt hozott. Ezek a p\u00e9ld\u00e1k azt mutatj\u00e1k, hogy az \u00e9vj\u00e1rat, a h\u00e1z \u00e9s a megfelel\u0151 pezsg\u0151t\u00e1rol\u00e1s kombin\u00e1ci\u00f3ja d\u00f6nt\u0151 fontoss\u00e1g\u00fa egy pezsg\u0151 \u00e9rt\u00e9k\u00e9nek meghat\u00e1roz\u00e1s\u00e1ban.<\/p>\n<p><strong>A t\u00e1rol\u00e1s szerepe az \u00e9rt\u00e9kn\u00f6vel\u00e9sben<\/strong><\/p>\n<p>A pezsg\u0151 t\u00e1rol\u00e1sa kritikus t\u00e9nyez\u0151, amely befoly\u00e1solja az \u00edzt, a min\u0151s\u00e9get \u00e9s v\u00e9gs\u0151 soron az \u00e9rt\u00e9ket. Az optim\u00e1lis k\u00f6r\u00fclm\u00e9nyek k\u00f6z\u00f6tt t\u00e1rolt pezsg\u0151 hossz\u00fa \u00e9veken kereszt\u00fcl meg\u0151rizheti, s\u0151t jav\u00edthatja jellemz\u0151it. A megfelel\u0151 t\u00e1rol\u00e1s jelentheti a k\u00fcl\u00f6nbs\u00e9get egy \u00e1tlagos \u00e9s egy kiv\u00e9teles \u00e9vj\u00e1rat\u00fa pezsg\u0151 k\u00f6z\u00f6tt.<\/p>\n<p><strong>A t\u00e1rol\u00e1s hat\u00e1sa az \u00edzre<\/strong><\/p>\n<p>A pezsg\u0151 t\u00e1rol\u00e1sa befoly\u00e1solja a pezsg\u0151 \u00edz\u00e9t \u00e9s fejl\u0151d\u00e9s\u00e9t. A palackoz\u00e1s ut\u00e1ni els\u0151 n\u00e9h\u00e1ny \u00e9vben a pezsg\u0151 kifejleszti jellegzetes gy\u00fcm\u00f6lcs\u00f6s \u00e9s friss \u00edzvil\u00e1g\u00e1t. Id\u0151vel ezek az \u00edzek megv\u00e1ltoznak, \u00e9s a di\u00f3f\u00e9l\u00e9k, a m\u00e9z \u00e9s a s\u00fctem\u00e9nyek \u00f6sszetett jegyei alakulnak ki. Ez att\u00f3l f\u00fcgg, hogy a pezsg\u0151 a degorzs\u00e1l\u00e1s el\u0151tt mennyi ideig \u00e9rlel\u0151dik a sepr\u0151n.<\/p>\n<p>Egy j\u00f3l \u00e9rlelt \u00e9vj\u00e1rat\u00fa pezsg\u0151 jelent\u0151sen jav\u00edthatja arom\u00e1it \u00e9s \u00edz\u00e9t. A megfelel\u0151 k\u00f6r\u00fclm\u00e9nyek k\u00f6z\u00f6tt \u00e9rlelt pezsg\u0151 kiv\u00e9teles \u00edzprofilt alak\u00edthat ki, amelyet az \u00ednyencek \u00e9s a gy\u0171jt\u0151k nagyra \u00e9rt\u00e9kelnek.<\/p>\n<p><strong>A r\u00e9gi \u00e9vj\u00e1rat\u00fa pezsg\u0151k \u00e9rt\u00e9ke<\/strong><\/p>\n<p>A r\u00e9gi \u00e9vj\u00e1rat\u00fa pezsg\u0151k \u00e9rt\u00e9ke jelent\u0151sen megn\u0151het, k\u00fcl\u00f6n\u00f6sen, ha optim\u00e1lis k\u00f6r\u00fclm\u00e9nyek k\u00f6z\u00f6tt t\u00e1rolt\u00e1k \u0151ket. Az ilyen pezsg\u0151k \u00e1ra sz\u00e1mos t\u00e9nyez\u0151t\u0151l f\u00fcgghet, p\u00e9ld\u00e1ul a kort\u00f3l, a palack \u00e1llapot\u00e1t\u00f3l \u00e9s a t\u00e1rol\u00e1si el\u0151zm\u00e9nyekt\u0151l. Egyes kiv\u00e9teles k\u00f6r\u00fclm\u00e9nyek k\u00f6z\u00f6tt t\u00e1rolt pezsg\u0151k leny\u0171g\u00f6z\u0151 \u00e1rakat \u00e9rnek el az \u00e1rver\u00e9seken. A pezsg\u0151k megfelel\u0151 t\u00e1rol\u00e1sa fontos!<\/p>\n<p><strong>T\u00f6rt\u00e9nelmi aukci\u00f3s \u00e1rak<\/strong><\/p>\n<p>A fent eml\u00edtett aukci\u00f3s \u00e1rakb\u00f3l megtudhatjuk, hogy a ritka \u00e9s j\u00f3l t\u00e1rolt pezsg\u0151k piaci \u00e9rt\u00e9ke milyen magas lehet. A Heidsieck Monopole Go\u0171t Am\u00e9ricain 1907 palackja p\u00e9lda egy olyan pezsg\u0151re, amelyet t\u00e1rol\u00e1si k\u00f6r\u00fclm\u00e9nyei \u00e9s t\u00f6rt\u00e9nelmi \u00e9rt\u00e9ke miatt magas \u00e1ron \u00e9rt\u00e9kes\u00edtettek. Ezt a palackot egy haj\u00f3t\u00f6r\u00e9sb\u0151l mentett\u00e9k ki, \u00e9s t\u00f6bb mint 80 \u00e9vig \u00e1lland\u00f3 k\u00f6r\u00fclm\u00e9nyek k\u00f6z\u00f6tt t\u00e1rolt\u00e1k. Az $4.068 amerikai \u00e1r mutatja, hogy a t\u00e1rol\u00e1s milyen fontos lehet egy pezsg\u0151 \u00e9rt\u00e9ke szempontj\u00e1b\u00f3l.<\/p>\n<p><strong>A jelenlegi piaci felt\u00e9telek<\/strong><\/p>\n<p>Az ut\u00f3bbi \u00e9vekben a pezsg\u0151 \u00e1rai re\u00e1lisabb szinten stabiliz\u00e1l\u00f3dtak. Mindazon\u00e1ltal a k\u00fcl\u00f6n\u00f6sen ritka vagy kiv\u00e1l\u00f3 min\u0151s\u00e9g\u0171 pezsg\u0151k eset\u00e9ben m\u00e9g mindig h\u00e1rom sz\u00e1mjegy\u0171 \u00f6sszegek is el\u0151fordulhatnak. A pezsg\u0151 piaca tov\u00e1bbra is dinamikus, \u00e9s az \u00e9rt\u00e9ket olyan t\u00e9nyez\u0151k befoly\u00e1solhatj\u00e1k, mint az egyes \u00e9vj\u00e1ratok ir\u00e1nti kereslet \u00e9s a palackok \u00e1llapota.<\/p>\n<h3><strong>A pincek\u00f6nyv: a pezsg\u0151gy\u0171jt\u0151k n\u00e9lk\u00fcl\u00f6zhetetlen eszk\u00f6ze<\/strong><\/h3>\n<p>A pincek\u00f6nyv n\u00e9lk\u00fcl\u00f6zhetetlen eszk\u00f6z mindazok sz\u00e1m\u00e1ra, akik pezsg\u0151gy\u0171jtem\u00e9nyt tartanak fenn. Seg\u00edt nyomon k\u00f6vetni a k\u00fcl\u00f6nb\u00f6z\u0151 palackokat \u00e9s dokument\u00e1lni a fontos inform\u00e1ci\u00f3kat. Egy j\u00f3l vezetett pincek\u00f6nyv lehet\u0151v\u00e9 teszi a palackok \u00e9s a pezsg\u0151t\u00e1rol\u00e1s \u00e1llapot\u00e1nak nyomon k\u00f6vet\u00e9s\u00e9t, a t\u00e1rol\u00e1si k\u00f6r\u00fclm\u00e9nyek ellen\u0151rz\u00e9s\u00e9t \u00e9s a gy\u0171jtem\u00e9ny \u00e9rt\u00e9k\u00e9nek nyomon k\u00f6vet\u00e9s\u00e9t.<\/p>\n<p><strong>Fontos inform\u00e1ci\u00f3k a pincek\u00f6nyvben<\/strong><\/p>\n<p>Egy \u00e1tfog\u00f3 pincek\u00f6nyvnek a k\u00f6vetkez\u0151 adatokat kell tartalmaznia:<\/p>\n<ul>\n<li><strong>Palackok sz\u00e1ma \u00f6sszesen:<\/strong> A gy\u0171jtem\u00e9nyben l\u00e9v\u0151 palackok sz\u00e1ma \u00e1ttekint\u00e9st ad a pezsg\u0151gy\u0171jtem\u00e9ny m\u00e9ret\u00e9r\u0151l.<\/li>\n<li><strong>A palackok sz\u00e1ma fajt\u00e1nk\u00e9nt:<\/strong> Fontos dokument\u00e1lni az egyes fajt\u00e1k palackjainak sz\u00e1m\u00e1t, hogy nyomon lehessen k\u00f6vetni az egyes fajt\u00e1k el\u00e9rhet\u0151s\u00e9g\u00e9t \u00e9s \u00e9rt\u00e9k\u00e9t.<\/li>\n<li><strong>A v\u00e1s\u00e1rl\u00e1s d\u00e1tuma \u00e9s helye:<\/strong> A v\u00e1s\u00e1rl\u00e1s d\u00e1tuma \u00e9s helye seg\u00edt nyomon k\u00f6vetni az \u00fcvegek eredet\u00e9t \u00e9s dokument\u00e1lni a gy\u0171jtem\u00e9ny t\u00f6rt\u00e9net\u00e9t.<\/li>\n<li><strong>V\u00e9tel\u00e1r \u00e9s lehets\u00e9ges elad\u00e1si \u00e1r:<\/strong> Ez az inform\u00e1ci\u00f3 fontos a gy\u0171jtem\u00e9ny \u00e9rt\u00e9kel\u00e9se \u00e9s a j\u00f6v\u0151beli \u00e9rt\u00e9kes\u00edt\u00e9si d\u00f6nt\u00e9sek szempontj\u00e1b\u00f3l.<\/li>\n<li><strong>Az \u00f6sszes palack teljes \u00e1ra:<\/strong> A gy\u0171jtem\u00e9ny \u00f6ssz\u00e9rt\u00e9ke \u00e1ttekint\u00e9st ny\u00fajt a pezsg\u0151k p\u00e9nz\u00fcgyi \u00e9rt\u00e9k\u00e9r\u0151l.<\/li>\n<li><strong>K\u00f3stol\u00e1si adatok \u00e9s benyom\u00e1sok:<\/strong> A pezsg\u0151k k\u00f3stol\u00e1s\u00e1r\u00f3l k\u00e9sz\u00fclt feljegyz\u00e9sek \u00e9s az egyes pezsg\u0151kr\u0151l szerzett benyom\u00e1sok \u00e9rt\u00e9kes inform\u00e1ci\u00f3k a j\u00f6v\u0151beli d\u00f6nt\u00e9sekhez.<\/li>\n<li><strong>Bar\u00e1tok \u00e9s esem\u00e9nyek:<\/strong> A feljegyz\u00e9sek arr\u00f3l, hogy a pezsg\u0151ket milyen bar\u00e1tokkal \u00e9s milyen alkalmakkor fogyasztott\u00e1k el, szem\u00e9lyes eml\u00e9keket \u0151rizhetnek.<\/li>\n<li><strong>Szavatoss\u00e1gi id\u0151:<\/strong> Az egyes fajt\u00e1k becs\u00fclt eltarthat\u00f3s\u00e1gi ideje t\u00e1j\u00e9koztat\u00e1st ny\u00fajt az optim\u00e1lis t\u00e1rol\u00e1si id\u0151szakr\u00f3l \u00e9s a fogyaszt\u00e1s legjobb id\u0151pontj\u00e1r\u00f3l.<\/li>\n<li><strong>Rack vagy polc:<\/strong> Az egyes palackok pontos helye a pinc\u00e9ben seg\u00edt a palackok k\u00f6nny\u0171 megtal\u00e1l\u00e1s\u00e1ban \u00e9s rendszerez\u00e9s\u00e9ben.<\/li>\n<\/ul>\n<p><strong>A titoktart\u00e1s fontoss\u00e1ga<\/strong><\/p>\n<p>A pincek\u00f6nyvet mindig biztons\u00e1gosan kell t\u00e1rolni a titoktart\u00e1s \u00e9rdek\u00e9ben. A be\u00edrt adatok nagy r\u00e9sze mag\u00e1njelleg\u0171, \u00e9s bizalmas inform\u00e1ci\u00f3kat tartalmazhat a pezsg\u0151k \u00e9rt\u00e9k\u00e9r\u0151l \u00e9s eredet\u00e9r\u0151l. Az inform\u00e1ci\u00f3k biztons\u00e1ga \u00e9rdek\u00e9ben c\u00e9lszer\u0171 a k\u00f6nyvh\u00f6z val\u00f3 hozz\u00e1f\u00e9r\u00e9st megb\u00edzhat\u00f3 szem\u00e9lyekre korl\u00e1tozni.<\/p>\n<h2>K\u00f6vetkeztet\u00e9s<\/h2>\n<p>A pezsg\u0151 megfelel\u0151 t\u00e1rol\u00e1sa elengedhetetlen a min\u0151s\u00e9g \u00e9s az \u00edz meg\u0151rz\u00e9s\u00e9hez. A fenti tippek betart\u00e1s\u00e1val \u00e9s a legjobb t\u00e1rol\u00e1si k\u00f6r\u00fclm\u00e9nyek megteremt\u00e9s\u00e9vel biztos\u00edthatja, hogy pezsg\u0151je mindig a legjobb min\u0151s\u00e9gben legyen. Ne feledje, hogy a pezsg\u0151 t\u00e1rol\u00e1sa nemcsak a pezsg\u0151 v\u00e9delm\u00e9t seg\u00edti el\u0151, hanem a fejl\u0151d\u00e9s\u00e9t \u00e9s \u00e9rlel\u00e9s\u00e9t is. \u00c9lvezze pezsg\u0151j\u00e9t azzal a tudattal, hogy a legjobb k\u00f6r\u00fclm\u00e9nyek k\u00f6z\u00f6tt t\u00e1rolta.<\/p>\n<\/div><\/section><\/p><\/div>\n<style type=\"text\/css\" data-created_by=\"avia_inline_auto\" id=\"style-css-av-7vz4-e2ecb25e9168201a3fd1fa7a9982a872\">\n.flex_column.av-7vz4-e2ecb25e9168201a3fd1fa7a9982a872{\nborder-radius:0px 0px 0px 0px;\npadding:0px 0px 0px 0px;\n}\n<\/style>\n<div  class='flex_column av-7vz4-e2ecb25e9168201a3fd1fa7a9982a872 av_one_fifth  avia-builder-el-6  el_after_av_three_fifth  avia-builder-el-last  flex_column_div av-zero-column-padding'     ><\/div>","protected":false},"excerpt":{"rendered":"","protected":false},"author":1,"featured_media":4837,"parent":0,"menu_order":0,"comment_status":"closed","ping_status":"closed","template":"","meta":{"footnotes":""},"class_list":["post-6531","page","type-page","status-publish","has-post-thumbnail","hentry"],"_links":{"self":[{"href":"https:\/\/champagner.com\/hu\/wp-json\/wp\/v2\/pages\/6531","targetHints":{"allow":["GET"]}}],"collection":[{"href":"https:\/\/champagner.com\/hu\/wp-json\/wp\/v2\/pages"}],"about":[{"href":"https:\/\/champagner.com\/hu\/wp-json\/wp\/v2\/types\/page"}],"author":[{"embeddable":true,"href":"https:\/\/champagner.com\/hu\/wp-json\/wp\/v2\/users\/1"}],"replies":[{"embeddable":true,"href":"https:\/\/champagner.com\/hu\/wp-json\/wp\/v2\/comments?post=6531"}],"version-history":[{"count":0,"href":"https:\/\/champagner.com\/hu\/wp-json\/wp\/v2\/pages\/6531\/revisions"}],"wp:featuredmedia":[{"embeddable":true,"href":"https:\/\/champagner.com\/hu\/wp-json\/wp\/v2\/media\/4837"}],"wp:attachment":[{"href":"https:\/\/champagner.com\/hu\/wp-json\/wp\/v2\/media?parent=6531"}],"curies":[{"name":"wp","href":"https:\/\/api.w.org\/{rel}","templated":true}]}}