{"id":6514,"date":"2022-05-05T13:28:39","date_gmt":"2022-05-05T13:28:39","guid":{"rendered":"https:\/\/champagner.com\/?page_id=6514"},"modified":"2024-11-04T12:47:51","modified_gmt":"2024-11-04T12:47:51","slug":"seni-sampanye","status":"publish","type":"page","link":"https:\/\/champagner.com\/id\/seni-sampanye\/","title":{"rendered":"Seni sampanye"},"content":{"rendered":"<div   class='avia-fullscreen-slider main_color   avia-builder-el-0  el_before_av_section  avia-builder-el-first  container_wrap fullsize'  ><div  class='avia-slideshow av-kjripr6g-74ffc6525b251b8b733cc3ef032d902d avia-slideshow-extra_large av_fullscreen avia-slide-slider av-slideshow-ui av-control-default av-slideshow-manual av-loop-once av-loop-manual-endless av-default-height-applied   avia-slideshow-1' data-slideshow-options=\"{&quot;animation&quot;:&quot;slide&quot;,&quot;autoplay&quot;:false,&quot;loop_autoplay&quot;:&quot;once&quot;,&quot;interval&quot;:5,&quot;loop_manual&quot;:&quot;manual-endless&quot;,&quot;autoplay_stopper&quot;:false,&quot;noNavigation&quot;:false,&quot;bg_slider&quot;:true,&quot;keep_padding&quot;:false,&quot;hoverpause&quot;:false,&quot;show_slide_delay&quot;:0,&quot;slide_height&quot;:&quot;100&quot;,&quot;image_attachment&quot;:&quot;&quot;}\"  itemprop=\"image\" itemscope=\"itemscope\" itemtype=\"https:\/\/schema.org\/ImageObject\" ><ul class='avia-slideshow-inner' style='padding-bottom: 53.2%;'><li style='background-position:center center;' data-img-url='https:\/\/champagner.com\/wp-content\/uploads\/2018\/05\/Champagne-Charles-de-Cazanove-1500x798.jpg' class='avia-slideshow-slide av-kjripr6g-74ffc6525b251b8b733cc3ef032d902d__0  av-single-slide slide-1 slide-odd'><div data-rel='slideshow-1' class='avia-slide-wrap'  title='Sampanye Charles de Cazanove ' ><\/div><\/li><\/ul><\/div><\/div>\n<div id='av_section_1'  class='avia-section av-9qys-7fbec837cc9414b56951d589a49fa01e main_color avia-section-default avia-no-border-styling  avia-builder-el-1  el_after_av_fullscreen  avia-builder-el-last  avia-bg-style-scroll container_wrap fullsize'  ><div class='container av-section-cont-open' ><div class='template-page content  av-content-full alpha units'><div class='post-entry post-entry-type-page post-entry-6514'><div class='entry-content-wrapper clearfix'>\n\n<style type=\"text\/css\" data-created_by=\"avia_inline_auto\" id=\"style-css-av-9tz4-26c14c70028d90a54aefce07862c0d7e\">\n.flex_column.av-9tz4-26c14c70028d90a54aefce07862c0d7e{\nborder-radius:0px 0px 0px 0px;\npadding:0px 0px 0px 0px;\n}\n<\/style>\n<div  class='flex_column av-9tz4-26c14c70028d90a54aefce07862c0d7e av_one_fifth  avia-builder-el-2  el_before_av_three_fifth  avia-builder-el-first  first flex_column_div av-zero-column-padding'     ><\/div>\n<style type=\"text\/css\" data-created_by=\"avia_inline_auto\" id=\"style-css-av-5y3a-c3ba98e644c5ae5c87ca984f1618400f\">\n.flex_column.av-5y3a-c3ba98e644c5ae5c87ca984f1618400f{\nborder-radius:0px 0px 0px 0px;\npadding:0px 0px 0px 0px;\n}\n<\/style>\n<div  class='flex_column av-5y3a-c3ba98e644c5ae5c87ca984f1618400f av_three_fifth  avia-builder-el-3  el_after_av_one_fifth  el_before_av_one_fifth  flex_column_div av-zero-column-padding'     ><p>\n<style type=\"text\/css\" data-created_by=\"avia_inline_auto\" id=\"style-css-av-kjrjnv83-db0150b69486a15817a0557cc8e62443\">\n#top .av-special-heading.av-kjrjnv83-db0150b69486a15817a0557cc8e62443{\npadding-bottom:30px;\nfont-size:50px;\n}\nbody .av-special-heading.av-kjrjnv83-db0150b69486a15817a0557cc8e62443 .av-special-heading-tag .heading-char{\nfont-size:25px;\n}\n#top #wrap_all .av-special-heading.av-kjrjnv83-db0150b69486a15817a0557cc8e62443 .av-special-heading-tag{\nfont-size:50px;\n}\n.av-special-heading.av-kjrjnv83-db0150b69486a15817a0557cc8e62443 .av-subheading{\nfont-size:15px;\n}\n\n@media only screen and (min-width: 480px) and (max-width: 767px){ \n#top #wrap_all .av-special-heading.av-kjrjnv83-db0150b69486a15817a0557cc8e62443 .av-special-heading-tag{\nfont-size:0.8em;\n}\n}\n\n@media only screen and (max-width: 479px){ \n#top #wrap_all .av-special-heading.av-kjrjnv83-db0150b69486a15817a0557cc8e62443 .av-special-heading-tag{\nfont-size:0.8em;\n}\n}\n<\/style>\n<div  class='av-special-heading av-kjrjnv83-db0150b69486a15817a0557cc8e62443 av-special-heading-h1 blockquote modern-quote  avia-builder-el-4  el_before_av_textblock  avia-builder-el-first  av-inherit-size'><h1 class='av-special-heading-tag'  itemprop=\"headline\"  >Seni sampanye<\/h1><div class=\"special-heading-border\"><div class=\"special-heading-inner-border\"><\/div><\/div><\/div><br \/>\n\n<style type=\"text\/css\" data-created_by=\"avia_inline_auto\" id=\"style-css-av-kj4bin1p-19cbf03350244018d7d4cfd1501789b0\">\n#top .av_textblock_section.av-kj4bin1p-19cbf03350244018d7d4cfd1501789b0 .avia_textblock{\nfont-size:18px;\n}\n<\/style>\n<section  class='av_textblock_section av-kj4bin1p-19cbf03350244018d7d4cfd1501789b0'   itemscope=\"itemscope\" itemtype=\"https:\/\/schema.org\/CreativeWork\" ><div class='avia_textblock'  itemprop=\"text\" ><p><strong><a href=\"https:\/\/champagner.com\/id\/\">Sampanye<\/a><\/strong> mewujudkan lebih dari sekadar kualitas terbaik di antara wine. Selain kenikmatan yang sesungguhnya, sampanye juga menciptakan aura yang kuat yang sulit diungkapkan dengan kata-kata, tetapi hampir selalu dapat dirasakan.<\/p>\n<p>Begitulah cara Anda mengatakannya dalam bahasa Inggris:<\/p>\n<blockquote>\n<p><a href=\"https:\/\/champagner.com\/id\/tempat-perjalanan\/\">Sampanye<\/a> menetapkan suasana hati, memberikan pernyataan yang kuat, dan hampir dapat diprediksi akan meningkatkan pengalaman yang menyenangkan! Ketahuilah bahwa Anda tidak hanya mengonsumsi wine terbaik, tetapi juga memanggil semangat yang luar biasa!<\/p>\n<\/blockquote>\n<p>Pada awal Belle Epoque, beberapa produsen menyadari bahwa fenomena yang kuat ini, semangat ini, paling baik ditangkap melalui seni. Hanya seniman dan desainer grafis terbaik pada zaman itu yang cukup baik untuk dipercaya mewujudkan 'semangat' ini sehubungan dengan <a href=\"https:\/\/champagner.com\/id\/label-sampanye\/\">Label sampanye<\/a>poster, menu, dan kartu pos.<\/p>\n<p>Sebagai contoh, perusahaan Delbeck berhasil menugaskan seniman-seniman terkenal pada masa itu seperti Klimt, Muchas, Cappiello, Erg\u00e9, Gall\u00e9, Andreis, Chatin, Tristan Bernard, dan Benjamin Rabier.<\/p>\n<p>Keberhasilan dan cakupan pencapaian artistik era ini tidak tertandingi. Poster sampanye dari Belle Epoque masih sangat dicari sebagai poster dekoratif di seluruh dunia.<\/p>\n<p>Namun, hubungan alami antara sampanye dan seni tetap tidak terputus hingga hari ini.<\/p>\n<h3>Seni sampanye<\/h3>\n<p>Seni sampanye hari ini dari <a href=\"https:\/\/champagner.com\/id\/rumah-sampanye-2\/\">Rumah sampanye<\/a> secara kasar dapat dibagi menjadi tiga area:<\/p>\n<ul>\n<li>Seni nasional, yaitu seni yang hanya terbatas pada Prancis dan para senimannya<\/li>\n<li>Seni internasional, yaitu seni yang menempatkan seniman di seluruh dunia dalam cahaya sampanye<\/li>\n<li>Seni desain atau Seni Baru. Ini mengacu pada jenis seni yang sering kali provokatif dan terkadang menyinggung. Jenis seni sampanye ini mencakup hal-hal yang tidak lagi mengenali referensi apa pun pada periode Belle Epoque<\/li>\n<\/ul>\n<p>Contoh seni sampanye nasional adalah botol-botol dari Bruno Pillard, yang label sampanye-nya dirancang dan dibuat oleh seniman Prancis.<\/p>\n<p>Sejauh ini, dua belas botol telah direalisasikan oleh para seniman yang bekerja dan tinggal di Prancis. Hal yang istimewa dari botol-botol ini adalah bahwa setiap seniman telah menghormati varietas yang berbeda atau tahun yang berbeda.<\/p>\n<p>Botol-botol yang disebut Koleksi dari Taittinger adalah contoh utama seni internasional dalam kaitannya dengan sampanye.<br \/>\nBotol koleksi Taittinger adalah botol sampanye yang telah diproduksi sejak tahun 1978 di tahun sampanye yang baik.<br \/>\nHal yang istimewa adalah bahwa setiap botol ini dirancang oleh seniman yang berbeda. Sejak tahun 1983, sembilan seniman terkenal internasional masing-masing telah mendesain botol atas nama Claude Taittinger.<\/p>\n<p>Enam botol pertama dirancang oleh VASARELY (Mills\u00e9sime 1978), oleh ARMAN (Mills\u00e9sime 1981), oleh MASSON (Mills\u00e9sime 1982), oleh VIEIRA DA SILVA (Mills\u00e9sime 1983), oleh LICHTENSTEIN (Mills\u00e9sime 1985), dan oleh HARTUNG (Mills\u00e9sime 1986). Karya-karya ini hanya dapat ditemukan di pelelangan dengan keberuntungan.<br \/>\nUntungnya, tiga botol terakhir dari seniman Ima\u00cf, Corneille dan Matta masih dijual.<\/p>\n<p>Dalam apa yang kami sebut sebagai seni desain sampanye, contoh yang bagus datang dari Veuve Cliquot.<br \/>\nUntuk apa yang disebut Milenium, pergantian tahun dari 1999 ke <a href=\"https:\/\/champagner.com\/id\/tahun\/\">2000<\/a>versi khusus dari La Grande Dame diluncurkan oleh Veuve Cliquot.<br \/>\nUntuk tujuan ini, seniman Elisabeth Rubin mendesain wadah yang terbuat dari kaca akrilik yang dapat menampung botol berukuran 1,5 atau 3 liter. Botol tersebut dipasangkan pada dua tali kulit dalam wadah ini.<\/p>\n<p><strong>Terakhir, contoh yang tidak mudah masuk ke dalam salah satu dari tiga kategori<\/strong><\/p>\n<p>Dari rumah produksi Piper-Heidsieck, hadir botol yang dirancang oleh perancang busana asal Prancis, Jean-Paul Gaultier.<br \/>\nIni adalah botol yang dibalut dengan korset merah. Botol dan pakaian di sekelilingnya tentu saja ditandatangani oleh penciptanya, dan botolnya hadir dalam kemasan kaca akrilik yang indah.<\/p>\n<div id=\"attachment_7576\" style=\"width: 350px\" class=\"wp-caption aligncenter\"><img loading=\"lazy\" decoding=\"async\" aria-describedby=\"caption-attachment-7576\" class=\"wp-image-7576 size-full\" title=\"Jean-Paul Gaultier &amp; Sampanye Piper-Heidsieck\" src=\"https:\/\/champagner.com\/wp-content\/uploads\/2024\/07\/Jean-Paul-Gaultier-Piper-Heidsieck.webp\" alt=\"Jean-Paul Gaultier &amp; Sampanye Piper-Heidsieck\" width=\"340\" height=\"270\" srcset=\"https:\/\/champagner.com\/wp-content\/uploads\/2024\/07\/Jean-Paul-Gaultier-Piper-Heidsieck.webp 340w, https:\/\/champagner.com\/wp-content\/uploads\/2024\/07\/Jean-Paul-Gaultier-Piper-Heidsieck-300x238.webp 300w, https:\/\/champagner.com\/wp-content\/uploads\/2024\/07\/Jean-Paul-Gaultier-Piper-Heidsieck-15x12.webp 15w\" sizes=\"auto, (max-width: 340px) 100vw, 340px\" \/><p id=\"caption-attachment-7576\" class=\"wp-caption-text\">Jean-Paul Gaultier &amp; Sampanye Piper-Heidsieck<\/p><\/div>\n<p>Seperti yang Anda lihat, subjek seni sampanye sangat beragam dan tidak dapat dikategorikan dalam laci yang tetap.<\/p>\n<\/div><\/section><\/p><\/div>\n<style type=\"text\/css\" data-created_by=\"avia_inline_auto\" id=\"style-css-av-7vz4-e2ecb25e9168201a3fd1fa7a9982a872\">\n.flex_column.av-7vz4-e2ecb25e9168201a3fd1fa7a9982a872{\nborder-radius:0px 0px 0px 0px;\npadding:0px 0px 0px 0px;\n}\n<\/style>\n<div  class='flex_column av-7vz4-e2ecb25e9168201a3fd1fa7a9982a872 av_one_fifth  avia-builder-el-6  el_after_av_three_fifth  avia-builder-el-last  flex_column_div av-zero-column-padding'     ><\/div>","protected":false},"excerpt":{"rendered":"","protected":false},"author":1,"featured_media":4712,"parent":0,"menu_order":0,"comment_status":"closed","ping_status":"closed","template":"","meta":{"footnotes":""},"class_list":["post-6514","page","type-page","status-publish","has-post-thumbnail","hentry"],"_links":{"self":[{"href":"https:\/\/champagner.com\/id\/wp-json\/wp\/v2\/pages\/6514","targetHints":{"allow":["GET"]}}],"collection":[{"href":"https:\/\/champagner.com\/id\/wp-json\/wp\/v2\/pages"}],"about":[{"href":"https:\/\/champagner.com\/id\/wp-json\/wp\/v2\/types\/page"}],"author":[{"embeddable":true,"href":"https:\/\/champagner.com\/id\/wp-json\/wp\/v2\/users\/1"}],"replies":[{"embeddable":true,"href":"https:\/\/champagner.com\/id\/wp-json\/wp\/v2\/comments?post=6514"}],"version-history":[{"count":0,"href":"https:\/\/champagner.com\/id\/wp-json\/wp\/v2\/pages\/6514\/revisions"}],"wp:featuredmedia":[{"embeddable":true,"href":"https:\/\/champagner.com\/id\/wp-json\/wp\/v2\/media\/4712"}],"wp:attachment":[{"href":"https:\/\/champagner.com\/id\/wp-json\/wp\/v2\/media?parent=6514"}],"curies":[{"name":"wp","href":"https:\/\/api.w.org\/{rel}","templated":true}]}}