{"id":6514,"date":"2022-05-05T13:28:39","date_gmt":"2022-05-05T13:28:39","guid":{"rendered":"https:\/\/champagner.com\/?page_id=6514"},"modified":"2024-11-04T12:47:51","modified_gmt":"2024-11-04T12:47:51","slug":"arte-dello-champagne","status":"publish","type":"page","link":"https:\/\/champagner.com\/it\/arte-dello-champagne\/","title":{"rendered":"Arte dello champagne"},"content":{"rendered":"<div   class='avia-fullscreen-slider main_color   avia-builder-el-0  el_before_av_section  avia-builder-el-first  container_wrap fullsize'  ><div  class='avia-slideshow av-kjripr6g-74ffc6525b251b8b733cc3ef032d902d avia-slideshow-extra_large av_fullscreen avia-slide-slider av-slideshow-ui av-control-default av-slideshow-manual av-loop-once av-loop-manual-endless av-default-height-applied   avia-slideshow-1' data-slideshow-options=\"{&quot;animation&quot;:&quot;slide&quot;,&quot;autoplay&quot;:false,&quot;loop_autoplay&quot;:&quot;once&quot;,&quot;interval&quot;:5,&quot;loop_manual&quot;:&quot;manual-endless&quot;,&quot;autoplay_stopper&quot;:false,&quot;noNavigation&quot;:false,&quot;bg_slider&quot;:true,&quot;keep_padding&quot;:false,&quot;hoverpause&quot;:false,&quot;show_slide_delay&quot;:0,&quot;slide_height&quot;:&quot;100&quot;,&quot;image_attachment&quot;:&quot;&quot;}\"  itemprop=\"image\" itemscope=\"itemscope\" itemtype=\"https:\/\/schema.org\/ImageObject\" ><ul class='avia-slideshow-inner' style='padding-bottom: 53.2%;'><li style='background-position:center center;' data-img-url='https:\/\/champagner.com\/wp-content\/uploads\/2018\/05\/Champagne-Charles-de-Cazanove-1500x798.jpg' class='avia-slideshow-slide av-kjripr6g-74ffc6525b251b8b733cc3ef032d902d__0  av-single-slide slide-1 slide-odd'><div data-rel='slideshow-1' class='avia-slide-wrap'  title='Charles de Cazanove Champagne ' ><\/div><\/li><\/ul><\/div><\/div>\n<div id='av_section_1'  class='avia-section av-9qys-7fbec837cc9414b56951d589a49fa01e main_color avia-section-default avia-no-border-styling  avia-builder-el-1  el_after_av_fullscreen  avia-builder-el-last  avia-bg-style-scroll container_wrap fullsize'  ><div class='container av-section-cont-open' ><div class='template-page content  av-content-full alpha units'><div class='post-entry post-entry-type-page post-entry-6514'><div class='entry-content-wrapper clearfix'>\n\n<style type=\"text\/css\" data-created_by=\"avia_inline_auto\" id=\"style-css-av-9tz4-26c14c70028d90a54aefce07862c0d7e\">\n.flex_column.av-9tz4-26c14c70028d90a54aefce07862c0d7e{\nborder-radius:0px 0px 0px 0px;\npadding:0px 0px 0px 0px;\n}\n<\/style>\n<div  class='flex_column av-9tz4-26c14c70028d90a54aefce07862c0d7e av_one_fifth  avia-builder-el-2  el_before_av_three_fifth  avia-builder-el-first  first flex_column_div av-zero-column-padding'     ><\/div>\n<style type=\"text\/css\" data-created_by=\"avia_inline_auto\" id=\"style-css-av-5y3a-c3ba98e644c5ae5c87ca984f1618400f\">\n.flex_column.av-5y3a-c3ba98e644c5ae5c87ca984f1618400f{\nborder-radius:0px 0px 0px 0px;\npadding:0px 0px 0px 0px;\n}\n<\/style>\n<div  class='flex_column av-5y3a-c3ba98e644c5ae5c87ca984f1618400f av_three_fifth  avia-builder-el-3  el_after_av_one_fifth  el_before_av_one_fifth  flex_column_div av-zero-column-padding'     ><p>\n<style type=\"text\/css\" data-created_by=\"avia_inline_auto\" id=\"style-css-av-kjrjnv83-db0150b69486a15817a0557cc8e62443\">\n#top .av-special-heading.av-kjrjnv83-db0150b69486a15817a0557cc8e62443{\npadding-bottom:30px;\nfont-size:50px;\n}\nbody .av-special-heading.av-kjrjnv83-db0150b69486a15817a0557cc8e62443 .av-special-heading-tag .heading-char{\nfont-size:25px;\n}\n#top #wrap_all .av-special-heading.av-kjrjnv83-db0150b69486a15817a0557cc8e62443 .av-special-heading-tag{\nfont-size:50px;\n}\n.av-special-heading.av-kjrjnv83-db0150b69486a15817a0557cc8e62443 .av-subheading{\nfont-size:15px;\n}\n\n@media only screen and (min-width: 480px) and (max-width: 767px){ \n#top #wrap_all .av-special-heading.av-kjrjnv83-db0150b69486a15817a0557cc8e62443 .av-special-heading-tag{\nfont-size:0.8em;\n}\n}\n\n@media only screen and (max-width: 479px){ \n#top #wrap_all .av-special-heading.av-kjrjnv83-db0150b69486a15817a0557cc8e62443 .av-special-heading-tag{\nfont-size:0.8em;\n}\n}\n<\/style>\n<div  class='av-special-heading av-kjrjnv83-db0150b69486a15817a0557cc8e62443 av-special-heading-h1 blockquote modern-quote  avia-builder-el-4  el_before_av_textblock  avia-builder-el-first  av-inherit-size'><h1 class='av-special-heading-tag'  itemprop=\"headline\"  >Arte dello champagne<\/h1><div class=\"special-heading-border\"><div class=\"special-heading-inner-border\"><\/div><\/div><\/div><br \/>\n\n<style type=\"text\/css\" data-created_by=\"avia_inline_auto\" id=\"style-css-av-kj4bin1p-19cbf03350244018d7d4cfd1501789b0\">\n#top .av_textblock_section.av-kj4bin1p-19cbf03350244018d7d4cfd1501789b0 .avia_textblock{\nfont-size:18px;\n}\n<\/style>\n<section  class='av_textblock_section av-kj4bin1p-19cbf03350244018d7d4cfd1501789b0'   itemscope=\"itemscope\" itemtype=\"https:\/\/schema.org\/CreativeWork\" ><div class='avia_textblock'  itemprop=\"text\" ><p><strong><a href=\"https:\/\/champagner.com\/it\/\">Champagne<\/a><\/strong> incarna molto di pi\u00f9 della migliore qualit\u00e0 tra i vini. Oltre al piacere vero e proprio, lo champagne crea anche un'aura potente, difficile da esprimere a parole, ma quasi sempre tangibile.<\/p>\n<p>\u00c8 cos\u00ec che si dice in inglese:<\/p>\n<blockquote>\n<p><a href=\"https:\/\/champagner.com\/it\/sedi\/\">Champagne<\/a> crea uno stato d'animo, offre una dichiarazione forte e, quasi prevedibilmente, migliora l'esperienza in modo positivo! Sappiate che non solo state consumando il miglior vino, ma state anche evocando un grande spirito!<\/p>\n<\/blockquote>\n<p>Gi\u00e0 durante la Belle Epoque, alcuni produttori riconobbero che questo potente fenomeno, questo spirito, poteva essere catturato al meglio attraverso l'arte. Solo i migliori artisti e grafici dell'epoca erano sufficientemente bravi per essere incaricati di incarnare questo \"spirito\" in relazione a <a href=\"https:\/\/champagner.com\/it\/etichette-per-champagne\/\">Etichette di champagne<\/a>manifesti, menu e cartoline.<\/p>\n<p>Ad esempio, l'azienda Delbeck ha commissionato con successo artisti famosi dell'epoca come Klimt, Muchas, Cappiello, Erg\u00e9, Gall\u00e9, Andreis, Chatin, Tristan Bernard e Benjamin Rabier.<\/p>\n<p>Il successo e la portata delle realizzazioni artistiche di quest'epoca non hanno eguali. I manifesti di champagne della Belle Epoque sono ancora molto ricercati come manifesti decorativi in tutto il mondo.<\/p>\n<p>Tuttavia, il legame naturale tra lo champagne e l'arte \u00e8 rimasto inalterato fino ad oggi.<\/p>\n<h3>Arte dello champagne<\/h3>\n<p>L'arte dello champagne di oggi <a href=\"https:\/\/champagner.com\/it\/case-di-champagne\/\">Maison di champagne<\/a> pu\u00f2 essere suddiviso grossolanamente in tre aree:<\/p>\n<ul>\n<li>Arte nazionale, cio\u00e8 arte limitata alla Francia e ai suoi artisti.<\/li>\n<li>Arte internazionale, ovvero arte che mette gli artisti di tutto il mondo sotto la luce dello champagne.<\/li>\n<li>Design art o New Art. Si tratta di un tipo di arte spesso provocatoria e talvolta offensiva. Questo tipo di arte dello champagne comprende oggetti che non riconoscono pi\u00f9 alcun riferimento al periodo della Belle Epoque.<\/li>\n<\/ul>\n<p>Un esempio di arte nazionale dello champagne sono le bottiglie di Bruno Pillard, le cui etichette sono state disegnate e create da artisti francesi.<\/p>\n<p>Finora sono state realizzate dodici bottiglie da artisti che lavorano e vivono in Francia. La particolarit\u00e0 di queste bottiglie \u00e8 che ogni artista ha reso omaggio a una variet\u00e0 diversa o a un anno diverso.<\/p>\n<p>Le cosiddette bottiglie da collezione di Taittinger sono un esempio di arte internazionale in relazione allo champagne.<br \/>\nLe bottiglie della collezione Taittinger sono bottiglie di champagne prodotte a partire dal 1978 in una buona annata di champagne.<br \/>\nLa particolarit\u00e0 \u00e8 che ognuna di queste bottiglie \u00e8 stata disegnata da un artista diverso. Dal 1983, nove artisti di fama internazionale hanno disegnato ciascuno una bottiglia per conto di Claude Taittinger.<\/p>\n<p>Le prime sei bottiglie sono state disegnate da VASARELY (Mills\u00e9sime 1978), da ARMAN (Mills\u00e9sime 1981), da MASSON (Mills\u00e9sime 1982), da VIEIRA DA SILVA (Mills\u00e9sime 1983), da LICHTENSTEIN (Mills\u00e9sime 1985) e da HARTUNG (Mills\u00e9sime 1986). Si possono trovare all'asta solo con molta fortuna.<br \/>\nFortunatamente, le ultime tre bottiglie degli artisti Ima\u00cf, Corneille e Matta sono ancora in vendita.<\/p>\n<p>In quella che chiamiamo arte dello champagne di design, un buon esempio \u00e8 stato dato da Veuve Cliquot.<br \/>\nPer il cosiddetto Millinnium, l'arco di tempo che va dal 1999 al <a href=\"https:\/\/champagner.com\/it\/annali\/\">2000<\/a>Veuve Cliquot ha lanciato una versione speciale de La Grande Dame.<br \/>\nA tal fine, l'artista Elisabeth Rubin ha progettato una custodia in vetro acrilico che poteva contenere una bottiglia da 1,5 o da 3 litri. La bottiglia era fissata a due cinghie di cuoio.<\/p>\n<p><strong>Infine, un esempio che non rientra facilmente in una delle tre categorie.<\/strong><\/p>\n<p>Dalla casa di Piper-Heidsieck arriva un flacone disegnato dallo stilista francese Jean-Paul Gaultier.<br \/>\nSi tratta di una bottiglia rivestita da un corsetto rosso. La bottiglia e l'abbigliamento circostante sono ovviamente firmati dal creatore e la bottiglia \u00e8 contenuta in una bella confezione di vetro acrilico.<\/p>\n<div id=\"attachment_7576\" style=\"width: 350px\" class=\"wp-caption aligncenter\"><img loading=\"lazy\" decoding=\"async\" aria-describedby=\"caption-attachment-7576\" class=\"wp-image-7576 size-full\" title=\"Jean-Paul Gaultier &amp; Piper-Heidsieck Champagne\" src=\"https:\/\/champagner.com\/wp-content\/uploads\/2024\/07\/Jean-Paul-Gaultier-Piper-Heidsieck.webp\" alt=\"Jean-Paul Gaultier &amp; Piper-Heidsieck Champagne\" width=\"340\" height=\"270\" srcset=\"https:\/\/champagner.com\/wp-content\/uploads\/2024\/07\/Jean-Paul-Gaultier-Piper-Heidsieck.webp 340w, https:\/\/champagner.com\/wp-content\/uploads\/2024\/07\/Jean-Paul-Gaultier-Piper-Heidsieck-300x238.webp 300w, https:\/\/champagner.com\/wp-content\/uploads\/2024\/07\/Jean-Paul-Gaultier-Piper-Heidsieck-15x12.webp 15w\" sizes=\"auto, (max-width: 340px) 100vw, 340px\" \/><p id=\"caption-attachment-7576\" class=\"wp-caption-text\">Jean-Paul Gaultier &amp; Piper-Heidsieck Champagne<\/p><\/div>\n<p>Come si pu\u00f2 notare, il tema della champagne art \u00e8 molto vario e non pu\u00f2 essere classificato in un cassetto fisso.<\/p>\n<\/div><\/section><\/p><\/div>\n<style type=\"text\/css\" data-created_by=\"avia_inline_auto\" id=\"style-css-av-7vz4-e2ecb25e9168201a3fd1fa7a9982a872\">\n.flex_column.av-7vz4-e2ecb25e9168201a3fd1fa7a9982a872{\nborder-radius:0px 0px 0px 0px;\npadding:0px 0px 0px 0px;\n}\n<\/style>\n<div  class='flex_column av-7vz4-e2ecb25e9168201a3fd1fa7a9982a872 av_one_fifth  avia-builder-el-6  el_after_av_three_fifth  avia-builder-el-last  flex_column_div av-zero-column-padding'     ><\/div>","protected":false},"excerpt":{"rendered":"","protected":false},"author":1,"featured_media":4712,"parent":0,"menu_order":0,"comment_status":"closed","ping_status":"closed","template":"","meta":{"footnotes":""},"class_list":["post-6514","page","type-page","status-publish","has-post-thumbnail","hentry"],"_links":{"self":[{"href":"https:\/\/champagner.com\/it\/wp-json\/wp\/v2\/pages\/6514","targetHints":{"allow":["GET"]}}],"collection":[{"href":"https:\/\/champagner.com\/it\/wp-json\/wp\/v2\/pages"}],"about":[{"href":"https:\/\/champagner.com\/it\/wp-json\/wp\/v2\/types\/page"}],"author":[{"embeddable":true,"href":"https:\/\/champagner.com\/it\/wp-json\/wp\/v2\/users\/1"}],"replies":[{"embeddable":true,"href":"https:\/\/champagner.com\/it\/wp-json\/wp\/v2\/comments?post=6514"}],"version-history":[{"count":0,"href":"https:\/\/champagner.com\/it\/wp-json\/wp\/v2\/pages\/6514\/revisions"}],"wp:featuredmedia":[{"embeddable":true,"href":"https:\/\/champagner.com\/it\/wp-json\/wp\/v2\/media\/4712"}],"wp:attachment":[{"href":"https:\/\/champagner.com\/it\/wp-json\/wp\/v2\/media?parent=6514"}],"curies":[{"name":"wp","href":"https:\/\/api.w.org\/{rel}","templated":true}]}}