{"id":6528,"date":"2022-05-05T13:56:49","date_gmt":"2022-05-05T13:56:49","guid":{"rendered":"https:\/\/champagner.com\/?page_id=6528"},"modified":"2024-11-04T12:46:29","modified_gmt":"2024-11-04T12:46:29","slug":"etichette-per-champagne","status":"publish","type":"page","link":"https:\/\/champagner.com\/it\/etichette-per-champagne\/","title":{"rendered":"Etichette di champagne"},"content":{"rendered":"<div   class='avia-fullscreen-slider main_color   avia-builder-el-0  el_before_av_section  avia-builder-el-first  container_wrap fullsize'  ><div  class='avia-slideshow av-kjripr6g-74ffc6525b251b8b733cc3ef032d902d avia-slideshow-extra_large av_fullscreen avia-slide-slider av-slideshow-ui av-control-default av-slideshow-manual av-loop-once av-loop-manual-endless av-default-height-applied   avia-slideshow-1' data-slideshow-options=\"{&quot;animation&quot;:&quot;slide&quot;,&quot;autoplay&quot;:false,&quot;loop_autoplay&quot;:&quot;once&quot;,&quot;interval&quot;:5,&quot;loop_manual&quot;:&quot;manual-endless&quot;,&quot;autoplay_stopper&quot;:false,&quot;noNavigation&quot;:false,&quot;bg_slider&quot;:true,&quot;keep_padding&quot;:false,&quot;hoverpause&quot;:false,&quot;show_slide_delay&quot;:0,&quot;slide_height&quot;:&quot;100&quot;,&quot;image_attachment&quot;:&quot;&quot;}\"  itemprop=\"image\" itemscope=\"itemscope\" itemtype=\"https:\/\/schema.org\/ImageObject\" ><ul class='avia-slideshow-inner' style='padding-bottom: 56.390977443609%;'><li style='background-position:center center;' data-img-url='https:\/\/champagner.com\/wp-content\/uploads\/2018\/05\/thienot-champagner-cuvee-alain-thienot.jpg' class='avia-slideshow-slide av-kjripr6g-74ffc6525b251b8b733cc3ef032d902d__0  av-single-slide slide-1 slide-odd'><div data-rel='slideshow-1' class='avia-slide-wrap'  title='Thi\u00e9not Champagne Cuvee Alain Thi\u00e9not' ><\/div><\/li><\/ul><\/div><\/div>\n<div id='av_section_1'  class='avia-section av-9qys-7fbec837cc9414b56951d589a49fa01e main_color avia-section-default avia-no-border-styling  avia-builder-el-1  el_after_av_fullscreen  avia-builder-el-last  avia-bg-style-scroll container_wrap fullsize'  ><div class='container av-section-cont-open' ><div class='template-page content  av-content-full alpha units'><div class='post-entry post-entry-type-page post-entry-6528'><div class='entry-content-wrapper clearfix'>\n\n<style type=\"text\/css\" data-created_by=\"avia_inline_auto\" id=\"style-css-av-9tz4-26c14c70028d90a54aefce07862c0d7e\">\n.flex_column.av-9tz4-26c14c70028d90a54aefce07862c0d7e{\nborder-radius:0px 0px 0px 0px;\npadding:0px 0px 0px 0px;\n}\n<\/style>\n<div  class='flex_column av-9tz4-26c14c70028d90a54aefce07862c0d7e av_one_fifth  avia-builder-el-2  el_before_av_three_fifth  avia-builder-el-first  first flex_column_div av-zero-column-padding'     ><\/div>\n<style type=\"text\/css\" data-created_by=\"avia_inline_auto\" id=\"style-css-av-5y3a-c3ba98e644c5ae5c87ca984f1618400f\">\n.flex_column.av-5y3a-c3ba98e644c5ae5c87ca984f1618400f{\nborder-radius:0px 0px 0px 0px;\npadding:0px 0px 0px 0px;\n}\n<\/style>\n<div  class='flex_column av-5y3a-c3ba98e644c5ae5c87ca984f1618400f av_three_fifth  avia-builder-el-3  el_after_av_one_fifth  el_before_av_one_fifth  flex_column_div av-zero-column-padding'     ><p>\n<style type=\"text\/css\" data-created_by=\"avia_inline_auto\" id=\"style-css-av-kjrjnv83-2a35af8d1787f56e3a1ccc09942a3cd9\">\n#top .av-special-heading.av-kjrjnv83-2a35af8d1787f56e3a1ccc09942a3cd9{\npadding-bottom:30px;\nfont-size:50px;\n}\nbody .av-special-heading.av-kjrjnv83-2a35af8d1787f56e3a1ccc09942a3cd9 .av-special-heading-tag .heading-char{\nfont-size:25px;\n}\n#top #wrap_all .av-special-heading.av-kjrjnv83-2a35af8d1787f56e3a1ccc09942a3cd9 .av-special-heading-tag{\nfont-size:50px;\n}\n.av-special-heading.av-kjrjnv83-2a35af8d1787f56e3a1ccc09942a3cd9 .av-subheading{\nfont-size:15px;\n}\n\n@media only screen and (min-width: 480px) and (max-width: 767px){ \n#top #wrap_all .av-special-heading.av-kjrjnv83-2a35af8d1787f56e3a1ccc09942a3cd9 .av-special-heading-tag{\nfont-size:0.8em;\n}\n}\n\n@media only screen and (max-width: 479px){ \n#top #wrap_all .av-special-heading.av-kjrjnv83-2a35af8d1787f56e3a1ccc09942a3cd9 .av-special-heading-tag{\nfont-size:0.8em;\n}\n}\n<\/style>\n<div  class='av-special-heading av-kjrjnv83-2a35af8d1787f56e3a1ccc09942a3cd9 av-special-heading-h1 blockquote modern-quote  avia-builder-el-4  el_before_av_textblock  avia-builder-el-first  av-inherit-size'><h1 class='av-special-heading-tag'  itemprop=\"headline\"  >Etichette di champagne<\/h1><div class=\"special-heading-border\"><div class=\"special-heading-inner-border\"><\/div><\/div><\/div><br \/>\n\n<style type=\"text\/css\" data-created_by=\"avia_inline_auto\" id=\"style-css-av-kj4bin1p-07a9ad7eee89eb6f83c5a5be01d6504d\">\n#top .av_textblock_section.av-kj4bin1p-07a9ad7eee89eb6f83c5a5be01d6504d .avia_textblock{\nfont-size:18px;\ntext-align:left;\n}\n<\/style>\n<section  class='av_textblock_section av-kj4bin1p-07a9ad7eee89eb6f83c5a5be01d6504d'   itemscope=\"itemscope\" itemtype=\"https:\/\/schema.org\/CreativeWork\" ><div class='avia_textblock'  itemprop=\"text\" ><h3>Le etichette Champager<\/h3>\n<p>Le etichette del <a href=\"https:\/\/champagner.com\/it\/\">Champagne<\/a> sono equivalenti alle carte d'identit\u00e0,<br \/>\nche contengono informazioni importanti regolate da norme severe. Ad esempio, l'etichetta indica la casa di provenienza dello champagne e il suo sapore.<\/p>\n<p>Le etichette dello champagne sono apparse in forma primitiva gi\u00e0 nel XVIII secolo. Raramente si trattava di pezzi di carta incollati, contenenti scarse informazioni scritte a mano.<\/p>\n<p>Intorno al 1820, fanno la loro comparsa le vere e proprie \u00e9tiquettes, che sono le attuali<br \/>\netichette erano gi\u00e0 simili. Poco dopo, si svilupp\u00f2 un concorso regolare per riflettere la reputazione della casa, la cultura e l'arte sull'etichetta.<\/p>\n<p>Sebbene ancora oggi mostrino spesso queste belle qualit\u00e0, le etichette di champagne si sono trasformate anche in \"bandiere\" custodite delle case, che vengono difese nella lotta contro le imitazioni per proteggere i consumatori.<\/p>\n<h3>Etichetta in dettaglio<\/h3>\n<p>Questo esempio \u00e8 un'etichetta della famosa casa di <a href=\"https:\/\/champagner.com\/it\/g-h-mumm-champagne\/\">Budella<\/a>. Questa etichetta Mumm proviene da una bottiglia del mercato americano.<\/p>\n<p>La denominazione \"Champagne\". Senza di essa, il contenuto non \u00e8 vero champagne!<\/p>\n<p>Il marchio e\/o il nome dell'azienda sono generalmente riportati in una posizione di rilievo. Anche alcuni colori sono difesi da alcune case. Il marchio Veuve Clicquot, ad esempio, \u00e8 facilmente riconoscibile grazie al suo speciale colore arancione sulle etichette dello champagne.<br \/>\nQuesta etichetta Mumm presenta sia il nome G. H. Mumm che il marchio Cordon Rouge nel famoso nastro rosso diagonale. Questo importante nastro rosso fu introdotto per la prima volta nel 1876 sotto forma di eleganti anelli di seta attorno alle bottiglie. Nel 1883, le etichette vennero etichettate con il nastro rosso al posto dei cappi. Il nastro rosso derivava simbolicamente dalla L\u00e9gion d'honneur francese.<\/p>\n<ul>\n<li>La citt\u00e0 e il paese di origine Francia<\/li>\n<li>Il contenuto alcolico (tra 10,5% e 13%)<\/li>\n<li>Il volume della bottiglia<\/li>\n<\/ul>\n<p>Il corrispondente volume di liquido americano (US 1pint, 10 once fluide) era indicato qui. Convertita, questa bottiglia era quindi approssimativamente una tipica bottiglia standard europea.<\/p>\n<p>Il numero di controllo CIVC \u00e8 un'informazione obbligatoria, che inizia con due lettere ed \u00e8 seguita da un numero a pi\u00f9 cifre. Le lettere sono abbreviazioni e significano<\/p>\n<p>**N.M.<br \/>\n(n\u00e9gociant-manipulant)<br \/>\nPreparato da una casa di champagne.<\/p>\n<p>** M.A.<br \/>\n(marchio di fabbrica)<br \/>\nUn marchio secondario. Questo champagne \u00e8 stato<br \/>\ndalla casa di champagne come imbottigliamento speciale o come<br \/>\nimbottigliamento a marchio privato a, per esempio, una<br \/>\nconsegnati a un ristorante o a una compagnia aerea.<\/p>\n<p>** R.M<br \/>\n(r\u00e9coltant-manipulant)<br \/>\nPreparato da un viticoltore di champagne dal suo<br \/>\nVitigni.<\/p>\n<p>** R.C.<br \/>\n(r\u00e9coltant-coop\u00e9rateur)<br \/>\nPreparato da un viticoltore di champagne dal suo<br \/>\nviti e le scorte di una cooperativa di viticoltori.<\/p>\n<p>** C.M.<br \/>\n(cooperativa di manipolazione)<br \/>\nUna cooperativa di viticoltori \u00e8 stata responsabile per la<br \/>\nresponsabile dell'imbottigliamento.<\/p>\n<p>Anche l'etichettatura del sapore \u00e8 molto importante:<br \/>\nExtra Brut, Brut, Extra Dry, Sec, Demi-Sec<br \/>\n(vedere Dosaggio)<\/p>\n<p>L'etichetta del collo (o della spalla) di una bottiglia di champagne \u00e8 nota come cravat o collerette. A volte riporta il nome della casa, lo stemma o il logo della casa, l'annata dello champagne, l'anno di fondazione della casa o forse una nota come fornitore ufficiale di una particolare casa reale. Alcune maison rinunciano anche all'etichetta sul collo.<\/p>\n<p>Anche le etichette dello champagne contengono spesso informazioni aggiuntive.<\/p>\n<h3>Etichette di champagne Mill\u00e9sime<\/h3>\n<p>Gli champagne prodotti con uve provenienti da una sola annata sono conosciuti come <a href=\"https:\/\/champagner.com\/it\/sedi\/\">Champagne<\/a> millesimale.<br \/>\nL'annata, come <a href=\"https:\/\/champagner.com\/it\/annali\/\">1990<\/a> \u00e8 generalmente indicato in una posizione di rilievo su questa etichetta di uno champagne di Jacquesson. L'annata \u00e8 riportata anche sul tappo (vedi anche tappo).<\/p>\n<p>** Blanc de Blancs<br \/>\n100% ottenuto da uve Chardonnay.<br \/>\n(Vedi anche Blanc de Blancs).<\/p>\n<p>** Blanc de Noirs<br \/>\nA 100% da uve Pinot Nero e\/o Pinot Meunier.<br \/>\n(Vedi anche Blanc de Noirs).<\/p>\n<p>** Riferimento a un Cru<br \/>\nUn Grand Cru o Premier Cru si riferisce ai vini pi\u00f9 pregiati.<br \/>\ndella regione dello Champagne. Ci sono 17 Grand Crus (ad esempio Ambonnay, Avize, A\u00ff, Bouzy, Cramant, Le Mesnil-sur-Oger, Tours-sur-Marne) e 41 Premier Crus (ad esempio Chouilly, <a href=\"https:\/\/champagner.com\/it\/glossario-2\/hautvillers\/\">Hautvillers<\/a>Mareuil-sur-A\u00ff; vedi anche Cru).<\/p>\n<h4>Etichette artistiche per champagne<\/h4>\n<p>La maison Perrier-Jou\u00ebt utilizza un'etichetta trasparente dalla forma armoniosa in combinazione con i famosi fiori che incorniciano la bottiglia (Fleur de Champagne).<\/p>\n<p>Di tanto in tanto, alcune case di champagne commemorano eventi storici con etichette molto belle. Questo esempio \u00e8 un'etichetta della rinomata casa di champagne Lecerc Briant.<\/p>\n<p>In questo esempio, la famosa casa di champagne Deutz commemora il leggendario Orient Express con una fantastica etichetta. Non c'\u00e8 da stupirsi che ci siano cos\u00ec tanti collezionisti di etichette<\/p>\n<p>Anche le etichette artistiche per champagne di Bruno Paillard sono un'esperienza.<\/p>\n<\/div><\/section><\/p><\/div>\n<style type=\"text\/css\" data-created_by=\"avia_inline_auto\" id=\"style-css-av-7vz4-e2ecb25e9168201a3fd1fa7a9982a872\">\n.flex_column.av-7vz4-e2ecb25e9168201a3fd1fa7a9982a872{\nborder-radius:0px 0px 0px 0px;\npadding:0px 0px 0px 0px;\n}\n<\/style>\n<div  class='flex_column av-7vz4-e2ecb25e9168201a3fd1fa7a9982a872 av_one_fifth  avia-builder-el-6  el_after_av_three_fifth  avia-builder-el-last  flex_column_div av-zero-column-padding'     ><\/div>","protected":false},"excerpt":{"rendered":"","protected":false},"author":1,"featured_media":4333,"parent":0,"menu_order":0,"comment_status":"closed","ping_status":"closed","template":"","meta":{"footnotes":""},"class_list":["post-6528","page","type-page","status-publish","has-post-thumbnail","hentry"],"_links":{"self":[{"href":"https:\/\/champagner.com\/it\/wp-json\/wp\/v2\/pages\/6528","targetHints":{"allow":["GET"]}}],"collection":[{"href":"https:\/\/champagner.com\/it\/wp-json\/wp\/v2\/pages"}],"about":[{"href":"https:\/\/champagner.com\/it\/wp-json\/wp\/v2\/types\/page"}],"author":[{"embeddable":true,"href":"https:\/\/champagner.com\/it\/wp-json\/wp\/v2\/users\/1"}],"replies":[{"embeddable":true,"href":"https:\/\/champagner.com\/it\/wp-json\/wp\/v2\/comments?post=6528"}],"version-history":[{"count":0,"href":"https:\/\/champagner.com\/it\/wp-json\/wp\/v2\/pages\/6528\/revisions"}],"wp:featuredmedia":[{"embeddable":true,"href":"https:\/\/champagner.com\/it\/wp-json\/wp\/v2\/media\/4333"}],"wp:attachment":[{"href":"https:\/\/champagner.com\/it\/wp-json\/wp\/v2\/media?parent=6528"}],"curies":[{"name":"wp","href":"https:\/\/api.w.org\/{rel}","templated":true}]}}