{"id":6514,"date":"2022-05-05T13:28:39","date_gmt":"2022-05-05T13:28:39","guid":{"rendered":"https:\/\/champagner.com\/?page_id=6514"},"modified":"2024-11-04T12:47:51","modified_gmt":"2024-11-04T12:47:51","slug":"champagnekunst","status":"publish","type":"page","link":"https:\/\/champagner.com\/nl\/champagnekunst\/","title":{"rendered":"Champagnekunst"},"content":{"rendered":"<div   class='avia-fullscreen-slider main_color   avia-builder-el-0  el_before_av_section  avia-builder-el-first  container_wrap fullsize'  ><div  class='avia-slideshow av-kjripr6g-74ffc6525b251b8b733cc3ef032d902d avia-slideshow-extra_large av_fullscreen avia-slide-slider av-slideshow-ui av-control-default av-slideshow-manual av-loop-once av-loop-manual-endless av-default-height-applied   avia-slideshow-1' data-slideshow-options=\"{&quot;animation&quot;:&quot;slide&quot;,&quot;autoplay&quot;:false,&quot;loop_autoplay&quot;:&quot;once&quot;,&quot;interval&quot;:5,&quot;loop_manual&quot;:&quot;manual-endless&quot;,&quot;autoplay_stopper&quot;:false,&quot;noNavigation&quot;:false,&quot;bg_slider&quot;:true,&quot;keep_padding&quot;:false,&quot;hoverpause&quot;:false,&quot;show_slide_delay&quot;:0,&quot;slide_height&quot;:&quot;100&quot;,&quot;image_attachment&quot;:&quot;&quot;}\"  itemprop=\"image\" itemscope=\"itemscope\" itemtype=\"https:\/\/schema.org\/ImageObject\" ><ul class='avia-slideshow-inner' style='padding-bottom: 53.2%;'><li style='background-position:center center;' data-img-url='https:\/\/champagner.com\/wp-content\/uploads\/2018\/05\/Champagne-Charles-de-Cazanove-1500x798.jpg' class='avia-slideshow-slide av-kjripr6g-74ffc6525b251b8b733cc3ef032d902d__0  av-single-slide slide-1 slide-odd'><div data-rel='slideshow-1' class='avia-slide-wrap'  title='Charles de Cazanove Champagne ' ><\/div><\/li><\/ul><\/div><\/div>\n<div id='av_section_1'  class='avia-section av-9qys-7fbec837cc9414b56951d589a49fa01e main_color avia-section-default avia-no-border-styling  avia-builder-el-1  el_after_av_fullscreen  avia-builder-el-last  avia-bg-style-scroll container_wrap fullsize'  ><div class='container av-section-cont-open' ><div class='template-page content  av-content-full alpha units'><div class='post-entry post-entry-type-page post-entry-6514'><div class='entry-content-wrapper clearfix'>\n\n<style type=\"text\/css\" data-created_by=\"avia_inline_auto\" id=\"style-css-av-9tz4-26c14c70028d90a54aefce07862c0d7e\">\n.flex_column.av-9tz4-26c14c70028d90a54aefce07862c0d7e{\nborder-radius:0px 0px 0px 0px;\npadding:0px 0px 0px 0px;\n}\n<\/style>\n<div  class='flex_column av-9tz4-26c14c70028d90a54aefce07862c0d7e av_one_fifth  avia-builder-el-2  el_before_av_three_fifth  avia-builder-el-first  first flex_column_div av-zero-column-padding'     ><\/div>\n<style type=\"text\/css\" data-created_by=\"avia_inline_auto\" id=\"style-css-av-5y3a-c3ba98e644c5ae5c87ca984f1618400f\">\n.flex_column.av-5y3a-c3ba98e644c5ae5c87ca984f1618400f{\nborder-radius:0px 0px 0px 0px;\npadding:0px 0px 0px 0px;\n}\n<\/style>\n<div  class='flex_column av-5y3a-c3ba98e644c5ae5c87ca984f1618400f av_three_fifth  avia-builder-el-3  el_after_av_one_fifth  el_before_av_one_fifth  flex_column_div av-zero-column-padding'     ><p>\n<style type=\"text\/css\" data-created_by=\"avia_inline_auto\" id=\"style-css-av-kjrjnv83-db0150b69486a15817a0557cc8e62443\">\n#top .av-special-heading.av-kjrjnv83-db0150b69486a15817a0557cc8e62443{\npadding-bottom:30px;\nfont-size:50px;\n}\nbody .av-special-heading.av-kjrjnv83-db0150b69486a15817a0557cc8e62443 .av-special-heading-tag .heading-char{\nfont-size:25px;\n}\n#top #wrap_all .av-special-heading.av-kjrjnv83-db0150b69486a15817a0557cc8e62443 .av-special-heading-tag{\nfont-size:50px;\n}\n.av-special-heading.av-kjrjnv83-db0150b69486a15817a0557cc8e62443 .av-subheading{\nfont-size:15px;\n}\n\n@media only screen and (min-width: 480px) and (max-width: 767px){ \n#top #wrap_all .av-special-heading.av-kjrjnv83-db0150b69486a15817a0557cc8e62443 .av-special-heading-tag{\nfont-size:0.8em;\n}\n}\n\n@media only screen and (max-width: 479px){ \n#top #wrap_all .av-special-heading.av-kjrjnv83-db0150b69486a15817a0557cc8e62443 .av-special-heading-tag{\nfont-size:0.8em;\n}\n}\n<\/style>\n<div  class='av-special-heading av-kjrjnv83-db0150b69486a15817a0557cc8e62443 av-special-heading-h1 blockquote modern-quote  avia-builder-el-4  el_before_av_textblock  avia-builder-el-first  av-inherit-size'><h1 class='av-special-heading-tag'  itemprop=\"headline\"  >Champagnekunst<\/h1><div class=\"special-heading-border\"><div class=\"special-heading-inner-border\"><\/div><\/div><\/div><br \/>\n\n<style type=\"text\/css\" data-created_by=\"avia_inline_auto\" id=\"style-css-av-kj4bin1p-19cbf03350244018d7d4cfd1501789b0\">\n#top .av_textblock_section.av-kj4bin1p-19cbf03350244018d7d4cfd1501789b0 .avia_textblock{\nfont-size:18px;\n}\n<\/style>\n<section  class='av_textblock_section av-kj4bin1p-19cbf03350244018d7d4cfd1501789b0'   itemscope=\"itemscope\" itemtype=\"https:\/\/schema.org\/CreativeWork\" ><div class='avia_textblock'  itemprop=\"text\" ><p><strong><a href=\"https:\/\/champagner.com\/nl\/\">Champagne<\/a><\/strong> belichaamt meer dan alleen de beste kwaliteit onder de wijnen. Naast het eigenlijke genot cre\u00ebert champagne ook een krachtig aura dat moeilijk in woorden is uit te drukken, maar bijna altijd tastbaar is.<\/p>\n<p>Zo zeg je dat in het Engels:<\/p>\n<blockquote>\n<p><a href=\"https:\/\/champagner.com\/nl\/locaties\/\">Champagne<\/a> zet een sfeer neer, levert een krachtig statement en verbetert de ervaring bijna voorspelbaar in positieve zin! Weet dat je niet alleen de beste wijn drinkt, maar ook een grote geest oproept!<\/p>\n<\/blockquote>\n<p>Al in de Belle Epoque erkenden sommige fabrikanten dat dit krachtige fenomeen, deze geest, het best kon worden vastgelegd door middel van kunst. Alleen de beste kunstenaars en grafisch ontwerpers uit die tijd waren goed genoeg om deze 'geest' te belichamen in verband met <a href=\"https:\/\/champagner.com\/nl\/champagne-etiketten\/\">Champagne etiketten<\/a>posters, menu's en ansichtkaarten.<\/p>\n<p>Het bedrijf Delbeck gaf bijvoorbeeld met succes opdrachten aan bekende kunstenaars uit die tijd, zoals Klimt, Muchas, Cappiello, Erg\u00e9, Gall\u00e9, Andreis, Chatin, Tristan Bernard en Benjamin Rabier.<\/p>\n<p>Zowel het succes als de reikwijdte van de artistieke prestaties van dit tijdperk zijn onge\u00ebvenaard. Champagneposters uit de Belle Epoque zijn nog steeds zeer gewild als decoratieve posters over de hele wereld.<\/p>\n<p>De natuurlijke link tussen champagne en kunst is echter nog steeds ongebroken.<\/p>\n<h3>Champagnekunst<\/h3>\n<p>De champagnekunst van vandaag <a href=\"https:\/\/champagner.com\/nl\/champagnehuizen\/\">Champagnehuizen<\/a> kan grofweg worden verdeeld in drie gebieden:<\/p>\n<ul>\n<li>Nationale kunst, d.w.z. kunst die zich beperkt tot Frankrijk en zijn kunstenaars<\/li>\n<li>Internationale kunst, d.w.z. kunst die kunstenaars over de hele wereld in het licht van champagne zet<\/li>\n<li>Designkunst of nieuwe kunst. Dit verwijst naar een vaak provocerende, soms aanstootgevende vorm van kunst. Dit type champagnekunst omvat dingen die geen enkele verwijzing meer herkennen naar de Belle Epoque periode<\/li>\n<\/ul>\n<p>Een voorbeeld van nationale champagnekunst zijn de flessen van Bruno Pillard, waarvoor de champagne-etiketten zijn ontworpen en gemaakt door Franse kunstenaars.<\/p>\n<p>Tot nu toe zijn er twaalf flessen gemaakt door kunstenaars die werken en wonen in Frankrijk. Het bijzondere aan deze flessen is dat elke kunstenaar een andere vari\u00ebteit of een ander jaar heeft ge\u00eberd.<\/p>\n<p>De zogenaamde Collections-flessen van Taittinger zijn een uitstekend voorbeeld van internationale kunst in relatie tot champagne.<br \/>\nDe Taittinger collectieflessen zijn champagneflessen die sinds 1978 zijn geproduceerd in een goed champagnejaar.<br \/>\nHet bijzondere is dat elk van deze flessen is ontworpen door een andere kunstenaar. Sinds 1983 hebben negen internationaal bekende kunstenaars elk een fles ontworpen in opdracht van Claude Taittinger.<\/p>\n<p>De eerste zes flessen werden ontworpen door VASARELY (Mills\u00e9sime 1978), door ARMAN (Mills\u00e9sime 1981), door MASSON (Mills\u00e9sime 1982), door VIEIRA DA SILVA (Mills\u00e9sime 1983), door LICHTENSTEIN (Mills\u00e9sime 1985) en door HARTUNG (Mills\u00e9sime 1986). Ze zijn alleen met veel geluk op een veiling te vinden.<br \/>\nGelukkig zijn de laatste drie flessen van de kunstenaars Ima\u00cf, Corneille en Matta nog steeds verkrijgbaar in de winkels.<\/p>\n<p>In wat we designchampagnekunst noemen, kwam een goed voorbeeld van Veuve Cliquot.<br \/>\nVoor het zogenaamde Millinnium, de jaarwisseling van 1999 naar <a href=\"https:\/\/champagner.com\/nl\/vintage\/\">2000<\/a>lanceerde Veuve Cliquot een speciale versie van La Grande Dame.<br \/>\nKunstenares Elisabeth Rubin ontwierp hiervoor een etui van acrylglas waarin een fles van 1,5 of 3 liter past. De fles werd in deze koffer bevestigd aan twee leren riemen.<\/p>\n<p><strong>Last but not least, een voorbeeld dat niet gemakkelijk in een van de drie categorie\u00ebn past<\/strong><\/p>\n<p>Uit het huis van Piper-Heidsieck komt een fles die is ontworpen door de Franse modeontwerper Jean-Paul Gaultier.<br \/>\nDit was een fles gekleed in een rood korset. De fles en de kleding eromheen zijn natuurlijk gesigneerd door de maker, en de fles wordt geleverd in een mooie acrylglas verpakking.<\/p>\n<div id=\"attachment_7576\" style=\"width: 350px\" class=\"wp-caption aligncenter\"><img loading=\"lazy\" decoding=\"async\" aria-describedby=\"caption-attachment-7576\" class=\"wp-image-7576 size-full\" title=\"Jean-Paul Gaultier &amp; Piper-Heidsieck Champagne\" src=\"https:\/\/champagner.com\/wp-content\/uploads\/2024\/07\/Jean-Paul-Gaultier-Piper-Heidsieck.webp\" alt=\"Jean-Paul Gaultier &amp; Piper-Heidsieck Champagne\" width=\"340\" height=\"270\" srcset=\"https:\/\/champagner.com\/wp-content\/uploads\/2024\/07\/Jean-Paul-Gaultier-Piper-Heidsieck.webp 340w, https:\/\/champagner.com\/wp-content\/uploads\/2024\/07\/Jean-Paul-Gaultier-Piper-Heidsieck-300x238.webp 300w, https:\/\/champagner.com\/wp-content\/uploads\/2024\/07\/Jean-Paul-Gaultier-Piper-Heidsieck-15x12.webp 15w\" sizes=\"auto, (max-width: 340px) 100vw, 340px\" \/><p id=\"caption-attachment-7576\" class=\"wp-caption-text\">Jean-Paul Gaultier &amp; Piper-Heidsieck Champagne<\/p><\/div>\n<p>Zoals je ziet is het onderwerp champagnekunst erg veelzijdig en kan het niet in een vaste lade worden ondergebracht.<\/p>\n<\/div><\/section><\/p><\/div>\n<style type=\"text\/css\" data-created_by=\"avia_inline_auto\" id=\"style-css-av-7vz4-e2ecb25e9168201a3fd1fa7a9982a872\">\n.flex_column.av-7vz4-e2ecb25e9168201a3fd1fa7a9982a872{\nborder-radius:0px 0px 0px 0px;\npadding:0px 0px 0px 0px;\n}\n<\/style>\n<div  class='flex_column av-7vz4-e2ecb25e9168201a3fd1fa7a9982a872 av_one_fifth  avia-builder-el-6  el_after_av_three_fifth  avia-builder-el-last  flex_column_div av-zero-column-padding'     ><\/div>","protected":false},"excerpt":{"rendered":"","protected":false},"author":1,"featured_media":4712,"parent":0,"menu_order":0,"comment_status":"closed","ping_status":"closed","template":"","meta":{"footnotes":""},"class_list":["post-6514","page","type-page","status-publish","has-post-thumbnail","hentry"],"_links":{"self":[{"href":"https:\/\/champagner.com\/nl\/wp-json\/wp\/v2\/pages\/6514","targetHints":{"allow":["GET"]}}],"collection":[{"href":"https:\/\/champagner.com\/nl\/wp-json\/wp\/v2\/pages"}],"about":[{"href":"https:\/\/champagner.com\/nl\/wp-json\/wp\/v2\/types\/page"}],"author":[{"embeddable":true,"href":"https:\/\/champagner.com\/nl\/wp-json\/wp\/v2\/users\/1"}],"replies":[{"embeddable":true,"href":"https:\/\/champagner.com\/nl\/wp-json\/wp\/v2\/comments?post=6514"}],"version-history":[{"count":0,"href":"https:\/\/champagner.com\/nl\/wp-json\/wp\/v2\/pages\/6514\/revisions"}],"wp:featuredmedia":[{"embeddable":true,"href":"https:\/\/champagner.com\/nl\/wp-json\/wp\/v2\/media\/4712"}],"wp:attachment":[{"href":"https:\/\/champagner.com\/nl\/wp-json\/wp\/v2\/media?parent=6514"}],"curies":[{"name":"wp","href":"https:\/\/api.w.org\/{rel}","templated":true}]}}