{"id":4024,"date":"2018-04-14T14:48:55","date_gmt":"2018-04-14T14:48:55","guid":{"rendered":"http:\/\/neu.champagner.eu\/?page_id=4024"},"modified":"2024-11-04T12:49:43","modified_gmt":"2024-11-04T12:49:43","slug":"cytaty-z-szampana","status":"publish","type":"page","link":"https:\/\/champagner.com\/pl\/cytaty-z-szampana\/","title":{"rendered":"Cytaty z szampana"},"content":{"rendered":"<div id='av_section_1'  class='avia-section av-1vm8bwo-709c60fc6f16c735dfd76d953ff4f866 main_color avia-section-default avia-no-shadow  avia-builder-el-0  avia-builder-el-no-sibling  avia-bg-style-scroll container_wrap fullsize'  ><div class='container av-section-cont-open' ><main  role=\"main\" itemprop=\"mainContentOfPage\"  class='template-page content  av-content-full alpha units'><div class='post-entry post-entry-type-page post-entry-4024'><div class='entry-content-wrapper clearfix'>\n\n<style type=\"text\/css\" data-created_by=\"avia_inline_auto\" id=\"style-css-av-kjm0x5lx-0474c4b615aca0c6c294fa130940e623\">\n#top .av-special-heading.av-kjm0x5lx-0474c4b615aca0c6c294fa130940e623{\npadding-bottom:10px;\n}\nbody .av-special-heading.av-kjm0x5lx-0474c4b615aca0c6c294fa130940e623 .av-special-heading-tag .heading-char{\nfont-size:25px;\n}\n.av-special-heading.av-kjm0x5lx-0474c4b615aca0c6c294fa130940e623 .av-subheading{\nfont-size:15px;\n}\n<\/style>\n<div  class='av-special-heading av-kjm0x5lx-0474c4b615aca0c6c294fa130940e623 av-special-heading-h1 blockquote modern-quote modern-centered  avia-builder-el-1  el_before_av_hr  avia-builder-el-first'><h1 class='av-special-heading-tag'  itemprop=\"headline\"  >Cytaty o szampanie, - najlepsze 47 cytat\u00f3w o szampanie<\/h1><div class=\"special-heading-border\"><div class=\"special-heading-inner-border\"><\/div><\/div><\/div>\n\n<style type=\"text\/css\" data-created_by=\"avia_inline_auto\" id=\"style-css-av-1to74o-5b1b323b02642b480f2b98e85a27ee1b\">\n#top .hr.av-1to74o-5b1b323b02642b480f2b98e85a27ee1b{\nmargin-top:30px;\nmargin-bottom:30px;\n}\n.hr.av-1to74o-5b1b323b02642b480f2b98e85a27ee1b .hr-inner{\nwidth:100%;\nborder-color:#d2ae6f;\n}\n<\/style>\n<div  class='hr av-1to74o-5b1b323b02642b480f2b98e85a27ee1b hr-custom  avia-builder-el-2  el_after_av_heading  el_before_av_one_fifth  hr-center hr-icon-no'><span class='hr-inner inner-border-av-border-thin'><span class=\"hr-inner-style\"><\/span><\/span><\/div>\n\n<style type=\"text\/css\" data-created_by=\"avia_inline_auto\" id=\"style-css-av-1tmc0w8-8e6849036901409b1a0a2a8a275c0f7f\">\n.flex_column.av-1tmc0w8-8e6849036901409b1a0a2a8a275c0f7f{\nborder-radius:0px 0px 0px 0px;\npadding:0px 0px 0px 0px;\n}\n<\/style>\n<div  class='flex_column av-1tmc0w8-8e6849036901409b1a0a2a8a275c0f7f av_one_fifth  avia-builder-el-3  el_after_av_hr  el_before_av_three_fifth  first flex_column_div av-zero-column-padding'     ><\/div>\n<style type=\"text\/css\" data-created_by=\"avia_inline_auto\" id=\"style-css-av-1s2if7s-28ad02af04352e45d43dba7adba1b2c2\">\n.flex_column.av-1s2if7s-28ad02af04352e45d43dba7adba1b2c2{\nborder-radius:0px 0px 0px 0px;\npadding:0px 0px 0px 0px;\n}\n<\/style>\n<div  class='flex_column av-1s2if7s-28ad02af04352e45d43dba7adba1b2c2 av_three_fifth  avia-builder-el-4  el_after_av_one_fifth  el_before_av_one_fifth  flex_column_div av-zero-column-padding'     ><style type=\"text\/css\" data-created_by=\"avia_inline_auto\" id=\"style-css-av-1qqh64o-38b4cc4b3f7f53371d6d87f5e5a693f7\">\n#top .av-rotator-container.av-1qqh64o-38b4cc4b3f7f53371d6d87f5e5a693f7{\ntext-align:center;\n}\n#top #wrap_all .av-rotator-container.av-1qqh64o-38b4cc4b3f7f53371d6d87f5e5a693f7 .av-rotator-container-inner{\nfont-size:50px;\n}\n<\/style>\n<div  class='av-rotator-container av-rotation-container-center av-1qqh64o-38b4cc4b3f7f53371d6d87f5e5a693f7  avia-builder-el-5  avia-builder-el-no-sibling  av-fixed-rotator-width' data-interval='6' data-animation='0' data-fixwidth='1'><h3 class='av-rotator-container-inner'><span class='av-rotator-text av-rotator-multiline-off'>\n<span class='av-rotator-text-single av-642bq0-23840bb627bc40ab097f002d56409677 av-rotator-text-single-1' >Chod\u017a szybko, smakuj\u0119 gwiazdy! Dom Perignon<\/span>\n<span class='av-rotator-text-single av-1nfv6zs-2579cddb637190b57bcc52df719ef036 av-rotator-text-single-2' >Spotkanie z Franklinem Rooseveltem by\u0142o jak otwarcie pierwszej butelki szampana, poznanie go by\u0142o jak wypicie go. Winston Churchill<\/span>\n<span class='av-rotator-text-single av-1kvnsjc-bfb9e8ca38419d94b837ec3e85844f58 av-rotator-text-single-3' >Szampan to jedyna rzecz, kt\u00f3ra sprawia mi przyjemno\u015b\u0107, gdy czuj\u0119 si\u0119 zm\u0119czona. Brigitte Bardot<\/span>\n<span class='av-rotator-text-single av-1iunemg-c169a417eb3cc3fd2bd801584949f5f6 av-rotator-text-single-4' >Dlaczego pij\u0119 szampana na \u015bniadanie? Czy nie wszyscy tak robi\u0105? Noel Coward<\/span>\n<span class='av-rotator-text-single av-1ihkaqw-6ceea048659be1f491c9b87dfe7464bc av-rotator-text-single-5' >W \u017cyciu ka\u017cdej kobiety przychodzi taki moment, kiedy wystarczy kieliszek szampana. Bette Davis<\/span>\n<span class='av-rotator-text-single av-1gjmxqw-c7712ca1592047adddd6c509a5547c17 av-rotator-text-single-6' >Szampan to jeden z eleganckich dodatk\u00f3w do \u017cycia. Charles Dickens<\/span>\n<span class='av-rotator-text-single av-1eryevs-6f2c2c454afb2c2240918936cc4cbf7e av-rotator-text-single-7' >Szampan! W zwyci\u0119stwie na niego zas\u0142ugujesz, w pora\u017cce go potrzebujesz. Napoleon Bonaparte<\/span>\n<span class='av-rotator-text-single av-pdcbdk-438df945fd72362c5105d146561cc285 av-rotator-text-single-8' >Pij\u0119 szampana, kiedy jestem szcz\u0119\u015bliwy i kiedy jestem smutny. Czasami pij\u0119 go, gdy jestem sam, a kiedy mam towarzystwo, nie mog\u0119 go przegapi\u0107. Kiedy nie jestem g\u0142odny, zaostrzam sobie nim apetyt, a kiedy jestem g\u0142odny, delektuj\u0119 si\u0119 nim. Ale poza tym jej nie dotykam, chyba \u017ce chce mi si\u0119 pi\u0107. Lily Bollinger<\/span>\n<span class='av-rotator-text-single av-1b0pstk-68f69bf2e861a2407c193ec58be604e4 av-rotator-text-single-9' >Szampan to jedyne wino, kt\u00f3re po wypiciu czyni kobiet\u0119 pi\u0119kn\u0105. Madame De Pompadour<\/span>\n<span class='av-rotator-text-single av-4jhae0-3b30ccb6c96e3dd9e5d66acaed9764ae av-rotator-text-single-10' >Zbyt wiele czegokolwiek jest z\u0142e, ale zbyt wiele szampana jest w sam raz. Mark Twain<\/span>\n<span class='av-rotator-text-single av-4cbvew-f732f36d26451329f1f827b85ab6560e av-rotator-text-single-11' >Szampan, je\u015bli szukasz prawdy, jest lepszy ni\u017c wykrywacz k\u0142amstw. Graham Greene<\/span>\n<span class='av-rotator-text-single av-169ftig-b89f6c092205efc31662d1965a44a8e7 av-rotator-text-single-12' >W \u017cyciu \u017ca\u0142uj\u0119 tylko tego, \u017ce nie wypi\u0142em wystarczaj\u0105co du\u017co szampana. John Maynard Keynes<\/span>\n<span class='av-rotator-text-single av-154nuag-cdcd02581348af398a1bcfcafbbd0a08 av-rotator-text-single-13' >Pij\u0119 szampana tylko dwa razy, kiedy jestem zakochana i kiedy nie jestem. Coco Chanel<\/span>\n<span class='av-rotator-text-single av-13eqby0-84ebd35dda507963eecb1b9b5aed3cce av-rotator-text-single-14' >Uczucie przyja\u017ani jest jak bycie nadziewanym pieczeni\u0105 wo\u0142ow\u0105, mi\u0142o\u015b\u0107 jest jak o\u017cywienie szampanem. Samuel Johnson<\/span>\n<span class='av-rotator-text-single av-11o0j2w-c12e8fb036a90f7c00083508fa44d683 av-rotator-text-single-15' >Szampan i sok pomara\u0144czowy to \u015bwietny nap\u00f3j. Pomara\u0144cza poprawia szampana. Szampan zdecydowanie poprawia smak pomara\u0144czy. Filip, ksi\u0105\u017c\u0119 Edynburga<\/span>\n<span class='av-rotator-text-single av-zrbr0o-7f8a5cc9ec00cb9a2f8181e2c0d7542d av-rotator-text-single-16' >Panowie, walczymy nie tylko o Francj\u0119, ale tak\u017ce o szampana! Winston Churchill<\/span>\n<span class='av-rotator-text-single av-3ff13c-1cd5772594aec6d98dbd1fce072f9d95 av-rotator-text-single-17' >W idealnym \u015bwiecie ka\u017cdy wypija\u0142by kieliszek szampana ka\u017cdego wieczoru. Willie Gluckstern<\/span>\n<span class='av-rotator-text-single av-bi6ig-bf9452396b9843d5cea4a882f0d652f0 av-rotator-text-single-18' >Wlej szampana i pozw\u00f3l, aby jego mus uni\u00f3s\u0142 si\u0119 jak tysi\u0105ce b\u0142yszcz\u0105cych, u\u015bmiechni\u0119tych oczu. Jared M. Brown<\/span>\n<span class='av-rotator-text-single av-umqy20-4e669a26c88195ae598041a2583240f5 av-rotator-text-single-19' >Nie ma nic pi\u0119kniejszego ni\u017c zach\u00f3d s\u0142o\u0144ca z kieliszkiem szampana. Jared M. Brown<\/span>\n<span class='av-rotator-text-single av-syk0so-6298344df6a47561f434c8734f63907d av-rotator-text-single-20' >Szampan, kr\u00f3l win i wino kr\u00f3l\u00f3w. Ksi\u0105\u017c\u0119 Orlofsky<\/span>\n<span class='av-rotator-text-single av-qvzwpk-09ed23dffd1cdc130e9cc284c83e2007 av-rotator-text-single-21' >Szampan powinien by\u0107 zimny, suchy i miejmy nadziej\u0119 wolny. Christian Pol Roger<\/span>\n<span class='av-rotator-text-single av-q0i2t4-c8e67e3853a9be89667a69aa68f47393 av-rotator-text-single-22' >Przyjemno\u015b\u0107 bez szampana jest czysto sztuczna. Oscar Wilde<\/span>\n<span class='av-rotator-text-single av-njnrx4-10409d339f97e46ba9f1f1320490ca51 av-rotator-text-single-23' >Kiedy \u017cycie przynosi ci k\u0142opoty, napij si\u0119 szampana, a twoje problemy zamieni\u0105 si\u0119 w ba\u0144ki mydlane. Nieznany<\/span>\n<span class='av-rotator-text-single av-mlos54-85dd5d8322c90e12d5e18b891a316a5e av-rotator-text-single-24' >Je\u015bli nie podejmujesz ryzyka, nigdy nie powiniene\u015b pi\u0107 szampana. Stare rosyjskie przys\u0142owie.<\/span>\n<span class='av-rotator-text-single av-kl2brs-ed042841fe26491aabf86f5d78c81b32 av-rotator-text-single-25' >Pij\u0119 szampana tylko przy dw\u00f3ch okazjach: Kiedy jestem zakochana i kiedy nie jestem. Coco Chanel<\/span>\n<span class='av-rotator-text-single av-ik0fug-542b30508ccd098729d34505a16dc2fc av-rotator-text-single-26' >Po zwyci\u0119stwie zas\u0142ugujesz na szampana, po pora\u017cce go potrzebujesz! Napoleon Bonaparte<\/span>\n<span class='av-rotator-text-single av-h8r1ug-5d93b612df221fc602dad96b90dbe779 av-rotator-text-single-27' >Zacznij dzie\u0144 od u\u015bmiechu i zako\u0144cz go szampanem. nieznany<\/span>\n<span class='av-rotator-text-single av-fojy20-eb8e278e4f214034df4553dd1462ffae av-rotator-text-single-28' >Szampan daje poczucie, \u017ce ka\u017cdy dzie\u0144 jest niedziel\u0105! Marlene Dietrich<\/span>\n<span class='av-rotator-text-single av-e9m3jc-e5a444b202324c0b20b5b05c9393b47e av-rotator-text-single-29' >S\u0105 takie chwile w \u017cyciu kobiety, kiedy jedyn\u0105 rzecz\u0105, kt\u00f3ra pomaga, jest szampan! Betty Davis<\/span>\n<span class='av-rotator-text-single av-cyjcqg-80bea1de76fe7db827c075f11ea568d3 av-rotator-text-single-30' >Panie, pozw\u00f3l im zaakceptowa\u0107 rzeczy, kt\u00f3rych nie mog\u0105 zmieni\u0107. I m\u00f3dl si\u0119, aby ich jedynym b\u00f3lem by\u0142 szampan. Kanye West<\/span>\n<span class='av-rotator-text-single av-b81hd4-3e228c7996a9f467e60775e1c3184a68 av-rotator-text-single-31' >Wielkie mi\u0142o\u015bci zaczynaj\u0105 si\u0119 od szampana, a ko\u0144cz\u0105 na herbacie zio\u0142owej. Honore de Balzac<\/span>\n<span class='av-rotator-text-single av-8wm82w-9575a58028db63ca20b249b64d989735 av-rotator-text-single-32' >Pij\u0119 szampana tylko wtedy, gdy jestem szcz\u0119\u015bliwa i smutna! Lily Bollinger<\/span>\n<span class='av-rotator-text-single av-ogcx4-3c75a845fba25edbc4a770f92b2b3448 av-rotator-text-single-33' >W \u017cyciu s\u0105 trzy rzeczy nie do zniesienia: zimna kawa, letni szampan i nadpobudliwa \u017cona. Orson Welles<\/span>\n<span class='av-rotator-text-single av-o1r4zs-e6e1f1e2e5f234fe14394f6a5846538b av-rotator-text-single-34' >Ksi\u0105dz w\u0142a\u015bnie ochrzci\u0142 ci\u0119 jako chrze\u015bcijanina. Teraz ja ochrzcz\u0119 ci\u0119 jako obywatela Francji, drogie dziecko, z kropl\u0105 szampana na ustach. Paul Claudel (1868-1955)<\/span>\n<span class='av-rotator-text-single av-muuuuw-f59d73c916e4b92ee343dc7987344658 av-rotator-text-single-35' >Musuj\u0105cy charakter tego francuskiego wina ujawnia prawdziwy geniusz narodu francuskiego. Wolter (1694-1778)<\/span>\n<span class='av-rotator-text-single av-7m07s-431cd07390a83fff354b2f636d7ecb81 av-rotator-text-single-36' >Jest co\u015b w \u017cyciu na safari, co sprawia, \u017ce zapominasz o wszystkich zmartwieniach i czujesz si\u0119, jakby\u015b wypi\u0142 p\u00f3\u0142 butelki szampana - jest co\u015b, co sprawia, \u017ce przepe\u0142nia ci\u0119 szczera wdzi\u0119czno\u015b\u0107 za \u017cycie. Cytat z Karen Blixen<\/span>\n<span class='av-rotator-text-single av-j7ya2w-46b49aa9b860f59f22cd0e3ac3a54b59 av-rotator-text-single-37' >Poczucie humoru, ma\u0142o snu, cel i nie za ma\u0142o szampana! Prof. August Everding<\/span>\n<span class='av-rotator-text-single av-1r1gmw-233136e97239dfe205325edda81ed6e2 av-rotator-text-single-38' >Je\u015bli masz wyb\u00f3r mi\u0119dzy ostrygami a szampanem, zwykle wybierasz oba. Theodor Fontane<\/span>\n<span class='av-rotator-text-single av-gb3f0o-6313c83bec8e8de6f3330121ca180af5 av-rotator-text-single-39' >Robi\u0119 wino dla siebie. To, czego sam nie mog\u0119 wypi\u0107, sprzedaj\u0119! Victor Lanson<\/span>\n<span class='av-rotator-text-single av-djet7c-b5fb3c0534c84c9f4794d13f1a937f81 av-rotator-text-single-40' >Dla mnie jeste\u015b s\u0142odszy ni\u017c czekoladki, gor\u0119tszy ni\u017c pustynny wiatr, bardziej musuj\u0105cy ni\u017c szampan, bardziej znacz\u0105cy ni\u017c poca\u0142unek, ale tylko poza zasi\u0119giem jak gwiazdy!<\/span>\n<span class='av-rotator-text-single av-cgus2g-b1137a66dec4995e96522e8852934901 av-rotator-text-single-41' >Chc\u0119 szampana i chc\u0119, \u017ceby by\u0142 naprawd\u0119 musuj\u0105cy! Johann Wolfgang von Goethe<\/span>\n<span class='av-rotator-text-single av-aunfyw-f238f17b915885c5515733e5a49c042a av-rotator-text-single-42' >Jak\u017ce s\u0142odkie i zwiewne b\u0105belki wdowy Klicko mieni\u0105 si\u0119 w kieliszku\". Wilhelm Busch o Veuve Clicquot<\/span>\n<span class='av-rotator-text-single av-91l6zc-85c90eb6e9f66ab2094e08cbc0584cc8 av-rotator-text-single-43' >Pochwa\u0142a jest jak szampan. Oba musz\u0105 by\u0107 podawane, gdy jeszcze musuj\u0105.<\/span>\n<span class='av-rotator-text-single av-7ovajs-c70a20b9333ba9d35f7b408d5f608925 av-rotator-text-single-44' >Z Bordeaux rozwa\u017casz, z Burgundi\u0105 dyskutujesz, z Szampanem pope\u0142niasz szale\u0144stwo! Anth\u00e8lme Brillat-Savarin<\/span>\n<span class='av-rotator-text-single av-65bjt4-c915b1b4d01bd8e9017d245fbb31cfa7 av-rotator-text-single-45' >Gdy szampan zostanie rozpylony, nie da si\u0119 go z powrotem wla\u0107 do butelki! Prezydent FIA Max Mosley<\/span>\n<span class='av-rotator-text-single av-evx88-c49ac3d3c5fecfea35e6720b3b1216b6 av-rotator-text-single-46' >Szampan jest prawdopodobnie najszcz\u0119\u015bliwszym \u017ar\u00f3d\u0142em inspiracji. Mark Twain<\/span>\n<span class='av-rotator-text-single av-2kuf6g-f2d8b366ef9259a78bf46c894f2794a0 av-rotator-text-single-47' >Jestem abstynentem tylko je\u015bli chodzi o piwo, nie szampana. George Bernard Shaw<\/span>\n<\/span><\/h3><\/div><\/div>\n<style type=\"text\/css\" data-created_by=\"avia_inline_auto\" id=\"style-css-av-5y0znc-ecf90eeb43b293101c735ef6745c0649\">\n.flex_column.av-5y0znc-ecf90eeb43b293101c735ef6745c0649{\nborder-radius:0px 0px 0px 0px;\npadding:0px 0px 0px 0px;\n}\n<\/style>\n<div  class='flex_column av-5y0znc-ecf90eeb43b293101c735ef6745c0649 av_one_fifth  avia-builder-el-6  el_after_av_three_fifth  el_before_av_hr  flex_column_div av-zero-column-padding'     ><\/div>\n<style type=\"text\/css\" data-created_by=\"avia_inline_auto\" id=\"style-css-av-av_hr-740b43d1b484958137b1a60202c344d8\">\n#top .hr.av-av_hr-740b43d1b484958137b1a60202c344d8{\nmargin-top:30px;\nmargin-bottom:30px;\n}\n.hr.av-av_hr-740b43d1b484958137b1a60202c344d8 .hr-inner{\nwidth:100%;\nborder-color:#d2ae6f;\n}\n<\/style>\n<div  class='hr av-av_hr-740b43d1b484958137b1a60202c344d8 hr-custom  avia-builder-el-7  el_after_av_one_fifth  el_before_av_one_fifth  hr-center hr-icon-no'><span class='hr-inner inner-border-av-border-thin'><span class=\"hr-inner-style\"><\/span><\/span><\/div>\n<div class='flex_column_table av-lyy2v1xe-c004cec9e9db6aed44d5ea75cc2675b7 sc-av_one_fifth av-equal-height-column-flextable'>\n<style type=\"text\/css\" data-created_by=\"avia_inline_auto\" id=\"style-css-av-lyy2v1xe-c004cec9e9db6aed44d5ea75cc2675b7\">\n.flex_column.av-lyy2v1xe-c004cec9e9db6aed44d5ea75cc2675b7{\nborder-radius:0px 0px 0px 0px;\npadding:0px 0px 0px 0px;\n}\n<\/style>\n<div  class='flex_column av-lyy2v1xe-c004cec9e9db6aed44d5ea75cc2675b7 av_one_fifth  avia-builder-el-8  el_after_av_hr  el_before_av_three_fifth  first flex_column_table_cell av-equal-height-column av-align-top av-zero-column-padding'     ><\/div><div class='av-flex-placeholder'><\/div>\n<style type=\"text\/css\" data-created_by=\"avia_inline_auto\" id=\"style-css-av-av_three_fifth-96471c6a872bb75c0ce03c20d00030c6\">\n.flex_column.av-av_three_fifth-96471c6a872bb75c0ce03c20d00030c6{\nborder-radius:0px 0px 0px 0px;\npadding:0px 0px 0px 0px;\n}\n<\/style>\n<div  class='flex_column av-av_three_fifth-96471c6a872bb75c0ce03c20d00030c6 av_three_fifth  avia-builder-el-9  el_after_av_one_fifth  el_before_av_one_fifth  flex_column_table_cell av-equal-height-column av-align-top av-zero-column-padding'     ><p>\n<style type=\"text\/css\" data-created_by=\"avia_inline_auto\" id=\"style-css-av-lyy2hryi-7159e62e98d5b9d8a69d23d2b88b4979\">\n#top .av-special-heading.av-lyy2hryi-7159e62e98d5b9d8a69d23d2b88b4979{\npadding-bottom:10px;\n}\nbody .av-special-heading.av-lyy2hryi-7159e62e98d5b9d8a69d23d2b88b4979 .av-special-heading-tag .heading-char{\nfont-size:25px;\n}\n.av-special-heading.av-lyy2hryi-7159e62e98d5b9d8a69d23d2b88b4979 .av-subheading{\nfont-size:15px;\n}\n<\/style>\n<div  class='av-special-heading av-lyy2hryi-7159e62e98d5b9d8a69d23d2b88b4979 av-special-heading-h3 blockquote modern-quote modern-centered  avia-builder-el-10  el_before_av_textblock  avia-builder-el-first'><h3 class='av-special-heading-tag'  itemprop=\"headline\"  >O cytatach z szampana<\/h3><div class=\"special-heading-border\"><div class=\"special-heading-inner-border\"><\/div><\/div><\/div><br \/>\n<section  class='av_textblock_section av-lyy2fx2v-7d2b4321f5d3f4f33fa1e4ae85aa3322'   itemscope=\"itemscope\" itemtype=\"https:\/\/schema.org\/CreativeWork\" ><div class='avia_textblock'  itemprop=\"text\" ><p><a href=\"https:\/\/champagner.com\/pl\/\">Szampan<\/a>Szampan, cz\u0119sto nazywany \"kr\u00f3lem win\", przez wieki by\u0142 inspiracj\u0105 dla wielu s\u0142ynnych cytat\u00f3w. Cytaty o szampanie odzwierciedlaj\u0105 elegancj\u0119, powag\u0119 i rado\u015b\u0107 zwi\u0105zane z delektowaniem si\u0119 tym szlachetnym trunkiem.<\/p>\n<p>S\u0142ynny cytat o szampanie pochodzi od Coco Chanel, kt\u00f3ra powiedzia\u0142a: \"Pij\u0119 szampana tylko przy dw\u00f3ch okazjach: kiedy jestem zakochana i kiedy nie jestem\". To stwierdzenie podkre\u015bla uniwersalny urok i wszechstronno\u015b\u0107 szampana, kt\u00f3ry mo\u017cna pi\u0107 zar\u00f3wno w radosnych, jak i melancholijnych chwilach.<\/p>\n<p>Winston Churchill by\u0142 r\u00f3wnie\u017c wielkim mi\u0142o\u015bnikiem szampana, a tak\u017ce cytat\u00f3w z szampana i cz\u0119sto komentowa\u0142 swoje zami\u0142owanie do tej szlachetnej kropli. Jeden z jego najs\u0142ynniejszych cytat\u00f3w o szampanie brzmi: \"Szampan powinien by\u0107 sch\u0142odzony, <a href=\"https:\/\/champagner.com\/pl\/slownik-2\/sek\/\">suchy<\/a> i b\u0105d\u017a wolny\". Churchill by\u0142 znany z tego, \u017ce by\u0142 wymagaj\u0105cy <a href=\"https:\/\/champagner.com\/pl\/slownik-2\/ugryzienie\/\">Smak<\/a> i jego zami\u0142owanie do luksusu, a ten cytat doskonale oddaje jego postaw\u0119.<\/p>\n<p>Oscar Wilde, s\u0142ynny pisarz i dandys, zauwa\u017cy\u0142 kiedy\u015b cytuj\u0105c szampana: \"Tylko bardzo trywialni ludzie s\u0105 naprawd\u0119 powa\u017cni i tylko bardzo powa\u017cni ludzie kiedykolwiek stworzyli co\u015b trywialnego\". Chocia\u017c cytat ten nie jest bezpo\u015brednio skierowany do szampana, wiele innych komentarzy Wilde'a na temat \u017cycia i sztuki odzwierciedla jego uznanie dla lepszych rzeczy w \u017cyciu, do kt\u00f3rych z pewno\u015bci\u0105 nale\u017cy szampan.<\/p>\n<p>Madame de Pompadour, kochanka kr\u00f3la Ludwika XV, powiedzia\u0142a kiedy\u015b: \"Szampan jest jedynym napojem, kt\u00f3ry czyni kobiet\u0119 pi\u0119kniejsz\u0105, im wi\u0119cej go pije\". Ten cytat z szampana podkre\u015bla efektowny i uwodzicielski aspekt szampana oraz spos\u00f3b, w jaki mo\u017ce on podkre\u015bli\u0107 elegancj\u0119 i pi\u0119kno swoich konsument\u00f3w.<\/p>\n<h4>Podsumowanie cytat\u00f3w o szampanie<\/h4>\n<p>Wszystkie te cytaty z szampana pokazuj\u0105, jak trwa\u0142\u0105 fascynacj\u0119 i szczeg\u00f3lne miejsce zajmuje szampan w kulturze ca\u0142ego \u015bwiata. <a href=\"https:\/\/champagner.com\/pl\/slownik-2\/pochodzenie-szampana\/\">Historia<\/a> zajmuje. Niezale\u017cnie od tego, czy chodzi o uroczyste okazje, romantyczne chwile, czy po prostu jako <a href=\"https:\/\/champagner.com\/pl\/szampan-przepisy-gotowania\/\">Odpust<\/a> w \u017cyciu codziennym - szampan zawsze ma sw\u00f3j szczeg\u00f3lny urok i inspiruje ludzi na ca\u0142ym \u015bwiecie. Mi\u0142ego czytania cytat\u00f3w o szampanie.<\/p>\n<\/div><\/section><\/p><\/div><div class='av-flex-placeholder'><\/div>\n<style type=\"text\/css\" data-created_by=\"avia_inline_auto\" id=\"style-css-av-av_one_fifth-96471c6a872bb75c0ce03c20d00030c6\">\n.flex_column.av-av_one_fifth-96471c6a872bb75c0ce03c20d00030c6{\nborder-radius:0px 0px 0px 0px;\npadding:0px 0px 0px 0px;\n}\n<\/style>\n<div  class='flex_column av-av_one_fifth-96471c6a872bb75c0ce03c20d00030c6 av_one_fifth  avia-builder-el-12  el_after_av_three_fifth  avia-builder-el-last  flex_column_table_cell av-equal-height-column av-align-top av-zero-column-padding'     ><\/div><\/div><!--close column table wrapper. Autoclose: 1 -->","protected":false},"excerpt":{"rendered":"","protected":false},"author":1,"featured_media":4618,"parent":0,"menu_order":0,"comment_status":"closed","ping_status":"closed","template":"","meta":{"footnotes":""},"class_list":["post-4024","page","type-page","status-publish","has-post-thumbnail","hentry"],"_links":{"self":[{"href":"https:\/\/champagner.com\/pl\/wp-json\/wp\/v2\/pages\/4024","targetHints":{"allow":["GET"]}}],"collection":[{"href":"https:\/\/champagner.com\/pl\/wp-json\/wp\/v2\/pages"}],"about":[{"href":"https:\/\/champagner.com\/pl\/wp-json\/wp\/v2\/types\/page"}],"author":[{"embeddable":true,"href":"https:\/\/champagner.com\/pl\/wp-json\/wp\/v2\/users\/1"}],"replies":[{"embeddable":true,"href":"https:\/\/champagner.com\/pl\/wp-json\/wp\/v2\/comments?post=4024"}],"version-history":[{"count":0,"href":"https:\/\/champagner.com\/pl\/wp-json\/wp\/v2\/pages\/4024\/revisions"}],"wp:featuredmedia":[{"embeddable":true,"href":"https:\/\/champagner.com\/pl\/wp-json\/wp\/v2\/media\/4618"}],"wp:attachment":[{"href":"https:\/\/champagner.com\/pl\/wp-json\/wp\/v2\/media?parent=4024"}],"curies":[{"name":"wp","href":"https:\/\/api.w.org\/{rel}","templated":true}]}}