{"id":5098,"date":"2021-01-06T21:15:49","date_gmt":"2021-01-06T21:15:49","guid":{"rendered":"https:\/\/champagner.eu\/?page_id=5098"},"modified":"2024-07-21T03:16:35","modified_gmt":"2024-07-21T03:16:35","slug":"winogrono-i-winorosl","status":"publish","type":"page","link":"https:\/\/champagner.com\/pl\/winogrono-i-winorosl\/","title":{"rendered":"Winogrona i odmiany winoro\u015bli"},"content":{"rendered":"<div   class='avia-fullscreen-slider main_color   avia-builder-el-0  el_before_av_section  avia-builder-el-first  container_wrap fullsize'  ><div  class='avia-slideshow av-kjlutkb8-cb10e7f7988a7c552d25cc6be2a3641c avia-slideshow-extra_large av_fullscreen avia-slide-slider av-slideshow-ui av-control-default av-slideshow-manual av-loop-once av-loop-manual-endless av-default-height-applied   avia-slideshow-1' data-slideshow-options=\"{&quot;animation&quot;:&quot;slide&quot;,&quot;autoplay&quot;:false,&quot;loop_autoplay&quot;:&quot;once&quot;,&quot;interval&quot;:5,&quot;loop_manual&quot;:&quot;manual-endless&quot;,&quot;autoplay_stopper&quot;:false,&quot;noNavigation&quot;:false,&quot;bg_slider&quot;:true,&quot;keep_padding&quot;:false,&quot;hoverpause&quot;:false,&quot;show_slide_delay&quot;:0,&quot;slide_height&quot;:&quot;100&quot;,&quot;image_attachment&quot;:&quot;&quot;}\"  itemprop=\"image\" itemscope=\"itemscope\" itemtype=\"https:\/\/schema.org\/ImageObject\" ><ul class='avia-slideshow-inner' style='padding-bottom: 66.666666666667%;'><li style='background-position:center center;' data-img-url='https:\/\/champagner.com\/wp-content\/uploads\/2018\/04\/alfred-gratien-1500x1000.jpg' class='avia-slideshow-slide av-kjlutkb8-cb10e7f7988a7c552d25cc6be2a3641c__0  av-single-slide slide-1 slide-odd'><div data-rel='slideshow-1' class='avia-slide-wrap'   ><\/div><\/li><\/ul><\/div><\/div>\n<div id='av_section_1'  class='avia-section av-9qys-7fbec837cc9414b56951d589a49fa01e main_color avia-section-default avia-no-border-styling  avia-builder-el-1  el_after_av_fullscreen  avia-builder-el-last  avia-bg-style-scroll container_wrap fullsize'  ><div class='container av-section-cont-open' ><div class='template-page content  av-content-full alpha units'><div class='post-entry post-entry-type-page post-entry-5098'><div class='entry-content-wrapper clearfix'>\n\n<style type=\"text\/css\" data-created_by=\"avia_inline_auto\" id=\"style-css-av-9tz4-26c14c70028d90a54aefce07862c0d7e\">\n.flex_column.av-9tz4-26c14c70028d90a54aefce07862c0d7e{\nborder-radius:0px 0px 0px 0px;\npadding:0px 0px 0px 0px;\n}\n<\/style>\n<div  class='flex_column av-9tz4-26c14c70028d90a54aefce07862c0d7e av_one_fifth  avia-builder-el-2  el_before_av_three_fifth  avia-builder-el-first  first flex_column_div av-zero-column-padding'     ><\/div>\n<style type=\"text\/css\" data-created_by=\"avia_inline_auto\" id=\"style-css-av-5y3a-c3ba98e644c5ae5c87ca984f1618400f\">\n.flex_column.av-5y3a-c3ba98e644c5ae5c87ca984f1618400f{\nborder-radius:0px 0px 0px 0px;\npadding:0px 0px 0px 0px;\n}\n<\/style>\n<div  class='flex_column av-5y3a-c3ba98e644c5ae5c87ca984f1618400f av_three_fifth  avia-builder-el-3  el_after_av_one_fifth  el_before_av_one_fifth  flex_column_div av-zero-column-padding'     ><p>\n<style type=\"text\/css\" data-created_by=\"avia_inline_auto\" id=\"style-css-av-kkcmtxmf-6e34f11d042a9832a70a4d6c129266bb\">\n#top .av-special-heading.av-kkcmtxmf-6e34f11d042a9832a70a4d6c129266bb{\npadding-bottom:30px;\nfont-size:50px;\n}\nbody .av-special-heading.av-kkcmtxmf-6e34f11d042a9832a70a4d6c129266bb .av-special-heading-tag .heading-char{\nfont-size:25px;\n}\n#top #wrap_all .av-special-heading.av-kkcmtxmf-6e34f11d042a9832a70a4d6c129266bb .av-special-heading-tag{\nfont-size:50px;\n}\n.av-special-heading.av-kkcmtxmf-6e34f11d042a9832a70a4d6c129266bb .av-subheading{\nfont-size:15px;\n}\n\n@media only screen and (min-width: 480px) and (max-width: 767px){ \n#top #wrap_all .av-special-heading.av-kkcmtxmf-6e34f11d042a9832a70a4d6c129266bb .av-special-heading-tag{\nfont-size:0.8em;\n}\n}\n\n@media only screen and (max-width: 479px){ \n#top #wrap_all .av-special-heading.av-kkcmtxmf-6e34f11d042a9832a70a4d6c129266bb .av-special-heading-tag{\nfont-size:0.8em;\n}\n}\n<\/style>\n<div  class='av-special-heading av-kkcmtxmf-6e34f11d042a9832a70a4d6c129266bb av-special-heading-h2 blockquote modern-quote modern-centered  avia-builder-el-4  el_before_av_textblock  avia-builder-el-first  av-inherit-size'><h2 class='av-special-heading-tag'  itemprop=\"headline\"  >Winogrona i odmiany winoro\u015bli w Szampanii<\/h2><div class=\"special-heading-border\"><div class=\"special-heading-inner-border\"><\/div><\/div><\/div><br \/>\n\n<style type=\"text\/css\" data-created_by=\"avia_inline_auto\" id=\"style-css-av-kj4bin1p-574f3f2c4e650edd041a93a3eb080cd4\">\n#top .av_textblock_section.av-kj4bin1p-574f3f2c4e650edd041a93a3eb080cd4 .avia_textblock{\nfont-size:18px;\n}\n<\/style>\n<section  class='av_textblock_section av-kj4bin1p-574f3f2c4e650edd041a93a3eb080cd4'   itemscope=\"itemscope\" itemtype=\"https:\/\/schema.org\/CreativeWork\" ><div class='avia_textblock'  itemprop=\"text\" ><div style=\"text-align: justify;\">\n<p>Tylko 3 winogrona i odmiany winoro\u015bli s\u0105 obecnie u\u017cywane do produkcji wina. <a href=\"https:\/\/champagner.com\/pl\/\">Szampan<\/a> u\u017cywany.<br \/>\n37% obszaru uprawnego sk\u0142ada si\u0119 zatem z Pinot Noir, czerwonego Pinot Noir, kolejne 37% z Pinot Meunier, czerwonego Black Riesling, a 26% obszaru uprawnego sk\u0142ada si\u0119 z winogron Chardonnay, jedynej bia\u0142ej odmiany winogron.<\/p>\n<p>Odmiany winoro\u015bli i winogrona Arbane i Petit Meslier prawie nie istniej\u0105 z powodu filoksery, ale mimo to s\u0105 r\u00f3wnie\u017c dopuszczone do produkcji szampana.<\/p>\n<p>Pinot Noir nadaje szampanowi pe\u0142ni\u0119, Pinot Meunier owocowo\u015b\u0107, a Chardonnay finezj\u0119.<br \/>\nMo\u017cna powiedzie\u0107, \u017ce to mieszanka robi r\u00f3\u017cnic\u0119, ale na przyk\u0142ad na C\u00f4te des Blancs preferowane s\u0105 cuv\u00e9es Chardonnay z jednej odmiany, Blanc de Blancs.<\/p>\n<p>Z drugiej strony szampany Blanc de Noirs s\u0105 bardzo rzadkie. Okre\u015blenie Blanc de Noirs, oznaczaj\u0105ce bia\u0142ego szampana wytwarzanego z ciemnych winogron, zosta\u0142o pierwotnie ukute w latach sze\u015b\u0107dziesi\u0105tych XX wieku. <a href=\"https:\/\/champagner.com\/pl\/lokalizacje\/\">Szampan<\/a> scharakteryzowane. Tylko producenci szampana Bollinger, Bruno Paillard lub Mailly, kt\u00f3rzy w wi\u0119kszo\u015bci pochodz\u0105 z obszar\u00f3w wok\u00f3\u0142 <a href=\"https:\/\/champagner.com\/pl\/slownik-2\/ay\/\">A\u00ff<\/a>, <a href=\"https:\/\/champagner.com\/pl\/slownik-2\/bouzy\/\">Bouzy<\/a>Mailly, <a href=\"https:\/\/champagner.com\/pl\/slownik-2\/hautvillers\/\">Hautvillers<\/a> i Verzenay oferuj\u0105 tego szampana.<\/p>\n<\/div>\n<\/div><\/section><br \/>\n\n<style type=\"text\/css\" data-created_by=\"avia_inline_auto\" id=\"style-css-av-kkb5x501-41e07ec96ff64c989c18dd6960e201b0\">\n#top .av-special-heading.av-kkb5x501-41e07ec96ff64c989c18dd6960e201b0{\npadding-bottom:10px;\n}\nbody .av-special-heading.av-kkb5x501-41e07ec96ff64c989c18dd6960e201b0 .av-special-heading-tag .heading-char{\nfont-size:25px;\n}\n.av-special-heading.av-kkb5x501-41e07ec96ff64c989c18dd6960e201b0 .av-subheading{\nfont-size:15px;\n}\n<\/style>\n<div  class='av-special-heading av-kkb5x501-41e07ec96ff64c989c18dd6960e201b0 av-special-heading-h2 blockquote modern-quote  avia-builder-el-6  el_after_av_textblock  el_before_av_textblock'><h2 class='av-special-heading-tag'  itemprop=\"headline\"  >Odmiany winogron<\/h2><div class=\"special-heading-border\"><div class=\"special-heading-inner-border\"><\/div><\/div><\/div><br \/>\n<section  class='av_textblock_section av-6g6azu-a8571564a45309eb77445a09ab527da1'   itemscope=\"itemscope\" itemtype=\"https:\/\/schema.org\/CreativeWork\" ><div class='avia_textblock'  itemprop=\"text\" ><div style=\"text-align: justify;\">\n<p>Trzy najwa\u017cniejsze odmiany winogron do produkcji szampana:<\/p>\n<ul>\n<li>Pinot Meunier<\/li>\n<li>Pinot Noir<\/li>\n<li>Chardonnay<\/li>\n<\/ul>\n<p>Niebieskie winogrona (Pinot Meunier i Pinot Noir) s\u0105 t\u0142oczone na bia\u0142o. Daj\u0105 one szampanowi si\u0142\u0119 i cia\u0142o, podczas gdy bia\u0142e winogrona (Chardonnay) nadaj\u0105 mu ras\u0119 i \u015bwie\u017co\u015b\u0107 (patrz tak\u017ce degustacja). Winoro\u015bl jest przycinana kilka razy w roku przy u\u017cyciu specjalnych metod przycinania, aby zapewni\u0107, \u017ce winogrona otrzymuj\u0105 jak najwi\u0119cej wigoru i sk\u0142adnik\u00f3w od\u017cywczych, zamiast rosn\u0105\u0107 dziko.<\/p>\n<p>Cena winogron uzyskiwana przez plantator\u00f3w winoro\u015bli zale\u017cy od wy\u017cej wspomnianej klasyfikacji winnicy. W przypadku \"cru\" ocenionego na 80 %, producent winogron otrzymuje 80 % ceny winogron. Kiedy winogrona s\u0105 t\u0142oczone, maksymalna wydajno\u015b\u0107 ~02 litr\u00f3w moszczu (daj\u0105ca 100 litr\u00f3w wina) z ~60 kg winogron jest dozwolona przez prawo. Dodatkowy wyt\u0142oczony moszcz jest wykorzystywany do destylacji alkoholu.<\/p>\n<\/div>\n<\/div><\/section><br \/>\n\n<style type=\"text\/css\" data-created_by=\"avia_inline_auto\" id=\"style-css-av-kkb5xjxv-01a27fd475bc05727693d720d4cd3a9f\">\n#top .av-special-heading.av-kkb5xjxv-01a27fd475bc05727693d720d4cd3a9f{\npadding-bottom:10px;\n}\nbody .av-special-heading.av-kkb5xjxv-01a27fd475bc05727693d720d4cd3a9f .av-special-heading-tag .heading-char{\nfont-size:25px;\n}\n.av-special-heading.av-kkb5xjxv-01a27fd475bc05727693d720d4cd3a9f .av-subheading{\nfont-size:15px;\n}\n<\/style>\n<div  class='av-special-heading av-kkb5xjxv-01a27fd475bc05727693d720d4cd3a9f av-special-heading-h2 blockquote modern-quote  avia-builder-el-8  el_after_av_textblock  el_before_av_textblock'><h2 class='av-special-heading-tag'  itemprop=\"headline\"  >Odmiany winogron<\/h2><div class=\"special-heading-border\"><div class=\"special-heading-inner-border\"><\/div><\/div><\/div><br \/>\n<section  class='av_textblock_section av-1m6ze-b216b290058da166829d314b60042b06'   itemscope=\"itemscope\" itemtype=\"https:\/\/schema.org\/CreativeWork\" ><div class='avia_textblock'  itemprop=\"text\" ><div style=\"text-align: justify;\">\n<p>Szampan produkowany jest z trzech odmian winogron: Chardonnay, Pinot Noir i Pinot Meunier. Ka\u017cda z tych odmian na sw\u00f3j spos\u00f3b przyczynia si\u0119 do unikalnego charakteru szampana.<\/p>\n<p><strong>Chardonnay<\/strong>Ta bia\u0142a odmiana winogron nadaje szampanowi elegancji, \u015bwie\u017co\u015bci i delikatnej mineralno\u015bci. Wnosi aromaty owoc\u00f3w cytrusowych, bia\u0142ych kwiat\u00f3w, a czasem subteln\u0105 kremowo\u015b\u0107. Chardonnay jest cz\u0119sto uprawiany w s\u0142ynnych winnicach Grand Cru na C\u00f4te des Blancs, gdzie kredowe gleby oferuj\u0105 idealne warunki.<\/p>\n<p><strong>Pinot Noir<\/strong>Ta czerwona odmiana winogron zapewnia struktur\u0119, cia\u0142o i g\u0142\u0119bi\u0119 szampana. Wnosi aromaty czerwonych jag\u00f3d, wi\u015bni i czasem pikantne nuty. Pinot Noir ro\u015bnie g\u0142\u00f3wnie w Montagne de Reims i C\u00f4te des Bar i przyczynia si\u0119 do z\u0142o\u017cono\u015bci i solidno\u015bci produktu ko\u0144cowego.<\/p>\n<p><strong>Pinot Meunier<\/strong>R\u00f3wnie\u017c czerwona odmiana winogron, ale mniej znana ni\u017c Pinot Noir, Pinot Meunier oferuje owocowo\u015b\u0107 i dost\u0119pno\u015b\u0107. Przynosi aromaty jab\u0142ek, gruszek i czasami zi\u00f3\u0142. Odmiana ta jest cz\u0119sto uprawiana w Vall\u00e9e de la Marne i zapewnia harmonijny i cz\u0119sto owocowy charakter.<\/p>\n<p>Te trzy winogrona i odmiany winoro\u015bli s\u0105 cz\u0119sto u\u017cywane w r\u00f3\u017cnych kombinacjach i proporcjach, aby okre\u015bli\u0107 r\u00f3\u017cnorodno\u015b\u0107 i z\u0142o\u017cono\u015b\u0107 szampana.<\/p>\n<\/div>\n<\/div><\/section><br \/>\n\n<style type=\"text\/css\" data-created_by=\"avia_inline_auto\" id=\"style-css-av-lys7k417-f104733ade3f2b252bec2fc32efc618e\">\n#top .av-special-heading.av-lys7k417-f104733ade3f2b252bec2fc32efc618e{\npadding-bottom:10px;\n}\nbody .av-special-heading.av-lys7k417-f104733ade3f2b252bec2fc32efc618e .av-special-heading-tag .heading-char{\nfont-size:25px;\n}\n.av-special-heading.av-lys7k417-f104733ade3f2b252bec2fc32efc618e .av-subheading{\nfont-size:15px;\n}\n<\/style>\n<div  class='av-special-heading av-lys7k417-f104733ade3f2b252bec2fc32efc618e av-special-heading-h2 blockquote modern-quote  avia-builder-el-10  el_after_av_textblock  el_before_av_textblock'><h2 class='av-special-heading-tag'  itemprop=\"headline\"  >Region Szampanii<\/h2><div class=\"special-heading-border\"><div class=\"special-heading-inner-border\"><\/div><\/div><\/div><br \/>\n<section  class='av_textblock_section av-58wfzj-ae72ca80b6c5b7bc25f2c49c34a4bda0'   itemscope=\"itemscope\" itemtype=\"https:\/\/schema.org\/CreativeWork\" ><div class='avia_textblock'  itemprop=\"text\" ><div style=\"text-align: justify;\">\n<p>Szampan jest wykwintnym <a href=\"https:\/\/champagner.com\/pl\/slownik-2\/pochodzenie-szampana\/\">Wino musuj\u0105ce<\/a>produkowany wy\u0142\u0105cznie w regionie Szampanii w p\u00f3\u0142nocno-wschodniej Francji. Region ten s\u0142ynie z wyj\u0105tkowego terroir, kt\u00f3re nadaje Szampanii niepowtarzalny charakter. Wina bazowe dla Szampanii s\u0105 zwykle wytwarzane z winogron i odmian winogron Chardonnay, Pinot Noir i Pinot Meunier. Tradycyjny proces produkcji obejmuje metod\u0119 Champenoise, w kt\u00f3rej wino przechodzi drug\u0105 fermentacj\u0119 w butelce, co nadaje mu charakterystyczne b\u0105belki.<\/p>\n<p>Proces produkcji szampana rozpoczyna si\u0119 od zbioru winogron, kt\u00f3ry zwykle odbywa si\u0119 we wrze\u015bniu. Po delikatnym wyci\u015bni\u0119ciu winogron, moszcz umieszczany jest w zbiornikach fermentacyjnych, gdzie fermentuje. Nast\u0119pnie wino dojrzewa w butelkach z mieszank\u0105 dro\u017cd\u017cy i cukru, aby zainicjowa\u0107 drug\u0105 fermentacj\u0119. Dojrzewanie mo\u017ce trwa\u0107 kilka lat i przyczynia si\u0119 do z\u0142o\u017cono\u015bci i g\u0142\u0119bi smaku.<\/p>\n<p>Szampan jest cz\u0119sto postrzegany jako symbol luksusu i \u015bwi\u0119towania. Wyst\u0119puje w r\u00f3\u017cnych stylach, od brut do demi-sec, w zale\u017cno\u015bci od dawki i zawarto\u015bci cukru resztkowego. Najbardziej znane domy szampa\u0144skie, takie jak Mo\u00ebt &amp; Chandon, <a href=\"https:\/\/champagner.com\/pl\/szampan-veuve-clicquot-ponsardin-2\/\">Veuve Clicquot<\/a> oraz <a href=\"https:\/\/champagner.com\/pl\/slownik-2\/dom-perignon\/\">Dom P\u00e9rignon<\/a>znacz\u0105co przyczyni\u0142y si\u0119 do mi\u0119dzynarodowej reputacji Szampanii.<\/p>\n<\/div>\n<\/div><\/section><br \/>\n\n<style type=\"text\/css\" data-created_by=\"avia_inline_auto\" id=\"style-css-av-5h3g16-a3598f9ba79b7e9158393e092cd58455\">\n#top .av-special-heading.av-5h3g16-a3598f9ba79b7e9158393e092cd58455{\npadding-bottom:10px;\n}\nbody .av-special-heading.av-5h3g16-a3598f9ba79b7e9158393e092cd58455 .av-special-heading-tag .heading-char{\nfont-size:25px;\n}\n.av-special-heading.av-5h3g16-a3598f9ba79b7e9158393e092cd58455 .av-subheading{\nfont-size:15px;\n}\n<\/style>\n<div  class='av-special-heading av-5h3g16-a3598f9ba79b7e9158393e092cd58455 av-special-heading-h2 custom-color-heading blockquote modern-quote  avia-builder-el-12  el_after_av_textblock  el_before_av_textblock'><h2 class='av-special-heading-tag'  itemprop=\"headline\"  >Wyb\u00f3r szampana<\/h2><div class=\"special-heading-border\"><div class=\"special-heading-inner-border\"><\/div><\/div><\/div><br \/>\n<section  class='av_textblock_section av-58wfzj-13-6c58fc1b3d4427f95ff831c11cd2b7c9'   itemscope=\"itemscope\" itemtype=\"https:\/\/schema.org\/CreativeWork\" ><div class='avia_textblock'  itemprop=\"text\" ><div style=\"text-align: justify;\">\n<p>Wszystkie wina do szampana s\u0105 selekcjonowane:<br \/>\nPodczas zbior\u00f3w, tylko dojrza\u0142e i zdrowe winogrona s\u0105 zbierane z wielk\u0105 staranno\u015bci\u0105, umieszczane w du\u017cych koszach (zwanych manekinami), a nast\u0119pnie transportowane do prasy na dobrze amortyzowanych w\u00f3zkach. Proces t\u0142oczenia jest r\u00f3wnie\u017c delikatny i szybki, zw\u0142aszcza \u017ce wa\u017cne jest t\u0142oczenie bia\u0142ego moszczu z niebieskich winogron przez 2\/3 zbior\u00f3w. Kolor sk\u00f3rek lub gorzkie substancje nie mog\u0105 dosta\u0107 si\u0119 do moszczu. 150 kg winogron nie mo\u017ce da\u0107 wi\u0119cej ni\u017c 100 litr\u00f3w moszczu (prawo 2\/3).<\/p>\n<\/div>\n<\/div><\/section><br \/>\n\n<style type=\"text\/css\" data-created_by=\"avia_inline_auto\" id=\"style-css-av-kjluw2vl-11-8c78f8382bd3feadac6efb0bffee9fc1\">\n.avia-image-container.av-kjluw2vl-11-8c78f8382bd3feadac6efb0bffee9fc1 img.avia_image{\nbox-shadow:none;\n}\n.avia-image-container.av-kjluw2vl-11-8c78f8382bd3feadac6efb0bffee9fc1 .av-image-caption-overlay-center{\ncolor:#ffffff;\n}\n<\/style>\n<div  class='avia-image-container av-kjluw2vl-11-8c78f8382bd3feadac6efb0bffee9fc1 av-styling- avia-align-center  avia-builder-el-14  el_after_av_textblock  el_before_av_heading'   itemprop=\"image\" itemscope=\"itemscope\" itemtype=\"https:\/\/schema.org\/ImageObject\" ><div class=\"avia-image-container-inner\"><div class=\"avia-image-overlay-wrap\"><img decoding=\"async\" fetchpriority=\"high\" class='wp-image-4185 avia-img-lazy-loading-not-4185 avia_image' src=\"https:\/\/champagner.com\/wp-content\/uploads\/2018\/04\/champagner-trauben-1-1030x665.jpg\" alt='Winogrona do szampana' title='Winogrona do szampana'  height=\"665\" width=\"1030\"  itemprop=\"thumbnailUrl\" srcset=\"https:\/\/champagner.com\/wp-content\/uploads\/2018\/04\/champagner-trauben-1-1030x665.jpg 1030w, https:\/\/champagner.com\/wp-content\/uploads\/2018\/04\/champagner-trauben-1-300x194.jpg 300w, https:\/\/champagner.com\/wp-content\/uploads\/2018\/04\/champagner-trauben-1-768x496.jpg 768w, https:\/\/champagner.com\/wp-content\/uploads\/2018\/04\/champagner-trauben-1-705x455.jpg 705w, https:\/\/champagner.com\/wp-content\/uploads\/2018\/04\/champagner-trauben-1-450x291.jpg 450w, https:\/\/champagner.com\/wp-content\/uploads\/2018\/04\/champagner-trauben-1.jpg 1440w\" sizes=\"(max-width: 1030px) 100vw, 1030px\" \/><\/div><\/div><\/div><br \/>\n\n<style type=\"text\/css\" data-created_by=\"avia_inline_auto\" id=\"style-css-av-3kb8ii-461375c708b561b4ffee044342456289\">\n#top .av-special-heading.av-3kb8ii-461375c708b561b4ffee044342456289{\npadding-bottom:10px;\n}\nbody .av-special-heading.av-3kb8ii-461375c708b561b4ffee044342456289 .av-special-heading-tag .heading-char{\nfont-size:25px;\n}\n.av-special-heading.av-3kb8ii-461375c708b561b4ffee044342456289 .av-subheading{\nfont-size:15px;\n}\n<\/style>\n<div  class='av-special-heading av-3kb8ii-461375c708b561b4ffee044342456289 av-special-heading-h2 custom-color-heading blockquote modern-quote  avia-builder-el-15  el_after_av_image  el_before_av_textblock'><h2 class='av-special-heading-tag'  itemprop=\"headline\"  >Dopuszczalna ilo\u015b\u0107 winogron<\/h2><div class=\"special-heading-border\"><div class=\"special-heading-inner-border\"><\/div><\/div><\/div><br \/>\n<section  class='av_textblock_section av-58wfzj-6-32031477e2ef2fd2f1db3665ea5bc1d6'   itemscope=\"itemscope\" itemtype=\"https:\/\/schema.org\/CreativeWork\" ><div class='avia_textblock'  itemprop=\"text\" ><div style=\"text-align: justify;\">\n<p>Ilo\u015b\u0107 winogron na hektar, kt\u00f3ra mo\u017ce by\u0107 wykorzystana do produkcji szampana, jest ustalana przez prawo ka\u017cdego roku na kr\u00f3tko przed zbiorem winogron: w 1996 r. maksymalnie 10 400 kg winogron na hektar by\u0142o uprawnionych do apelacji AOC \"Champagne\" i \"Cote\u00e4ux Champenois\" (wino niemusuj\u0105ce z Szampanii). Ka\u017cdego roku, przed zbiorem winogron, Federacja ustala r\u00f3wnie\u017c minimaln\u0105 potencjaln\u0105 zawarto\u015b\u0107 alkoholu w moszczu. W 1996 roku winogrona musia\u0142y mie\u0107 potencjaln\u0105 zawarto\u015b\u0107 alkoholu wynosz\u0105c\u0105 co najmniej 9 procent obj\u0119to\u015bci. Moszcz, kt\u00f3ry nie osi\u0105gnie tego minimum, traci prawo do etykietowania jako \"Champagne\" (jako\u015b\u0107 przed ilo\u015bci\u0105).<\/p>\n<\/div>\n<\/div><\/section><br \/>\n\n<style type=\"text\/css\" data-created_by=\"avia_inline_auto\" id=\"style-css-av-23t0oa-ee7f6725c26ec5d2d3d791415a5ed41a\">\n#top .av-special-heading.av-23t0oa-ee7f6725c26ec5d2d3d791415a5ed41a{\npadding-bottom:10px;\n}\nbody .av-special-heading.av-23t0oa-ee7f6725c26ec5d2d3d791415a5ed41a .av-special-heading-tag .heading-char{\nfont-size:25px;\n}\n.av-special-heading.av-23t0oa-ee7f6725c26ec5d2d3d791415a5ed41a .av-subheading{\nfont-size:15px;\n}\n<\/style>\n<div  class='av-special-heading av-23t0oa-ee7f6725c26ec5d2d3d791415a5ed41a av-special-heading-h2 custom-color-heading blockquote modern-quote  avia-builder-el-17  el_after_av_textblock  el_before_av_textblock'><h2 class='av-special-heading-tag'  itemprop=\"headline\"  >Mieszanie r\u00f3\u017cnych ro\u015blin<\/h2><div class=\"special-heading-border\"><div class=\"special-heading-inner-border\"><\/div><\/div><\/div><br \/>\n<section  class='av_textblock_section av-58wfzj-4-8762bef7e27f13400594aaeadd588513'   itemscope=\"itemscope\" itemtype=\"https:\/\/schema.org\/CreativeWork\" ><div class='avia_textblock'  itemprop=\"text\" ><div style=\"text-align: justify;\">\n<p>Szampan, w przeciwie\u0144stwie do innych wielkich win, jest cz\u0119sto produkowany poprzez mieszanie r\u00f3\u017cnych odmian winogron i rocznik\u00f3w. Powodem tego jest p\u00f3\u0142nocny klimat regionu uprawy winoro\u015bli, co oznacza, \u017ce w tym samym roku winogrona i odmiany winoro\u015bli z jednej winnicy mog\u0105 by\u0107 lepsze ni\u017c te z innej winnicy, a winogrona z jednego roku mog\u0105 by\u0107 lepsze ni\u017c te z innego roku. Poziome mieszanie oko\u0142o 320 lokalizacji, z kt\u00f3rych 17 \"grands crus\" wyceniono na 100%, 41 \"premier crus\" na 90 do 99 %, pozosta\u0142e na 80 do 89 %. Pionowe mieszanie z winami rezerwowymi z r\u00f3\u017cnych rocznik\u00f3w.<\/p>\n<\/div>\n<\/div><\/section><br \/>\n\n<style type=\"text\/css\" data-created_by=\"avia_inline_auto\" id=\"style-css-av-kjluw2vl-44507a4d5477799e6c4785933bf56fd2\">\n.avia-image-container.av-kjluw2vl-44507a4d5477799e6c4785933bf56fd2 img.avia_image{\nbox-shadow:none;\n}\n.avia-image-container.av-kjluw2vl-44507a4d5477799e6c4785933bf56fd2 .av-image-caption-overlay-center{\ncolor:#ffffff;\n}\n<\/style>\n<div  class='avia-image-container av-kjluw2vl-44507a4d5477799e6c4785933bf56fd2 av-styling- avia-align-center  avia-builder-el-19  el_after_av_textblock  avia-builder-el-last'   itemprop=\"image\" itemscope=\"itemscope\" itemtype=\"https:\/\/schema.org\/ImageObject\" ><div class=\"avia-image-container-inner\"><div class=\"avia-image-overlay-wrap\"><img decoding=\"async\" fetchpriority=\"high\" class='wp-image-4167 avia-img-lazy-loading-not-4167 avia_image' src=\"https:\/\/champagner.com\/wp-content\/uploads\/2018\/04\/bauget-jouette-weinrebe.jpg\" alt='Bauget-Jouette Champagne Vine' title='Bauget-Jouette Champagne Vine'  height=\"400\" width=\"620\"  itemprop=\"thumbnailUrl\" srcset=\"https:\/\/champagner.com\/wp-content\/uploads\/2018\/04\/bauget-jouette-weinrebe.jpg 620w, https:\/\/champagner.com\/wp-content\/uploads\/2018\/04\/bauget-jouette-weinrebe-300x194.jpg 300w, https:\/\/champagner.com\/wp-content\/uploads\/2018\/04\/bauget-jouette-weinrebe-450x290.jpg 450w\" sizes=\"(max-width: 620px) 100vw, 620px\" \/><\/div><\/div><\/div><\/p><\/div>\n<style type=\"text\/css\" data-created_by=\"avia_inline_auto\" id=\"style-css-av-7vz4-e2ecb25e9168201a3fd1fa7a9982a872\">\n.flex_column.av-7vz4-e2ecb25e9168201a3fd1fa7a9982a872{\nborder-radius:0px 0px 0px 0px;\npadding:0px 0px 0px 0px;\n}\n<\/style>\n<div  class='flex_column av-7vz4-e2ecb25e9168201a3fd1fa7a9982a872 av_one_fifth  avia-builder-el-20  el_after_av_three_fifth  avia-builder-el-last  flex_column_div av-zero-column-padding'     ><\/div>","protected":false},"excerpt":{"rendered":"","protected":false},"author":1,"featured_media":4103,"parent":0,"menu_order":0,"comment_status":"closed","ping_status":"closed","template":"","meta":{"footnotes":""},"class_list":["post-5098","page","type-page","status-publish","has-post-thumbnail","hentry"],"_links":{"self":[{"href":"https:\/\/champagner.com\/pl\/wp-json\/wp\/v2\/pages\/5098","targetHints":{"allow":["GET"]}}],"collection":[{"href":"https:\/\/champagner.com\/pl\/wp-json\/wp\/v2\/pages"}],"about":[{"href":"https:\/\/champagner.com\/pl\/wp-json\/wp\/v2\/types\/page"}],"author":[{"embeddable":true,"href":"https:\/\/champagner.com\/pl\/wp-json\/wp\/v2\/users\/1"}],"replies":[{"embeddable":true,"href":"https:\/\/champagner.com\/pl\/wp-json\/wp\/v2\/comments?post=5098"}],"version-history":[{"count":0,"href":"https:\/\/champagner.com\/pl\/wp-json\/wp\/v2\/pages\/5098\/revisions"}],"wp:featuredmedia":[{"embeddable":true,"href":"https:\/\/champagner.com\/pl\/wp-json\/wp\/v2\/media\/4103"}],"wp:attachment":[{"href":"https:\/\/champagner.com\/pl\/wp-json\/wp\/v2\/media?parent=5098"}],"curies":[{"name":"wp","href":"https:\/\/api.w.org\/{rel}","templated":true}]}}