{"id":6514,"date":"2022-05-05T13:28:39","date_gmt":"2022-05-05T13:28:39","guid":{"rendered":"https:\/\/champagner.com\/?page_id=6514"},"modified":"2024-11-04T12:47:51","modified_gmt":"2024-11-04T12:47:51","slug":"sztuka-szampana","status":"publish","type":"page","link":"https:\/\/champagner.com\/pl\/sztuka-szampana\/","title":{"rendered":"Sztuka szampa\u0144ska"},"content":{"rendered":"<div   class='avia-fullscreen-slider main_color   avia-builder-el-0  el_before_av_section  avia-builder-el-first  container_wrap fullsize'  ><div  class='avia-slideshow av-kjripr6g-74ffc6525b251b8b733cc3ef032d902d avia-slideshow-extra_large av_fullscreen avia-slide-slider av-slideshow-ui av-control-default av-slideshow-manual av-loop-once av-loop-manual-endless av-default-height-applied   avia-slideshow-1' data-slideshow-options=\"{&quot;animation&quot;:&quot;slide&quot;,&quot;autoplay&quot;:false,&quot;loop_autoplay&quot;:&quot;once&quot;,&quot;interval&quot;:5,&quot;loop_manual&quot;:&quot;manual-endless&quot;,&quot;autoplay_stopper&quot;:false,&quot;noNavigation&quot;:false,&quot;bg_slider&quot;:true,&quot;keep_padding&quot;:false,&quot;hoverpause&quot;:false,&quot;show_slide_delay&quot;:0,&quot;slide_height&quot;:&quot;100&quot;,&quot;image_attachment&quot;:&quot;&quot;}\"  itemprop=\"image\" itemscope=\"itemscope\" itemtype=\"https:\/\/schema.org\/ImageObject\" ><ul class='avia-slideshow-inner' style='padding-bottom: 53.2%;'><li style='background-position:center center;' data-img-url='https:\/\/champagner.com\/wp-content\/uploads\/2018\/05\/Champagne-Charles-de-Cazanove-1500x798.jpg' class='avia-slideshow-slide av-kjripr6g-74ffc6525b251b8b733cc3ef032d902d__0  av-single-slide slide-1 slide-odd'><div data-rel='slideshow-1' class='avia-slide-wrap'  title='Charles de Cazanove Szampan ' ><\/div><\/li><\/ul><\/div><\/div>\n<div id='av_section_1'  class='avia-section av-9qys-7fbec837cc9414b56951d589a49fa01e main_color avia-section-default avia-no-border-styling  avia-builder-el-1  el_after_av_fullscreen  avia-builder-el-last  avia-bg-style-scroll container_wrap fullsize'  ><div class='container av-section-cont-open' ><div class='template-page content  av-content-full alpha units'><div class='post-entry post-entry-type-page post-entry-6514'><div class='entry-content-wrapper clearfix'>\n\n<style type=\"text\/css\" data-created_by=\"avia_inline_auto\" id=\"style-css-av-9tz4-26c14c70028d90a54aefce07862c0d7e\">\n.flex_column.av-9tz4-26c14c70028d90a54aefce07862c0d7e{\nborder-radius:0px 0px 0px 0px;\npadding:0px 0px 0px 0px;\n}\n<\/style>\n<div  class='flex_column av-9tz4-26c14c70028d90a54aefce07862c0d7e av_one_fifth  avia-builder-el-2  el_before_av_three_fifth  avia-builder-el-first  first flex_column_div av-zero-column-padding'     ><\/div>\n<style type=\"text\/css\" data-created_by=\"avia_inline_auto\" id=\"style-css-av-5y3a-c3ba98e644c5ae5c87ca984f1618400f\">\n.flex_column.av-5y3a-c3ba98e644c5ae5c87ca984f1618400f{\nborder-radius:0px 0px 0px 0px;\npadding:0px 0px 0px 0px;\n}\n<\/style>\n<div  class='flex_column av-5y3a-c3ba98e644c5ae5c87ca984f1618400f av_three_fifth  avia-builder-el-3  el_after_av_one_fifth  el_before_av_one_fifth  flex_column_div av-zero-column-padding'     ><p>\n<style type=\"text\/css\" data-created_by=\"avia_inline_auto\" id=\"style-css-av-kjrjnv83-db0150b69486a15817a0557cc8e62443\">\n#top .av-special-heading.av-kjrjnv83-db0150b69486a15817a0557cc8e62443{\npadding-bottom:30px;\nfont-size:50px;\n}\nbody .av-special-heading.av-kjrjnv83-db0150b69486a15817a0557cc8e62443 .av-special-heading-tag .heading-char{\nfont-size:25px;\n}\n#top #wrap_all .av-special-heading.av-kjrjnv83-db0150b69486a15817a0557cc8e62443 .av-special-heading-tag{\nfont-size:50px;\n}\n.av-special-heading.av-kjrjnv83-db0150b69486a15817a0557cc8e62443 .av-subheading{\nfont-size:15px;\n}\n\n@media only screen and (min-width: 480px) and (max-width: 767px){ \n#top #wrap_all .av-special-heading.av-kjrjnv83-db0150b69486a15817a0557cc8e62443 .av-special-heading-tag{\nfont-size:0.8em;\n}\n}\n\n@media only screen and (max-width: 479px){ \n#top #wrap_all .av-special-heading.av-kjrjnv83-db0150b69486a15817a0557cc8e62443 .av-special-heading-tag{\nfont-size:0.8em;\n}\n}\n<\/style>\n<div  class='av-special-heading av-kjrjnv83-db0150b69486a15817a0557cc8e62443 av-special-heading-h1 blockquote modern-quote  avia-builder-el-4  el_before_av_textblock  avia-builder-el-first  av-inherit-size'><h1 class='av-special-heading-tag'  itemprop=\"headline\"  >Sztuka szampa\u0144ska<\/h1><div class=\"special-heading-border\"><div class=\"special-heading-inner-border\"><\/div><\/div><\/div><br \/>\n\n<style type=\"text\/css\" data-created_by=\"avia_inline_auto\" id=\"style-css-av-kj4bin1p-19cbf03350244018d7d4cfd1501789b0\">\n#top .av_textblock_section.av-kj4bin1p-19cbf03350244018d7d4cfd1501789b0 .avia_textblock{\nfont-size:18px;\n}\n<\/style>\n<section  class='av_textblock_section av-kj4bin1p-19cbf03350244018d7d4cfd1501789b0'   itemscope=\"itemscope\" itemtype=\"https:\/\/schema.org\/CreativeWork\" ><div class='avia_textblock'  itemprop=\"text\" ><p><strong><a href=\"https:\/\/champagner.com\/pl\/\">Szampan<\/a><\/strong> uosabia co\u015b wi\u0119cej ni\u017c tylko najlepsz\u0105 jako\u015b\u0107 w\u015br\u00f3d win. Opr\u00f3cz samej przyjemno\u015bci, szampan tworzy r\u00f3wnie\u017c pot\u0119\u017cn\u0105 aur\u0119, kt\u00f3r\u0105 trudno wyrazi\u0107 s\u0142owami, ale prawie zawsze jest namacalna.<\/p>\n<p>Tak to si\u0119 m\u00f3wi po angielsku:<\/p>\n<blockquote>\n<p><a href=\"https:\/\/champagner.com\/pl\/lokalizacje\/\">Szampan<\/a> Wprawia w dobry nastr\u00f3j, dostarcza mocnych wra\u017ce\u0144 i niemal przewidywalnie wzmacnia doznania! Wiedz, \u017ce nie tylko spo\u017cywasz najlepsze wino, ale tak\u017ce przywo\u0142ujesz wielkiego ducha!<\/p>\n<\/blockquote>\n<p>Ju\u017c w Belle Epoque niekt\u00f3rzy producenci uznali, \u017ce to pot\u0119\u017cne zjawisko, ten duch, najlepiej uchwyci\u0107 poprzez sztuk\u0119. Tylko najlepsi arty\u015bci i graficy epoki byli wystarczaj\u0105co dobrzy, aby powierzy\u0107 im uciele\u015bnienie tego \"ducha\" w zwi\u0105zku z <a href=\"https:\/\/champagner.com\/pl\/etykiety-na-szampana\/\">Etykiety szampana<\/a>plakaty, menu i poczt\u00f3wki.<\/p>\n<p>Na przyk\u0142ad firma Delbeck z powodzeniem zleca\u0142a prace znanym artystom tego okresu, takim jak Klimt, Muchas, Cappiello, Erg\u00e9, Gall\u00e9, Andreis, Chatin, Tristan Bernard i Benjamin Rabier.<\/p>\n<p>Zar\u00f3wno sukces, jak i zakres osi\u0105gni\u0119\u0107 artystycznych tej epoki nie maj\u0105 sobie r\u00f3wnych. Plakaty szampa\u0144skie z Belle Epoque s\u0105 nadal bardzo poszukiwane jako plakaty dekoracyjne na ca\u0142ym \u015bwiecie.<\/p>\n<p>Naturalny zwi\u0105zek mi\u0119dzy szampanem a sztuk\u0105 pozostaje jednak nieprzerwany do dzi\u015b.<\/p>\n<h3>Sztuka szampa\u0144ska<\/h3>\n<p>Dzisiejsza szampa\u0144ska sztuka <a href=\"https:\/\/champagner.com\/pl\/domy-szampana\/\">Domy szampa\u0144skie<\/a> mo\u017cna z grubsza podzieli\u0107 na trzy obszary:<\/p>\n<ul>\n<li>Sztuka narodowa, tj. sztuka ograniczona wy\u0142\u0105cznie do Francji i jej artyst\u00f3w.<\/li>\n<li>Sztuka mi\u0119dzynarodowa, czyli sztuka, kt\u00f3ra stawia artyst\u00f3w z ca\u0142ego \u015bwiata w \u015bwietle szampana<\/li>\n<li>Sztuka projektowa lub nowa sztuka. Odnosi si\u0119 to do cz\u0119sto prowokacyjnego, czasem obra\u017aliwego rodzaju sztuki. Ten rodzaj sztuki szampa\u0144skiej obejmuje rzeczy, kt\u00f3re nie rozpoznaj\u0105 ju\u017c \u017cadnego odniesienia do okresu Belle Epoque<\/li>\n<\/ul>\n<p>Przyk\u0142adem narodowej sztuki szampa\u0144skiej s\u0105 butelki Bruno Pillard, dla kt\u00f3rych etykiety szampana zosta\u0142y zaprojektowane i stworzone przez francuskich artyst\u00f3w.<\/p>\n<p>Do tej pory dwana\u015bcie butelek zosta\u0142o zrealizowanych przez artyst\u00f3w mieszkaj\u0105cych i pracuj\u0105cych we Francji. Szczeg\u00f3ln\u0105 cech\u0105 tych butelek jest to, \u017ce ka\u017cdy artysta uhonorowa\u0142 inn\u0105 odmian\u0119 lub inny rok.<\/p>\n<p>Tak zwane butelki Collections od Taittinger s\u0105 doskona\u0142ym przyk\u0142adem mi\u0119dzynarodowej sztuki w odniesieniu do szampana.<br \/>\nButelki z kolekcji Taittinger to butelki szampana produkowane od 1978 roku w dobrym roku szampa\u0144skim.<br \/>\nWyj\u0105tkowe jest to, \u017ce ka\u017cda z tych butelek zosta\u0142a zaprojektowana przez innego artyst\u0119. Od 1983 roku dziewi\u0119ciu artyst\u00f3w o mi\u0119dzynarodowej s\u0142awie zaprojektowa\u0142o butelk\u0119 w imieniu Claude Taittinger.<\/p>\n<p>Pierwsze sze\u015b\u0107 butelek zosta\u0142o zaprojektowanych przez VASARELY (Mills\u00e9sime 1978), ARMAN (Mills\u00e9sime 1981), MASSON (Mills\u00e9sime 1982), VIEIRA DA SILVA (Mills\u00e9sime 1983), LICHTENSTEIN (Mills\u00e9sime 1985) i HARTUNG (Mills\u00e9sime 1986). Mo\u017cna je znale\u017a\u0107 na aukcjach tylko przy du\u017cym szcz\u0119\u015bciu.<br \/>\nNa szcz\u0119\u015bcie ostatnie trzy butelki autorstwa artyst\u00f3w Ima\u00cf, Corneille i Matta s\u0105 nadal dost\u0119pne w sklepach.<\/p>\n<p>W tym, co nazywamy szampa\u0144sk\u0105 sztuk\u0105 projektowania, dobrym przyk\u0142adem jest Veuve Cliquot.<br \/>\nDla tak zwanego Millinnium, czyli prze\u0142omu lat od 1999 do <a href=\"https:\/\/champagner.com\/pl\/vintage\/\">2000<\/a>Veuve Cliquot wprowadzi\u0142 na rynek specjaln\u0105 wersj\u0119 La Grande Dame.<br \/>\nW tym celu artystka Elisabeth Rubin zaprojektowa\u0142a etui wykonane ze szk\u0142a akrylowego, kt\u00f3re mog\u0142o pomie\u015bci\u0107 butelk\u0119 o pojemno\u015bci 1,5 lub 3 litr\u00f3w. Butelka by\u0142a przymocowana do dw\u00f3ch sk\u00f3rzanych pask\u00f3w.<\/p>\n<p><strong>Na koniec przyk\u0142ad, kt\u00f3ry nie pasuje do \u017cadnej z trzech kategorii<\/strong><\/p>\n<p>Z domu Piper-Heidsieck pochodzi butelka zaprojektowana przez francuskiego projektanta mody Jean-Paula Gaultiera.<br \/>\nBy\u0142a to butelka odziana w czerwony gorset. Butelka i otaczaj\u0105ca j\u0105 odzie\u017c s\u0105 oczywi\u015bcie podpisane przez tw\u00f3rc\u0119, a butelka jest dostarczana w pi\u0119knym opakowaniu ze szk\u0142a akrylowego.<\/p>\n<div id=\"attachment_7576\" style=\"width: 350px\" class=\"wp-caption aligncenter\"><img loading=\"lazy\" decoding=\"async\" aria-describedby=\"caption-attachment-7576\" class=\"wp-image-7576 size-full\" title=\"Jean-Paul Gaultier &amp; Piper-Heidsieck Champagne\" src=\"https:\/\/champagner.com\/wp-content\/uploads\/2024\/07\/Jean-Paul-Gaultier-Piper-Heidsieck.webp\" alt=\"Jean-Paul Gaultier &amp; Piper-Heidsieck Champagne\" width=\"340\" height=\"270\" srcset=\"https:\/\/champagner.com\/wp-content\/uploads\/2024\/07\/Jean-Paul-Gaultier-Piper-Heidsieck.webp 340w, https:\/\/champagner.com\/wp-content\/uploads\/2024\/07\/Jean-Paul-Gaultier-Piper-Heidsieck-300x238.webp 300w, https:\/\/champagner.com\/wp-content\/uploads\/2024\/07\/Jean-Paul-Gaultier-Piper-Heidsieck-15x12.webp 15w\" sizes=\"auto, (max-width: 340px) 100vw, 340px\" \/><p id=\"caption-attachment-7576\" class=\"wp-caption-text\">Jean-Paul Gaultier &amp; Piper-Heidsieck Champagne<\/p><\/div>\n<p>Jak wida\u0107, tematyka sztuki szampa\u0144skiej jest bardzo r\u00f3\u017cnorodna i nie da si\u0119 jej skategoryzowa\u0107 w sztywnej szufladce.<\/p>\n<\/div><\/section><\/p><\/div>\n<style type=\"text\/css\" data-created_by=\"avia_inline_auto\" id=\"style-css-av-7vz4-e2ecb25e9168201a3fd1fa7a9982a872\">\n.flex_column.av-7vz4-e2ecb25e9168201a3fd1fa7a9982a872{\nborder-radius:0px 0px 0px 0px;\npadding:0px 0px 0px 0px;\n}\n<\/style>\n<div  class='flex_column av-7vz4-e2ecb25e9168201a3fd1fa7a9982a872 av_one_fifth  avia-builder-el-6  el_after_av_three_fifth  avia-builder-el-last  flex_column_div av-zero-column-padding'     ><\/div>","protected":false},"excerpt":{"rendered":"","protected":false},"author":1,"featured_media":4712,"parent":0,"menu_order":0,"comment_status":"closed","ping_status":"closed","template":"","meta":{"footnotes":""},"class_list":["post-6514","page","type-page","status-publish","has-post-thumbnail","hentry"],"_links":{"self":[{"href":"https:\/\/champagner.com\/pl\/wp-json\/wp\/v2\/pages\/6514","targetHints":{"allow":["GET"]}}],"collection":[{"href":"https:\/\/champagner.com\/pl\/wp-json\/wp\/v2\/pages"}],"about":[{"href":"https:\/\/champagner.com\/pl\/wp-json\/wp\/v2\/types\/page"}],"author":[{"embeddable":true,"href":"https:\/\/champagner.com\/pl\/wp-json\/wp\/v2\/users\/1"}],"replies":[{"embeddable":true,"href":"https:\/\/champagner.com\/pl\/wp-json\/wp\/v2\/comments?post=6514"}],"version-history":[{"count":0,"href":"https:\/\/champagner.com\/pl\/wp-json\/wp\/v2\/pages\/6514\/revisions"}],"wp:featuredmedia":[{"embeddable":true,"href":"https:\/\/champagner.com\/pl\/wp-json\/wp\/v2\/media\/4712"}],"wp:attachment":[{"href":"https:\/\/champagner.com\/pl\/wp-json\/wp\/v2\/media?parent=6514"}],"curies":[{"name":"wp","href":"https:\/\/api.w.org\/{rel}","templated":true}]}}