{"id":6528,"date":"2022-05-05T13:56:49","date_gmt":"2022-05-05T13:56:49","guid":{"rendered":"https:\/\/champagner.com\/?page_id=6528"},"modified":"2024-11-04T12:46:29","modified_gmt":"2024-11-04T12:46:29","slug":"etykiety-na-szampana","status":"publish","type":"page","link":"https:\/\/champagner.com\/pl\/etykiety-na-szampana\/","title":{"rendered":"Etykiety szampana"},"content":{"rendered":"<div   class='avia-fullscreen-slider main_color   avia-builder-el-0  el_before_av_section  avia-builder-el-first  container_wrap fullsize'  ><div  class='avia-slideshow av-kjripr6g-74ffc6525b251b8b733cc3ef032d902d avia-slideshow-extra_large av_fullscreen avia-slide-slider av-slideshow-ui av-control-default av-slideshow-manual av-loop-once av-loop-manual-endless av-default-height-applied   avia-slideshow-1' data-slideshow-options=\"{&quot;animation&quot;:&quot;slide&quot;,&quot;autoplay&quot;:false,&quot;loop_autoplay&quot;:&quot;once&quot;,&quot;interval&quot;:5,&quot;loop_manual&quot;:&quot;manual-endless&quot;,&quot;autoplay_stopper&quot;:false,&quot;noNavigation&quot;:false,&quot;bg_slider&quot;:true,&quot;keep_padding&quot;:false,&quot;hoverpause&quot;:false,&quot;show_slide_delay&quot;:0,&quot;slide_height&quot;:&quot;100&quot;,&quot;image_attachment&quot;:&quot;&quot;}\"  itemprop=\"image\" itemscope=\"itemscope\" itemtype=\"https:\/\/schema.org\/ImageObject\" ><ul class='avia-slideshow-inner' style='padding-bottom: 56.390977443609%;'><li style='background-position:center center;' data-img-url='https:\/\/champagner.com\/wp-content\/uploads\/2018\/05\/thienot-champagner-cuvee-alain-thienot.jpg' class='avia-slideshow-slide av-kjripr6g-74ffc6525b251b8b733cc3ef032d902d__0  av-single-slide slide-1 slide-odd'><div data-rel='slideshow-1' class='avia-slide-wrap'  title='Thi\u00e9not Champagne Cuvee Alain Thi\u00e9not' ><\/div><\/li><\/ul><\/div><\/div>\n<div id='av_section_1'  class='avia-section av-9qys-7fbec837cc9414b56951d589a49fa01e main_color avia-section-default avia-no-border-styling  avia-builder-el-1  el_after_av_fullscreen  avia-builder-el-last  avia-bg-style-scroll container_wrap fullsize'  ><div class='container av-section-cont-open' ><div class='template-page content  av-content-full alpha units'><div class='post-entry post-entry-type-page post-entry-6528'><div class='entry-content-wrapper clearfix'>\n\n<style type=\"text\/css\" data-created_by=\"avia_inline_auto\" id=\"style-css-av-9tz4-26c14c70028d90a54aefce07862c0d7e\">\n.flex_column.av-9tz4-26c14c70028d90a54aefce07862c0d7e{\nborder-radius:0px 0px 0px 0px;\npadding:0px 0px 0px 0px;\n}\n<\/style>\n<div  class='flex_column av-9tz4-26c14c70028d90a54aefce07862c0d7e av_one_fifth  avia-builder-el-2  el_before_av_three_fifth  avia-builder-el-first  first flex_column_div av-zero-column-padding'     ><\/div>\n<style type=\"text\/css\" data-created_by=\"avia_inline_auto\" id=\"style-css-av-5y3a-c3ba98e644c5ae5c87ca984f1618400f\">\n.flex_column.av-5y3a-c3ba98e644c5ae5c87ca984f1618400f{\nborder-radius:0px 0px 0px 0px;\npadding:0px 0px 0px 0px;\n}\n<\/style>\n<div  class='flex_column av-5y3a-c3ba98e644c5ae5c87ca984f1618400f av_three_fifth  avia-builder-el-3  el_after_av_one_fifth  el_before_av_one_fifth  flex_column_div av-zero-column-padding'     ><p>\n<style type=\"text\/css\" data-created_by=\"avia_inline_auto\" id=\"style-css-av-kjrjnv83-2a35af8d1787f56e3a1ccc09942a3cd9\">\n#top .av-special-heading.av-kjrjnv83-2a35af8d1787f56e3a1ccc09942a3cd9{\npadding-bottom:30px;\nfont-size:50px;\n}\nbody .av-special-heading.av-kjrjnv83-2a35af8d1787f56e3a1ccc09942a3cd9 .av-special-heading-tag .heading-char{\nfont-size:25px;\n}\n#top #wrap_all .av-special-heading.av-kjrjnv83-2a35af8d1787f56e3a1ccc09942a3cd9 .av-special-heading-tag{\nfont-size:50px;\n}\n.av-special-heading.av-kjrjnv83-2a35af8d1787f56e3a1ccc09942a3cd9 .av-subheading{\nfont-size:15px;\n}\n\n@media only screen and (min-width: 480px) and (max-width: 767px){ \n#top #wrap_all .av-special-heading.av-kjrjnv83-2a35af8d1787f56e3a1ccc09942a3cd9 .av-special-heading-tag{\nfont-size:0.8em;\n}\n}\n\n@media only screen and (max-width: 479px){ \n#top #wrap_all .av-special-heading.av-kjrjnv83-2a35af8d1787f56e3a1ccc09942a3cd9 .av-special-heading-tag{\nfont-size:0.8em;\n}\n}\n<\/style>\n<div  class='av-special-heading av-kjrjnv83-2a35af8d1787f56e3a1ccc09942a3cd9 av-special-heading-h1 blockquote modern-quote  avia-builder-el-4  el_before_av_textblock  avia-builder-el-first  av-inherit-size'><h1 class='av-special-heading-tag'  itemprop=\"headline\"  >Etykiety szampana<\/h1><div class=\"special-heading-border\"><div class=\"special-heading-inner-border\"><\/div><\/div><\/div><br \/>\n\n<style type=\"text\/css\" data-created_by=\"avia_inline_auto\" id=\"style-css-av-kj4bin1p-07a9ad7eee89eb6f83c5a5be01d6504d\">\n#top .av_textblock_section.av-kj4bin1p-07a9ad7eee89eb6f83c5a5be01d6504d .avia_textblock{\nfont-size:18px;\ntext-align:left;\n}\n<\/style>\n<section  class='av_textblock_section av-kj4bin1p-07a9ad7eee89eb6f83c5a5be01d6504d'   itemscope=\"itemscope\" itemtype=\"https:\/\/schema.org\/CreativeWork\" ><div class='avia_textblock'  itemprop=\"text\" ><h3>Etykiety Champager<\/h3>\n<p>Etykiety <a href=\"https:\/\/champagner.com\/pl\/\">Szampan<\/a> s\u0105 r\u00f3wnowa\u017cne z dowodami to\u017csamo\u015bci,<br \/>\nkt\u00f3re zawieraj\u0105 wa\u017cne informacje regulowane \u015bcis\u0142ymi przepisami. Na przyk\u0142ad etykieta informuje, z jakiego domu pochodzi szampan i jaki ma smak.<\/p>\n<p>Etykiety szampana pojawi\u0142y si\u0119 w prymitywnej formie ju\u017c w XVIII wieku. Rzadko by\u0142y one czym\u015b wi\u0119cej ni\u017c skrawkami przyklejonego papieru, zawieraj\u0105cymi sk\u0105pe odr\u0119czne informacje.<\/p>\n<p>Oko\u0142o 1820 roku pojawi\u0142y si\u0119 prawdziwe \u00e9tiquettes, kt\u00f3re dzi\u015b s\u0105<br \/>\netykiety by\u0142y ju\u017c podobne. Wkr\u00f3tce potem rozwin\u0105\u0142 si\u0119 regularny konkurs, aby odzwierciedli\u0107 reputacj\u0119 domu, a tak\u017ce kultur\u0119 i sztuk\u0119 na etykiecie.<\/p>\n<p>Chocia\u017c etykiety szampana nadal cz\u0119sto prezentuj\u0105 te pi\u0119kne cechy, przekszta\u0142ci\u0142y si\u0119 r\u00f3wnie\u017c w strze\u017cone \"flagi\" dom\u00f3w, kt\u00f3re s\u0105 bronione w walce z imitacjami w celu ochrony konsument\u00f3w.<\/p>\n<h3>Etykieta w szczeg\u00f3\u0142ach<\/h3>\n<p>Ten przyk\u0142ad to etykieta od s\u0142ynnego domu <a href=\"https:\/\/champagner.com\/pl\/g-h-mumm-szampan\/\">Jelita<\/a>. Ta etykieta Mumm pochodzi z butelki z rynku ameryka\u0144skiego.<\/p>\n<p>Oznaczenie \"Champagne\". Bez niego zawarto\u015b\u0107 nie jest prawdziwym szampanem!<\/p>\n<p>Marka i\/lub nazwa firmy jest zazwyczaj umieszczona w widocznym miejscu. Niekt\u00f3re domy broni\u0105 r\u00f3wnie\u017c okre\u015blonych kolor\u00f3w. Na przyk\u0142ad marka Veuve Clicquot jest \u0142atwo rozpoznawalna dzi\u0119ki specjalnemu pomara\u0144czowemu kolorowi na etykietach szampana.<br \/>\nTa etykieta Mumm zawiera zar\u00f3wno nazw\u0119 G. H. Mumm, jak i mark\u0119 Cordon Rouge w s\u0142ynnej uko\u015bnej czerwonej wst\u0105\u017cce. Ta wyr\u00f3\u017cniaj\u0105ca si\u0119 czerwona wst\u0105\u017cka zosta\u0142a po raz pierwszy wprowadzona w 1876 roku jako eleganckie jedwabne p\u0119tle wok\u00f3\u0142 butelek. W 1883 roku etykiety zosta\u0142y oznaczone czerwon\u0105 wst\u0105\u017ck\u0105 zamiast p\u0119tli. Czerwona wst\u0105\u017cka symbolicznie wywodzi si\u0119 z francuskiego L\u00e9gion d'honneur (Legii Honorowej).<\/p>\n<ul>\n<li>Miasto i kraj pochodzenia Francja<\/li>\n<li>Zawarto\u015b\u0107 alkoholu (mi\u0119dzy 10,5% a 13%)<\/li>\n<li>Pojemno\u015b\u0107 butelki<\/li>\n<\/ul>\n<p>Podano tu odpowiadaj\u0105c\u0105 ameryka\u0144sk\u0105 obj\u0119to\u015b\u0107 p\u0142ynu (US 1pint, 10 uncji p\u0142ynu). W przeliczeniu, ta butelka by\u0142a wi\u0119c w przybli\u017ceniu typow\u0105 europejsk\u0105 standardow\u0105 butelk\u0105.<\/p>\n<p>Numer kontrolny CIVC to obowi\u0105zkowa informacja, kt\u00f3ra zaczyna si\u0119 od dw\u00f3ch liter, po kt\u00f3rych nast\u0119puje wielocyfrowy numer. Litery s\u0105 skr\u00f3tami i oznaczaj\u0105<\/p>\n<p>**N.M.<br \/>\n(n\u00e9gociant-manipulant)<br \/>\nPrzygotowany przez dom szampa\u0144ski.<\/p>\n<p>** M.A.<br \/>\n(marque d'acheteur)<br \/>\nMarka drugorz\u0119dna. Ten szampan by\u0142<br \/>\nz domu szampana jako specjalne butelkowanie lub<br \/>\nbutelkowanie pod w\u0142asn\u0105 mark\u0105, na przyk\u0142ad do<br \/>\ndostarczane do restauracji lub linii lotniczych.<\/p>\n<p>** R.M<br \/>\n(r\u00e9coltant-manipulant)<br \/>\nPrzygotowany przez winiarza szampana z w\u0142asnego<br \/>\nWinoro\u015bl.<\/p>\n<p>** R.C.<br \/>\n(r\u00e9coltant-coop\u00e9rateur)<br \/>\nPrzygotowany przez winiarza szampana z w\u0142asnego<br \/>\nwinoro\u015bli i zapas\u00f3w sp\u00f3\u0142dzielni winiarzy.<\/p>\n<p>** C.M.<br \/>\n(sp\u00f3\u0142dzielnia manipulacyjna)<br \/>\nSp\u00f3\u0142dzielnia winiarzy by\u0142a odpowiedzialna za<br \/>\nodpowiedzialny za butelkowanie.<\/p>\n<p>Etykietowanie smaku jest r\u00f3wnie\u017c bardzo wa\u017cne:<br \/>\nExtra Brut, Brut, Extra Dry, Sec, Demi-Sec<br \/>\n(patrz Dawkowanie)<\/p>\n<p>Etykieta na szyjce (lub etykieta na ramieniu) butelki szampana jest znana jako cravat lub collerette. Czasami zawiera ona nazw\u0119 domu, herb lub logo domu, rocznik szampana, rok za\u0142o\u017cenia domu lub informacj\u0119 o oficjalnym dostawcy danego domu kr\u00f3lewskiego. Niekt\u00f3re domy rezygnuj\u0105 r\u00f3wnie\u017c z etykiety na szyjce.<\/p>\n<p>Etykiety szampana cz\u0119sto zawieraj\u0105 r\u00f3wnie\u017c dodatkowe informacje.<\/p>\n<h3>Etykiety szampana Mill\u00e9sime<\/h3>\n<p>Szampany wyprodukowane z winogron pochodz\u0105cych tylko z jednego roku znane s\u0105 jako <a href=\"https:\/\/champagner.com\/pl\/lokalizacje\/\">Szampan<\/a> mill\u00e9sime.<br \/>\nVintage, takie jak <a href=\"https:\/\/champagner.com\/pl\/vintage\/\">1990<\/a> jest zwykle wymieniony w widocznym miejscu na etykiecie szampana Jacquesson. Rocznik jest r\u00f3wnie\u017c odnotowany na korku (patrz tak\u017ce korek)<\/p>\n<p>** Blanc de Blancs<br \/>\nDo 100% uzyskanego z winogron Chardonnay.<br \/>\n(Zobacz tak\u017ce Blanc de Blancs).<\/p>\n<p>** Blanc de Noirs<br \/>\nDo 100% wyprodukowanego z winogron Pinot Noir i\/lub Pinot Meunier.<br \/>\n(Zobacz tak\u017ce Blanc de Noirs).<\/p>\n<p>** Odniesienie do Cru<br \/>\nGrand Cru lub Premier Cru odnosi si\u0119 do najbardziej cenionych win.<br \/>\nw regionie Szampanii. Istnieje 17 Grand Crus (np. Ambonnay, Avize, A\u00ff, Bouzy, Cramant, Le Mesnil-sur-Oger, Tours-sur-Marne) i 41 Premier Crus (np. Chouilly, <a href=\"https:\/\/champagner.com\/pl\/slownik-2\/hautvillers\/\">Hautvillers<\/a>Mareuil-sur-A\u00ff; zob. tak\u017ce Cru).<\/p>\n<h4>Artystyczne etykiety na szampana<\/h4>\n<p>Dom Perrier-Jou\u00ebt wykorzystuje harmonijnie ukszta\u0142towan\u0105, przezroczyst\u0105 etykiet\u0119 w po\u0142\u0105czeniu ze s\u0142ynnymi kwiatami na butelce (Fleur de Champagne).<\/p>\n<p>Od czasu do czasu niekt\u00f3re domy szampa\u0144skie upami\u0119tniaj\u0105 wydarzenia historyczne za pomoc\u0105 bardzo pi\u0119knych etykiet. Ten przyk\u0142ad to etykieta renomowanego domu szampa\u0144skiego Lecerc Briant.<\/p>\n<p>W tym przyk\u0142adzie s\u0142ynny dom szampa\u0144ski Deutz upami\u0119tnia legendarny Orient Express w fantastycznej etykiecie. Nic dziwnego, \u017ce jest tak wielu kolekcjoner\u00f3w etykiet<\/p>\n<p>Artystyczne etykiety na szampana od Bruno Paillard to r\u00f3wnie\u017c do\u015bwiadczenie.<\/p>\n<\/div><\/section><\/p><\/div>\n<style type=\"text\/css\" data-created_by=\"avia_inline_auto\" id=\"style-css-av-7vz4-e2ecb25e9168201a3fd1fa7a9982a872\">\n.flex_column.av-7vz4-e2ecb25e9168201a3fd1fa7a9982a872{\nborder-radius:0px 0px 0px 0px;\npadding:0px 0px 0px 0px;\n}\n<\/style>\n<div  class='flex_column av-7vz4-e2ecb25e9168201a3fd1fa7a9982a872 av_one_fifth  avia-builder-el-6  el_after_av_three_fifth  avia-builder-el-last  flex_column_div av-zero-column-padding'     ><\/div>","protected":false},"excerpt":{"rendered":"","protected":false},"author":1,"featured_media":4333,"parent":0,"menu_order":0,"comment_status":"closed","ping_status":"closed","template":"","meta":{"footnotes":""},"class_list":["post-6528","page","type-page","status-publish","has-post-thumbnail","hentry"],"_links":{"self":[{"href":"https:\/\/champagner.com\/pl\/wp-json\/wp\/v2\/pages\/6528","targetHints":{"allow":["GET"]}}],"collection":[{"href":"https:\/\/champagner.com\/pl\/wp-json\/wp\/v2\/pages"}],"about":[{"href":"https:\/\/champagner.com\/pl\/wp-json\/wp\/v2\/types\/page"}],"author":[{"embeddable":true,"href":"https:\/\/champagner.com\/pl\/wp-json\/wp\/v2\/users\/1"}],"replies":[{"embeddable":true,"href":"https:\/\/champagner.com\/pl\/wp-json\/wp\/v2\/comments?post=6528"}],"version-history":[{"count":0,"href":"https:\/\/champagner.com\/pl\/wp-json\/wp\/v2\/pages\/6528\/revisions"}],"wp:featuredmedia":[{"embeddable":true,"href":"https:\/\/champagner.com\/pl\/wp-json\/wp\/v2\/media\/4333"}],"wp:attachment":[{"href":"https:\/\/champagner.com\/pl\/wp-json\/wp\/v2\/media?parent=6528"}],"curies":[{"name":"wp","href":"https:\/\/api.w.org\/{rel}","templated":true}]}}