{"id":6531,"date":"2022-05-05T14:08:45","date_gmt":"2022-05-05T14:08:45","guid":{"rendered":"https:\/\/champagner.com\/?page_id=6531"},"modified":"2024-07-26T02:47:20","modified_gmt":"2024-07-26T02:47:20","slug":"przechowywanie-szampana","status":"publish","type":"page","link":"https:\/\/champagner.com\/pl\/przechowywanie-szampana\/","title":{"rendered":"Przechowywanie szampana"},"content":{"rendered":"<div   class='avia-fullscreen-slider main_color   avia-builder-el-0  el_before_av_section  avia-builder-el-first  container_wrap fullsize'  ><div  class='avia-slideshow av-kjripr6g-74ffc6525b251b8b733cc3ef032d902d avia-slideshow-extra_large av_fullscreen avia-slide-slider av-slideshow-ui av-control-default av-slideshow-manual av-loop-once av-loop-manual-endless av-default-height-applied   avia-slideshow-1' data-slideshow-options=\"{&quot;animation&quot;:&quot;slide&quot;,&quot;autoplay&quot;:false,&quot;loop_autoplay&quot;:&quot;once&quot;,&quot;interval&quot;:5,&quot;loop_manual&quot;:&quot;manual-endless&quot;,&quot;autoplay_stopper&quot;:false,&quot;noNavigation&quot;:false,&quot;bg_slider&quot;:true,&quot;keep_padding&quot;:false,&quot;hoverpause&quot;:false,&quot;show_slide_delay&quot;:0,&quot;slide_height&quot;:&quot;100&quot;,&quot;image_attachment&quot;:&quot;&quot;}\"  itemprop=\"image\" itemscope=\"itemscope\" itemtype=\"https:\/\/schema.org\/ImageObject\" ><ul class='avia-slideshow-inner' style='padding-bottom: 50%;'><li style='background-position:center center;' data-img-url='https:\/\/champagner.com\/wp-content\/uploads\/2018\/05\/charles-heidsieck-champagner-lagerung.jpg' class='avia-slideshow-slide av-kjripr6g-74ffc6525b251b8b733cc3ef032d902d__0  av-single-slide slide-1 slide-odd'><div data-rel='slideshow-1' class='avia-slide-wrap'  title='Charles Heidsieck Przechowywanie szampana' ><\/div><\/li><\/ul><\/div><\/div>\n<div id='av_section_1'  class='avia-section av-9qys-7fbec837cc9414b56951d589a49fa01e main_color avia-section-default avia-no-border-styling  avia-builder-el-1  el_after_av_fullscreen  avia-builder-el-last  avia-bg-style-scroll container_wrap fullsize'  ><div class='container av-section-cont-open' ><div class='template-page content  av-content-full alpha units'><div class='post-entry post-entry-type-page post-entry-6531'><div class='entry-content-wrapper clearfix'>\n\n<style type=\"text\/css\" data-created_by=\"avia_inline_auto\" id=\"style-css-av-9tz4-26c14c70028d90a54aefce07862c0d7e\">\n.flex_column.av-9tz4-26c14c70028d90a54aefce07862c0d7e{\nborder-radius:0px 0px 0px 0px;\npadding:0px 0px 0px 0px;\n}\n<\/style>\n<div  class='flex_column av-9tz4-26c14c70028d90a54aefce07862c0d7e av_one_fifth  avia-builder-el-2  el_before_av_three_fifth  avia-builder-el-first  first flex_column_div av-zero-column-padding'     ><\/div>\n<style type=\"text\/css\" data-created_by=\"avia_inline_auto\" id=\"style-css-av-5y3a-c3ba98e644c5ae5c87ca984f1618400f\">\n.flex_column.av-5y3a-c3ba98e644c5ae5c87ca984f1618400f{\nborder-radius:0px 0px 0px 0px;\npadding:0px 0px 0px 0px;\n}\n<\/style>\n<div  class='flex_column av-5y3a-c3ba98e644c5ae5c87ca984f1618400f av_three_fifth  avia-builder-el-3  el_after_av_one_fifth  el_before_av_one_fifth  flex_column_div av-zero-column-padding'     ><p>\n<style type=\"text\/css\" data-created_by=\"avia_inline_auto\" id=\"style-css-av-kjrjnv83-058860c1bf94d3597534b0c9e9493aab\">\n#top .av-special-heading.av-kjrjnv83-058860c1bf94d3597534b0c9e9493aab{\npadding-bottom:30px;\nfont-size:50px;\n}\nbody .av-special-heading.av-kjrjnv83-058860c1bf94d3597534b0c9e9493aab .av-special-heading-tag .heading-char{\nfont-size:25px;\n}\n#top #wrap_all .av-special-heading.av-kjrjnv83-058860c1bf94d3597534b0c9e9493aab .av-special-heading-tag{\nfont-size:50px;\n}\n.av-special-heading.av-kjrjnv83-058860c1bf94d3597534b0c9e9493aab .av-subheading{\nfont-size:15px;\n}\n\n@media only screen and (min-width: 480px) and (max-width: 767px){ \n#top #wrap_all .av-special-heading.av-kjrjnv83-058860c1bf94d3597534b0c9e9493aab .av-special-heading-tag{\nfont-size:0.8em;\n}\n}\n\n@media only screen and (max-width: 479px){ \n#top #wrap_all .av-special-heading.av-kjrjnv83-058860c1bf94d3597534b0c9e9493aab .av-special-heading-tag{\nfont-size:0.8em;\n}\n}\n<\/style>\n<div  class='av-special-heading av-kjrjnv83-058860c1bf94d3597534b0c9e9493aab av-special-heading-h1 blockquote modern-quote  avia-builder-el-4  el_before_av_textblock  avia-builder-el-first  av-inherit-size'><h1 class='av-special-heading-tag'  itemprop=\"headline\"  >Przechowywanie szampana<\/h1><div class=\"special-heading-border\"><div class=\"special-heading-inner-border\"><\/div><\/div><\/div><br \/>\n\n<style type=\"text\/css\" data-created_by=\"avia_inline_auto\" id=\"style-css-av-kj4bin1p-07a9ad7eee89eb6f83c5a5be01d6504d\">\n#top .av_textblock_section.av-kj4bin1p-07a9ad7eee89eb6f83c5a5be01d6504d .avia_textblock{\nfont-size:18px;\ntext-align:left;\n}\n<\/style>\n<section  class='av_textblock_section av-kj4bin1p-07a9ad7eee89eb6f83c5a5be01d6504d'   itemscope=\"itemscope\" itemtype=\"https:\/\/schema.org\/CreativeWork\" ><div class='avia_textblock'  itemprop=\"text\" ><h1>Przechowywanie szampana: kompleksowy przewodnik<\/h1>\n<p><a href=\"https:\/\/champagner.com\/pl\/\">Szampan<\/a> to nie tylko nap\u00f3j, ale symbol \u015bwi\u0119towania i luksusu. Aby zachowa\u0107 jego wyj\u0105tkowy smak i delikatny perlage, kluczowe znaczenie ma w\u0142a\u015bciwe przechowywanie szampana. W tym przewodniku om\u00f3wimy najlepsze metody przechowywania szampana, aby zawsze cieszy\u0107 si\u0119 jego najlepsz\u0105 jako\u015bci\u0105.<\/p>\n<h2>Wprowadzenie do przechowywania szampana<\/h2>\n<p>Szampan, musuj\u0105cy nap\u00f3j z regionu Szampanii we Francji, s\u0142ynie ze swojej z\u0142o\u017cono\u015bci i finezji. Czy to na specjalne okazje, czy jako cz\u0119\u015b\u0107 kolekcji, przechowywanie szampana jest kluczowym czynnikiem w zachowaniu jego jako\u015bci i promowaniu jego rozwoju. Prawid\u0142owe obchodzenie si\u0119 z szampanem mo\u017ce stanowi\u0107 r\u00f3\u017cnic\u0119 mi\u0119dzy przeci\u0119tnym a wyj\u0105tkowym doznaniem smakowym.<\/p>\n<h2>Dlaczego wa\u017cne jest prawid\u0142owe przechowywanie szampana?<\/h2>\n<h3>Wp\u0142yw \u015bwiat\u0142a i temperatury<\/h3>\n<p>Szampan jest wra\u017cliwy na \u015bwiat\u0142o i temperatur\u0119. Bezpo\u015brednie \u015bwiat\u0142o s\u0142oneczne lub silne \u017ar\u00f3d\u0142a \u015bwiat\u0142a mog\u0105 zmieni\u0107 zwi\u0105zki chemiczne w szampanie, prowadz\u0105c do szybkiego starzenia si\u0119 i utraty \u015bwie\u017co\u015bci. Sta\u0142a temperatura, kt\u00f3ra nie jest zbyt ekstremalna, jest idealna.<\/p>\n<h3>Wp\u0142yw wilgotno\u015bci<\/h3>\n<p>Wilgotno\u015b\u0107 r\u00f3wnie\u017c odgrywa wa\u017cn\u0105 rol\u0119. Nadmierna wilgotno\u015b\u0107 mo\u017ce uszkodzi\u0107 etykiety na butelkach lub spowodowa\u0107 rozw\u00f3j ple\u015bni na butelkach. <a href=\"https:\/\/champagner.com\/pl\/slownik-2\/korek\/\">Korek<\/a> ro\u015bnie. Je\u015bli wilgotno\u015b\u0107 jest zbyt niska, mo\u017ce wysuszy\u0107 korek i spowodowa\u0107 przedostanie si\u0119 powietrza do butelki, powoduj\u0105c utlenianie szampana.<\/p>\n<h3>Znaczenie pozycji butelki<\/h3>\n<p>Spos\u00f3b przechowywania butelki r\u00f3wnie\u017c ma wp\u0142yw na jako\u015b\u0107 szampana. Butelki przechowywane poziomo maj\u0105 t\u0119 zalet\u0119, \u017ce korek pozostaje wilgotny, co zapewnia lepsze uszczelnienie.<\/p>\n<h2>Wskaz\u00f3wki dotycz\u0105ce przechowywania szampana<\/h2>\n<h3>Idealna temperatura przechowywania<\/h3>\n<p>Idealna temperatura do przechowywania szampana wynosi od 8 do 12 stopni Celsjusza. Taka temperatura zapewnia powolne dojrzewanie szampana i optymalny rozw\u00f3j jego smak\u00f3w. Nale\u017cy unika\u0107 ekstremalnych waha\u0144 temperatury, poniewa\u017c mog\u0105 one wp\u0142yn\u0105\u0107 na jako\u015b\u0107 szampana.<\/p>\n<h3>W\u0142a\u015bciwe miejsce przechowywania<\/h3>\n<p>Wybierz ch\u0142odne, ciemne miejsce do przechowywania szampana. Idealna b\u0119dzie piwniczka na wino lub specjalna lod\u00f3wka na szampana. Unikaj <a href=\"https:\/\/champagner.com\/pl\/lokalizacje\/\">Miejsca<\/a>nara\u017cone na silne zapachy, poniewa\u017c szampan mo\u017ce \u0142atwo wch\u0142ania\u0107 obce zapachy.<\/p>\n<h3>Pozycja butelki<\/h3>\n<p>Butelki szampana powinny by\u0107 przechowywane w pozycji poziomej. Pomaga to utrzyma\u0107 wilgotno\u015b\u0107 korka, co z kolei zmniejsza ryzyko utleniania. Jest to szczeg\u00f3lnie wa\u017cne w przypadku win musuj\u0105cych, takich jak szampan, poniewa\u017c ci\u015bnienie w butelce wp\u0142ywa na szczelno\u015b\u0107 korka.<\/p>\n<h3>Unikanie wibracji<\/h3>\n<p>Szampan powinien by\u0107 przechowywany w miejscu, w kt\u00f3rym nie wyst\u0119puj\u0105 wibracje ani wstrz\u0105sy. Mog\u0105 one zak\u0142\u00f3ci\u0107 drobne b\u0105belki w szampanie i negatywnie wp\u0142yn\u0105\u0107 na jego struktur\u0119. Ciche, stabilne miejsce przechowywania jest zatem niezb\u0119dne.<\/p>\n<h2>D\u0142ugotrwa\u0142e przechowywanie szampana<\/h2>\n<h3>Potencja\u0142 dojrzewania<\/h3>\n<p>Nie wszystkie szampany nadaj\u0105 si\u0119 do d\u0142ugotrwa\u0142ego przechowywania. Podczas gdy niekt\u00f3re odmiany mog\u0105 czerpa\u0107 korzy\u015bci z d\u0142ugotrwa\u0142ego starzenia, inne najlepiej smakuj\u0105 m\u0142ode i \u015bwie\u017ce. Szampany rocznikowe i niekt\u00f3re presti\u017cowe cuv\u00e9es cz\u0119sto maj\u0105 potencja\u0142 do starzenia si\u0119 przez lata i dalszego rozwijania swoich smak\u00f3w.<\/p>\n<h3>Wp\u0142yw dojrzewania w butelce<\/h3>\n<p>Z biegiem czasu szampan zmienia si\u0119 w butelce. Smaki nadal si\u0119 rozwijaj\u0105, a szampan mo\u017ce sta\u0107 si\u0119 bardziej z\u0142o\u017cony. Dzieje si\u0119 tak zw\u0142aszcza w przypadku wysokiej jako\u015bci szampan\u00f3w vintage. Nale\u017cy jednak uwa\u017ca\u0107, aby nie przechowywa\u0107 szampana zbyt d\u0142ugo, poniewa\u017c nawet najlepsze butelki w ko\u0144cu przekrocz\u0105 optymaln\u0105 dojrza\u0142o\u015b\u0107 do spo\u017cycia.<\/p>\n<h2>Temperatura kr\u00f3tkotrwa\u0142ego przechowywania i podawania<\/h2>\n<h3>Przygotowanie przed podaniem<\/h3>\n<p>Je\u015bli chcesz przechowywa\u0107 szampana przez kr\u00f3tki czas, upewnij si\u0119, \u017ce butelka jest dobrze sch\u0142odzona przed jej otwarciem. Temperatura serwowania wynosz\u0105ca oko\u0142o 6 do 8 stopni Celsjusza jest idealna do wydobycia najlepszych smak\u00f3w. Je\u015bli temperatura jest zbyt wysoka, szampan mo\u017ce zbyt szybko straci\u0107 \u015bwie\u017co\u015b\u0107.<\/p>\n<h3>Odpowiedni mechanizm ch\u0142odzenia<\/h3>\n<p>W celu kr\u00f3tkotrwa\u0142ego sch\u0142odzenia, szampana mo\u017cna przechowywa\u0107 w lod\u00f3wce. Alternatywnie, mo\u017cna umie\u015bci\u0107 go w wiaderku z lodem i wod\u0105. Zapewni to r\u00f3wnomierne i szybkie ch\u0142odzenie bez niepotrzebnego szokowania szampana.<\/p>\n<h2>Unikaj b\u0142\u0119d\u00f3w podczas przechowywania szampana<\/h2>\n<h3>Przechowywanie w pobli\u017cu \u017ar\u00f3de\u0142 ciep\u0142a<\/h3>\n<p>Nale\u017cy unika\u0107 przechowywania szampana w pobli\u017cu \u017ar\u00f3de\u0142 ciep\u0142a, takich jak grzejniki lub s\u0142o\u0144ce. Ciep\u0142o mo\u017ce szybko pogorszy\u0107 jako\u015b\u0107 szampana.<\/p>\n<h3>Zaniedbanie pozycji butelki<\/h3>\n<p>Upewnij si\u0119, \u017ce butelki szampana s\u0105 przechowywane poziomo, aby korek by\u0142 wilgotny. Unikanie wibracji i wstrz\u0105s\u00f3w jest r\u00f3wnie\u017c wa\u017cne dla jako\u015bci szampana.<\/p>\n<h3>Brak wilgotno\u015bci<\/h3>\n<p>Zbyt niska wilgotno\u015b\u0107 mo\u017ce wysuszy\u0107 korek i umo\u017cliwi\u0107 przedostanie si\u0119 powietrza do butelki. Upewnij si\u0119, \u017ce wilgotno\u015b\u0107 w miejscu przechowywania pozostaje sta\u0142a.<\/p>\n<h2>Specjalne opcje przechowywania<\/h2>\n<h3>Ch\u0142odziarki do szampana<\/h3>\n<p>Istniej\u0105 specjalne lod\u00f3wki do szampana, kt\u00f3re oferuj\u0105 idealne warunki przechowywania. Lod\u00f3wki te zosta\u0142y zaprojektowane z my\u015bl\u0105 o potrzebach szampana i zapewniaj\u0105 odpowiedni\u0105 temperatur\u0119, wilgotno\u015b\u0107 i ochron\u0119 przed \u015bwiat\u0142em.<\/p>\n<h3>Piwnica na wino i pomieszczenia magazynowe<\/h3>\n<p>Dobrze zaplanowana piwniczka na wino mo\u017ce r\u00f3wnie\u017c zapewni\u0107 doskona\u0142e \u015brodowisko do przechowywania. Powinna by\u0107 ch\u0142odna, ciemna i cicha, aby zapewni\u0107 najlepsze warunki do przechowywania szampana.<\/p>\n<h2>Cz\u0119sto zadawane pytania dotycz\u0105ce przechowywania szampana<\/h2>\n<h3>Jak d\u0142ugo mo\u017cna przechowywa\u0107 szampana?<\/h3>\n<p>Czas przechowywania szampana zale\u017cy od jego rodzaju. Szampan rocznikowy mo\u017ce by\u0107 cz\u0119sto przechowywany przez wiele lat, podczas gdy szampan nie rocznikowy najlepiej smakuje w ci\u0105gu jednego do dw\u00f3ch lat od zakupu.<\/p>\n<h3>Czy mo\u017cna starze\u0107 szampana w butelce?<\/h3>\n<p>Tak, szampan mo\u017ce dojrzewa\u0107 w butelce, zw\u0142aszcza je\u015bli chodzi o wysokiej jako\u015bci szampany vintage. Starzenie mo\u017ce prowadzi\u0107 do bardziej z\u0142o\u017conej i zr\u00f3wnowa\u017conej struktury smakowej.<\/p>\n<h3>Jak rozpozna\u0107, \u017ce szampan si\u0119 zepsu\u0142?<\/h3>\n<p>Zepsuty szampan mo\u017ce nabra\u0107 nieprzyjemnego zapachu i straci\u0107 b\u0105belki. Je\u015bli szampan ma p\u0142aski lub utleniony zapach, prawdopodobnie nie nadaje si\u0119 ju\u017c do picia.<\/p>\n<h3><strong>Znaczenie rocznika i domu szampana<\/strong><\/h3>\n<p>Warto\u015b\u0107 szampana vintage to nie tylko kwestia wieku, ale tak\u017ce nazwy domu szampa\u0144skiego i samego rocznika. Niekt\u00f3re <a href=\"https:\/\/champagner.com\/pl\/vintage\/\">Odmiany<\/a> s\u0105 szczeg\u00f3lnie poszukiwane ze wzgl\u0119du na ich wyj\u0105tkow\u0105 jako\u015b\u0107 i rzadko\u015b\u0107. Domy szampa\u0144skie takie jak Veuve Clicquot, Dom P\u00e9rignon i Krug ugruntowa\u0142y swoj\u0105 pozycj\u0119 dzi\u0119ki jako\u015bci i rzadko\u015bci. <a href=\"https:\/\/champagner.com\/pl\/slownik-2\/pochodzenie-szampana\/\">Historia<\/a> wyrobi\u0142 sobie mark\u0119. Rocznik szampana z renomowanego domu mo\u017ce osi\u0105gn\u0105\u0107 znaczne sumy na rynku, zw\u0142aszcza je\u015bli pochodzi ze szczeg\u00f3lnie dobrego rocznika.<\/p>\n<p>Na przyk\u0142ad, niekt\u00f3re wyj\u0105tkowe szampany zosta\u0142y sprzedane na aukcji w s\u0142ynnym domu aukcyjnym Christie's po wysokich cenach. Sze\u015b\u0107 butelek magnum Veuve Clicquot Brut 1949 zosta\u0142o sprzedanych tu\u017c przed rokiem 2000 za $9,200 USD za sztuk\u0119. Trzy butelki Dom P\u00e9rignon 1964 osi\u0105gn\u0119\u0142y cen\u0119 $1,139 USD za butelk\u0119, podczas gdy butelka Heidsieck Monopole Go\u00fbt Am\u00e9ricain 1907, uratowana z wraku szwedzkiego statku, uzyska\u0142a cen\u0119 $4,068 USD. Przyk\u0142ady te ilustruj\u0105, \u017ce po\u0142\u0105czenie rocznika, domu i w\u0142a\u015bciwego przechowywania szampana ma kluczowe znaczenie dla jego warto\u015bci.<\/p>\n<p><strong>Rola magazynowania w zwi\u0119kszaniu warto\u015bci<\/strong><\/p>\n<p>Przechowywanie szampana jest krytycznym czynnikiem, kt\u00f3ry wp\u0142ywa na jego smak, jako\u015b\u0107 i ostatecznie warto\u015b\u0107. Szampan przechowywany w optymalnych warunkach mo\u017ce zachowa\u0107 lub nawet poprawi\u0107 swoje w\u0142a\u015bciwo\u015bci przez wiele lat. W\u0142a\u015bciwe przechowywanie mo\u017ce stanowi\u0107 r\u00f3\u017cnic\u0119 mi\u0119dzy przeci\u0119tnym a wyj\u0105tkowym rocznikiem szampana.<\/p>\n<p><strong>Wp\u0142yw przechowywania na smak<\/strong><\/p>\n<p>Przechowywanie szampana wp\u0142ywa na jego smak i rozw\u00f3j. W ci\u0105gu pierwszych kilku lat po butelkowaniu szampan rozwija sw\u00f3j typowy owocowy i \u015bwie\u017cy smak. Z czasem smaki te zmieniaj\u0105 si\u0119 i rozwijaj\u0105 z\u0142o\u017cone nuty orzech\u00f3w, miodu i ciastek. Zale\u017cy to od tego, jak d\u0142ugo szampan dojrzewa na osadzie dro\u017cd\u017cowym, zanim zostanie wylany.<\/p>\n<p>Dobrze starzony szampan vintage mo\u017ce znacznie poprawi\u0107 swoje aromaty i smak. Szampan, kt\u00f3ry dojrzewa w odpowiednich warunkach, mo\u017ce rozwin\u0105\u0107 wyj\u0105tkowy profil smakowy, kt\u00f3ry jest wysoko ceniony przez koneser\u00f3w i kolekcjoner\u00f3w.<\/p>\n<p><strong>Warto\u015b\u0107 starych szampan\u00f3w vintage<\/strong><\/p>\n<p>Warto\u015b\u0107 starych szampan\u00f3w vintage mo\u017ce znacznie wzrosn\u0105\u0107, zw\u0142aszcza je\u015bli by\u0142y one przechowywane w optymalnych warunkach. Cena takich szampan\u00f3w mo\u017ce zale\u017ce\u0107 od r\u00f3\u017cnych czynnik\u00f3w, takich jak wiek, stan butelki i historia przechowywania. Niekt\u00f3re szampany, kt\u00f3re by\u0142y przechowywane w wyj\u0105tkowych warunkach, osi\u0105gaj\u0105 imponuj\u0105ce ceny na aukcjach. W\u0142a\u015bciwe przechowywanie szampana jest wa\u017cne!<\/p>\n<p><strong>Historyczne ceny aukcyjne<\/strong><\/p>\n<p>Powy\u017csze ceny aukcyjne daj\u0105 wyobra\u017cenie o tym, jak wysoka mo\u017ce by\u0107 warto\u015b\u0107 rynkowa rzadkich i dobrze przechowywanych szampan\u00f3w. Butelka Heidsieck Monopole Go\u00fbt Am\u00e9ricain 1907 jest przyk\u0142adem szampana, kt\u00f3ry zosta\u0142 sprzedany za wysok\u0105 cen\u0119 ze wzgl\u0119du na warunki przechowywania i warto\u015b\u0107 historyczn\u0105. Butelka ta zosta\u0142a uratowana z wraku statku i by\u0142a przechowywana w niezmiennych warunkach przez ponad 80 lat. Cena US $4.068 pokazuje, jak wa\u017cne dla warto\u015bci szampana mo\u017ce by\u0107 jego przechowywanie.<\/p>\n<p><strong>Obecne warunki rynkowe<\/strong><\/p>\n<p>W ostatnich latach ceny szampana ustabilizowa\u0142y si\u0119 na bardziej realistycznym poziomie. Niemniej jednak, trzycyfrowe kwoty nadal mog\u0105 by\u0107 norm\u0105 w przypadku szczeg\u00f3lnie rzadkich lub wysokiej jako\u015bci szampan\u00f3w. Rynek szampana pozostaje dynamiczny, a na jego warto\u015b\u0107 mog\u0105 wp\u0142ywa\u0107 takie czynniki, jak popyt na okre\u015blone roczniki i stan butelek.<\/p>\n<h3><strong>Ksi\u0105\u017cka piwniczna: niezb\u0119dne narz\u0119dzie dla kolekcjoner\u00f3w szampana<\/strong><\/h3>\n<p>Ksi\u0105\u017cka piwniczna jest niezb\u0119dnym narz\u0119dziem dla ka\u017cdego, kto posiada kolekcj\u0119 szampan\u00f3w. Pomaga ona \u015bledzi\u0107 r\u00f3\u017cne butelki i dokumentowa\u0107 wa\u017cne informacje. Dobrze prowadzona ksi\u0105\u017cka piwniczna umo\u017cliwia monitorowanie stanu butelek i przechowywania szampana, sprawdzanie warunk\u00f3w przechowywania i \u015bledzenie warto\u015bci kolekcji.<\/p>\n<p><strong>Wa\u017cne informacje w ksi\u0119dze piwnicy<\/strong><\/p>\n<p>Kompleksowa ksi\u0105\u017cka piwnicy powinna zawiera\u0107 nast\u0119puj\u0105ce dane:<\/p>\n<ul>\n<li><strong>Ca\u0142kowita liczba butelek:<\/strong> Liczba butelek w kolekcji daje og\u00f3lny obraz wielko\u015bci kolekcji szampana.<\/li>\n<li><strong>Liczba butelek na odmian\u0119:<\/strong> Wa\u017cne jest, aby udokumentowa\u0107 liczb\u0119 butelek ka\u017cdej odmiany w celu monitorowania dost\u0119pno\u015bci i warto\u015bci ka\u017cdej odmiany.<\/li>\n<li><strong>Data i miejsce zakupu:<\/strong> Data i miejsce zakupu pomagaj\u0105 prze\u015bledzi\u0107 pochodzenie butelek i udokumentowa\u0107 histori\u0119 kolekcji.<\/li>\n<li><strong>Cena zakupu i mo\u017cliwa cena sprzeda\u017cy:<\/strong> Informacje te s\u0105 wa\u017cne dla wyceny kolekcji i przysz\u0142ych decyzji dotycz\u0105cych sprzeda\u017cy.<\/li>\n<li><strong>\u0141\u0105czna cena wszystkich butelek:<\/strong> Ca\u0142kowita warto\u015b\u0107 kolekcji zapewnia przegl\u0105d warto\u015bci finansowej szampan\u00f3w.<\/li>\n<li><strong>Dane degustacyjne i wra\u017cenia:<\/strong> Notatki dotycz\u0105ce degustacji szampan\u00f3w i wra\u017ce\u0144 z ka\u017cdego szampana s\u0105 cennymi informacjami dla przysz\u0142ych decyzji.<\/li>\n<li><strong>Przyjaciele i wydarzenia:<\/strong> Zapisy przyjaci\u00f3\u0142, z kt\u00f3rymi pito szampany i okazji, przy kt\u00f3rych si\u0119 nimi delektowano, mog\u0105 zachowa\u0107 osobiste wspomnienia.<\/li>\n<li><strong>Okres trwa\u0142o\u015bci:<\/strong> Szacowany okres przechowywania ka\u017cdej odmiany dostarcza informacji na temat optymalnego okresu przechowywania i najlepszego czasu do spo\u017cycia.<\/li>\n<li><strong>Stojak lub p\u00f3\u0142ka:<\/strong> Dok\u0142adna pozycja ka\u017cdej butelki w piwnicy pomaga \u0142atwo znale\u017a\u0107 i uporz\u0105dkowa\u0107 butelki.<\/li>\n<\/ul>\n<p><strong>Znaczenie poufno\u015bci<\/strong><\/p>\n<p>Ksi\u0119ga piwniczna powinna by\u0107 zawsze bezpiecznie przechowywana w celu zapewnienia poufno\u015bci. Wiele z wprowadzonych danych ma charakter prywatny i mo\u017ce zawiera\u0107 poufne informacje na temat warto\u015bci i pochodzenia szampan\u00f3w. Zaleca si\u0119 ograniczenie dost\u0119pu do tej ksi\u0105\u017cki do zaufanych os\u00f3b, aby zapewni\u0107 bezpiecze\u0144stwo informacji.<\/p>\n<h2>Wnioski<\/h2>\n<p>W\u0142a\u015bciwe przechowywanie szampana ma kluczowe znaczenie dla zachowania jego jako\u015bci i smaku. Post\u0119puj\u0105c zgodnie z powy\u017cszymi wskaz\u00f3wkami i tworz\u0105c najlepsze warunki przechowywania, mo\u017cesz zapewni\u0107, \u017ce Tw\u00f3j szampan zawsze b\u0119dzie w najlepszym wydaniu. Pami\u0119taj, \u017ce przechowywanie szampana nie tylko pomaga chroni\u0107 szampana, ale tak\u017ce promowa\u0107 jego rozw\u00f3j i dojrzewanie. Ciesz si\u0119 swoim musuj\u0105cym napojem ze \u015bwiadomo\u015bci\u0105, \u017ce by\u0142 przechowywany w najlepszych warunkach.<\/p>\n<\/div><\/section><\/p><\/div>\n<style type=\"text\/css\" data-created_by=\"avia_inline_auto\" id=\"style-css-av-7vz4-e2ecb25e9168201a3fd1fa7a9982a872\">\n.flex_column.av-7vz4-e2ecb25e9168201a3fd1fa7a9982a872{\nborder-radius:0px 0px 0px 0px;\npadding:0px 0px 0px 0px;\n}\n<\/style>\n<div  class='flex_column av-7vz4-e2ecb25e9168201a3fd1fa7a9982a872 av_one_fifth  avia-builder-el-6  el_after_av_three_fifth  avia-builder-el-last  flex_column_div av-zero-column-padding'     ><\/div>","protected":false},"excerpt":{"rendered":"","protected":false},"author":1,"featured_media":4837,"parent":0,"menu_order":0,"comment_status":"closed","ping_status":"closed","template":"","meta":{"footnotes":""},"class_list":["post-6531","page","type-page","status-publish","has-post-thumbnail","hentry"],"_links":{"self":[{"href":"https:\/\/champagner.com\/pl\/wp-json\/wp\/v2\/pages\/6531","targetHints":{"allow":["GET"]}}],"collection":[{"href":"https:\/\/champagner.com\/pl\/wp-json\/wp\/v2\/pages"}],"about":[{"href":"https:\/\/champagner.com\/pl\/wp-json\/wp\/v2\/types\/page"}],"author":[{"embeddable":true,"href":"https:\/\/champagner.com\/pl\/wp-json\/wp\/v2\/users\/1"}],"replies":[{"embeddable":true,"href":"https:\/\/champagner.com\/pl\/wp-json\/wp\/v2\/comments?post=6531"}],"version-history":[{"count":0,"href":"https:\/\/champagner.com\/pl\/wp-json\/wp\/v2\/pages\/6531\/revisions"}],"wp:featuredmedia":[{"embeddable":true,"href":"https:\/\/champagner.com\/pl\/wp-json\/wp\/v2\/media\/4837"}],"wp:attachment":[{"href":"https:\/\/champagner.com\/pl\/wp-json\/wp\/v2\/media?parent=6531"}],"curies":[{"name":"wp","href":"https:\/\/api.w.org\/{rel}","templated":true}]}}