{"id":4024,"date":"2018-04-14T14:48:55","date_gmt":"2018-04-14T14:48:55","guid":{"rendered":"http:\/\/neu.champagner.eu\/?page_id=4024"},"modified":"2024-11-04T12:49:43","modified_gmt":"2024-11-04T12:49:43","slug":"citacoes-de-champanhe","status":"publish","type":"page","link":"https:\/\/champagner.com\/pt\/citacoes-de-champanhe\/","title":{"rendered":"Cita\u00e7\u00f5es de champanhe"},"content":{"rendered":"<div id='av_section_1'  class='avia-section av-1vm8bwo-709c60fc6f16c735dfd76d953ff4f866 main_color avia-section-default avia-no-shadow  avia-builder-el-0  avia-builder-el-no-sibling  avia-bg-style-scroll container_wrap fullsize'  ><div class='container av-section-cont-open' ><main  role=\"main\" itemprop=\"mainContentOfPage\"  class='template-page content  av-content-full alpha units'><div class='post-entry post-entry-type-page post-entry-4024'><div class='entry-content-wrapper clearfix'>\n\n<style type=\"text\/css\" data-created_by=\"avia_inline_auto\" id=\"style-css-av-kjm0x5lx-0474c4b615aca0c6c294fa130940e623\">\n#top .av-special-heading.av-kjm0x5lx-0474c4b615aca0c6c294fa130940e623{\npadding-bottom:10px;\n}\nbody .av-special-heading.av-kjm0x5lx-0474c4b615aca0c6c294fa130940e623 .av-special-heading-tag .heading-char{\nfont-size:25px;\n}\n.av-special-heading.av-kjm0x5lx-0474c4b615aca0c6c294fa130940e623 .av-subheading{\nfont-size:15px;\n}\n<\/style>\n<div  class='av-special-heading av-kjm0x5lx-0474c4b615aca0c6c294fa130940e623 av-special-heading-h1 blockquote modern-quote modern-centered  avia-builder-el-1  el_before_av_hr  avia-builder-el-first'><h1 class='av-special-heading-tag'  itemprop=\"headline\"  >Champagne Quotes, - As 47 mais belas cita\u00e7\u00f5es sobre champanhe<\/h1><div class=\"special-heading-border\"><div class=\"special-heading-inner-border\"><\/div><\/div><\/div>\n\n<style type=\"text\/css\" data-created_by=\"avia_inline_auto\" id=\"style-css-av-1to74o-5b1b323b02642b480f2b98e85a27ee1b\">\n#top .hr.av-1to74o-5b1b323b02642b480f2b98e85a27ee1b{\nmargin-top:30px;\nmargin-bottom:30px;\n}\n.hr.av-1to74o-5b1b323b02642b480f2b98e85a27ee1b .hr-inner{\nwidth:100%;\nborder-color:#d2ae6f;\n}\n<\/style>\n<div  class='hr av-1to74o-5b1b323b02642b480f2b98e85a27ee1b hr-custom  avia-builder-el-2  el_after_av_heading  el_before_av_one_fifth  hr-center hr-icon-no'><span class='hr-inner inner-border-av-border-thin'><span class=\"hr-inner-style\"><\/span><\/span><\/div>\n\n<style type=\"text\/css\" data-created_by=\"avia_inline_auto\" id=\"style-css-av-1tmc0w8-8e6849036901409b1a0a2a8a275c0f7f\">\n.flex_column.av-1tmc0w8-8e6849036901409b1a0a2a8a275c0f7f{\nborder-radius:0px 0px 0px 0px;\npadding:0px 0px 0px 0px;\n}\n<\/style>\n<div  class='flex_column av-1tmc0w8-8e6849036901409b1a0a2a8a275c0f7f av_one_fifth  avia-builder-el-3  el_after_av_hr  el_before_av_three_fifth  first flex_column_div av-zero-column-padding'     ><\/div>\n<style type=\"text\/css\" data-created_by=\"avia_inline_auto\" id=\"style-css-av-1s2if7s-28ad02af04352e45d43dba7adba1b2c2\">\n.flex_column.av-1s2if7s-28ad02af04352e45d43dba7adba1b2c2{\nborder-radius:0px 0px 0px 0px;\npadding:0px 0px 0px 0px;\n}\n<\/style>\n<div  class='flex_column av-1s2if7s-28ad02af04352e45d43dba7adba1b2c2 av_three_fifth  avia-builder-el-4  el_after_av_one_fifth  el_before_av_one_fifth  flex_column_div av-zero-column-padding'     ><style type=\"text\/css\" data-created_by=\"avia_inline_auto\" id=\"style-css-av-1qqh64o-38b4cc4b3f7f53371d6d87f5e5a693f7\">\n#top .av-rotator-container.av-1qqh64o-38b4cc4b3f7f53371d6d87f5e5a693f7{\ntext-align:center;\n}\n#top #wrap_all .av-rotator-container.av-1qqh64o-38b4cc4b3f7f53371d6d87f5e5a693f7 .av-rotator-container-inner{\nfont-size:50px;\n}\n<\/style>\n<div  class='av-rotator-container av-rotation-container-center av-1qqh64o-38b4cc4b3f7f53371d6d87f5e5a693f7  avia-builder-el-5  avia-builder-el-no-sibling  av-fixed-rotator-width' data-interval='6' data-animation='0' data-fixwidth='1'><h3 class='av-rotator-container-inner'><span class='av-rotator-text av-rotator-multiline-off'>\n<span class='av-rotator-text-single av-642bq0-23840bb627bc40ab097f002d56409677 av-rotator-text-single-1' >Venha logo, eu sinto o gosto das estrelas! Dom Perignon<\/span>\n<span class='av-rotator-text-single av-1nfv6zs-2579cddb637190b57bcc52df719ef036 av-rotator-text-single-2' >Conhecer Franklin Roosevelt foi como abrir sua primeira garrafa de champanhe, conhec\u00ea-lo foi como beb\u00ea-lo. Winston Churchill<\/span>\n<span class='av-rotator-text-single av-1kvnsjc-bfb9e8ca38419d94b837ec3e85844f58 av-rotator-text-single-3' >O champanhe \u00e9 a \u00fanica coisa que me d\u00e1 prazer quando me sinto cansada. Brigitte Bardot<\/span>\n<span class='av-rotator-text-single av-1iunemg-c169a417eb3cc3fd2bd801584949f5f6 av-rotator-text-single-4' >Por que eu bebo champanhe no caf\u00e9 da manh\u00e3? N\u00e3o \u00e9 todo mundo que faz isso? Noel Coward<\/span>\n<span class='av-rotator-text-single av-1ihkaqw-6ceea048659be1f491c9b87dfe7464bc av-rotator-text-single-5' >H\u00e1 um momento na vida de toda mulher em que apenas uma ta\u00e7a de champanhe \u00e9 suficiente. Bette Davis<\/span>\n<span class='av-rotator-text-single av-1gjmxqw-c7712ca1592047adddd6c509a5547c17 av-rotator-text-single-6' >O champanhe \u00e9 um dos extras elegantes da vida. Charles Dickens<\/span>\n<span class='av-rotator-text-single av-1eryevs-6f2c2c454afb2c2240918936cc4cbf7e av-rotator-text-single-7' >Champanhe! Na vit\u00f3ria voc\u00ea merece, na derrota voc\u00ea precisa. Napole\u00e3o Bonaparte<\/span>\n<span class='av-rotator-text-single av-pdcbdk-438df945fd72362c5105d146561cc285 av-rotator-text-single-8' >Eu bebo champanhe quando estou feliz e quando estou triste. \u00c0s vezes, bebo quando estou sozinho; e quando tenho companhia, n\u00e3o posso deixar de beber. Quando n\u00e3o estou com fome, abro meu apetite com ele, e quando estou com fome, eu o saboreio. Mas, fora isso, n\u00e3o toco nele, exceto quando estou com sede. Lily Bollinger<\/span>\n<span class='av-rotator-text-single av-1b0pstk-68f69bf2e861a2407c193ec58be604e4 av-rotator-text-single-9' >O champanhe \u00e9 o \u00fanico vinho que deixa uma mulher bonita depois de beb\u00ea-lo. Madame De Pompadour<\/span>\n<span class='av-rotator-text-single av-4jhae0-3b30ccb6c96e3dd9e5d66acaed9764ae av-rotator-text-single-10' >O excesso de qualquer coisa \u00e9 ruim, mas o excesso de champanhe \u00e9 o ideal. Mark Twain<\/span>\n<span class='av-rotator-text-single av-4cbvew-f732f36d26451329f1f827b85ab6560e av-rotator-text-single-11' >O champanhe, se voc\u00ea est\u00e1 procurando a verdade, \u00e9 melhor do que um detector de mentiras. Graham Greene<\/span>\n<span class='av-rotator-text-single av-169ftig-b89f6c092205efc31662d1965a44a8e7 av-rotator-text-single-12' >Meu \u00fanico arrependimento na vida \u00e9 n\u00e3o ter bebido champanhe o suficiente. John Maynard Keynes<\/span>\n<span class='av-rotator-text-single av-154nuag-cdcd02581348af398a1bcfcafbbd0a08 av-rotator-text-single-13' >Eu s\u00f3 bebo champanhe duas vezes, quando estou apaixonado e quando n\u00e3o estou. Coco Chanel<\/span>\n<span class='av-rotator-text-single av-13eqby0-84ebd35dda507963eecb1b9b5aed3cce av-rotator-text-single-14' >O sentimento de amizade \u00e9 como ser recheado com carne assada, o amor \u00e9 como ser revitalizado com champanhe. Samuel Johnson<\/span>\n<span class='av-rotator-text-single av-11o0j2w-c12e8fb036a90f7c00083508fa44d683 av-rotator-text-single-15' >Champanhe e suco de laranja \u00e9 uma \u00f3tima bebida. A laranja melhora o champanhe. O champanhe definitivamente melhora a laranja. Philip, Duque de Edimburgo<\/span>\n<span class='av-rotator-text-single av-zrbr0o-7f8a5cc9ec00cb9a2f8181e2c0d7542d av-rotator-text-single-16' >Senhores, n\u00e3o estamos lutando apenas pela Fran\u00e7a, mas tamb\u00e9m pelo champanhe! Winston Churchill<\/span>\n<span class='av-rotator-text-single av-3ff13c-1cd5772594aec6d98dbd1fce072f9d95 av-rotator-text-single-17' >Em um mundo perfeito, todos beberiam uma ta\u00e7a de champanhe todas as noites. Willie Gluckstern<\/span>\n<span class='av-rotator-text-single av-bi6ig-bf9452396b9843d5cea4a882f0d652f0 av-rotator-text-single-18' >Despeje o champanhe e deixe sua mousse subir como milhares de olhos brilhantes e sorridentes. Jared M. Brown<\/span>\n<span class='av-rotator-text-single av-umqy20-4e669a26c88195ae598041a2583240f5 av-rotator-text-single-19' >N\u00e3o h\u00e1 nada mais bonito do que um p\u00f4r do sol com uma ta\u00e7a de champanhe. Jared M. Brown<\/span>\n<span class='av-rotator-text-single av-syk0so-6298344df6a47561f434c8734f63907d av-rotator-text-single-20' >Champagne, o rei dos vinhos e o vinho dos reis. Pr\u00edncipe Orlofsky<\/span>\n<span class='av-rotator-text-single av-qvzwpk-09ed23dffd1cdc130e9cc284c83e2007 av-rotator-text-single-21' >O champanhe deve ser frio, seco e, com sorte, gratuito. Christian Pol Roger<\/span>\n<span class='av-rotator-text-single av-q0i2t4-c8e67e3853a9be89667a69aa68f47393 av-rotator-text-single-22' >O prazer sem champanhe \u00e9 puramente artificial. Oscar Wilde<\/span>\n<span class='av-rotator-text-single av-njnrx4-10409d339f97e46ba9f1f1320490ca51 av-rotator-text-single-23' >Quando a vida lhe trouxer problemas, beba um pouco de champanhe e seus problemas se transformar\u00e3o em bolhas de sab\u00e3o. Desconhecido<\/span>\n<span class='av-rotator-text-single av-mlos54-85dd5d8322c90e12d5e18b891a316a5e av-rotator-text-single-24' >Se voc\u00ea n\u00e3o se arrisca, nunca deve beber champanhe. Um antigo prov\u00e9rbio russo.<\/span>\n<span class='av-rotator-text-single av-kl2brs-ed042841fe26491aabf86f5d78c81b32 av-rotator-text-single-25' >Eu s\u00f3 bebo champanhe em duas ocasi\u00f5es: Quando estou apaixonado e quando n\u00e3o estou. Coco Chanel<\/span>\n<span class='av-rotator-text-single av-ik0fug-542b30508ccd098729d34505a16dc2fc av-rotator-text-single-26' >Depois de uma vit\u00f3ria, voc\u00ea merece champanhe; depois de uma derrota, voc\u00ea precisa dele! Napole\u00e3o Bonaparte<\/span>\n<span class='av-rotator-text-single av-h8r1ug-5d93b612df221fc602dad96b90dbe779 av-rotator-text-single-27' >Comece o dia com um sorriso e termine-o com champanhe. desconhecido<\/span>\n<span class='av-rotator-text-single av-fojy20-eb8e278e4f214034df4553dd1462ffae av-rotator-text-single-28' >O champanhe lhe d\u00e1 a sensa\u00e7\u00e3o de que todo dia \u00e9 domingo! Marlene Dietrich<\/span>\n<span class='av-rotator-text-single av-e9m3jc-e5a444b202324c0b20b5b05c9393b47e av-rotator-text-single-29' >H\u00e1 momentos na vida de uma mulher em que a \u00fanica coisa que ajuda \u00e9 o champanhe! Betty Davis<\/span>\n<span class='av-rotator-text-single av-cyjcqg-80bea1de76fe7db827c075f11ea568d3 av-rotator-text-single-30' >Oh, Senhor, permita que eles aceitem as coisas que n\u00e3o podem mudar. E reze para que sua \u00fanica dor seja o champanhe. Kanye West<\/span>\n<span class='av-rotator-text-single av-b81hd4-3e228c7996a9f467e60775e1c3184a68 av-rotator-text-single-31' >Os grandes casos de amor come\u00e7am com champanhe e terminam com ch\u00e1 de ervas. Honore de Balzac<\/span>\n<span class='av-rotator-text-single av-8wm82w-9575a58028db63ca20b249b64d989735 av-rotator-text-single-32' >Eu s\u00f3 bebo champanhe quando estou feliz e quando estou triste! Lily Bollinger<\/span>\n<span class='av-rotator-text-single av-ogcx4-3c75a845fba25edbc4a770f92b2b3448 av-rotator-text-single-33' >H\u00e1 tr\u00eas coisas na vida que s\u00e3o insuport\u00e1veis: caf\u00e9 frio, champanhe morno e uma esposa superexcitada. Orson Welles<\/span>\n<span class='av-rotator-text-single av-o1r4zs-e6e1f1e2e5f234fe14394f6a5846538b av-rotator-text-single-34' >O padre acabou de batiz\u00e1-lo como crist\u00e3o. Agora eu o batizo como cidad\u00e3o franc\u00eas, querida crian\u00e7a, com uma gota de champanhe em seus l\u00e1bios. Paul Claudel (1868-1955)<\/span>\n<span class='av-rotator-text-single av-muuuuw-f59d73c916e4b92ee343dc7987344658 av-rotator-text-single-35' >A natureza espumante desse vinho franc\u00eas revela o verdadeiro g\u00eanio do povo franc\u00eas. Voltaire (1694-1778)<\/span>\n<span class='av-rotator-text-single av-7m07s-431cd07390a83fff354b2f636d7ecb81 av-rotator-text-single-36' >H\u00e1 algo na vida em um saf\u00e1ri que faz voc\u00ea esquecer todas as suas preocupa\u00e7\u00f5es e se sentir como se tivesse bebido meia garrafa de champanhe - h\u00e1 algo que faz voc\u00ea transbordar de gratid\u00e3o pela vida. Cita\u00e7\u00e3o de Karen Blixen<\/span>\n<span class='av-rotator-text-single av-j7ya2w-46b49aa9b860f59f22cd0e3ac3a54b59 av-rotator-text-single-37' >Tenha senso de humor, durma pouco, tenha um objetivo e n\u00e3o tome pouco champanhe! Prof. August Everding<\/span>\n<span class='av-rotator-text-single av-1r1gmw-233136e97239dfe205325edda81ed6e2 av-rotator-text-single-38' >Se voc\u00ea puder escolher entre ostras e champanhe, geralmente opta por ambos. Theodor Fontane<\/span>\n<span class='av-rotator-text-single av-gb3f0o-6313c83bec8e8de6f3330121ca180af5 av-rotator-text-single-39' >Eu fa\u00e7o vinho para mim. O que n\u00e3o posso beber eu mesmo, eu vendo! Victor Lanson<\/span>\n<span class='av-rotator-text-single av-djet7c-b5fb3c0534c84c9f4794d13f1a937f81 av-rotator-text-single-40' >Para mim, voc\u00ea \u00e9 mais doce do que chocolates, mais quente do que o vento do deserto, mais cintilante do que champanhe, mais significativo do que um beijo, mas apenas fora de alcance como as estrelas!<\/span>\n<span class='av-rotator-text-single av-cgus2g-b1137a66dec4995e96522e8852934901 av-rotator-text-single-41' >Quero vinho champanhe e quero que ele seja bem espumante! Johann Wolfgang von Goethe<\/span>\n<span class='av-rotator-text-single av-aunfyw-f238f17b915885c5515733e5a49c042a av-rotator-text-single-42' >Como as bolhas da vi\u00fava Klicko brilham no copo, doces e arejadas\". Wilhelm Busch sobre a Veuve Clicquot<\/span>\n<span class='av-rotator-text-single av-91l6zc-85c90eb6e9f66ab2094e08cbc0584cc8 av-rotator-text-single-43' >O elogio \u00e9 como o champanhe. Ambos devem ser servidos enquanto ainda est\u00e3o espumantes.<\/span>\n<span class='av-rotator-text-single av-7ovajs-c70a20b9333ba9d35f7b408d5f608925 av-rotator-text-single-44' >Com Bordeaux voc\u00ea pondera, com Burgundy voc\u00ea discute, com Champagne voc\u00ea comete loucuras! Anth\u00e8lme Brillat-Savarin<\/span>\n<span class='av-rotator-text-single av-65bjt4-c915b1b4d01bd8e9017d245fbb31cfa7 av-rotator-text-single-45' >Uma vez que o champanhe tenha sido borrifado, voc\u00ea n\u00e3o poder\u00e1 coloc\u00e1-lo de volta na garrafa! Presidente da FIA, Max Mosley<\/span>\n<span class='av-rotator-text-single av-evx88-c49ac3d3c5fecfea35e6720b3b1216b6 av-rotator-text-single-46' >O champanhe \u00e9 provavelmente a fonte mais feliz de inspira\u00e7\u00e3o. Mark Twain<\/span>\n<span class='av-rotator-text-single av-2kuf6g-f2d8b366ef9259a78bf46c894f2794a0 av-rotator-text-single-47' >S\u00f3 sou abst\u00eamio quando se trata de cerveja, n\u00e3o de champanhe. George Bernard Shaw<\/span>\n<\/span><\/h3><\/div><\/div>\n<style type=\"text\/css\" data-created_by=\"avia_inline_auto\" id=\"style-css-av-5y0znc-ecf90eeb43b293101c735ef6745c0649\">\n.flex_column.av-5y0znc-ecf90eeb43b293101c735ef6745c0649{\nborder-radius:0px 0px 0px 0px;\npadding:0px 0px 0px 0px;\n}\n<\/style>\n<div  class='flex_column av-5y0znc-ecf90eeb43b293101c735ef6745c0649 av_one_fifth  avia-builder-el-6  el_after_av_three_fifth  el_before_av_hr  flex_column_div av-zero-column-padding'     ><\/div>\n<style type=\"text\/css\" data-created_by=\"avia_inline_auto\" id=\"style-css-av-av_hr-740b43d1b484958137b1a60202c344d8\">\n#top .hr.av-av_hr-740b43d1b484958137b1a60202c344d8{\nmargin-top:30px;\nmargin-bottom:30px;\n}\n.hr.av-av_hr-740b43d1b484958137b1a60202c344d8 .hr-inner{\nwidth:100%;\nborder-color:#d2ae6f;\n}\n<\/style>\n<div  class='hr av-av_hr-740b43d1b484958137b1a60202c344d8 hr-custom  avia-builder-el-7  el_after_av_one_fifth  el_before_av_one_fifth  hr-center hr-icon-no'><span class='hr-inner inner-border-av-border-thin'><span class=\"hr-inner-style\"><\/span><\/span><\/div>\n<div class='flex_column_table av-lyy2v1xe-c004cec9e9db6aed44d5ea75cc2675b7 sc-av_one_fifth av-equal-height-column-flextable'>\n<style type=\"text\/css\" data-created_by=\"avia_inline_auto\" id=\"style-css-av-lyy2v1xe-c004cec9e9db6aed44d5ea75cc2675b7\">\n.flex_column.av-lyy2v1xe-c004cec9e9db6aed44d5ea75cc2675b7{\nborder-radius:0px 0px 0px 0px;\npadding:0px 0px 0px 0px;\n}\n<\/style>\n<div  class='flex_column av-lyy2v1xe-c004cec9e9db6aed44d5ea75cc2675b7 av_one_fifth  avia-builder-el-8  el_after_av_hr  el_before_av_three_fifth  first flex_column_table_cell av-equal-height-column av-align-top av-zero-column-padding'     ><\/div><div class='av-flex-placeholder'><\/div>\n<style type=\"text\/css\" data-created_by=\"avia_inline_auto\" id=\"style-css-av-av_three_fifth-96471c6a872bb75c0ce03c20d00030c6\">\n.flex_column.av-av_three_fifth-96471c6a872bb75c0ce03c20d00030c6{\nborder-radius:0px 0px 0px 0px;\npadding:0px 0px 0px 0px;\n}\n<\/style>\n<div  class='flex_column av-av_three_fifth-96471c6a872bb75c0ce03c20d00030c6 av_three_fifth  avia-builder-el-9  el_after_av_one_fifth  el_before_av_one_fifth  flex_column_table_cell av-equal-height-column av-align-top av-zero-column-padding'     ><p>\n<style type=\"text\/css\" data-created_by=\"avia_inline_auto\" id=\"style-css-av-lyy2hryi-7159e62e98d5b9d8a69d23d2b88b4979\">\n#top .av-special-heading.av-lyy2hryi-7159e62e98d5b9d8a69d23d2b88b4979{\npadding-bottom:10px;\n}\nbody .av-special-heading.av-lyy2hryi-7159e62e98d5b9d8a69d23d2b88b4979 .av-special-heading-tag .heading-char{\nfont-size:25px;\n}\n.av-special-heading.av-lyy2hryi-7159e62e98d5b9d8a69d23d2b88b4979 .av-subheading{\nfont-size:15px;\n}\n<\/style>\n<div  class='av-special-heading av-lyy2hryi-7159e62e98d5b9d8a69d23d2b88b4979 av-special-heading-h3 blockquote modern-quote modern-centered  avia-builder-el-10  el_before_av_textblock  avia-builder-el-first'><h3 class='av-special-heading-tag'  itemprop=\"headline\"  >Sobre cita\u00e7\u00f5es de champanhe<\/h3><div class=\"special-heading-border\"><div class=\"special-heading-inner-border\"><\/div><\/div><\/div><br \/>\n<section  class='av_textblock_section av-lyy2fx2v-7d2b4321f5d3f4f33fa1e4ae85aa3322'   itemscope=\"itemscope\" itemtype=\"https:\/\/schema.org\/CreativeWork\" ><div class='avia_textblock'  itemprop=\"text\" ><p><a href=\"https:\/\/champagner.com\/pt\/\">Champanhe<\/a>O champanhe, muitas vezes chamado de \"rei dos vinhos\", inspirou in\u00fameras cita\u00e7\u00f5es famosas ao longo dos s\u00e9culos. Essas cita\u00e7\u00f5es sobre o champanhe refletem a eleg\u00e2ncia, a solenidade e a alegria associadas \u00e0 degusta\u00e7\u00e3o dessa nobre bebida.<\/p>\n<p>Uma cita\u00e7\u00e3o famosa sobre champanhe vem de Coco Chanel, que disse: \"Eu s\u00f3 bebo champanhe em duas ocasi\u00f5es: quando estou apaixonada e quando n\u00e3o estou\". Essa declara\u00e7\u00e3o enfatiza o charme universal e a versatilidade do champanhe, que pode ser bebido tanto em momentos felizes quanto melanc\u00f3licos.<\/p>\n<p>Winston Churchill tamb\u00e9m era um grande apreciador de champanhe, bem como de cita\u00e7\u00f5es sobre champanhe, e frequentemente comentava sobre sua predile\u00e7\u00e3o por essa nobre gota. Uma de suas cita\u00e7\u00f5es mais famosas sobre champanhe \u00e9: \"Champagne should be chilled, <a href=\"https:\/\/champagner.com\/pt\/glossario-2\/sec\/\">seco<\/a> e ser livre\". Churchill era conhecido por sua exig\u00eancia <a href=\"https:\/\/champagner.com\/pt\/glossario-2\/mordida\/\">Sabor<\/a> e sua propens\u00e3o ao luxo, e essa cita\u00e7\u00e3o capta perfeitamente sua atitude.<\/p>\n<p>Oscar Wilde, o famoso escritor e d\u00e2ndi, comentou certa vez com uma cita\u00e7\u00e3o sobre champanhe: \"Somente as pessoas muito triviais s\u00e3o realmente s\u00e9rias, e somente as pessoas muito s\u00e9rias j\u00e1 criaram algo trivial\". Embora essa cita\u00e7\u00e3o n\u00e3o seja diretamente dirigida ao champanhe, os muitos outros coment\u00e1rios de Wilde sobre a vida e a arte refletem seu apre\u00e7o pelas coisas mais finas da vida, que certamente incluem o champanhe.<\/p>\n<p>Madame de Pompadour, a amante do rei Lu\u00eds XV, disse certa vez: \"O champanhe \u00e9 a \u00fanica bebida que deixa a mulher mais bonita quanto mais ela bebe\". Essa cita\u00e7\u00e3o enfatiza o aspecto glamouroso e sedutor do champanhe e como ele pode real\u00e7ar a eleg\u00e2ncia e a beleza de seus consumidores.<\/p>\n<h4>Resumo das cita\u00e7\u00f5es sobre champanhe<\/h4>\n<p>Juntas, essas cita\u00e7\u00f5es do champanhe mostram o fasc\u00ednio duradouro e o lugar especial que o champanhe ocupa na cultura e na cultura. <a href=\"https:\/\/champagner.com\/pt\/glossario-2\/origem-do-champanhe\/\">Hist\u00f3rico<\/a> leva. Seja para ocasi\u00f5es festivas, momentos rom\u00e2nticos ou simplesmente como um <a href=\"https:\/\/champagner.com\/pt\/champagne-recipes-cooking\/\">Indulg\u00eancia<\/a> na vida cotidiana - o champanhe sempre tem seu charme especial e inspira pessoas de todo o mundo. Aproveite a leitura das cita\u00e7\u00f5es sobre champanhe.<\/p>\n<\/div><\/section><\/p><\/div><div class='av-flex-placeholder'><\/div>\n<style type=\"text\/css\" data-created_by=\"avia_inline_auto\" id=\"style-css-av-av_one_fifth-96471c6a872bb75c0ce03c20d00030c6\">\n.flex_column.av-av_one_fifth-96471c6a872bb75c0ce03c20d00030c6{\nborder-radius:0px 0px 0px 0px;\npadding:0px 0px 0px 0px;\n}\n<\/style>\n<div  class='flex_column av-av_one_fifth-96471c6a872bb75c0ce03c20d00030c6 av_one_fifth  avia-builder-el-12  el_after_av_three_fifth  avia-builder-el-last  flex_column_table_cell av-equal-height-column av-align-top av-zero-column-padding'     ><\/div><\/div><!--close column table wrapper. Autoclose: 1 -->","protected":false},"excerpt":{"rendered":"","protected":false},"author":1,"featured_media":4618,"parent":0,"menu_order":0,"comment_status":"closed","ping_status":"closed","template":"","meta":{"footnotes":""},"class_list":["post-4024","page","type-page","status-publish","has-post-thumbnail","hentry"],"_links":{"self":[{"href":"https:\/\/champagner.com\/pt\/wp-json\/wp\/v2\/pages\/4024","targetHints":{"allow":["GET"]}}],"collection":[{"href":"https:\/\/champagner.com\/pt\/wp-json\/wp\/v2\/pages"}],"about":[{"href":"https:\/\/champagner.com\/pt\/wp-json\/wp\/v2\/types\/page"}],"author":[{"embeddable":true,"href":"https:\/\/champagner.com\/pt\/wp-json\/wp\/v2\/users\/1"}],"replies":[{"embeddable":true,"href":"https:\/\/champagner.com\/pt\/wp-json\/wp\/v2\/comments?post=4024"}],"version-history":[{"count":0,"href":"https:\/\/champagner.com\/pt\/wp-json\/wp\/v2\/pages\/4024\/revisions"}],"wp:featuredmedia":[{"embeddable":true,"href":"https:\/\/champagner.com\/pt\/wp-json\/wp\/v2\/media\/4618"}],"wp:attachment":[{"href":"https:\/\/champagner.com\/pt\/wp-json\/wp\/v2\/media?parent=4024"}],"curies":[{"name":"wp","href":"https:\/\/api.w.org\/{rel}","templated":true}]}}