{"id":5082,"date":"2021-01-06T20:14:58","date_gmt":"2021-01-06T20:14:58","guid":{"rendered":"https:\/\/champagner.eu\/?page_id=5082"},"modified":"2024-08-09T06:56:31","modified_gmt":"2024-08-09T06:56:31","slug":"area-de-cultivo","status":"publish","type":"page","link":"https:\/\/champagner.com\/pt\/area-de-cultivo\/","title":{"rendered":"Regi\u00e3o em crescimento"},"content":{"rendered":"<div   class='avia-fullscreen-slider main_color   avia-builder-el-0  el_before_av_section  avia-builder-el-first  container_wrap fullsize'  ><div  class='avia-slideshow av-kjlutkb8-cb10e7f7988a7c552d25cc6be2a3641c avia-slideshow-extra_large av_fullscreen avia-slide-slider av-slideshow-ui av-control-default av-slideshow-manual av-loop-once av-loop-manual-endless av-default-height-applied   avia-slideshow-1' data-slideshow-options=\"{&quot;animation&quot;:&quot;slide&quot;,&quot;autoplay&quot;:false,&quot;loop_autoplay&quot;:&quot;once&quot;,&quot;interval&quot;:5,&quot;loop_manual&quot;:&quot;manual-endless&quot;,&quot;autoplay_stopper&quot;:false,&quot;noNavigation&quot;:false,&quot;bg_slider&quot;:true,&quot;keep_padding&quot;:false,&quot;hoverpause&quot;:false,&quot;show_slide_delay&quot;:0,&quot;slide_height&quot;:&quot;100&quot;,&quot;image_attachment&quot;:&quot;&quot;}\"  itemprop=\"image\" itemscope=\"itemscope\" itemtype=\"https:\/\/schema.org\/ImageObject\" ><ul class='avia-slideshow-inner' style='padding-bottom: 66.666666666667%;'><li style='background-position:center center;' data-img-url='https:\/\/champagner.com\/wp-content\/uploads\/2018\/04\/beaumont-des-crayeres-champagner-reben.jpg' class='avia-slideshow-slide av-kjlutkb8-cb10e7f7988a7c552d25cc6be2a3641c__0  av-single-slide slide-1 slide-odd'><div data-rel='slideshow-1' class='avia-slide-wrap'   ><\/div><\/li><\/ul><\/div><\/div>\n<div id='av_section_1'  class='avia-section av-9qys-7fbec837cc9414b56951d589a49fa01e main_color avia-section-default avia-no-border-styling  avia-builder-el-1  el_after_av_fullscreen  el_before_av_heading  avia-bg-style-scroll container_wrap fullsize'  ><div class='container av-section-cont-open' ><div class='template-page content  av-content-full alpha units'><div class='post-entry post-entry-type-page post-entry-5082'><div class='entry-content-wrapper clearfix'>\n\n<style type=\"text\/css\" data-created_by=\"avia_inline_auto\" id=\"style-css-av-9tz4-26c14c70028d90a54aefce07862c0d7e\">\n.flex_column.av-9tz4-26c14c70028d90a54aefce07862c0d7e{\nborder-radius:0px 0px 0px 0px;\npadding:0px 0px 0px 0px;\n}\n<\/style>\n<div  class='flex_column av-9tz4-26c14c70028d90a54aefce07862c0d7e av_one_fifth  avia-builder-el-2  el_before_av_three_fourth  avia-builder-el-first  first flex_column_div av-zero-column-padding'     ><\/div>\n<style type=\"text\/css\" data-created_by=\"avia_inline_auto\" id=\"style-css-av-5y3a-c3ba98e644c5ae5c87ca984f1618400f\">\n.flex_column.av-5y3a-c3ba98e644c5ae5c87ca984f1618400f{\nborder-radius:0px 0px 0px 0px;\npadding:0px 0px 0px 0px;\n}\n<\/style>\n<div  class='flex_column av-5y3a-c3ba98e644c5ae5c87ca984f1618400f av_three_fourth  avia-builder-el-3  el_after_av_one_fifth  avia-builder-el-last  flex_column_div av-zero-column-padding'     ><p>\n<style type=\"text\/css\" data-created_by=\"avia_inline_auto\" id=\"style-css-av-kkcmrz8y-c640ccf200bfcc3fed1261baad64ab35\">\n#top .av-special-heading.av-kkcmrz8y-c640ccf200bfcc3fed1261baad64ab35{\npadding-bottom:30px;\nfont-size:50px;\n}\nbody .av-special-heading.av-kkcmrz8y-c640ccf200bfcc3fed1261baad64ab35 .av-special-heading-tag .heading-char{\nfont-size:25px;\n}\n#top #wrap_all .av-special-heading.av-kkcmrz8y-c640ccf200bfcc3fed1261baad64ab35 .av-special-heading-tag{\nfont-size:50px;\n}\n.av-special-heading.av-kkcmrz8y-c640ccf200bfcc3fed1261baad64ab35 .av-subheading{\nfont-size:15px;\n}\n\n@media only screen and (min-width: 480px) and (max-width: 767px){ \n#top #wrap_all .av-special-heading.av-kkcmrz8y-c640ccf200bfcc3fed1261baad64ab35 .av-special-heading-tag{\nfont-size:0.8em;\n}\n}\n\n@media only screen and (max-width: 479px){ \n#top #wrap_all .av-special-heading.av-kkcmrz8y-c640ccf200bfcc3fed1261baad64ab35 .av-special-heading-tag{\nfont-size:0.8em;\n}\n}\n<\/style>\n<div  class='av-special-heading av-kkcmrz8y-c640ccf200bfcc3fed1261baad64ab35 av-special-heading-h1 blockquote modern-quote modern-centered  avia-builder-el-4  el_before_av_textblock  avia-builder-el-first  av-inherit-size'><h1 class='av-special-heading-tag'  itemprop=\"headline\"  >A regi\u00e3o de Champagne<\/h1><div class=\"special-heading-border\"><div class=\"special-heading-inner-border\"><\/div><\/div><\/div><br \/>\n\n<style type=\"text\/css\" data-created_by=\"avia_inline_auto\" id=\"style-css-av-kj4bin1p-574f3f2c4e650edd041a93a3eb080cd4\">\n#top .av_textblock_section.av-kj4bin1p-574f3f2c4e650edd041a93a3eb080cd4 .avia_textblock{\nfont-size:18px;\n}\n<\/style>\n<section  class='av_textblock_section av-kj4bin1p-574f3f2c4e650edd041a93a3eb080cd4'   itemscope=\"itemscope\" itemtype=\"https:\/\/schema.org\/CreativeWork\" ><div class='avia_textblock'  itemprop=\"text\" ><div style=\"text-align: justify;\">\n<p>Champagne, no cora\u00e7\u00e3o da Fran\u00e7a, a cerca de 130 quil\u00f4metros a leste de Paris, \u00e9 o lar das nobres videiras e da regi\u00e3o de cultivo.<\/p>\n<p>Um crit\u00e9rio importante para a delimita\u00e7\u00e3o da \u00e1rea de cultivo de vinho foi a composi\u00e7\u00e3o do solo. O giz belemnita do per\u00edodo secund\u00e1rio e os microelementos s\u00e3o \u00fanicos. A base de giz \u00e9 revestida com uma mistura de h\u00famus\/argila de aproximadamente 20 a 50 cm de espessura, que \u00e9 penetrada pelas ra\u00edzes da videira profundamente no giz. Cria-se um equil\u00edbrio precioso porque, al\u00e9m do valor nutricional do h\u00famus, o giz n\u00e3o apenas ret\u00e9m a umidade ideal, mas tamb\u00e9m armazena o calor do dia e o libera lentamente para as videiras \u00e0 noite: um sistema de ar condicionado natural!<\/p>\n<p>As florestas altas protegem contra ventos fortes. O clima em Champagne \u00e9 variado e, \u00e0s vezes, muito rigoroso, dependendo da esta\u00e7\u00e3o. Ao longo dos s\u00e9culos, o <a href=\"https:\/\/champagner.com\/pt\/\">Champanhe<\/a> No entanto, o champanhe pode se desenvolver muito bem l\u00e1, porque geralmente n\u00e3o \u00e9 nem muito frio nem muito quente. A quantidade de uvas por hectare que pode ser usada para produzir Champagne \u00e9 definida por lei todos os anos, pouco antes da colheita das uvas: em 1996, por exemplo, um m\u00e1ximo de 10.400 kg de uvas por hectare tinha direito \u00e0 designa\u00e7\u00e3o AOC <strong>Champanhe<\/strong> e <strong>Cote\u00e4ux Champenois<\/strong> (vinho tranquilo da regi\u00e3o de Champagne).<\/p>\n<p>A \u00e1rea total que foi decidida l\u00e1 est\u00e1 agora completamente plantada com videiras, de modo que a \u00e1rea de cultivo foi estendida para mais 150 quil\u00f4metros.<\/p>\n<p>A vantagem a ser mencionada \u00e9 que o champanhe n\u00e3o \u00e9 mais homog\u00eaneo devido aos diferentes tipos de solo e microclimas e, portanto, pode variar muito em sabor e apar\u00eancia de regi\u00e3o para regi\u00e3o.<br \/>\nAs regi\u00f5es mais importantes s\u00e3o, portanto, Vall\u00e9e de la Marne, Montagne de <a href=\"https:\/\/champagner.com\/pt\/glossario-2\/origem-do-champanhe\/\">Reims<\/a>C\u00f4te des Bar e C\u00f4te des Blancs.<\/p>\n<\/div>\n<\/div><\/section><br \/>\n\n<style type=\"text\/css\" data-created_by=\"avia_inline_auto\" id=\"style-css-av-kkb5v2a0-013e4de4f43f3cd357948605447fe69f\">\n#top .av-special-heading.av-kkb5v2a0-013e4de4f43f3cd357948605447fe69f{\npadding-bottom:10px;\n}\nbody .av-special-heading.av-kkb5v2a0-013e4de4f43f3cd357948605447fe69f .av-special-heading-tag .heading-char{\nfont-size:25px;\n}\n.av-special-heading.av-kkb5v2a0-013e4de4f43f3cd357948605447fe69f .av-subheading{\nfont-size:15px;\n}\n<\/style>\n<div  class='av-special-heading av-kkb5v2a0-013e4de4f43f3cd357948605447fe69f av-special-heading-h2 blockquote modern-quote  avia-builder-el-6  el_after_av_textblock  el_before_av_textblock'><h2 class='av-special-heading-tag'  itemprop=\"headline\"  >A \u00e1rea de cultivo definida a partir de 1927<\/h2><div class=\"special-heading-border\"><div class=\"special-heading-inner-border\"><\/div><\/div><\/div><br \/>\n<section  class='av_textblock_section av-58wfzj-ae72ca80b6c5b7bc25f2c49c34a4bda0'   itemscope=\"itemscope\" itemtype=\"https:\/\/schema.org\/CreativeWork\" ><div class='avia_textblock'  itemprop=\"text\" ><div style=\"text-align: justify;\">\n<p>A \u00e1rea em que as videiras de Champagne crescem \u00e9 \u00fanica no mundo, pois foi decidido em 22 de julho de 1927 que as uvas para Champagne s\u00f3 seriam cultivadas em uma \u00e1rea de 33.500 hectares. Isso significa que, quando essa exig\u00eancia (Appellation d\u2032Origine Contr\u00f4l\u00e9e) foi decidida, eles estavam olhando para o futuro e influenciaram significativamente a qualidade da bebida at\u00e9 hoje. Cerca de 30.700 hectares s\u00e3o capazes de produzir (3% da \u00e1rea vin\u00edcola da Fran\u00e7a). Dentro dessa \u00e1rea <strong>Delimita\u00e7\u00e3o de zona<\/strong> H\u00e1 quatro grandes \u00e1reas:<\/p>\n<ul>\n<li>Montagne de Reims | As montanhas de Reims<\/li>\n<li>Valle de la Marne | O Vale do Marne<\/li>\n<li>Cote des Blancs | The White Slope<\/li>\n<li>C\u00f4te des Bar \/ Sezanne | A regi\u00e3o de cultivo do sul<\/li>\n<\/ul>\n<p>Nenhum champanhe pode ser produzido fora dessas \u00e1reas.<\/p>\n<\/div>\n<\/div><\/section><br \/>\n\n<style type=\"text\/css\" data-created_by=\"avia_inline_auto\" id=\"style-css-av-kkb5vep6-27db5a2a8e491dfd11be95cf7a9f6fcb\">\n#top .av-special-heading.av-kkb5vep6-27db5a2a8e491dfd11be95cf7a9f6fcb{\npadding-bottom:10px;\n}\nbody .av-special-heading.av-kkb5vep6-27db5a2a8e491dfd11be95cf7a9f6fcb .av-special-heading-tag .heading-char{\nfont-size:25px;\n}\n.av-special-heading.av-kkb5vep6-27db5a2a8e491dfd11be95cf7a9f6fcb .av-subheading{\nfont-size:15px;\n}\n<\/style>\n<div  class='av-special-heading av-kkb5vep6-27db5a2a8e491dfd11be95cf7a9f6fcb av-special-heading-h2 blockquote modern-quote  avia-builder-el-8  el_after_av_textblock  el_before_av_image'><h2 class='av-special-heading-tag'  itemprop=\"headline\"  >A regi\u00e3o de Champagne<\/h2><div class=\"special-heading-border\"><div class=\"special-heading-inner-border\"><\/div><\/div><\/div><br \/>\n\n<style type=\"text\/css\" data-created_by=\"avia_inline_auto\" id=\"style-css-av-kjluw2vl-1-c49c60cc1898385037e0503d5add3e1d\">\n.avia-image-container.av-kjluw2vl-1-c49c60cc1898385037e0503d5add3e1d img.avia_image{\nbox-shadow:none;\n}\n.avia-image-container.av-kjluw2vl-1-c49c60cc1898385037e0503d5add3e1d .av-image-caption-overlay-center{\ncolor:#ffffff;\n}\n<\/style>\n<div  class='avia-image-container av-kjluw2vl-1-c49c60cc1898385037e0503d5add3e1d av-styling- avia-align-center  avia-builder-el-9  el_after_av_heading  el_before_av_textblock'   itemprop=\"image\" itemscope=\"itemscope\" itemtype=\"https:\/\/schema.org\/ImageObject\" ><div class=\"avia-image-container-inner\"><div class=\"avia-image-overlay-wrap\"><img decoding=\"async\" fetchpriority=\"high\" class='wp-image-5083 avia-img-lazy-loading-not-5083 avia_image' src=\"https:\/\/champagner.com\/wp-content\/uploads\/2021\/01\/champagne-1030x538.png\" alt='Mapa de Champagne, enciclop\u00e9dia' title='Mapa de Champagne, enciclop\u00e9dia'  height=\"538\" width=\"1030\"  itemprop=\"thumbnailUrl\" srcset=\"https:\/\/champagner.com\/wp-content\/uploads\/2021\/01\/champagne-1030x538.png 1030w, https:\/\/champagner.com\/wp-content\/uploads\/2021\/01\/champagne-300x157.png 300w, https:\/\/champagner.com\/wp-content\/uploads\/2021\/01\/champagne-768x401.png 768w, https:\/\/champagner.com\/wp-content\/uploads\/2021\/01\/champagne-16x8.png 16w, https:\/\/champagner.com\/wp-content\/uploads\/2021\/01\/champagne-705x368.png 705w, https:\/\/champagner.com\/wp-content\/uploads\/2021\/01\/champagne.png 1200w\" sizes=\"(max-width: 1030px) 100vw, 1030px\" \/><\/div><\/div><\/div><br \/>\n\n<style type=\"text\/css\" data-created_by=\"avia_inline_auto\" id=\"style-css-av-lysa3nri-3b4a2e21e7102432a812b645f7245357\">\n#top .av_textblock_section.av-lysa3nri-3b4a2e21e7102432a812b645f7245357 .avia_textblock{\ntext-align:left;\n}\n<\/style>\n<section  class='av_textblock_section av-lysa3nri-3b4a2e21e7102432a812b645f7245357'   itemscope=\"itemscope\" itemtype=\"https:\/\/schema.org\/CreativeWork\" ><div class='avia_textblock'  itemprop=\"text\" ><div class=\"flex flex-grow flex-col max-w-full\">\n<div class=\"min-h-&#091;20px&#093; text-message flex w-full flex-col items-end gap-2 whitespace-pre-wrap break-words &#091;.text-message+&amp;&#093;:mt-5 overflow-x-auto\" dir=\"auto\" data-message-author-role=\"assistant\" data-message-id=\"a4632d4a-d84c-4f78-b798-9f482eed8a88\">\n<div class=\"flex w-full flex-col gap-1 empty:hidden first:pt-&#091;3px&#093;\">\n<div class=\"markdown prose w-full break-words dark:prose-invert light\">\n<p>Em Champagne, uma famosa regi\u00e3o vin\u00edcola da Fran\u00e7a, h\u00e1 v\u00e1rias \u00e1reas de cultivo, vilarejos e cidades que desempenham seu papel na produ\u00e7\u00e3o desse premiado vinho espumante. Aqui est\u00e1 uma lista completa das \u00e1reas de cultivo de vinho mais importantes e dos vilarejos e cidades associados:<\/p>\n<h3>Regi\u00f5es de cultivo (regi\u00f5es cru e sub-cru)<\/h3>\n<ol>\n<li><a href=\"https:\/\/champagner.com\/pt\/glossario-2\/rimas\/\"><strong>Montanha de Reims<\/strong><\/a>\n<ul>\n<li><strong>Vilas\/cidades<\/strong>Verzy, Verzanay, Bouzy, Ambonnay, Mailly-Champagne, Ludes, Puisieulx, Sacy, Rilly-la-Montagne, Tauxi\u00e8res-Mutry, Ludes, Villers-Marmery<\/li>\n<\/ul>\n<\/li>\n<li><strong>Vale do Marne<\/strong>\n<ul>\n<li><strong>Vilas\/cidades<\/strong>\u00c9pernay, Dizy, Hautvillers, Mardeuil, Cumi\u00e8res, Damery, Festigny, A\u00ff, Chouilly, Le Breuil, Oiry, Venteuil<\/li>\n<\/ul>\n<\/li>\n<li><a href=\"https:\/\/champagner.com\/pt\/glossario-2\/cote-des-blancs\/\"><strong>C\u00f4te des Blancs<\/strong><\/a>\n<ul>\n<li><strong>Vilas\/cidades<\/strong>Le Mesnil-sur-Oger, Avize, Cramant, Oger, Chouilly, Vertus, Berg\u00e8res-les-Vertus<\/li>\n<\/ul>\n<\/li>\n<li><strong>C\u00f4te de S\u00e9zanne<\/strong>\n<ul>\n<li><strong>Vilas\/cidades<\/strong>S\u00e9zanne, Montgenost, Verdelot, Broyes<\/li>\n<\/ul>\n<\/li>\n<li><a href=\"https:\/\/champagner.com\/pt\/glossario-2\/cote-des-bar\/\"><strong>C\u00f4te des Bar<\/strong><\/a>\n<ul>\n<li><strong>Vilas\/cidades<\/strong>Bar-sur-Aube, Bar-sur-Seine, Montgueux, Essoyes, Polisy, Marnay-sur-Seine<\/li>\n<\/ul>\n<\/li>\n<\/ol>\n<h3>Vilas e cidades especiais<\/h3>\n<ul>\n<li><a href=\"https:\/\/champagner.com\/pt\/glossario-2\/epernay\/\"><strong>\u00c9pernay<\/strong><\/a>Uma das cidades mais importantes para a produ\u00e7\u00e3o de champanhe, frequentemente chamada de \"capital do champanhe\".<\/li>\n<li><a href=\"https:\/\/champagner.com\/pt\/glossario-2\/hautvillers\/\"><strong>Hautvillers<\/strong><\/a>Conhecido como o local onde Dom P\u00e9rignon, o famoso monge do champanhe, viveu e trabalhou.<\/li>\n<li><a href=\"https:\/\/champagner.com\/pt\/glossario-2\/ay\/\"><strong>A\u00ff-Champagne<\/strong><\/a>Uma conhecida regi\u00e3o vin\u00edcola no Vall\u00e9e de la Marne, famosa por seus champanhes de alta qualidade.<\/li>\n<\/ul>\n<p>Essa lista fornece uma vis\u00e3o geral das regi\u00f5es e localidades de cultivo mais importantes que s\u00e3o significativas para a produ\u00e7\u00e3o de champanhe.<\/p>\n<\/div>\n<\/div>\n<\/div>\n<\/div>\n<\/div><\/section><\/p><\/div>\n<\/div><\/div><\/div><!-- close content main div --><\/div><\/div><div id='after_section_1'  class='main_color av_default_container_wrap container_wrap fullsize'  ><div class='container av-section-cont-open' ><div class='template-page content  av-content-full alpha units'><div class='post-entry post-entry-type-page post-entry-5082'><div class='entry-content-wrapper clearfix'>\n\n<style type=\"text\/css\" data-created_by=\"avia_inline_auto\" id=\"style-css-av-lzm4c46r-4a0f7090c44930e30d2623b3d3e8e6f7\">\n#top .av-special-heading.av-lzm4c46r-4a0f7090c44930e30d2623b3d3e8e6f7{\npadding-bottom:10px;\n}\nbody .av-special-heading.av-lzm4c46r-4a0f7090c44930e30d2623b3d3e8e6f7 .av-special-heading-tag .heading-char{\nfont-size:25px;\n}\n.av-special-heading.av-lzm4c46r-4a0f7090c44930e30d2623b3d3e8e6f7 .av-subheading{\nfont-size:15px;\n}\n<\/style>\n<div  class='av-special-heading av-lzm4c46r-4a0f7090c44930e30d2623b3d3e8e6f7 av-special-heading-h3 blockquote modern-quote  avia-builder-el-11  el_after_av_section  el_before_av_textblock  avia-builder-el-first'><h3 class='av-special-heading-tag'  itemprop=\"headline\"  >Uma vis\u00e3o geral de quase todas as cidades, vilarejos e munic\u00edpios de Champagne<\/h3><div class=\"special-heading-border\"><div class=\"special-heading-inner-border\"><\/div><\/div><\/div>\n<section  class='av_textblock_section av-lzm4cv39-82623ee45660c13664f0a13c6747fdb1'   itemscope=\"itemscope\" itemtype=\"https:\/\/schema.org\/CreativeWork\" ><div class='avia_textblock'  itemprop=\"text\" ><p>H\u00e1 muitos pequenos vilarejos e comunas em Champagne, muitos dos quais est\u00e3o intimamente ligados \u00e0 viticultura e \u00e0 produ\u00e7\u00e3o de champanhe. Aqui est\u00e1 uma lista de cerca de 300 deles <a href=\"https:\/\/champagner.com\/pt\/locais\/\">Locais<\/a>que s\u00e3o conhecidos por seus vinhedos e casas de champanhe:<\/p>\n<ol>\n<li>Acy-Romance<\/li>\n<li>Allainville<\/li>\n<li>Ambonnay<\/li>\n<li>Ambri\u00e8res<\/li>\n<li>Amifontaine<\/li>\n<li>Ambly-Fleury<\/li>\n<li>Andilly-en-Bassigny<\/li>\n<li>Anthenay<\/li>\n<li>Arcey<\/li>\n<li>Arcis-sur-Aube<\/li>\n<li>Arcy-Sainte-Restitue<\/li>\n<li>Ardeuil-et-Montfauxelles<\/li>\n<li>Aubilly<\/li>\n<li>Aubigny-sur-Badin<\/li>\n<li>Auberville-sur-Aube<\/li>\n<li>Aulnay-sur-Marne<\/li>\n<li>Aulnizeux<\/li>\n<li>Aumenancourt<\/li>\n<li>Aumenancourt-le-Grand<\/li>\n<li>Autreville-sur-la-Renne<\/li>\n<li>Avenay-Val-d'Or<\/li>\n<li>Avaux<\/li>\n<li>Avize<\/li>\n<li>Bar-sur-Aube<\/li>\n<li>Bar-sur-Seine<\/li>\n<li>Baroville<\/li>\n<li>Bassuet<\/li>\n<li>Bannay<\/li>\n<li>Baye<\/li>\n<li>Bazancourt<\/li>\n<li>Beaunay<\/li>\n<li>Beaumont-sur-Vesle<\/li>\n<li>Belval-Bois-des-Dames<\/li>\n<li>Belval-en-Argonne<\/li>\n<li>Belval-sous-Ch\u00e2tillon<\/li>\n<li>Berg\u00e8res-l\u00e8s-Vertus<\/li>\n<li>Berg\u00e8res-sous-Montmirail<\/li>\n<li>Bignicourt-sur-Saulx<\/li>\n<li>Binson-et-Orquigny<\/li>\n<li>Bisseuil<\/li>\n<li>Bligny<\/li>\n<li>Bligny-l\u00e8s-Beaune<\/li>\n<li>Boult-sur-Suippe<\/li>\n<li>Boursault<\/li>\n<li>Bouzy<\/li>\n<li>Bouzy-la-For\u00eat<\/li>\n<li>Braux-Sainte-Cohi\u00e8re<\/li>\n<li>Braux-Saint-Remy<\/li>\n<li>Bragelogne-Beauvoir<\/li>\n<li>Breuil<\/li>\n<li>Brouillet<\/li>\n<li>Brusson<\/li>\n<li>Buire-au-Bois<\/li>\n<li>Champaubert<\/li>\n<li>Champfleury<\/li>\n<li>Champguyon<\/li>\n<li>Champigny<\/li>\n<li>Champillon<\/li>\n<li>Champlat-et-Boujacourt<\/li>\n<li>Champvoisy<\/li>\n<li>Chantrign\u00e9<\/li>\n<li>Changy<\/li>\n<li>Channes<\/li>\n<li>Ch\u00e2lons-en-Champagne<\/li>\n<li>Charmes-en-l'Angle<\/li>\n<li>Charny-le-Bachot<\/li>\n<li>Ch\u00e2telraould-Saint-Louvent<\/li>\n<li>Ch\u00e2tillon-sur-Marne<\/li>\n<li>Chaumuzy<\/li>\n<li>Chavannes-sur-Reyssouze<\/li>\n<li>Chavignol<\/li>\n<li>Chavot-Courcourt<\/li>\n<li>Chennegy<\/li>\n<li>Chichey<\/li>\n<li>Chigny-les-Roses<\/li>\n<li>Chouilly<\/li>\n<li>Clamanges<\/li>\n<li>Colomb\u00e9-la-Fosse<\/li>\n<li>Colomb\u00e9-le-Sec<\/li>\n<li>Coligny<\/li>\n<li>Cond\u00e9-sur-Marne<\/li>\n<li>Connantre<\/li>\n<li>Connigis<\/li>\n<li>Jugos de coizard<\/li>\n<li>Congy<\/li>\n<li>Cormicy<\/li>\n<li>Cormontreuil<\/li>\n<li>Cormoyeux<\/li>\n<li>Coroas<\/li>\n<li>Courcemain<\/li>\n<li>Courcy<\/li>\n<li>Courdemanges<\/li>\n<li>Courgivaux<\/li>\n<li>Courmas<\/li>\n<li>Courthi\u00e9zy<\/li>\n<li>Courville<\/li>\n<li>Cramant<\/li>\n<li>Crugny<\/li>\n<li>Cuchery<\/li>\n<li>Cuis<\/li>\n<li>Cumi\u00e8res<\/li>\n<li>Dambenois<\/li>\n<li>Damery<\/li>\n<li>Dizy<\/li>\n<li>Dizy magenta<\/li>\n<li>Dormans<\/li>\n<li>Drouilly<\/li>\n<li>\u00c9claires<\/li>\n<li>\u00c9pernay<\/li>\n<li>\u00c9poye<\/li>\n<li>Essoyes<\/li>\n<li>Esternay<\/li>\n<li>\u00c9toges<\/li>\n<li>F\u00e8re-Champenoise<\/li>\n<li>F\u00e8re-en-Tardenois<\/li>\n<li>Fismes<\/li>\n<li>Fleury-la-Rivi\u00e8re<\/li>\n<li>Fontaine-Denis-Nuisy<\/li>\n<li>Fontaine-sur-Ay<\/li>\n<li>Fontaine-sur-Coole<\/li>\n<li>Fosse-la-Ville<\/li>\n<li>Fromenteau<\/li>\n<li>Gaye<\/li>\n<li>Germaine<\/li>\n<li>Germigny-l'\u00c9v\u00eaque<\/li>\n<li>Germinon<\/li>\n<li>Gionges<\/li>\n<li>Givry-en-Argonne<\/li>\n<li>Givry-l\u00e8s-Loisy<\/li>\n<li><a href=\"https:\/\/champagner.com\/pt\/glossario-2\/cinza\/\">Vinhas cinzas<\/a><\/li>\n<li>Granges-sur-Aube<\/li>\n<li>Haussimont<\/li>\n<li>Hautvillers<\/li>\n<li>Hermonville<\/li>\n<li>Isse<\/li>\n<li>Jonquery<\/li>\n<li>Landricourt<\/li>\n<li>Lhuitre<\/li>\n<li>Leuvrigny<\/li>\n<li>Louvois<\/li>\n<li>Ludes<\/li>\n<li>Lux\u00e9mont-et-Villotte<\/li>\n<li>Magenta<\/li>\n<li>Mancy<\/li>\n<li>Marcilly-sur-Seine<\/li>\n<li>Marfaux<\/li>\n<li>Marigny<\/li>\n<li>Mareuil-en-Brie<\/li>\n<li>Mareuil-le-Port<\/li>\n<li>Mareuil-sur-Ay<\/li>\n<li>Mardeuil<\/li>\n<li>Matougues<\/li>\n<li>Merfy<\/li>\n<li>Mesnil-sur-Oger<\/li>\n<li>Mo\u00ebt<\/li>\n<li>Mondement-Montgivroux<\/li>\n<li>Montceaux-l\u00e8s-Meaux<\/li>\n<li>Montgenost<\/li>\n<li>Montgueux<\/li>\n<li>Monthelon<\/li>\n<li>Morangis<\/li>\n<li>Moussy<\/li>\n<li>Moussy-Verzenay<\/li>\n<li>Mutigny<\/li>\n<li>Nesle-le-Repons<\/li>\n<li>Nogent-l'Abbesse<\/li>\n<li>Norrois<\/li>\n<li>Nuisement-sur-Coole<\/li>\n<li>Oeuilly<\/li>\n<li>Ogro<\/li>\n<li>Oiry<\/li>\n<li>Orbais-l'Abbaye<\/li>\n<li>Orconte<\/li>\n<li>Passy-Grigny<\/li>\n<li>Pargny-l\u00e8s-Reims<\/li>\n<li>P\u00e9as<\/li>\n<li>P\u00e9vy<\/li>\n<li>Pierry<\/li>\n<li>Pliv\u00f4<\/li>\n<li>Pleurs<\/li>\n<li>Pogny<\/li>\n<li>Potangis<\/li>\n<li>Pourcy<\/li>\n<li>Puisieulx<\/li>\n<li>Reims<\/li>\n<li>Reuil<\/li>\n<li>Reuil-sur-Marne<\/li>\n<li>Romaria<\/li>\n<li>Romigny<\/li>\n<li>Saint-Amand-sur-Fion<\/li>\n<li>Saint-Brice-Courcelles<\/li>\n<li>Saint-Euphraise-et-Clairizet<\/li>\n<li>Saint-Hilaire-au-Temple<\/li>\n<li>Saint-Hilaire-le-Grand<\/li>\n<li>Saint-Jean-sur-Moivre<\/li>\n<li>Saint-Lumier-en-Champagne<\/li>\n<li>Saint-Mard-sur-Auve<\/li>\n<li>Saint-Martin-d'Ablois<\/li>\n<li>Saint-Martin-sur-le-Pr\u00e9<\/li>\n<li>Saint-Memmie<\/li>\n<li>Saint-Prix<\/li>\n<li>Saint-Quentin-le-Verger<\/li>\n<li>Saint-Remy-en-Bouzemont<\/li>\n<li>Saint-Remy-en-Comt\u00e9<\/li>\n<li>Saint-Souplet-sur-Py<\/li>\n<li>Saint-Thomas-en-Argonne<\/li>\n<li>Sainte-Marie-\u00e0-Py<\/li>\n<li>Sainte-Menehould<\/li>\n<li>Sarcy<\/li>\n<li>Sarry<\/li>\n<li>Saron-sur-Aube<\/li>\n<li>Sermaize-les-Bains<\/li>\n<li>Sermiers<\/li>\n<li>Sillery<\/li>\n<li>Somme-Suippe<\/li>\n<li>Somme Tourbe<\/li>\n<li>Somme-Vesle<\/li>\n<li>Sommepy-Tahure<\/li>\n<li>Ver\u00e3o<\/li>\n<li>Soud\u00e9<\/li>\n<li>Suippes<\/li>\n<li>Talus-Saint-Prix<\/li>\n<li>Taissy<\/li>\n<li>Termos<\/li>\n<li>Thaas<\/li>\n<li>Thil<\/li>\n<li>Tinqueux<\/li>\n<li>Tour-sur-Marne<\/li>\n<li>Tr\u00e9lou-sur-Marne<\/li>\n<li>Tr\u00e9pail<\/li>\n<li>Trigny<\/li>\n<li>Troissy<\/li>\n<li>Troissy-Saint-Beno\u00eet<\/li>\n<li>Val-de-Vesle<\/li>\n<li>Val-des-Marais<\/li>\n<li>Valmy<\/li>\n<li>Vandi\u00e8res<\/li>\n<li>Vaudemange<\/li>\n<li>Vauciennes<\/li>\n<li>Vavray-le-Grand<\/li>\n<li>Vavray-le-Petit<\/li>\n<li>Vauquois<\/li>\n<li>Venteuil<\/li>\n<li>Ventelay<\/li>\n<li>Verzenay<\/li>\n<li>Verzy<\/li>\n<li>Vert-Toulon<\/li>\n<li>Vertus<\/li>\n<li>Vezilly<\/li>\n<li>Vienne-la-Ville<\/li>\n<li>Vienne-le-Ch\u00e2teau<\/li>\n<li>Vignory<\/li>\n<li>Ville-Dommange<\/li>\n<li>Ville-sur-Arce<\/li>\n<li>Ville-sur-Tourbe<\/li>\n<li>Villevenard<\/li>\n<li>Villeneuve-Renneville-Chevigny<\/li>\n<li>Villers-Allerand<\/li>\n<li>Villers-Auxois<\/li>\n<li>Villers-aux-Bois<\/li>\n<li>Villers-Franqueux<\/li>\n<li>Villers-le-Ch\u00e2teau<\/li>\n<li>Villers-Marmery<\/li>\n<li>Villers-sous-Ch\u00e2tillon<\/li>\n<li>Villiers-aux-Corneilles<\/li>\n<li>Villotte-sur-Aire<\/li>\n<li>Vinay<\/li>\n<li>Vincelas<\/li>\n<li>Vitry-en-Perthois<\/li>\n<li>Vitry-le-Crois\u00e9<\/li>\n<li>Vitry-le-Fran\u00e7ois<\/li>\n<li>Voipreux<\/li>\n<li>Vouzy<\/li>\n<li>Vrigny<\/li>\n<li>Vroil<\/li>\n<li>Wargemoulin-Hurlus<\/li>\n<\/ol>\n<p>Esta lista inclui uma ampla sele\u00e7\u00e3o de pequenos vilarejos e comunas, todos localizados em Champagne e todos ligados \u00e0 produ\u00e7\u00e3o de Champagne. Alguns dos vilarejos s\u00e3o mais conhecidos, enquanto outros s\u00e3o menos conhecidos, mas todos contribuem para a rica cultura de Champagne.<\/p>\n<\/div><\/section>","protected":false},"excerpt":{"rendered":"","protected":false},"author":1,"featured_media":4205,"parent":0,"menu_order":0,"comment_status":"closed","ping_status":"closed","template":"","meta":{"footnotes":""},"class_list":["post-5082","page","type-page","status-publish","has-post-thumbnail","hentry"],"_links":{"self":[{"href":"https:\/\/champagner.com\/pt\/wp-json\/wp\/v2\/pages\/5082","targetHints":{"allow":["GET"]}}],"collection":[{"href":"https:\/\/champagner.com\/pt\/wp-json\/wp\/v2\/pages"}],"about":[{"href":"https:\/\/champagner.com\/pt\/wp-json\/wp\/v2\/types\/page"}],"author":[{"embeddable":true,"href":"https:\/\/champagner.com\/pt\/wp-json\/wp\/v2\/users\/1"}],"replies":[{"embeddable":true,"href":"https:\/\/champagner.com\/pt\/wp-json\/wp\/v2\/comments?post=5082"}],"version-history":[{"count":0,"href":"https:\/\/champagner.com\/pt\/wp-json\/wp\/v2\/pages\/5082\/revisions"}],"wp:featuredmedia":[{"embeddable":true,"href":"https:\/\/champagner.com\/pt\/wp-json\/wp\/v2\/media\/4205"}],"wp:attachment":[{"href":"https:\/\/champagner.com\/pt\/wp-json\/wp\/v2\/media?parent=5082"}],"curies":[{"name":"wp","href":"https:\/\/api.w.org\/{rel}","templated":true}]}}