{"id":5098,"date":"2021-01-06T21:15:49","date_gmt":"2021-01-06T21:15:49","guid":{"rendered":"https:\/\/champagner.eu\/?page_id=5098"},"modified":"2024-07-21T03:16:35","modified_gmt":"2024-07-21T03:16:35","slug":"uvas-e-uvas","status":"publish","type":"page","link":"https:\/\/champagner.com\/pt\/uvas-e-uvas\/","title":{"rendered":"Uvas e variedades de uvas"},"content":{"rendered":"<div   class='avia-fullscreen-slider main_color   avia-builder-el-0  el_before_av_section  avia-builder-el-first  container_wrap fullsize'  ><div  class='avia-slideshow av-kjlutkb8-cb10e7f7988a7c552d25cc6be2a3641c avia-slideshow-extra_large av_fullscreen avia-slide-slider av-slideshow-ui av-control-default av-slideshow-manual av-loop-once av-loop-manual-endless av-default-height-applied   avia-slideshow-1' data-slideshow-options=\"{&quot;animation&quot;:&quot;slide&quot;,&quot;autoplay&quot;:false,&quot;loop_autoplay&quot;:&quot;once&quot;,&quot;interval&quot;:5,&quot;loop_manual&quot;:&quot;manual-endless&quot;,&quot;autoplay_stopper&quot;:false,&quot;noNavigation&quot;:false,&quot;bg_slider&quot;:true,&quot;keep_padding&quot;:false,&quot;hoverpause&quot;:false,&quot;show_slide_delay&quot;:0,&quot;slide_height&quot;:&quot;100&quot;,&quot;image_attachment&quot;:&quot;&quot;}\"  itemprop=\"image\" itemscope=\"itemscope\" itemtype=\"https:\/\/schema.org\/ImageObject\" ><ul class='avia-slideshow-inner' style='padding-bottom: 66.666666666667%;'><li style='background-position:center center;' data-img-url='https:\/\/champagner.com\/wp-content\/uploads\/2018\/04\/alfred-gratien-1500x1000.jpg' class='avia-slideshow-slide av-kjlutkb8-cb10e7f7988a7c552d25cc6be2a3641c__0  av-single-slide slide-1 slide-odd'><div data-rel='slideshow-1' class='avia-slide-wrap'   ><\/div><\/li><\/ul><\/div><\/div>\n<div id='av_section_1'  class='avia-section av-9qys-7fbec837cc9414b56951d589a49fa01e main_color avia-section-default avia-no-border-styling  avia-builder-el-1  el_after_av_fullscreen  avia-builder-el-last  avia-bg-style-scroll container_wrap fullsize'  ><div class='container av-section-cont-open' ><div class='template-page content  av-content-full alpha units'><div class='post-entry post-entry-type-page post-entry-5098'><div class='entry-content-wrapper clearfix'>\n\n<style type=\"text\/css\" data-created_by=\"avia_inline_auto\" id=\"style-css-av-9tz4-26c14c70028d90a54aefce07862c0d7e\">\n.flex_column.av-9tz4-26c14c70028d90a54aefce07862c0d7e{\nborder-radius:0px 0px 0px 0px;\npadding:0px 0px 0px 0px;\n}\n<\/style>\n<div  class='flex_column av-9tz4-26c14c70028d90a54aefce07862c0d7e av_one_fifth  avia-builder-el-2  el_before_av_three_fifth  avia-builder-el-first  first flex_column_div av-zero-column-padding'     ><\/div>\n<style type=\"text\/css\" data-created_by=\"avia_inline_auto\" id=\"style-css-av-5y3a-c3ba98e644c5ae5c87ca984f1618400f\">\n.flex_column.av-5y3a-c3ba98e644c5ae5c87ca984f1618400f{\nborder-radius:0px 0px 0px 0px;\npadding:0px 0px 0px 0px;\n}\n<\/style>\n<div  class='flex_column av-5y3a-c3ba98e644c5ae5c87ca984f1618400f av_three_fifth  avia-builder-el-3  el_after_av_one_fifth  el_before_av_one_fifth  flex_column_div av-zero-column-padding'     ><p>\n<style type=\"text\/css\" data-created_by=\"avia_inline_auto\" id=\"style-css-av-kkcmtxmf-6e34f11d042a9832a70a4d6c129266bb\">\n#top .av-special-heading.av-kkcmtxmf-6e34f11d042a9832a70a4d6c129266bb{\npadding-bottom:30px;\nfont-size:50px;\n}\nbody .av-special-heading.av-kkcmtxmf-6e34f11d042a9832a70a4d6c129266bb .av-special-heading-tag .heading-char{\nfont-size:25px;\n}\n#top #wrap_all .av-special-heading.av-kkcmtxmf-6e34f11d042a9832a70a4d6c129266bb .av-special-heading-tag{\nfont-size:50px;\n}\n.av-special-heading.av-kkcmtxmf-6e34f11d042a9832a70a4d6c129266bb .av-subheading{\nfont-size:15px;\n}\n\n@media only screen and (min-width: 480px) and (max-width: 767px){ \n#top #wrap_all .av-special-heading.av-kkcmtxmf-6e34f11d042a9832a70a4d6c129266bb .av-special-heading-tag{\nfont-size:0.8em;\n}\n}\n\n@media only screen and (max-width: 479px){ \n#top #wrap_all .av-special-heading.av-kkcmtxmf-6e34f11d042a9832a70a4d6c129266bb .av-special-heading-tag{\nfont-size:0.8em;\n}\n}\n<\/style>\n<div  class='av-special-heading av-kkcmtxmf-6e34f11d042a9832a70a4d6c129266bb av-special-heading-h2 blockquote modern-quote modern-centered  avia-builder-el-4  el_before_av_textblock  avia-builder-el-first  av-inherit-size'><h2 class='av-special-heading-tag'  itemprop=\"headline\"  >As uvas e variedades de uvas de Champagne<\/h2><div class=\"special-heading-border\"><div class=\"special-heading-inner-border\"><\/div><\/div><\/div><br \/>\n\n<style type=\"text\/css\" data-created_by=\"avia_inline_auto\" id=\"style-css-av-kj4bin1p-574f3f2c4e650edd041a93a3eb080cd4\">\n#top .av_textblock_section.av-kj4bin1p-574f3f2c4e650edd041a93a3eb080cd4 .avia_textblock{\nfont-size:18px;\n}\n<\/style>\n<section  class='av_textblock_section av-kj4bin1p-574f3f2c4e650edd041a93a3eb080cd4'   itemscope=\"itemscope\" itemtype=\"https:\/\/schema.org\/CreativeWork\" ><div class='avia_textblock'  itemprop=\"text\" ><div style=\"text-align: justify;\">\n<p>Apenas 3 uvas e variedades de uvas s\u00e3o usadas atualmente para a produ\u00e7\u00e3o de um <a href=\"https:\/\/champagner.com\/pt\/\">Champanhe<\/a> usado.<br \/>\n37% da \u00e1rea cultivada \u00e9, portanto, composta de Pinot Noir, um Pinot Noir vermelho, outros 37% de Pinot Meunier, um Black Riesling vermelho, e 26% da \u00e1rea cultivada \u00e9 composta de uvas Chardonnay, a \u00fanica variedade de uva branca.<\/p>\n<p>As variedades de uva e as uvas de Arbane e Petit Meslier s\u00e3o quase inexistentes devido \u00e0 filoxera, mas tamb\u00e9m s\u00e3o autorizadas para a produ\u00e7\u00e3o de champanhe.<\/p>\n<p>O Pinot Noir d\u00e1 ao champanhe sua plenitude, o Pinot Meunier seu frutado e o Chardonnay sua delicadeza.<br \/>\nPode-se dizer que \u00e9 a mistura que faz a diferen\u00e7a, mas na C\u00f4te des Blancs, por exemplo, s\u00e3o produzidos preferencialmente cuv\u00e9es de Chardonnay monovarietal, o Blanc de Blancs.<\/p>\n<p>Os champanhes Blanc de Noirs, por outro lado, s\u00e3o muito raros. O termo Blanc de Noirs, para o champanhe branco feito de uvas de cor escura, foi originalmente cunhado no <a href=\"https:\/\/champagner.com\/pt\/locais\/\">Champanhe<\/a> caracterizado. Somente os produtores de champanhe Bollinger, Bruno Paillard ou Mailly, que em sua maioria v\u00eam de \u00e1reas pr\u00f3ximas a <a href=\"https:\/\/champagner.com\/pt\/glossario-2\/ay\/\">A\u00ff<\/a>, <a href=\"https:\/\/champagner.com\/pt\/glossario-2\/bouzy\/\">Bouzy<\/a>Mailly, <a href=\"https:\/\/champagner.com\/pt\/glossario-2\/hautvillers\/\">Hautvillers<\/a> e Verzenay oferecem esse champanhe.<\/p>\n<\/div>\n<\/div><\/section><br \/>\n\n<style type=\"text\/css\" data-created_by=\"avia_inline_auto\" id=\"style-css-av-kkb5x501-41e07ec96ff64c989c18dd6960e201b0\">\n#top .av-special-heading.av-kkb5x501-41e07ec96ff64c989c18dd6960e201b0{\npadding-bottom:10px;\n}\nbody .av-special-heading.av-kkb5x501-41e07ec96ff64c989c18dd6960e201b0 .av-special-heading-tag .heading-char{\nfont-size:25px;\n}\n.av-special-heading.av-kkb5x501-41e07ec96ff64c989c18dd6960e201b0 .av-subheading{\nfont-size:15px;\n}\n<\/style>\n<div  class='av-special-heading av-kkb5x501-41e07ec96ff64c989c18dd6960e201b0 av-special-heading-h2 blockquote modern-quote  avia-builder-el-6  el_after_av_textblock  el_before_av_textblock'><h2 class='av-special-heading-tag'  itemprop=\"headline\"  >As variedades de uvas<\/h2><div class=\"special-heading-border\"><div class=\"special-heading-inner-border\"><\/div><\/div><\/div><br \/>\n<section  class='av_textblock_section av-6g6azu-a8571564a45309eb77445a09ab527da1'   itemscope=\"itemscope\" itemtype=\"https:\/\/schema.org\/CreativeWork\" ><div class='avia_textblock'  itemprop=\"text\" ><div style=\"text-align: justify;\">\n<p>As tr\u00eas variedades de uva mais importantes para a produ\u00e7\u00e3o de champanhe:<\/p>\n<ul>\n<li>Pinot Meunier<\/li>\n<li>Pinot Noir<\/li>\n<li>Chardonnay<\/li>\n<\/ul>\n<p>As uvas azuis (Pinot Meunier e Pinot Noir) s\u00e3o prensadas em branco. Elas conferem ao champanhe for\u00e7a e corpo, enquanto a uva branca (Chardonnay) lhe d\u00e1 ra\u00e7a e frescor (veja tamb\u00e9m a degusta\u00e7\u00e3o). As videiras s\u00e3o podadas v\u00e1rias vezes por ano usando m\u00e9todos especiais de poda para garantir que as uvas recebam o m\u00e1ximo poss\u00edvel de vigor e nutrientes em vez de crescerem selvagens.<\/p>\n<p>O pre\u00e7o da uva obtido pelos viticultores depende da classifica\u00e7\u00e3o do vinhedo mencionada acima. Para um \"cru\" classificado em 80 %, o viticultor recebe 80 % do pre\u00e7o da uva. Quando as uvas s\u00e3o prensadas, \u00e9 permitido por lei um rendimento m\u00e1ximo de ~02 litros de mosto (produzindo 100 litros de vinho) a partir de ~60 kg de uvas. O mosto prensado adicional \u00e9 usado para destila\u00e7\u00e3o de \u00e1lcool.<\/p>\n<\/div>\n<\/div><\/section><br \/>\n\n<style type=\"text\/css\" data-created_by=\"avia_inline_auto\" id=\"style-css-av-kkb5xjxv-01a27fd475bc05727693d720d4cd3a9f\">\n#top .av-special-heading.av-kkb5xjxv-01a27fd475bc05727693d720d4cd3a9f{\npadding-bottom:10px;\n}\nbody .av-special-heading.av-kkb5xjxv-01a27fd475bc05727693d720d4cd3a9f .av-special-heading-tag .heading-char{\nfont-size:25px;\n}\n.av-special-heading.av-kkb5xjxv-01a27fd475bc05727693d720d4cd3a9f .av-subheading{\nfont-size:15px;\n}\n<\/style>\n<div  class='av-special-heading av-kkb5xjxv-01a27fd475bc05727693d720d4cd3a9f av-special-heading-h2 blockquote modern-quote  avia-builder-el-8  el_after_av_textblock  el_before_av_textblock'><h2 class='av-special-heading-tag'  itemprop=\"headline\"  >As variedades de uvas<\/h2><div class=\"special-heading-border\"><div class=\"special-heading-inner-border\"><\/div><\/div><\/div><br \/>\n<section  class='av_textblock_section av-1m6ze-b216b290058da166829d314b60042b06'   itemscope=\"itemscope\" itemtype=\"https:\/\/schema.org\/CreativeWork\" ><div class='avia_textblock'  itemprop=\"text\" ><div style=\"text-align: justify;\">\n<p>O champanhe \u00e9 feito com tr\u00eas uvas e variedades de uvas: Chardonnay, Pinot Noir e Pinot Meunier. Cada uma dessas variedades contribui, \u00e0 sua maneira, para o car\u00e1ter \u00fanico do champanhe.<\/p>\n<p><strong>Chardonnay<\/strong>Essa variedade de uva branca confere ao champanhe eleg\u00e2ncia, frescor e uma fina mineralidade. Ela traz sabores de frutas c\u00edtricas, flores brancas e, \u00e0s vezes, uma sutil cremosidade. A Chardonnay \u00e9 geralmente cultivada nos famosos vinhedos Grand Cru da C\u00f4te des Blancs, onde os solos calc\u00e1rios oferecem condi\u00e7\u00f5es ideais.<\/p>\n<p><strong>Pinot Noir<\/strong>Essa variedade de uva vermelha proporciona estrutura, corpo e profundidade ao champanhe. Ela traz sabores de frutas vermelhas, cerejas e, \u00e0s vezes, notas de especiarias. A Pinot Noir cresce principalmente na Montagne de Reims e na C\u00f4te des Bar e contribui para a complexidade e a robustez do produto final.<\/p>\n<p><strong>Pinot Meunier<\/strong>Tamb\u00e9m uma variedade de uva vermelha, mas menos conhecida que a Pinot Noir, a Pinot Meunier oferece frutado e acessibilidade. Traz sabores de ma\u00e7\u00e3s, peras e, ocasionalmente, ervas. Essa variedade \u00e9 frequentemente cultivada no Vall\u00e9e de la Marne e proporciona um car\u00e1ter harmonioso e muitas vezes frutado.<\/p>\n<p>Essas tr\u00eas uvas e variedades de uvas s\u00e3o frequentemente usadas em diferentes combina\u00e7\u00f5es e propor\u00e7\u00f5es para determinar a diversidade e a complexidade do champanhe.<\/p>\n<\/div>\n<\/div><\/section><br \/>\n\n<style type=\"text\/css\" data-created_by=\"avia_inline_auto\" id=\"style-css-av-lys7k417-f104733ade3f2b252bec2fc32efc618e\">\n#top .av-special-heading.av-lys7k417-f104733ade3f2b252bec2fc32efc618e{\npadding-bottom:10px;\n}\nbody .av-special-heading.av-lys7k417-f104733ade3f2b252bec2fc32efc618e .av-special-heading-tag .heading-char{\nfont-size:25px;\n}\n.av-special-heading.av-lys7k417-f104733ade3f2b252bec2fc32efc618e .av-subheading{\nfont-size:15px;\n}\n<\/style>\n<div  class='av-special-heading av-lys7k417-f104733ade3f2b252bec2fc32efc618e av-special-heading-h2 blockquote modern-quote  avia-builder-el-10  el_after_av_textblock  el_before_av_textblock'><h2 class='av-special-heading-tag'  itemprop=\"headline\"  >A regi\u00e3o de Champagne<\/h2><div class=\"special-heading-border\"><div class=\"special-heading-inner-border\"><\/div><\/div><\/div><br \/>\n<section  class='av_textblock_section av-58wfzj-ae72ca80b6c5b7bc25f2c49c34a4bda0'   itemscope=\"itemscope\" itemtype=\"https:\/\/schema.org\/CreativeWork\" ><div class='avia_textblock'  itemprop=\"text\" ><div style=\"text-align: justify;\">\n<p>O champanhe \u00e9 uma bebida requintada <a href=\"https:\/\/champagner.com\/pt\/glossario-2\/origem-do-champanhe\/\">Vinho espumante<\/a>que \u00e9 produzido exclusivamente na regi\u00e3o de Champagne, no nordeste da Fran\u00e7a. A regi\u00e3o \u00e9 conhecida por seu terroir \u00fanico, que caracteriza o champanhe com seu car\u00e1ter inconfund\u00edvel. Os vinhos de base para o champanhe s\u00e3o geralmente produzidos a partir das uvas e variedades de uvas Chardonnay, Pinot Noir e Pinot Meunier. O processo de produ\u00e7\u00e3o tradicional envolve o m\u00e9todo Champenoise, no qual o vinho passa por uma segunda fermenta\u00e7\u00e3o na garrafa, o que lhe confere suas bolhas caracter\u00edsticas.<\/p>\n<p>O processo de produ\u00e7\u00e3o do champanhe come\u00e7a com a colheita da uva, que geralmente ocorre em setembro. Depois que as uvas s\u00e3o gentilmente prensadas, o mosto \u00e9 colocado em tanques de fermenta\u00e7\u00e3o, onde fermenta. O vinho ent\u00e3o amadurece em garrafas com uma mistura de levedura e a\u00e7\u00facar para iniciar a segunda fermenta\u00e7\u00e3o. Essa matura\u00e7\u00e3o pode levar v\u00e1rios anos e contribui para a complexidade e a profundidade do sabor.<\/p>\n<p>O champanhe \u00e9 geralmente visto como um s\u00edmbolo de luxo e comemora\u00e7\u00e3o. Ele vem em diferentes estilos, de brut a demi-sec, dependendo da dosagem e do teor de a\u00e7\u00facar residual. As casas de champanhe mais famosas, como a Mo\u00ebt &amp; Chandon, <a href=\"https:\/\/champagner.com\/pt\/champanhe-veuve-clicquot-ponsardin\/\">Veuve Clicquot<\/a> e <a href=\"https:\/\/champagner.com\/pt\/glossario-2\/dom-perignon\/\">Dom P\u00e9rignon<\/a>contribu\u00edram significativamente para a reputa\u00e7\u00e3o internacional do champanhe.<\/p>\n<\/div>\n<\/div><\/section><br \/>\n\n<style type=\"text\/css\" data-created_by=\"avia_inline_auto\" id=\"style-css-av-5h3g16-a3598f9ba79b7e9158393e092cd58455\">\n#top .av-special-heading.av-5h3g16-a3598f9ba79b7e9158393e092cd58455{\npadding-bottom:10px;\n}\nbody .av-special-heading.av-5h3g16-a3598f9ba79b7e9158393e092cd58455 .av-special-heading-tag .heading-char{\nfont-size:25px;\n}\n.av-special-heading.av-5h3g16-a3598f9ba79b7e9158393e092cd58455 .av-subheading{\nfont-size:15px;\n}\n<\/style>\n<div  class='av-special-heading av-5h3g16-a3598f9ba79b7e9158393e092cd58455 av-special-heading-h2 custom-color-heading blockquote modern-quote  avia-builder-el-12  el_after_av_textblock  el_before_av_textblock'><h2 class='av-special-heading-tag'  itemprop=\"headline\"  >As sele\u00e7\u00f5es de champanhe<\/h2><div class=\"special-heading-border\"><div class=\"special-heading-inner-border\"><\/div><\/div><\/div><br \/>\n<section  class='av_textblock_section av-58wfzj-13-6c58fc1b3d4427f95ff831c11cd2b7c9'   itemscope=\"itemscope\" itemtype=\"https:\/\/schema.org\/CreativeWork\" ><div class='avia_textblock'  itemprop=\"text\" ><div style=\"text-align: justify;\">\n<p>Todos os vinhos para champanhe s\u00e3o sele\u00e7\u00f5es:<br \/>\nDurante a colheita, apenas as uvas maduras e saud\u00e1veis s\u00e3o colhidas com muito cuidado, colocadas em grandes cestos (chamados de manequins) e, em seguida, transportadas para a prensa em carrinhos bem suspensos. O processo de prensagem tamb\u00e9m \u00e9 suave e r\u00e1pido, especialmente porque \u00e9 importante prensar o mosto branco das uvas azuis em 2\/3 da colheita. A cor das cascas ou as subst\u00e2ncias amargas n\u00e3o devem entrar no mosto. 150 kg de uvas n\u00e3o devem render mais de 100 litros de mosto (a lei dos 2\/3).<\/p>\n<\/div>\n<\/div><\/section><br \/>\n\n<style type=\"text\/css\" data-created_by=\"avia_inline_auto\" id=\"style-css-av-kjluw2vl-11-8c78f8382bd3feadac6efb0bffee9fc1\">\n.avia-image-container.av-kjluw2vl-11-8c78f8382bd3feadac6efb0bffee9fc1 img.avia_image{\nbox-shadow:none;\n}\n.avia-image-container.av-kjluw2vl-11-8c78f8382bd3feadac6efb0bffee9fc1 .av-image-caption-overlay-center{\ncolor:#ffffff;\n}\n<\/style>\n<div  class='avia-image-container av-kjluw2vl-11-8c78f8382bd3feadac6efb0bffee9fc1 av-styling- avia-align-center  avia-builder-el-14  el_after_av_textblock  el_before_av_heading'   itemprop=\"image\" itemscope=\"itemscope\" itemtype=\"https:\/\/schema.org\/ImageObject\" ><div class=\"avia-image-container-inner\"><div class=\"avia-image-overlay-wrap\"><img decoding=\"async\" fetchpriority=\"high\" class='wp-image-4185 avia-img-lazy-loading-not-4185 avia_image' src=\"https:\/\/champagner.com\/wp-content\/uploads\/2018\/04\/champagner-trauben-1-1030x665.jpg\" alt='Uvas para champanhe' title='Uvas para champanhe'  height=\"665\" width=\"1030\"  itemprop=\"thumbnailUrl\" srcset=\"https:\/\/champagner.com\/wp-content\/uploads\/2018\/04\/champagner-trauben-1-1030x665.jpg 1030w, https:\/\/champagner.com\/wp-content\/uploads\/2018\/04\/champagner-trauben-1-300x194.jpg 300w, https:\/\/champagner.com\/wp-content\/uploads\/2018\/04\/champagner-trauben-1-768x496.jpg 768w, https:\/\/champagner.com\/wp-content\/uploads\/2018\/04\/champagner-trauben-1-705x455.jpg 705w, https:\/\/champagner.com\/wp-content\/uploads\/2018\/04\/champagner-trauben-1-450x291.jpg 450w, https:\/\/champagner.com\/wp-content\/uploads\/2018\/04\/champagner-trauben-1.jpg 1440w\" sizes=\"(max-width: 1030px) 100vw, 1030px\" \/><\/div><\/div><\/div><br \/>\n\n<style type=\"text\/css\" data-created_by=\"avia_inline_auto\" id=\"style-css-av-3kb8ii-461375c708b561b4ffee044342456289\">\n#top .av-special-heading.av-3kb8ii-461375c708b561b4ffee044342456289{\npadding-bottom:10px;\n}\nbody .av-special-heading.av-3kb8ii-461375c708b561b4ffee044342456289 .av-special-heading-tag .heading-char{\nfont-size:25px;\n}\n.av-special-heading.av-3kb8ii-461375c708b561b4ffee044342456289 .av-subheading{\nfont-size:15px;\n}\n<\/style>\n<div  class='av-special-heading av-3kb8ii-461375c708b561b4ffee044342456289 av-special-heading-h2 custom-color-heading blockquote modern-quote  avia-builder-el-15  el_after_av_image  el_before_av_textblock'><h2 class='av-special-heading-tag'  itemprop=\"headline\"  >Quantidade legal de uvas<\/h2><div class=\"special-heading-border\"><div class=\"special-heading-inner-border\"><\/div><\/div><\/div><br \/>\n<section  class='av_textblock_section av-58wfzj-6-32031477e2ef2fd2f1db3665ea5bc1d6'   itemscope=\"itemscope\" itemtype=\"https:\/\/schema.org\/CreativeWork\" ><div class='avia_textblock'  itemprop=\"text\" ><div style=\"text-align: justify;\">\n<p>A quantidade de uvas por hectare que pode ser usada para produzir champanhe \u00e9 definida por lei todos os anos, pouco antes da colheita da uva: em 1996, um m\u00e1ximo de 10.400 kg de uvas por hectare tinha direito \u00e0s denomina\u00e7\u00f5es AOC \"Champagne\" e \"Cote\u00e4ux Champenois\" (vinho tranquilo de Champagne). Todos os anos, antes da colheita das uvas, a Federa\u00e7\u00e3o tamb\u00e9m estabelece um teor alco\u00f3lico potencial m\u00ednimo para o mosto. Em 1996, as uvas tinham que ter um teor alco\u00f3lico potencial de pelo menos 9% em volume. O mosto que n\u00e3o atingir esse m\u00ednimo perde o direito de ser rotulado como \"Champagne\" (qualidade antes da quantidade).<\/p>\n<\/div>\n<\/div><\/section><br \/>\n\n<style type=\"text\/css\" data-created_by=\"avia_inline_auto\" id=\"style-css-av-23t0oa-ee7f6725c26ec5d2d3d791415a5ed41a\">\n#top .av-special-heading.av-23t0oa-ee7f6725c26ec5d2d3d791415a5ed41a{\npadding-bottom:10px;\n}\nbody .av-special-heading.av-23t0oa-ee7f6725c26ec5d2d3d791415a5ed41a .av-special-heading-tag .heading-char{\nfont-size:25px;\n}\n.av-special-heading.av-23t0oa-ee7f6725c26ec5d2d3d791415a5ed41a .av-subheading{\nfont-size:15px;\n}\n<\/style>\n<div  class='av-special-heading av-23t0oa-ee7f6725c26ec5d2d3d791415a5ed41a av-special-heading-h2 custom-color-heading blockquote modern-quote  avia-builder-el-17  el_after_av_textblock  el_before_av_textblock'><h2 class='av-special-heading-tag'  itemprop=\"headline\"  >Mistura de diferentes plantas<\/h2><div class=\"special-heading-border\"><div class=\"special-heading-inner-border\"><\/div><\/div><\/div><br \/>\n<section  class='av_textblock_section av-58wfzj-4-8762bef7e27f13400594aaeadd588513'   itemscope=\"itemscope\" itemtype=\"https:\/\/schema.org\/CreativeWork\" ><div class='avia_textblock'  itemprop=\"text\" ><div style=\"text-align: justify;\">\n<p>O champanhe, diferentemente de outros grandes vinhos, geralmente \u00e9 produzido pela mistura de diferentes variedades de uvas e safras. A raz\u00e3o disso \u00e9 o clima setentrional da regi\u00e3o vin\u00edcola, o que significa que, no mesmo ano, as uvas e as variedades de uvas de um vinhedo podem ser melhores do que as de outro vinhedo e que as uvas de um ano podem ser melhores do que as de outro ano. Mistura horizontal dos cerca de 320 locais, dos quais 17 \"grands crus\" s\u00e3o avaliados em 100%, 41 \"premier crus\" em 90 a 99 % e os demais em 80 a 89 %. Mistura vertical com vinhos de reserva de diferentes safras.<\/p>\n<\/div>\n<\/div><\/section><br \/>\n\n<style type=\"text\/css\" data-created_by=\"avia_inline_auto\" id=\"style-css-av-kjluw2vl-44507a4d5477799e6c4785933bf56fd2\">\n.avia-image-container.av-kjluw2vl-44507a4d5477799e6c4785933bf56fd2 img.avia_image{\nbox-shadow:none;\n}\n.avia-image-container.av-kjluw2vl-44507a4d5477799e6c4785933bf56fd2 .av-image-caption-overlay-center{\ncolor:#ffffff;\n}\n<\/style>\n<div  class='avia-image-container av-kjluw2vl-44507a4d5477799e6c4785933bf56fd2 av-styling- avia-align-center  avia-builder-el-19  el_after_av_textblock  avia-builder-el-last'   itemprop=\"image\" itemscope=\"itemscope\" itemtype=\"https:\/\/schema.org\/ImageObject\" ><div class=\"avia-image-container-inner\"><div class=\"avia-image-overlay-wrap\"><img decoding=\"async\" fetchpriority=\"high\" class='wp-image-4167 avia-img-lazy-loading-not-4167 avia_image' src=\"https:\/\/champagner.com\/wp-content\/uploads\/2018\/04\/bauget-jouette-weinrebe.jpg\" alt='Bauget-Jouette Champagne Vine' title='Bauget-Jouette Champagne Vine'  height=\"400\" width=\"620\"  itemprop=\"thumbnailUrl\" srcset=\"https:\/\/champagner.com\/wp-content\/uploads\/2018\/04\/bauget-jouette-weinrebe.jpg 620w, https:\/\/champagner.com\/wp-content\/uploads\/2018\/04\/bauget-jouette-weinrebe-300x194.jpg 300w, https:\/\/champagner.com\/wp-content\/uploads\/2018\/04\/bauget-jouette-weinrebe-450x290.jpg 450w\" sizes=\"(max-width: 620px) 100vw, 620px\" \/><\/div><\/div><\/div><\/p><\/div>\n<style type=\"text\/css\" data-created_by=\"avia_inline_auto\" id=\"style-css-av-7vz4-e2ecb25e9168201a3fd1fa7a9982a872\">\n.flex_column.av-7vz4-e2ecb25e9168201a3fd1fa7a9982a872{\nborder-radius:0px 0px 0px 0px;\npadding:0px 0px 0px 0px;\n}\n<\/style>\n<div  class='flex_column av-7vz4-e2ecb25e9168201a3fd1fa7a9982a872 av_one_fifth  avia-builder-el-20  el_after_av_three_fifth  avia-builder-el-last  flex_column_div av-zero-column-padding'     ><\/div>","protected":false},"excerpt":{"rendered":"","protected":false},"author":1,"featured_media":4103,"parent":0,"menu_order":0,"comment_status":"closed","ping_status":"closed","template":"","meta":{"footnotes":""},"class_list":["post-5098","page","type-page","status-publish","has-post-thumbnail","hentry"],"_links":{"self":[{"href":"https:\/\/champagner.com\/pt\/wp-json\/wp\/v2\/pages\/5098","targetHints":{"allow":["GET"]}}],"collection":[{"href":"https:\/\/champagner.com\/pt\/wp-json\/wp\/v2\/pages"}],"about":[{"href":"https:\/\/champagner.com\/pt\/wp-json\/wp\/v2\/types\/page"}],"author":[{"embeddable":true,"href":"https:\/\/champagner.com\/pt\/wp-json\/wp\/v2\/users\/1"}],"replies":[{"embeddable":true,"href":"https:\/\/champagner.com\/pt\/wp-json\/wp\/v2\/comments?post=5098"}],"version-history":[{"count":0,"href":"https:\/\/champagner.com\/pt\/wp-json\/wp\/v2\/pages\/5098\/revisions"}],"wp:featuredmedia":[{"embeddable":true,"href":"https:\/\/champagner.com\/pt\/wp-json\/wp\/v2\/media\/4103"}],"wp:attachment":[{"href":"https:\/\/champagner.com\/pt\/wp-json\/wp\/v2\/media?parent=5098"}],"curies":[{"name":"wp","href":"https:\/\/api.w.org\/{rel}","templated":true}]}}