{"id":6514,"date":"2022-05-05T13:28:39","date_gmt":"2022-05-05T13:28:39","guid":{"rendered":"https:\/\/champagner.com\/?page_id=6514"},"modified":"2024-11-04T12:47:51","modified_gmt":"2024-11-04T12:47:51","slug":"arte-do-champagne","status":"publish","type":"page","link":"https:\/\/champagner.com\/pt\/arte-do-champagne\/","title":{"rendered":"Arte em champanhe"},"content":{"rendered":"<div   class='avia-fullscreen-slider main_color   avia-builder-el-0  el_before_av_section  avia-builder-el-first  container_wrap fullsize'  ><div  class='avia-slideshow av-kjripr6g-74ffc6525b251b8b733cc3ef032d902d avia-slideshow-extra_large av_fullscreen avia-slide-slider av-slideshow-ui av-control-default av-slideshow-manual av-loop-once av-loop-manual-endless av-default-height-applied   avia-slideshow-1' data-slideshow-options=\"{&quot;animation&quot;:&quot;slide&quot;,&quot;autoplay&quot;:false,&quot;loop_autoplay&quot;:&quot;once&quot;,&quot;interval&quot;:5,&quot;loop_manual&quot;:&quot;manual-endless&quot;,&quot;autoplay_stopper&quot;:false,&quot;noNavigation&quot;:false,&quot;bg_slider&quot;:true,&quot;keep_padding&quot;:false,&quot;hoverpause&quot;:false,&quot;show_slide_delay&quot;:0,&quot;slide_height&quot;:&quot;100&quot;,&quot;image_attachment&quot;:&quot;&quot;}\"  itemprop=\"image\" itemscope=\"itemscope\" itemtype=\"https:\/\/schema.org\/ImageObject\" ><ul class='avia-slideshow-inner' style='padding-bottom: 53.2%;'><li style='background-position:center center;' data-img-url='https:\/\/champagner.com\/wp-content\/uploads\/2018\/05\/Champagne-Charles-de-Cazanove-1500x798.jpg' class='avia-slideshow-slide av-kjripr6g-74ffc6525b251b8b733cc3ef032d902d__0  av-single-slide slide-1 slide-odd'><div data-rel='slideshow-1' class='avia-slide-wrap'  title='Charles de Cazanove Champagne ' ><\/div><\/li><\/ul><\/div><\/div>\n<div id='av_section_1'  class='avia-section av-9qys-7fbec837cc9414b56951d589a49fa01e main_color avia-section-default avia-no-border-styling  avia-builder-el-1  el_after_av_fullscreen  avia-builder-el-last  avia-bg-style-scroll container_wrap fullsize'  ><div class='container av-section-cont-open' ><div class='template-page content  av-content-full alpha units'><div class='post-entry post-entry-type-page post-entry-6514'><div class='entry-content-wrapper clearfix'>\n\n<style type=\"text\/css\" data-created_by=\"avia_inline_auto\" id=\"style-css-av-9tz4-26c14c70028d90a54aefce07862c0d7e\">\n.flex_column.av-9tz4-26c14c70028d90a54aefce07862c0d7e{\nborder-radius:0px 0px 0px 0px;\npadding:0px 0px 0px 0px;\n}\n<\/style>\n<div  class='flex_column av-9tz4-26c14c70028d90a54aefce07862c0d7e av_one_fifth  avia-builder-el-2  el_before_av_three_fifth  avia-builder-el-first  first flex_column_div av-zero-column-padding'     ><\/div>\n<style type=\"text\/css\" data-created_by=\"avia_inline_auto\" id=\"style-css-av-5y3a-c3ba98e644c5ae5c87ca984f1618400f\">\n.flex_column.av-5y3a-c3ba98e644c5ae5c87ca984f1618400f{\nborder-radius:0px 0px 0px 0px;\npadding:0px 0px 0px 0px;\n}\n<\/style>\n<div  class='flex_column av-5y3a-c3ba98e644c5ae5c87ca984f1618400f av_three_fifth  avia-builder-el-3  el_after_av_one_fifth  el_before_av_one_fifth  flex_column_div av-zero-column-padding'     ><p>\n<style type=\"text\/css\" data-created_by=\"avia_inline_auto\" id=\"style-css-av-kjrjnv83-db0150b69486a15817a0557cc8e62443\">\n#top .av-special-heading.av-kjrjnv83-db0150b69486a15817a0557cc8e62443{\npadding-bottom:30px;\nfont-size:50px;\n}\nbody .av-special-heading.av-kjrjnv83-db0150b69486a15817a0557cc8e62443 .av-special-heading-tag .heading-char{\nfont-size:25px;\n}\n#top #wrap_all .av-special-heading.av-kjrjnv83-db0150b69486a15817a0557cc8e62443 .av-special-heading-tag{\nfont-size:50px;\n}\n.av-special-heading.av-kjrjnv83-db0150b69486a15817a0557cc8e62443 .av-subheading{\nfont-size:15px;\n}\n\n@media only screen and (min-width: 480px) and (max-width: 767px){ \n#top #wrap_all .av-special-heading.av-kjrjnv83-db0150b69486a15817a0557cc8e62443 .av-special-heading-tag{\nfont-size:0.8em;\n}\n}\n\n@media only screen and (max-width: 479px){ \n#top #wrap_all .av-special-heading.av-kjrjnv83-db0150b69486a15817a0557cc8e62443 .av-special-heading-tag{\nfont-size:0.8em;\n}\n}\n<\/style>\n<div  class='av-special-heading av-kjrjnv83-db0150b69486a15817a0557cc8e62443 av-special-heading-h1 blockquote modern-quote  avia-builder-el-4  el_before_av_textblock  avia-builder-el-first  av-inherit-size'><h1 class='av-special-heading-tag'  itemprop=\"headline\"  >Arte em champanhe<\/h1><div class=\"special-heading-border\"><div class=\"special-heading-inner-border\"><\/div><\/div><\/div><br \/>\n\n<style type=\"text\/css\" data-created_by=\"avia_inline_auto\" id=\"style-css-av-kj4bin1p-19cbf03350244018d7d4cfd1501789b0\">\n#top .av_textblock_section.av-kj4bin1p-19cbf03350244018d7d4cfd1501789b0 .avia_textblock{\nfont-size:18px;\n}\n<\/style>\n<section  class='av_textblock_section av-kj4bin1p-19cbf03350244018d7d4cfd1501789b0'   itemscope=\"itemscope\" itemtype=\"https:\/\/schema.org\/CreativeWork\" ><div class='avia_textblock'  itemprop=\"text\" ><p><strong><a href=\"https:\/\/champagner.com\/pt\/\">Champanhe<\/a><\/strong> O champanhe incorpora mais do que apenas a melhor qualidade entre os vinhos. Al\u00e9m do prazer real, o champanhe tamb\u00e9m cria uma aura poderosa que \u00e9 dif\u00edcil de expressar em palavras, mas quase sempre \u00e9 tang\u00edvel.<\/p>\n<p>\u00c9 assim que se diz em ingl\u00eas:<\/p>\n<blockquote>\n<p><a href=\"https:\/\/champagner.com\/pt\/locais\/\">Champanhe<\/a> define o clima, faz uma declara\u00e7\u00e3o poderosa e, quase previsivelmente, melhora a experi\u00eancia de forma favor\u00e1vel! Saiba que voc\u00ea n\u00e3o est\u00e1 apenas consumindo o melhor vinho, mas tamb\u00e9m invocando um grande esp\u00edrito!<\/p>\n<\/blockquote>\n<p>J\u00e1 na Belle Epoque, alguns fabricantes reconheceram que esse poderoso fen\u00f4meno, esse esp\u00edrito, era melhor capturado pela arte. Somente os melhores artistas e designers gr\u00e1ficos da \u00e9poca eram bons o suficiente para serem encarregados de incorporar esse \"esp\u00edrito\" em rela\u00e7\u00e3o a <a href=\"https:\/\/champagner.com\/pt\/etiquetas-de-champanhe\/\">R\u00f3tulos de champanhe<\/a>p\u00f4steres, card\u00e1pios e cart\u00f5es postais.<\/p>\n<p>Por exemplo, a empresa Delbeck encomendou com sucesso artistas conhecidos da \u00e9poca, como Klimt, Muchas, Cappiello, Erg\u00e9, Gall\u00e9, Andreis, Chatin, Tristan Bernard e Benjamin Rabier.<\/p>\n<p>Tanto o sucesso quanto o alcance das realiza\u00e7\u00f5es art\u00edsticas dessa \u00e9poca s\u00e3o incompar\u00e1veis. Os p\u00f4steres de champanhe da Belle Epoque ainda s\u00e3o muito procurados como p\u00f4steres decorativos em todo o mundo.<\/p>\n<p>No entanto, a liga\u00e7\u00e3o natural entre champanhe e arte permanece ininterrupta at\u00e9 hoje.<\/p>\n<h3>Arte em champanhe<\/h3>\n<p>A arte do champanhe de hoje de <a href=\"https:\/\/champagner.com\/pt\/casas-de-champanhe\/\">Casas de champanhe<\/a> pode ser dividido em tr\u00eas \u00e1reas:<\/p>\n<ul>\n<li>Arte nacional, ou seja, arte que se limita exclusivamente \u00e0 Fran\u00e7a e seus artistas<\/li>\n<li>Arte internacional, ou seja, arte que coloca artistas de todo o mundo sob a luz do champanhe<\/li>\n<li>Design art ou New Art. Isso se refere a um tipo de arte frequentemente provocativo, \u00e0s vezes ofensivo. Esse tipo de arte em champanhe inclui coisas que n\u00e3o reconhecem mais nenhuma refer\u00eancia ao per\u00edodo da Belle Epoque<\/li>\n<\/ul>\n<p>Um exemplo da arte nacional do champanhe s\u00e3o as garrafas de Bruno Pillard, cujos r\u00f3tulos foram desenhados e criados por artistas franceses.<\/p>\n<p>At\u00e9 o momento, doze garrafas foram criadas por artistas que vivem e trabalham na Fran\u00e7a. O aspecto especial dessas garrafas \u00e9 que cada artista homenageou uma variedade diferente ou um ano diferente.<\/p>\n<p>As chamadas garrafas Collections da Taittinger s\u00e3o um excelente exemplo de arte internacional em rela\u00e7\u00e3o ao champanhe.<br \/>\nAs garrafas da cole\u00e7\u00e3o Taittinger s\u00e3o garrafas de champanhe que foram produzidas desde 1978 em um bom ano de champanhe.<br \/>\nO que h\u00e1 de especial nisso \u00e9 que cada uma dessas garrafas foi desenhada por um artista diferente. Desde 1983, nove artistas de renome internacional desenharam uma garrafa em nome de Claude Taittinger.<\/p>\n<p>As seis primeiras garrafas foram desenhadas por VASARELY (Mills\u00e9sime 1978), por ARMAN (Mills\u00e9sime 1981), por MASSON (Mills\u00e9sime 1982), por VIEIRA DA SILVA (Mills\u00e9sime 1983), por LICHTENSTEIN (Mills\u00e9sime 1985) e por HARTUNG (Mills\u00e9sime 1986). Eles s\u00f3 podem ser encontrados em leil\u00e3o com muita sorte.<br \/>\nFelizmente, as tr\u00eas \u00faltimas garrafas dos artistas Ima\u00cf, Corneille e Matta ainda est\u00e3o dispon\u00edveis nas lojas.<\/p>\n<p>No que chamamos de design da arte do champanhe, um bom exemplo veio da Veuve Cliquot.<br \/>\nPara o chamado Millinnium, a virada do ano de 1999 para <a href=\"https:\/\/champagner.com\/pt\/vintage\/\">2000<\/a>uma vers\u00e3o especial do La Grande Dame foi lan\u00e7ada pela Veuve Cliquot.<br \/>\nPara isso, a artista Elisabeth Rubin projetou um estojo feito de vidro acr\u00edlico que podia conter uma garrafa de 1,5 ou 3 litros. A garrafa estava presa a duas tiras de couro nesse estojo.<\/p>\n<p><strong>Por \u00faltimo, mas n\u00e3o menos importante, um exemplo que n\u00e3o se encaixa facilmente em uma das tr\u00eas categorias<\/strong><\/p>\n<p>Da casa do Piper-Heidsieck vem um frasco projetado pelo estilista franc\u00eas Jean-Paul Gaultier.<br \/>\nEssa era uma garrafa vestida com um espartilho vermelho. A garrafa e a roupa ao redor s\u00e3o, obviamente, assinadas pelo criador, e a garrafa vem em uma bela embalagem de vidro acr\u00edlico.<\/p>\n<div id=\"attachment_7576\" style=\"width: 350px\" class=\"wp-caption aligncenter\"><img loading=\"lazy\" decoding=\"async\" aria-describedby=\"caption-attachment-7576\" class=\"wp-image-7576 size-full\" title=\"Jean-Paul Gaultier e champanhe Piper-Heidsieck\" src=\"https:\/\/champagner.com\/wp-content\/uploads\/2024\/07\/Jean-Paul-Gaultier-Piper-Heidsieck.webp\" alt=\"Jean-Paul Gaultier e champanhe Piper-Heidsieck\" width=\"340\" height=\"270\" srcset=\"https:\/\/champagner.com\/wp-content\/uploads\/2024\/07\/Jean-Paul-Gaultier-Piper-Heidsieck.webp 340w, https:\/\/champagner.com\/wp-content\/uploads\/2024\/07\/Jean-Paul-Gaultier-Piper-Heidsieck-300x238.webp 300w, https:\/\/champagner.com\/wp-content\/uploads\/2024\/07\/Jean-Paul-Gaultier-Piper-Heidsieck-15x12.webp 15w\" sizes=\"auto, (max-width: 340px) 100vw, 340px\" \/><p id=\"caption-attachment-7576\" class=\"wp-caption-text\">Jean-Paul Gaultier e champanhe Piper-Heidsieck<\/p><\/div>\n<p>Como voc\u00ea pode ver, o tema da arte do champanhe \u00e9 muito vers\u00e1til e n\u00e3o pode ser categorizado em uma gaveta fixa.<\/p>\n<\/div><\/section><\/p><\/div>\n<style type=\"text\/css\" data-created_by=\"avia_inline_auto\" id=\"style-css-av-7vz4-e2ecb25e9168201a3fd1fa7a9982a872\">\n.flex_column.av-7vz4-e2ecb25e9168201a3fd1fa7a9982a872{\nborder-radius:0px 0px 0px 0px;\npadding:0px 0px 0px 0px;\n}\n<\/style>\n<div  class='flex_column av-7vz4-e2ecb25e9168201a3fd1fa7a9982a872 av_one_fifth  avia-builder-el-6  el_after_av_three_fifth  avia-builder-el-last  flex_column_div av-zero-column-padding'     ><\/div>","protected":false},"excerpt":{"rendered":"","protected":false},"author":1,"featured_media":4712,"parent":0,"menu_order":0,"comment_status":"closed","ping_status":"closed","template":"","meta":{"footnotes":""},"class_list":["post-6514","page","type-page","status-publish","has-post-thumbnail","hentry"],"_links":{"self":[{"href":"https:\/\/champagner.com\/pt\/wp-json\/wp\/v2\/pages\/6514","targetHints":{"allow":["GET"]}}],"collection":[{"href":"https:\/\/champagner.com\/pt\/wp-json\/wp\/v2\/pages"}],"about":[{"href":"https:\/\/champagner.com\/pt\/wp-json\/wp\/v2\/types\/page"}],"author":[{"embeddable":true,"href":"https:\/\/champagner.com\/pt\/wp-json\/wp\/v2\/users\/1"}],"replies":[{"embeddable":true,"href":"https:\/\/champagner.com\/pt\/wp-json\/wp\/v2\/comments?post=6514"}],"version-history":[{"count":0,"href":"https:\/\/champagner.com\/pt\/wp-json\/wp\/v2\/pages\/6514\/revisions"}],"wp:featuredmedia":[{"embeddable":true,"href":"https:\/\/champagner.com\/pt\/wp-json\/wp\/v2\/media\/4712"}],"wp:attachment":[{"href":"https:\/\/champagner.com\/pt\/wp-json\/wp\/v2\/media?parent=6514"}],"curies":[{"name":"wp","href":"https:\/\/api.w.org\/{rel}","templated":true}]}}