{"id":6522,"date":"2022-05-05T13:43:43","date_gmt":"2022-05-05T13:43:43","guid":{"rendered":"https:\/\/champagner.com\/?page_id=6522"},"modified":"2024-07-26T02:15:15","modified_gmt":"2024-07-26T02:15:15","slug":"servico-de-champagne","status":"publish","type":"page","link":"https:\/\/champagner.com\/pt\/servico-de-champagne\/","title":{"rendered":"Servir champanhe"},"content":{"rendered":"<div   class='avia-fullscreen-slider main_color   avia-builder-el-0  el_before_av_section  avia-builder-el-first  container_wrap fullsize'  ><div  class='avia-slideshow av-kjripr6g-74ffc6525b251b8b733cc3ef032d902d avia-slideshow-extra_large av_fullscreen avia-slide-slider av-slideshow-ui av-control-default av-slideshow-manual av-loop-once av-loop-manual-endless av-default-height-applied   avia-slideshow-1' data-slideshow-options=\"{&quot;animation&quot;:&quot;slide&quot;,&quot;autoplay&quot;:false,&quot;loop_autoplay&quot;:&quot;once&quot;,&quot;interval&quot;:5,&quot;loop_manual&quot;:&quot;manual-endless&quot;,&quot;autoplay_stopper&quot;:false,&quot;noNavigation&quot;:false,&quot;bg_slider&quot;:true,&quot;keep_padding&quot;:false,&quot;hoverpause&quot;:false,&quot;show_slide_delay&quot;:0,&quot;slide_height&quot;:&quot;100&quot;,&quot;image_attachment&quot;:&quot;&quot;}\"  itemprop=\"image\" itemscope=\"itemscope\" itemtype=\"https:\/\/schema.org\/ImageObject\" ><ul class='avia-slideshow-inner' style='padding-bottom: 90.175438596491%;'><li style='background-position:center center;' data-img-url='https:\/\/champagner.com\/wp-content\/uploads\/2018\/05\/canard-duchene-champagner-pinot-noir.jpg' class='avia-slideshow-slide av-kjripr6g-74ffc6525b251b8b733cc3ef032d902d__0  av-single-slide slide-1 slide-odd'><div data-rel='slideshow-1' class='avia-slide-wrap'  title='Canard-Duch\u00eane Champagne Pinot noir' ><\/div><\/li><\/ul><\/div><\/div>\n<div id='av_section_1'  class='avia-section av-9qys-7fbec837cc9414b56951d589a49fa01e main_color avia-section-default avia-no-border-styling  avia-builder-el-1  el_after_av_fullscreen  avia-builder-el-last  avia-bg-style-scroll container_wrap fullsize'  ><div class='container av-section-cont-open' ><div class='template-page content  av-content-full alpha units'><div class='post-entry post-entry-type-page post-entry-6522'><div class='entry-content-wrapper clearfix'>\n\n<style type=\"text\/css\" data-created_by=\"avia_inline_auto\" id=\"style-css-av-9tz4-26c14c70028d90a54aefce07862c0d7e\">\n.flex_column.av-9tz4-26c14c70028d90a54aefce07862c0d7e{\nborder-radius:0px 0px 0px 0px;\npadding:0px 0px 0px 0px;\n}\n<\/style>\n<div  class='flex_column av-9tz4-26c14c70028d90a54aefce07862c0d7e av_one_fifth  avia-builder-el-2  el_before_av_three_fifth  avia-builder-el-first  first flex_column_div av-zero-column-padding'     ><\/div>\n<style type=\"text\/css\" data-created_by=\"avia_inline_auto\" id=\"style-css-av-5y3a-c3ba98e644c5ae5c87ca984f1618400f\">\n.flex_column.av-5y3a-c3ba98e644c5ae5c87ca984f1618400f{\nborder-radius:0px 0px 0px 0px;\npadding:0px 0px 0px 0px;\n}\n<\/style>\n<div  class='flex_column av-5y3a-c3ba98e644c5ae5c87ca984f1618400f av_three_fifth  avia-builder-el-3  el_after_av_one_fifth  el_before_av_one_fifth  flex_column_div av-zero-column-padding'     ><p>\n<style type=\"text\/css\" data-created_by=\"avia_inline_auto\" id=\"style-css-av-kjrjnv83-2347b27839fbcc8b88e8194bf01ccca4\">\n#top .av-special-heading.av-kjrjnv83-2347b27839fbcc8b88e8194bf01ccca4{\npadding-bottom:30px;\nfont-size:50px;\n}\nbody .av-special-heading.av-kjrjnv83-2347b27839fbcc8b88e8194bf01ccca4 .av-special-heading-tag .heading-char{\nfont-size:25px;\n}\n#top #wrap_all .av-special-heading.av-kjrjnv83-2347b27839fbcc8b88e8194bf01ccca4 .av-special-heading-tag{\nfont-size:50px;\n}\n.av-special-heading.av-kjrjnv83-2347b27839fbcc8b88e8194bf01ccca4 .av-subheading{\nfont-size:15px;\n}\n\n@media only screen and (min-width: 480px) and (max-width: 767px){ \n#top #wrap_all .av-special-heading.av-kjrjnv83-2347b27839fbcc8b88e8194bf01ccca4 .av-special-heading-tag{\nfont-size:0.8em;\n}\n}\n\n@media only screen and (max-width: 479px){ \n#top #wrap_all .av-special-heading.av-kjrjnv83-2347b27839fbcc8b88e8194bf01ccca4 .av-special-heading-tag{\nfont-size:0.8em;\n}\n}\n<\/style>\n<div  class='av-special-heading av-kjrjnv83-2347b27839fbcc8b88e8194bf01ccca4 av-special-heading-h1 blockquote modern-quote  avia-builder-el-4  el_before_av_textblock  avia-builder-el-first  av-inherit-size'><h1 class='av-special-heading-tag'  itemprop=\"headline\"  >Servir champanhe<\/h1><div class=\"special-heading-border\"><div class=\"special-heading-inner-border\"><\/div><\/div><\/div><br \/>\n\n<style type=\"text\/css\" data-created_by=\"avia_inline_auto\" id=\"style-css-av-kj4bin1p-07a9ad7eee89eb6f83c5a5be01d6504d\">\n#top .av_textblock_section.av-kj4bin1p-07a9ad7eee89eb6f83c5a5be01d6504d .avia_textblock{\nfont-size:18px;\ntext-align:left;\n}\n<\/style>\n<section  class='av_textblock_section av-kj4bin1p-07a9ad7eee89eb6f83c5a5be01d6504d'   itemscope=\"itemscope\" itemtype=\"https:\/\/schema.org\/CreativeWork\" ><div class='avia_textblock'  itemprop=\"text\" ><h2>A ta\u00e7a certa para servir champanhe<\/h2>\n<p><strong>Cup\u00ea (Tazza)<\/strong><\/p>\n<p>Nenhum outro copo tem mais mitos rom\u00e2nticos do que o famoso \"cup\u00ea\". Ap\u00f3s s\u00e9culos de tradi\u00e7\u00e3o <a href=\"https:\/\/champagner.com\/pt\/\">Champanhe<\/a> e as ta\u00e7as cup\u00ea s\u00e3o praticamente insepar\u00e1veis. No entanto, as maravilhosas anedotas que cercam a lend\u00e1ria ta\u00e7a cup\u00ea n\u00e3o escondem o fato de que ela \u00e9 totalmente inadequada para champanhe em termos de forma e fun\u00e7\u00e3o. O simples fato de segurar a ta\u00e7a larga na palma da m\u00e3o aquece o champanhe de forma desfavor\u00e1vel e r\u00e1pida. Al\u00e9m disso, a ta\u00e7a \u00e9 larga, o que faz com que o nariz perca inevitavelmente subst\u00e2ncias preciosas do buqu\u00ea. A apar\u00eancia das bolhas tamb\u00e9m \u00e9 prejudicada. No entanto, se voc\u00ea quiser criar uma pir\u00e2mide de champanhe cl\u00e1ssica, a ta\u00e7a cup\u00ea \u00e9 perfeita para servir champanhe.<\/p>\n<p><strong>Flauta (fl\u00fbte, flauta de champanhe)<\/strong><\/p>\n<p>A elegante ta\u00e7a \u00e9 caracterizada por seu formato alto e fino, pelo qual a cor, o buqu\u00ea e as bolhas do champanhe s\u00e3o acentuados de forma impressionante.<\/p>\n<p><strong>Tulipa<\/strong><\/p>\n<p>O vidro tulipa oferece um formato elegante e funcional que \u00e9 considerado muito superior \u00e0 flauta pelos conhecedores:<\/p>\n<ul>\n<li>Com um vidro de tulipa sem cortes ou decora\u00e7\u00f5es, nada impede a visualiza\u00e7\u00e3o ideal das p\u00e9rolas<\/li>\n<li>O design da tulipa \u00e9 harmoniosamente equilibrado em suas dimens\u00f5es (em contraste com o formato c\u00f4nico de uma ta\u00e7a de champanhe)<br \/>\nO di\u00e2metro da borda do copo foi projetado para que tanto o olho quanto o nariz possam apreci\u00e1-lo independentemente um do outro (ao contr\u00e1rio de um cup\u00ea)<\/li>\n<li>Uma leve curvatura para dentro coleta as subst\u00e2ncias ascendentes e finas do buqu\u00ea na borda superior do vidro<\/li>\n<\/ul>\n<p>Um belo exemplo de um vidro de tulipa ideal da s\u00e9rie \"Grand Palais\" da Spiegelau (soprado pela boca).<\/p>\n<p>O melhor <a href=\"https:\/\/champagner.com\/pt\/glossario-2\/tacas-de-champanhe\/\">Ta\u00e7as para champanhe<\/a> (e outros vinhos espumantes) s\u00e3o, portanto, ta\u00e7as de flute ou ta\u00e7as de tulipa. Voc\u00ea pode ver uma boa sele\u00e7\u00e3o de ta\u00e7as correspondentes na \u00e1rea de compras.<\/p>\n<p><strong>Outras dicas<\/strong><\/p>\n<ol>\n<li>Os res\u00edduos de sab\u00e3o em uma ta\u00e7a relaxam o champanhe e tamb\u00e9m deixam um gosto residual desagrad\u00e1vel. (Portanto: certifique-se de enxaguar bem as ta\u00e7as com \u00e1gua quente limpa!) O pano usado para secar tamb\u00e9m deve estar livre de qualquer res\u00edduo (como sab\u00e3o ou at\u00e9 mesmo gordura).<\/li>\n<li>Nunca sirva ta\u00e7as geladas com champanhe! Pecado mortal!<\/li>\n<li>Instrumentos cru\u00e9is como \"batedeiras de champanhe\" ou \"batedeiras de champanhe\" est\u00e3o completamente fora de lugar. Com seu som desagrad\u00e1vel e tilintante, essas pequenas coisas destroem em segundos o que foi criado ao longo de anos: as p\u00e9rolas preciosas!<\/li>\n<li>Se voc\u00ea precisar mover a ta\u00e7a de champanhe de um convidado, ela n\u00e3o deve ser empurrada, mas levantada pela haste e colocada no local desejado. Isso \u00e9 mais seguro e tamb\u00e9m evita impress\u00f5es digitais na \u00e1rea da ta\u00e7a.<\/li>\n<li>O anfitri\u00e3o deve estar preparado! As ta\u00e7as tombam na mesa ao servir champanhe ou caem no ch\u00e3o (nunca tente peg\u00e1-las!).<br \/>\nCaso ocorra um pequeno acidente (previs\u00edvel) desse tipo, a situa\u00e7\u00e3o deve ser corrigida imediatamente, de maneira amig\u00e1vel e profissional, e o copo deve ser substitu\u00eddo e reabastecido imediatamente. Luvas para prote\u00e7\u00e3o contra vidro quebrado, esponja, pano, vassoura... devem estar prontos antes da chegada dos convidados!<\/li>\n<\/ol>\n<p>T\u00e3o importante quanto a ta\u00e7a \u00e9 a temperatura ao servir o champanhe. A temperatura ideal \u00e9 de 8\u00b0C, mas o champanhe vintage pode ser servido a at\u00e9 11\u00b0C. Se a <a href=\"https:\/\/champagner.com\/pt\/glossario-2\/origem-do-champanhe\/\">Vinho espumante<\/a> mais quente, quando a garrafa \u00e9 aberta, a espuma borbulha de forma explosiva e acaba nas roupas e nos m\u00f3veis em vez de nos copos. Al\u00e9m disso, estourar rolhas ou at\u00e9 mesmo estourar rolhas deve ser deixado exclusivamente para motoristas e ciclistas; esse mau h\u00e1bito n\u00e3o pertence a uma sala de jantar ou a um Salon.<\/p>\n<p>O champanhe tamb\u00e9m n\u00e3o deve ficar \"nadando\" em um balde de gelo por horas antes da chegada dos convidados, pois pode sofrer um \"choque de temperatura\" desagrad\u00e1vel. Depois de um pouco de pr\u00e9-resfriamento na geladeira, cerca de 20 a 30 minutos na \u00e1gua gelada (mistura 50\/50) do balde de champanhe proporcionar\u00e1 a temperatura ideal.<\/p>\n<p><strong>Cup\u00ea (Tazza)<\/strong><br \/>\nIdeal para alguns drinques com champanhe, coquet\u00e9is de camar\u00e3o e sorvete, mas n\u00e3o para champanhe.<\/p>\n<p><strong>Flauta<\/strong><br \/>\nElegante e funcional!<\/p>\n<p><strong>Cristal<\/strong><br \/>\nPequenas imperfei\u00e7\u00f5es naturais (pontos de moussier) geralmente promovem a forma\u00e7\u00e3o de gotas no vidro de cristal. Uma solu\u00e7\u00e3o elegante para champanhe (entre outras coisas).<\/p>\n<p><strong>Tulipas<\/strong><br \/>\nAs ta\u00e7as de tulipa oferecem muitas vantagens tanto para o champanhe quanto para os conhecedores!<\/p>\n<p>Flauta elegante com um pilar alto (e oco). Embora tamb\u00e9m permita um toque atraente com p\u00e9rolas, ela \u00e9 muito fr\u00e1gil e dif\u00edcil de limpar!<br \/>\nTa\u00e7a tulipa azul chique. A cor do champanhe, bem como suas bolhas, s\u00e3o visualmente reduzidas de forma consider\u00e1vel.<\/p>\n<p><strong>Teste ao servir champanhe com \u00e1gua<\/strong><\/p>\n<p>N\u00e3o custa nada estar um pouco familiarizado com suas pr\u00f3prias ta\u00e7as de champanhe ou conhecer a capacidade na pr\u00e1tica. As enormes garrafas de champanhe padr\u00e3o enganam visualmente os novatos, levando-os a pensar que t\u00eam um pouco mais de volume, especialmente porque pesam consideravelmente mais do que as garrafas de vinho convencionais, geralmente s\u00e3o um pouco mais altas e, \u00e0s vezes, s\u00e3o particularmente opacas. \u00c9 claro que elas n\u00e3o cont\u00eam mais vinho do que uma garrafa fina de 750 ml de Bordeaux, por exemplo.<\/p>\n<p>Um pequeno teste:<br \/>\nBasta encher uma garrafa de champanhe vazia (ou, se necess\u00e1rio, qualquer \"garrafa normal\" de 750 ml) com \u00e1gua e despejar, por exemplo, seis <a href=\"https:\/\/champagner.com\/pt\/glossario-2\/tacas-de-champanhe\/\">Ta\u00e7as de champanhe<\/a> Encha uniformemente e em sequ\u00eancia em duas ou tr\u00eas etapas. Na primeira vez que tentar, voc\u00ea perceber\u00e1 rapidamente que parece mais f\u00e1cil do que realmente \u00e9.<\/p>\n<p>Com esse tamanho de ta\u00e7a, a garrafa de champanhe j\u00e1 est\u00e1 vazia. Com belas ta\u00e7as de tulipa, voc\u00ea pode estimar sobre o polegar em<br \/>\nPara uma garrafa normal (750 ml), espere seis ta\u00e7as, para uma garrafa magnum (1,5 litro) 12 ta\u00e7as e para uma garrafa jeroboam (3 litros) 24 ta\u00e7as (consulte tamb\u00e9m Garrafas).<\/p>\n<p>A ta\u00e7a \u00e0 direita \u00e9 do exemplo acima. \u00c0 esquerda est\u00e3o duas ta\u00e7as de champanhe um pouco menores com o mesmo conte\u00fado da ta\u00e7a da direita. Com uma diferen\u00e7a de tamanho aparentemente apenas um pouco menor, agora voc\u00ea pode encher corretamente nove ta\u00e7as (em vez de seis) com a mesma garrafa de champanhe.<\/p>\n<h2>Servir champanhe e abri-lo corretamente<\/h2>\n<p>A abertura profissional de um champanhe \u00e9 como uma cerim\u00f4nia. Sob sua supervis\u00e3o, esse \u00e9 o momento de coroa\u00e7\u00e3o dessa nobre bebida.<\/p>\n<p>Cuidado! O champanhe est\u00e1 sob press\u00e3o consider\u00e1vel. Uma rolha voando pode causar estilha\u00e7os ou at\u00e9 mesmo custar um olho a um convidado!<\/p>\n<ol>\n<li>Obviamente, primeiro tire o champanhe do balde e seque cuidadosamente a garrafa com um guardanapo.<\/li>\n<li>Em seguida, ele \u00e9 apresentado ao convidado. Certifique-se de que a etiqueta n\u00e3o esteja coberta pelo guardanapo.<\/li>\n<li>Em seguida, segure a garrafa em um \u00e2ngulo com a m\u00e3o esquerda (aproximadamente 45 graus) e desenrole cuidadosamente o la\u00e7o da cesta de arame com a m\u00e3o direita. N\u00e3o danifique desnecessariamente a tampa de papel alum\u00ednio. Certifique-se de que a rolha esteja apontando para longe de sua cabe\u00e7a durante esse procedimento.<\/li>\n<li>Com cuidado, expanda a cesta de arame e remova-a junto com a tampa de papel alum\u00ednio. \u00c9 poss\u00edvel que a rolha j\u00e1 esteja flutuando. Nesse caso, remova a rolha com cuidado e delicadeza, juntamente com a cesta de arame e a tampa de papel alum\u00ednio.<\/li>\n<li>Segure a rolha firmemente com a m\u00e3o esquerda, gire a garrafa com a m\u00e3o direita ao mesmo tempo e remova a rolha (polegar na rolha!). Apenas um suspiro suave do champanhe deve ser ouvido (em vez de um \"estalo\" alto).<br \/>\nO que o ouvido ganha, o paladar perde mais tarde! Um \"pop\" \u00e9 o sinal de um iniciante silencioso e n\u00e3o corresponde ao alto padr\u00e3o de um champanhe fino. Na melhor das hip\u00f3teses, os saca-rolhas destinam-se apenas \u00e0quelas rar\u00edssimas emerg\u00eancias em que a rolha est\u00e1 excepcionalmente apertada. Se a cabe\u00e7a da rolha quebrar inesperadamente (tamb\u00e9m muito raro), corte-a com uma faca na boca da garrafa e puxe cuidadosamente o restante da rolha para fora do gargalo com um saca-rolhas.<\/li>\n<li>Passe a rolha imperceptivelmente e discretamente pelo seu (pr\u00f3prio) nariz para se certificar brevemente de que n\u00e3o h\u00e1 nenhum odor desagrad\u00e1vel nela. Tamb\u00e9m \u00e9 aconselh\u00e1vel dar uma olhada r\u00e1pida na boca da garrafa para ver se h\u00e1 algum res\u00edduo nela (se houver, use a parte de baixo da rolha ou o guardanapo para remov\u00ea-lo). Em seguida, coloque a rolha perto do convidado de honra. Esse gesto \u00e9 antigo. O anfitri\u00e3o (ou anfitri\u00e3) est\u00e1 simplesmente oferecendo ao convidado de honra a oportunidade de se certificar de que as marcas na rolha correspondem ao vinho servido. Isso pode parecer absurdo para um champanhe que acabou de ser aberto na frente do convidado de honra, mas faz parte do processo, especialmente porque o formato da rolha de um champanhe na parte inferior, por exemplo, revela se esse champanhe foi armazenado por muito tempo ou se \u00e9 mais \"jovem\" (consulte tamb\u00e9m rolha). O convidado de honra n\u00e3o \"cheira\" a rolha. Ao servir, o gargalo da garrafa n\u00e3o deve tocar a ta\u00e7a.<\/li>\n<li>O ritual de servir champanhe sempre come\u00e7a com o convidado de honra (se presente). Sirva um pouco de champanhe para o convidado de honra provar (apenas o suficiente para um ou no m\u00e1ximo dois goles) e se afaste. O convidado de honra verifica a cor e o aroma do vinho em sua ta\u00e7a, seguido de um teste de sabor. O anfitri\u00e3o espera atentamente por sua aprova\u00e7\u00e3o (talvez verbalmente ou apenas acenando discretamente com a cabe\u00e7a).<\/li>\n<li>Em seguida, encha os copos lentamente, em etapas (ou seja, duas ou tr\u00eas vezes) (Existem diferentes sistemas de ordem de servi\u00e7o no mundo (veja exemplos abaixo).<\/li>\n<li>Dependendo da temperatura ambiente, o champanhe pode espumar de forma diferente. Em \u00faltima an\u00e1lise, as ta\u00e7as n\u00e3o devem estar mais do que 2\/3 cheias. \u00c9 melhor ter menos do que muito champanhe na ta\u00e7a para que haja espa\u00e7o suficiente para o desenvolvimento do buqu\u00ea.<\/li>\n<li>Depois de despejar, coloque cuidadosamente a garrafa de volta no balde.<br \/>\nVeja tamb\u00e9m: N\u00e3o tenha medo de garrafas grandes!<\/li>\n<li>...e a rolha?<\/li>\n<\/ol>\n<h2>A rolha como amuleto da sorte ao servir champanhe<\/h2>\n<p>Voc\u00ea pode apresentar a seus convidados uma antiga tradi\u00e7\u00e3o fazendo uma incis\u00e3o cuidadosa na parte inferior da rolha, inserindo uma moeda de sua escolha e apresentando essa combina\u00e7\u00e3o a algu\u00e9m. Enquanto a moeda e a rolha permanecerem juntas, diz a lenda que o destinat\u00e1rio ter\u00e1 sorte.<\/p>\n<p>Diz-se que, quando a rolha de champanhe \u00e9 apresentada a uma mulher, ela s\u00f3 precisa passar tr\u00eas noites com a rolha debaixo do travesseiro para sonhar com o homem com quem se casar\u00e1!<\/p>\n<p>E o<a href=\"https:\/\/champagner.com\/pt\/glossario-2\/capsula-de-champanhe\/\"> C\u00e1psula de champanhe<\/a>?<\/p>\n<p>H\u00e1 uma pequena c\u00e1psula de metal na rolha de cada champanhe. Por favor, n\u00e3o a jogue fora. Mais cedo ou mais tarde, voc\u00ea encontrar\u00e1 um amante de champanhe que vai querer us\u00e1-la. <a href=\"https:\/\/champagner.com\/pt\/tampa-de-champanhe\/\">C\u00e1psulas<\/a> e certamente ficar\u00e1 encantado com seu presente com essas c\u00e1psulas (consulte tamb\u00e9m C\u00e1psula).<\/p>\n<p>Sistemas: A ordem de servir champanhe<\/p>\n<p>Existem v\u00e1rios sistemas de atendimento no mundo, mas todos eles t\u00eam um objetivo b\u00e1sico: garantir que tudo funcione sem problemas e com rapidez.<\/p>\n<p>Muitos anfitri\u00f5es simplesmente seguem o sentido hor\u00e1rio a partir do convidado de honra ao servir. Aqui est\u00e1 um exemplo de um sistema muito simples:<br \/>\nSe houver poucos convidados, as damas podem ser servidas primeiro (depois que o convidado de honra tiver ensaiado, \u00e9 claro) no sentido hor\u00e1rio, depois os cavalheiros e, por fim, o convidado de honra (mesmo que uma dama seja o convidado de honra). H\u00e1 tamb\u00e9m uma vers\u00e3o antiga em que a senhora mais velha do c\u00edrculo \u00e9 servida primeiro com champanhe.<\/p>\n<p>\u00c0s vezes, por\u00e9m, voc\u00ea pode encontrar outros sistemas. Por exemplo, h\u00e1 tamb\u00e9m um sistema antigo em que os copos das senhoras s\u00e3o enchidos primeiro no sentido anti-hor\u00e1rio a partir do convidado de honra, depois (ou seja, no \"caminho de volta\", por assim dizer) os copos dos homens s\u00e3o servidos no sentido hor\u00e1rio pelo anfitri\u00e3o. Finalmente, o copo do convidado de honra \u00e9 enchido.<\/p>\n<p>Ao encher as ta\u00e7as ao servir champanhe, aplica-se a ordem usual no sentido hor\u00e1rio, sem nenhuma sequ\u00eancia espec\u00edfica. O champanhe n\u00e3o deve ser completado continuamente, mas somente quando um ou dois goles permanecerem na ta\u00e7a. Isso garante que o champanhe seja otimizado em termos de temperatura e possa se desdobrar novamente (em vez de ser influenciado pelo champanhe j\u00e1 aquecido). O champanhe deve ser servido pelo lado direito.<\/p>\n<h2>Terracota em vez de uma banheira cl\u00e1ssica?<\/h2>\n<p>Pode acontecer de o anfitri\u00e3o presentear seus convidados com o melhor champanhe em uma terracota simples em vez de um balde elegante. Isso n\u00e3o \u00e9 de forma alguma uma gafe! Pelo contr\u00e1rio: mostra que o anfitri\u00e3o reconhece as propriedades imbat\u00edveis da terracota, que os romanos j\u00e1 apreciavam.<\/p>\n<p>Se um champanhe for resfriado muito rapidamente ou em excesso, ele sofrer\u00e1 um choque que pode ter consequ\u00eancias desagrad\u00e1veis para seu sabor. Ali\u00e1s, esse choque tamb\u00e9m pode ocorrer em um balde de gelo picado se ele \"flutuar\" nesse banho de gelo por muito tempo. A terracota, por outro lado, esfria suavemente devido ao seu efeito natural de evapora\u00e7\u00e3o. Esses recipientes s\u00e3o primeiramente preenchidos com \u00e1gua gelada. Em seguida, deixe-os cheios por cerca de 10 minutos. Esse tempo \u00e9 necess\u00e1rio para que a \u00e1gua possa penetrar um pouco na terra queimada.) O recipiente \u00e9 ent\u00e3o esvaziado e est\u00e1 pronto para \"abra\u00e7ar\" o champanhe e mant\u00ea-lo resfriado de maneira suave. Sirva o champanhe!<\/p>\n<\/div><\/section><\/p><\/div>\n<style type=\"text\/css\" data-created_by=\"avia_inline_auto\" id=\"style-css-av-7vz4-e2ecb25e9168201a3fd1fa7a9982a872\">\n.flex_column.av-7vz4-e2ecb25e9168201a3fd1fa7a9982a872{\nborder-radius:0px 0px 0px 0px;\npadding:0px 0px 0px 0px;\n}\n<\/style>\n<div  class='flex_column av-7vz4-e2ecb25e9168201a3fd1fa7a9982a872 av_one_fifth  avia-builder-el-6  el_after_av_three_fifth  avia-builder-el-last  flex_column_div av-zero-column-padding'     ><\/div>","protected":false},"excerpt":{"rendered":"","protected":false},"author":1,"featured_media":6587,"parent":0,"menu_order":0,"comment_status":"closed","ping_status":"closed","template":"","meta":{"footnotes":""},"class_list":["post-6522","page","type-page","status-publish","has-post-thumbnail","hentry"],"_links":{"self":[{"href":"https:\/\/champagner.com\/pt\/wp-json\/wp\/v2\/pages\/6522","targetHints":{"allow":["GET"]}}],"collection":[{"href":"https:\/\/champagner.com\/pt\/wp-json\/wp\/v2\/pages"}],"about":[{"href":"https:\/\/champagner.com\/pt\/wp-json\/wp\/v2\/types\/page"}],"author":[{"embeddable":true,"href":"https:\/\/champagner.com\/pt\/wp-json\/wp\/v2\/users\/1"}],"replies":[{"embeddable":true,"href":"https:\/\/champagner.com\/pt\/wp-json\/wp\/v2\/comments?post=6522"}],"version-history":[{"count":0,"href":"https:\/\/champagner.com\/pt\/wp-json\/wp\/v2\/pages\/6522\/revisions"}],"wp:featuredmedia":[{"embeddable":true,"href":"https:\/\/champagner.com\/pt\/wp-json\/wp\/v2\/media\/6587"}],"wp:attachment":[{"href":"https:\/\/champagner.com\/pt\/wp-json\/wp\/v2\/media?parent=6522"}],"curies":[{"name":"wp","href":"https:\/\/api.w.org\/{rel}","templated":true}]}}