{"id":6528,"date":"2022-05-05T13:56:49","date_gmt":"2022-05-05T13:56:49","guid":{"rendered":"https:\/\/champagner.com\/?page_id=6528"},"modified":"2024-11-04T12:46:29","modified_gmt":"2024-11-04T12:46:29","slug":"etiquetas-de-champanhe","status":"publish","type":"page","link":"https:\/\/champagner.com\/pt\/etiquetas-de-champanhe\/","title":{"rendered":"R\u00f3tulos de champanhe"},"content":{"rendered":"<div   class='avia-fullscreen-slider main_color   avia-builder-el-0  el_before_av_section  avia-builder-el-first  container_wrap fullsize'  ><div  class='avia-slideshow av-kjripr6g-74ffc6525b251b8b733cc3ef032d902d avia-slideshow-extra_large av_fullscreen avia-slide-slider av-slideshow-ui av-control-default av-slideshow-manual av-loop-once av-loop-manual-endless av-default-height-applied   avia-slideshow-1' data-slideshow-options=\"{&quot;animation&quot;:&quot;slide&quot;,&quot;autoplay&quot;:false,&quot;loop_autoplay&quot;:&quot;once&quot;,&quot;interval&quot;:5,&quot;loop_manual&quot;:&quot;manual-endless&quot;,&quot;autoplay_stopper&quot;:false,&quot;noNavigation&quot;:false,&quot;bg_slider&quot;:true,&quot;keep_padding&quot;:false,&quot;hoverpause&quot;:false,&quot;show_slide_delay&quot;:0,&quot;slide_height&quot;:&quot;100&quot;,&quot;image_attachment&quot;:&quot;&quot;}\"  itemprop=\"image\" itemscope=\"itemscope\" itemtype=\"https:\/\/schema.org\/ImageObject\" ><ul class='avia-slideshow-inner' style='padding-bottom: 56.390977443609%;'><li style='background-position:center center;' data-img-url='https:\/\/champagner.com\/wp-content\/uploads\/2018\/05\/thienot-champagner-cuvee-alain-thienot.jpg' class='avia-slideshow-slide av-kjripr6g-74ffc6525b251b8b733cc3ef032d902d__0  av-single-slide slide-1 slide-odd'><div data-rel='slideshow-1' class='avia-slide-wrap'  title='Thi\u00e9not Champagne Cuvee Alain Thi\u00e9not' ><\/div><\/li><\/ul><\/div><\/div>\n<div id='av_section_1'  class='avia-section av-9qys-7fbec837cc9414b56951d589a49fa01e main_color avia-section-default avia-no-border-styling  avia-builder-el-1  el_after_av_fullscreen  avia-builder-el-last  avia-bg-style-scroll container_wrap fullsize'  ><div class='container av-section-cont-open' ><div class='template-page content  av-content-full alpha units'><div class='post-entry post-entry-type-page post-entry-6528'><div class='entry-content-wrapper clearfix'>\n\n<style type=\"text\/css\" data-created_by=\"avia_inline_auto\" id=\"style-css-av-9tz4-26c14c70028d90a54aefce07862c0d7e\">\n.flex_column.av-9tz4-26c14c70028d90a54aefce07862c0d7e{\nborder-radius:0px 0px 0px 0px;\npadding:0px 0px 0px 0px;\n}\n<\/style>\n<div  class='flex_column av-9tz4-26c14c70028d90a54aefce07862c0d7e av_one_fifth  avia-builder-el-2  el_before_av_three_fifth  avia-builder-el-first  first flex_column_div av-zero-column-padding'     ><\/div>\n<style type=\"text\/css\" data-created_by=\"avia_inline_auto\" id=\"style-css-av-5y3a-c3ba98e644c5ae5c87ca984f1618400f\">\n.flex_column.av-5y3a-c3ba98e644c5ae5c87ca984f1618400f{\nborder-radius:0px 0px 0px 0px;\npadding:0px 0px 0px 0px;\n}\n<\/style>\n<div  class='flex_column av-5y3a-c3ba98e644c5ae5c87ca984f1618400f av_three_fifth  avia-builder-el-3  el_after_av_one_fifth  el_before_av_one_fifth  flex_column_div av-zero-column-padding'     ><p>\n<style type=\"text\/css\" data-created_by=\"avia_inline_auto\" id=\"style-css-av-kjrjnv83-2a35af8d1787f56e3a1ccc09942a3cd9\">\n#top .av-special-heading.av-kjrjnv83-2a35af8d1787f56e3a1ccc09942a3cd9{\npadding-bottom:30px;\nfont-size:50px;\n}\nbody .av-special-heading.av-kjrjnv83-2a35af8d1787f56e3a1ccc09942a3cd9 .av-special-heading-tag .heading-char{\nfont-size:25px;\n}\n#top #wrap_all .av-special-heading.av-kjrjnv83-2a35af8d1787f56e3a1ccc09942a3cd9 .av-special-heading-tag{\nfont-size:50px;\n}\n.av-special-heading.av-kjrjnv83-2a35af8d1787f56e3a1ccc09942a3cd9 .av-subheading{\nfont-size:15px;\n}\n\n@media only screen and (min-width: 480px) and (max-width: 767px){ \n#top #wrap_all .av-special-heading.av-kjrjnv83-2a35af8d1787f56e3a1ccc09942a3cd9 .av-special-heading-tag{\nfont-size:0.8em;\n}\n}\n\n@media only screen and (max-width: 479px){ \n#top #wrap_all .av-special-heading.av-kjrjnv83-2a35af8d1787f56e3a1ccc09942a3cd9 .av-special-heading-tag{\nfont-size:0.8em;\n}\n}\n<\/style>\n<div  class='av-special-heading av-kjrjnv83-2a35af8d1787f56e3a1ccc09942a3cd9 av-special-heading-h1 blockquote modern-quote  avia-builder-el-4  el_before_av_textblock  avia-builder-el-first  av-inherit-size'><h1 class='av-special-heading-tag'  itemprop=\"headline\"  >R\u00f3tulos de champanhe<\/h1><div class=\"special-heading-border\"><div class=\"special-heading-inner-border\"><\/div><\/div><\/div><br \/>\n\n<style type=\"text\/css\" data-created_by=\"avia_inline_auto\" id=\"style-css-av-kj4bin1p-07a9ad7eee89eb6f83c5a5be01d6504d\">\n#top .av_textblock_section.av-kj4bin1p-07a9ad7eee89eb6f83c5a5be01d6504d .avia_textblock{\nfont-size:18px;\ntext-align:left;\n}\n<\/style>\n<section  class='av_textblock_section av-kj4bin1p-07a9ad7eee89eb6f83c5a5be01d6504d'   itemscope=\"itemscope\" itemtype=\"https:\/\/schema.org\/CreativeWork\" ><div class='avia_textblock'  itemprop=\"text\" ><h3>Os r\u00f3tulos do Champager<\/h3>\n<p>Os r\u00f3tulos dos <a href=\"https:\/\/champagner.com\/pt\/\">Champanhe<\/a> s\u00e3o equivalentes a carteiras de identidade,<br \/>\nque cont\u00eam informa\u00e7\u00f5es importantes regidas por normas r\u00edgidas. Por exemplo, um r\u00f3tulo informa de que casa vem o champanhe e que sabor ele tem.<\/p>\n<p>Os r\u00f3tulos de champanhe apareceram em sua forma primitiva j\u00e1 no s\u00e9culo XVIII. Raramente eram mais do que peda\u00e7os de papel colados, contendo poucas informa\u00e7\u00f5es escritas \u00e0 m\u00e3o.<\/p>\n<p>Por volta de 1820, surgiram as verdadeiras \u00e9tiquettes, que s\u00e3o as atuais<br \/>\nOs r\u00f3tulos j\u00e1 eram semelhantes. Pouco tempo depois, desenvolveu-se uma competi\u00e7\u00e3o regular para refletir a reputa\u00e7\u00e3o da casa, bem como a cultura e a arte no r\u00f3tulo.<\/p>\n<p>Embora ainda hoje exibam com frequ\u00eancia essas belas qualidades, os r\u00f3tulos de champanhe tamb\u00e9m se transformaram em \"bandeiras\" protegidas das casas, que s\u00e3o defendidas na luta contra imita\u00e7\u00f5es para proteger os consumidores.<\/p>\n<h3>R\u00f3tulo em detalhes<\/h3>\n<p>Este exemplo \u00e9 um r\u00f3tulo da famosa casa de <a href=\"https:\/\/champagner.com\/pt\/g-h-mumm-champanhe\/\">V\u00edsceras<\/a>. Este r\u00f3tulo da Mumm vem de uma garrafa do mercado americano.<\/p>\n<p>A designa\u00e7\u00e3o \"Champagne\". Sem ela, o conte\u00fado n\u00e3o \u00e9 champanhe de verdade!<\/p>\n<p>A marca e\/ou o nome da empresa geralmente s\u00e3o listados em uma posi\u00e7\u00e3o de destaque. Certas cores tamb\u00e9m s\u00e3o defendidas por algumas casas. A marca Veuve Clicquot, por exemplo, \u00e9 facilmente reconhec\u00edvel gra\u00e7as \u00e0 sua cor laranja especial nos r\u00f3tulos de champanhe.<br \/>\nEsse r\u00f3tulo da Mumm apresenta o nome G. H. Mumm e a marca Cordon Rouge na famosa fita vermelha diagonal. Essa fita vermelha proeminente foi introduzida pela primeira vez em 1876 como elegantes la\u00e7os de seda ao redor das garrafas. Em 1883, os r\u00f3tulos foram rotulados com a fita vermelha em vez dos la\u00e7os. A fita vermelha foi simbolicamente derivada da L\u00e9gion d'honneur (Legi\u00e3o de Honra) francesa.<\/p>\n<ul>\n<li>A cidade e o pa\u00eds de origem Fran\u00e7a<\/li>\n<li>O teor alco\u00f3lico (entre 10,5% e 13%)<\/li>\n<li>O volume do frasco<\/li>\n<\/ul>\n<p>O volume de l\u00edquido americano correspondente (US 1pint, 10 on\u00e7as fluidas) foi listado aqui. Convertida, essa garrafa era, portanto, aproximadamente uma garrafa padr\u00e3o europeia t\u00edpica.<\/p>\n<p>O n\u00famero de controle do CIVC \u00e9 uma informa\u00e7\u00e3o obrigat\u00f3ria, que come\u00e7a com duas letras e \u00e9 seguido por um n\u00famero de v\u00e1rios d\u00edgitos. As letras s\u00e3o abrevia\u00e7\u00f5es e significam<\/p>\n<p>**N.M.<br \/>\n(negociador-manipulador)<br \/>\nPreparado por uma casa de champanhe.<\/p>\n<p>** M.A.<br \/>\n(marca do fornecedor)<br \/>\nUma marca secund\u00e1ria. Esse champanhe foi<br \/>\nda casa de champanhe como um engarrafamento especial ou<br \/>\nengarrafamento de marca pr\u00f3pria para, por exemplo, uma<br \/>\nentregue em um restaurante ou em uma companhia a\u00e9rea.<\/p>\n<p>** R.M<br \/>\n(recoltant-manipulant)<br \/>\nPreparado por um vinicultor de champanhe a partir de sua pr\u00f3pria<br \/>\nVinhas.<\/p>\n<p>** R.C.<br \/>\n(coletor-cooperador)<br \/>\nPreparado por um vinicultor de champanhe a partir de sua pr\u00f3pria<br \/>\nvideiras e o estoque de uma cooperativa de vinicultores.<\/p>\n<p>** C.M.<br \/>\n(coop\u00e9rative de manipulation)<br \/>\nUma cooperativa de vinicultores era respons\u00e1vel pela<br \/>\nrespons\u00e1vel pelo engarrafamento.<\/p>\n<p>A rotulagem do sabor tamb\u00e9m \u00e9 muito importante:<br \/>\nExtra Brut, Brut, Extra Dry, Sec, Demi-Sec<br \/>\n(consulte Posologia)<\/p>\n<p>O r\u00f3tulo do gargalo (ou r\u00f3tulo do ombro) de uma garrafa de champanhe \u00e9 conhecido como cravat ou collerette. \u00c0s vezes, ele mostra o nome da casa, o bras\u00e3o ou o logotipo da casa, a safra do champanhe, o ano em que a casa foi fundada ou, talvez, uma nota como fornecedor oficial de uma determinada casa real. Algumas casas tamb\u00e9m dispensam o r\u00f3tulo no gargalo.<\/p>\n<p>Os r\u00f3tulos dos champanhes tamb\u00e9m costumam conter informa\u00e7\u00f5es adicionais.<\/p>\n<h3>R\u00f3tulos de champanhe Mill\u00e9sime<\/h3>\n<p>Os champanhes produzidos com uvas de apenas um ano espec\u00edfico s\u00e3o conhecidos como <a href=\"https:\/\/champagner.com\/pt\/locais\/\">Champanhe<\/a> tempo.<br \/>\nO vintage, como <a href=\"https:\/\/champagner.com\/pt\/vintage\/\">1990<\/a> \u00e9 geralmente listado em uma posi\u00e7\u00e3o de destaque nesse r\u00f3tulo de um champanhe da Jacquesson. A safra tamb\u00e9m \u00e9 registrada na rolha (veja tamb\u00e9m rolha)<\/p>\n<p>** Blanc de Blancs<br \/>\nPara 100% obtido de uvas Chardonnay.<br \/>\n(Veja tamb\u00e9m Blanc de Blancs).<\/p>\n<p>** Blanc de Noirs<br \/>\nPara 100% feito de uvas Pinot Noir e\/ou Pinot Meunier.<br \/>\n(Veja tamb\u00e9m Blanc de Noirs).<\/p>\n<p>** Refer\u00eancia a um Cru<br \/>\nUm Grand Cru ou Premier Cru refere-se aos vinhos mais valorizados.<br \/>\nlocais da regi\u00e3o de Champagne. H\u00e1 17 Grand Crus (por exemplo, Ambonnay, Avize, A\u00ff, Bouzy, Cramant, Le Mesnil-sur-Oger, Tours-sur-Marne) e 41 Premier Crus (por exemplo, Chouilly, <a href=\"https:\/\/champagner.com\/pt\/glossario-2\/hautvillers\/\">Hautvillers<\/a>Mareuil-sur-A\u00ff; veja tamb\u00e9m Cru).<\/p>\n<h4>R\u00f3tulos de champanhe art\u00edsticos<\/h4>\n<p>A casa Perrier-Jou\u00ebt usa um r\u00f3tulo transparente de formato harmonioso em combina\u00e7\u00e3o com as famosas flores emolduradas na garrafa (Fleur de Champagne).<\/p>\n<p>De tempos em tempos, algumas casas de champanhe comemoram eventos hist\u00f3ricos com r\u00f3tulos muito bonitos. Este exemplo \u00e9 um r\u00f3tulo da renomada casa de champanhe Lecerc Briant.<\/p>\n<p>Neste exemplo, a famosa casa de champanhe Deutz comemora o lend\u00e1rio Orient Express em um r\u00f3tulo fant\u00e1stico. N\u00e3o \u00e9 de se admirar que haja tantos colecionadores de r\u00f3tulos<\/p>\n<p>Os r\u00f3tulos art\u00edsticos de champanhe da Bruno Paillard tamb\u00e9m s\u00e3o uma experi\u00eancia.<\/p>\n<\/div><\/section><\/p><\/div>\n<style type=\"text\/css\" data-created_by=\"avia_inline_auto\" id=\"style-css-av-7vz4-e2ecb25e9168201a3fd1fa7a9982a872\">\n.flex_column.av-7vz4-e2ecb25e9168201a3fd1fa7a9982a872{\nborder-radius:0px 0px 0px 0px;\npadding:0px 0px 0px 0px;\n}\n<\/style>\n<div  class='flex_column av-7vz4-e2ecb25e9168201a3fd1fa7a9982a872 av_one_fifth  avia-builder-el-6  el_after_av_three_fifth  avia-builder-el-last  flex_column_div av-zero-column-padding'     ><\/div>","protected":false},"excerpt":{"rendered":"","protected":false},"author":1,"featured_media":4333,"parent":0,"menu_order":0,"comment_status":"closed","ping_status":"closed","template":"","meta":{"footnotes":""},"class_list":["post-6528","page","type-page","status-publish","has-post-thumbnail","hentry"],"_links":{"self":[{"href":"https:\/\/champagner.com\/pt\/wp-json\/wp\/v2\/pages\/6528","targetHints":{"allow":["GET"]}}],"collection":[{"href":"https:\/\/champagner.com\/pt\/wp-json\/wp\/v2\/pages"}],"about":[{"href":"https:\/\/champagner.com\/pt\/wp-json\/wp\/v2\/types\/page"}],"author":[{"embeddable":true,"href":"https:\/\/champagner.com\/pt\/wp-json\/wp\/v2\/users\/1"}],"replies":[{"embeddable":true,"href":"https:\/\/champagner.com\/pt\/wp-json\/wp\/v2\/comments?post=6528"}],"version-history":[{"count":0,"href":"https:\/\/champagner.com\/pt\/wp-json\/wp\/v2\/pages\/6528\/revisions"}],"wp:featuredmedia":[{"embeddable":true,"href":"https:\/\/champagner.com\/pt\/wp-json\/wp\/v2\/media\/4333"}],"wp:attachment":[{"href":"https:\/\/champagner.com\/pt\/wp-json\/wp\/v2\/media?parent=6528"}],"curies":[{"name":"wp","href":"https:\/\/api.w.org\/{rel}","templated":true}]}}