{"id":6531,"date":"2022-05-05T14:08:45","date_gmt":"2022-05-05T14:08:45","guid":{"rendered":"https:\/\/champagner.com\/?page_id=6531"},"modified":"2024-07-26T02:47:20","modified_gmt":"2024-07-26T02:47:20","slug":"armazenamento-de-champagne","status":"publish","type":"page","link":"https:\/\/champagner.com\/pt\/armazenamento-de-champagne\/","title":{"rendered":"Armazenamento de champanhe"},"content":{"rendered":"<div   class='avia-fullscreen-slider main_color   avia-builder-el-0  el_before_av_section  avia-builder-el-first  container_wrap fullsize'  ><div  class='avia-slideshow av-kjripr6g-74ffc6525b251b8b733cc3ef032d902d avia-slideshow-extra_large av_fullscreen avia-slide-slider av-slideshow-ui av-control-default av-slideshow-manual av-loop-once av-loop-manual-endless av-default-height-applied   avia-slideshow-1' data-slideshow-options=\"{&quot;animation&quot;:&quot;slide&quot;,&quot;autoplay&quot;:false,&quot;loop_autoplay&quot;:&quot;once&quot;,&quot;interval&quot;:5,&quot;loop_manual&quot;:&quot;manual-endless&quot;,&quot;autoplay_stopper&quot;:false,&quot;noNavigation&quot;:false,&quot;bg_slider&quot;:true,&quot;keep_padding&quot;:false,&quot;hoverpause&quot;:false,&quot;show_slide_delay&quot;:0,&quot;slide_height&quot;:&quot;100&quot;,&quot;image_attachment&quot;:&quot;&quot;}\"  itemprop=\"image\" itemscope=\"itemscope\" itemtype=\"https:\/\/schema.org\/ImageObject\" ><ul class='avia-slideshow-inner' style='padding-bottom: 50%;'><li style='background-position:center center;' data-img-url='https:\/\/champagner.com\/wp-content\/uploads\/2018\/05\/charles-heidsieck-champagner-lagerung.jpg' class='avia-slideshow-slide av-kjripr6g-74ffc6525b251b8b733cc3ef032d902d__0  av-single-slide slide-1 slide-odd'><div data-rel='slideshow-1' class='avia-slide-wrap'  title='Charles Heidsieck Armazenamento de champanhe' ><\/div><\/li><\/ul><\/div><\/div>\n<div id='av_section_1'  class='avia-section av-9qys-7fbec837cc9414b56951d589a49fa01e main_color avia-section-default avia-no-border-styling  avia-builder-el-1  el_after_av_fullscreen  avia-builder-el-last  avia-bg-style-scroll container_wrap fullsize'  ><div class='container av-section-cont-open' ><div class='template-page content  av-content-full alpha units'><div class='post-entry post-entry-type-page post-entry-6531'><div class='entry-content-wrapper clearfix'>\n\n<style type=\"text\/css\" data-created_by=\"avia_inline_auto\" id=\"style-css-av-9tz4-26c14c70028d90a54aefce07862c0d7e\">\n.flex_column.av-9tz4-26c14c70028d90a54aefce07862c0d7e{\nborder-radius:0px 0px 0px 0px;\npadding:0px 0px 0px 0px;\n}\n<\/style>\n<div  class='flex_column av-9tz4-26c14c70028d90a54aefce07862c0d7e av_one_fifth  avia-builder-el-2  el_before_av_three_fifth  avia-builder-el-first  first flex_column_div av-zero-column-padding'     ><\/div>\n<style type=\"text\/css\" data-created_by=\"avia_inline_auto\" id=\"style-css-av-5y3a-c3ba98e644c5ae5c87ca984f1618400f\">\n.flex_column.av-5y3a-c3ba98e644c5ae5c87ca984f1618400f{\nborder-radius:0px 0px 0px 0px;\npadding:0px 0px 0px 0px;\n}\n<\/style>\n<div  class='flex_column av-5y3a-c3ba98e644c5ae5c87ca984f1618400f av_three_fifth  avia-builder-el-3  el_after_av_one_fifth  el_before_av_one_fifth  flex_column_div av-zero-column-padding'     ><p>\n<style type=\"text\/css\" data-created_by=\"avia_inline_auto\" id=\"style-css-av-kjrjnv83-058860c1bf94d3597534b0c9e9493aab\">\n#top .av-special-heading.av-kjrjnv83-058860c1bf94d3597534b0c9e9493aab{\npadding-bottom:30px;\nfont-size:50px;\n}\nbody .av-special-heading.av-kjrjnv83-058860c1bf94d3597534b0c9e9493aab .av-special-heading-tag .heading-char{\nfont-size:25px;\n}\n#top #wrap_all .av-special-heading.av-kjrjnv83-058860c1bf94d3597534b0c9e9493aab .av-special-heading-tag{\nfont-size:50px;\n}\n.av-special-heading.av-kjrjnv83-058860c1bf94d3597534b0c9e9493aab .av-subheading{\nfont-size:15px;\n}\n\n@media only screen and (min-width: 480px) and (max-width: 767px){ \n#top #wrap_all .av-special-heading.av-kjrjnv83-058860c1bf94d3597534b0c9e9493aab .av-special-heading-tag{\nfont-size:0.8em;\n}\n}\n\n@media only screen and (max-width: 479px){ \n#top #wrap_all .av-special-heading.av-kjrjnv83-058860c1bf94d3597534b0c9e9493aab .av-special-heading-tag{\nfont-size:0.8em;\n}\n}\n<\/style>\n<div  class='av-special-heading av-kjrjnv83-058860c1bf94d3597534b0c9e9493aab av-special-heading-h1 blockquote modern-quote  avia-builder-el-4  el_before_av_textblock  avia-builder-el-first  av-inherit-size'><h1 class='av-special-heading-tag'  itemprop=\"headline\"  >Armazenamento de champanhe<\/h1><div class=\"special-heading-border\"><div class=\"special-heading-inner-border\"><\/div><\/div><\/div><br \/>\n\n<style type=\"text\/css\" data-created_by=\"avia_inline_auto\" id=\"style-css-av-kj4bin1p-07a9ad7eee89eb6f83c5a5be01d6504d\">\n#top .av_textblock_section.av-kj4bin1p-07a9ad7eee89eb6f83c5a5be01d6504d .avia_textblock{\nfont-size:18px;\ntext-align:left;\n}\n<\/style>\n<section  class='av_textblock_section av-kj4bin1p-07a9ad7eee89eb6f83c5a5be01d6504d'   itemscope=\"itemscope\" itemtype=\"https:\/\/schema.org\/CreativeWork\" ><div class='avia_textblock'  itemprop=\"text\" ><h1>Armazenamento de champanhe: um guia abrangente<\/h1>\n<p><a href=\"https:\/\/champagner.com\/pt\/\">Champanhe<\/a> n\u00e3o \u00e9 apenas uma bebida, mas um s\u00edmbolo de celebra\u00e7\u00e3o e luxo. Para preservar seus sabores exclusivos e seu fino perlage, o armazenamento adequado do champanhe \u00e9 fundamental. Neste guia, discutiremos as melhores maneiras de armazenar champanhe para garantir que voc\u00ea sempre desfrute da melhor qualidade.<\/p>\n<h2>Introdu\u00e7\u00e3o ao armazenamento de champanhe<\/h2>\n<p>O champanhe, a bebida espumante da regi\u00e3o de Champagne, na Fran\u00e7a, \u00e9 conhecido por sua complexidade e delicadeza. Seja para ocasi\u00f5es especiais ou como parte de sua cole\u00e7\u00e3o, o armazenamento do champanhe \u00e9 um fator crucial para preservar sua qualidade e promover seu desenvolvimento. O manuseio correto do champanhe pode fazer a diferen\u00e7a entre uma experi\u00eancia de sabor mediana e uma excepcional.<\/p>\n<h2>Por que \u00e9 importante armazenar o champanhe corretamente?<\/h2>\n<h3>Os efeitos da luz e da temperatura<\/h3>\n<p>O champanhe \u00e9 sens\u00edvel \u00e0 luz e \u00e0 temperatura. A luz solar direta ou fontes de luz fortes podem alterar os compostos qu\u00edmicos do champanhe, levando ao envelhecimento r\u00e1pido e \u00e0 perda de frescor. Uma temperatura constante que n\u00e3o seja muito extrema \u00e9 o ideal.<\/p>\n<h3>A influ\u00eancia da umidade<\/h3>\n<p>A umidade tamb\u00e9m desempenha um papel importante. O excesso de umidade pode danificar os r\u00f3tulos das garrafas ou causar o desenvolvimento de mofo nas garrafas. <a href=\"https:\/\/champagner.com\/pt\/glossario-2\/cortica\/\">Corti\u00e7a<\/a> cresce. Se a umidade for muito baixa, ela pode ressecar a rolha e fazer com que o ar entre na garrafa, causando a oxida\u00e7\u00e3o do champanhe.<\/p>\n<h3>A import\u00e2ncia da posi\u00e7\u00e3o do frasco<\/h3>\n<p>A maneira como a garrafa \u00e9 armazenada tamb\u00e9m influencia a qualidade do champanhe. As garrafas que s\u00e3o armazenadas horizontalmente t\u00eam a vantagem de que a rolha permanece \u00famida e, portanto, garante uma melhor veda\u00e7\u00e3o.<\/p>\n<h2>Dicas para armazenar champanhe<\/h2>\n<h3>A temperatura ideal de armazenamento<\/h3>\n<p>A temperatura perfeita para armazenar champanhe \u00e9 entre 8 e 12 graus Celsius. Essa temperatura garante que o champanhe amadure\u00e7a lentamente e desenvolva seus sabores de forma ideal. As flutua\u00e7\u00f5es extremas de temperatura devem ser evitadas, pois podem afetar a qualidade do champanhe.<\/p>\n<h3>O local de armazenamento correto<\/h3>\n<p>Escolha um local fresco e escuro para armazenar o champanhe. Uma adega de vinhos ou uma geladeira especial para champanhe s\u00e3o ideais. Evite <a href=\"https:\/\/champagner.com\/pt\/locais\/\">Locais<\/a>exposto a odores fortes, pois o champanhe pode absorver facilmente odores estranhos.<\/p>\n<h3>A posi\u00e7\u00e3o da garrafa<\/h3>\n<p>O ideal \u00e9 que as garrafas de champanhe sejam armazenadas na horizontal. Isso ajuda a manter a rolha \u00famida, o que, por sua vez, reduz o risco de oxida\u00e7\u00e3o. Isso \u00e9 particularmente importante para vinhos espumantes, como os encontrados no champanhe, pois a press\u00e3o na garrafa afeta o aperto da rolha.<\/p>\n<h3>Evitar vibra\u00e7\u00f5es<\/h3>\n<p>O champanhe deve ser armazenado em um local onde n\u00e3o haja vibra\u00e7\u00f5es ou choques. Isso pode perturbar as finas bolhas do champanhe e afetar negativamente sua estrutura. Portanto, um local de armazenamento silencioso e est\u00e1vel \u00e9 essencial.<\/p>\n<h2>Armazenamento de champanhe a longo prazo<\/h2>\n<h3>Potencial de matura\u00e7\u00e3o<\/h3>\n<p>Nem todos os champanhes s\u00e3o adequados para armazenamento de longo prazo. Embora algumas variedades possam se beneficiar do envelhecimento prolongado, outras s\u00e3o melhores quando apreciadas jovens e frescas. Os champanhes vintage e certos cuv\u00e9es de prest\u00edgio geralmente t\u00eam o potencial de envelhecer por anos e desenvolver ainda mais seus sabores.<\/p>\n<h3>Influ\u00eancia do envelhecimento em garrafa<\/h3>\n<p>Com o tempo, o champanhe muda na garrafa. Os sabores continuam a se desenvolver e o champanhe pode se tornar mais complexo. Esse \u00e9 particularmente o caso dos champanhes vintage de alta qualidade. Entretanto, tome cuidado para n\u00e3o armazenar o champanhe por muito tempo, pois at\u00e9 mesmo as melhores garrafas acabar\u00e3o excedendo sua maturidade ideal para consumo.<\/p>\n<h2>Armazenamento de curto prazo e temperatura de servi\u00e7o<\/h2>\n<h3>Prepara\u00e7\u00e3o antes de servir<\/h3>\n<p>Se quiser armazenar o champanhe por um curto per\u00edodo de tempo, certifique-se de que a garrafa esteja bem gelada antes de abri-la. Uma temperatura de servi\u00e7o de cerca de 6 a 8 graus Celsius \u00e9 ideal para real\u00e7ar os sabores da melhor maneira poss\u00edvel. Se a temperatura estiver muito alta, o champanhe pode perder o frescor muito rapidamente.<\/p>\n<h3>O mecanismo de resfriamento correto<\/h3>\n<p>Para um resfriamento de curto prazo, \u00e9 poss\u00edvel armazenar o champanhe na geladeira. Como alternativa, pode coloc\u00e1-lo em um balde de gelo com gelo e \u00e1gua. Isso garante um resfriamento uniforme e r\u00e1pido sem chocar desnecessariamente o champanhe.<\/p>\n<h2>Evite erros ao armazenar champanhe<\/h2>\n<h3>Armazenamento pr\u00f3ximo a fontes de calor<\/h3>\n<p>Evite armazenar o champanhe pr\u00f3ximo a fontes de calor, como radiadores ou o sol. O calor pode prejudicar rapidamente a qualidade do champanhe.<\/p>\n<h3>Negligenciar a posi\u00e7\u00e3o da garrafa<\/h3>\n<p>Certifique-se de que as garrafas de champanhe sejam armazenadas na horizontal para manter a rolha \u00famida. Evitar vibra\u00e7\u00f5es e choques tamb\u00e9m \u00e9 importante para a qualidade do champanhe.<\/p>\n<h3>Falta de umidade<\/h3>\n<p>Uma umidade muito baixa pode ressecar a rolha e permitir a entrada de ar na garrafa. Certifique-se de que a umidade em sua \u00e1rea de armazenamento permane\u00e7a constante.<\/p>\n<h2>Op\u00e7\u00f5es especiais de armazenamento<\/h2>\n<h3>Geladeiras para champanhe<\/h3>\n<p>Existem refrigeradores especiais para champanhe que oferecem condi\u00e7\u00f5es ideais de armazenamento. Esses refrigeradores s\u00e3o projetados para atender \u00e0s necessidades do champanhe e fornecer a temperatura, a umidade e a prote\u00e7\u00e3o contra a luz adequadas.<\/p>\n<h3>Adega de vinhos e salas de armazenamento<\/h3>\n<p>Uma adega de vinhos bem planejada tamb\u00e9m pode proporcionar um excelente ambiente de armazenamento. Ela deve ser fresca, escura e silenciosa para garantir as melhores condi\u00e7\u00f5es para o armazenamento de champanhe.<\/p>\n<h2>Perguntas frequentes sobre armazenamento de champanhe<\/h2>\n<h3>Por quanto tempo o champanhe pode ser armazenado?<\/h3>\n<p>O tempo de armazenamento do champanhe depende do tipo de champanhe. O champanhe vintage pode ser armazenado por muitos anos, enquanto o champanhe n\u00e3o vintage \u00e9 melhor apreciado em um ou dois anos ap\u00f3s a compra.<\/p>\n<h3>O champanhe pode ser amadurecido na garrafa?<\/h3>\n<p>Sim, o champanhe pode amadurecer na garrafa, especialmente quando se trata de champanhes vintage de alta qualidade. O envelhecimento pode levar a uma estrutura de sabor mais complexa e equilibrada.<\/p>\n<h3>Como posso saber se o champanhe estragou?<\/h3>\n<p>O champanhe estragado pode desenvolver um odor desagrad\u00e1vel e perder suas bolhas. Se o champanhe tiver um odor desagrad\u00e1vel ou estiver oxidado, provavelmente n\u00e3o poder\u00e1 mais ser bebido.<\/p>\n<h3><strong>A import\u00e2ncia da safra e da casa de champanhe<\/strong><\/h3>\n<p>O valor de um champanhe vintage n\u00e3o \u00e9 apenas uma quest\u00e3o de idade, mas tamb\u00e9m do nome da casa de champanhe e da pr\u00f3pria safra. Alguns <a href=\"https:\/\/champagner.com\/pt\/vintage\/\">Vintages<\/a> s\u00e3o particularmente procurados devido \u00e0 sua excepcional qualidade e raridade. Casas de champanhe como Veuve Clicquot, Dom P\u00e9rignon e Krug se estabeleceram por meio de sua qualidade e raridade. <a href=\"https:\/\/champagner.com\/pt\/glossario-2\/origem-do-champanhe\/\">Hist\u00f3rico<\/a> fez seu nome. Uma safra de champanhe de uma casa renomada pode render somas consider\u00e1veis no mercado, especialmente se for de uma safra particularmente boa.<\/p>\n<p>Por exemplo, alguns champanhes excepcionais foram leiloados na famosa casa de leil\u00f5es Christie's por pre\u00e7os altos. Seis garrafas magnum de Veuve Clicquot Brut 1949 foram vendidas pouco antes do ano 2000 por US$ $9.200 cada. Tr\u00eas garrafas de Dom P\u00e9rignon 1964 foram vendidas por US $1.139 por garrafa, enquanto uma garrafa de Heidsieck Monopole Go\u00fbt Am\u00e9ricain 1907, resgatada do naufr\u00e1gio de um navio sueco, foi vendida por US $4.068. Esses exemplos ilustram que a combina\u00e7\u00e3o de safra, casa e armazenamento adequado de champanhe \u00e9 crucial para o valor de um champanhe.<\/p>\n<p><strong>O papel do armazenamento no aumento do valor<\/strong><\/p>\n<p>O armazenamento do champanhe \u00e9 um fator cr\u00edtico que influencia o sabor, a qualidade e, por fim, o valor. O champanhe que \u00e9 armazenado em condi\u00e7\u00f5es ideais pode manter ou at\u00e9 mesmo melhorar suas caracter\u00edsticas por muitos anos. O armazenamento adequado pode fazer a diferen\u00e7a entre um champanhe m\u00e9dio e um champanhe vintage excepcional.<\/p>\n<p><strong>A influ\u00eancia do armazenamento no sabor<\/strong><\/p>\n<p>O armazenamento do champanhe influencia os sabores e o desenvolvimento do champanhe. Nos primeiros anos ap\u00f3s o engarrafamento, o champanhe desenvolve seus sabores t\u00edpicos de frutado e frescor. Com o tempo, esses sabores mudam e desenvolvem notas complexas de nozes, mel e doces. Isso depende de quanto tempo o champanhe amadurece nas borras antes de ser despejado.<\/p>\n<p>Um champanhe vintage bem envelhecido pode melhorar significativamente seus aromas e sabor. Um champanhe que amadurece nas condi\u00e7\u00f5es certas pode desenvolver um perfil de sabor excepcional que \u00e9 altamente valorizado por conhecedores e colecionadores.<\/p>\n<p><strong>O valor dos champanhes antigos vintage<\/strong><\/p>\n<p>O valor dos champanhes vintage antigos pode aumentar consideravelmente, especialmente se tiverem sido armazenados em condi\u00e7\u00f5es ideais. O pre\u00e7o de tais champanhes pode depender de v\u00e1rios fatores, como a idade, a condi\u00e7\u00e3o da garrafa e o hist\u00f3rico de armazenamento. Alguns champanhes que foram armazenados em condi\u00e7\u00f5es excepcionais alcan\u00e7am pre\u00e7os impressionantes em leil\u00f5es. O armazenamento adequado do champanhe \u00e9 importante!<\/p>\n<p><strong>Pre\u00e7os hist\u00f3ricos de leil\u00f5es<\/strong><\/p>\n<p>Os pre\u00e7os de leil\u00e3o mencionados acima d\u00e3o uma ideia de qu\u00e3o alto pode ser o valor de mercado de champanhes raros e bem armazenados. A garrafa de Heidsieck Monopole Go\u00fbt Am\u00e9ricain 1907 \u00e9 um exemplo de um champanhe que foi vendido por um pre\u00e7o alto devido \u00e0s suas condi\u00e7\u00f5es de armazenamento e valor hist\u00f3rico. Essa garrafa foi resgatada de um navio naufragado e armazenada em condi\u00e7\u00f5es constantes por mais de 80 anos. O pre\u00e7o de US $4.068 mostra como o armazenamento pode ser importante para o valor de um champanhe.<\/p>\n<p><strong>As condi\u00e7\u00f5es atuais do mercado<\/strong><\/p>\n<p>Nos \u00faltimos anos, os pre\u00e7os do champanhe se estabilizaram em um n\u00edvel mais realista. No entanto, somas de tr\u00eas d\u00edgitos ainda podem ser a norma para champanhes particularmente raros ou de alta qualidade. O mercado de champanhe continua din\u00e2mico e o valor pode ser influenciado por fatores como a demanda por determinadas safras e a condi\u00e7\u00e3o das garrafas.<\/p>\n<h3><strong>O livro da adega: uma ferramenta indispens\u00e1vel para colecionadores de champanhe<\/strong><\/h3>\n<p>Um livro de adega \u00e9 uma ferramenta essencial para quem mant\u00e9m uma cole\u00e7\u00e3o de champanhes. Ele ajuda a manter o controle das v\u00e1rias garrafas e a documentar informa\u00e7\u00f5es importantes. Um livro de adega bem conservado permite monitorar a condi\u00e7\u00e3o das garrafas e do armazenamento do champanhe, verificar as condi\u00e7\u00f5es de armazenamento e acompanhar o valor da cole\u00e7\u00e3o.<\/p>\n<p><strong>Informa\u00e7\u00f5es importantes no livro da adega<\/strong><\/p>\n<p>Um livro de adega abrangente deve conter os seguintes dados:<\/p>\n<ul>\n<li><strong>N\u00famero total de garrafas:<\/strong> O n\u00famero de garrafas na cole\u00e7\u00e3o oferece uma vis\u00e3o geral do tamanho da cole\u00e7\u00e3o de champanhe.<\/li>\n<li><strong>N\u00famero de garrafas por variedade:<\/strong> \u00c9 importante documentar o n\u00famero de garrafas de cada variedade para monitorar a disponibilidade e o valor de cada variedade.<\/li>\n<li><strong>Data e local da compra:<\/strong> A data e o local de compra ajudam a rastrear a origem das garrafas e a documentar a hist\u00f3ria da cole\u00e7\u00e3o.<\/li>\n<li><strong>Pre\u00e7o de compra e poss\u00edvel pre\u00e7o de venda:<\/strong> Essas informa\u00e7\u00f5es s\u00e3o importantes para a avalia\u00e7\u00e3o da cole\u00e7\u00e3o e para futuras decis\u00f5es de venda.<\/li>\n<li><strong>Pre\u00e7o total de todas as garrafas:<\/strong> O valor total da cole\u00e7\u00e3o oferece uma vis\u00e3o geral do valor financeiro dos champanhes.<\/li>\n<li><strong>Dados e impress\u00f5es da degusta\u00e7\u00e3o:<\/strong> As anota\u00e7\u00f5es sobre a degusta\u00e7\u00e3o dos champanhes e as impress\u00f5es de cada champanhe s\u00e3o informa\u00e7\u00f5es valiosas para decis\u00f5es futuras.<\/li>\n<li><strong>Amigos e eventos:<\/strong> Os registros dos amigos com quem os champanhes foram consumidos e as ocasi\u00f5es em que foram apreciados podem preservar mem\u00f3rias pessoais.<\/li>\n<li><strong>Prazo de validade:<\/strong> O prazo de validade estimado de cada variedade fornece informa\u00e7\u00f5es sobre o per\u00edodo ideal de armazenamento e o melhor momento para o consumo.<\/li>\n<li><strong>Rack ou prateleira:<\/strong> A posi\u00e7\u00e3o exata de cada garrafa na adega ajuda a encontrar e organizar facilmente as garrafas.<\/li>\n<\/ul>\n<p><strong>A import\u00e2ncia da confidencialidade<\/strong><\/p>\n<p>O livro da adega deve ser sempre armazenado de forma segura para garantir a confidencialidade. Muitos dos dados inseridos s\u00e3o privados e podem conter informa\u00e7\u00f5es confidenciais sobre o valor e a origem dos champanhes. \u00c9 aconselh\u00e1vel restringir o acesso a esse livro a pessoas de confian\u00e7a para garantir a seguran\u00e7a das informa\u00e7\u00f5es.<\/p>\n<h2>Conclus\u00e3o<\/h2>\n<p>O armazenamento adequado do champanhe \u00e9 fundamental para preservar sua qualidade e sabor. Seguindo as dicas acima e criando as melhores condi\u00e7\u00f5es de armazenamento, voc\u00ea pode garantir que seu champanhe esteja sempre no seu melhor. Lembre-se de que o armazenamento do champanhe n\u00e3o apenas ajuda a proteg\u00ea-lo, mas tamb\u00e9m promove seu desenvolvimento e matura\u00e7\u00e3o. Desfrute de sua bebida espumante com a certeza de que ela foi armazenada nas melhores condi\u00e7\u00f5es.<\/p>\n<\/div><\/section><\/p><\/div>\n<style type=\"text\/css\" data-created_by=\"avia_inline_auto\" id=\"style-css-av-7vz4-e2ecb25e9168201a3fd1fa7a9982a872\">\n.flex_column.av-7vz4-e2ecb25e9168201a3fd1fa7a9982a872{\nborder-radius:0px 0px 0px 0px;\npadding:0px 0px 0px 0px;\n}\n<\/style>\n<div  class='flex_column av-7vz4-e2ecb25e9168201a3fd1fa7a9982a872 av_one_fifth  avia-builder-el-6  el_after_av_three_fifth  avia-builder-el-last  flex_column_div av-zero-column-padding'     ><\/div>","protected":false},"excerpt":{"rendered":"","protected":false},"author":1,"featured_media":4837,"parent":0,"menu_order":0,"comment_status":"closed","ping_status":"closed","template":"","meta":{"footnotes":""},"class_list":["post-6531","page","type-page","status-publish","has-post-thumbnail","hentry"],"_links":{"self":[{"href":"https:\/\/champagner.com\/pt\/wp-json\/wp\/v2\/pages\/6531","targetHints":{"allow":["GET"]}}],"collection":[{"href":"https:\/\/champagner.com\/pt\/wp-json\/wp\/v2\/pages"}],"about":[{"href":"https:\/\/champagner.com\/pt\/wp-json\/wp\/v2\/types\/page"}],"author":[{"embeddable":true,"href":"https:\/\/champagner.com\/pt\/wp-json\/wp\/v2\/users\/1"}],"replies":[{"embeddable":true,"href":"https:\/\/champagner.com\/pt\/wp-json\/wp\/v2\/comments?post=6531"}],"version-history":[{"count":0,"href":"https:\/\/champagner.com\/pt\/wp-json\/wp\/v2\/pages\/6531\/revisions"}],"wp:featuredmedia":[{"embeddable":true,"href":"https:\/\/champagner.com\/pt\/wp-json\/wp\/v2\/media\/4837"}],"wp:attachment":[{"href":"https:\/\/champagner.com\/pt\/wp-json\/wp\/v2\/media?parent=6531"}],"curies":[{"name":"wp","href":"https:\/\/api.w.org\/{rel}","templated":true}]}}