{"id":6514,"date":"2022-05-05T13:28:39","date_gmt":"2022-05-05T13:28:39","guid":{"rendered":"https:\/\/champagner.com\/?page_id=6514"},"modified":"2024-11-04T12:47:51","modified_gmt":"2024-11-04T12:47:51","slug":"%d0%b8%d1%81%d0%ba%d1%83%d1%81%d1%81%d1%82%d0%b2%d0%be-%d1%88%d0%b0%d0%bc%d0%bf%d0%b0%d0%bd%d1%81%d0%ba%d0%be%d0%b3%d0%be","status":"publish","type":"page","link":"https:\/\/champagner.com\/ru\/%d0%b8%d1%81%d0%ba%d1%83%d1%81%d1%81%d1%82%d0%b2%d0%be-%d1%88%d0%b0%d0%bc%d0%bf%d0%b0%d0%bd%d1%81%d0%ba%d0%be%d0%b3%d0%be\/","title":{"rendered":"\u0418\u0441\u043a\u0443\u0441\u0441\u0442\u0432\u043e \u0448\u0430\u043c\u043f\u0430\u043d\u0441\u043a\u043e\u0433\u043e"},"content":{"rendered":"<div   class='avia-fullscreen-slider main_color   avia-builder-el-0  el_before_av_section  avia-builder-el-first  container_wrap fullsize'  ><div  class='avia-slideshow av-kjripr6g-74ffc6525b251b8b733cc3ef032d902d avia-slideshow-extra_large av_fullscreen avia-slide-slider av-slideshow-ui av-control-default av-slideshow-manual av-loop-once av-loop-manual-endless av-default-height-applied   avia-slideshow-1' data-slideshow-options=\"{&quot;animation&quot;:&quot;slide&quot;,&quot;autoplay&quot;:false,&quot;loop_autoplay&quot;:&quot;once&quot;,&quot;interval&quot;:5,&quot;loop_manual&quot;:&quot;manual-endless&quot;,&quot;autoplay_stopper&quot;:false,&quot;noNavigation&quot;:false,&quot;bg_slider&quot;:true,&quot;keep_padding&quot;:false,&quot;hoverpause&quot;:false,&quot;show_slide_delay&quot;:0,&quot;slide_height&quot;:&quot;100&quot;,&quot;image_attachment&quot;:&quot;&quot;}\"  itemprop=\"image\" itemscope=\"itemscope\" itemtype=\"https:\/\/schema.org\/ImageObject\" ><ul class='avia-slideshow-inner' style='padding-bottom: 53.2%;'><li style='background-position:center center;' data-img-url='https:\/\/champagner.com\/wp-content\/uploads\/2018\/05\/Champagne-Charles-de-Cazanove-1500x798.jpg' class='avia-slideshow-slide av-kjripr6g-74ffc6525b251b8b733cc3ef032d902d__0  av-single-slide slide-1 slide-odd'><div data-rel='slideshow-1' class='avia-slide-wrap'  title='Charles de Cazanove \u0428\u0430\u043c\u043f\u0430\u043d\u044c ' ><\/div><\/li><\/ul><\/div><\/div>\n<div id='av_section_1'  class='avia-section av-9qys-7fbec837cc9414b56951d589a49fa01e main_color avia-section-default avia-no-border-styling  avia-builder-el-1  el_after_av_fullscreen  avia-builder-el-last  avia-bg-style-scroll container_wrap fullsize'  ><div class='container av-section-cont-open' ><div class='template-page content  av-content-full alpha units'><div class='post-entry post-entry-type-page post-entry-6514'><div class='entry-content-wrapper clearfix'>\n\n<style type=\"text\/css\" data-created_by=\"avia_inline_auto\" id=\"style-css-av-9tz4-26c14c70028d90a54aefce07862c0d7e\">\n.flex_column.av-9tz4-26c14c70028d90a54aefce07862c0d7e{\nborder-radius:0px 0px 0px 0px;\npadding:0px 0px 0px 0px;\n}\n<\/style>\n<div  class='flex_column av-9tz4-26c14c70028d90a54aefce07862c0d7e av_one_fifth  avia-builder-el-2  el_before_av_three_fifth  avia-builder-el-first  first flex_column_div av-zero-column-padding'     ><\/div>\n<style type=\"text\/css\" data-created_by=\"avia_inline_auto\" id=\"style-css-av-5y3a-c3ba98e644c5ae5c87ca984f1618400f\">\n.flex_column.av-5y3a-c3ba98e644c5ae5c87ca984f1618400f{\nborder-radius:0px 0px 0px 0px;\npadding:0px 0px 0px 0px;\n}\n<\/style>\n<div  class='flex_column av-5y3a-c3ba98e644c5ae5c87ca984f1618400f av_three_fifth  avia-builder-el-3  el_after_av_one_fifth  el_before_av_one_fifth  flex_column_div av-zero-column-padding'     ><p>\n<style type=\"text\/css\" data-created_by=\"avia_inline_auto\" id=\"style-css-av-kjrjnv83-db0150b69486a15817a0557cc8e62443\">\n#top .av-special-heading.av-kjrjnv83-db0150b69486a15817a0557cc8e62443{\npadding-bottom:30px;\nfont-size:50px;\n}\nbody .av-special-heading.av-kjrjnv83-db0150b69486a15817a0557cc8e62443 .av-special-heading-tag .heading-char{\nfont-size:25px;\n}\n#top #wrap_all .av-special-heading.av-kjrjnv83-db0150b69486a15817a0557cc8e62443 .av-special-heading-tag{\nfont-size:50px;\n}\n.av-special-heading.av-kjrjnv83-db0150b69486a15817a0557cc8e62443 .av-subheading{\nfont-size:15px;\n}\n\n@media only screen and (min-width: 480px) and (max-width: 767px){ \n#top #wrap_all .av-special-heading.av-kjrjnv83-db0150b69486a15817a0557cc8e62443 .av-special-heading-tag{\nfont-size:0.8em;\n}\n}\n\n@media only screen and (max-width: 479px){ \n#top #wrap_all .av-special-heading.av-kjrjnv83-db0150b69486a15817a0557cc8e62443 .av-special-heading-tag{\nfont-size:0.8em;\n}\n}\n<\/style>\n<div  class='av-special-heading av-kjrjnv83-db0150b69486a15817a0557cc8e62443 av-special-heading-h1 blockquote modern-quote  avia-builder-el-4  el_before_av_textblock  avia-builder-el-first  av-inherit-size'><h1 class='av-special-heading-tag'  itemprop=\"headline\"  >\u0418\u0441\u043a\u0443\u0441\u0441\u0442\u0432\u043e \u0448\u0430\u043c\u043f\u0430\u043d\u0441\u043a\u043e\u0433\u043e<\/h1><div class=\"special-heading-border\"><div class=\"special-heading-inner-border\"><\/div><\/div><\/div><br \/>\n\n<style type=\"text\/css\" data-created_by=\"avia_inline_auto\" id=\"style-css-av-kj4bin1p-19cbf03350244018d7d4cfd1501789b0\">\n#top .av_textblock_section.av-kj4bin1p-19cbf03350244018d7d4cfd1501789b0 .avia_textblock{\nfont-size:18px;\n}\n<\/style>\n<section  class='av_textblock_section av-kj4bin1p-19cbf03350244018d7d4cfd1501789b0'   itemscope=\"itemscope\" itemtype=\"https:\/\/schema.org\/CreativeWork\" ><div class='avia_textblock'  itemprop=\"text\" ><p><strong><a href=\"https:\/\/champagner.com\/ru\/\">\u0428\u0430\u043c\u043f\u0430\u043d\u0441\u043a\u043e\u0435<\/a><\/strong> \u043e\u043b\u0438\u0446\u0435\u0442\u0432\u043e\u0440\u044f\u0435\u0442 \u0441\u043e\u0431\u043e\u0439 \u043d\u0435\u0447\u0442\u043e \u0431\u043e\u043b\u044c\u0448\u0435\u0435, \u0447\u0435\u043c \u043f\u0440\u043e\u0441\u0442\u043e \u043b\u0443\u0447\u0448\u0435\u0435 \u043a\u0430\u0447\u0435\u0441\u0442\u0432\u043e \u0441\u0440\u0435\u0434\u0438 \u0432\u0438\u043d. \u041f\u043e\u043c\u0438\u043c\u043e \u0441\u043e\u0431\u0441\u0442\u0432\u0435\u043d\u043d\u043e \u043d\u0430\u0441\u043b\u0430\u0436\u0434\u0435\u043d\u0438\u044f, \u0448\u0430\u043c\u043f\u0430\u043d\u0441\u043a\u043e\u0435 \u0441\u043e\u0437\u0434\u0430\u0435\u0442 \u043c\u043e\u0449\u043d\u0443\u044e \u0430\u0443\u0440\u0443, \u043a\u043e\u0442\u043e\u0440\u0443\u044e \u0441\u043b\u043e\u0436\u043d\u043e \u0432\u044b\u0440\u0430\u0437\u0438\u0442\u044c \u0441\u043b\u043e\u0432\u0430\u043c\u0438, \u043d\u043e \u043f\u043e\u0447\u0442\u0438 \u0432\u0441\u0435\u0433\u0434\u0430 \u043c\u043e\u0436\u043d\u043e \u043d\u0430\u0439\u0442\u0438.<\/p>\n<p>\u0412\u043e\u0442 \u043a\u0430\u043a \u0432\u044b \u0433\u043e\u0432\u043e\u0440\u0438\u0442\u0435 \u044d\u0442\u043e \u043f\u043e-\u0430\u043d\u0433\u043b\u0438\u0439\u0441\u043a\u0438:<\/p>\n<blockquote>\n<p><a href=\"https:\/\/champagner.com\/ru\/%d0%bc%d0%b5%d1%81%d1%82%d0%be%d0%bf%d0%be%d0%bb%d0%be%d0%b6%d0%b5%d0%bd%d0%b8%d0%b5\/\">\u0428\u0430\u043c\u043f\u0430\u043d\u0441\u043a\u043e\u0435<\/a> \u0437\u0430\u0434\u0430\u0435\u0442 \u043d\u0430\u0441\u0442\u0440\u043e\u0435\u043d\u0438\u0435, \u0434\u0435\u043b\u0430\u0435\u0442 \u043c\u043e\u0449\u043d\u043e\u0435 \u0437\u0430\u044f\u0432\u043b\u0435\u043d\u0438\u0435 \u0438 \u043f\u043e\u0447\u0442\u0438 \u043f\u0440\u0435\u0434\u0441\u043a\u0430\u0437\u0443\u0435\u043c\u043e \u0443\u0441\u0438\u043b\u0438\u0432\u0430\u0435\u0442 \u0432\u043f\u0435\u0447\u0430\u0442\u043b\u0435\u043d\u0438\u044f! \u0417\u043d\u0430\u0439\u0442\u0435, \u0447\u0442\u043e \u0432\u044b \u043d\u0435 \u0442\u043e\u043b\u044c\u043a\u043e \u043f\u044c\u0435\u0442\u0435 \u043b\u0443\u0447\u0448\u0435\u0435 \u0432\u0438\u043d\u043e, \u043d\u043e \u0438 \u0432\u044b\u0437\u044b\u0432\u0430\u0435\u0442\u0435 \u0432\u0435\u043b\u0438\u043a\u0438\u0439 \u0434\u0443\u0445!<\/p>\n<\/blockquote>\n<p>\u0423\u0436\u0435 \u0432 \u044d\u043f\u043e\u0445\u0443 Belle Epoque \u043d\u0435\u043a\u043e\u0442\u043e\u0440\u044b\u0435 \u043f\u0440\u043e\u0438\u0437\u0432\u043e\u0434\u0438\u0442\u0435\u043b\u0438 \u043f\u043e\u043d\u044f\u043b\u0438, \u0447\u0442\u043e \u044d\u0442\u043e\u0442 \u043c\u043e\u0449\u043d\u044b\u0439 \u0444\u0435\u043d\u043e\u043c\u0435\u043d, \u044d\u0442\u043e\u0442 \u0434\u0443\u0445 \u043b\u0443\u0447\u0448\u0435 \u0432\u0441\u0435\u0433\u043e \u043f\u0435\u0440\u0435\u0434\u0430\u0442\u044c \u0441 \u043f\u043e\u043c\u043e\u0449\u044c\u044e \u0438\u0441\u043a\u0443\u0441\u0441\u0442\u0432\u0430. \u0422\u043e\u043b\u044c\u043a\u043e \u043b\u0443\u0447\u0448\u0438\u0435 \u0445\u0443\u0434\u043e\u0436\u043d\u0438\u043a\u0438 \u0438 \u0433\u0440\u0430\u0444\u0438\u0447\u0435\u0441\u043a\u0438\u0435 \u0434\u0438\u0437\u0430\u0439\u043d\u0435\u0440\u044b \u0442\u043e\u0439 \u044d\u043f\u043e\u0445\u0438 \u0431\u044b\u043b\u0438 \u0434\u043e\u0441\u0442\u0430\u0442\u043e\u0447\u043d\u043e \u0445\u043e\u0440\u043e\u0448\u0438, \u0447\u0442\u043e\u0431\u044b \u0438\u043c \u0434\u043e\u0432\u0435\u0440\u0438\u043b\u0438 \u0432\u043e\u043f\u043b\u043e\u0442\u0438\u0442\u044c \u044d\u0442\u043e\u0442 \"\u0434\u0443\u0445\" \u0432 \u0441\u0432\u044f\u0437\u0438 \u0441 <a href=\"https:\/\/champagner.com\/ru\/%d1%8d%d1%82%d0%b8%d0%ba%d0%b5%d1%82%d0%ba%d0%b8-%d0%b4%d0%bb%d1%8f-%d1%88%d0%b0%d0%bc%d0%bf%d0%b0%d0%bd%d1%81%d0%ba%d0%be%d0%b3%d0%be\/\">\u042d\u0442\u0438\u043a\u0435\u0442\u043a\u0438 \u0434\u043b\u044f \u0448\u0430\u043c\u043f\u0430\u043d\u0441\u043a\u043e\u0433\u043e<\/a>\u043f\u043b\u0430\u043a\u0430\u0442\u044b, \u043c\u0435\u043d\u044e \u0438 \u043e\u0442\u043a\u0440\u044b\u0442\u043a\u0438.<\/p>\n<p>\u041d\u0430\u043f\u0440\u0438\u043c\u0435\u0440, \u043a\u043e\u043c\u043f\u0430\u043d\u0438\u044f Delbeck \u0443\u0441\u043f\u0435\u0448\u043d\u043e \u0432\u044b\u043f\u043e\u043b\u043d\u044f\u043b\u0430 \u0437\u0430\u043a\u0430\u0437\u044b \u0442\u0430\u043a\u0438\u0445 \u0438\u0437\u0432\u0435\u0441\u0442\u043d\u044b\u0445 \u0445\u0443\u0434\u043e\u0436\u043d\u0438\u043a\u043e\u0432 \u0442\u043e\u0433\u043e \u0432\u0440\u0435\u043c\u0435\u043d\u0438, \u043a\u0430\u043a \u041a\u043b\u0438\u043c\u0442, \u041c\u0443\u0445\u0430\u0441, \u041a\u0430\u043f\u044c\u0435\u043b\u043b\u043e, \u042d\u0440\u0436\u0435, \u0413\u0430\u043b\u043b\u0435, \u0410\u043d\u0434\u0440\u0435\u0438\u0441, \u0428\u0430\u0442\u0435\u043d, \u0422\u0440\u0438\u0441\u0442\u0430\u043d \u0411\u0435\u0440\u043d\u0430\u0440 \u0438 \u0411\u0435\u043d\u0436\u0430\u043c\u0435\u043d \u0420\u0430\u0431\u044c\u0435.<\/p>\n<p>\u0423\u0441\u043f\u0435\u0445 \u0438 \u0440\u0430\u0437\u043c\u0430\u0445 \u0445\u0443\u0434\u043e\u0436\u0435\u0441\u0442\u0432\u0435\u043d\u043d\u044b\u0445 \u0434\u043e\u0441\u0442\u0438\u0436\u0435\u043d\u0438\u0439 \u044d\u0442\u043e\u0439 \u044d\u043f\u043e\u0445\u0438 \u043d\u0435 \u0438\u043c\u0435\u044e\u0442 \u0441\u0435\u0431\u0435 \u0440\u0430\u0432\u043d\u044b\u0445. \u041f\u043b\u0430\u043a\u0430\u0442\u044b \u0441 \u0448\u0430\u043c\u043f\u0430\u043d\u0441\u043a\u0438\u043c \u044d\u043f\u043e\u0445\u0438 Belle Epoque \u0434\u043e \u0441\u0438\u0445 \u043f\u043e\u0440 \u043f\u043e\u043b\u044c\u0437\u0443\u044e\u0442\u0441\u044f \u0431\u043e\u043b\u044c\u0448\u0438\u043c \u0441\u043f\u0440\u043e\u0441\u043e\u043c \u0432 \u043a\u0430\u0447\u0435\u0441\u0442\u0432\u0435 \u0434\u0435\u043a\u043e\u0440\u0430\u0442\u0438\u0432\u043d\u044b\u0445 \u043f\u043b\u0430\u043a\u0430\u0442\u043e\u0432 \u0432\u043e \u0432\u0441\u0435\u043c \u043c\u0438\u0440\u0435.<\/p>\n<p>\u041e\u0434\u043d\u0430\u043a\u043e \u0435\u0441\u0442\u0435\u0441\u0442\u0432\u0435\u043d\u043d\u0430\u044f \u0441\u0432\u044f\u0437\u044c \u043c\u0435\u0436\u0434\u0443 \u0448\u0430\u043c\u043f\u0430\u043d\u0441\u043a\u0438\u043c \u0438 \u0438\u0441\u043a\u0443\u0441\u0441\u0442\u0432\u043e\u043c \u043d\u0435 \u043f\u0440\u0435\u0440\u044b\u0432\u0430\u0435\u0442\u0441\u044f \u0438 \u043f\u043e \u0441\u0435\u0439 \u0434\u0435\u043d\u044c.<\/p>\n<h3>\u0418\u0441\u043a\u0443\u0441\u0441\u0442\u0432\u043e \u0448\u0430\u043c\u043f\u0430\u043d\u0441\u043a\u043e\u0433\u043e<\/h3>\n<p>\u0421\u0435\u0433\u043e\u0434\u043d\u044f\u0448\u043d\u0435\u0435 \u0448\u0430\u043c\u043f\u0430\u043d\u0441\u043a\u043e\u0435 \u0438\u0441\u043a\u0443\u0441\u0441\u0442\u0432\u0430 <a href=\"https:\/\/champagner.com\/ru\/%d0%b4%d0%be%d0%bc%d0%b0-%d1%88%d0%b0%d0%bc%d0%bf%d0%b0%d0%bd%d1%81%d0%ba%d0%be%d0%b3%d0%be\/\">\u0414\u043e\u043c\u0430 \u0448\u0430\u043c\u043f\u0430\u043d\u0441\u043a\u043e\u0433\u043e<\/a> \u043c\u043e\u0436\u043d\u043e \u0443\u0441\u043b\u043e\u0432\u043d\u043e \u0440\u0430\u0437\u0434\u0435\u043b\u0438\u0442\u044c \u043d\u0430 \u0442\u0440\u0438 \u043e\u0431\u043b\u0430\u0441\u0442\u0438:<\/p>\n<ul>\n<li>\u041d\u0430\u0446\u0438\u043e\u043d\u0430\u043b\u044c\u043d\u043e\u0435 \u0438\u0441\u043a\u0443\u0441\u0441\u0442\u0432\u043e, \u0442.\u0435. \u0438\u0441\u043a\u0443\u0441\u0441\u0442\u0432\u043e, \u0441\u0432\u044f\u0437\u0430\u043d\u043d\u043e\u0435 \u0438\u0441\u043a\u043b\u044e\u0447\u0438\u0442\u0435\u043b\u044c\u043d\u043e \u0441 \u0424\u0440\u0430\u043d\u0446\u0438\u0435\u0439 \u0438 \u0435\u0435 \u0445\u0443\u0434\u043e\u0436\u043d\u0438\u043a\u0430\u043c\u0438<\/li>\n<li>\u041c\u0435\u0436\u0434\u0443\u043d\u0430\u0440\u043e\u0434\u043d\u043e\u0435 \u0438\u0441\u043a\u0443\u0441\u0441\u0442\u0432\u043e, \u0442\u043e \u0435\u0441\u0442\u044c \u0438\u0441\u043a\u0443\u0441\u0441\u0442\u0432\u043e, \u0432 \u043a\u043e\u0442\u043e\u0440\u043e\u043c \u0445\u0443\u0434\u043e\u0436\u043d\u0438\u043a\u0438 \u0432\u0441\u0435\u0433\u043e \u043c\u0438\u0440\u0430 \u043f\u0440\u0435\u0434\u0441\u0442\u0430\u044e\u0442 \u0432 \u0441\u0432\u0435\u0442\u0435 \u0448\u0430\u043c\u043f\u0430\u043d\u0441\u043a\u043e\u0433\u043e<\/li>\n<li>\u0414\u0438\u0437\u0430\u0439\u043d-\u0430\u0440\u0442 \u0438\u043b\u0438 \u043d\u043e\u0432\u043e\u0435 \u0438\u0441\u043a\u0443\u0441\u0441\u0442\u0432\u043e. \u042d\u0442\u043e \u0447\u0430\u0441\u0442\u043e \u043f\u0440\u043e\u0432\u043e\u043a\u0430\u0446\u0438\u043e\u043d\u043d\u044b\u0439, \u0438\u043d\u043e\u0433\u0434\u0430 \u043e\u0441\u043a\u043e\u0440\u0431\u0438\u0442\u0435\u043b\u044c\u043d\u044b\u0439 \u0432\u0438\u0434 \u0438\u0441\u043a\u0443\u0441\u0441\u0442\u0432\u0430. \u041a \u044d\u0442\u043e\u043c\u0443 \u0442\u0438\u043f\u0443 \u0438\u0441\u043a\u0443\u0441\u0441\u0442\u0432\u0430 \u0448\u0430\u043c\u043f\u0430\u043d\u0441\u043a\u043e\u0433\u043e \u043e\u0442\u043d\u043e\u0441\u044f\u0442\u0441\u044f \u0432\u0435\u0449\u0438, \u0432 \u043a\u043e\u0442\u043e\u0440\u044b\u0445 \u0431\u043e\u043b\u044c\u0448\u0435 \u043d\u0435 \u043f\u0440\u0438\u0437\u043d\u0430\u0435\u0442\u0441\u044f \u043d\u0438\u043a\u0430\u043a\u043e\u0439 \u043e\u0442\u0441\u044b\u043b\u043a\u0438 \u043a \u044d\u043f\u043e\u0445\u0435 Belle Epoque<\/li>\n<\/ul>\n<p>\u041f\u0440\u0438\u043c\u0435\u0440\u043e\u043c \u043d\u0430\u0446\u0438\u043e\u043d\u0430\u043b\u044c\u043d\u043e\u0433\u043e \u0438\u0441\u043a\u0443\u0441\u0441\u0442\u0432\u0430 \u0448\u0430\u043c\u043f\u0430\u043d\u0441\u043a\u043e\u0433\u043e \u044f\u0432\u043b\u044f\u044e\u0442\u0441\u044f \u0431\u0443\u0442\u044b\u043b\u043a\u0438 \u043e\u0442 Bruno Pillard, \u044d\u0442\u0438\u043a\u0435\u0442\u043a\u0438 \u0434\u043b\u044f \u043a\u043e\u0442\u043e\u0440\u044b\u0445 \u0431\u044b\u043b\u0438 \u0440\u0430\u0437\u0440\u0430\u0431\u043e\u0442\u0430\u043d\u044b \u0438 \u0441\u043e\u0437\u0434\u0430\u043d\u044b \u0444\u0440\u0430\u043d\u0446\u0443\u0437\u0441\u043a\u0438\u043c\u0438 \u0445\u0443\u0434\u043e\u0436\u043d\u0438\u043a\u0430\u043c\u0438.<\/p>\n<p>\u041d\u0430 \u0434\u0430\u043d\u043d\u044b\u0439 \u043c\u043e\u043c\u0435\u043d\u0442 \u0434\u0432\u0435\u043d\u0430\u0434\u0446\u0430\u0442\u044c \u0431\u0443\u0442\u044b\u043b\u043e\u043a \u0431\u044b\u043b\u0438 \u0441\u043e\u0437\u0434\u0430\u043d\u044b \u0445\u0443\u0434\u043e\u0436\u043d\u0438\u043a\u0430\u043c\u0438, \u0440\u0430\u0431\u043e\u0442\u0430\u044e\u0449\u0438\u043c\u0438 \u0438 \u0436\u0438\u0432\u0443\u0449\u0438\u043c\u0438 \u0432\u043e \u0424\u0440\u0430\u043d\u0446\u0438\u0438. \u041e\u0441\u043e\u0431\u0435\u043d\u043d\u043e\u0441\u0442\u044c \u044d\u0442\u0438\u0445 \u0431\u0443\u0442\u044b\u043b\u043e\u043a \u0432 \u0442\u043e\u043c, \u0447\u0442\u043e \u043a\u0430\u0436\u0434\u044b\u0439 \u0445\u0443\u0434\u043e\u0436\u043d\u0438\u043a \u043f\u043e\u0441\u0432\u044f\u0442\u0438\u043b \u0438\u0445 \u0440\u0430\u0437\u043d\u044b\u043c \u0441\u043e\u0440\u0442\u0430\u043c \u0438\u043b\u0438 \u0440\u0430\u0437\u043d\u044b\u043c \u0433\u043e\u0434\u0430\u043c.<\/p>\n<p>\u0422\u0430\u043a \u043d\u0430\u0437\u044b\u0432\u0430\u0435\u043c\u044b\u0435 \u0431\u0443\u0442\u044b\u043b\u043a\u0438 Collections \u043e\u0442 Taittinger - \u044f\u0440\u043a\u0438\u0439 \u043f\u0440\u0438\u043c\u0435\u0440 \u043c\u0435\u0436\u0434\u0443\u043d\u0430\u0440\u043e\u0434\u043d\u043e\u0433\u043e \u0438\u0441\u043a\u0443\u0441\u0441\u0442\u0432\u0430 \u0432 \u043e\u0442\u043d\u043e\u0448\u0435\u043d\u0438\u0438 \u0448\u0430\u043c\u043f\u0430\u043d\u0441\u043a\u043e\u0433\u043e.<br \/>\n\u041a\u043e\u043b\u043b\u0435\u043a\u0446\u0438\u043e\u043d\u043d\u044b\u0435 \u0431\u0443\u0442\u044b\u043b\u043a\u0438 Taittinger - \u044d\u0442\u043e \u0431\u0443\u0442\u044b\u043b\u043a\u0438 \u0448\u0430\u043c\u043f\u0430\u043d\u0441\u043a\u043e\u0433\u043e, \u043a\u043e\u0442\u043e\u0440\u044b\u0435 \u0431\u044b\u043b\u0438 \u043f\u0440\u043e\u0438\u0437\u0432\u0435\u0434\u0435\u043d\u044b \u0441 1978 \u0433\u043e\u0434\u0430 \u0432 \u0433\u043e\u0434 \u0445\u043e\u0440\u043e\u0448\u0435\u0433\u043e \u0448\u0430\u043c\u043f\u0430\u043d\u0441\u043a\u043e\u0433\u043e.<br \/>\n\u041e\u0441\u043e\u0431\u0435\u043d\u043d\u043e\u0441\u0442\u044c \u0437\u0430\u043a\u043b\u044e\u0447\u0430\u0435\u0442\u0441\u044f \u0432 \u0442\u043e\u043c, \u0447\u0442\u043e \u0434\u0438\u0437\u0430\u0439\u043d \u043a\u0430\u0436\u0434\u043e\u0439 \u0438\u0437 \u044d\u0442\u0438\u0445 \u0431\u0443\u0442\u044b\u043b\u043e\u043a \u0431\u044b\u043b \u0440\u0430\u0437\u0440\u0430\u0431\u043e\u0442\u0430\u043d \u043e\u0442\u0434\u0435\u043b\u044c\u043d\u044b\u043c \u0445\u0443\u0434\u043e\u0436\u043d\u0438\u043a\u043e\u043c. \u0421 1983 \u0433\u043e\u0434\u0430 \u0434\u0435\u0432\u044f\u0442\u044c \u0432\u0441\u0435\u043c\u0438\u0440\u043d\u043e \u0438\u0437\u0432\u0435\u0441\u0442\u043d\u044b\u0445 \u0445\u0443\u0434\u043e\u0436\u043d\u0438\u043a\u043e\u0432 \u043e\u0444\u043e\u0440\u043c\u0438\u043b\u0438 \u043f\u043e \u043e\u0434\u043d\u043e\u0439 \u0431\u0443\u0442\u044b\u043b\u043a\u0435 \u043e\u0442 \u0438\u043c\u0435\u043d\u0438 \u041a\u043b\u043e\u0434\u0430 Taittinger.<\/p>\n<p>\u041f\u0435\u0440\u0432\u044b\u0435 \u0448\u0435\u0441\u0442\u044c \u0444\u043b\u0430\u043a\u043e\u043d\u043e\u0432 \u0431\u044b\u043b\u0438 \u0440\u0430\u0437\u0440\u0430\u0431\u043e\u0442\u0430\u043d\u044b \u0434\u0438\u0437\u0430\u0439\u043d\u0435\u0440\u0430\u043c\u0438 VASARELY (Mills\u00e9sime 1978), ARMAN (Mills\u00e9sime 1981), MASSON (Mills\u00e9sime 1982), VIEIRA DA SILVA (Mills\u00e9sime 1983), LICHTENSTEIN (Mills\u00e9sime 1985) \u0438 HARTUNG (Mills\u00e9sime 1986). \u0418\u0445 \u043c\u043e\u0436\u043d\u043e \u043d\u0430\u0439\u0442\u0438 \u043d\u0430 \u0430\u0443\u043a\u0446\u0438\u043e\u043d\u0435, \u0442\u043e\u043b\u044c\u043a\u043e \u0435\u0441\u043b\u0438 \u043e\u0447\u0435\u043d\u044c \u043f\u043e\u0432\u0435\u0437\u0435\u0442.<br \/>\n\u041a \u0441\u0447\u0430\u0441\u0442\u044c\u044e, \u0442\u0440\u0438 \u043f\u043e\u0441\u043b\u0435\u0434\u043d\u0438\u0435 \u0431\u0443\u0442\u044b\u043b\u043a\u0438 \u0445\u0443\u0434\u043e\u0436\u043d\u0438\u043a\u043e\u0432 \u0418\u043c\u0430\u043f\u0430, \u041a\u043e\u0440\u043d\u0435\u043b\u044f \u0438 \u041c\u0430\u0442\u0442\u044b \u0432\u0441\u0435 \u0435\u0449\u0435 \u0434\u043e\u0441\u0442\u0443\u043f\u043d\u044b \u0432 \u043c\u0430\u0433\u0430\u0437\u0438\u043d\u0430\u0445.<\/p>\n<p>\u0412 \u0442\u043e\u043c, \u0447\u0442\u043e \u043c\u044b \u043d\u0430\u0437\u044b\u0432\u0430\u0435\u043c \u0438\u0441\u043a\u0443\u0441\u0441\u0442\u0432\u043e\u043c \u0434\u0438\u0437\u0430\u0439\u043d\u0430 \u0448\u0430\u043c\u043f\u0430\u043d\u0441\u043a\u043e\u0433\u043e, \u0445\u043e\u0440\u043e\u0448\u0438\u043c \u043f\u0440\u0438\u043c\u0435\u0440\u043e\u043c \u044f\u0432\u043b\u044f\u0435\u0442\u0441\u044f Veuve Cliquot.<br \/>\n\u0414\u043b\u044f \u0442\u0430\u043a \u043d\u0430\u0437\u044b\u0432\u0430\u0435\u043c\u043e\u0433\u043e \u041c\u0438\u043b\u043b\u0435\u043d\u0438\u0443\u043c\u0430, \u0440\u0443\u0431\u0435\u0436\u0430 \u043b\u0435\u0442 \u0441 1999 \u043f\u043e <a href=\"https:\/\/champagner.com\/ru\/%d0%b2%d0%b8%d0%bd%d1%82%d0%b0%d0%b6\/\">2000<\/a>Veuve Cliquot \u0432\u044b\u043f\u0443\u0441\u0442\u0438\u043b \u0441\u043f\u0435\u0446\u0438\u0430\u043b\u044c\u043d\u0443\u044e \u0432\u0435\u0440\u0441\u0438\u044e La Grande Dame.<br \/>\n\u0414\u043b\u044f \u044d\u0442\u043e\u0433\u043e \u0445\u0443\u0434\u043e\u0436\u043d\u0438\u0446\u0430 \u042d\u043b\u0438\u0437\u0430\u0431\u0435\u0442 \u0420\u0443\u0431\u0438\u043d \u0440\u0430\u0437\u0440\u0430\u0431\u043e\u0442\u0430\u043b\u0430 \u0444\u0443\u0442\u043b\u044f\u0440 \u0438\u0437 \u0430\u043a\u0440\u0438\u043b\u043e\u0432\u043e\u0433\u043e \u0441\u0442\u0435\u043a\u043b\u0430, \u0432 \u043a\u043e\u0442\u043e\u0440\u044b\u0439 \u043c\u043e\u0436\u043d\u043e \u043f\u043e\u043c\u0435\u0441\u0442\u0438\u0442\u044c \u043f\u043e\u043b\u0443\u0442\u043e\u0440\u0430- \u0438\u043b\u0438 \u0442\u0440\u0435\u0445\u043b\u0438\u0442\u0440\u043e\u0432\u0443\u044e \u0431\u0443\u0442\u044b\u043b\u043a\u0443. \u0411\u0443\u0442\u044b\u043b\u043a\u0430 \u0432 \u044d\u0442\u043e\u043c \u0444\u0443\u0442\u043b\u044f\u0440\u0435 \u043a\u0440\u0435\u043f\u0438\u043b\u0430\u0441\u044c \u043a \u0434\u0432\u0443\u043c \u043a\u043e\u0436\u0430\u043d\u044b\u043c \u0440\u0435\u043c\u0435\u0448\u043a\u0430\u043c.<\/p>\n<p><strong>\u0418 \u043f\u043e\u0441\u043b\u0435\u0434\u043d\u0438\u0439, \u043d\u043e \u043d\u0435 \u043c\u0435\u043d\u0435\u0435 \u0432\u0430\u0436\u043d\u044b\u0439 \u043f\u0440\u0438\u043c\u0435\u0440, \u043a\u043e\u0442\u043e\u0440\u044b\u0439 \u043d\u0435 \u0443\u043a\u043b\u0430\u0434\u044b\u0432\u0430\u0435\u0442\u0441\u044f \u043d\u0438 \u0432 \u043e\u0434\u043d\u0443 \u0438\u0437 \u0442\u0440\u0435\u0445 \u043a\u0430\u0442\u0435\u0433\u043e\u0440\u0438\u0439<\/strong><\/p>\n<p>\u0414\u043e\u043c Piper-Heidsieck \u0432\u044b\u043f\u0443\u0441\u043a\u0430\u0435\u0442 \u0444\u043b\u0430\u043a\u043e\u043d, \u0434\u0438\u0437\u0430\u0439\u043d \u043a\u043e\u0442\u043e\u0440\u043e\u0433\u043e \u0440\u0430\u0437\u0440\u0430\u0431\u043e\u0442\u0430\u043b \u0444\u0440\u0430\u043d\u0446\u0443\u0437\u0441\u043a\u0438\u0439 \u043c\u043e\u0434\u0435\u043b\u044c\u0435\u0440 \u0416\u0430\u043d-\u041f\u043e\u043b\u044c \u0413\u043e\u0442\u044c\u0435.<br \/>\n\u042d\u0442\u043e \u0431\u044b\u043b\u0430 \u0431\u0443\u0442\u044b\u043b\u043a\u0430, \u043e\u0431\u043b\u0430\u0447\u0435\u043d\u043d\u0430\u044f \u0432 \u043a\u0440\u0430\u0441\u043d\u044b\u0439 \u043a\u043e\u0440\u0441\u0435\u0442. \u0411\u0443\u0442\u044b\u043b\u043a\u0430 \u0438 \u043e\u043a\u0440\u0443\u0436\u0430\u044e\u0449\u0430\u044f \u0435\u0435 \u043e\u0434\u0435\u0436\u0434\u0430, \u043a\u043e\u043d\u0435\u0447\u043d\u043e \u0436\u0435, \u043f\u043e\u0434\u043f\u0438\u0441\u0430\u043d\u044b \u0441\u043e\u0437\u0434\u0430\u0442\u0435\u043b\u0435\u043c, \u0430 \u0441\u0430\u043c\u0430 \u0431\u0443\u0442\u044b\u043b\u043a\u0430 \u043f\u043e\u0441\u0442\u0430\u0432\u043b\u044f\u0435\u0442\u0441\u044f \u0432 \u043a\u0440\u0430\u0441\u0438\u0432\u043e\u0439 \u0443\u043f\u0430\u043a\u043e\u0432\u043a\u0435 \u0438\u0437 \u0430\u043a\u0440\u0438\u043b\u043e\u0432\u043e\u0433\u043e \u0441\u0442\u0435\u043a\u043b\u0430.<\/p>\n<div id=\"attachment_7576\" style=\"width: 350px\" class=\"wp-caption aligncenter\"><img loading=\"lazy\" decoding=\"async\" aria-describedby=\"caption-attachment-7576\" class=\"wp-image-7576 size-full\" title=\"\u0416\u0430\u043d-\u041f\u043e\u043b\u044c \u0413\u043e\u0442\u044c\u0435 \u0438 \u0448\u0430\u043c\u043f\u0430\u043d\u0441\u043a\u043e\u0435 Piper-Heidsieck\" src=\"https:\/\/champagner.com\/wp-content\/uploads\/2024\/07\/Jean-Paul-Gaultier-Piper-Heidsieck.webp\" alt=\"\u0416\u0430\u043d-\u041f\u043e\u043b\u044c \u0413\u043e\u0442\u044c\u0435 \u0438 \u0448\u0430\u043c\u043f\u0430\u043d\u0441\u043a\u043e\u0435 Piper-Heidsieck\" width=\"340\" height=\"270\" srcset=\"https:\/\/champagner.com\/wp-content\/uploads\/2024\/07\/Jean-Paul-Gaultier-Piper-Heidsieck.webp 340w, https:\/\/champagner.com\/wp-content\/uploads\/2024\/07\/Jean-Paul-Gaultier-Piper-Heidsieck-300x238.webp 300w, https:\/\/champagner.com\/wp-content\/uploads\/2024\/07\/Jean-Paul-Gaultier-Piper-Heidsieck-15x12.webp 15w\" sizes=\"auto, (max-width: 340px) 100vw, 340px\" \/><p id=\"caption-attachment-7576\" class=\"wp-caption-text\">\u0416\u0430\u043d-\u041f\u043e\u043b\u044c \u0413\u043e\u0442\u044c\u0435 \u0438 \u0448\u0430\u043c\u043f\u0430\u043d\u0441\u043a\u043e\u0435 Piper-Heidsieck<\/p><\/div>\n<p>\u041a\u0430\u043a \u0432\u0438\u0434\u0438\u0442\u0435, \u0442\u0435\u043c\u0430 \u0438\u0441\u043a\u0443\u0441\u0441\u0442\u0432\u0430 \u0448\u0430\u043c\u043f\u0430\u043d\u0441\u043a\u043e\u0433\u043e \u043e\u0447\u0435\u043d\u044c \u043c\u043d\u043e\u0433\u043e\u0433\u0440\u0430\u043d\u043d\u0430 \u0438 \u043d\u0435 \u043c\u043e\u0436\u0435\u0442 \u0431\u044b\u0442\u044c \u043e\u0442\u043d\u0435\u0441\u0435\u043d\u0430 \u043a \u043a\u0430\u043a\u043e\u043c\u0443-\u0442\u043e \u043e\u0434\u043d\u043e\u043c\u0443 \u044f\u0449\u0438\u043a\u0443.<\/p>\n<\/div><\/section><\/p><\/div>\n<style type=\"text\/css\" data-created_by=\"avia_inline_auto\" id=\"style-css-av-7vz4-e2ecb25e9168201a3fd1fa7a9982a872\">\n.flex_column.av-7vz4-e2ecb25e9168201a3fd1fa7a9982a872{\nborder-radius:0px 0px 0px 0px;\npadding:0px 0px 0px 0px;\n}\n<\/style>\n<div  class='flex_column av-7vz4-e2ecb25e9168201a3fd1fa7a9982a872 av_one_fifth  avia-builder-el-6  el_after_av_three_fifth  avia-builder-el-last  flex_column_div av-zero-column-padding'     ><\/div>","protected":false},"excerpt":{"rendered":"","protected":false},"author":1,"featured_media":4712,"parent":0,"menu_order":0,"comment_status":"closed","ping_status":"closed","template":"","meta":{"footnotes":""},"class_list":["post-6514","page","type-page","status-publish","has-post-thumbnail","hentry"],"_links":{"self":[{"href":"https:\/\/champagner.com\/ru\/wp-json\/wp\/v2\/pages\/6514","targetHints":{"allow":["GET"]}}],"collection":[{"href":"https:\/\/champagner.com\/ru\/wp-json\/wp\/v2\/pages"}],"about":[{"href":"https:\/\/champagner.com\/ru\/wp-json\/wp\/v2\/types\/page"}],"author":[{"embeddable":true,"href":"https:\/\/champagner.com\/ru\/wp-json\/wp\/v2\/users\/1"}],"replies":[{"embeddable":true,"href":"https:\/\/champagner.com\/ru\/wp-json\/wp\/v2\/comments?post=6514"}],"version-history":[{"count":0,"href":"https:\/\/champagner.com\/ru\/wp-json\/wp\/v2\/pages\/6514\/revisions"}],"wp:featuredmedia":[{"embeddable":true,"href":"https:\/\/champagner.com\/ru\/wp-json\/wp\/v2\/media\/4712"}],"wp:attachment":[{"href":"https:\/\/champagner.com\/ru\/wp-json\/wp\/v2\/media?parent=6514"}],"curies":[{"name":"wp","href":"https:\/\/api.w.org\/{rel}","templated":true}]}}