{"id":4024,"date":"2018-04-14T14:48:55","date_gmt":"2018-04-14T14:48:55","guid":{"rendered":"http:\/\/neu.champagner.eu\/?page_id=4024"},"modified":"2024-11-04T12:49:43","modified_gmt":"2024-11-04T12:49:43","slug":"sampanya-soezleri","status":"publish","type":"page","link":"https:\/\/champagner.com\/tr\/sampanya-soezleri\/","title":{"rendered":"\u015eampanya al\u0131nt\u0131lar\u0131"},"content":{"rendered":"<div id='av_section_1'  class='avia-section av-1vm8bwo-709c60fc6f16c735dfd76d953ff4f866 main_color avia-section-default avia-no-shadow  avia-builder-el-0  avia-builder-el-no-sibling  avia-bg-style-scroll container_wrap fullsize'  ><div class='container av-section-cont-open' ><main  role=\"main\" itemprop=\"mainContentOfPage\"  class='template-page content  av-content-full alpha units'><div class='post-entry post-entry-type-page post-entry-4024'><div class='entry-content-wrapper clearfix'>\n\n<style type=\"text\/css\" data-created_by=\"avia_inline_auto\" id=\"style-css-av-kjm0x5lx-0474c4b615aca0c6c294fa130940e623\">\n#top .av-special-heading.av-kjm0x5lx-0474c4b615aca0c6c294fa130940e623{\npadding-bottom:10px;\n}\nbody .av-special-heading.av-kjm0x5lx-0474c4b615aca0c6c294fa130940e623 .av-special-heading-tag .heading-char{\nfont-size:25px;\n}\n.av-special-heading.av-kjm0x5lx-0474c4b615aca0c6c294fa130940e623 .av-subheading{\nfont-size:15px;\n}\n<\/style>\n<div  class='av-special-heading av-kjm0x5lx-0474c4b615aca0c6c294fa130940e623 av-special-heading-h1 blockquote modern-quote modern-centered  avia-builder-el-1  el_before_av_hr  avia-builder-el-first'><h1 class='av-special-heading-tag'  itemprop=\"headline\"  >\u015eampanya S\u00f6zleri, - \u015eampanya Hakk\u0131nda En G\u00fczel 47 S\u00f6z<\/h1><div class=\"special-heading-border\"><div class=\"special-heading-inner-border\"><\/div><\/div><\/div>\n\n<style type=\"text\/css\" data-created_by=\"avia_inline_auto\" id=\"style-css-av-1to74o-5b1b323b02642b480f2b98e85a27ee1b\">\n#top .hr.av-1to74o-5b1b323b02642b480f2b98e85a27ee1b{\nmargin-top:30px;\nmargin-bottom:30px;\n}\n.hr.av-1to74o-5b1b323b02642b480f2b98e85a27ee1b .hr-inner{\nwidth:100%;\nborder-color:#d2ae6f;\n}\n<\/style>\n<div  class='hr av-1to74o-5b1b323b02642b480f2b98e85a27ee1b hr-custom  avia-builder-el-2  el_after_av_heading  el_before_av_one_fifth  hr-center hr-icon-no'><span class='hr-inner inner-border-av-border-thin'><span class=\"hr-inner-style\"><\/span><\/span><\/div>\n\n<style type=\"text\/css\" data-created_by=\"avia_inline_auto\" id=\"style-css-av-1tmc0w8-8e6849036901409b1a0a2a8a275c0f7f\">\n.flex_column.av-1tmc0w8-8e6849036901409b1a0a2a8a275c0f7f{\nborder-radius:0px 0px 0px 0px;\npadding:0px 0px 0px 0px;\n}\n<\/style>\n<div  class='flex_column av-1tmc0w8-8e6849036901409b1a0a2a8a275c0f7f av_one_fifth  avia-builder-el-3  el_after_av_hr  el_before_av_three_fifth  first flex_column_div av-zero-column-padding'     ><\/div>\n<style type=\"text\/css\" data-created_by=\"avia_inline_auto\" id=\"style-css-av-1s2if7s-28ad02af04352e45d43dba7adba1b2c2\">\n.flex_column.av-1s2if7s-28ad02af04352e45d43dba7adba1b2c2{\nborder-radius:0px 0px 0px 0px;\npadding:0px 0px 0px 0px;\n}\n<\/style>\n<div  class='flex_column av-1s2if7s-28ad02af04352e45d43dba7adba1b2c2 av_three_fifth  avia-builder-el-4  el_after_av_one_fifth  el_before_av_one_fifth  flex_column_div av-zero-column-padding'     ><style type=\"text\/css\" data-created_by=\"avia_inline_auto\" id=\"style-css-av-1qqh64o-38b4cc4b3f7f53371d6d87f5e5a693f7\">\n#top .av-rotator-container.av-1qqh64o-38b4cc4b3f7f53371d6d87f5e5a693f7{\ntext-align:center;\n}\n#top #wrap_all .av-rotator-container.av-1qqh64o-38b4cc4b3f7f53371d6d87f5e5a693f7 .av-rotator-container-inner{\nfont-size:50px;\n}\n<\/style>\n<div  class='av-rotator-container av-rotation-container-center av-1qqh64o-38b4cc4b3f7f53371d6d87f5e5a693f7  avia-builder-el-5  avia-builder-el-no-sibling  av-fixed-rotator-width' data-interval='6' data-animation='0' data-fixwidth='1'><h3 class='av-rotator-container-inner'><span class='av-rotator-text av-rotator-multiline-off'>\n<span class='av-rotator-text-single av-642bq0-23840bb627bc40ab097f002d56409677 av-rotator-text-single-1' >\u00c7abuk gel, y\u0131ld\u0131zlar\u0131n tad\u0131na bak\u0131yorum! Dom Perignon<\/span>\n<span class='av-rotator-text-single av-1nfv6zs-2579cddb637190b57bcc52df719ef036 av-rotator-text-single-2' >Franklin Roosevelt ile tan\u0131\u015fmak ilk \u015fampanya \u015fi\u015fesini a\u00e7mak gibiydi, onu tan\u0131mak ise i\u00e7mek gibiydi. Winston Churchill<\/span>\n<span class='av-rotator-text-single av-1kvnsjc-bfb9e8ca38419d94b837ec3e85844f58 av-rotator-text-single-3' >Yorgun hissetti\u011fimde bana zevk veren tek \u015fey \u015fampanya. Brigitte Bardot<\/span>\n<span class='av-rotator-text-single av-1iunemg-c169a417eb3cc3fd2bd801584949f5f6 av-rotator-text-single-4' >Neden kahvalt\u0131da \u015fampanya i\u00e7iyorum? Bunu herkes yapm\u0131yor mu? Noel Coward<\/span>\n<span class='av-rotator-text-single av-1ihkaqw-6ceea048659be1f491c9b87dfe7464bc av-rotator-text-single-5' >Her kad\u0131n\u0131n hayat\u0131nda sadece bir kadeh \u015fampanyan\u0131n yeterli olaca\u011f\u0131 bir zaman gelir. Bette Davis<\/span>\n<span class='av-rotator-text-single av-1gjmxqw-c7712ca1592047adddd6c509a5547c17 av-rotator-text-single-6' >\u015eampanya hayat\u0131n zarif ekstralar\u0131ndan biridir. Charles Dickens<\/span>\n<span class='av-rotator-text-single av-1eryevs-6f2c2c454afb2c2240918936cc4cbf7e av-rotator-text-single-7' >\u015eampanya! Zaferde bunu hak edersiniz, yenilgide ise buna ihtiyac\u0131n\u0131z vard\u0131r. Napolyon Bonapart<\/span>\n<span class='av-rotator-text-single av-pdcbdk-438df945fd72362c5105d146561cc285 av-rotator-text-single-8' >Mutlu oldu\u011fumda da \u00fczg\u00fcn oldu\u011fumda da \u015fampanya i\u00e7erim. Bazen yaln\u0131zken i\u00e7erim; ve misafirim oldu\u011funda, onu ka\u00e7\u0131ramam. A\u00e7 olmad\u0131\u011f\u0131mda onunla i\u015ftah\u0131m\u0131 kabart\u0131r\u0131m ve a\u00e7 oldu\u011fumda tad\u0131n\u0131 \u00e7\u0131kar\u0131r\u0131m. Ama onun d\u0131\u015f\u0131nda susad\u0131\u011f\u0131m zamanlar d\u0131\u015f\u0131nda dokunmuyorum. Lily Bollinger<\/span>\n<span class='av-rotator-text-single av-1b0pstk-68f69bf2e861a2407c193ec58be604e4 av-rotator-text-single-9' >\u015eampanya, bir kad\u0131n\u0131 i\u00e7tikten sonra g\u00fczelle\u015ftiren tek \u015farapt\u0131r. Madam De Pompadour<\/span>\n<span class='av-rotator-text-single av-4jhae0-3b30ccb6c96e3dd9e5d66acaed9764ae av-rotator-text-single-10' >Her \u015feyin fazlas\u0131 k\u00f6t\u00fcd\u00fcr, ama \u015fampanyan\u0131n fazlas\u0131 do\u011frudur. Mark Twain<\/span>\n<span class='av-rotator-text-single av-4cbvew-f732f36d26451329f1f827b85ab6560e av-rotator-text-single-11' >\u015eampanya, e\u011fer ger\u00e7e\u011fi ar\u0131yorsan\u0131z, yalan makinesinden daha iyidir. Graham Greene<\/span>\n<span class='av-rotator-text-single av-169ftig-b89f6c092205efc31662d1965a44a8e7 av-rotator-text-single-12' >Hayattaki tek pi\u015fmanl\u0131\u011f\u0131m yeterince \u015fampanya i\u00e7memi\u015f olmamd\u0131r. John Maynard Keynes<\/span>\n<span class='av-rotator-text-single av-154nuag-cdcd02581348af398a1bcfcafbbd0a08 av-rotator-text-single-13' >Sadece iki kez \u015fampanya i\u00e7erim, a\u015f\u0131k oldu\u011fumda ve olmad\u0131\u011f\u0131mda. Coco Chanel<\/span>\n<span class='av-rotator-text-single av-13eqby0-84ebd35dda507963eecb1b9b5aed3cce av-rotator-text-single-14' >Arkada\u015fl\u0131k duygusu biftekle doldurulmak gibidir, a\u015fk ise \u015fampanyayla canland\u0131r\u0131lmak gibidir. Samuel Johnson<\/span>\n<span class='av-rotator-text-single av-11o0j2w-c12e8fb036a90f7c00083508fa44d683 av-rotator-text-single-15' >\u015eampanya ve portakal suyu harika bir i\u00e7kidir. Portakal \u015fampanyay\u0131 g\u00fczelle\u015ftirir. \u015eampanya kesinlikle portakal\u0131 g\u00fczelle\u015ftiriyor. Philip, Edinburgh D\u00fck\u00fc<\/span>\n<span class='av-rotator-text-single av-zrbr0o-7f8a5cc9ec00cb9a2f8181e2c0d7542d av-rotator-text-single-16' >Beyler, biz sadece Fransa i\u00e7in de\u011fil, ayn\u0131 zamanda \u015fampanya i\u00e7in de sava\u015f\u0131yoruz! Winston Churchill<\/span>\n<span class='av-rotator-text-single av-3ff13c-1cd5772594aec6d98dbd1fce072f9d95 av-rotator-text-single-17' >M\u00fckemmel bir d\u00fcnyada herkes her ak\u015fam bir kadeh \u015fampanya i\u00e7erdi. Willie Gluckstern<\/span>\n<span class='av-rotator-text-single av-bi6ig-bf9452396b9843d5cea4a882f0d652f0 av-rotator-text-single-18' >\u015eampanyay\u0131 d\u00f6k\u00fcn ve k\u00f6p\u00fc\u011f\u00fcn\u00fcn binlerce \u0131\u015f\u0131lt\u0131l\u0131, g\u00fclen g\u00f6z gibi y\u00fckselmesine izin verin. Jared M. Brown<\/span>\n<span class='av-rotator-text-single av-umqy20-4e669a26c88195ae598041a2583240f5 av-rotator-text-single-19' >Bir kadeh \u015fampanya e\u015fli\u011finde g\u00fcn bat\u0131m\u0131ndan daha g\u00fczel bir \u015fey yoktur. Jared M. Brown<\/span>\n<span class='av-rotator-text-single av-syk0so-6298344df6a47561f434c8734f63907d av-rotator-text-single-20' >\u015eampanya, \u015faraplar\u0131n kral\u0131 ve krallar\u0131n \u015farab\u0131. Prens Orlofsky<\/span>\n<span class='av-rotator-text-single av-qvzwpk-09ed23dffd1cdc130e9cc284c83e2007 av-rotator-text-single-21' >\u015eampanya so\u011fuk, kuru ve umar\u0131m bedava olmal\u0131d\u0131r. Christian Pol Roger<\/span>\n<span class='av-rotator-text-single av-q0i2t4-c8e67e3853a9be89667a69aa68f47393 av-rotator-text-single-22' >\u015eampanyas\u0131z zevk tamamen yapayd\u0131r. Oscar Wilde<\/span>\n<span class='av-rotator-text-single av-njnrx4-10409d339f97e46ba9f1f1320490ca51 av-rotator-text-single-23' >Hayat size sorun \u00e7\u0131kard\u0131\u011f\u0131nda, biraz \u015fampanya i\u00e7in ve sorunlar\u0131n\u0131z sabun k\u00f6p\u00fc\u011f\u00fcne d\u00f6n\u00fc\u015fs\u00fcn. Bilinmeyen<\/span>\n<span class='av-rotator-text-single av-mlos54-85dd5d8322c90e12d5e18b891a316a5e av-rotator-text-single-24' >E\u011fer risk almazsan\u0131z, asla \u015fampanya i\u00e7memelisiniz. Eski bir Rus atas\u00f6z\u00fc.<\/span>\n<span class='av-rotator-text-single av-kl2brs-ed042841fe26491aabf86f5d78c81b32 av-rotator-text-single-25' >Sadece iki durumda \u015fampanya i\u00e7erim: A\u015f\u0131k oldu\u011fumda ve olmad\u0131\u011f\u0131mda. Coco Chanel<\/span>\n<span class='av-rotator-text-single av-ik0fug-542b30508ccd098729d34505a16dc2fc av-rotator-text-single-26' >Zaferden sonra \u015fampanyay\u0131 hak edersiniz, yenilgiden sonra ise ona ihtiyac\u0131n\u0131z vard\u0131r! Napolyon Bonapart<\/span>\n<span class='av-rotator-text-single av-h8r1ug-5d93b612df221fc602dad96b90dbe779 av-rotator-text-single-27' >G\u00fcne g\u00fcl\u00fcmseyerek ba\u015flay\u0131n ve \u015fampanya ile bitirin.<\/span>\n<span class='av-rotator-text-single av-fojy20-eb8e278e4f214034df4553dd1462ffae av-rotator-text-single-28' >\u015eampanya insana her g\u00fcn\u00fcn Pazar oldu\u011fu hissini verir! Marlene Dietrich<\/span>\n<span class='av-rotator-text-single av-e9m3jc-e5a444b202324c0b20b5b05c9393b47e av-rotator-text-single-29' >Bir kad\u0131n\u0131n hayat\u0131nda \u00f6yle zamanlar vard\u0131r ki, yard\u0131mc\u0131 olan tek \u015fey \u015fampanyad\u0131r! Betty Davis<\/span>\n<span class='av-rotator-text-single av-cyjcqg-80bea1de76fe7db827c075f11ea568d3 av-rotator-text-single-30' >Tanr\u0131m, de\u011fi\u015ftiremeyecekleri \u015feyleri kabul etmelerine izin ver. Ve tek ac\u0131lar\u0131n\u0131n \u015fampanya olmas\u0131 i\u00e7in dua edin. Kanye West<\/span>\n<span class='av-rotator-text-single av-b81hd4-3e228c7996a9f467e60775e1c3184a68 av-rotator-text-single-31' >B\u00fcy\u00fck a\u015fk ili\u015fkileri \u015fampanya ile ba\u015flar ve bitki \u00e7ay\u0131 ile biter. Honore de Balzac<\/span>\n<span class='av-rotator-text-single av-8wm82w-9575a58028db63ca20b249b64d989735 av-rotator-text-single-32' >Sadece mutlu oldu\u011fumda ve \u00fczg\u00fcn oldu\u011fumda \u015fampanya i\u00e7erim! Lily Bollinger<\/span>\n<span class='av-rotator-text-single av-ogcx4-3c75a845fba25edbc4a770f92b2b3448 av-rotator-text-single-33' >Hayatta dayan\u0131lmaz olan \u00fc\u00e7 \u015fey vard\u0131r: so\u011fuk kahve, \u0131l\u0131k \u015fampanya ve a\u015f\u0131r\u0131 heyecanl\u0131 bir e\u015f. Orson Welles<\/span>\n<span class='av-rotator-text-single av-o1r4zs-e6e1f1e2e5f234fe14394f6a5846538b av-rotator-text-single-34' >Rahip az \u00f6nce seni bir H\u0131ristiyan olarak vaftiz etti. \u015eimdi seni bir Frans\u0131z vatanda\u015f\u0131 olarak vaftiz ediyorum sevgili \u00e7ocu\u011fum, dudaklar\u0131nda bir damla \u015fampanya ile. Paul Claudel (1868-1955)<\/span>\n<span class='av-rotator-text-single av-muuuuw-f59d73c916e4b92ee343dc7987344658 av-rotator-text-single-35' >Bu Frans\u0131z \u015farab\u0131n\u0131n k\u00f6p\u00fckl\u00fc yap\u0131s\u0131, Frans\u0131z halk\u0131n\u0131n ger\u00e7ek dehas\u0131n\u0131 ortaya koymaktad\u0131r. Voltaire (1694-1778)<\/span>\n<span class='av-rotator-text-single av-7m07s-431cd07390a83fff354b2f636d7ecb81 av-rotator-text-single-36' >Safari hayat\u0131nda size t\u00fcm endi\u015felerinizi unutturan ve yar\u0131m \u015fi\u015fe \u015fampanya i\u00e7mi\u015f gibi hissettiren bir \u015fey var - hayata kar\u015f\u0131 i\u00e7ten bir minnettarl\u0131kla dolup ta\u015fman\u0131z\u0131 sa\u011flayan bir \u015fey var. Karen Blixen'den al\u0131nt\u0131<\/span>\n<span class='av-rotator-text-single av-j7ya2w-46b49aa9b860f59f22cd0e3ac3a54b59 av-rotator-text-single-37' >Mizah anlay\u0131\u015f\u0131n\u0131z olsun, az uyuyun, bir hedefiniz olsun ve \u00e7ok az \u015fampanya i\u00e7meyin! Prof August Everding<\/span>\n<span class='av-rotator-text-single av-1r1gmw-233136e97239dfe205325edda81ed6e2 av-rotator-text-single-38' >\u0130stiridye ve \u015fampanya aras\u0131nda se\u00e7im yapma \u015fans\u0131n\u0131z varsa, genellikle ikisini de tercih edersiniz. Theodor Fontane<\/span>\n<span class='av-rotator-text-single av-gb3f0o-6313c83bec8e8de6f3330121ca180af5 av-rotator-text-single-39' >Kendim i\u00e7in \u015farap yap\u0131yorum. Kendim i\u00e7emedi\u011fimi satar\u0131m! Victor Lanson<\/span>\n<span class='av-rotator-text-single av-djet7c-b5fb3c0534c84c9f4794d13f1a937f81 av-rotator-text-single-40' >Benim i\u00e7in \u00e7ikolatalardan daha tatl\u0131, \u00e7\u00f6l r\u00fczgar\u0131ndan daha s\u0131cak, \u015fampanyadan daha k\u00f6p\u00fckl\u00fc, bir \u00f6p\u00fcc\u00fckten daha anlaml\u0131, ama y\u0131ld\u0131zlar gibi ula\u015f\u0131lmazs\u0131n!<\/span>\n<span class='av-rotator-text-single av-cgus2g-b1137a66dec4995e96522e8852934901 av-rotator-text-single-41' >\u015eampanya \u015farab\u0131 istiyorum ve olduk\u00e7a k\u00f6p\u00fckl\u00fc olmas\u0131n\u0131 istiyorum! Johann Wolfgang von Goethe<\/span>\n<span class='av-rotator-text-single av-aunfyw-f238f17b915885c5515733e5a49c042a av-rotator-text-single-42' >Dul Klicko'nun baloncuklar\u0131 bardakta nas\u0131l da tatl\u0131 ve havadar par\u0131ld\u0131yor\". Wilhelm Busch Veuve Clicquot hakk\u0131nda<\/span>\n<span class='av-rotator-text-single av-91l6zc-85c90eb6e9f66ab2094e08cbc0584cc8 av-rotator-text-single-43' >\u00d6vg\u00fc \u015fampanya gibidir. \u0130kisi de hala k\u00f6p\u00fckl\u00fc iken servis edilmelidir.<\/span>\n<span class='av-rotator-text-single av-7ovajs-c70a20b9333ba9d35f7b408d5f608925 av-rotator-text-single-44' >Bordeaux ile d\u00fc\u015f\u00fcn\u00fcrs\u00fcn\u00fcz, Burgundy ile tart\u0131\u015f\u0131rs\u0131n\u0131z, \u015eampanya ile aptall\u0131k yapars\u0131n\u0131z! Anth\u00e8lme Brillat-Savarin<\/span>\n<span class='av-rotator-text-single av-65bjt4-c915b1b4d01bd8e9017d245fbb31cfa7 av-rotator-text-single-45' >\u015eampanya bir kez patlad\u0131 m\u0131, bir daha \u015fi\u015feye geri koyamazs\u0131n\u0131z! FIA Ba\u015fkan\u0131 Max Mosley<\/span>\n<span class='av-rotator-text-single av-evx88-c49ac3d3c5fecfea35e6720b3b1216b6 av-rotator-text-single-46' >\u015eampanya muhtemelen en mutlu ilham kayna\u011f\u0131d\u0131r. Mark Twain<\/span>\n<span class='av-rotator-text-single av-2kuf6g-f2d8b366ef9259a78bf46c894f2794a0 av-rotator-text-single-47' >Ben sadece bira konusunda i\u00e7ki i\u00e7mem, \u015fampanya konusunda de\u011fil. George Bernard Shaw<\/span>\n<\/span><\/h3><\/div><\/div>\n<style type=\"text\/css\" data-created_by=\"avia_inline_auto\" id=\"style-css-av-5y0znc-ecf90eeb43b293101c735ef6745c0649\">\n.flex_column.av-5y0znc-ecf90eeb43b293101c735ef6745c0649{\nborder-radius:0px 0px 0px 0px;\npadding:0px 0px 0px 0px;\n}\n<\/style>\n<div  class='flex_column av-5y0znc-ecf90eeb43b293101c735ef6745c0649 av_one_fifth  avia-builder-el-6  el_after_av_three_fifth  el_before_av_hr  flex_column_div av-zero-column-padding'     ><\/div>\n<style type=\"text\/css\" data-created_by=\"avia_inline_auto\" id=\"style-css-av-av_hr-740b43d1b484958137b1a60202c344d8\">\n#top .hr.av-av_hr-740b43d1b484958137b1a60202c344d8{\nmargin-top:30px;\nmargin-bottom:30px;\n}\n.hr.av-av_hr-740b43d1b484958137b1a60202c344d8 .hr-inner{\nwidth:100%;\nborder-color:#d2ae6f;\n}\n<\/style>\n<div  class='hr av-av_hr-740b43d1b484958137b1a60202c344d8 hr-custom  avia-builder-el-7  el_after_av_one_fifth  el_before_av_one_fifth  hr-center hr-icon-no'><span class='hr-inner inner-border-av-border-thin'><span class=\"hr-inner-style\"><\/span><\/span><\/div>\n<div class='flex_column_table av-lyy2v1xe-c004cec9e9db6aed44d5ea75cc2675b7 sc-av_one_fifth av-equal-height-column-flextable'>\n<style type=\"text\/css\" data-created_by=\"avia_inline_auto\" id=\"style-css-av-lyy2v1xe-c004cec9e9db6aed44d5ea75cc2675b7\">\n.flex_column.av-lyy2v1xe-c004cec9e9db6aed44d5ea75cc2675b7{\nborder-radius:0px 0px 0px 0px;\npadding:0px 0px 0px 0px;\n}\n<\/style>\n<div  class='flex_column av-lyy2v1xe-c004cec9e9db6aed44d5ea75cc2675b7 av_one_fifth  avia-builder-el-8  el_after_av_hr  el_before_av_three_fifth  first flex_column_table_cell av-equal-height-column av-align-top av-zero-column-padding'     ><\/div><div class='av-flex-placeholder'><\/div>\n<style type=\"text\/css\" data-created_by=\"avia_inline_auto\" id=\"style-css-av-av_three_fifth-96471c6a872bb75c0ce03c20d00030c6\">\n.flex_column.av-av_three_fifth-96471c6a872bb75c0ce03c20d00030c6{\nborder-radius:0px 0px 0px 0px;\npadding:0px 0px 0px 0px;\n}\n<\/style>\n<div  class='flex_column av-av_three_fifth-96471c6a872bb75c0ce03c20d00030c6 av_three_fifth  avia-builder-el-9  el_after_av_one_fifth  el_before_av_one_fifth  flex_column_table_cell av-equal-height-column av-align-top av-zero-column-padding'     ><p>\n<style type=\"text\/css\" data-created_by=\"avia_inline_auto\" id=\"style-css-av-lyy2hryi-7159e62e98d5b9d8a69d23d2b88b4979\">\n#top .av-special-heading.av-lyy2hryi-7159e62e98d5b9d8a69d23d2b88b4979{\npadding-bottom:10px;\n}\nbody .av-special-heading.av-lyy2hryi-7159e62e98d5b9d8a69d23d2b88b4979 .av-special-heading-tag .heading-char{\nfont-size:25px;\n}\n.av-special-heading.av-lyy2hryi-7159e62e98d5b9d8a69d23d2b88b4979 .av-subheading{\nfont-size:15px;\n}\n<\/style>\n<div  class='av-special-heading av-lyy2hryi-7159e62e98d5b9d8a69d23d2b88b4979 av-special-heading-h3 blockquote modern-quote modern-centered  avia-builder-el-10  el_before_av_textblock  avia-builder-el-first'><h3 class='av-special-heading-tag'  itemprop=\"headline\"  >\u015eampanya al\u0131nt\u0131lar\u0131 hakk\u0131nda<\/h3><div class=\"special-heading-border\"><div class=\"special-heading-inner-border\"><\/div><\/div><\/div><br \/>\n<section  class='av_textblock_section av-lyy2fx2v-7d2b4321f5d3f4f33fa1e4ae85aa3322'   itemscope=\"itemscope\" itemtype=\"https:\/\/schema.org\/CreativeWork\" ><div class='avia_textblock'  itemprop=\"text\" ><p><a href=\"https:\/\/champagner.com\/tr\/\">\u015eampanya<\/a>Genellikle \"\u015faraplar\u0131n kral\u0131\" olarak an\u0131lan \u015fampanya, y\u00fczy\u0131llar boyunca \u00e7ok say\u0131da \u00fcnl\u00fc \u00f6zl\u00fc s\u00f6ze ilham kayna\u011f\u0131 olmu\u015ftur. Bu \u015fampanya s\u00f6zleri, bu asil i\u00e7kinin tad\u0131n\u0131 \u00e7\u0131karman\u0131n zarafetini, ciddiyetini ve ne\u015fesini yans\u0131tmaktad\u0131r.<\/p>\n<p>\u00dcnl\u00fc bir \u015fampanya s\u00f6z\u00fc Coco Chanel'den gelir: \"Sadece iki durumda \u015fampanya i\u00e7erim: a\u015f\u0131k oldu\u011fumda ve olmad\u0131\u011f\u0131mda.\" Bu ifade, hem mutlu hem de melankolik anlarda i\u00e7ilebilen \u015fampanyan\u0131n evrensel cazibesini ve \u00e7ok y\u00f6nl\u00fcl\u00fc\u011f\u00fcn\u00fc vurgulamaktad\u0131r.<\/p>\n<p>Winston Churchill de \u015fampanyan\u0131n ve \u015fampanya s\u00f6zlerinin b\u00fcy\u00fck bir a\u015f\u0131\u011f\u0131yd\u0131 ve s\u0131k s\u0131k bu asil damlaya olan d\u00fc\u015fk\u00fcnl\u00fc\u011f\u00fc hakk\u0131nda yorum yapt\u0131. En \u00fcnl\u00fc \u015fampanya s\u00f6zlerinden biri \u015fudur: \"\u015eampanya so\u011futulmal\u0131d\u0131r, <a href=\"https:\/\/champagner.com\/tr\/soezluek-2\/sn\/\">kuru<\/a> ve \u00f6zg\u00fcr ol.\" Churchill talepkarl\u0131\u011f\u0131yla tan\u0131n\u0131rd\u0131 <a href=\"https:\/\/champagner.com\/tr\/soezluek-2\/isirik\/\">Lezzet<\/a> ve l\u00fckse olan d\u00fc\u015fk\u00fcnl\u00fc\u011f\u00fcyle ilgili bu al\u0131nt\u0131 onun tavr\u0131n\u0131 m\u00fckemmel bir \u015fekilde yans\u0131t\u0131yor.<\/p>\n<p>\u00dcnl\u00fc yazar ve z\u00fcppe Oscar Wilde bir keresinde bir \u015fampanya al\u0131nt\u0131s\u0131yla \u015f\u00f6yle demi\u015fti: \"Sadece \u00e7ok \u00f6nemsiz insanlar ger\u00e7ekten ciddidir ve sadece \u00e7ok ciddi insanlar \u00f6nemsiz bir \u015fey yaratm\u0131\u015ft\u0131r.\" Bu al\u0131nt\u0131 do\u011frudan \u015fampanyay\u0131 hedef almasa da, Wilde'\u0131n ya\u015fam ve sanat hakk\u0131ndaki di\u011fer bir\u00e7ok yorumu, kesinlikle \u015fampanya da dahil olmak \u00fczere hayattaki ince \u015feylere olan takdirini yans\u0131tmaktad\u0131r.<\/p>\n<p>Kral 16. Louis'nin metresi Madame de Pompadour bir keresinde \u015f\u00f6yle demi\u015ftir: \"\u015eampanya, bir kad\u0131n\u0131 i\u00e7tik\u00e7e daha da g\u00fczelle\u015ftiren tek i\u00e7kidir.\" Bu \u015fampanya s\u00f6z\u00fc, \u015fampanyan\u0131n g\u00f6z al\u0131c\u0131 ve ba\u015ftan \u00e7\u0131kar\u0131c\u0131 y\u00f6n\u00fcn\u00fc ve t\u00fcketicilerinin zarafetini ve g\u00fczelli\u011fini nas\u0131l art\u0131rabilece\u011fini vurgulamaktad\u0131r.<\/p>\n<h4>\u015eampanya al\u0131nt\u0131lar\u0131n\u0131n \u00f6zeti<\/h4>\n<p>Birlikte ele al\u0131nd\u0131\u011f\u0131nda, bu \u015eampanya al\u0131nt\u0131lar\u0131, \u015eampanya'n\u0131n d\u00fcnya k\u00fclt\u00fcr\u00fcnde ve k\u00fclt\u00fcr\u00fcnde sahip oldu\u011fu kal\u0131c\u0131 hayranl\u0131\u011f\u0131 ve \u00f6zel yeri g\u00f6stermektedir. <a href=\"https:\/\/champagner.com\/tr\/soezluek-2\/sampanya-koekenli%cc%87\/\">Tarih<\/a> al\u0131r. \u0130ster bayramlarda, ister romantik anlarda ya da sadece bir <a href=\"https:\/\/champagner.com\/tr\/sampanya-tarifleri-pisirme\/\">Zevk<\/a> g\u00fcnl\u00fck ya\u015famda - \u015fampanya her zaman \u00f6zel bir \u00e7ekicili\u011fe sahiptir ve d\u00fcnyan\u0131n her yerindeki insanlara ilham verir. \u015eampanya al\u0131nt\u0131lar\u0131n\u0131 okuman\u0131n keyfini \u00e7\u0131kar\u0131n.<\/p>\n<\/div><\/section><\/p><\/div><div class='av-flex-placeholder'><\/div>\n<style type=\"text\/css\" data-created_by=\"avia_inline_auto\" id=\"style-css-av-av_one_fifth-96471c6a872bb75c0ce03c20d00030c6\">\n.flex_column.av-av_one_fifth-96471c6a872bb75c0ce03c20d00030c6{\nborder-radius:0px 0px 0px 0px;\npadding:0px 0px 0px 0px;\n}\n<\/style>\n<div  class='flex_column av-av_one_fifth-96471c6a872bb75c0ce03c20d00030c6 av_one_fifth  avia-builder-el-12  el_after_av_three_fifth  avia-builder-el-last  flex_column_table_cell av-equal-height-column av-align-top av-zero-column-padding'     ><\/div><\/div><!--close column table wrapper. Autoclose: 1 -->","protected":false},"excerpt":{"rendered":"","protected":false},"author":1,"featured_media":4618,"parent":0,"menu_order":0,"comment_status":"closed","ping_status":"closed","template":"","meta":{"footnotes":""},"class_list":["post-4024","page","type-page","status-publish","has-post-thumbnail","hentry"],"_links":{"self":[{"href":"https:\/\/champagner.com\/tr\/wp-json\/wp\/v2\/pages\/4024","targetHints":{"allow":["GET"]}}],"collection":[{"href":"https:\/\/champagner.com\/tr\/wp-json\/wp\/v2\/pages"}],"about":[{"href":"https:\/\/champagner.com\/tr\/wp-json\/wp\/v2\/types\/page"}],"author":[{"embeddable":true,"href":"https:\/\/champagner.com\/tr\/wp-json\/wp\/v2\/users\/1"}],"replies":[{"embeddable":true,"href":"https:\/\/champagner.com\/tr\/wp-json\/wp\/v2\/comments?post=4024"}],"version-history":[{"count":0,"href":"https:\/\/champagner.com\/tr\/wp-json\/wp\/v2\/pages\/4024\/revisions"}],"wp:featuredmedia":[{"embeddable":true,"href":"https:\/\/champagner.com\/tr\/wp-json\/wp\/v2\/media\/4618"}],"wp:attachment":[{"href":"https:\/\/champagner.com\/tr\/wp-json\/wp\/v2\/media?parent=4024"}],"curies":[{"name":"wp","href":"https:\/\/api.w.org\/{rel}","templated":true}]}}