{"id":5098,"date":"2021-01-06T21:15:49","date_gmt":"2021-01-06T21:15:49","guid":{"rendered":"https:\/\/champagner.eu\/?page_id=5098"},"modified":"2024-07-21T03:16:35","modified_gmt":"2024-07-21T03:16:35","slug":"uezuem-ve-uezuemler","status":"publish","type":"page","link":"https:\/\/champagner.com\/tr\/uezuem-ve-uezuemler\/","title":{"rendered":"\u00dcz\u00fcmler ve \u00fcz\u00fcm \u00e7e\u015fitleri"},"content":{"rendered":"<div   class='avia-fullscreen-slider main_color   avia-builder-el-0  el_before_av_section  avia-builder-el-first  container_wrap fullsize'  ><div  class='avia-slideshow av-kjlutkb8-cb10e7f7988a7c552d25cc6be2a3641c avia-slideshow-extra_large av_fullscreen avia-slide-slider av-slideshow-ui av-control-default av-slideshow-manual av-loop-once av-loop-manual-endless av-default-height-applied   avia-slideshow-1' data-slideshow-options=\"{&quot;animation&quot;:&quot;slide&quot;,&quot;autoplay&quot;:false,&quot;loop_autoplay&quot;:&quot;once&quot;,&quot;interval&quot;:5,&quot;loop_manual&quot;:&quot;manual-endless&quot;,&quot;autoplay_stopper&quot;:false,&quot;noNavigation&quot;:false,&quot;bg_slider&quot;:true,&quot;keep_padding&quot;:false,&quot;hoverpause&quot;:false,&quot;show_slide_delay&quot;:0,&quot;slide_height&quot;:&quot;100&quot;,&quot;image_attachment&quot;:&quot;&quot;}\"  itemprop=\"image\" itemscope=\"itemscope\" itemtype=\"https:\/\/schema.org\/ImageObject\" ><ul class='avia-slideshow-inner' style='padding-bottom: 66.666666666667%;'><li style='background-position:center center;' data-img-url='https:\/\/champagner.com\/wp-content\/uploads\/2018\/04\/alfred-gratien-1500x1000.jpg' class='avia-slideshow-slide av-kjlutkb8-cb10e7f7988a7c552d25cc6be2a3641c__0  av-single-slide slide-1 slide-odd'><div data-rel='slideshow-1' class='avia-slide-wrap'   ><\/div><\/li><\/ul><\/div><\/div>\n<div id='av_section_1'  class='avia-section av-9qys-7fbec837cc9414b56951d589a49fa01e main_color avia-section-default avia-no-border-styling  avia-builder-el-1  el_after_av_fullscreen  avia-builder-el-last  avia-bg-style-scroll container_wrap fullsize'  ><div class='container av-section-cont-open' ><div class='template-page content  av-content-full alpha units'><div class='post-entry post-entry-type-page post-entry-5098'><div class='entry-content-wrapper clearfix'>\n\n<style type=\"text\/css\" data-created_by=\"avia_inline_auto\" id=\"style-css-av-9tz4-26c14c70028d90a54aefce07862c0d7e\">\n.flex_column.av-9tz4-26c14c70028d90a54aefce07862c0d7e{\nborder-radius:0px 0px 0px 0px;\npadding:0px 0px 0px 0px;\n}\n<\/style>\n<div  class='flex_column av-9tz4-26c14c70028d90a54aefce07862c0d7e av_one_fifth  avia-builder-el-2  el_before_av_three_fifth  avia-builder-el-first  first flex_column_div av-zero-column-padding'     ><\/div>\n<style type=\"text\/css\" data-created_by=\"avia_inline_auto\" id=\"style-css-av-5y3a-c3ba98e644c5ae5c87ca984f1618400f\">\n.flex_column.av-5y3a-c3ba98e644c5ae5c87ca984f1618400f{\nborder-radius:0px 0px 0px 0px;\npadding:0px 0px 0px 0px;\n}\n<\/style>\n<div  class='flex_column av-5y3a-c3ba98e644c5ae5c87ca984f1618400f av_three_fifth  avia-builder-el-3  el_after_av_one_fifth  el_before_av_one_fifth  flex_column_div av-zero-column-padding'     ><p>\n<style type=\"text\/css\" data-created_by=\"avia_inline_auto\" id=\"style-css-av-kkcmtxmf-6e34f11d042a9832a70a4d6c129266bb\">\n#top .av-special-heading.av-kkcmtxmf-6e34f11d042a9832a70a4d6c129266bb{\npadding-bottom:30px;\nfont-size:50px;\n}\nbody .av-special-heading.av-kkcmtxmf-6e34f11d042a9832a70a4d6c129266bb .av-special-heading-tag .heading-char{\nfont-size:25px;\n}\n#top #wrap_all .av-special-heading.av-kkcmtxmf-6e34f11d042a9832a70a4d6c129266bb .av-special-heading-tag{\nfont-size:50px;\n}\n.av-special-heading.av-kkcmtxmf-6e34f11d042a9832a70a4d6c129266bb .av-subheading{\nfont-size:15px;\n}\n\n@media only screen and (min-width: 480px) and (max-width: 767px){ \n#top #wrap_all .av-special-heading.av-kkcmtxmf-6e34f11d042a9832a70a4d6c129266bb .av-special-heading-tag{\nfont-size:0.8em;\n}\n}\n\n@media only screen and (max-width: 479px){ \n#top #wrap_all .av-special-heading.av-kkcmtxmf-6e34f11d042a9832a70a4d6c129266bb .av-special-heading-tag{\nfont-size:0.8em;\n}\n}\n<\/style>\n<div  class='av-special-heading av-kkcmtxmf-6e34f11d042a9832a70a4d6c129266bb av-special-heading-h2 blockquote modern-quote modern-centered  avia-builder-el-4  el_before_av_textblock  avia-builder-el-first  av-inherit-size'><h2 class='av-special-heading-tag'  itemprop=\"headline\"  >\u015eampanya \u00fcz\u00fcmleri ve \u00fcz\u00fcm \u00e7e\u015fitleri<\/h2><div class=\"special-heading-border\"><div class=\"special-heading-inner-border\"><\/div><\/div><\/div><br \/>\n\n<style type=\"text\/css\" data-created_by=\"avia_inline_auto\" id=\"style-css-av-kj4bin1p-574f3f2c4e650edd041a93a3eb080cd4\">\n#top .av_textblock_section.av-kj4bin1p-574f3f2c4e650edd041a93a3eb080cd4 .avia_textblock{\nfont-size:18px;\n}\n<\/style>\n<section  class='av_textblock_section av-kj4bin1p-574f3f2c4e650edd041a93a3eb080cd4'   itemscope=\"itemscope\" itemtype=\"https:\/\/schema.org\/CreativeWork\" ><div class='avia_textblock'  itemprop=\"text\" ><div style=\"text-align: justify;\">\n<p>G\u00fcn\u00fcm\u00fczde sadece 3 \u00fcz\u00fcm ve \u00fcz\u00fcm \u00e7e\u015fidi aura \u00fcretimi i\u00e7in kullan\u0131lmaktad\u0131r. <a href=\"https:\/\/champagner.com\/tr\/\">\u015eampanya<\/a> kullan\u0131lm\u0131\u015f.<br \/>\nBu nedenle ekili alan\u0131n 37%'si k\u0131rm\u0131z\u0131 Pinot Noir, 37%'si k\u0131rm\u0131z\u0131 Black Riesling olan Pinot Meunier ve 26%'si de tek beyaz \u00fcz\u00fcm \u00e7e\u015fidi olan Chardonnay \u00fcz\u00fcmlerinden olu\u015fmaktad\u0131r.<\/p>\n<p>Filoksera nedeniyle neredeyse yok olan Arbane ve Petit Meslier \u00fcz\u00fcm \u00e7e\u015fitleri ve \u00fcz\u00fcmleri de yine de \u015eampanya \u00fcretimi i\u00e7in yetkilendirilmi\u015ftir.<\/p>\n<p>Pinot Noir \u015fampanyaya dolgunluk, Pinot Meunier meyvemsilik, Chardonnay ise incelik verir.<br \/>\nFark\u0131 yaratan\u0131n harman oldu\u011funu s\u00f6yleyebilirsiniz, ancak \u00f6rne\u011fin C\u00f4te des Blancs'da tercihen tek \u00e7e\u015fit Chardonnay cuv\u00e9'leri, Blanc de Blancs \u00fcretilir.<\/p>\n<p>\u00d6te yandan Blanc de Noirs \u015fampanyalar\u0131 \u00e7ok nadirdir. Koyu renkli \u00fcz\u00fcmlerden yap\u0131lan beyaz \u015fampanya i\u00e7in kullan\u0131lan Blanc de Noirs terimi ilk olarak <a href=\"https:\/\/champagner.com\/tr\/yerler-seyahat\/\">\u015eampanya<\/a> karakterize edilmi\u015ftir. Sadece Bollinger, Bruno Paillard veya Mailly \u015fampanya \u00fcreticileri, ki bunlar \u00e7o\u011funlukla <a href=\"https:\/\/champagner.com\/tr\/soezluek-2\/ay\/\">A\u00ff<\/a>, <a href=\"https:\/\/champagner.com\/tr\/soezluek-2\/bouzy\/\">Bouzy<\/a>Mailly, <a href=\"https:\/\/champagner.com\/tr\/soezluek-2\/hautvillers\/\">Hautvillers<\/a> ve Verzenay bu \u015fampanyay\u0131 sunuyor.<\/p>\n<\/div>\n<\/div><\/section><br \/>\n\n<style type=\"text\/css\" data-created_by=\"avia_inline_auto\" id=\"style-css-av-kkb5x501-41e07ec96ff64c989c18dd6960e201b0\">\n#top .av-special-heading.av-kkb5x501-41e07ec96ff64c989c18dd6960e201b0{\npadding-bottom:10px;\n}\nbody .av-special-heading.av-kkb5x501-41e07ec96ff64c989c18dd6960e201b0 .av-special-heading-tag .heading-char{\nfont-size:25px;\n}\n.av-special-heading.av-kkb5x501-41e07ec96ff64c989c18dd6960e201b0 .av-subheading{\nfont-size:15px;\n}\n<\/style>\n<div  class='av-special-heading av-kkb5x501-41e07ec96ff64c989c18dd6960e201b0 av-special-heading-h2 blockquote modern-quote  avia-builder-el-6  el_after_av_textblock  el_before_av_textblock'><h2 class='av-special-heading-tag'  itemprop=\"headline\"  >\u00dcz\u00fcm \u00e7e\u015fitleri<\/h2><div class=\"special-heading-border\"><div class=\"special-heading-inner-border\"><\/div><\/div><\/div><br \/>\n<section  class='av_textblock_section av-6g6azu-a8571564a45309eb77445a09ab527da1'   itemscope=\"itemscope\" itemtype=\"https:\/\/schema.org\/CreativeWork\" ><div class='avia_textblock'  itemprop=\"text\" ><div style=\"text-align: justify;\">\n<p>\u015eampanya \u00fcretimi i\u00e7in en \u00f6nemli \u00fc\u00e7 \u00fcz\u00fcm \u00e7e\u015fidi:<\/p>\n<ul>\n<li>Pinot Meunier<\/li>\n<li>Pinot Noir<\/li>\n<li>Chardonnay<\/li>\n<\/ul>\n<p>Mavi \u00fcz\u00fcmler (Pinot Meunier ve Pinot Noir) beyaz olarak preslenir. Bu \u00fcz\u00fcmler \u015fampanyaya g\u00fc\u00e7 ve g\u00f6vde verirken, beyaz \u00fcz\u00fcm (Chardonnay) ona yar\u0131\u015f ve tazelik kazand\u0131r\u0131r (ayr\u0131ca tad\u0131ma bak\u0131n\u0131z). Asmalar y\u0131lda birka\u00e7 kez \u00f6zel budama y\u00f6ntemleri kullan\u0131larak budan\u0131r ve \u00fcz\u00fcmlerin yabani olarak b\u00fcy\u00fcmek yerine m\u00fcmk\u00fcn oldu\u011funca fazla canl\u0131l\u0131k ve besin almalar\u0131 sa\u011flan\u0131r.<\/p>\n<p>Ba\u011fc\u0131lar\u0131n elde etti\u011fi \u00fcz\u00fcm fiyat\u0131, ba\u011f\u0131n yukar\u0131da belirtilen s\u0131n\u0131fland\u0131rmas\u0131na ba\u011fl\u0131d\u0131r. Ba\u011fc\u0131, 80 % de\u011ferindeki bir \"cru\" i\u00e7in \u00fcz\u00fcm fiyat\u0131n\u0131n 80 %'sini al\u0131r. \u00dcz\u00fcmler s\u0131k\u0131ld\u0131\u011f\u0131nda, kanunen ~60 kg \u00fcz\u00fcmden maksimum ~02 litre \u015f\u0131ra (100 litre \u015farap verir) elde edilmesine izin verilmektedir. Preslenen ilave \u015f\u0131ra alkol dam\u0131t\u0131m\u0131 i\u00e7in kullan\u0131l\u0131r.<\/p>\n<\/div>\n<\/div><\/section><br \/>\n\n<style type=\"text\/css\" data-created_by=\"avia_inline_auto\" id=\"style-css-av-kkb5xjxv-01a27fd475bc05727693d720d4cd3a9f\">\n#top .av-special-heading.av-kkb5xjxv-01a27fd475bc05727693d720d4cd3a9f{\npadding-bottom:10px;\n}\nbody .av-special-heading.av-kkb5xjxv-01a27fd475bc05727693d720d4cd3a9f .av-special-heading-tag .heading-char{\nfont-size:25px;\n}\n.av-special-heading.av-kkb5xjxv-01a27fd475bc05727693d720d4cd3a9f .av-subheading{\nfont-size:15px;\n}\n<\/style>\n<div  class='av-special-heading av-kkb5xjxv-01a27fd475bc05727693d720d4cd3a9f av-special-heading-h2 blockquote modern-quote  avia-builder-el-8  el_after_av_textblock  el_before_av_textblock'><h2 class='av-special-heading-tag'  itemprop=\"headline\"  >\u00dcz\u00fcm \u00e7e\u015fitleri<\/h2><div class=\"special-heading-border\"><div class=\"special-heading-inner-border\"><\/div><\/div><\/div><br \/>\n<section  class='av_textblock_section av-1m6ze-b216b290058da166829d314b60042b06'   itemscope=\"itemscope\" itemtype=\"https:\/\/schema.org\/CreativeWork\" ><div class='avia_textblock'  itemprop=\"text\" ><div style=\"text-align: justify;\">\n<p>\u015eampanya \u00fc\u00e7 \u00fcz\u00fcm ve \u00fcz\u00fcm \u00e7e\u015fidinden yap\u0131l\u0131r: Chardonnay, Pinot Noir ve Pinot Meunier. Bu \u00e7e\u015fitlerin her biri, \u015fampanyan\u0131n benzersiz karakterine kendi y\u00f6ntemleriyle katk\u0131da bulunur.<\/p>\n<p><strong>Chardonnay<\/strong>Bu beyaz \u00fcz\u00fcm \u00e7e\u015fidi \u015fampanyaya zarafet, tazelik ve ince bir mineralite kazand\u0131r\u0131r. Turun\u00e7giller, beyaz \u00e7i\u00e7ekler ve bazen de hafif bir kremams\u0131 tatlar verir. Chardonnay genellikle kire\u00e7li topraklar\u0131n ideal ko\u015fullar sundu\u011fu C\u00f4te des Blancs'\u0131n \u00fcnl\u00fc Grand Cru ba\u011flar\u0131nda yeti\u015ftirilir.<\/p>\n<p><strong>Pinot Noir<\/strong>Bu k\u0131rm\u0131z\u0131 \u00fcz\u00fcm \u00e7e\u015fidi \u015fampanyada yap\u0131, g\u00f6vde ve derinlik sa\u011flar. K\u0131rm\u0131z\u0131 meyveler, kirazlar ve bazen baharatl\u0131 notalar\u0131n tatlar\u0131n\u0131 getirir. Pinot Noir esas olarak Montagne de Reims ve C\u00f4te des Bar'da yeti\u015fir ve nihai \u00fcr\u00fcn\u00fcn karma\u015f\u0131kl\u0131\u011f\u0131na ve sa\u011flaml\u0131\u011f\u0131na katk\u0131da bulunur.<\/p>\n<p><strong>Pinot Meunier<\/strong>Yine bir k\u0131rm\u0131z\u0131 \u00fcz\u00fcm \u00e7e\u015fidi olan ancak Pinot Noir'dan daha az bilinen Pinot Meunier, meyvemsilik ve eri\u015filebilirlik sunar. Elma, armut ve bazen de ot aromalar\u0131n\u0131 beraberinde getirir. Bu \u00e7e\u015fit genellikle Vall\u00e9e de la Marne'de yeti\u015ftirilir ve uyumlu ve genellikle meyvemsi bir karakter sa\u011flar.<\/p>\n<p>Bu \u00fc\u00e7 \u00fcz\u00fcm ve \u00fcz\u00fcm \u00e7e\u015fidi, \u015eampanya'n\u0131n \u00e7e\u015fitlili\u011fini ve karma\u015f\u0131kl\u0131\u011f\u0131n\u0131 belirlemek i\u00e7in genellikle farkl\u0131 kombinasyonlarda ve oranlarda kullan\u0131l\u0131r.<\/p>\n<\/div>\n<\/div><\/section><br \/>\n\n<style type=\"text\/css\" data-created_by=\"avia_inline_auto\" id=\"style-css-av-lys7k417-f104733ade3f2b252bec2fc32efc618e\">\n#top .av-special-heading.av-lys7k417-f104733ade3f2b252bec2fc32efc618e{\npadding-bottom:10px;\n}\nbody .av-special-heading.av-lys7k417-f104733ade3f2b252bec2fc32efc618e .av-special-heading-tag .heading-char{\nfont-size:25px;\n}\n.av-special-heading.av-lys7k417-f104733ade3f2b252bec2fc32efc618e .av-subheading{\nfont-size:15px;\n}\n<\/style>\n<div  class='av-special-heading av-lys7k417-f104733ade3f2b252bec2fc32efc618e av-special-heading-h2 blockquote modern-quote  avia-builder-el-10  el_after_av_textblock  el_before_av_textblock'><h2 class='av-special-heading-tag'  itemprop=\"headline\"  >\u015eampanya b\u00f6lgesi<\/h2><div class=\"special-heading-border\"><div class=\"special-heading-inner-border\"><\/div><\/div><\/div><br \/>\n<section  class='av_textblock_section av-58wfzj-ae72ca80b6c5b7bc25f2c49c34a4bda0'   itemscope=\"itemscope\" itemtype=\"https:\/\/schema.org\/CreativeWork\" ><div class='avia_textblock'  itemprop=\"text\" ><div style=\"text-align: justify;\">\n<p>\u015eampanya enfes bir <a href=\"https:\/\/champagner.com\/tr\/soezluek-2\/sampanya-koekenli%cc%87\/\">K\u00f6p\u00fckl\u00fc \u015farap<\/a>Fransa'n\u0131n kuzeydo\u011fusundaki Champagne b\u00f6lgesinde \u00f6zel olarak \u00fcretilmektedir. B\u00f6lge, \u015eampanya'y\u0131 kendine \u00f6zg\u00fc karakteriyle karakterize eden e\u015fsiz teruar\u0131yla tan\u0131n\u0131r. \u015eampanya i\u00e7in temel \u015faraplar genellikle Chardonnay, Pinot Noir ve Pinot Meunier \u00fcz\u00fcmlerinden ve \u00fcz\u00fcm \u00e7e\u015fitlerinden yap\u0131l\u0131r. Geleneksel \u00fcretim s\u00fcreci, \u015farab\u0131n \u015fi\u015fede ikinci bir fermantasyondan ge\u00e7ti\u011fi ve karakteristik kabarc\u0131klar\u0131n\u0131 veren Champenoise y\u00f6ntemini i\u00e7erir.<\/p>\n<p>\u015eampanya \u00fcretim s\u00fcreci, genellikle Eyl\u00fcl ay\u0131nda ger\u00e7ekle\u015fen \u00fcz\u00fcm hasad\u0131yla ba\u015flar. \u00dcz\u00fcmler hafif\u00e7e s\u0131k\u0131ld\u0131ktan sonra \u015f\u0131ra fermantasyon tanklar\u0131na konur ve burada mayalan\u0131r. \u015earap daha sonra ikinci fermantasyonu ba\u015flatmak i\u00e7in maya ve \u015feker kar\u0131\u015f\u0131m\u0131 ile \u015fi\u015felerde olgunla\u015f\u0131r. Bu olgunla\u015fma birka\u00e7 y\u0131l s\u00fcrebilir ve lezzetin karma\u015f\u0131kl\u0131\u011f\u0131na ve derinli\u011fine katk\u0131da bulunur.<\/p>\n<p>\u015eampanya genellikle l\u00fcks\u00fcn ve kutlaman\u0131n sembol\u00fc olarak g\u00f6r\u00fcl\u00fcr. Dozaj ve art\u0131k \u015feker i\u00e7eri\u011fine ba\u011fl\u0131 olarak bruttan demi-sec'e kadar farkl\u0131 stillerde gelir. Mo\u00ebt &amp; Chandon gibi en \u00fcnl\u00fc \u015fampanya evleri, <a href=\"https:\/\/champagner.com\/tr\/veuve-clicquot-ponsardin-sampanya-2\/\">Veuve Clicquot<\/a> ve <a href=\"https:\/\/champagner.com\/tr\/soezluek-2\/dom-perignon\/\">Dom P\u00e9rignon<\/a>\u015eampanya'n\u0131n uluslararas\u0131 itibar\u0131na \u00f6nemli katk\u0131larda bulunmu\u015ftur.<\/p>\n<\/div>\n<\/div><\/section><br \/>\n\n<style type=\"text\/css\" data-created_by=\"avia_inline_auto\" id=\"style-css-av-5h3g16-a3598f9ba79b7e9158393e092cd58455\">\n#top .av-special-heading.av-5h3g16-a3598f9ba79b7e9158393e092cd58455{\npadding-bottom:10px;\n}\nbody .av-special-heading.av-5h3g16-a3598f9ba79b7e9158393e092cd58455 .av-special-heading-tag .heading-char{\nfont-size:25px;\n}\n.av-special-heading.av-5h3g16-a3598f9ba79b7e9158393e092cd58455 .av-subheading{\nfont-size:15px;\n}\n<\/style>\n<div  class='av-special-heading av-5h3g16-a3598f9ba79b7e9158393e092cd58455 av-special-heading-h2 custom-color-heading blockquote modern-quote  avia-builder-el-12  el_after_av_textblock  el_before_av_textblock'><h2 class='av-special-heading-tag'  itemprop=\"headline\"  >\u015eampanya se\u00e7imleri<\/h2><div class=\"special-heading-border\"><div class=\"special-heading-inner-border\"><\/div><\/div><\/div><br \/>\n<section  class='av_textblock_section av-58wfzj-13-6c58fc1b3d4427f95ff831c11cd2b7c9'   itemscope=\"itemscope\" itemtype=\"https:\/\/schema.org\/CreativeWork\" ><div class='avia_textblock'  itemprop=\"text\" ><div style=\"text-align: justify;\">\n<p>\u015eampanya i\u00e7in t\u00fcm \u015faraplar se\u00e7kidir:<br \/>\nHasat s\u0131ras\u0131nda sadece olgun ve sa\u011fl\u0131kl\u0131 \u00fcz\u00fcmler b\u00fcy\u00fck bir \u00f6zenle toplan\u0131r, b\u00fcy\u00fck sepetlere (manken ad\u0131 verilir) yerle\u015ftirilir ve ard\u0131ndan iyi hareket eden arabalarla prese ta\u015f\u0131n\u0131r. Presleme i\u015flemi de nazik ve h\u0131zl\u0131d\u0131r, \u00f6zellikle de hasad\u0131n 2\/3'\u00fcnde mavi \u00fcz\u00fcmlerden beyaz \u015f\u0131ra elde etmek \u00f6nemli oldu\u011fu i\u00e7in. Kabuklar\u0131n rengi veya ac\u0131 maddeler \u015f\u0131ran\u0131n i\u00e7ine girmemelidir. 150 kg \u00fcz\u00fcmden 100 litreden fazla \u015f\u0131ra elde edilmemelidir (2\/3 yasas\u0131).<\/p>\n<\/div>\n<\/div><\/section><br \/>\n\n<style type=\"text\/css\" data-created_by=\"avia_inline_auto\" id=\"style-css-av-kjluw2vl-11-8c78f8382bd3feadac6efb0bffee9fc1\">\n.avia-image-container.av-kjluw2vl-11-8c78f8382bd3feadac6efb0bffee9fc1 img.avia_image{\nbox-shadow:none;\n}\n.avia-image-container.av-kjluw2vl-11-8c78f8382bd3feadac6efb0bffee9fc1 .av-image-caption-overlay-center{\ncolor:#ffffff;\n}\n<\/style>\n<div  class='avia-image-container av-kjluw2vl-11-8c78f8382bd3feadac6efb0bffee9fc1 av-styling- avia-align-center  avia-builder-el-14  el_after_av_textblock  el_before_av_heading'   itemprop=\"image\" itemscope=\"itemscope\" itemtype=\"https:\/\/schema.org\/ImageObject\" ><div class=\"avia-image-container-inner\"><div class=\"avia-image-overlay-wrap\"><img decoding=\"async\" fetchpriority=\"high\" class='wp-image-4185 avia-img-lazy-loading-not-4185 avia_image' src=\"https:\/\/champagner.com\/wp-content\/uploads\/2018\/04\/champagner-trauben-1-1030x665.jpg\" alt='\u015eampanya \u00fcz\u00fcmleri' title='\u015eampanya \u00fcz\u00fcmleri'  height=\"665\" width=\"1030\"  itemprop=\"thumbnailUrl\" srcset=\"https:\/\/champagner.com\/wp-content\/uploads\/2018\/04\/champagner-trauben-1-1030x665.jpg 1030w, https:\/\/champagner.com\/wp-content\/uploads\/2018\/04\/champagner-trauben-1-300x194.jpg 300w, https:\/\/champagner.com\/wp-content\/uploads\/2018\/04\/champagner-trauben-1-768x496.jpg 768w, https:\/\/champagner.com\/wp-content\/uploads\/2018\/04\/champagner-trauben-1-705x455.jpg 705w, https:\/\/champagner.com\/wp-content\/uploads\/2018\/04\/champagner-trauben-1-450x291.jpg 450w, https:\/\/champagner.com\/wp-content\/uploads\/2018\/04\/champagner-trauben-1.jpg 1440w\" sizes=\"(max-width: 1030px) 100vw, 1030px\" \/><\/div><\/div><\/div><br \/>\n\n<style type=\"text\/css\" data-created_by=\"avia_inline_auto\" id=\"style-css-av-3kb8ii-461375c708b561b4ffee044342456289\">\n#top .av-special-heading.av-3kb8ii-461375c708b561b4ffee044342456289{\npadding-bottom:10px;\n}\nbody .av-special-heading.av-3kb8ii-461375c708b561b4ffee044342456289 .av-special-heading-tag .heading-char{\nfont-size:25px;\n}\n.av-special-heading.av-3kb8ii-461375c708b561b4ffee044342456289 .av-subheading{\nfont-size:15px;\n}\n<\/style>\n<div  class='av-special-heading av-3kb8ii-461375c708b561b4ffee044342456289 av-special-heading-h2 custom-color-heading blockquote modern-quote  avia-builder-el-15  el_after_av_image  el_before_av_textblock'><h2 class='av-special-heading-tag'  itemprop=\"headline\"  >Yasal \u00fcz\u00fcm miktar\u0131<\/h2><div class=\"special-heading-border\"><div class=\"special-heading-inner-border\"><\/div><\/div><\/div><br \/>\n<section  class='av_textblock_section av-58wfzj-6-32031477e2ef2fd2f1db3665ea5bc1d6'   itemscope=\"itemscope\" itemtype=\"https:\/\/schema.org\/CreativeWork\" ><div class='avia_textblock'  itemprop=\"text\" ><div style=\"text-align: justify;\">\n<p>\u015eampanya \u00fcretiminde kullan\u0131labilecek hektar ba\u015f\u0131na \u00fcz\u00fcm miktar\u0131, her y\u0131l \u00fcz\u00fcm hasad\u0131ndan k\u0131sa bir s\u00fcre \u00f6nce kanunla belirlenir: 1996 y\u0131l\u0131nda, hektar ba\u015f\u0131na en fazla 10.400 kg \u00fcz\u00fcm AOC \"Champagne\" ve \"Cote\u00e4ux Champenois\" (\u015eampanya'dan elde edilen duru \u015farap) unvanlar\u0131n\u0131 almaya hak kazanm\u0131\u015ft\u0131r. Federasyon ayr\u0131ca her y\u0131l \u00fcz\u00fcm hasad\u0131ndan \u00f6nce \u015f\u0131ra i\u00e7in asgari bir potansiyel alkol i\u00e7eri\u011fi belirlemektedir. 1996 y\u0131l\u0131nda, \u00fcz\u00fcmlerin hacim olarak en az y\u00fczde 9 potansiyel alkol i\u00e7eri\u011fine sahip olmas\u0131 gerekiyordu. Bu minimum orana ula\u015fmayan \u015f\u0131ra \"\u015eampanya\" olarak etiketlenme hakk\u0131n\u0131 kaybeder (nicelikten \u00f6nce nitelik).<\/p>\n<\/div>\n<\/div><\/section><br \/>\n\n<style type=\"text\/css\" data-created_by=\"avia_inline_auto\" id=\"style-css-av-23t0oa-ee7f6725c26ec5d2d3d791415a5ed41a\">\n#top .av-special-heading.av-23t0oa-ee7f6725c26ec5d2d3d791415a5ed41a{\npadding-bottom:10px;\n}\nbody .av-special-heading.av-23t0oa-ee7f6725c26ec5d2d3d791415a5ed41a .av-special-heading-tag .heading-char{\nfont-size:25px;\n}\n.av-special-heading.av-23t0oa-ee7f6725c26ec5d2d3d791415a5ed41a .av-subheading{\nfont-size:15px;\n}\n<\/style>\n<div  class='av-special-heading av-23t0oa-ee7f6725c26ec5d2d3d791415a5ed41a av-special-heading-h2 custom-color-heading blockquote modern-quote  avia-builder-el-17  el_after_av_textblock  el_before_av_textblock'><h2 class='av-special-heading-tag'  itemprop=\"headline\"  >Farkl\u0131 bitkilerin harmanlanmas\u0131<\/h2><div class=\"special-heading-border\"><div class=\"special-heading-inner-border\"><\/div><\/div><\/div><br \/>\n<section  class='av_textblock_section av-58wfzj-4-8762bef7e27f13400594aaeadd588513'   itemscope=\"itemscope\" itemtype=\"https:\/\/schema.org\/CreativeWork\" ><div class='avia_textblock'  itemprop=\"text\" ><div style=\"text-align: justify;\">\n<p>\u015eampanya, di\u011fer b\u00fcy\u00fck \u015faraplar\u0131n aksine, genellikle farkl\u0131 \u00fcz\u00fcm \u00e7e\u015fitlerinin ve \u015faraplar\u0131n harmanlanmas\u0131yla \u00fcretilir. Bunun nedeni, ba\u011fc\u0131l\u0131k b\u00f6lgesinin kuzey iklimidir; bu da ayn\u0131 y\u0131l i\u00e7inde bir ba\u011fdan elde edilen \u00fcz\u00fcmlerin ve \u00fcz\u00fcm \u00e7e\u015fitlerinin ba\u015fka bir ba\u011fdan elde edilenlerden daha iyi olabilece\u011fi ve bir y\u0131l\u0131n \u00fcz\u00fcmlerinin ba\u015fka bir y\u0131l\u0131nkilerden daha iyi olabilece\u011fi anlam\u0131na gelir. Yakla\u015f\u0131k 320 tesisin yatay harmanlanmas\u0131; bunlardan 17 \"grands crus\" 100%, 41 \"premier crus\" 90 ila 99 %, di\u011ferleri ise 80 ila 89 % de\u011ferindedir. Farkl\u0131 vintajlardan rezerv \u015faraplarla dikey harmanlama.<\/p>\n<\/div>\n<\/div><\/section><br \/>\n\n<style type=\"text\/css\" data-created_by=\"avia_inline_auto\" id=\"style-css-av-kjluw2vl-44507a4d5477799e6c4785933bf56fd2\">\n.avia-image-container.av-kjluw2vl-44507a4d5477799e6c4785933bf56fd2 img.avia_image{\nbox-shadow:none;\n}\n.avia-image-container.av-kjluw2vl-44507a4d5477799e6c4785933bf56fd2 .av-image-caption-overlay-center{\ncolor:#ffffff;\n}\n<\/style>\n<div  class='avia-image-container av-kjluw2vl-44507a4d5477799e6c4785933bf56fd2 av-styling- avia-align-center  avia-builder-el-19  el_after_av_textblock  avia-builder-el-last'   itemprop=\"image\" itemscope=\"itemscope\" itemtype=\"https:\/\/schema.org\/ImageObject\" ><div class=\"avia-image-container-inner\"><div class=\"avia-image-overlay-wrap\"><img decoding=\"async\" fetchpriority=\"high\" class='wp-image-4167 avia-img-lazy-loading-not-4167 avia_image' src=\"https:\/\/champagner.com\/wp-content\/uploads\/2018\/04\/bauget-jouette-weinrebe.jpg\" alt='Bauget-Jouette \u015eampanya Asmas\u0131' title='Bauget-Jouette \u015eampanya Asmas\u0131'  height=\"400\" width=\"620\"  itemprop=\"thumbnailUrl\" srcset=\"https:\/\/champagner.com\/wp-content\/uploads\/2018\/04\/bauget-jouette-weinrebe.jpg 620w, https:\/\/champagner.com\/wp-content\/uploads\/2018\/04\/bauget-jouette-weinrebe-300x194.jpg 300w, https:\/\/champagner.com\/wp-content\/uploads\/2018\/04\/bauget-jouette-weinrebe-450x290.jpg 450w\" sizes=\"(max-width: 620px) 100vw, 620px\" \/><\/div><\/div><\/div><\/p><\/div>\n<style type=\"text\/css\" data-created_by=\"avia_inline_auto\" id=\"style-css-av-7vz4-e2ecb25e9168201a3fd1fa7a9982a872\">\n.flex_column.av-7vz4-e2ecb25e9168201a3fd1fa7a9982a872{\nborder-radius:0px 0px 0px 0px;\npadding:0px 0px 0px 0px;\n}\n<\/style>\n<div  class='flex_column av-7vz4-e2ecb25e9168201a3fd1fa7a9982a872 av_one_fifth  avia-builder-el-20  el_after_av_three_fifth  avia-builder-el-last  flex_column_div av-zero-column-padding'     ><\/div>","protected":false},"excerpt":{"rendered":"","protected":false},"author":1,"featured_media":4103,"parent":0,"menu_order":0,"comment_status":"closed","ping_status":"closed","template":"","meta":{"footnotes":""},"class_list":["post-5098","page","type-page","status-publish","has-post-thumbnail","hentry"],"_links":{"self":[{"href":"https:\/\/champagner.com\/tr\/wp-json\/wp\/v2\/pages\/5098","targetHints":{"allow":["GET"]}}],"collection":[{"href":"https:\/\/champagner.com\/tr\/wp-json\/wp\/v2\/pages"}],"about":[{"href":"https:\/\/champagner.com\/tr\/wp-json\/wp\/v2\/types\/page"}],"author":[{"embeddable":true,"href":"https:\/\/champagner.com\/tr\/wp-json\/wp\/v2\/users\/1"}],"replies":[{"embeddable":true,"href":"https:\/\/champagner.com\/tr\/wp-json\/wp\/v2\/comments?post=5098"}],"version-history":[{"count":0,"href":"https:\/\/champagner.com\/tr\/wp-json\/wp\/v2\/pages\/5098\/revisions"}],"wp:featuredmedia":[{"embeddable":true,"href":"https:\/\/champagner.com\/tr\/wp-json\/wp\/v2\/media\/4103"}],"wp:attachment":[{"href":"https:\/\/champagner.com\/tr\/wp-json\/wp\/v2\/media?parent=5098"}],"curies":[{"name":"wp","href":"https:\/\/api.w.org\/{rel}","templated":true}]}}