{"id":6514,"date":"2022-05-05T13:28:39","date_gmt":"2022-05-05T13:28:39","guid":{"rendered":"https:\/\/champagner.com\/?page_id=6514"},"modified":"2024-11-04T12:47:51","modified_gmt":"2024-11-04T12:47:51","slug":"sampanya-sanati","status":"publish","type":"page","link":"https:\/\/champagner.com\/tr\/sampanya-sanati\/","title":{"rendered":"\u015eampanya sanat\u0131"},"content":{"rendered":"<div   class='avia-fullscreen-slider main_color   avia-builder-el-0  el_before_av_section  avia-builder-el-first  container_wrap fullsize'  ><div  class='avia-slideshow av-kjripr6g-74ffc6525b251b8b733cc3ef032d902d avia-slideshow-extra_large av_fullscreen avia-slide-slider av-slideshow-ui av-control-default av-slideshow-manual av-loop-once av-loop-manual-endless av-default-height-applied   avia-slideshow-1' data-slideshow-options=\"{&quot;animation&quot;:&quot;slide&quot;,&quot;autoplay&quot;:false,&quot;loop_autoplay&quot;:&quot;once&quot;,&quot;interval&quot;:5,&quot;loop_manual&quot;:&quot;manual-endless&quot;,&quot;autoplay_stopper&quot;:false,&quot;noNavigation&quot;:false,&quot;bg_slider&quot;:true,&quot;keep_padding&quot;:false,&quot;hoverpause&quot;:false,&quot;show_slide_delay&quot;:0,&quot;slide_height&quot;:&quot;100&quot;,&quot;image_attachment&quot;:&quot;&quot;}\"  itemprop=\"image\" itemscope=\"itemscope\" itemtype=\"https:\/\/schema.org\/ImageObject\" ><ul class='avia-slideshow-inner' style='padding-bottom: 53.2%;'><li style='background-position:center center;' data-img-url='https:\/\/champagner.com\/wp-content\/uploads\/2018\/05\/Champagne-Charles-de-Cazanove-1500x798.jpg' class='avia-slideshow-slide av-kjripr6g-74ffc6525b251b8b733cc3ef032d902d__0  av-single-slide slide-1 slide-odd'><div data-rel='slideshow-1' class='avia-slide-wrap'  title='Charles de Cazanove \u015eampanya ' ><\/div><\/li><\/ul><\/div><\/div>\n<div id='av_section_1'  class='avia-section av-9qys-7fbec837cc9414b56951d589a49fa01e main_color avia-section-default avia-no-border-styling  avia-builder-el-1  el_after_av_fullscreen  avia-builder-el-last  avia-bg-style-scroll container_wrap fullsize'  ><div class='container av-section-cont-open' ><div class='template-page content  av-content-full alpha units'><div class='post-entry post-entry-type-page post-entry-6514'><div class='entry-content-wrapper clearfix'>\n\n<style type=\"text\/css\" data-created_by=\"avia_inline_auto\" id=\"style-css-av-9tz4-26c14c70028d90a54aefce07862c0d7e\">\n.flex_column.av-9tz4-26c14c70028d90a54aefce07862c0d7e{\nborder-radius:0px 0px 0px 0px;\npadding:0px 0px 0px 0px;\n}\n<\/style>\n<div  class='flex_column av-9tz4-26c14c70028d90a54aefce07862c0d7e av_one_fifth  avia-builder-el-2  el_before_av_three_fifth  avia-builder-el-first  first flex_column_div av-zero-column-padding'     ><\/div>\n<style type=\"text\/css\" data-created_by=\"avia_inline_auto\" id=\"style-css-av-5y3a-c3ba98e644c5ae5c87ca984f1618400f\">\n.flex_column.av-5y3a-c3ba98e644c5ae5c87ca984f1618400f{\nborder-radius:0px 0px 0px 0px;\npadding:0px 0px 0px 0px;\n}\n<\/style>\n<div  class='flex_column av-5y3a-c3ba98e644c5ae5c87ca984f1618400f av_three_fifth  avia-builder-el-3  el_after_av_one_fifth  el_before_av_one_fifth  flex_column_div av-zero-column-padding'     ><p>\n<style type=\"text\/css\" data-created_by=\"avia_inline_auto\" id=\"style-css-av-kjrjnv83-db0150b69486a15817a0557cc8e62443\">\n#top .av-special-heading.av-kjrjnv83-db0150b69486a15817a0557cc8e62443{\npadding-bottom:30px;\nfont-size:50px;\n}\nbody .av-special-heading.av-kjrjnv83-db0150b69486a15817a0557cc8e62443 .av-special-heading-tag .heading-char{\nfont-size:25px;\n}\n#top #wrap_all .av-special-heading.av-kjrjnv83-db0150b69486a15817a0557cc8e62443 .av-special-heading-tag{\nfont-size:50px;\n}\n.av-special-heading.av-kjrjnv83-db0150b69486a15817a0557cc8e62443 .av-subheading{\nfont-size:15px;\n}\n\n@media only screen and (min-width: 480px) and (max-width: 767px){ \n#top #wrap_all .av-special-heading.av-kjrjnv83-db0150b69486a15817a0557cc8e62443 .av-special-heading-tag{\nfont-size:0.8em;\n}\n}\n\n@media only screen and (max-width: 479px){ \n#top #wrap_all .av-special-heading.av-kjrjnv83-db0150b69486a15817a0557cc8e62443 .av-special-heading-tag{\nfont-size:0.8em;\n}\n}\n<\/style>\n<div  class='av-special-heading av-kjrjnv83-db0150b69486a15817a0557cc8e62443 av-special-heading-h1 blockquote modern-quote  avia-builder-el-4  el_before_av_textblock  avia-builder-el-first  av-inherit-size'><h1 class='av-special-heading-tag'  itemprop=\"headline\"  >\u015eampanya sanat\u0131<\/h1><div class=\"special-heading-border\"><div class=\"special-heading-inner-border\"><\/div><\/div><\/div><br \/>\n\n<style type=\"text\/css\" data-created_by=\"avia_inline_auto\" id=\"style-css-av-kj4bin1p-19cbf03350244018d7d4cfd1501789b0\">\n#top .av_textblock_section.av-kj4bin1p-19cbf03350244018d7d4cfd1501789b0 .avia_textblock{\nfont-size:18px;\n}\n<\/style>\n<section  class='av_textblock_section av-kj4bin1p-19cbf03350244018d7d4cfd1501789b0'   itemscope=\"itemscope\" itemtype=\"https:\/\/schema.org\/CreativeWork\" ><div class='avia_textblock'  itemprop=\"text\" ><p><strong><a href=\"https:\/\/champagner.com\/tr\/\">\u015eampanya<\/a><\/strong> \u015faraplar aras\u0131nda en iyi kaliteden daha fazlas\u0131n\u0131 temsil eder. Ger\u00e7ek keyfin yan\u0131 s\u0131ra \u015fampanya, kelimelere d\u00f6k\u00fclmesi zor, ancak neredeyse her zaman somut olan g\u00fc\u00e7l\u00fc bir aura da yarat\u0131r.<\/p>\n<p>\u0130ngilizcede b\u00f6yle s\u00f6ylenir:<\/p>\n<blockquote>\n<p><a href=\"https:\/\/champagner.com\/tr\/yerler-seyahat\/\">\u015eampanya<\/a> bir ruh hali yarat\u0131r, g\u00fc\u00e7l\u00fc bir ifade sunar ve neredeyse tahmin edilebilece\u011fi gibi deneyimi olumlu y\u00f6nde geli\u015ftirir! Sadece en iyi \u015farab\u0131 t\u00fcketmekle kalmad\u0131\u011f\u0131n\u0131z\u0131, ayn\u0131 zamanda harika bir ruhu da \u00e7a\u011f\u0131rd\u0131\u011f\u0131n\u0131z\u0131 bilin!<\/p>\n<\/blockquote>\n<p>Belle Epoque d\u00f6neminin ba\u015flar\u0131nda baz\u0131 \u00fcreticiler bu g\u00fc\u00e7l\u00fc olgunun, bu ruhun en iyi sanat yoluyla yakalanabilece\u011finin fark\u0131ndayd\u0131. Sadece d\u00f6nemin en iyi sanat\u00e7\u0131lar\u0131 ve grafik tasar\u0131mc\u0131lar\u0131, bu 'ruhu' sanatla ba\u011flant\u0131l\u0131 olarak somutla\u015ft\u0131rmakla g\u00f6revlendirilecek kadar iyiydi. <a href=\"https:\/\/champagner.com\/tr\/sampanya-eti%cc%87ketleri%cc%87\/\">\u015eampanya etiketleri<\/a>posterler, men\u00fcler ve kartpostallar.<\/p>\n<p>\u00d6rne\u011fin Delbeck \u015firketi Klimt, Muchas, Cappiello, Erg\u00e9, Gall\u00e9, Andreis, Chatin, Tristan Bernard ve Benjamin Rabier gibi d\u00f6nemin tan\u0131nm\u0131\u015f sanat\u00e7\u0131lar\u0131n\u0131 ba\u015far\u0131yla g\u00f6revlendirmi\u015ftir.<\/p>\n<p>Bu d\u00f6nemin sanatsal ba\u015far\u0131lar\u0131n\u0131n hem ba\u015far\u0131s\u0131 hem de kapsam\u0131 rakipsizdir. Belle Epoque d\u00f6nemine ait \u015fampanya afi\u015fleri t\u00fcm d\u00fcnyada dekoratif afi\u015f olarak hala \u00e7ok ra\u011fbet g\u00f6rmektedir.<\/p>\n<p>Bununla birlikte, \u015fampanya ve sanat aras\u0131ndaki do\u011fal ba\u011f bug\u00fcne kadar kopmam\u0131\u015ft\u0131r.<\/p>\n<h3>\u015eampanya sanat\u0131<\/h3>\n<p>Bug\u00fcn\u00fcn \u015fampanya sanat\u0131 <a href=\"https:\/\/champagner.com\/tr\/sampanya-evleri%cc%87\/\">\u015eampanya evleri<\/a> kabaca \u00fc\u00e7 alana ayr\u0131labilir:<\/p>\n<ul>\n<li>Ulusal sanat, yani sadece Fransa ve sanat\u00e7\u0131lar\u0131yla s\u0131n\u0131rl\u0131 olan sanat<\/li>\n<li>Uluslararas\u0131 sanat, yani d\u00fcnyan\u0131n d\u00f6rt bir yan\u0131ndaki sanat\u00e7\u0131lar\u0131 \u015fampanyan\u0131n \u0131\u015f\u0131\u011f\u0131na koyan sanat<\/li>\n<li>Tasar\u0131m sanat\u0131 veya Yeni Sanat. Bu, genellikle k\u0131\u015fk\u0131rt\u0131c\u0131, bazen de sald\u0131rgan bir sanat t\u00fcr\u00fcn\u00fc ifade eder. Bu t\u00fcr \u015fampanya sanat\u0131, art\u0131k Belle Epoque d\u00f6nemine herhangi bir at\u0131fta bulunmayan \u015feyleri i\u00e7erir<\/li>\n<\/ul>\n<p>Ulusal \u015fampanya sanat\u0131n\u0131n bir \u00f6rne\u011fi, Bruno Pillard'\u0131n \u015fampanya etiketlerinin Frans\u0131z sanat\u00e7\u0131lar taraf\u0131ndan tasarland\u0131\u011f\u0131 ve yarat\u0131ld\u0131\u011f\u0131 \u015fi\u015felerdir.<\/p>\n<p>\u015eimdiye kadar, Fransa'da ya\u015fayan ve \u00e7al\u0131\u015fan sanat\u00e7\u0131lar taraf\u0131ndan on iki \u015fi\u015fe ger\u00e7ekle\u015ftirildi. Bu \u015fi\u015felerin \u00f6zelli\u011fi, her sanat\u00e7\u0131n\u0131n farkl\u0131 bir \u00e7e\u015fidi ya da farkl\u0131 bir y\u0131l\u0131 onurland\u0131rm\u0131\u015f olmas\u0131d\u0131r.<\/p>\n<p>Taittinger'nin s\u00f6zde Koleksiyon \u015fi\u015feleri, \u015fampanya ile ilgili uluslararas\u0131 sanat\u0131n en iyi \u00f6rneklerindendir.<br \/>\nTaittinger koleksiyon \u015fi\u015feleri, 1978'den beri iyi bir \u015fampanya y\u0131l\u0131nda \u00fcretilen \u015fampanya \u015fi\u015feleridir.<br \/>\nBu \u015fi\u015feleri \u00f6zel k\u0131lan \u015fey ise her birinin farkl\u0131 bir sanat\u00e7\u0131 taraf\u0131ndan tasarlanm\u0131\u015f olmas\u0131. 1983 y\u0131l\u0131ndan bu yana, uluslararas\u0131 \u00fcne sahip dokuz sanat\u00e7\u0131n\u0131n her biri Claude Taittinger ad\u0131na bir \u015fi\u015fe tasarlam\u0131\u015ft\u0131r.<\/p>\n<p>\u0130lk alt\u0131 \u015fi\u015fe VASARELY (Mills\u00e9sime 1978), ARMAN (Mills\u00e9sime 1981), MASSON (Mills\u00e9sime 1982), VIEIRA DA SILVA (Mills\u00e9sime 1983), LICHTENSTEIN (Mills\u00e9sime 1985) ve HARTUNG (Mills\u00e9sime 1986) taraf\u0131ndan tasarlanm\u0131\u015ft\u0131r. Bunlar sadece \u00e7ok \u015fansl\u0131 m\u00fczayedelerde bulunabilir.<br \/>\nNeyse ki sanat\u00e7\u0131lar Ima\u00cf, Corneille ve Matta'n\u0131n son \u00fc\u00e7 \u015fi\u015fesi hala sat\u0131\u015fta.<\/p>\n<p>Tasar\u0131m \u015fampanya sanat\u0131 dedi\u011fimiz konuda iyi bir \u00f6rnek Veuve Cliquot'dan geldi.<br \/>\nMillinnium olarak adland\u0131r\u0131lan d\u00f6nem i\u00e7in, 1999'dan <a href=\"https:\/\/champagner.com\/tr\/yillar\/\">2000<\/a>Veuve Cliquot taraf\u0131ndan La Grande Dame'\u0131n \u00f6zel bir versiyonu piyasaya s\u00fcr\u00fcld\u00fc.<br \/>\nBu ama\u00e7la sanat\u00e7\u0131 Elisabeth Rubin, 1,5 ya da 3 litrelik bir \u015fi\u015feyi ta\u015f\u0131yabilecek akrilik camdan bir k\u0131l\u0131f tasarlad\u0131. Bu k\u0131l\u0131fta \u015fi\u015fe iki deri kay\u0131\u015fa tutturulmu\u015ftur.<\/p>\n<p><strong>Son olarak, \u00fc\u00e7 kategoriden birine kolayca s\u0131\u011fmayan bir \u00f6rnek<\/strong><\/p>\n<p>Piper-Heidsieck'nin evinden Frans\u0131z moda tasar\u0131mc\u0131s\u0131 Jean-Paul Gaultier taraf\u0131ndan tasarlanm\u0131\u015f bir \u015fi\u015fe geliyor.<br \/>\nBu, k\u0131rm\u0131z\u0131 bir korse giydirilmi\u015f bir \u015fi\u015feydi. \u015ei\u015fe ve etraf\u0131ndaki giysiler elbette yarat\u0131c\u0131s\u0131 taraf\u0131ndan imzalanm\u0131\u015ft\u0131r ve \u015fi\u015fe g\u00fczel bir akrilik cam ambalaj i\u00e7inde gelmektedir.<\/p>\n<div id=\"attachment_7576\" style=\"width: 350px\" class=\"wp-caption aligncenter\"><img loading=\"lazy\" decoding=\"async\" aria-describedby=\"caption-attachment-7576\" class=\"wp-image-7576 size-full\" title=\"Jean-Paul Gaultier &amp; Piper-Heidsieck \u015eampanya\" src=\"https:\/\/champagner.com\/wp-content\/uploads\/2024\/07\/Jean-Paul-Gaultier-Piper-Heidsieck.webp\" alt=\"Jean-Paul Gaultier &amp; Piper-Heidsieck \u015eampanya\" width=\"340\" height=\"270\" srcset=\"https:\/\/champagner.com\/wp-content\/uploads\/2024\/07\/Jean-Paul-Gaultier-Piper-Heidsieck.webp 340w, https:\/\/champagner.com\/wp-content\/uploads\/2024\/07\/Jean-Paul-Gaultier-Piper-Heidsieck-300x238.webp 300w, https:\/\/champagner.com\/wp-content\/uploads\/2024\/07\/Jean-Paul-Gaultier-Piper-Heidsieck-15x12.webp 15w\" sizes=\"auto, (max-width: 340px) 100vw, 340px\" \/><p id=\"caption-attachment-7576\" class=\"wp-caption-text\">Jean-Paul Gaultier &amp; Piper-Heidsieck \u015eampanya<\/p><\/div>\n<p>G\u00f6rd\u00fc\u011f\u00fcn\u00fcz gibi, \u015fampanya sanat\u0131 konusu \u00e7ok y\u00f6nl\u00fcd\u00fcr ve sabit bir \u00e7ekmecede kategorize edilemez.<\/p>\n<\/div><\/section><\/p><\/div>\n<style type=\"text\/css\" data-created_by=\"avia_inline_auto\" id=\"style-css-av-7vz4-e2ecb25e9168201a3fd1fa7a9982a872\">\n.flex_column.av-7vz4-e2ecb25e9168201a3fd1fa7a9982a872{\nborder-radius:0px 0px 0px 0px;\npadding:0px 0px 0px 0px;\n}\n<\/style>\n<div  class='flex_column av-7vz4-e2ecb25e9168201a3fd1fa7a9982a872 av_one_fifth  avia-builder-el-6  el_after_av_three_fifth  avia-builder-el-last  flex_column_div av-zero-column-padding'     ><\/div>","protected":false},"excerpt":{"rendered":"","protected":false},"author":1,"featured_media":4712,"parent":0,"menu_order":0,"comment_status":"closed","ping_status":"closed","template":"","meta":{"footnotes":""},"class_list":["post-6514","page","type-page","status-publish","has-post-thumbnail","hentry"],"_links":{"self":[{"href":"https:\/\/champagner.com\/tr\/wp-json\/wp\/v2\/pages\/6514","targetHints":{"allow":["GET"]}}],"collection":[{"href":"https:\/\/champagner.com\/tr\/wp-json\/wp\/v2\/pages"}],"about":[{"href":"https:\/\/champagner.com\/tr\/wp-json\/wp\/v2\/types\/page"}],"author":[{"embeddable":true,"href":"https:\/\/champagner.com\/tr\/wp-json\/wp\/v2\/users\/1"}],"replies":[{"embeddable":true,"href":"https:\/\/champagner.com\/tr\/wp-json\/wp\/v2\/comments?post=6514"}],"version-history":[{"count":0,"href":"https:\/\/champagner.com\/tr\/wp-json\/wp\/v2\/pages\/6514\/revisions"}],"wp:featuredmedia":[{"embeddable":true,"href":"https:\/\/champagner.com\/tr\/wp-json\/wp\/v2\/media\/4712"}],"wp:attachment":[{"href":"https:\/\/champagner.com\/tr\/wp-json\/wp\/v2\/media?parent=6514"}],"curies":[{"name":"wp","href":"https:\/\/api.w.org\/{rel}","templated":true}]}}