{"id":6522,"date":"2022-05-05T13:43:43","date_gmt":"2022-05-05T13:43:43","guid":{"rendered":"https:\/\/champagner.com\/?page_id=6522"},"modified":"2024-07-26T02:15:15","modified_gmt":"2024-07-26T02:15:15","slug":"sampanya-servi%cc%87si%cc%87","status":"publish","type":"page","link":"https:\/\/champagner.com\/tr\/sampanya-servi%cc%87si%cc%87\/","title":{"rendered":"\u015eampanya servisi"},"content":{"rendered":"<div   class='avia-fullscreen-slider main_color   avia-builder-el-0  el_before_av_section  avia-builder-el-first  container_wrap fullsize'  ><div  class='avia-slideshow av-kjripr6g-74ffc6525b251b8b733cc3ef032d902d avia-slideshow-extra_large av_fullscreen avia-slide-slider av-slideshow-ui av-control-default av-slideshow-manual av-loop-once av-loop-manual-endless av-default-height-applied   avia-slideshow-1' data-slideshow-options=\"{&quot;animation&quot;:&quot;slide&quot;,&quot;autoplay&quot;:false,&quot;loop_autoplay&quot;:&quot;once&quot;,&quot;interval&quot;:5,&quot;loop_manual&quot;:&quot;manual-endless&quot;,&quot;autoplay_stopper&quot;:false,&quot;noNavigation&quot;:false,&quot;bg_slider&quot;:true,&quot;keep_padding&quot;:false,&quot;hoverpause&quot;:false,&quot;show_slide_delay&quot;:0,&quot;slide_height&quot;:&quot;100&quot;,&quot;image_attachment&quot;:&quot;&quot;}\"  itemprop=\"image\" itemscope=\"itemscope\" itemtype=\"https:\/\/schema.org\/ImageObject\" ><ul class='avia-slideshow-inner' style='padding-bottom: 90.175438596491%;'><li style='background-position:center center;' data-img-url='https:\/\/champagner.com\/wp-content\/uploads\/2018\/05\/canard-duchene-champagner-pinot-noir.jpg' class='avia-slideshow-slide av-kjripr6g-74ffc6525b251b8b733cc3ef032d902d__0  av-single-slide slide-1 slide-odd'><div data-rel='slideshow-1' class='avia-slide-wrap'  title='Canard-Duch\u00eane \u015eampanya Pinot noir' ><\/div><\/li><\/ul><\/div><\/div>\n<div id='av_section_1'  class='avia-section av-9qys-7fbec837cc9414b56951d589a49fa01e main_color avia-section-default avia-no-border-styling  avia-builder-el-1  el_after_av_fullscreen  avia-builder-el-last  avia-bg-style-scroll container_wrap fullsize'  ><div class='container av-section-cont-open' ><div class='template-page content  av-content-full alpha units'><div class='post-entry post-entry-type-page post-entry-6522'><div class='entry-content-wrapper clearfix'>\n\n<style type=\"text\/css\" data-created_by=\"avia_inline_auto\" id=\"style-css-av-9tz4-26c14c70028d90a54aefce07862c0d7e\">\n.flex_column.av-9tz4-26c14c70028d90a54aefce07862c0d7e{\nborder-radius:0px 0px 0px 0px;\npadding:0px 0px 0px 0px;\n}\n<\/style>\n<div  class='flex_column av-9tz4-26c14c70028d90a54aefce07862c0d7e av_one_fifth  avia-builder-el-2  el_before_av_three_fifth  avia-builder-el-first  first flex_column_div av-zero-column-padding'     ><\/div>\n<style type=\"text\/css\" data-created_by=\"avia_inline_auto\" id=\"style-css-av-5y3a-c3ba98e644c5ae5c87ca984f1618400f\">\n.flex_column.av-5y3a-c3ba98e644c5ae5c87ca984f1618400f{\nborder-radius:0px 0px 0px 0px;\npadding:0px 0px 0px 0px;\n}\n<\/style>\n<div  class='flex_column av-5y3a-c3ba98e644c5ae5c87ca984f1618400f av_three_fifth  avia-builder-el-3  el_after_av_one_fifth  el_before_av_one_fifth  flex_column_div av-zero-column-padding'     ><p>\n<style type=\"text\/css\" data-created_by=\"avia_inline_auto\" id=\"style-css-av-kjrjnv83-2347b27839fbcc8b88e8194bf01ccca4\">\n#top .av-special-heading.av-kjrjnv83-2347b27839fbcc8b88e8194bf01ccca4{\npadding-bottom:30px;\nfont-size:50px;\n}\nbody .av-special-heading.av-kjrjnv83-2347b27839fbcc8b88e8194bf01ccca4 .av-special-heading-tag .heading-char{\nfont-size:25px;\n}\n#top #wrap_all .av-special-heading.av-kjrjnv83-2347b27839fbcc8b88e8194bf01ccca4 .av-special-heading-tag{\nfont-size:50px;\n}\n.av-special-heading.av-kjrjnv83-2347b27839fbcc8b88e8194bf01ccca4 .av-subheading{\nfont-size:15px;\n}\n\n@media only screen and (min-width: 480px) and (max-width: 767px){ \n#top #wrap_all .av-special-heading.av-kjrjnv83-2347b27839fbcc8b88e8194bf01ccca4 .av-special-heading-tag{\nfont-size:0.8em;\n}\n}\n\n@media only screen and (max-width: 479px){ \n#top #wrap_all .av-special-heading.av-kjrjnv83-2347b27839fbcc8b88e8194bf01ccca4 .av-special-heading-tag{\nfont-size:0.8em;\n}\n}\n<\/style>\n<div  class='av-special-heading av-kjrjnv83-2347b27839fbcc8b88e8194bf01ccca4 av-special-heading-h1 blockquote modern-quote  avia-builder-el-4  el_before_av_textblock  avia-builder-el-first  av-inherit-size'><h1 class='av-special-heading-tag'  itemprop=\"headline\"  >\u015eampanya servisi<\/h1><div class=\"special-heading-border\"><div class=\"special-heading-inner-border\"><\/div><\/div><\/div><br \/>\n\n<style type=\"text\/css\" data-created_by=\"avia_inline_auto\" id=\"style-css-av-kj4bin1p-07a9ad7eee89eb6f83c5a5be01d6504d\">\n#top .av_textblock_section.av-kj4bin1p-07a9ad7eee89eb6f83c5a5be01d6504d .avia_textblock{\nfont-size:18px;\ntext-align:left;\n}\n<\/style>\n<section  class='av_textblock_section av-kj4bin1p-07a9ad7eee89eb6f83c5a5be01d6504d'   itemscope=\"itemscope\" itemtype=\"https:\/\/schema.org\/CreativeWork\" ><div class='avia_textblock'  itemprop=\"text\" ><h2>\u015eampanya servisi i\u00e7in do\u011fru bardak<\/h2>\n<p><strong>Coupe (Tazza)<\/strong><\/p>\n<p>Ba\u015fka hi\u00e7bir bardak \u00fcnl\u00fc 'coupe' kadar romantik efsanelere sahip olamaz. Y\u00fczy\u0131llar s\u00fcren gelenekten sonra <a href=\"https:\/\/champagner.com\/tr\/\">\u015eampanya<\/a> ve coupe kadehler neredeyse birbirinden ayr\u0131lamaz. Bununla birlikte, efsanevi coupe'yi \u00e7evreleyen muhte\u015fem anekdotlar, bi\u00e7im ve i\u015flev a\u00e7\u0131s\u0131ndan \u015fampanya i\u00e7in tamamen uygun olmad\u0131\u011f\u0131 ger\u00e7e\u011fini gizlemez. Geni\u015f kadehi avucunuzun i\u00e7inde tutmak bile \u015fampanyay\u0131 \u00e7ok \u00e7abuk \u0131s\u0131t\u0131yor. Bunun da \u00f6tesinde, kase geni\u015ftir, b\u00f6ylece burun ka\u00e7\u0131n\u0131lmaz olarak de\u011ferli buket maddelerini kaybeder. Kabarc\u0131klar\u0131n g\u00f6r\u00fcn\u00fcm\u00fc de bozulur. Bununla birlikte, klasik bir \u015fampanya piramidi olu\u015fturmak istiyorsan\u0131z, coupe barda\u011f\u0131 \u015fampanya servisi i\u00e7in idealdir.<\/p>\n<p><strong>Fl\u00fct (fl\u00fbte, \u015fampanya fl\u00fct\u00fc)<\/strong><\/p>\n<p>Zarif fl\u00fct, \u015fampanyan\u0131n renginin, buketinin ve kabarc\u0131klar\u0131n\u0131n etkileyici bir \u015fekilde vurguland\u0131\u011f\u0131 uzun, ince \u015fekliyle karakterize edilir.<\/p>\n<p><strong>Lale<\/strong><\/p>\n<p>Lale barda\u011f\u0131, uzmanlar taraf\u0131ndan fl\u00fctten \u00e7ok daha \u00fcst\u00fcn kabul edilen hem zarif hem de i\u015flevsel bir \u015fekil sunar:<\/p>\n<ul>\n<li>Kesiksiz veya s\u00fcslemesiz bir lale cam\u0131 ile incilerin en iyi \u015fekilde g\u00f6r\u00fcnt\u00fclenmesinin \u00f6n\u00fcnde hi\u00e7bir engel kalmaz<\/li>\n<li>Lalenin tasar\u0131m\u0131, boyutlar\u0131 a\u00e7\u0131s\u0131ndan uyumlu bir \u015fekilde dengelenmi\u015ftir (\u015fampanya fl\u00fct\u00fcn\u00fcn konik \u015feklinin aksine)<br \/>\nBarda\u011f\u0131n kenar\u0131n\u0131n \u00e7ap\u0131, hem g\u00f6z\u00fcn hem de burnun birbirinden ba\u011f\u0131ms\u0131z olarak tad\u0131n\u0131 \u00e7\u0131karabilece\u011fi \u015fekilde tasarlanm\u0131\u015ft\u0131r (bir coupe'den farkl\u0131 olarak)<\/li>\n<li>\u0130\u00e7e do\u011fru hafif bir kavis, y\u00fckselen ince buket maddelerini barda\u011f\u0131n \u00fcst kenar\u0131nda toplar<\/li>\n<\/ul>\n<p>Spiegelau 'Grand Palais' serisinden (a\u011f\u0131zdan \u00fcfleme) ideal bir lale barda\u011f\u0131n\u0131n g\u00fczel bir \u00f6rne\u011fi.<\/p>\n<p>En uygun <a href=\"https:\/\/champagner.com\/tr\/soezluek-2\/sampanya-kadehleri\/\">\u015eampanya i\u00e7in bardaklar<\/a> (ve di\u011fer k\u00f6p\u00fckl\u00fc \u015faraplar) bu nedenle ya fl\u00fct bardaklar\u0131 ya da lale bardaklar\u0131d\u0131r. E\u015fle\u015fen bardaklardan olu\u015fan g\u00fczel bir se\u00e7kiyi al\u0131\u015fveri\u015f alan\u0131nda g\u00f6rebilirsiniz.<\/p>\n<p><strong>Di\u011fer ipu\u00e7lar\u0131<\/strong><\/p>\n<ol>\n<li>Bardaktaki sabun kal\u0131nt\u0131lar\u0131 \u015fampanyay\u0131 gev\u015fetir ve ayr\u0131ca a\u011f\u0131zda ho\u015f olmayan bir tat b\u0131rak\u0131r. (Bu nedenle: bardaklar\u0131 temiz s\u0131cak suyla iyice durulad\u0131\u011f\u0131n\u0131zdan emin olun!) Kurutmak i\u00e7in kullan\u0131lan bezde de herhangi bir kal\u0131nt\u0131 (sabun ve hatta ya\u011f gibi) olmamal\u0131d\u0131r.<\/li>\n<li>\u015eampanya ile asla so\u011fuk bardak servis etmeyin! \u00d6l\u00fcmc\u00fcl g\u00fcnah!<\/li>\n<li>'\u015eampanya \u00e7\u0131rp\u0131c\u0131lar\u0131' veya '\u015fampanya \u00e7\u0131rp\u0131c\u0131lar\u0131' gibi zalim aletler tamamen yersizdir. Ho\u015f olmayan, \u00e7\u0131nlayan sesleriyle bu k\u00fc\u00e7\u00fck \u015feyler, y\u0131llar boyunca yarat\u0131lanlar\u0131 saniyeler i\u00e7inde yok eder: de\u011ferli incileri!<\/li>\n<li>Bir konu\u011fun \u015fampanya kadehini ta\u015f\u0131man\u0131z gerekiyorsa, kadeh itilmemeli, sap\u0131ndan kald\u0131r\u0131lmal\u0131 ve istenen yere yerle\u015ftirilmelidir. Bu daha g\u00fcvenlidir ve ayr\u0131ca barda\u011f\u0131n kadeh k\u0131sm\u0131nda parmak izi kalmas\u0131n\u0131 \u00f6nler.<\/li>\n<li>Bir ev sahibi haz\u0131rl\u0131kl\u0131 olmal\u0131d\u0131r! \u015eampanya servisi yap\u0131l\u0131rken bardaklar masaya devrilir veya yere d\u00fc\u015fer (asla yakalamaya \u00e7al\u0131\u015fmay\u0131n!).<br \/>\nBu t\u00fcr (\u00f6ng\u00f6r\u00fclebilir) k\u00fc\u00e7\u00fck bir kaza meydana gelirse, durum derhal, dost\u00e7a ve profesyonel bir \u015fekilde d\u00fczeltilmeli ve bardak derhal de\u011fi\u015ftirilmeli ve yeniden doldurulmal\u0131d\u0131r. Cam k\u0131r\u0131klar\u0131ndan korunmak i\u00e7in eldivenler, s\u00fcnger, bez, s\u00fcp\u00fcrge... misafirler gelmeden \u00f6nce haz\u0131r olmal\u0131d\u0131r!<\/li>\n<\/ol>\n<p>\u015eampanya servis ederken kadeh kadar \u00f6nemli olan bir di\u011fer husus da s\u0131cakl\u0131kt\u0131r. \u0130deal s\u0131cakl\u0131k 8\u00b0C'dir, vintage \u015fampanya 11\u00b0C'ye kadar servis edilebilir. E\u011fer <a href=\"https:\/\/champagner.com\/tr\/soezluek-2\/sampanya-koekenli%cc%87\/\">K\u00f6p\u00fckl\u00fc \u015farap<\/a> daha s\u0131cakt\u0131r, \u015fi\u015fe a\u00e7\u0131ld\u0131\u011f\u0131nda k\u00f6p\u00fck patlayarak d\u0131\u015far\u0131 \u00e7\u0131kar ve bardak yerine k\u0131yafetlere ve mobilyalara d\u00fc\u015fer. Ayr\u0131ca, mantarlar\u0131 patlatmak ve hatta patlatmak sadece araba s\u00fcr\u00fcc\u00fcleri ve bisikletlilere b\u0131rak\u0131lmal\u0131d\u0131r; bu k\u00f6t\u00fc al\u0131\u015fkanl\u0131k bir yemek odas\u0131na veya Salon'ye ait de\u011fildir.<\/p>\n<p>\u015eampanya ayr\u0131ca konuklar gelmeden \u00f6nce saatlerce buz dolu bir kovada 'y\u00fczmemelidir', \u00e7\u00fcnk\u00fc k\u00f6t\u00fc bir 's\u0131cakl\u0131k \u015fokuna' maruz kalabilir. Buzdolab\u0131n\u0131zda biraz \u00f6n so\u011futma yapt\u0131ktan sonra, \u015fampanya kovas\u0131n\u0131n buzlu suyunda (50\/50 kar\u0131\u015f\u0131m) yakla\u015f\u0131k 20 ila 30 dakika ideal s\u0131cakl\u0131\u011f\u0131 sa\u011flayacakt\u0131r.<\/p>\n<p><strong>Coupe (Tazza)<\/strong><br \/>\nBaz\u0131 \u015fampanyal\u0131 i\u00e7ecekler, karides kokteylleri ve dondurma i\u00e7in idealdir, ancak \u015fampanya i\u00e7in de\u011fil.<\/p>\n<p><strong>Fl\u00fct<\/strong><br \/>\nZarif ve i\u015flevsel!<\/p>\n<p><strong>Kristal<\/strong><br \/>\nDo\u011fal k\u00fc\u00e7\u00fck kusurlar (moussier noktalar\u0131) genellikle kristal camda boncuklanmay\u0131 te\u015fvik eder. \u015eampanya i\u00e7in (di\u011fer \u015feylerin yan\u0131 s\u0131ra) zarif bir \u00e7\u00f6z\u00fcm.<\/p>\n<p><strong>Laleler<\/strong><br \/>\nLale bardaklar\u0131 hem \u015fampanya hem de uzmanlar i\u00e7in bir\u00e7ok avantaj sunuyor!<\/p>\n<p>Y\u00fcksek (ve i\u00e7i bo\u015f) s\u00fctunlu zarif fl\u00fct. Ayn\u0131 zamanda \u00e7ekici bir inci \u00e7al\u0131m\u0131 yapmas\u0131na ra\u011fmen, \u00e7ok k\u0131r\u0131lgand\u0131r ve temizlenmesi zordur!<br \/>\n\u015e\u0131k mavi lale barda\u011f\u0131. \u015eampanyan\u0131n renginin yan\u0131 s\u0131ra kabarc\u0131klar\u0131 da g\u00f6rsel olarak \u00f6nemli \u00f6l\u00e7\u00fcde azalt\u0131lm\u0131\u015ft\u0131r.<\/p>\n<p><strong>\u015eampanya su ile servis edilirken yap\u0131lan test \u00e7al\u0131\u015fmas\u0131<\/strong><\/p>\n<p>Kendi \u015fampanya kadehlerinizi biraz tan\u0131maktan veya pratikte kapasitelerini bilmekten asla zarar gelmez. B\u00fcy\u00fck standart \u015fampanya \u015fi\u015feleri, \u00f6zellikle geleneksel \u015farap \u015fi\u015felerinden \u00e7ok daha a\u011f\u0131r olduklar\u0131, genellikle biraz daha y\u00fcksek olduklar\u0131 ve bazen \u00f6zellikle opak olduklar\u0131 i\u00e7in, acemileri biraz daha fazla hacme sahip olduklar\u0131 konusunda g\u00f6rsel olarak aldat\u0131r. Elbette, \u00f6rne\u011fin 750 ml'lik ince bir Bordeaux \u015fi\u015fesinden daha fazla \u015farap i\u00e7ermezler.<\/p>\n<p>K\u00fc\u00e7\u00fck bir test \u00e7al\u0131\u015fmas\u0131:<br \/>\nBo\u015f bir \u015fampanya \u015fi\u015fesini (veya gerekirse 750 ml'lik herhangi bir 'normal \u015fi\u015feyi') suyla doldurun ve \u00f6rne\u011fin alt\u0131 <a href=\"https:\/\/champagner.com\/tr\/soezluek-2\/sampanya-kadehleri\/\">\u015eampanya kadehleri<\/a> \u0130ki ya da \u00fc\u00e7 a\u015famada e\u015fit ve s\u0131ral\u0131 olarak doldurun. Bunu ilk kez denedi\u011finizde, ger\u00e7ekte oldu\u011fundan daha kolay g\u00f6r\u00fcnd\u00fc\u011f\u00fcn\u00fc hemen fark edeceksiniz.<\/p>\n<p>Bu bardak boyutuyla \u015fampanya \u015fi\u015fesi zaten bo\u015ftur. Bu nedenle, g\u00fczel lale bardaklar\u0131 ile ba\u015fparma\u011f\u0131n\u0131z\u0131n \u00fczerinde<br \/>\nNormal bir \u015fi\u015fe (750 ml) i\u00e7in alt\u0131 bardak, magnum \u015fi\u015fe (1,5 litre) i\u00e7in 12 bardak ve jeroboam \u015fi\u015fe (3 litre) i\u00e7in 24 bardak bekleyin (ayr\u0131ca bkz. \u015ei\u015feler).<\/p>\n<p>Sa\u011fdaki bardak yukar\u0131daki \u00f6rne\u011fe aittir. Solda, sa\u011fdaki bardakla ayn\u0131 i\u00e7eri\u011fe sahip biraz daha k\u00fc\u00e7\u00fck iki \u015fampanya barda\u011f\u0131 var. G\u00f6r\u00fcn\u00fc\u015fe g\u00f6re sadece biraz daha k\u00fc\u00e7\u00fck bir boyut fark\u0131yla, \u015fimdi ayn\u0131 \u015fampanya \u015fi\u015fesiyle dokuz barda\u011f\u0131 (alt\u0131 yerine) d\u00fczg\u00fcn bir \u015fekilde doldurabilirsiniz.<\/p>\n<h2>\u015eampanya servisi ve do\u011fru \u015fekilde a\u00e7ma<\/h2>\n<p>Bir \u015fampanyan\u0131n profesyonelce a\u00e7\u0131lmas\u0131 bir t\u00f6ren gibidir. Sizin g\u00f6zetiminiz alt\u0131nda, bu asil i\u00e7kinin ta\u00e7land\u0131r\u0131ld\u0131\u011f\u0131 and\u0131r.<\/p>\n<p>Dikkat edin! \u015eampanya ciddi bir bas\u0131n\u00e7 alt\u0131ndad\u0131r. U\u00e7an bir mantar k\u0131r\u0131lmalara neden olabilir ve hatta bir konu\u011fun g\u00f6z\u00fcne mal olabilir!<\/p>\n<ol>\n<li>Tabii ki \u00f6nce \u015fampanyay\u0131 kovadan \u00e7\u0131kar\u0131n ve \u015fi\u015feyi bir pe\u00e7eteyle dikkatlice kurulay\u0131n.<\/li>\n<li>Daha sonra misafire sunulur. L\u00fctfen etiketin pe\u00e7ete taraf\u0131ndan kapat\u0131lmad\u0131\u011f\u0131ndan emin olun.<\/li>\n<li>Ard\u0131ndan \u015fi\u015feyi sol elinizle belli bir a\u00e7\u0131yla tutun (yakla\u015f\u0131k 45 derece) ve sa\u011f elinizle tel sepetin halkas\u0131n\u0131 dikkatlice a\u00e7\u0131n. Kalay folyo kapa\u011fa gereksiz yere zarar vermeyin. Bu i\u015flem s\u0131ras\u0131nda mantar\u0131n ba\u015f\u0131n\u0131zdan uza\u011fa bakt\u0131\u011f\u0131ndan kesinlikle emin olun.<\/li>\n<li>Tel sepeti dikkatlice geni\u015fletin ve kalay folyo kapakla birlikte \u00e7\u0131kar\u0131n. Mantar\u0131n halihaz\u0131rda y\u00fcz\u00fcyor olmas\u0131 m\u00fcmk\u00fcnd\u00fcr. Bu durumda, mantar\u0131 tel sepet ve kalay folyo kapakla birlikte yava\u015f\u00e7a ve dikkatlice \u00e7\u0131kar\u0131n.<\/li>\n<li>Mantar\u0131 sol elinizle s\u0131k\u0131ca kavray\u0131n, ayn\u0131 anda sa\u011f elinizle \u015fi\u015feyi \u00e7evirin ve mantar\u0131 \u00e7\u0131kar\u0131n (ba\u015fparma\u011f\u0131n\u0131z mantar\u0131n \u00fczerinde!). \u015eampanyan\u0131n sadece hafif bir i\u00e7 \u00e7eki\u015fi duyulmal\u0131d\u0131r (y\u00fcksek bir 'patlama' yerine).<br \/>\nKulak ne kazan\u0131rsa, damak sonradan onu kaybeder! Bir 'pop' sessiz bir aceminin i\u015faretidir ve iyi bir \u015fampanyan\u0131n y\u00fcksek standard\u0131na kar\u015f\u0131l\u0131k gelmez. Mantar ma\u015fas\u0131 en iyi ihtimalle sadece mantar\u0131n al\u0131\u015f\u0131lmad\u0131k derecede s\u0131k\u0131 oldu\u011fu \u00e7ok nadir acil durumlar i\u00e7in tasarlanm\u0131\u015ft\u0131r. Mantar ba\u015f\u0131 beklenmedik bir \u015fekilde k\u0131r\u0131l\u0131rsa (bu da \u00e7ok nadirdir), \u015fi\u015fenin a\u011fz\u0131ndan bir b\u0131\u00e7akla kesin ve mantar\u0131n geri kalan\u0131n\u0131 bir tirbu\u015fonla dikkatlice boynundan d\u0131\u015far\u0131 \u00e7ekin.<\/li>\n<li>Mantar\u0131 belli belirsiz ve dikkat \u00e7ekmeden (kendi) burnunuzdan ge\u00e7irerek \u00fczerinde k\u00f6t\u00fc bir koku olmad\u0131\u011f\u0131ndan emin olun. Ayr\u0131ca \u015fi\u015fenin a\u011fz\u0131nda herhangi bir kal\u0131nt\u0131 olup olmad\u0131\u011f\u0131n\u0131 g\u00f6rmek i\u00e7in h\u0131zl\u0131ca bir g\u00f6z atman\u0131z da tavsiye edilir (varsa, mantar\u0131n alt taraf\u0131n\u0131 veya pe\u00e7eteyi kullanarak \u00e7\u0131kar\u0131n). Ard\u0131ndan mantar\u0131 onur konu\u011funun yak\u0131n\u0131na yerle\u015ftirin. Bu jest \u00e7ok eskidir. Ev sahibi (ya da ev sahibesi) onur konu\u011funa mantardaki i\u015faretlerin servis edilen \u015farapla uyumlu oldu\u011fundan emin olma f\u0131rsat\u0131 sunar. Bu, onur konu\u011funun \u00f6n\u00fcnde yeni a\u00e7\u0131lm\u0131\u015f bir \u015fampanya i\u00e7in sa\u00e7ma g\u00f6r\u00fcnebilir, ancak \u00f6zellikle bir \u015fampanya mantar\u0131n\u0131n alt k\u0131sm\u0131ndaki \u015fekli, bu \u015fampanyan\u0131n uzun s\u00fcre saklan\u0131p saklanmad\u0131\u011f\u0131n\u0131 veya daha 'gen\u00e7' olup olmad\u0131\u011f\u0131n\u0131 ortaya \u00e7\u0131kard\u0131\u011f\u0131 i\u00e7in s\u00fcrecin bir par\u00e7as\u0131d\u0131r (ayr\u0131ca bkz. mantar). Onur konu\u011fu mantar\u0131 'koklamaz'. D\u00f6kerken \u015fi\u015fenin boynu barda\u011fa de\u011fmemelidir.<\/li>\n<li>\u015eampanya servisi rit\u00fceli her zaman onur konu\u011fu ile ba\u015flar (e\u011fer varsa). Onur konu\u011funun tatmas\u0131 i\u00e7in bir miktar \u015fampanya d\u00f6k\u00fcl\u00fcr (sadece bir veya en fazla iki yudum alacak kadar) ve geri \u00e7ekilir. Onur konu\u011fu kadehindeki \u015farab\u0131n rengini ve aromas\u0131n\u0131 kontrol eder ve ard\u0131ndan bir tat testi yapar. Ev sahibi dikkatle onun onay\u0131n\u0131 bekler (belki s\u00f6zl\u00fc olarak, belki de sadece ba\u015f\u0131n\u0131 sallayarak).<\/li>\n<li>Ard\u0131ndan bardaklar\u0131 yava\u015f yava\u015f doldurun (\u00f6rne\u011fin iki veya \u00fc\u00e7 kez) (D\u00fcnyada farkl\u0131 servis d\u00fczeni sistemleri vard\u0131r (a\u015fa\u011f\u0131daki \u00f6rneklere bak\u0131n).<\/li>\n<li>Oda s\u0131cakl\u0131\u011f\u0131na ba\u011fl\u0131 olarak \u015fampanya farkl\u0131 \u015fekilde k\u00f6p\u00fcrebilir. Sonu\u00e7 olarak, bardaklar 2\/3'ten fazla dolu olmamal\u0131d\u0131r. Bardakta \u00e7ok fazla \u015fampanya olmas\u0131ndansa daha az olmas\u0131 daha iyidir, b\u00f6ylece bukenin geli\u015fmesi i\u00e7in yeterli alan kal\u0131r.<\/li>\n<li>D\u00f6kt\u00fckten sonra \u015fi\u015feyi dikkatlice kovaya geri koyun.<br \/>\nAyr\u0131ca bak\u0131n\u0131z: B\u00fcy\u00fck \u015fi\u015felerden korkmay\u0131n!<\/li>\n<li>...ve mantar?<\/li>\n<\/ol>\n<h2>\u015eampanya servis ederken u\u011furlu bir t\u0131ls\u0131m olarak mantar<\/h2>\n<p>Mantar\u0131n alt taraf\u0131na dikkatlice bir kesik atarak, se\u00e7ti\u011finiz bir madeni paray\u0131 yerle\u015ftirerek ve bu kombinasyonu birine sunarak misafirlerinizi eski bir gelenekle tan\u0131\u015ft\u0131rabilirsiniz. Madeni para ve mantar bir arada kald\u0131\u011f\u0131 s\u00fcrece, efsaneye g\u00f6re paray\u0131 alan ki\u015fi \u015fansl\u0131 olacakt\u0131r.<\/p>\n<p>Bir bayana \u015fampanya mantar\u0131 hediye edildi\u011finde, sonunda evlenece\u011fi erke\u011fi r\u00fcyas\u0131nda g\u00f6rmesi i\u00e7in yast\u0131\u011f\u0131n\u0131n alt\u0131nda mantarla sadece \u00fc\u00e7 gece ge\u00e7irmesi gerekti\u011fi s\u00f6ylenir!<\/p>\n<p>Ve<a href=\"https:\/\/champagner.com\/tr\/soezluek-2\/sampanya-kapsuelue\/\"> \u015eampanya kaps\u00fcl\u00fc<\/a>?<\/p>\n<p>Her \u015fampanyan\u0131n mantar\u0131n\u0131n \u00fczerinde k\u00fc\u00e7\u00fck bir metal kaps\u00fcl bulunmaktad\u0131r. L\u00fctfen bunu atmay\u0131n. Er ya da ge\u00e7, bunu kullanmak isteyecek bir \u015fampanya severle kar\u015f\u0131la\u015facaks\u0131n\u0131z. <a href=\"https:\/\/champagner.com\/tr\/sampanya-kapagi\/\">Kaps\u00fcller<\/a> ve bu kaps\u00fclleri hediye etti\u011finizde \u00e7ok mutlu olaca\u011f\u0131ndan emin olabilirsiniz (ayr\u0131ca bkz. kaps\u00fcl).<\/p>\n<p>Sistemler: \u015eampanya servis s\u0131ras\u0131<\/p>\n<p>D\u00fcnyada bir\u00e7ok hizmet sistemi vard\u0131r, ancak hepsinin temel bir amac\u0131 vard\u0131r: her \u015feyin sorunsuz ve h\u0131zl\u0131 bir \u015fekilde i\u015flemesini sa\u011flamak.<\/p>\n<p>Bir\u00e7ok ev sahibi servis yaparken onur konu\u011fundan itibaren saat y\u00f6n\u00fcn\u00fc takip eder. \u0130\u015fte \u00e7ok basit bir sistem \u00f6rne\u011fi:<br \/>\nSadece birka\u00e7 konuk varsa, saat y\u00f6n\u00fcnde bir s\u0131rayla \u00f6nce bayanlara (tabii ki onur konu\u011fu prova yapt\u0131ktan sonra), sonra beylere ve son olarak onur konu\u011funa (onur konu\u011fu bir bayan olsa bile) servis yap\u0131labilir. \u00c7emberdeki en ya\u015fl\u0131 bayana \u00f6nce \u015fampanya ikram edilen eski bir versiyon da vard\u0131r.<\/p>\n<p>Ancak bazen ba\u015fka sistemlerle de kar\u015f\u0131la\u015fabilirsiniz. \u00d6rne\u011fin, kad\u0131nlar\u0131n kadehlerinin \u00f6nce onur konu\u011fundan saat y\u00f6n\u00fcn\u00fcn tersine do\u011fru dolduruldu\u011fu, ard\u0131ndan (tabiri caizse 'd\u00f6n\u00fc\u015f yolunda') erkeklerin kadehlerinin ev sahibi taraf\u0131ndan saat y\u00f6n\u00fcnde servis edildi\u011fi eski bir sistem de vard\u0131r. Son olarak onur konu\u011funun barda\u011f\u0131 doldurulur.<\/p>\n<p>\u015eampanya servisi s\u0131ras\u0131nda bardaklar\u0131 doldururken, belirli bir s\u0131ra olmaks\u0131z\u0131n saat y\u00f6n\u00fcnde ola\u011fan d\u00fczen ge\u00e7erlidir. \u015eampanya s\u00fcrekli olarak doldurulmamal\u0131, sadece bardakta bir veya iki yudum kald\u0131\u011f\u0131nda doldurulmal\u0131d\u0131r. Bu, \u015fampanyan\u0131n s\u0131cakl\u0131k a\u00e7\u0131s\u0131ndan optimize edilmesini ve tekrar a\u00e7\u0131labilmesini sa\u011flar (zaten \u0131s\u0131nm\u0131\u015f olan \u015fampanyadan etkilenmek yerine). \u015eampanya sa\u011f taraftan d\u00f6k\u00fclmelidir.<\/p>\n<h2>Klasik k\u00fcvet yerine pi\u015fmi\u015f toprak m\u0131?<\/h2>\n<p>Ev sahibi misafirlerine en iyi \u015fampanyay\u0131 \u015f\u0131k bir kova yerine sade pi\u015fmi\u015f toprakta sunabilir. Bu hi\u00e7bir \u015fekilde bir gaf de\u011fildir! Aksine, ev sahibinin Romal\u0131lar\u0131n zaten takdir etti\u011fi pi\u015fmi\u015f topra\u011f\u0131n rakipsiz niteliklerini tan\u0131d\u0131\u011f\u0131n\u0131 g\u00f6sterir.<\/p>\n<p>Bir \u015fampanya \u00e7ok h\u0131zl\u0131 veya \u00e7ok fazla so\u011futulursa, lezzeti a\u00e7\u0131s\u0131ndan ho\u015f olmayan sonu\u00e7lara yol a\u00e7abilecek bir \u015fok ya\u015far. Bu arada, bu \u015fok, buz banyosunda \u00e7ok uzun s\u00fcre 'y\u00fczerse' bir kova k\u0131r\u0131lm\u0131\u015f buzda da meydana gelebilir. \u00d6te yandan pi\u015fmi\u015f toprak, do\u011fal buharla\u015fma etkisi nedeniyle nazik\u00e7e so\u011fur. Bu kaplar \u00f6nce buz gibi so\u011fuk suyla doldurulur. Ard\u0131ndan yakla\u015f\u0131k 10 dakika boyunca dolu halde b\u0131rak\u0131l\u0131r. Bu s\u00fcre, suyun pi\u015fmi\u015f topra\u011fa biraz n\u00fcfuz edebilmesi i\u00e7in gereklidir). Daha sonra kap bo\u015falt\u0131l\u0131r ve \u015fampanyay\u0131 'kucaklamaya' ve nazik bir \u015fekilde serin tutmaya haz\u0131r hale gelir. \u015eampanyay\u0131 servis edin!<\/p>\n<\/div><\/section><\/p><\/div>\n<style type=\"text\/css\" data-created_by=\"avia_inline_auto\" id=\"style-css-av-7vz4-e2ecb25e9168201a3fd1fa7a9982a872\">\n.flex_column.av-7vz4-e2ecb25e9168201a3fd1fa7a9982a872{\nborder-radius:0px 0px 0px 0px;\npadding:0px 0px 0px 0px;\n}\n<\/style>\n<div  class='flex_column av-7vz4-e2ecb25e9168201a3fd1fa7a9982a872 av_one_fifth  avia-builder-el-6  el_after_av_three_fifth  avia-builder-el-last  flex_column_div av-zero-column-padding'     ><\/div>","protected":false},"excerpt":{"rendered":"","protected":false},"author":1,"featured_media":6587,"parent":0,"menu_order":0,"comment_status":"closed","ping_status":"closed","template":"","meta":{"footnotes":""},"class_list":["post-6522","page","type-page","status-publish","has-post-thumbnail","hentry"],"_links":{"self":[{"href":"https:\/\/champagner.com\/tr\/wp-json\/wp\/v2\/pages\/6522","targetHints":{"allow":["GET"]}}],"collection":[{"href":"https:\/\/champagner.com\/tr\/wp-json\/wp\/v2\/pages"}],"about":[{"href":"https:\/\/champagner.com\/tr\/wp-json\/wp\/v2\/types\/page"}],"author":[{"embeddable":true,"href":"https:\/\/champagner.com\/tr\/wp-json\/wp\/v2\/users\/1"}],"replies":[{"embeddable":true,"href":"https:\/\/champagner.com\/tr\/wp-json\/wp\/v2\/comments?post=6522"}],"version-history":[{"count":0,"href":"https:\/\/champagner.com\/tr\/wp-json\/wp\/v2\/pages\/6522\/revisions"}],"wp:featuredmedia":[{"embeddable":true,"href":"https:\/\/champagner.com\/tr\/wp-json\/wp\/v2\/media\/6587"}],"wp:attachment":[{"href":"https:\/\/champagner.com\/tr\/wp-json\/wp\/v2\/media?parent=6522"}],"curies":[{"name":"wp","href":"https:\/\/api.w.org\/{rel}","templated":true}]}}