{"id":6528,"date":"2022-05-05T13:56:49","date_gmt":"2022-05-05T13:56:49","guid":{"rendered":"https:\/\/champagner.com\/?page_id=6528"},"modified":"2024-11-04T12:46:29","modified_gmt":"2024-11-04T12:46:29","slug":"sampanya-eti%cc%87ketleri%cc%87","status":"publish","type":"page","link":"https:\/\/champagner.com\/tr\/sampanya-eti%cc%87ketleri%cc%87\/","title":{"rendered":"\u015eampanya etiketleri"},"content":{"rendered":"<div   class='avia-fullscreen-slider main_color   avia-builder-el-0  el_before_av_section  avia-builder-el-first  container_wrap fullsize'  ><div  class='avia-slideshow av-kjripr6g-74ffc6525b251b8b733cc3ef032d902d avia-slideshow-extra_large av_fullscreen avia-slide-slider av-slideshow-ui av-control-default av-slideshow-manual av-loop-once av-loop-manual-endless av-default-height-applied   avia-slideshow-1' data-slideshow-options=\"{&quot;animation&quot;:&quot;slide&quot;,&quot;autoplay&quot;:false,&quot;loop_autoplay&quot;:&quot;once&quot;,&quot;interval&quot;:5,&quot;loop_manual&quot;:&quot;manual-endless&quot;,&quot;autoplay_stopper&quot;:false,&quot;noNavigation&quot;:false,&quot;bg_slider&quot;:true,&quot;keep_padding&quot;:false,&quot;hoverpause&quot;:false,&quot;show_slide_delay&quot;:0,&quot;slide_height&quot;:&quot;100&quot;,&quot;image_attachment&quot;:&quot;&quot;}\"  itemprop=\"image\" itemscope=\"itemscope\" itemtype=\"https:\/\/schema.org\/ImageObject\" ><ul class='avia-slideshow-inner' style='padding-bottom: 56.390977443609%;'><li style='background-position:center center;' data-img-url='https:\/\/champagner.com\/wp-content\/uploads\/2018\/05\/thienot-champagner-cuvee-alain-thienot.jpg' class='avia-slideshow-slide av-kjripr6g-74ffc6525b251b8b733cc3ef032d902d__0  av-single-slide slide-1 slide-odd'><div data-rel='slideshow-1' class='avia-slide-wrap'  title='Thi\u00e9not \u015eampanya Cuvee Alain Thi\u00e9not' ><\/div><\/li><\/ul><\/div><\/div>\n<div id='av_section_1'  class='avia-section av-9qys-7fbec837cc9414b56951d589a49fa01e main_color avia-section-default avia-no-border-styling  avia-builder-el-1  el_after_av_fullscreen  avia-builder-el-last  avia-bg-style-scroll container_wrap fullsize'  ><div class='container av-section-cont-open' ><div class='template-page content  av-content-full alpha units'><div class='post-entry post-entry-type-page post-entry-6528'><div class='entry-content-wrapper clearfix'>\n\n<style type=\"text\/css\" data-created_by=\"avia_inline_auto\" id=\"style-css-av-9tz4-26c14c70028d90a54aefce07862c0d7e\">\n.flex_column.av-9tz4-26c14c70028d90a54aefce07862c0d7e{\nborder-radius:0px 0px 0px 0px;\npadding:0px 0px 0px 0px;\n}\n<\/style>\n<div  class='flex_column av-9tz4-26c14c70028d90a54aefce07862c0d7e av_one_fifth  avia-builder-el-2  el_before_av_three_fifth  avia-builder-el-first  first flex_column_div av-zero-column-padding'     ><\/div>\n<style type=\"text\/css\" data-created_by=\"avia_inline_auto\" id=\"style-css-av-5y3a-c3ba98e644c5ae5c87ca984f1618400f\">\n.flex_column.av-5y3a-c3ba98e644c5ae5c87ca984f1618400f{\nborder-radius:0px 0px 0px 0px;\npadding:0px 0px 0px 0px;\n}\n<\/style>\n<div  class='flex_column av-5y3a-c3ba98e644c5ae5c87ca984f1618400f av_three_fifth  avia-builder-el-3  el_after_av_one_fifth  el_before_av_one_fifth  flex_column_div av-zero-column-padding'     ><p>\n<style type=\"text\/css\" data-created_by=\"avia_inline_auto\" id=\"style-css-av-kjrjnv83-2a35af8d1787f56e3a1ccc09942a3cd9\">\n#top .av-special-heading.av-kjrjnv83-2a35af8d1787f56e3a1ccc09942a3cd9{\npadding-bottom:30px;\nfont-size:50px;\n}\nbody .av-special-heading.av-kjrjnv83-2a35af8d1787f56e3a1ccc09942a3cd9 .av-special-heading-tag .heading-char{\nfont-size:25px;\n}\n#top #wrap_all .av-special-heading.av-kjrjnv83-2a35af8d1787f56e3a1ccc09942a3cd9 .av-special-heading-tag{\nfont-size:50px;\n}\n.av-special-heading.av-kjrjnv83-2a35af8d1787f56e3a1ccc09942a3cd9 .av-subheading{\nfont-size:15px;\n}\n\n@media only screen and (min-width: 480px) and (max-width: 767px){ \n#top #wrap_all .av-special-heading.av-kjrjnv83-2a35af8d1787f56e3a1ccc09942a3cd9 .av-special-heading-tag{\nfont-size:0.8em;\n}\n}\n\n@media only screen and (max-width: 479px){ \n#top #wrap_all .av-special-heading.av-kjrjnv83-2a35af8d1787f56e3a1ccc09942a3cd9 .av-special-heading-tag{\nfont-size:0.8em;\n}\n}\n<\/style>\n<div  class='av-special-heading av-kjrjnv83-2a35af8d1787f56e3a1ccc09942a3cd9 av-special-heading-h1 blockquote modern-quote  avia-builder-el-4  el_before_av_textblock  avia-builder-el-first  av-inherit-size'><h1 class='av-special-heading-tag'  itemprop=\"headline\"  >\u015eampanya etiketleri<\/h1><div class=\"special-heading-border\"><div class=\"special-heading-inner-border\"><\/div><\/div><\/div><br \/>\n\n<style type=\"text\/css\" data-created_by=\"avia_inline_auto\" id=\"style-css-av-kj4bin1p-07a9ad7eee89eb6f83c5a5be01d6504d\">\n#top .av_textblock_section.av-kj4bin1p-07a9ad7eee89eb6f83c5a5be01d6504d .avia_textblock{\nfont-size:18px;\ntext-align:left;\n}\n<\/style>\n<section  class='av_textblock_section av-kj4bin1p-07a9ad7eee89eb6f83c5a5be01d6504d'   itemscope=\"itemscope\" itemtype=\"https:\/\/schema.org\/CreativeWork\" ><div class='avia_textblock'  itemprop=\"text\" ><h3>Champager etiketleri<\/h3>\n<p>Etiketlerin <a href=\"https:\/\/champagner.com\/tr\/\">\u015eampanya<\/a> kimlik kartlar\u0131na e\u015fde\u011ferdir,<br \/>\nS\u0131k\u0131 d\u00fczenlemelerle y\u00f6netilen \u00f6nemli bilgiler i\u00e7erir. \u00d6rne\u011fin, bir etiket size \u015fampanyan\u0131n hangi evden geldi\u011fini ve hangi aromaya sahip oldu\u011funu s\u00f6yler.<\/p>\n<p>\u015eampanya etiketleri on sekizinci y\u00fczy\u0131l gibi erken bir d\u00f6nemde ilkel bir bi\u00e7imde ortaya \u00e7\u0131km\u0131\u015ft\u0131r. Nadiren, el yaz\u0131s\u0131yla yaz\u0131lm\u0131\u015f yetersiz bilgiler i\u00e7eren, \u00fczerine yap\u0131\u015ft\u0131r\u0131lm\u0131\u015f ka\u011f\u0131t par\u00e7alar\u0131ndan daha fazlas\u0131yd\u0131.<\/p>\n<p>1820'lerde, bug\u00fcn\u00fcn ger\u00e7ek \u00e9tiquettes'i ortaya \u00e7\u0131kt\u0131<br \/>\netiketler zaten benzerdi. K\u0131sa bir s\u00fcre sonra, evin itibar\u0131n\u0131n yan\u0131 s\u0131ra k\u00fclt\u00fcr ve sanat\u0131 da etikete yans\u0131tmak i\u00e7in d\u00fczenli bir yar\u0131\u015fma geli\u015ftirildi.<\/p>\n<p>Bug\u00fcn hala bu g\u00fczel nitelikleri s\u0131kl\u0131kla sergilemelerine ra\u011fmen, \u015fampanya etiketleri de t\u00fcketicileri korumak i\u00e7in taklitlere kar\u015f\u0131 m\u00fccadelede savunulan evlerin korunan 'bayraklar\u0131na' d\u00f6n\u00fc\u015fm\u00fc\u015ft\u00fcr.<\/p>\n<h3>Ayr\u0131nt\u0131l\u0131 etiket<\/h3>\n<p>Bu \u00f6rnek, me\u015fhur bir etikettir. <a href=\"https:\/\/champagner.com\/tr\/g-h-mum-sampanya\/\">Ba\u011f\u0131rsaklar<\/a>. Bu Mumm etiketi Amerikan pazar\u0131ndan bir \u015fi\u015feye aittir.<\/p>\n<p>'\u015eampanya' ibaresi. Bu olmadan, i\u00e7indekiler ger\u00e7ek \u015fampanya de\u011fildir!<\/p>\n<p>Marka ve\/veya \u015firketin ad\u0131 genellikle g\u00f6ze \u00e7arpan bir konumda listelenir. Belirli renkler de baz\u0131 firmalar taraf\u0131ndan savunulmaktad\u0131r. \u00d6rne\u011fin Veuve Clicquot markas\u0131, \u015fampanya etiketlerindeki \u00f6zel turuncu rengi sayesinde kolayca tan\u0131nabilir.<br \/>\nBu Mumm etiketinde hem G. H. Mumm ad\u0131 hem de Cordon Rouge markas\u0131 \u00fcnl\u00fc \u00e7apraz k\u0131rm\u0131z\u0131 kurdele i\u00e7inde yer almaktad\u0131r. Bu belirgin k\u0131rm\u0131z\u0131 \u015ferit ilk olarak 1876 y\u0131l\u0131nda \u015fi\u015felerin etraf\u0131nda zarif ipek halkalar olarak kullan\u0131lmaya ba\u015flanm\u0131\u015ft\u0131r. 1883 y\u0131l\u0131nda etiketler ilmekler yerine k\u0131rm\u0131z\u0131 kurdele ile etiketlendi. K\u0131rm\u0131z\u0131 kurdele sembolik olarak Frans\u0131z L\u00e9gion d'honneur'dan (Onur Lejyonu) t\u00fcretilmi\u015ftir.<\/p>\n<ul>\n<li>\u015eehir ve men\u015fe \u00fclke Fransa<\/li>\n<li>Alkol i\u00e7eri\u011fi (10,5% ile 13% aras\u0131nda)<\/li>\n<li>\u015ei\u015fe hacmi<\/li>\n<\/ul>\n<p>Burada kar\u015f\u0131l\u0131k gelen Amerikan s\u0131v\u0131 hacmi (US 1pint, 10 fluid ounces) listelenmi\u015ftir. Dolay\u0131s\u0131yla bu \u015fi\u015fe d\u00f6n\u00fc\u015ft\u00fcr\u00fcld\u00fc\u011f\u00fcnde yakla\u015f\u0131k olarak tipik bir Avrupa standart \u015fi\u015fesidir.<\/p>\n<p>Zorunlu bilgi olarak CIVC kontrol numaras\u0131 iki harfle ba\u015flar ve bunu \u00e7ok haneli bir say\u0131 takip eder. Harfler k\u0131saltmad\u0131r ve \u015fu anlama gelir<\/p>\n<p>**N.M.<br \/>\n(n\u00e9gociant-manipulant)<br \/>\nBir \u015fampanya evi taraf\u0131ndan haz\u0131rland\u0131.<\/p>\n<p>** M.A.<br \/>\n(marque d'acheteur)<br \/>\n\u0130kinci bir marka. Bu \u015fampanya<br \/>\n\u015fampanya evinden \u00f6zel bir \u015fi\u015feleme olarak veya<br \/>\n\u00f6zel markal\u0131 \u015fi\u015feleme, \u00f6rne\u011fin, bir<br \/>\nbir restorana veya havayoluna teslim edilir.<\/p>\n<p>** R.M<br \/>\n(r\u00e9coltant-manipulant)<br \/>\nBir \u015fampanya \u015farap \u00fcreticisi taraf\u0131ndan kendi<br \/>\nSarma\u015f\u0131klar.<\/p>\n<p>** R.C.<br \/>\n(r\u00e9coltant-coop\u00e9rateur)<br \/>\nBir \u015fampanya \u015farap \u00fcreticisi taraf\u0131ndan kendi<br \/>\n\u00fcz\u00fcm ba\u011flar\u0131 ve ba\u011fc\u0131lar kooperatifinin stoklar\u0131.<\/p>\n<p>** C.M.<br \/>\n(coop\u00e9rative de manipulation)<br \/>\nBir \u015farap \u00fcreticileri kooperatifi, \u015farap \u00fcretiminden sorumluydu.<br \/>\n\u015fi\u015felemeden sorumlu.<\/p>\n<p>Lezzetin etiketlenmesi de \u00e7ok \u00f6nemlidir:<br \/>\nExtra Brut, Brut, Extra Dry, Sec, Demi-Sec<br \/>\n(bkz. Dozaj)<\/p>\n<p>Bir \u015fampanya \u015fi\u015fesinin boyun etiketi (veya omuz etiketi) cravat veya collerette olarak bilinir. Bu etikette bazen firman\u0131n ad\u0131, firman\u0131n armas\u0131 ya da logosu, \u015fampanya \u00e7e\u015fidi, firman\u0131n kuruldu\u011fu y\u0131l ya da belirli bir kraliyet ailesinin resmi tedarik\u00e7isi oldu\u011funa dair bir not yer al\u0131r. Baz\u0131 evler boyun etiketinden de vazge\u00e7mektedir.<\/p>\n<p>\u015eampanya etiketleri genellikle ek bilgiler de i\u00e7erir.<\/p>\n<h3>Mill\u00e9sime \u015eampanya etiketleri<\/h3>\n<p>Sadece belirli bir y\u0131la ait \u00fcz\u00fcmlerden yap\u0131lan \u015fampanyalar <a href=\"https:\/\/champagner.com\/tr\/yerler-seyahat\/\">\u015eampanya<\/a> Mill\u00e9sime.<br \/>\nBa\u011fbozumu, \u00f6rne\u011fin <a href=\"https:\/\/champagner.com\/tr\/yillar\/\">1990<\/a> Jacquesson'un bu \u015fampanya etiketinde genellikle belirgin bir konumda listelenir. Ba\u011fbozumu ayr\u0131ca mantar \u00fczerinde de belirtilmi\u015ftir (ayr\u0131ca bkz. mantar)<\/p>\n<p>** Blanc de Blancs<br \/>\nChardonnay \u00fcz\u00fcmlerinden elde edilen 100%'ye.<br \/>\n(Ayr\u0131ca bak\u0131n\u0131z Blanc de Blancs).<\/p>\n<p>** Blanc de Noirs<br \/>\nPinot Noir ve\/veya Pinot Meunier \u00fcz\u00fcmlerinden yap\u0131lan 100%'ye.<br \/>\n(Ayr\u0131ca bak\u0131n\u0131z Blanc de Noirs).<\/p>\n<p>** Bir Cru'ya Referans<br \/>\nGrand Cru veya Premier Cru, en y\u00fcksek de\u011fere sahip \u015faraplar\u0131 ifade eder.<br \/>\n\u015eampanya b\u00f6lgesinin yerleri. 17 Grand Crus (\u00f6rne\u011fin Ambonnay, Avize, A\u00ff, Bouzy, Cramant, Le Mesnil-sur-Oger, Tours-sur-Marne) ve 41 Premier Crus (\u00f6rne\u011fin Chouilly, <a href=\"https:\/\/champagner.com\/tr\/soezluek-2\/hautvillers\/\">Hautvillers<\/a>Mareuil-sur-A\u00ff; ayr\u0131ca bkz. Cru).<\/p>\n<h4>Sanatsal \u015fampanya etiketleri<\/h4>\n<p>Perrier-Jou\u00ebt evi, \u015fi\u015fe \u00fczerindeki \u00fcnl\u00fc \u00e7er\u00e7eveleme \u00e7i\u00e7ekleriyle (Fleur de Champagne) birlikte uyumlu bir \u015fekilde \u015fekillendirilmi\u015f, \u015feffaf bir etiket kullan\u0131r.<\/p>\n<p>Zaman zaman baz\u0131 \u015fampanya evleri tarihi olaylar\u0131 \u00e7ok g\u00fczel etiketlerle anarlar. Bu \u00f6rnek, \u00fcnl\u00fc \u015fampanya evi Lecerc Briant'a ait bir etikettir.<\/p>\n<p>Bu \u00f6rnekte, \u00fcnl\u00fc \u015fampanya evi Deutz, efsanevi Orient Express'i fantastik bir etiketle an\u0131yor. Bu kadar \u00e7ok etiket koleksiyoncusu olmas\u0131na \u015fa\u015fmamal\u0131<\/p>\n<p>Bruno Paillard'nin sanatsal \u015fampanya etiketleri de ayr\u0131 bir deneyim.<\/p>\n<\/div><\/section><\/p><\/div>\n<style type=\"text\/css\" data-created_by=\"avia_inline_auto\" id=\"style-css-av-7vz4-e2ecb25e9168201a3fd1fa7a9982a872\">\n.flex_column.av-7vz4-e2ecb25e9168201a3fd1fa7a9982a872{\nborder-radius:0px 0px 0px 0px;\npadding:0px 0px 0px 0px;\n}\n<\/style>\n<div  class='flex_column av-7vz4-e2ecb25e9168201a3fd1fa7a9982a872 av_one_fifth  avia-builder-el-6  el_after_av_three_fifth  avia-builder-el-last  flex_column_div av-zero-column-padding'     ><\/div>","protected":false},"excerpt":{"rendered":"","protected":false},"author":1,"featured_media":4333,"parent":0,"menu_order":0,"comment_status":"closed","ping_status":"closed","template":"","meta":{"footnotes":""},"class_list":["post-6528","page","type-page","status-publish","has-post-thumbnail","hentry"],"_links":{"self":[{"href":"https:\/\/champagner.com\/tr\/wp-json\/wp\/v2\/pages\/6528","targetHints":{"allow":["GET"]}}],"collection":[{"href":"https:\/\/champagner.com\/tr\/wp-json\/wp\/v2\/pages"}],"about":[{"href":"https:\/\/champagner.com\/tr\/wp-json\/wp\/v2\/types\/page"}],"author":[{"embeddable":true,"href":"https:\/\/champagner.com\/tr\/wp-json\/wp\/v2\/users\/1"}],"replies":[{"embeddable":true,"href":"https:\/\/champagner.com\/tr\/wp-json\/wp\/v2\/comments?post=6528"}],"version-history":[{"count":0,"href":"https:\/\/champagner.com\/tr\/wp-json\/wp\/v2\/pages\/6528\/revisions"}],"wp:featuredmedia":[{"embeddable":true,"href":"https:\/\/champagner.com\/tr\/wp-json\/wp\/v2\/media\/4333"}],"wp:attachment":[{"href":"https:\/\/champagner.com\/tr\/wp-json\/wp\/v2\/media?parent=6528"}],"curies":[{"name":"wp","href":"https:\/\/api.w.org\/{rel}","templated":true}]}}