{"id":6531,"date":"2022-05-05T14:08:45","date_gmt":"2022-05-05T14:08:45","guid":{"rendered":"https:\/\/champagner.com\/?page_id=6531"},"modified":"2024-07-26T02:47:20","modified_gmt":"2024-07-26T02:47:20","slug":"sampanya-deposu","status":"publish","type":"page","link":"https:\/\/champagner.com\/tr\/sampanya-deposu\/","title":{"rendered":"\u015eampanya deposu"},"content":{"rendered":"<div   class='avia-fullscreen-slider main_color   avia-builder-el-0  el_before_av_section  avia-builder-el-first  container_wrap fullsize'  ><div  class='avia-slideshow av-kjripr6g-74ffc6525b251b8b733cc3ef032d902d avia-slideshow-extra_large av_fullscreen avia-slide-slider av-slideshow-ui av-control-default av-slideshow-manual av-loop-once av-loop-manual-endless av-default-height-applied   avia-slideshow-1' data-slideshow-options=\"{&quot;animation&quot;:&quot;slide&quot;,&quot;autoplay&quot;:false,&quot;loop_autoplay&quot;:&quot;once&quot;,&quot;interval&quot;:5,&quot;loop_manual&quot;:&quot;manual-endless&quot;,&quot;autoplay_stopper&quot;:false,&quot;noNavigation&quot;:false,&quot;bg_slider&quot;:true,&quot;keep_padding&quot;:false,&quot;hoverpause&quot;:false,&quot;show_slide_delay&quot;:0,&quot;slide_height&quot;:&quot;100&quot;,&quot;image_attachment&quot;:&quot;&quot;}\"  itemprop=\"image\" itemscope=\"itemscope\" itemtype=\"https:\/\/schema.org\/ImageObject\" ><ul class='avia-slideshow-inner' style='padding-bottom: 50%;'><li style='background-position:center center;' data-img-url='https:\/\/champagner.com\/wp-content\/uploads\/2018\/05\/charles-heidsieck-champagner-lagerung.jpg' class='avia-slideshow-slide av-kjripr6g-74ffc6525b251b8b733cc3ef032d902d__0  av-single-slide slide-1 slide-odd'><div data-rel='slideshow-1' class='avia-slide-wrap'  title='Charles Heidsieck \u015eampanya deposu' ><\/div><\/li><\/ul><\/div><\/div>\n<div id='av_section_1'  class='avia-section av-9qys-7fbec837cc9414b56951d589a49fa01e main_color avia-section-default avia-no-border-styling  avia-builder-el-1  el_after_av_fullscreen  avia-builder-el-last  avia-bg-style-scroll container_wrap fullsize'  ><div class='container av-section-cont-open' ><div class='template-page content  av-content-full alpha units'><div class='post-entry post-entry-type-page post-entry-6531'><div class='entry-content-wrapper clearfix'>\n\n<style type=\"text\/css\" data-created_by=\"avia_inline_auto\" id=\"style-css-av-9tz4-26c14c70028d90a54aefce07862c0d7e\">\n.flex_column.av-9tz4-26c14c70028d90a54aefce07862c0d7e{\nborder-radius:0px 0px 0px 0px;\npadding:0px 0px 0px 0px;\n}\n<\/style>\n<div  class='flex_column av-9tz4-26c14c70028d90a54aefce07862c0d7e av_one_fifth  avia-builder-el-2  el_before_av_three_fifth  avia-builder-el-first  first flex_column_div av-zero-column-padding'     ><\/div>\n<style type=\"text\/css\" data-created_by=\"avia_inline_auto\" id=\"style-css-av-5y3a-c3ba98e644c5ae5c87ca984f1618400f\">\n.flex_column.av-5y3a-c3ba98e644c5ae5c87ca984f1618400f{\nborder-radius:0px 0px 0px 0px;\npadding:0px 0px 0px 0px;\n}\n<\/style>\n<div  class='flex_column av-5y3a-c3ba98e644c5ae5c87ca984f1618400f av_three_fifth  avia-builder-el-3  el_after_av_one_fifth  el_before_av_one_fifth  flex_column_div av-zero-column-padding'     ><p>\n<style type=\"text\/css\" data-created_by=\"avia_inline_auto\" id=\"style-css-av-kjrjnv83-058860c1bf94d3597534b0c9e9493aab\">\n#top .av-special-heading.av-kjrjnv83-058860c1bf94d3597534b0c9e9493aab{\npadding-bottom:30px;\nfont-size:50px;\n}\nbody .av-special-heading.av-kjrjnv83-058860c1bf94d3597534b0c9e9493aab .av-special-heading-tag .heading-char{\nfont-size:25px;\n}\n#top #wrap_all .av-special-heading.av-kjrjnv83-058860c1bf94d3597534b0c9e9493aab .av-special-heading-tag{\nfont-size:50px;\n}\n.av-special-heading.av-kjrjnv83-058860c1bf94d3597534b0c9e9493aab .av-subheading{\nfont-size:15px;\n}\n\n@media only screen and (min-width: 480px) and (max-width: 767px){ \n#top #wrap_all .av-special-heading.av-kjrjnv83-058860c1bf94d3597534b0c9e9493aab .av-special-heading-tag{\nfont-size:0.8em;\n}\n}\n\n@media only screen and (max-width: 479px){ \n#top #wrap_all .av-special-heading.av-kjrjnv83-058860c1bf94d3597534b0c9e9493aab .av-special-heading-tag{\nfont-size:0.8em;\n}\n}\n<\/style>\n<div  class='av-special-heading av-kjrjnv83-058860c1bf94d3597534b0c9e9493aab av-special-heading-h1 blockquote modern-quote  avia-builder-el-4  el_before_av_textblock  avia-builder-el-first  av-inherit-size'><h1 class='av-special-heading-tag'  itemprop=\"headline\"  >\u015eampanya deposu<\/h1><div class=\"special-heading-border\"><div class=\"special-heading-inner-border\"><\/div><\/div><\/div><br \/>\n\n<style type=\"text\/css\" data-created_by=\"avia_inline_auto\" id=\"style-css-av-kj4bin1p-07a9ad7eee89eb6f83c5a5be01d6504d\">\n#top .av_textblock_section.av-kj4bin1p-07a9ad7eee89eb6f83c5a5be01d6504d .avia_textblock{\nfont-size:18px;\ntext-align:left;\n}\n<\/style>\n<section  class='av_textblock_section av-kj4bin1p-07a9ad7eee89eb6f83c5a5be01d6504d'   itemscope=\"itemscope\" itemtype=\"https:\/\/schema.org\/CreativeWork\" ><div class='avia_textblock'  itemprop=\"text\" ><h1>\u015eampanya saklama: kapsaml\u0131 bir rehber<\/h1>\n<p><a href=\"https:\/\/champagner.com\/tr\/\">\u015eampanya<\/a> sadece bir i\u00e7ki de\u011fil, ayn\u0131 zamanda kutlama ve l\u00fcks\u00fcn sembol\u00fcd\u00fcr. E\u015fsiz tatlar\u0131n\u0131 ve ince perdah\u0131n\u0131 korumak i\u00e7in \u015fampanyan\u0131n do\u011fru \u015fekilde saklanmas\u0131 \u00e7ok \u00f6nemlidir. Bu k\u0131lavuzda, her zaman en iyi kalitenin tad\u0131n\u0131 \u00e7\u0131karman\u0131z\u0131 sa\u011flamak i\u00e7in \u015eampanyay\u0131 saklaman\u0131n en iyi yollar\u0131n\u0131 tart\u0131\u015faca\u011f\u0131z.<\/p>\n<h2>\u015eampanya depolamaya giri\u015f<\/h2>\n<p>Fransa'n\u0131n Champagne b\u00f6lgesinden gelen k\u00f6p\u00fckl\u00fc i\u00e7ki \u015fampanya, karma\u015f\u0131kl\u0131\u011f\u0131 ve inceli\u011fiyle \u00fcnl\u00fcd\u00fcr. \u0130ster \u00f6zel g\u00fcnler i\u00e7in ister koleksiyonunuzun bir par\u00e7as\u0131 olsun, \u015fampanyan\u0131n saklanmas\u0131, kalitesinin korunmas\u0131 ve geli\u015fiminin desteklenmesi a\u00e7\u0131s\u0131ndan \u00e7ok \u00f6nemli bir fakt\u00f6rd\u00fcr. \u015eampanyan\u0131n do\u011fru kullan\u0131m\u0131, ortalama bir lezzet deneyimi ile ola\u011fan\u00fcst\u00fc bir lezzet deneyimi aras\u0131ndaki fark\u0131 yaratabilir.<\/p>\n<h2>\u015eampanyay\u0131 do\u011fru \u015fekilde saklamak neden \u00f6nemlidir?<\/h2>\n<h3>I\u015f\u0131k ve s\u0131cakl\u0131\u011f\u0131n etkileri<\/h3>\n<p>\u015eampanya \u0131\u015f\u0131\u011fa ve s\u0131cakl\u0131\u011fa kar\u015f\u0131 hassast\u0131r. Do\u011frudan g\u00fcne\u015f \u0131\u015f\u0131\u011f\u0131 veya g\u00fc\u00e7l\u00fc \u0131\u015f\u0131k kaynaklar\u0131 \u015fampanyadaki kimyasal bile\u015fikleri de\u011fi\u015ftirerek h\u0131zl\u0131 eskime ve tazelik kayb\u0131na yol a\u00e7abilir. \u00c7ok a\u015f\u0131r\u0131 olmayan sabit bir s\u0131cakl\u0131k idealdir.<\/p>\n<h3>Nemin etkisi<\/h3>\n<p>Nem de \u00f6nemli bir rol oynar. A\u015f\u0131r\u0131 nem, \u015fi\u015felerin \u00fczerindeki etiketlere zarar verebilir veya \u015fi\u015felerde k\u00fcf olu\u015fmas\u0131na neden olabilir. <a href=\"https:\/\/champagner.com\/tr\/soezluek-2\/mantar\/\">Mantar<\/a> b\u00fcy\u00fcr. \u00c7ok d\u00fc\u015f\u00fck nem mantar\u0131n kurumas\u0131na ve \u015fi\u015feye hava girmesine neden olarak \u015fampanyan\u0131n oksitlenmesine yol a\u00e7abilir.<\/p>\n<h3>\u015ei\u015fe pozisyonunun \u00f6nemi<\/h3>\n<p>\u015ei\u015fenin saklanma \u015fekli de \u015fampanyan\u0131n kalitesi \u00fczerinde etkilidir. Yatay olarak saklanan \u015fi\u015feler, mantar\u0131n nemli kalmas\u0131 ve dolay\u0131s\u0131yla daha iyi bir s\u0131zd\u0131rmazl\u0131k sa\u011flamas\u0131 avantaj\u0131na sahiptir.<\/p>\n<h2>\u015eampanya saklamak i\u00e7in ipu\u00e7lar\u0131<\/h2>\n<h3>\u0130deal depolama s\u0131cakl\u0131\u011f\u0131<\/h3>\n<p>\u015eampanyay\u0131 saklamak i\u00e7in m\u00fckemmel s\u0131cakl\u0131k 8 ila 12 santigrat derece aras\u0131ndad\u0131r. Bu s\u0131cakl\u0131k \u015fampanyan\u0131n yava\u015f\u00e7a olgunla\u015fmas\u0131n\u0131 ve tatlar\u0131n\u0131n en iyi \u015fekilde geli\u015fmesini sa\u011flar. \u015eampanyan\u0131n kalitesini etkileyebilece\u011finden a\u015f\u0131r\u0131 s\u0131cakl\u0131k dalgalanmalar\u0131ndan ka\u00e7\u0131n\u0131lmal\u0131d\u0131r.<\/p>\n<h3>Do\u011fru depolama yeri<\/h3>\n<p>\u015eampanyay\u0131 saklamak i\u00e7in serin ve karanl\u0131k bir yer se\u00e7in. \u015earap mahzeni veya \u015fampanya i\u00e7in \u00f6zel bir buzdolab\u0131 idealdir. Ka\u00e7\u0131n\u0131n <a href=\"https:\/\/champagner.com\/tr\/yerler-seyahat\/\">Yerler<\/a>\u015eampanya yabanc\u0131 kokular\u0131 kolayca emebilece\u011finden, g\u00fc\u00e7l\u00fc kokulara maruz kalmamal\u0131d\u0131r.<\/p>\n<h3>\u015ei\u015fe pozisyonu<\/h3>\n<p>\u015eampanya \u015fi\u015feleri ideal olarak yatay \u015fekilde saklanmal\u0131d\u0131r. Bu, mantar\u0131n nemli kalmas\u0131na yard\u0131mc\u0131 olarak oksidasyon riskini azalt\u0131r. \u015ei\u015fedeki bas\u0131n\u00e7 mantar\u0131n s\u0131k\u0131l\u0131\u011f\u0131n\u0131 etkiledi\u011finden, bu durum \u00f6zellikle \u015fampanya gibi k\u00f6p\u00fckl\u00fc \u015faraplar i\u00e7in \u00f6nemlidir.<\/p>\n<h3>Titre\u015fimlerin \u00f6nlenmesi<\/h3>\n<p>\u015eampanya, titre\u015fim veya \u015foklar\u0131n olmad\u0131\u011f\u0131 bir yerde saklanmal\u0131d\u0131r. Bunlar \u015fampanyan\u0131n i\u00e7indeki ince kabarc\u0131klar\u0131 bozabilir ve yap\u0131s\u0131n\u0131 olumsuz etkileyebilir. Bu nedenle sessiz, sabit bir depolama yeri \u015fartt\u0131r.<\/p>\n<h2>Uzun s\u00fcreli \u015fampanya saklama<\/h2>\n<h3>Olgunla\u015fma potansiyeli<\/h3>\n<p>T\u00fcm \u015fampanyalar uzun s\u00fcreli depolama i\u00e7in uygun de\u011fildir. Baz\u0131 \u00e7e\u015fitler uzun s\u00fcreli y\u0131lland\u0131rmadan faydalanabilirken, di\u011ferleri gen\u00e7 ve taze olarak t\u00fcketildi\u011finde en iyisidir. Vintage \u015fampanyalar ve baz\u0131 prestij cuv\u00e9'ler genellikle y\u0131llarca y\u0131llanma ve tatlar\u0131n\u0131 daha da geli\u015ftirme potansiyeline sahiptir.<\/p>\n<h3>\u015ei\u015fe ya\u015fland\u0131rmas\u0131n\u0131n etkisi<\/h3>\n<p>Zaman i\u00e7inde \u015fampanya \u015fi\u015fede de\u011fi\u015fir. Tatlar geli\u015fmeye devam eder ve \u015fampanya daha karma\u015f\u0131k hale gelebilir. Bu durum \u00f6zellikle y\u00fcksek kaliteli vintage \u015fampanyalar i\u00e7in ge\u00e7erlidir. Ancak, en iyi \u015fi\u015feler bile eninde sonunda optimum i\u00e7me olgunlu\u011funu a\u015faca\u011f\u0131ndan, \u015fampanyay\u0131 \u00e7ok uzun s\u00fcre saklamamaya dikkat edin.<\/p>\n<h2>K\u0131sa s\u00fcreli depolama ve servis s\u0131cakl\u0131\u011f\u0131<\/h2>\n<h3>Servis \u00f6ncesi haz\u0131rl\u0131k<\/h3>\n<p>\u015eampanyay\u0131 k\u0131sa bir s\u00fcre i\u00e7in saklamak istiyorsan\u0131z, a\u00e7madan \u00f6nce \u015fi\u015fenin iyice so\u011futuldu\u011fundan emin olun. Yakla\u015f\u0131k 6 ila 8 santigrat derecelik bir servis s\u0131cakl\u0131\u011f\u0131, tatlar\u0131n en iyi \u015fekilde ortaya \u00e7\u0131kmas\u0131 i\u00e7in idealdir. S\u0131cakl\u0131k \u00e7ok y\u00fcksekse, \u015fampanya tazeli\u011fini \u00e7ok \u00e7abuk kaybedebilir.<\/p>\n<h3>Do\u011fru so\u011futma mekanizmas\u0131<\/h3>\n<p>K\u0131sa s\u00fcreli so\u011futma i\u00e7in \u015fampanyay\u0131 buzdolab\u0131nda saklayabilirsiniz. Alternatif olarak, buz ve su i\u00e7eren bir buz kovas\u0131na da koyabilirsiniz. Bu, \u015fampanyay\u0131 gereksiz yere \u015foklamadan e\u015fit ve h\u0131zl\u0131 bir so\u011futma sa\u011flar.<\/p>\n<h2>\u015eampanya saklarken hatalardan ka\u00e7\u0131n\u0131n<\/h2>\n<h3>Is\u0131 kaynaklar\u0131n\u0131n yak\u0131n\u0131nda depolama<\/h3>\n<p>\u015eampanyay\u0131 radyat\u00f6r veya g\u00fcne\u015f gibi \u0131s\u0131 kaynaklar\u0131n\u0131n yak\u0131n\u0131nda saklamaktan ka\u00e7\u0131n\u0131n. Is\u0131, \u015fampanyan\u0131n kalitesini h\u0131zla bozabilir.<\/p>\n<h3>\u015ei\u015fe pozisyonunun ihmal edilmesi<\/h3>\n<p>Mantar\u0131 nemli tutmak i\u00e7in \u015fampanya \u015fi\u015felerinin yatay olarak sakland\u0131\u011f\u0131ndan emin olun. Titre\u015fim ve \u015foklardan ka\u00e7\u0131nmak da \u015fampanyan\u0131n kalitesi i\u00e7in \u00f6nemlidir.<\/p>\n<h3>Nem eksikli\u011fi<\/h3>\n<p>\u00c7ok d\u00fc\u015f\u00fck nem, mantar\u0131 kurutabilir ve \u015fi\u015feye hava girmesine izin verebilir. Depolama alan\u0131n\u0131zdaki nemin sabit kald\u0131\u011f\u0131ndan emin olun.<\/p>\n<h2>\u00d6zel depolama se\u00e7enekleri<\/h2>\n<h3>\u015eampanya Dolaplar\u0131<\/h3>\n<p>\u015eampanya i\u00e7in ideal saklama ko\u015fullar\u0131 sunan \u00f6zel buzdolaplar\u0131 vard\u0131r. Bu buzdolaplar\u0131 \u015fampanyan\u0131n ihtiya\u00e7lar\u0131n\u0131 kar\u015f\u0131layacak \u015fekilde tasarlanm\u0131\u015ft\u0131r ve do\u011fru s\u0131cakl\u0131\u011f\u0131, nemi ve \u0131\u015f\u0131ktan korumay\u0131 sa\u011flar.<\/p>\n<h3>\u015earap mahzeni ve depo odalar\u0131<\/h3>\n<p>\u0130yi planlanm\u0131\u015f bir \u015farap mahzeni de m\u00fckemmel bir saklama ortam\u0131 sa\u011flayabilir. \u015eampanya saklamak i\u00e7in en iyi ko\u015fullar\u0131 sa\u011flamak \u00fczere serin, karanl\u0131k ve sessiz olmal\u0131d\u0131r.<\/p>\n<h2>\u015eampanya saklama hakk\u0131nda s\u0131k\u00e7a sorulan sorular<\/h2>\n<h3>\u015eampanya ne kadar s\u00fcre saklanabilir?<\/h3>\n<p>\u015eampanyan\u0131n saklama s\u00fcresi \u015fampanyan\u0131n t\u00fcr\u00fcne ba\u011fl\u0131d\u0131r. Vintage \u015fampanyalar genellikle uzun y\u0131llar saklanabilirken, vintage olmayan \u015fampanyalar sat\u0131n al\u0131nd\u0131ktan sonraki bir ila iki y\u0131l i\u00e7inde en iyi \u015fekilde t\u00fcketilir.<\/p>\n<h3>\u015eampanyay\u0131 \u015fi\u015fede y\u0131lland\u0131rabilir misiniz?<\/h3>\n<p>Evet, \u015fampanya \u015fi\u015fede olgunla\u015fabilir, \u00f6zellikle de y\u00fcksek kaliteli vintage \u015fampanyalar s\u00f6z konusu oldu\u011funda. Y\u0131lland\u0131rma, daha karma\u015f\u0131k ve dengeli bir aroma yap\u0131s\u0131na yol a\u00e7abilir.<\/p>\n<h3>\u015eampanyan\u0131n bozuldu\u011funu nas\u0131l anlayabilirim?<\/h3>\n<p>Bozulan \u015fampanya ho\u015f olmayan bir kokuya sahip olabilir ve kabarc\u0131klar\u0131n\u0131 kaybedebilir. \u015eampanya d\u00fcz veya oksitlenmi\u015f kokuyorsa, muhtemelen art\u0131k i\u00e7ilebilir de\u011fildir.<\/p>\n<h3><strong>Ba\u011fbozumunun ve \u015fampanya evinin \u00f6nemi<\/strong><\/h3>\n<p>Vintage bir \u015fampanyan\u0131n de\u011feri sadece ya\u015f\u0131yla de\u011fil, ayn\u0131 zamanda \u015fampanya evinin ad\u0131 ve vintage'in kendisiyle de ilgilidir. Baz\u0131lar\u0131 <a href=\"https:\/\/champagner.com\/tr\/yillar\/\">Vintages<\/a> ola\u011fan\u00fcst\u00fc kaliteleri ve nadir bulunmalar\u0131 nedeniyle \u00f6zellikle ra\u011fbet g\u00f6rmektedir. Veuve Clicquot, Dom P\u00e9rignon ve Krug gibi \u015fampanya evleri kalite ve nadirlikleriyle kendilerini kan\u0131tlam\u0131\u015flard\u0131r. <a href=\"https:\/\/champagner.com\/tr\/soezluek-2\/sampanya-koekenli%cc%87\/\">Tarih<\/a> kendine bir isim yapt\u0131. Tan\u0131nm\u0131\u015f bir evin \u015fampanyas\u0131, \u00f6zellikle de iyi bir ba\u011fbozumundan geliyorsa, piyasada hat\u0131r\u0131 say\u0131l\u0131r mebla\u011flara al\u0131c\u0131 bulabilir.<\/p>\n<p>\u00d6rne\u011fin, baz\u0131 istisnai \u015fampanyalar \u00fcnl\u00fc Christie's m\u00fczayede evinde y\u00fcksek fiyatlarla a\u00e7\u0131k artt\u0131rmaya \u00e7\u0131kar\u0131lm\u0131\u015ft\u0131r. Veuve Clicquot Brut 1949'un alt\u0131 magnum \u015fi\u015fesinin her biri 2000 y\u0131l\u0131ndan hemen \u00f6nce $9,200 ABD dolar\u0131na sat\u0131lm\u0131\u015ft\u0131r. \u00dc\u00e7 \u015fi\u015fe Dom P\u00e9rignon 1964, \u015fi\u015fe ba\u015f\u0131na $1,139 ABD Dolar\u0131'na al\u0131c\u0131 bulurken, bir \u0130sve\u00e7 gemisinin enkaz\u0131ndan kurtar\u0131lan bir \u015fi\u015fe Heidsieck Monopole Go\u00fbt Am\u00e9ricain 1907, $4,068 ABD Dolar\u0131'na al\u0131c\u0131 bulmu\u015ftur. Bu \u00f6rnekler, bir \u015fampanyan\u0131n de\u011feri i\u00e7in vintage, ev ve uygun \u015fampanya saklama kombinasyonunun \u00e7ok \u00f6nemli oldu\u011funu g\u00f6stermektedir.<\/p>\n<p><strong>De\u011fer art\u0131rmada depolaman\u0131n rol\u00fc<\/strong><\/p>\n<p>\u015eampanyan\u0131n saklanmas\u0131, lezzetini, kalitesini ve nihayetinde de\u011ferini etkileyen kritik bir fakt\u00f6rd\u00fcr. En uygun ko\u015fullarda saklanan \u015fampanya, uzun y\u0131llar boyunca \u00f6zelliklerini koruyabilir ve hatta geli\u015ftirebilir. Do\u011fru depolama, ortalama bir \u015fampanya ile istisnai bir vintage \u015fampanya aras\u0131ndaki fark\u0131 yaratabilir.<\/p>\n<p><strong>Depolaman\u0131n aroma \u00fczerindeki etkisi<\/strong><\/p>\n<p>\u015eampanyan\u0131n saklanmas\u0131, \u015fampanyan\u0131n tatlar\u0131n\u0131 ve geli\u015fimini etkiler. \u015ei\u015felendikten sonraki ilk birka\u00e7 y\u0131l i\u00e7inde \u015fampanya, tipik meyvemsi ve tazelik aromalar\u0131n\u0131 geli\u015ftirir. Zamanla bu tatlar de\u011fi\u015fir ve f\u0131nd\u0131k, bal ve hamur i\u015flerinin karma\u015f\u0131k notalar\u0131n\u0131 geli\u015ftirir. Bu, \u015fampanyan\u0131n bo\u015falt\u0131lmadan \u00f6nce lees \u00fczerinde ne kadar s\u00fcre olgunla\u015ft\u0131\u011f\u0131na ba\u011fl\u0131d\u0131r.<\/p>\n<p>\u0130yi ya\u015fland\u0131r\u0131lm\u0131\u015f bir vintage \u015fampanya, aromalar\u0131n\u0131 ve lezzetini \u00f6nemli \u00f6l\u00e7\u00fcde geli\u015ftirebilir. Do\u011fru ko\u015fullarda olgunla\u015fan bir \u015fampanya, uzmanlar ve koleksiyoncular taraf\u0131ndan \u00e7ok de\u011fer verilen ola\u011fan\u00fcst\u00fc bir lezzet profili geli\u015ftirebilir.<\/p>\n<p><strong>Eski klasik \u015fampanyalar\u0131n de\u011feri<\/strong><\/p>\n<p>Eski vintage \u015fampanyalar\u0131n de\u011feri, \u00f6zellikle de en uygun ko\u015fullarda saklanm\u0131\u015flarsa, \u00f6nemli \u00f6l\u00e7\u00fcde artabilir. Bu t\u00fcr \u015fampanyalar\u0131n fiyat\u0131 ya\u015f, \u015fi\u015fenin durumu ve saklama ge\u00e7mi\u015fi gibi \u00e7e\u015fitli fakt\u00f6rlere ba\u011fl\u0131 olabilir. Ola\u011fan\u00fcst\u00fc ko\u015fullarda saklanm\u0131\u015f baz\u0131 \u015fampanyalar m\u00fczayedelerde etkileyici fiyatlara ula\u015f\u0131r. \u015eampanyan\u0131n do\u011fru \u015fekilde saklanmas\u0131 \u00f6nemlidir!<\/p>\n<p><strong>Tarihsel a\u00e7\u0131k art\u0131rma fiyatlar\u0131<\/strong><\/p>\n<p>Yukar\u0131da belirtilen m\u00fczayede fiyatlar\u0131, nadir bulunan ve iyi saklanm\u0131\u015f \u015fampanyalar\u0131n piyasa de\u011ferinin ne kadar y\u00fcksek olabilece\u011fi konusunda bir fikir vermektedir. Heidsieck Monopole Go\u00fbt Am\u00e9ricain 1907 \u015fi\u015fesi, saklama ko\u015fullar\u0131 ve tarihi de\u011feri nedeniyle y\u00fcksek fiyata sat\u0131lan bir \u015fampanya \u00f6rne\u011fidir. Bu \u015fi\u015fe bir gemi enkaz\u0131ndan kurtar\u0131lm\u0131\u015f ve 80 y\u0131l\u0131 a\u015fk\u0131n bir s\u00fcre boyunca sabit ko\u015fullar alt\u0131nda saklanm\u0131\u015ft\u0131r. US $4.068 fiyat\u0131, depolaman\u0131n bir \u015fampanyan\u0131n de\u011feri i\u00e7in ne kadar \u00f6nemli olabilece\u011fini g\u00f6stermektedir.<\/p>\n<p><strong>Mevcut piyasa ko\u015fullar\u0131<\/strong><\/p>\n<p>Son y\u0131llarda \u015fampanya fiyatlar\u0131 daha ger\u00e7ek\u00e7i bir seviyede sabitlenmi\u015ftir. Bununla birlikte, \u00f6zellikle nadir bulunan veya y\u00fcksek kaliteli \u015fampanyalar i\u00e7in \u00fc\u00e7 haneli mebla\u011flar hala norm olabilir. \u015eampanya piyasas\u0131 dinamiktir ve de\u011fer, belirli y\u0131llara olan talep ve \u015fi\u015felerin durumu gibi fakt\u00f6rlerden etkilenebilir.<\/p>\n<h3><strong>Mahzen defteri: \u015fampanya koleksiyoncular\u0131 i\u00e7in vazge\u00e7ilmez bir ara\u00e7<\/strong><\/h3>\n<p>Bir kiler defteri, \u015fampanya koleksiyonu olan herkes i\u00e7in vazge\u00e7ilmez bir ara\u00e7t\u0131r. \u00c7e\u015fitli \u015fi\u015felerin kayd\u0131n\u0131n tutulmas\u0131na ve \u00f6nemli bilgilerin belgelenmesine yard\u0131mc\u0131 olur. \u0130yi muhafaza edilmi\u015f bir kiler defteri, \u015fi\u015felerin ve \u015fampanya deposunun durumunu izlemeyi, saklama ko\u015fullar\u0131n\u0131 kontrol etmeyi ve koleksiyonun de\u011ferini takip etmeyi m\u00fcmk\u00fcn k\u0131lar.<\/p>\n<p><strong>Kiler defterindeki \u00f6nemli bilgiler<\/strong><\/p>\n<p>Kapsaml\u0131 bir kiler defteri a\u015fa\u011f\u0131daki verileri i\u00e7ermelidir:<\/p>\n<ul>\n<li><strong>Toplam \u015fi\u015fe say\u0131s\u0131:<\/strong> Koleksiyondaki \u015fi\u015fe say\u0131s\u0131, \u015fampanya koleksiyonunun b\u00fcy\u00fckl\u00fc\u011f\u00fc hakk\u0131nda genel bir fikir verir.<\/li>\n<li><strong>\u00c7e\u015fit ba\u015f\u0131na \u015fi\u015fe say\u0131s\u0131:<\/strong> Her bir \u00e7e\u015fidin bulunabilirli\u011fini ve de\u011ferini izlemek i\u00e7in her bir \u00e7e\u015fidin \u015fi\u015fe say\u0131s\u0131n\u0131 belgelemek \u00f6nemlidir.<\/li>\n<li><strong>Sat\u0131n alma tarihi ve yeri:<\/strong> Sat\u0131n alma tarihi ve yeri, \u015fi\u015felerin k\u00f6kenini izlemeye ve koleksiyonun tarihini belgelemeye yard\u0131mc\u0131 olur.<\/li>\n<li><strong>Al\u0131\u015f fiyat\u0131 ve olas\u0131 sat\u0131\u015f fiyat\u0131:<\/strong> Bu bilgi, koleksiyonun de\u011ferlemesi ve gelecekteki sat\u0131\u015f kararlar\u0131 i\u00e7in \u00f6nemlidir.<\/li>\n<li><strong>T\u00fcm \u015fi\u015felerin toplam fiyat\u0131:<\/strong> Koleksiyonun toplam de\u011feri, \u015fampanyalar\u0131n mali de\u011ferine ili\u015fkin genel bir bak\u0131\u015f sa\u011flar.<\/li>\n<li><strong>Tad\u0131m verileri ve izlenimler:<\/strong> \u015eampanyalar\u0131n tad\u0131m\u0131 ve her bir \u015fampanya hakk\u0131ndaki izlenimlerle ilgili notlar, gelecekteki kararlar i\u00e7in de\u011ferli bilgilerdir.<\/li>\n<li><strong>Arkada\u015flar ve etkinlikler:<\/strong> Birlikte \u015fampanya i\u00e7ilen arkada\u015flar\u0131n ve \u015fampanyalar\u0131n hangi vesilelerle i\u00e7ildi\u011finin kay\u0131tlar\u0131 ki\u015fisel an\u0131lar\u0131 muhafaza edebilir.<\/li>\n<li><strong>Raf \u00f6mr\u00fc:<\/strong> Her \u00e7e\u015fidin tahmini raf \u00f6mr\u00fc, optimum depolama s\u00fcresi ve t\u00fcketim i\u00e7in en uygun zaman hakk\u0131nda bilgi sa\u011flar.<\/li>\n<li><strong>Raf veya raf:<\/strong> Her bir \u015fi\u015fenin kilerdeki tam konumu, \u015fi\u015felerin kolayca bulunmas\u0131na ve d\u00fczenlenmesine yard\u0131mc\u0131 olur.<\/li>\n<\/ul>\n<p><strong>Gizlili\u011fin \u00f6nemi<\/strong><\/p>\n<p>Kiler defteri, gizlili\u011fi sa\u011flamak i\u00e7in her zaman g\u00fcvenli bir \u015fekilde saklanmal\u0131d\u0131r. Girilen verilerin \u00e7o\u011fu \u00f6zeldir ve \u015fampanyalar\u0131n de\u011feri ve men\u015fei hakk\u0131nda gizli bilgiler i\u00e7erebilir. Bilgilerin g\u00fcvenli\u011fini sa\u011flamak i\u00e7in bu deftere eri\u015fimin g\u00fcvenilir ki\u015filerle s\u0131n\u0131rland\u0131r\u0131lmas\u0131 tavsiye edilir.<\/p>\n<h2>Sonu\u00e7<\/h2>\n<p>\u015eampanyan\u0131n do\u011fru \u015fekilde saklanmas\u0131, kalitesini ve lezzetini korumak i\u00e7in \u00e7ok \u00f6nemlidir. Yukar\u0131daki ipu\u00e7lar\u0131n\u0131 takip ederek ve en iyi saklama ko\u015fullar\u0131n\u0131 yaratarak, \u015eampanyan\u0131z\u0131n her zaman en iyi \u015fekilde olmas\u0131n\u0131 sa\u011flayabilirsiniz. Unutmay\u0131n ki \u015fampanya saklama sadece \u015fampanyan\u0131n korunmas\u0131na yard\u0131mc\u0131 olmakla kalmaz, ayn\u0131 zamanda geli\u015fimini ve olgunla\u015fmas\u0131n\u0131 da destekler. En iyi ko\u015fullarda sakland\u0131\u011f\u0131n\u0131n bilinciyle k\u00f6p\u00fckl\u00fc i\u00e7ece\u011finizin tad\u0131n\u0131 \u00e7\u0131kar\u0131n.<\/p>\n<\/div><\/section><\/p><\/div>\n<style type=\"text\/css\" data-created_by=\"avia_inline_auto\" id=\"style-css-av-7vz4-e2ecb25e9168201a3fd1fa7a9982a872\">\n.flex_column.av-7vz4-e2ecb25e9168201a3fd1fa7a9982a872{\nborder-radius:0px 0px 0px 0px;\npadding:0px 0px 0px 0px;\n}\n<\/style>\n<div  class='flex_column av-7vz4-e2ecb25e9168201a3fd1fa7a9982a872 av_one_fifth  avia-builder-el-6  el_after_av_three_fifth  avia-builder-el-last  flex_column_div av-zero-column-padding'     ><\/div>","protected":false},"excerpt":{"rendered":"","protected":false},"author":1,"featured_media":4837,"parent":0,"menu_order":0,"comment_status":"closed","ping_status":"closed","template":"","meta":{"footnotes":""},"class_list":["post-6531","page","type-page","status-publish","has-post-thumbnail","hentry"],"_links":{"self":[{"href":"https:\/\/champagner.com\/tr\/wp-json\/wp\/v2\/pages\/6531","targetHints":{"allow":["GET"]}}],"collection":[{"href":"https:\/\/champagner.com\/tr\/wp-json\/wp\/v2\/pages"}],"about":[{"href":"https:\/\/champagner.com\/tr\/wp-json\/wp\/v2\/types\/page"}],"author":[{"embeddable":true,"href":"https:\/\/champagner.com\/tr\/wp-json\/wp\/v2\/users\/1"}],"replies":[{"embeddable":true,"href":"https:\/\/champagner.com\/tr\/wp-json\/wp\/v2\/comments?post=6531"}],"version-history":[{"count":0,"href":"https:\/\/champagner.com\/tr\/wp-json\/wp\/v2\/pages\/6531\/revisions"}],"wp:featuredmedia":[{"embeddable":true,"href":"https:\/\/champagner.com\/tr\/wp-json\/wp\/v2\/media\/4837"}],"wp:attachment":[{"href":"https:\/\/champagner.com\/tr\/wp-json\/wp\/v2\/media?parent=6531"}],"curies":[{"name":"wp","href":"https:\/\/api.w.org\/{rel}","templated":true}]}}